{"id":55640,"date":"2024-05-17T10:36:57","date_gmt":"2024-05-17T08:36:57","guid":{"rendered":"https:\/\/newgarden.es\/lesprit-de-bonheur-comme-philosophie-de-vie\/"},"modified":"2024-06-21T13:21:20","modified_gmt":"2024-06-21T11:21:20","slug":"lesprit-de-bonheur-comme-philosophie-de-vie","status":"publish","type":"page","link":"https:\/\/newgarden.es\/fr\/lesprit-de-bonheur-comme-philosophie-de-vie\/","title":{"rendered":"L&rsquo;esprit de bonheur comme philosophie de vie"},"content":{"rendered":"<section class=\"wpb-content-wrapper\"><p>[vc_row][vc_column][vc_empty_space height=\u00a0\u00bb100px\u00a0\u00bb][vc_column_text]<\/p>\n<p style=\"text-align: center; font-size: 30px;\"><span style=\"color: #ada699;\">Notre objectif : inspirer le monde en partageant notre passion pour l&rsquo;\u00e9clairage, le style et la culture m\u00e9diterran\u00e9enne.<\/span><\/p>\n<p>[\/vc_column_text][vc_empty_space height=\u00a0\u00bb100px\u00a0\u00bb][\/vc_column][\/vc_row][vc_row full_width=\u00a0\u00bbstretch_row\u00a0\u00bb css=\u00a0\u00bb.vc_custom_1701074270861{background-image: url(https:\/\/newgarden.es\/wp-content\/uploads\/2023\/11\/Sin-titulo-3-2.jpg?id=52824) !important;background-position: center !important;background-repeat: no-repeat !important;background-size: cover !important;}\u00a0\u00bb][vc_column][vc_empty_space height=\u00a0\u00bb600px\u00a0\u00bb][\/vc_column][\/vc_row][vc_row][vc_column][vc_empty_space height=\u00a0\u00bb100px\u00a0\u00bb][vc_column_text]<\/p>\n<p style=\"text-align: center;\">Les membres de notre \u00e9quipe sont essentiels \u00e0 notre croissance continue. Pour nous, chaque personne est un talent avec un grand potentiel de d\u00e9veloppement. Chez Newgarden, nous visons \u00e0 cr\u00e9er un lieu de travail inspirant, avec un environnement cr\u00e9atif, amusant et dynamique.<\/p>\n<p style=\"text-align: center;\">Nous avons un plan de d\u00e9veloppement tr\u00e8s ambitieux. Nous sommes la premi\u00e8re entreprise de notre secteur en Espagne et nous exportons dans toute l&rsquo;Europe, avec une forte pr\u00e9sence dans des pays comme la France, l&rsquo;Allemagne et l&rsquo;Italie.<\/p>\n<p style=\"text-align: center;\">Ici, vous pouvez \u00eatre vous-m\u00eame&#8230; en fait, nous l&rsquo;exigeons !<\/p>\n<p>[\/vc_column_text][vc_empty_space height=\u00a0\u00bb100px\u00a0\u00bb][\/vc_column][\/vc_row][vc_row full_width=\u00a0\u00bbstretch_row\u00a0\u00bb css=\u00a0\u00bb.vc_custom_1701077614074{background-image: url(https:\/\/newgarden.es\/wp-content\/uploads\/2023\/11\/NEWGARDEN-RECURSOS-VIDEO-255.jpg?id=52858) !important;background-position: center !important;background-repeat: no-repeat !important;background-size: cover !important;}\u00a0\u00bb][vc_column][vc_empty_space height=\u00a0\u00bb600px\u00a0\u00bb][\/vc_column][\/vc_row][vc_row full_width=\u00a0\u00bbstretch_row\u00a0\u00bb gap=\u00a0\u00bb10&Prime; css=\u00a0\u00bb.vc_custom_1701078512010{padding-top: 40px !important;padding-bottom: 40px !important;background-color: #e9e7da !important;}\u00a0\u00bb][vc_column width=\u00a0\u00bb1\/2&Prime;][vc_single_image image=\u00a0\u00bb52865&Prime; img_size=\u00a0\u00bblarge\u00a0\u00bb][vc_single_image image=\u00a0\u00bb52870&Prime; img_size=\u00a0\u00bblarge\u00a0\u00bb][vc_single_image image=\u00a0\u00bb52875&Prime; img_size=\u00a0\u00bblarge\u00a0\u00bb][vc_single_image image=\u00a0\u00bb52880&Prime; img_size=\u00a0\u00bblarge\u00a0\u00bb][\/vc_column][vc_column width=\u00a0\u00bb1\/2&Prime;][vc_custom_heading text=\u00a0\u00bbCe que nous proposons\u00a0\u00bb font_container=\u00a0\u00bbtag:h2|text_align:left|color:%238f8b85&Prime; use_theme_fonts=\u00a0\u00bbyes\u00a0\u00bb css=\u00a0\u00bb.vc_custom_1701078577803{margin-bottom: 30px !important;}\u00a0\u00bb][vc_column_text]<strong>Les gens au centre<\/strong><br \/>\nNous formons et guidons les gens pour qu&rsquo;ils r\u00e9alisent leurs r\u00eaves. Nous travaillons en \u00e9quipe, avec un esprit ouvert et un c\u0153ur g\u00e9n\u00e9reux, \u00ab\u00a0obtenant pour vous ce que je veux pour moi\u00a0\u00bb.<\/p>\n<p>&nbsp;<\/p>\n<p><strong>Croissance et d\u00e9veloppement<\/strong><br \/>\nNous savons que les meilleurs emplois sont ceux qui sont li\u00e9s \u00e0 l&rsquo;authenticit\u00e9, \u00e0 la croissance et au travail d&rsquo;\u00e9quipe. Lorsque nos employ\u00e9s grandissent, nous grandissons avec eux.<\/p>\n<p>&nbsp;<\/p>\n<p><strong>Apprentissage<\/strong><br \/>\nNous investissons dans le d\u00e9veloppement de notre \u00e9quipe en offrant une vari\u00e9t\u00e9 de programmes de formation pour ceux qui veulent apprendre de nouvelles choses et se d\u00e9velopper.<\/p>\n<p>&nbsp;<\/p>\n<p><strong>Communication, humilit\u00e9 et transparence<\/strong><br \/>\nNous sommes ce que vous voyez, nous vous traiterons comme nous aimons \u00eatre trait\u00e9s, en restant coh\u00e9rents avec nous-m\u00eames et nos valeurs.<\/p>\n<p>&nbsp;<\/p>\n<p><strong>Passion<\/strong><br \/>\nNous sommes passionn\u00e9s par les d\u00e9fis, nous rendons les choses difficiles faciles. Nous avons le d\u00e9sir d&rsquo;exceller, l&rsquo;esprit d&rsquo;initiative et l&rsquo;esprit critique.<\/p>\n<p>&nbsp;<\/p>\n<p><strong>\u00c9thique<\/strong><br \/>\nChez Newgarden, le respect mutuel entre tous les membres de l&rsquo;\u00e9quipe est primordial, nous acceptons nos diff\u00e9rences et accueillons toute forme de contribution. Ainsi, quel que soit le d\u00e9partement dans lequel vous travaillez, vous serez entour\u00e9 d&rsquo;un groupe diversifi\u00e9 de personnes aux comp\u00e9tences diff\u00e9rentes, mais partageant un ensemble de valeurs communes.[\/vc_column_text][\/vc_column][\/vc_row][vc_row full_width=\u00a0\u00bbstretch_row\u00a0\u00bb css=\u00a0\u00bb.vc_custom_1701078679655{background-image: url(https:\/\/newgarden.es\/wp-content\/uploads\/2023\/11\/Sin-titulo-4-1.jpg?id=52835) !important;background-position: center !important;background-repeat: no-repeat !important;background-size: cover !important;}\u00a0\u00bb][vc_column][vc_empty_space height=\u00a0\u00bb600px\u00a0\u00bb][\/vc_column][\/vc_row][vc_row][vc_column][vc_empty_space height=\u00a0\u00bb100px\u00a0\u00bb][vc_custom_heading text=\u00a0\u00bbComment sommes-nous \u00a0\u00bb font_container=\u00a0\u00bbtag:h2|text_align:left|color:%238f8b85&Prime; use_theme_fonts=\u00a0\u00bbyes\u00a0\u00bb css=\u00a0\u00bb.vc_custom_1705310561696{margin-bottom: 30px !important;}\u00a0\u00bb][vc_column_text]Depuis nos d\u00e9buts jusqu&rsquo;\u00e0 aujourd&rsquo;hui, les march\u00e9s et nos produits n&rsquo;ont cess\u00e9 d&rsquo;\u00e9voluer, mais s&rsquo;il est une chose qui a caract\u00e9ris\u00e9 notre \u00e9quipe tout au long de cette p\u00e9riode et qui a toujours \u00e9t\u00e9 pr\u00e9sente, c&rsquo;est bien notre esprit Be Happy. .<\/p>\n<p>Nous avons tous en commun la raison pour laquelle nous sommes ici : vivre et partager notre vie avec intensit\u00e9, grandir et g\u00e9n\u00e9rer des \u00e9motions, et \u00eatre en contact permanent avec les derni\u00e8res tendances, le design et la technologie.<\/p>\n<p>Notre \u00e9quipe, compos\u00e9e de 80 personnes, a fait de Newgarden une entreprise transparente et accessible, dont la vocation est de servir les gens.[\/vc_column_text][\/vc_column][\/vc_row][vc_row css=\u00a0\u00bb.vc_custom_1706629836501{margin-bottom: 50px !important;padding-top: 30px !important;padding-right: 30px !important;padding-bottom: 30px !important;padding-left: 30px !important;background-color: #e8e8e8 !important;}\u00a0\u00bb][vc_column][vc_custom_heading text=\u00a0\u00bbNotre mission\u00a0\u00bb font_container=\u00a0\u00bbtag:h2|text_align:left|color:%238f8b85&Prime; use_theme_fonts=\u00a0\u00bbyes\u00a0\u00bb css=\u00a0\u00bb.vc_custom_1705311049589{margin-bottom: 30px !important;}\u00a0\u00bb][vc_column_text]Notre mission est de fournir \u00e0 la soci\u00e9t\u00e9 des solutions d&rsquo;\u00e9clairage d\u00e9coratif et des accessoires d&rsquo;ext\u00e9rieur, avec un design tendance et fonctionnel dans tous les canaux domestiques.[\/vc_column_text][vc_custom_heading text=\u00a0\u00bbVision\u00a0\u00bb font_container=\u00a0\u00bbtag:h2|text_align:left|color:%238f8b85&Prime; use_theme_fonts=\u00a0\u00bbyes\u00a0\u00bb css=\u00a0\u00bb.vc_custom_1705311251323{margin-bottom: 30px !important;}\u00a0\u00bb][vc_column_text]Notre vision est d&rsquo;\u00eatre leader en Europe, en Am\u00e9rique et au Moyen-Orient en mati\u00e8re d&rsquo;\u00e9clairage d\u00e9coratif et d&rsquo;accessoires d&rsquo;ext\u00e9rieur, avec un design tendance et fonctionnel, en int\u00e9grant la durabilit\u00e9 et l&rsquo;innovation comme axes fondamentaux de d\u00e9veloppement ; inspirer les gens \u00e0 profiter de la vie gr\u00e2ce \u00e0 un mod\u00e8le de croissance durable qui permet le d\u00e9veloppement constant de notre \u00e9quipe.[\/vc_column_text][vc_custom_heading text=\u00a0\u00bbNos valeurs\u00a0\u00bb font_container=\u00a0\u00bbtag:h2|text_align:left|color:%238f8b85&Prime; use_theme_fonts=\u00a0\u00bbyes\u00a0\u00bb css=\u00a0\u00bb.vc_custom_1705311407373{margin-bottom: 30px !important;}\u00a0\u00bb][vc_column_text]<\/p>\n<ul>\n<li>Les personnes au centre de tout. Nous formons et guidons les personnes pour qu&rsquo;elles r\u00e9alisent leurs r\u00eaves.<\/li>\n<li>Humilit\u00e9\/transparence. Nous sommes ce que vous voyez. Nous sommes coh\u00e9rents avec nous-m\u00eames et nos valeurs.<\/li>\n<li>Passion. Nous sommes passionn\u00e9s par les d\u00e9fis, nous rendons le difficile facile.<\/li>\n<li>Conception\/qualit\u00e9 et innovation. Nous fournissons des solutions qui r\u00e9pondent aux besoins de la soci\u00e9t\u00e9.<\/li>\n<li>Croissance et leadership. Lorsque nos partenaires se d\u00e9veloppent, nous nous d\u00e9veloppons avec eux.<\/li>\n<li>Durabilit\u00e9\/RSE. Agir dans le pr\u00e9sent, penser \u00e0 l&rsquo;avenir.<\/li>\n<\/ul>\n<p>[\/vc_column_text][\/vc_column][\/vc_row][vc_row full_width=\u00a0\u00bbstretch_row\u00a0\u00bb css=\u00a0\u00bb.vc_custom_1705311813061{background-image: url(https:\/\/newgarden.es\/wp-content\/uploads\/2024\/01\/NG_Grupal_2022.jpg?id=52932) !important;background-position: center !important;background-repeat: no-repeat !important;background-size: cover !important;}\u00a0\u00bb][vc_column][vc_empty_space height=\u00a0\u00bb600px\u00a0\u00bb][\/vc_column][\/vc_row][vc_row full_width=\u00a0\u00bbstretch_row\u00a0\u00bb css=\u00a0\u00bb.vc_custom_1705312102706{padding-top: 30px !important;padding-bottom: 30px !important;background-color: #e9e7da !important;}\u00a0\u00bb][vc_column][vc_custom_heading text=\u00a0\u00bbSe joindre\u00a0\u00bb font_container=\u00a0\u00bbtag:h2|font_size:40px|text_align:center|color:%238f8b85&Prime; use_theme_fonts=\u00a0\u00bbyes\u00a0\u00bb css=\u00a0\u00bb.vc_custom_1705312074455{margin-bottom: 30px !important;}\u00a0\u00bb][vc_column_text]<br \/>\n&nbsp;<br \/>\n[\/vc_column_text]\n<div class=\"wpcf7 no-js\" id=\"wpcf7-f56113-o1\" lang=\"fr-FR\" dir=\"ltr\" data-wpcf7-id=\"56113\">\n<div class=\"screen-reader-response\"><p role=\"status\" aria-live=\"polite\" aria-atomic=\"true\"><\/p> <ul><\/ul><\/div>\n<form action=\"\/fr\/wp-json\/wp\/v2\/pages\/55640#wpcf7-f56113-o1\" method=\"post\" class=\"wpcf7-form init\" aria-label=\"Formulaire de contact\" enctype=\"multipart\/form-data\" novalidate=\"novalidate\" data-status=\"init\">\n<div style=\"display: none;\">\n<input type=\"hidden\" name=\"_wpcf7\" value=\"56113\" \/>\n<input type=\"hidden\" name=\"_wpcf7_version\" value=\"6.0.6\" \/>\n<input type=\"hidden\" name=\"_wpcf7_locale\" value=\"fr_FR\" \/>\n<input type=\"hidden\" name=\"_wpcf7_unit_tag\" value=\"wpcf7-f56113-o1\" \/>\n<input type=\"hidden\" name=\"_wpcf7_container_post\" value=\"0\" \/>\n<input type=\"hidden\" name=\"_wpcf7_posted_data_hash\" value=\"\" \/>\n<input type=\"hidden\" name=\"_wpcf7_recaptcha_response\" value=\"\" \/>\n<\/div>\n<p><label> Votre nom*<br \/>\n<span class=\"wpcf7-form-control-wrap\" data-name=\"your-name\"><input size=\"40\" maxlength=\"400\" class=\"wpcf7-form-control wpcf7-text wpcf7-validates-as-required\" aria-required=\"true\" aria-invalid=\"false\" value=\"\" type=\"text\" name=\"your-name\" \/><\/span> <\/label>\n<\/p>\n<p><label> Votre Email *<br \/>\n<span class=\"wpcf7-form-control-wrap\" data-name=\"your-email\"><input size=\"40\" maxlength=\"400\" class=\"wpcf7-form-control wpcf7-email wpcf7-validates-as-required wpcf7-text wpcf7-validates-as-email\" aria-required=\"true\" aria-invalid=\"false\" value=\"\" type=\"email\" name=\"your-email\" \/><\/span> <\/label>\n<\/p>\n<p><label> Message<br \/>\n<span class=\"wpcf7-form-control-wrap\" data-name=\"your-message\"><textarea cols=\"40\" rows=\"10\" maxlength=\"2000\" class=\"wpcf7-form-control wpcf7-textarea\" aria-invalid=\"false\" name=\"your-message\"><\/textarea><\/span> <\/label>\n<\/p>\n<p><label> Joignez votre CV (.pdf .doc .docx) *<br \/>\n<span class=\"wpcf7-form-control-wrap\" data-name=\"Curriculum\"><input size=\"40\" class=\"wpcf7-form-control wpcf7-file wpcf7-validates-as-required\" accept=\".pdf,.doc,.docx\" aria-required=\"true\" aria-invalid=\"false\" type=\"file\" name=\"Curriculum\" \/><\/span> <\/label>\n<\/p>\n<p><label>NEWGARDEN SPAIN, S.L. traitera vos donn\u00e9es personnelles afin de vous permettre de participer aux processus de s\u00e9lection de l'organisation. Vous pouvez exercer vos droits d'acc\u00e8s, de rectification, de suppression et de portabilit\u00e9 de vos donn\u00e9es, de limitation et d'opposition \u00e0 leur traitement, ainsi que de ne pas faire l'objet de d\u00e9cisions fond\u00e9es uniquement sur le traitement automatis\u00e9 de vos donn\u00e9es, le cas \u00e9ch\u00e9ant, \u00e0 l'adresse \u00e9lectronique info@newgarden.es.<br \/>\nNous vous recommandons de lire la politique de confidentialit\u00e9 avant de nous fournir vos donn\u00e9es personnelles.<br \/>\n<\/label>\n<\/p>\n<p><span class=\"wpcf7-form-control-wrap\" data-name=\"Politicaprivacidad\"><span class=\"wpcf7-form-control wpcf7-checkbox wpcf7-validates-as-required\"><span class=\"wpcf7-list-item first last\"><input type=\"checkbox\" name=\"Politicaprivacidad[]\" value=\"J&#039;ai lu et j&#039;accepte les conditions de la politique de protection des donn\u00e9es et de la vie priv\u00e9e\" \/><span class=\"wpcf7-list-item-label\">J&#039;ai lu et j&#039;accepte les conditions de la politique de protection des donn\u00e9es et de la vie priv\u00e9e<\/span><\/span><\/span><\/span>\n<\/p>\n<p><a href=\"https:\/\/newgarden.es\/politica-de-privacidad\/\"> Voir notre politique de protection des donn\u00e9es et de la vie priv\u00e9e<\/a>\n<\/p>\n<p><input class=\"wpcf7-form-control wpcf7-submit has-spinner\" type=\"submit\" value=\"Envoyer\" \/>\n<\/p><div class=\"wpcf7-response-output\" aria-hidden=\"true\"><\/div>\n<\/form>\n<\/div>\n[\/vc_column][\/vc_row][vc_row full_width=\u00a0\u00bbstretch_row\u00a0\u00bb css=\u00a0\u00bb.vc_custom_1705312687279{padding-top: 30px !important;padding-bottom: 30px !important;background-color: #ffffff !important;}\u00a0\u00bb][vc_column][vc_custom_heading text=\u00a0\u00bb  \u00a0\u00bb font_container=\u00a0\u00bbtag:h2|font_size:40px|text_align:center|color:%238f8b85&Prime; use_theme_fonts=\u00a0\u00bbyes\u00a0\u00bb css=\u00a0\u00bb.vc_custom_1705312700242{margin-bottom: 30px !important;}\u00a0\u00bb][vc_column_text]<br \/>\n&nbsp;<br \/>\n[\/vc_column_text][vc_row_inner][vc_column_inner][vc_column_text]<br \/>\n&nbsp;<br \/>\n[\/vc_column_text][\/vc_column_inner][\/vc_row_inner][\/vc_column][\/vc_row][vc_row full_width=\u00a0\u00bbstretch_row\u00a0\u00bb css=\u00a0\u00bb.vc_custom_1705312655310{background-image: url(https:\/\/newgarden.es\/wp-content\/uploads\/2024\/01\/rrhh.jpg?id=52940) !important;background-position: center !important;background-repeat: no-repeat !important;background-size: cover !important;}\u00a0\u00bb][vc_column][vc_empty_space height=\u00a0\u00bb600px\u00a0\u00bb][\/vc_column][\/vc_row]<\/p>\n<\/section>","protected":false},"excerpt":{"rendered":"<p>[vc_row][vc_column][vc_empty_space height=\u00a0\u00bb100px\u00a0\u00bb][vc_column_text] Notre objectif : inspirer le monde en partageant notre passion pour l&rsquo;\u00e9clairage, le style et la culture m\u00e9diterran\u00e9enne. [\/vc_column_text][vc_empty_space height=\u00a0\u00bb100px\u00a0\u00bb][\/vc_column][\/vc_row][vc_row full_width=\u00a0\u00bbstretch_row\u00a0\u00bb css=\u00a0\u00bb.vc_custom_1701074270861{background-image: url(https:\/\/newgarden.es\/wp-content\/uploads\/2023\/11\/Sin-titulo-3-2.jpg?id=52824) !important;background-position: center !important;background-repeat: no-repeat !important;background-size:<\/p>\n","protected":false},"author":1,"featured_media":52845,"parent":0,"menu_order":0,"comment_status":"closed","ping_status":"closed","template":"","meta":{"footnotes":""},"class_list":["post-55640","page","type-page","status-publish","has-post-thumbnail","hentry"],"yoast_head":"<!-- This site is optimized with the Yoast SEO plugin v24.2 - https:\/\/yoast.com\/wordpress\/plugins\/seo\/ -->\n<title>Notre objectif : inspirer le monde en partageant notre passion pour l&#039;\u00e9clairage, le style et la culture m\u00e9diterran\u00e9enne. Les membres de notre \u00e9quipe sont<\/title>\n<meta name=\"description\" content=\"Notre objectif : inspirer le monde en partageant notre passion pour l&#039;\u00e9clairage, le style et la culture m\u00e9diterran\u00e9enne. Les membres de notre \u00e9quipe sont\" \/>\n<meta name=\"robots\" content=\"index, follow, max-snippet:-1, max-image-preview:large, max-video-preview:-1\" \/>\n<link rel=\"canonical\" href=\"https:\/\/newgarden.es\/rrhh\/\" \/>\n<meta property=\"og:locale\" content=\"fr_FR\" \/>\n<meta property=\"og:type\" content=\"article\" \/>\n<meta property=\"og:title\" content=\"Notre objectif : inspirer le monde en partageant notre passion pour l&#039;\u00e9clairage, le style et la culture m\u00e9diterran\u00e9enne. Les membres de notre \u00e9quipe sont\" \/>\n<meta property=\"og:description\" content=\"Notre objectif : inspirer le monde en partageant notre passion pour l&#039;\u00e9clairage, le style et la culture m\u00e9diterran\u00e9enne. Les membres de notre \u00e9quipe sont\" \/>\n<meta property=\"og:url\" content=\"https:\/\/newgarden.es\/rrhh\/\" \/>\n<meta property=\"og:site_name\" content=\"Newgarden\" \/>\n<meta property=\"article:modified_time\" content=\"2024-06-21T11:21:20+00:00\" \/>\n<meta property=\"og:image\" content=\"https:\/\/newgarden.es\/wp-content\/uploads\/2023\/11\/banderola-4.jpg\" \/>\n\t<meta property=\"og:image:width\" content=\"1600\" \/>\n\t<meta property=\"og:image:height\" content=\"1067\" \/>\n\t<meta property=\"og:image:type\" content=\"image\/jpeg\" \/>\n<meta name=\"twitter:card\" content=\"summary_large_image\" \/>\n<meta name=\"twitter:label1\" content=\"Dur\u00e9e de lecture estim\u00e9e\" \/>\n\t<meta name=\"twitter:data1\" content=\"6 minutes\" \/>\n<script type=\"application\/ld+json\" class=\"yoast-schema-graph\">{\"@context\":\"https:\/\/schema.org\",\"@graph\":[{\"@type\":\"WebPage\",\"@id\":\"https:\/\/newgarden.es\/rrhh\/\",\"url\":\"https:\/\/newgarden.es\/rrhh\/\",\"name\":\"Notre objectif : inspirer le monde en partageant notre passion pour l'\u00e9clairage, le style et la culture m\u00e9diterran\u00e9enne. Les membres de notre \u00e9quipe sont\",\"isPartOf\":{\"@id\":\"https:\/\/newgarden.es\/#website\"},\"primaryImageOfPage\":{\"@id\":\"https:\/\/newgarden.es\/rrhh\/#primaryimage\"},\"image\":{\"@id\":\"https:\/\/newgarden.es\/rrhh\/#primaryimage\"},\"thumbnailUrl\":\"https:\/\/newgarden.es\/wp-content\/uploads\/2023\/11\/banderola-4.jpg\",\"datePublished\":\"2024-05-17T08:36:57+00:00\",\"dateModified\":\"2024-06-21T11:21:20+00:00\",\"description\":\"Notre objectif : inspirer le monde en partageant notre passion pour l'\u00e9clairage, le style et la culture m\u00e9diterran\u00e9enne. Les membres de notre \u00e9quipe sont\",\"breadcrumb\":{\"@id\":\"https:\/\/newgarden.es\/rrhh\/#breadcrumb\"},\"inLanguage\":\"fr-FR\",\"potentialAction\":[{\"@type\":\"ReadAction\",\"target\":[\"https:\/\/newgarden.es\/rrhh\/\"]}]},{\"@type\":\"ImageObject\",\"inLanguage\":\"fr-FR\",\"@id\":\"https:\/\/newgarden.es\/rrhh\/#primaryimage\",\"url\":\"https:\/\/newgarden.es\/wp-content\/uploads\/2023\/11\/banderola-4.jpg\",\"contentUrl\":\"https:\/\/newgarden.es\/wp-content\/uploads\/2023\/11\/banderola-4.jpg\",\"width\":1600,\"height\":1067},{\"@type\":\"BreadcrumbList\",\"@id\":\"https:\/\/newgarden.es\/rrhh\/#breadcrumb\",\"itemListElement\":[{\"@type\":\"ListItem\",\"position\":1,\"name\":\"Home\",\"item\":\"https:\/\/newgarden.es\/fr\/\"},{\"@type\":\"ListItem\",\"position\":2,\"name\":\"L&#8217;esprit de bonheur comme philosophie de vie\"}]},{\"@type\":\"WebSite\",\"@id\":\"https:\/\/newgarden.es\/#website\",\"url\":\"https:\/\/newgarden.es\/\",\"name\":\"Newgarden\",\"description\":\"Be happy\",\"potentialAction\":[{\"@type\":\"SearchAction\",\"target\":{\"@type\":\"EntryPoint\",\"urlTemplate\":\"https:\/\/newgarden.es\/?s={search_term_string}\"},\"query-input\":{\"@type\":\"PropertyValueSpecification\",\"valueRequired\":true,\"valueName\":\"search_term_string\"}}],\"inLanguage\":\"fr-FR\"}]}<\/script>\n<!-- \/ Yoast SEO plugin. -->","yoast_head_json":{"title":"Notre objectif : inspirer le monde en partageant notre passion pour l'\u00e9clairage, le style et la culture m\u00e9diterran\u00e9enne. Les membres de notre \u00e9quipe sont","description":"Notre objectif : inspirer le monde en partageant notre passion pour l'\u00e9clairage, le style et la culture m\u00e9diterran\u00e9enne. Les membres de notre \u00e9quipe sont","robots":{"index":"index","follow":"follow","max-snippet":"max-snippet:-1","max-image-preview":"max-image-preview:large","max-video-preview":"max-video-preview:-1"},"canonical":"https:\/\/newgarden.es\/rrhh\/","og_locale":"fr_FR","og_type":"article","og_title":"Notre objectif : inspirer le monde en partageant notre passion pour l'\u00e9clairage, le style et la culture m\u00e9diterran\u00e9enne. Les membres de notre \u00e9quipe sont","og_description":"Notre objectif : inspirer le monde en partageant notre passion pour l'\u00e9clairage, le style et la culture m\u00e9diterran\u00e9enne. Les membres de notre \u00e9quipe sont","og_url":"https:\/\/newgarden.es\/rrhh\/","og_site_name":"Newgarden","article_modified_time":"2024-06-21T11:21:20+00:00","og_image":[{"width":1600,"height":1067,"url":"https:\/\/newgarden.es\/wp-content\/uploads\/2023\/11\/banderola-4.jpg","type":"image\/jpeg"}],"twitter_card":"summary_large_image","twitter_misc":{"Dur\u00e9e de lecture estim\u00e9e":"6 minutes"},"schema":{"@context":"https:\/\/schema.org","@graph":[{"@type":"WebPage","@id":"https:\/\/newgarden.es\/rrhh\/","url":"https:\/\/newgarden.es\/rrhh\/","name":"Notre objectif : inspirer le monde en partageant notre passion pour l'\u00e9clairage, le style et la culture m\u00e9diterran\u00e9enne. Les membres de notre \u00e9quipe sont","isPartOf":{"@id":"https:\/\/newgarden.es\/#website"},"primaryImageOfPage":{"@id":"https:\/\/newgarden.es\/rrhh\/#primaryimage"},"image":{"@id":"https:\/\/newgarden.es\/rrhh\/#primaryimage"},"thumbnailUrl":"https:\/\/newgarden.es\/wp-content\/uploads\/2023\/11\/banderola-4.jpg","datePublished":"2024-05-17T08:36:57+00:00","dateModified":"2024-06-21T11:21:20+00:00","description":"Notre objectif : inspirer le monde en partageant notre passion pour l'\u00e9clairage, le style et la culture m\u00e9diterran\u00e9enne. Les membres de notre \u00e9quipe sont","breadcrumb":{"@id":"https:\/\/newgarden.es\/rrhh\/#breadcrumb"},"inLanguage":"fr-FR","potentialAction":[{"@type":"ReadAction","target":["https:\/\/newgarden.es\/rrhh\/"]}]},{"@type":"ImageObject","inLanguage":"fr-FR","@id":"https:\/\/newgarden.es\/rrhh\/#primaryimage","url":"https:\/\/newgarden.es\/wp-content\/uploads\/2023\/11\/banderola-4.jpg","contentUrl":"https:\/\/newgarden.es\/wp-content\/uploads\/2023\/11\/banderola-4.jpg","width":1600,"height":1067},{"@type":"BreadcrumbList","@id":"https:\/\/newgarden.es\/rrhh\/#breadcrumb","itemListElement":[{"@type":"ListItem","position":1,"name":"Home","item":"https:\/\/newgarden.es\/fr\/"},{"@type":"ListItem","position":2,"name":"L&#8217;esprit de bonheur comme philosophie de vie"}]},{"@type":"WebSite","@id":"https:\/\/newgarden.es\/#website","url":"https:\/\/newgarden.es\/","name":"Newgarden","description":"Be happy","potentialAction":[{"@type":"SearchAction","target":{"@type":"EntryPoint","urlTemplate":"https:\/\/newgarden.es\/?s={search_term_string}"},"query-input":{"@type":"PropertyValueSpecification","valueRequired":true,"valueName":"search_term_string"}}],"inLanguage":"fr-FR"}]}},"_links":{"self":[{"href":"https:\/\/newgarden.es\/fr\/wp-json\/wp\/v2\/pages\/55640"}],"collection":[{"href":"https:\/\/newgarden.es\/fr\/wp-json\/wp\/v2\/pages"}],"about":[{"href":"https:\/\/newgarden.es\/fr\/wp-json\/wp\/v2\/types\/page"}],"author":[{"embeddable":true,"href":"https:\/\/newgarden.es\/fr\/wp-json\/wp\/v2\/users\/1"}],"replies":[{"embeddable":true,"href":"https:\/\/newgarden.es\/fr\/wp-json\/wp\/v2\/comments?post=55640"}],"version-history":[{"count":6,"href":"https:\/\/newgarden.es\/fr\/wp-json\/wp\/v2\/pages\/55640\/revisions"}],"predecessor-version":[{"id":65543,"href":"https:\/\/newgarden.es\/fr\/wp-json\/wp\/v2\/pages\/55640\/revisions\/65543"}],"wp:featuredmedia":[{"embeddable":true,"href":"https:\/\/newgarden.es\/fr\/wp-json\/wp\/v2\/media\/52845"}],"wp:attachment":[{"href":"https:\/\/newgarden.es\/fr\/wp-json\/wp\/v2\/media?parent=55640"}],"curies":[{"name":"wp","href":"https:\/\/api.w.org\/{rel}","templated":true}]}}