{"id":16762,"date":"2019-06-11T15:08:16","date_gmt":"2019-10-11T10:25:46","guid":{"rendered":"https:\/\/newgarden.es\/shop\/non%20class\u00e9\/cuby-45-play\/"},"modified":"2022-01-11T09:44:14","modified_gmt":"2022-01-11T08:44:14","slug":"cuby-45-play","status":"publish","type":"product","link":"https:\/\/newgarden.es\/fr\/shop\/mobilier\/sieges\/cuby-45-play\/","title":{"rendered":"HAUT-PARLEUR CUBY 45 PLAY"},"content":{"rendered":"<section class=\"wpb-content-wrapper\"><p>[vc_row][vc_column el_class=\u00a0\u00bbdescripcion_producto\u00a0\u00bb][vc_column_text]<\/p>\n<p>HAUT-PARLEUR CUBY 45 PLAY: Cube lumineux d&rsquo;ext\u00e9rieur led rgb avec 2 hauts-parleurs bluetooth, rechargeable de la collection <strong>Cuby<\/strong>\u00a0fabriqu\u00e9e par\u00a0<span style=\"text-decoration: underline;\">Newgarden<\/span>\u00a0compos\u00e9 d&rsquo;une structure cubique en poly\u00e9thyl\u00e8ne.<br data-sanitized-data-mce-fragment=\"1\" \/>Cette lampe led rgb b\u00e9n\u00e9ficie de la technologie\u00a0<strong>Newgarden Play<\/strong>\u00a0: elle se charge par batterie (chargeur fourni) en 4 \u00e0 6 heures pour une autonomie de 8 \u00e0 12 heures ! Elle est \u00e9quip\u00e9e d&rsquo;une t\u00e9l\u00e9commande (fournie) qui permet de choisir parmi 128 couleurs et blanc et de la technologie Bluetooth qui vous permet de l&rsquo;utiliser comme enceinte sans fil.<br data-sanitized-data-mce-fragment=\"1\" \/><strong>Cuby<\/strong> poss\u00e8de un indice de protection important (<strong>IP54<\/strong>) qui la\u00a0prot\u00e8ge\u00a0contre les projections d&rsquo;eau, elle pourra donc \u00eatre install\u00e9e en toute s\u00e9curit\u00e9 dans un espace ext\u00e9rieur.<\/p>\n<p><em>Tous les produits Newgarden sont fabriqu\u00e9s en poly\u00e9thyl\u00e8ne, ils sont donc l\u00e9gers et tr\u00e8s r\u00e9sistants aux temp\u00e9ratures extr\u00eames. Ils sont \u00e9galement prot\u00e9g\u00e9s contre les rayons UV, ce qui rend la dur\u00e9e de vie du produit extraordinairement longue.<\/em><\/p>\n<ul class=\"tablaTech\">\n<li>\n<div class=\"boxContents no-border\">\n<div class=\"name\"><strong>TAILLE<\/strong><\/div>\n<div class=\"data\">43 x 43 x 43 cm<\/div>\n<\/div>\n<\/li>\n<\/ul>\n<p>[\/vc_column_text][\/vc_column][\/vc_row][vc_row disable_element=\u00a0\u00bbyes\u00a0\u00bb][vc_column][vc_single_image image=\u00a0\u00bb6566&Prime; img_size=\u00a0\u00bbfull\u00a0\u00bb][\/vc_column][\/vc_row][vc_row][vc_column width=\u00a0\u00bb1\/2&Prime;][vc_btn title=\u00a0\u00bbFiche technique\u00a0\u00bb style=\u00a0\u00bbcustom\u00a0\u00bb custom_background=\u00a0\u00bb#009bc2&Prime; custom_text=\u00a0\u00bb#ffffff\u00a0\u00bb shape=\u00a0\u00bbsquare\u00a0\u00bb link=\u00a0\u00bburl:https%3A%2F%2Fwww.newgarden.es%2Fwp-content%2Fuploads%2F2018%2F01%2FCuby.pdf|target:%20_blank|\u00a0\u00bb el_class=\u00a0\u00bbbtn_descargar_ficha\u00a0\u00bb][\/vc_column][vc_column width=\u00a0\u00bb1\/2&Prime;][vc_btn title=\u00a0\u00bbManuel d&rsquo;instrutions\u00a0\u00bb style=\u00a0\u00bbcustom\u00a0\u00bb custom_background=\u00a0\u00bb#009bc2&Prime; custom_text=\u00a0\u00bb#ffffff\u00a0\u00bb shape=\u00a0\u00bbsquare\u00a0\u00bb link=\u00a0\u00bburl:https%3A%2F%2Fnewgarden.es%2Fwp-content%2Fuploads%2F2017%2F07%2Fmanual.pdf|target:%20_blank|\u00a0\u00bb el_class=\u00a0\u00bbbtn_descargar_ficha\u00a0\u00bb][\/vc_column][\/vc_row]<\/p>\n<\/section>","protected":false},"excerpt":{"rendered":"<h1 style=\"font-size: 12px;\">Haut-parleur Cuby 45 Play<\/h1>\n","protected":false},"featured_media":65331,"template":"","meta":[],"product_cat":[651,657,658],"product_tag":[],"class_list":{"0":"post-16762","1":"product","2":"type-product","3":"status-publish","4":"has-post-thumbnail","6":"product_cat-lightdeco-fr","7":"product_cat-mobilier","8":"product_cat-sieges","10":"first","11":"instock","12":"taxable","13":"shipping-taxable","14":"purchasable","15":"product-type-variable"},"yoast_head":"<!-- This site is optimized with the Yoast SEO plugin v24.2 - https:\/\/yoast.com\/wordpress\/plugins\/seo\/ -->\n<title>HAUT-PARLEUR CUBY 45 PLAY CUBE LUMINEUX<\/title>\n<meta name=\"description\" content=\"Cube lumineux d&#039;ext\u00e9rieur LED RGB avec 2 enceintes bluetooth, rechargeable de la collection Cuby fabriqu\u00e9e par Newgarden compos\u00e9 d&#039;une structure\" \/>\n<meta name=\"robots\" content=\"index, follow, max-snippet:-1, max-image-preview:large, max-video-preview:-1\" \/>\n<link rel=\"canonical\" href=\"https:\/\/newgarden.es\/fr\/shop\/mobilier\/sieges\/cuby-45-play\/\" \/>\n<meta property=\"og:locale\" content=\"fr_FR\" \/>\n<meta property=\"og:type\" content=\"article\" \/>\n<meta property=\"og:title\" content=\"HAUT-PARLEUR CUBY 45 PLAY CUBE LUMINEUX\" \/>\n<meta property=\"og:description\" content=\"Cube lumineux d&#039;ext\u00e9rieur LED RGB avec 2 enceintes bluetooth, rechargeable de la collection Cuby fabriqu\u00e9e par Newgarden compos\u00e9 d&#039;une structure\" \/>\n<meta property=\"og:url\" content=\"https:\/\/newgarden.es\/fr\/shop\/mobilier\/sieges\/cuby-45-play\/\" \/>\n<meta property=\"og:site_name\" content=\"Newgarden\" \/>\n<meta property=\"article:modified_time\" content=\"2022-01-11T08:44:14+00:00\" \/>\n<meta property=\"og:image\" content=\"https:\/\/newgarden.es\/wp-content\/uploads\/2019\/06\/CUBY_45_PLAY_1200X1200-3.jpg\" \/>\n\t<meta property=\"og:image:width\" content=\"1200\" \/>\n\t<meta property=\"og:image:height\" content=\"1200\" \/>\n\t<meta property=\"og:image:type\" content=\"image\/jpeg\" \/>\n<meta name=\"twitter:card\" content=\"summary_large_image\" \/>\n<meta name=\"twitter:label1\" content=\"Dur\u00e9e de lecture estim\u00e9e\" \/>\n\t<meta name=\"twitter:data1\" content=\"1 minute\" \/>\n<script type=\"application\/ld+json\" class=\"yoast-schema-graph\">{\"@context\":\"https:\/\/schema.org\",\"@graph\":[{\"@type\":\"WebPage\",\"@id\":\"https:\/\/newgarden.es\/fr\/shop\/mobilier\/sieges\/cuby-45-play\/\",\"url\":\"https:\/\/newgarden.es\/fr\/shop\/mobilier\/sieges\/cuby-45-play\/\",\"name\":\"HAUT-PARLEUR CUBY 45 PLAY CUBE LUMINEUX\",\"isPartOf\":{\"@id\":\"https:\/\/newgarden.es\/#website\"},\"primaryImageOfPage\":{\"@id\":\"https:\/\/newgarden.es\/fr\/shop\/mobilier\/sieges\/cuby-45-play\/#primaryimage\"},\"image\":{\"@id\":\"https:\/\/newgarden.es\/fr\/shop\/mobilier\/sieges\/cuby-45-play\/#primaryimage\"},\"thumbnailUrl\":\"https:\/\/newgarden.es\/wp-content\/uploads\/2019\/06\/CUBY_45_PLAY_1200X1200-3.jpg\",\"datePublished\":\"2019-10-11T10:25:46+00:00\",\"dateModified\":\"2022-01-11T08:44:14+00:00\",\"description\":\"Cube lumineux d'ext\u00e9rieur LED RGB avec 2 enceintes bluetooth, rechargeable de la collection Cuby fabriqu\u00e9e par Newgarden compos\u00e9 d'une structure\",\"breadcrumb\":{\"@id\":\"https:\/\/newgarden.es\/fr\/shop\/mobilier\/sieges\/cuby-45-play\/#breadcrumb\"},\"inLanguage\":\"fr-FR\",\"potentialAction\":[{\"@type\":\"ReadAction\",\"target\":[\"https:\/\/newgarden.es\/fr\/shop\/mobilier\/sieges\/cuby-45-play\/\"]}]},{\"@type\":\"ImageObject\",\"inLanguage\":\"fr-FR\",\"@id\":\"https:\/\/newgarden.es\/fr\/shop\/mobilier\/sieges\/cuby-45-play\/#primaryimage\",\"url\":\"https:\/\/newgarden.es\/wp-content\/uploads\/2019\/06\/CUBY_45_PLAY_1200X1200-3.jpg\",\"contentUrl\":\"https:\/\/newgarden.es\/wp-content\/uploads\/2019\/06\/CUBY_45_PLAY_1200X1200-3.jpg\",\"width\":1200,\"height\":1200},{\"@type\":\"BreadcrumbList\",\"@id\":\"https:\/\/newgarden.es\/fr\/shop\/mobilier\/sieges\/cuby-45-play\/#breadcrumb\",\"itemListElement\":[{\"@type\":\"ListItem\",\"position\":1,\"name\":\"Home\",\"item\":\"https:\/\/newgarden.es\/fr\/\"},{\"@type\":\"ListItem\",\"position\":2,\"name\":\"Boutique\",\"item\":\"https:\/\/newgarden.es\/fr\/boutique\/\"},{\"@type\":\"ListItem\",\"position\":3,\"name\":\"HAUT-PARLEUR CUBY 45 PLAY\"}]},{\"@type\":\"WebSite\",\"@id\":\"https:\/\/newgarden.es\/#website\",\"url\":\"https:\/\/newgarden.es\/\",\"name\":\"Newgarden\",\"description\":\"Be happy\",\"potentialAction\":[{\"@type\":\"SearchAction\",\"target\":{\"@type\":\"EntryPoint\",\"urlTemplate\":\"https:\/\/newgarden.es\/?s={search_term_string}\"},\"query-input\":{\"@type\":\"PropertyValueSpecification\",\"valueRequired\":true,\"valueName\":\"search_term_string\"}}],\"inLanguage\":\"fr-FR\"}]}<\/script>\n<!-- \/ Yoast SEO plugin. -->","yoast_head_json":{"title":"HAUT-PARLEUR CUBY 45 PLAY CUBE LUMINEUX","description":"Cube lumineux d'ext\u00e9rieur LED RGB avec 2 enceintes bluetooth, rechargeable de la collection Cuby fabriqu\u00e9e par Newgarden compos\u00e9 d'une structure","robots":{"index":"index","follow":"follow","max-snippet":"max-snippet:-1","max-image-preview":"max-image-preview:large","max-video-preview":"max-video-preview:-1"},"canonical":"https:\/\/newgarden.es\/fr\/shop\/mobilier\/sieges\/cuby-45-play\/","og_locale":"fr_FR","og_type":"article","og_title":"HAUT-PARLEUR CUBY 45 PLAY CUBE LUMINEUX","og_description":"Cube lumineux d'ext\u00e9rieur LED RGB avec 2 enceintes bluetooth, rechargeable de la collection Cuby fabriqu\u00e9e par Newgarden compos\u00e9 d'une structure","og_url":"https:\/\/newgarden.es\/fr\/shop\/mobilier\/sieges\/cuby-45-play\/","og_site_name":"Newgarden","article_modified_time":"2022-01-11T08:44:14+00:00","og_image":[{"width":1200,"height":1200,"url":"https:\/\/newgarden.es\/wp-content\/uploads\/2019\/06\/CUBY_45_PLAY_1200X1200-3.jpg","type":"image\/jpeg"}],"twitter_card":"summary_large_image","twitter_misc":{"Dur\u00e9e de lecture estim\u00e9e":"1 minute"},"schema":{"@context":"https:\/\/schema.org","@graph":[{"@type":"WebPage","@id":"https:\/\/newgarden.es\/fr\/shop\/mobilier\/sieges\/cuby-45-play\/","url":"https:\/\/newgarden.es\/fr\/shop\/mobilier\/sieges\/cuby-45-play\/","name":"HAUT-PARLEUR CUBY 45 PLAY CUBE LUMINEUX","isPartOf":{"@id":"https:\/\/newgarden.es\/#website"},"primaryImageOfPage":{"@id":"https:\/\/newgarden.es\/fr\/shop\/mobilier\/sieges\/cuby-45-play\/#primaryimage"},"image":{"@id":"https:\/\/newgarden.es\/fr\/shop\/mobilier\/sieges\/cuby-45-play\/#primaryimage"},"thumbnailUrl":"https:\/\/newgarden.es\/wp-content\/uploads\/2019\/06\/CUBY_45_PLAY_1200X1200-3.jpg","datePublished":"2019-10-11T10:25:46+00:00","dateModified":"2022-01-11T08:44:14+00:00","description":"Cube lumineux d'ext\u00e9rieur LED RGB avec 2 enceintes bluetooth, rechargeable de la collection Cuby fabriqu\u00e9e par Newgarden compos\u00e9 d'une structure","breadcrumb":{"@id":"https:\/\/newgarden.es\/fr\/shop\/mobilier\/sieges\/cuby-45-play\/#breadcrumb"},"inLanguage":"fr-FR","potentialAction":[{"@type":"ReadAction","target":["https:\/\/newgarden.es\/fr\/shop\/mobilier\/sieges\/cuby-45-play\/"]}]},{"@type":"ImageObject","inLanguage":"fr-FR","@id":"https:\/\/newgarden.es\/fr\/shop\/mobilier\/sieges\/cuby-45-play\/#primaryimage","url":"https:\/\/newgarden.es\/wp-content\/uploads\/2019\/06\/CUBY_45_PLAY_1200X1200-3.jpg","contentUrl":"https:\/\/newgarden.es\/wp-content\/uploads\/2019\/06\/CUBY_45_PLAY_1200X1200-3.jpg","width":1200,"height":1200},{"@type":"BreadcrumbList","@id":"https:\/\/newgarden.es\/fr\/shop\/mobilier\/sieges\/cuby-45-play\/#breadcrumb","itemListElement":[{"@type":"ListItem","position":1,"name":"Home","item":"https:\/\/newgarden.es\/fr\/"},{"@type":"ListItem","position":2,"name":"Boutique","item":"https:\/\/newgarden.es\/fr\/boutique\/"},{"@type":"ListItem","position":3,"name":"HAUT-PARLEUR CUBY 45 PLAY"}]},{"@type":"WebSite","@id":"https:\/\/newgarden.es\/#website","url":"https:\/\/newgarden.es\/","name":"Newgarden","description":"Be happy","potentialAction":[{"@type":"SearchAction","target":{"@type":"EntryPoint","urlTemplate":"https:\/\/newgarden.es\/?s={search_term_string}"},"query-input":{"@type":"PropertyValueSpecification","valueRequired":true,"valueName":"search_term_string"}}],"inLanguage":"fr-FR"}]}},"df_price":140.1,"df_sale_price":"","df_regular_price":140.1,"df_image_link":"https:\/\/newgarden.es\/wp-content\/uploads\/2019\/06\/CUBY_45_PLAY_1200X1200-3-580x400.jpg","_links":{"self":[{"href":"https:\/\/newgarden.es\/fr\/wp-json\/wp\/v2\/product\/16762"}],"collection":[{"href":"https:\/\/newgarden.es\/fr\/wp-json\/wp\/v2\/product"}],"about":[{"href":"https:\/\/newgarden.es\/fr\/wp-json\/wp\/v2\/types\/product"}],"wp:featuredmedia":[{"embeddable":true,"href":"https:\/\/newgarden.es\/fr\/wp-json\/wp\/v2\/media\/65331"}],"wp:attachment":[{"href":"https:\/\/newgarden.es\/fr\/wp-json\/wp\/v2\/media?parent=16762"}],"wp:term":[{"taxonomy":"product_cat","embeddable":true,"href":"https:\/\/newgarden.es\/fr\/wp-json\/wp\/v2\/product_cat?post=16762"},{"taxonomy":"product_tag","embeddable":true,"href":"https:\/\/newgarden.es\/fr\/wp-json\/wp\/v2\/product_tag?post=16762"}],"curies":[{"name":"wp","href":"https:\/\/api.w.org\/{rel}","templated":true}]}}