{"id":16817,"date":"2019-06-03T11:51:10","date_gmt":"2019-10-11T11:05:47","guid":{"rendered":"https:\/\/newgarden.es\/shop\/non%20class\u00e9\/ibiza-120-light\/"},"modified":"2022-01-24T16:50:20","modified_gmt":"2022-01-24T15:50:20","slug":"ibiza-120-light","status":"publish","type":"product","link":"https:\/\/newgarden.es\/fr\/shop\/mobilier\/bars\/ibiza-120-light\/","title":{"rendered":"BAR COURB\u00c9 IBIZA 120 AVEC LUMI\u00c8RE"},"content":{"rendered":"<section class=\"wpb-content-wrapper\"><p>[vc_row][vc_column el_class=\u00a0\u00bbdescripcion_producto\u00a0\u00bb][vc_column_text]<\/p>\n<p>BAR COURB\u00c9 LUMINEUX\u00a0<strong>IBIZA 120<\/strong><\/p>\n<p>Bar courb\u00e9 au design innovant. Plaque en plexiglas inclus pour prot\u00e9ger la surface sup\u00e9rieure du bar. Combinez-le avec\u00a0<strong>BAR CRETA<\/strong>\u00a0pour cr\u00e9er des ambiances de d\u00e9tente dans votre maison ou votre entreprise<em>.<\/em><\/p>\n<p>Version\u00a0<strong>FILAIRE<\/strong>(alimentation par c\u00e2ble): Il vous suffit de brancher votre\u00a0bar\u00a0sur secteur pour pouvoir l&rsquo;allumer et de la d\u00e9brancher pour l&rsquo;\u00e9teindre. Lumi\u00e8re led &#8211; blanc froid.<\/p>\n<p>Version\u00a0<strong>SOLAIRE+BATTERIE RECHARGEABLE\u00a0<\/strong>led rgb Ibiza est \u00e9quip\u00e9 d&rsquo;un capteur cr\u00e9pusculaire qui d\u00e9clenche automatiquement l&rsquo;allumage \u00e0 la nuit tomb\u00e9e. Ce bar led rgb b\u00e9n\u00e9ficie de la technologie\u00a0<span style=\"text-decoration: underline;\">Newgarden<\/span>\u00a0solaire+charge batterie : il se charge par le soleil (8 \u00e0 12h) pour une autonomie de 2 \u00e0 6 heures ou par batterie (chargeur fourni) en 4 \u00e0 6 heures pour une autonomie de 12 \u00e0 36 heures ! Il est \u00e9quip\u00e9 d&rsquo;une t\u00e9l\u00e9commande (fournie) qui permet de choisir parmi 128 couleurs et trois blancs.<\/p>\n<p><em>Tous les produits Newgarden sont fabriqu\u00e9s en poly\u00e9thyl\u00e8ne, ils sont donc l\u00e9gers et tr\u00e8s r\u00e9sistants aux temp\u00e9ratures extr\u00eames. Ils sont \u00e9galement prot\u00e9g\u00e9s contre les rayons UV, ce qui rend la dur\u00e9e de vie du produit extraordinairement longue.<\/em><\/p>\n<p>&nbsp;<\/p>\n<ul class=\"tablaTech\">\n<li>\n<div class=\"boxContents no-border\">\n<div class=\"name\"><strong>TAILLE<\/strong><\/div>\n<div class=\"data\">119 x 59 x 110 cm<\/div>\n<\/div>\n<\/li>\n<\/ul>\n<p>[\/vc_column_text][\/vc_column][\/vc_row][vc_row disable_element=\u00a0\u00bbyes\u00a0\u00bb][vc_column][vc_single_image image=\u00a0\u00bb6566&Prime; img_size=\u00a0\u00bbfull\u00a0\u00bb][\/vc_column][\/vc_row][vc_row][vc_column width=\u00a0\u00bb1\/2&Prime;][vc_btn title=\u00a0\u00bbFiche technique\u00a0\u00bb style=\u00a0\u00bbcustom\u00a0\u00bb custom_background=\u00a0\u00bb#009bc2&Prime; custom_text=\u00a0\u00bb#ffffff\u00a0\u00bb shape=\u00a0\u00bbsquare\u00a0\u00bb link=\u00a0\u00bburl:https%3A%2F%2Fwww.newgarden.es%2Fwp-content%2Fuploads%2F2018%2F01%2FIbiza.pdf|target:%20_blank|\u00a0\u00bb el_class=\u00a0\u00bbbtn_descargar_ficha\u00a0\u00bb][\/vc_column][vc_column width=\u00a0\u00bb1\/2&Prime;][vc_btn title=\u00a0\u00bbManuel d&rsquo;instrutions\u00a0\u00bb style=\u00a0\u00bbcustom\u00a0\u00bb custom_background=\u00a0\u00bb#009bc2&Prime; custom_text=\u00a0\u00bb#ffffff\u00a0\u00bb shape=\u00a0\u00bbsquare\u00a0\u00bb link=\u00a0\u00bburl:https%3A%2F%2Fnewgarden.es%2Finstrucciones%2F||target:%20_blank|\u00a0\u00bb el_class=\u00a0\u00bbbtn_descargar_ficha\u00a0\u00bb][\/vc_column][\/vc_row]<\/p>\n<\/section>","protected":false},"excerpt":{"rendered":"<h1 style=\"font-size: 12px;\">Bar courb\u00e9 Ibiza 120 avec lumi\u00e8re<\/h1>\n","protected":false},"featured_media":63911,"template":"","meta":[],"product_cat":[657,1614],"product_tag":[647,707,648],"class_list":{"0":"post-16817","1":"product","2":"type-product","3":"status-publish","4":"has-post-thumbnail","6":"product_cat-mobilier","7":"product_cat-bars","8":"product_tag-cable-fr","9":"product_tag-sans-fil","10":"product_tag-solaire","12":"first","13":"instock","14":"featured","15":"taxable","16":"shipping-taxable","17":"purchasable","18":"product-type-variable"},"yoast_head":"<!-- This site is optimized with the Yoast SEO plugin v24.2 - https:\/\/yoast.com\/wordpress\/plugins\/seo\/ -->\n<title>BAR COURB\u00c9 IBIZA 120 AVEC LUMI\u00c8RE DESIGN<\/title>\n<meta name=\"description\" content=\"BAR COURB\u00c9 LUMINEUX IBIZA 120: Bar courb\u00e9 au design innovant. Plaque en plexiglas inclus pour prot\u00e9ger la surface sup\u00e9rieure du bar. Combinez-le\" \/>\n<meta name=\"robots\" content=\"index, follow, max-snippet:-1, max-image-preview:large, max-video-preview:-1\" \/>\n<link rel=\"canonical\" href=\"https:\/\/newgarden.es\/fr\/shop\/mobilier\/bars\/ibiza-120-light\/\" \/>\n<meta property=\"og:locale\" content=\"fr_FR\" \/>\n<meta property=\"og:type\" content=\"article\" \/>\n<meta property=\"og:title\" content=\"BAR COURB\u00c9 IBIZA 120 AVEC LUMI\u00c8RE DESIGN\" \/>\n<meta property=\"og:description\" content=\"BAR COURB\u00c9 LUMINEUX IBIZA 120: Bar courb\u00e9 au design innovant. Plaque en plexiglas inclus pour prot\u00e9ger la surface sup\u00e9rieure du bar. Combinez-le\" \/>\n<meta property=\"og:url\" content=\"https:\/\/newgarden.es\/fr\/shop\/mobilier\/bars\/ibiza-120-light\/\" \/>\n<meta property=\"og:site_name\" content=\"Newgarden\" \/>\n<meta property=\"article:modified_time\" content=\"2022-01-24T15:50:20+00:00\" \/>\n<meta property=\"og:image\" content=\"https:\/\/newgarden.es\/wp-content\/uploads\/2019\/06\/IBIZA_1200X1200-1-1.jpg\" \/>\n\t<meta property=\"og:image:width\" content=\"1200\" \/>\n\t<meta property=\"og:image:height\" content=\"1200\" \/>\n\t<meta property=\"og:image:type\" content=\"image\/jpeg\" \/>\n<meta name=\"twitter:card\" content=\"summary_large_image\" \/>\n<meta name=\"twitter:label1\" content=\"Dur\u00e9e de lecture estim\u00e9e\" \/>\n\t<meta name=\"twitter:data1\" content=\"2 minutes\" \/>\n<script type=\"application\/ld+json\" class=\"yoast-schema-graph\">{\"@context\":\"https:\/\/schema.org\",\"@graph\":[{\"@type\":\"WebPage\",\"@id\":\"https:\/\/newgarden.es\/fr\/shop\/mobilier\/bars\/ibiza-120-light\/\",\"url\":\"https:\/\/newgarden.es\/fr\/shop\/mobilier\/bars\/ibiza-120-light\/\",\"name\":\"BAR COURB\u00c9 IBIZA 120 AVEC LUMI\u00c8RE DESIGN\",\"isPartOf\":{\"@id\":\"https:\/\/newgarden.es\/#website\"},\"primaryImageOfPage\":{\"@id\":\"https:\/\/newgarden.es\/fr\/shop\/mobilier\/bars\/ibiza-120-light\/#primaryimage\"},\"image\":{\"@id\":\"https:\/\/newgarden.es\/fr\/shop\/mobilier\/bars\/ibiza-120-light\/#primaryimage\"},\"thumbnailUrl\":\"https:\/\/newgarden.es\/wp-content\/uploads\/2019\/06\/IBIZA_1200X1200-1-1.jpg\",\"datePublished\":\"2019-10-11T11:05:47+00:00\",\"dateModified\":\"2022-01-24T15:50:20+00:00\",\"description\":\"BAR COURB\u00c9 LUMINEUX IBIZA 120: Bar courb\u00e9 au design innovant. Plaque en plexiglas inclus pour prot\u00e9ger la surface sup\u00e9rieure du bar. Combinez-le\",\"breadcrumb\":{\"@id\":\"https:\/\/newgarden.es\/fr\/shop\/mobilier\/bars\/ibiza-120-light\/#breadcrumb\"},\"inLanguage\":\"fr-FR\",\"potentialAction\":[{\"@type\":\"ReadAction\",\"target\":[\"https:\/\/newgarden.es\/fr\/shop\/mobilier\/bars\/ibiza-120-light\/\"]}]},{\"@type\":\"ImageObject\",\"inLanguage\":\"fr-FR\",\"@id\":\"https:\/\/newgarden.es\/fr\/shop\/mobilier\/bars\/ibiza-120-light\/#primaryimage\",\"url\":\"https:\/\/newgarden.es\/wp-content\/uploads\/2019\/06\/IBIZA_1200X1200-1-1.jpg\",\"contentUrl\":\"https:\/\/newgarden.es\/wp-content\/uploads\/2019\/06\/IBIZA_1200X1200-1-1.jpg\",\"width\":1200,\"height\":1200},{\"@type\":\"BreadcrumbList\",\"@id\":\"https:\/\/newgarden.es\/fr\/shop\/mobilier\/bars\/ibiza-120-light\/#breadcrumb\",\"itemListElement\":[{\"@type\":\"ListItem\",\"position\":1,\"name\":\"Home\",\"item\":\"https:\/\/newgarden.es\/fr\/\"},{\"@type\":\"ListItem\",\"position\":2,\"name\":\"Boutique\",\"item\":\"https:\/\/newgarden.es\/fr\/boutique\/\"},{\"@type\":\"ListItem\",\"position\":3,\"name\":\"BAR COURB\u00c9 IBIZA 120 AVEC LUMI\u00c8RE\"}]},{\"@type\":\"WebSite\",\"@id\":\"https:\/\/newgarden.es\/#website\",\"url\":\"https:\/\/newgarden.es\/\",\"name\":\"Newgarden\",\"description\":\"Be happy\",\"potentialAction\":[{\"@type\":\"SearchAction\",\"target\":{\"@type\":\"EntryPoint\",\"urlTemplate\":\"https:\/\/newgarden.es\/?s={search_term_string}\"},\"query-input\":{\"@type\":\"PropertyValueSpecification\",\"valueRequired\":true,\"valueName\":\"search_term_string\"}}],\"inLanguage\":\"fr-FR\"}]}<\/script>\n<!-- \/ Yoast SEO plugin. -->","yoast_head_json":{"title":"BAR COURB\u00c9 IBIZA 120 AVEC LUMI\u00c8RE DESIGN","description":"BAR COURB\u00c9 LUMINEUX IBIZA 120: Bar courb\u00e9 au design innovant. Plaque en plexiglas inclus pour prot\u00e9ger la surface sup\u00e9rieure du bar. Combinez-le","robots":{"index":"index","follow":"follow","max-snippet":"max-snippet:-1","max-image-preview":"max-image-preview:large","max-video-preview":"max-video-preview:-1"},"canonical":"https:\/\/newgarden.es\/fr\/shop\/mobilier\/bars\/ibiza-120-light\/","og_locale":"fr_FR","og_type":"article","og_title":"BAR COURB\u00c9 IBIZA 120 AVEC LUMI\u00c8RE DESIGN","og_description":"BAR COURB\u00c9 LUMINEUX IBIZA 120: Bar courb\u00e9 au design innovant. Plaque en plexiglas inclus pour prot\u00e9ger la surface sup\u00e9rieure du bar. Combinez-le","og_url":"https:\/\/newgarden.es\/fr\/shop\/mobilier\/bars\/ibiza-120-light\/","og_site_name":"Newgarden","article_modified_time":"2022-01-24T15:50:20+00:00","og_image":[{"width":1200,"height":1200,"url":"https:\/\/newgarden.es\/wp-content\/uploads\/2019\/06\/IBIZA_1200X1200-1-1.jpg","type":"image\/jpeg"}],"twitter_card":"summary_large_image","twitter_misc":{"Dur\u00e9e de lecture estim\u00e9e":"2 minutes"},"schema":{"@context":"https:\/\/schema.org","@graph":[{"@type":"WebPage","@id":"https:\/\/newgarden.es\/fr\/shop\/mobilier\/bars\/ibiza-120-light\/","url":"https:\/\/newgarden.es\/fr\/shop\/mobilier\/bars\/ibiza-120-light\/","name":"BAR COURB\u00c9 IBIZA 120 AVEC LUMI\u00c8RE DESIGN","isPartOf":{"@id":"https:\/\/newgarden.es\/#website"},"primaryImageOfPage":{"@id":"https:\/\/newgarden.es\/fr\/shop\/mobilier\/bars\/ibiza-120-light\/#primaryimage"},"image":{"@id":"https:\/\/newgarden.es\/fr\/shop\/mobilier\/bars\/ibiza-120-light\/#primaryimage"},"thumbnailUrl":"https:\/\/newgarden.es\/wp-content\/uploads\/2019\/06\/IBIZA_1200X1200-1-1.jpg","datePublished":"2019-10-11T11:05:47+00:00","dateModified":"2022-01-24T15:50:20+00:00","description":"BAR COURB\u00c9 LUMINEUX IBIZA 120: Bar courb\u00e9 au design innovant. Plaque en plexiglas inclus pour prot\u00e9ger la surface sup\u00e9rieure du bar. Combinez-le","breadcrumb":{"@id":"https:\/\/newgarden.es\/fr\/shop\/mobilier\/bars\/ibiza-120-light\/#breadcrumb"},"inLanguage":"fr-FR","potentialAction":[{"@type":"ReadAction","target":["https:\/\/newgarden.es\/fr\/shop\/mobilier\/bars\/ibiza-120-light\/"]}]},{"@type":"ImageObject","inLanguage":"fr-FR","@id":"https:\/\/newgarden.es\/fr\/shop\/mobilier\/bars\/ibiza-120-light\/#primaryimage","url":"https:\/\/newgarden.es\/wp-content\/uploads\/2019\/06\/IBIZA_1200X1200-1-1.jpg","contentUrl":"https:\/\/newgarden.es\/wp-content\/uploads\/2019\/06\/IBIZA_1200X1200-1-1.jpg","width":1200,"height":1200},{"@type":"BreadcrumbList","@id":"https:\/\/newgarden.es\/fr\/shop\/mobilier\/bars\/ibiza-120-light\/#breadcrumb","itemListElement":[{"@type":"ListItem","position":1,"name":"Home","item":"https:\/\/newgarden.es\/fr\/"},{"@type":"ListItem","position":2,"name":"Boutique","item":"https:\/\/newgarden.es\/fr\/boutique\/"},{"@type":"ListItem","position":3,"name":"BAR COURB\u00c9 IBIZA 120 AVEC LUMI\u00c8RE"}]},{"@type":"WebSite","@id":"https:\/\/newgarden.es\/#website","url":"https:\/\/newgarden.es\/","name":"Newgarden","description":"Be happy","potentialAction":[{"@type":"SearchAction","target":{"@type":"EntryPoint","urlTemplate":"https:\/\/newgarden.es\/?s={search_term_string}"},"query-input":{"@type":"PropertyValueSpecification","valueRequired":true,"valueName":"search_term_string"}}],"inLanguage":"fr-FR"}]}},"df_price":640,"df_sale_price":"","df_regular_price":640,"df_image_link":"https:\/\/newgarden.es\/wp-content\/uploads\/2019\/06\/IBIZA_1200X1200-1-1-580x400.jpg","_links":{"self":[{"href":"https:\/\/newgarden.es\/fr\/wp-json\/wp\/v2\/product\/16817"}],"collection":[{"href":"https:\/\/newgarden.es\/fr\/wp-json\/wp\/v2\/product"}],"about":[{"href":"https:\/\/newgarden.es\/fr\/wp-json\/wp\/v2\/types\/product"}],"wp:featuredmedia":[{"embeddable":true,"href":"https:\/\/newgarden.es\/fr\/wp-json\/wp\/v2\/media\/63911"}],"wp:attachment":[{"href":"https:\/\/newgarden.es\/fr\/wp-json\/wp\/v2\/media?parent=16817"}],"wp:term":[{"taxonomy":"product_cat","embeddable":true,"href":"https:\/\/newgarden.es\/fr\/wp-json\/wp\/v2\/product_cat?post=16817"},{"taxonomy":"product_tag","embeddable":true,"href":"https:\/\/newgarden.es\/fr\/wp-json\/wp\/v2\/product_tag?post=16817"}],"curies":[{"name":"wp","href":"https:\/\/api.w.org\/{rel}","templated":true}]}}