{"id":16842,"date":"2019-06-03T11:50:46","date_gmt":"2019-10-11T11:17:50","guid":{"rendered":"https:\/\/newgarden.es\/shop\/sin%20categor\u00eda\/capri-40-light\/"},"modified":"2022-01-27T12:46:59","modified_gmt":"2022-01-27T11:46:59","slug":"capri-40-light","status":"publish","type":"product","link":"https:\/\/newgarden.es\/fr\/shop\/mobilier\/tables-et-tables-basses\/capri-40-light\/","title":{"rendered":"TABLE BASSE CAPRI 40 AVEC LUMI\u00c8RE"},"content":{"rendered":"<section class=\"wpb-content-wrapper\"><p>[vc_row][vc_column el_class=\u00a0\u00bbdescripcion_producto\u00a0\u00bb][vc_column_text]TABLE BASSE<strong> CAPRI 40<\/strong> AVEC LUMI\u00c8RE<\/p>\n<p>Table basse ronde et blanche d&rsquo;ext\u00e9rieur de la collection\u00a0<strong>Capri<\/strong>\u00a0fabriqu\u00e9e par\u00a0<span style=\"text-decoration: underline;\">Newgarden<\/span>\u00a0en poly\u00e9thyl\u00e8ne,<\/p>\n<p>Graphique et original, ce mod\u00e8le poss\u00e8de un indice de protection important (IP65) qui prot\u00e8ge la table contre les projections d&rsquo;eau,\u00a0<strong>Capri<\/strong>\u00a0pourra donc \u00eatre install\u00e9 en toute s\u00e9curit\u00e9 dans un espace ext\u00e9rieur.<\/p>\n<p>Version\u00a0<strong>Solaire+Batterie\u00a0<\/strong>rechargeable.<\/p>\n<p>Table basse lumineuse d&rsquo;ext\u00e9rieur\u00a0led rgb\u00a0solaire et rechargeable de la collection\u00a0<strong>Capri<\/strong>\u00a0fabriqu\u00e9e par\u00a0<span style=\"text-decoration: underline;\">Newgarden<\/span>\u00a0compos\u00e9 d&rsquo;un diffuseur en poly\u00e9thyl\u00e8ne,\u00a0<strong>Capri<\/strong>\u00a0est \u00e9quip\u00e9e d&rsquo;un capteur cr\u00e9pusculaire qui d\u00e9clenche automatiquement l&rsquo;allumage \u00e0 la nuit tomb\u00e9e.<br \/>\nCette table\u00a0led rgb b\u00e9n\u00e9ficie de la technologie\u00a0<span style=\"text-decoration: underline;\">Newgarden\u00a0<\/span><strong>solaire+charge<\/strong>\u00a0batterie\u00a0: elle se charge par le soleil (8 \u00e0 12h) pour une autonomie de 2 \u00e0 6 heures ou par batterie (chargeur fourni) en 4 \u00e0 6 heures pour une autonomie de 12 \u00e0 36 heures ! Elle est \u00e9quip\u00e9e d&rsquo;une t\u00e9l\u00e9commande qui permet de choisir parmi 128 couleurs et trois blancs.<\/p>\n<p>Graphique et original, ce mod\u00e8le poss\u00e8de\u00a0un indice de protection important (IP65) qui prot\u00e8ge la table des projections d&rsquo;eau,\u00a0<strong>Capri<\/strong>\u00a0pourra donc \u00eatre install\u00e9 en toute s\u00e9curit\u00e9 dans un espace ext\u00e9rieur.<\/p>\n<p><em>Tous les produits Newgarden sont fabriqu\u00e9s en poly\u00e9thyl\u00e8ne, ils sont donc l\u00e9gers et tr\u00e8s r\u00e9sistants. Ils r\u00e9sistent aux variations extr\u00eames de temp\u00e9rature et sont prot\u00e9g\u00e9s contre les rayons UV, ce qui rend la dur\u00e9e de vie du produit presque illimit\u00e9e.<\/em><\/p>\n<p>&nbsp;<\/p>\n<ul class=\"tablaTech\">\n<li>\n<div class=\"boxContents no-border\">\n<div class=\"name\"><strong>TAILLE<\/strong><\/div>\n<div class=\"data\">\u00f858 x 39 cm<\/div>\n<\/div>\n<\/li>\n<\/ul>\n<p>[\/vc_column_text][\/vc_column][\/vc_row][vc_row disable_element=\u00a0\u00bbyes\u00a0\u00bb][vc_column][vc_single_image image=\u00a0\u00bb6566&Prime; img_size=\u00a0\u00bbfull\u00a0\u00bb][\/vc_column][\/vc_row][vc_row][vc_column width=\u00a0\u00bb1\/2&Prime;][vc_btn title=\u00a0\u00bbFiche technique\u00a0\u00bb style=\u00a0\u00bbcustom\u00a0\u00bb custom_background=\u00a0\u00bb#009bc2&Prime; custom_text=\u00a0\u00bb#ffffff\u00a0\u00bb shape=\u00a0\u00bbsquare\u00a0\u00bb link=\u00a0\u00bburl:https%3A%2F%2Fdrive.google.com%2Fdrive%2Ffolders%2F16_rPBA3w1dwIufZNoZ-40eoff8Mbkmyl||target:%20_blank|\u00a0\u00bb el_class=\u00a0\u00bbbtn_descargar_ficha\u00a0\u00bb][\/vc_column][vc_column width=\u00a0\u00bb1\/2&Prime;][vc_btn title=\u00a0\u00bbManuel d&rsquo;instrutions\u00a0\u00bb style=\u00a0\u00bbcustom\u00a0\u00bb custom_background=\u00a0\u00bb#009bc2&Prime; custom_text=\u00a0\u00bb#ffffff\u00a0\u00bb shape=\u00a0\u00bbsquare\u00a0\u00bb link=\u00a0\u00bburl:https%3A%2F%2Fnewgarden.es%2Finstrucciones%2F||target:%20_blank|\u00a0\u00bb el_class=\u00a0\u00bbbtn_descargar_ficha\u00a0\u00bb][\/vc_column][\/vc_row]<\/p>\n<\/section>","protected":false},"excerpt":{"rendered":"<h5 style=\"font-size: 12px;\"><strong>Table basse Capri 40 avec lumi\u00e8re<\/strong><\/h5>\n","protected":false},"featured_media":64091,"template":"","meta":[],"product_cat":[657,748],"product_tag":[707,648],"class_list":{"0":"post-16842","1":"product","2":"type-product","3":"status-publish","4":"has-post-thumbnail","6":"product_cat-mobilier","7":"product_cat-tables-et-tables-basses","8":"product_tag-sans-fil","9":"product_tag-solaire","11":"first","12":"instock","13":"taxable","14":"shipping-taxable","15":"purchasable","16":"product-type-variable"},"yoast_head":"<!-- This site is optimized with the Yoast SEO plugin v24.2 - https:\/\/yoast.com\/wordpress\/plugins\/seo\/ -->\n<title>TABLE BASSE CAPRI 40 AVEC LUMI\u00c8RE SOLAIRE<\/title>\n<meta name=\"description\" content=\"Table basse ronde et blanche d&#039;ext\u00e9rieur de la collection Capri fabriqu\u00e9e par Newgarden en poly\u00e9thyl\u00e8ne, Graphique et original, ce mod\u00e8le poss\u00e8de un indice\" \/>\n<meta name=\"robots\" content=\"index, follow, max-snippet:-1, max-image-preview:large, max-video-preview:-1\" \/>\n<link rel=\"canonical\" href=\"https:\/\/newgarden.es\/fr\/shop\/mobilier\/tables-et-tables-basses\/capri-40-light\/\" \/>\n<meta property=\"og:locale\" content=\"fr_FR\" \/>\n<meta property=\"og:type\" content=\"article\" \/>\n<meta property=\"og:title\" content=\"TABLE BASSE CAPRI 40 AVEC LUMI\u00c8RE SOLAIRE\" \/>\n<meta property=\"og:description\" content=\"Table basse ronde et blanche d&#039;ext\u00e9rieur de la collection Capri fabriqu\u00e9e par Newgarden en poly\u00e9thyl\u00e8ne, Graphique et original, ce mod\u00e8le poss\u00e8de un indice\" \/>\n<meta property=\"og:url\" content=\"https:\/\/newgarden.es\/fr\/shop\/mobilier\/tables-et-tables-basses\/capri-40-light\/\" \/>\n<meta property=\"og:site_name\" content=\"Newgarden\" \/>\n<meta property=\"article:modified_time\" content=\"2022-01-27T11:46:59+00:00\" \/>\n<meta property=\"og:image\" content=\"https:\/\/newgarden.es\/wp-content\/uploads\/2019\/06\/CAPRI_40_SOLAR_OPACO_1200X1200-3-1.jpg\" \/>\n\t<meta property=\"og:image:width\" content=\"1200\" \/>\n\t<meta property=\"og:image:height\" content=\"1200\" \/>\n\t<meta property=\"og:image:type\" content=\"image\/jpeg\" \/>\n<meta name=\"twitter:card\" content=\"summary_large_image\" \/>\n<meta name=\"twitter:label1\" content=\"Dur\u00e9e de lecture estim\u00e9e\" \/>\n\t<meta name=\"twitter:data1\" content=\"2 minutes\" \/>\n<script type=\"application\/ld+json\" class=\"yoast-schema-graph\">{\"@context\":\"https:\/\/schema.org\",\"@graph\":[{\"@type\":\"WebPage\",\"@id\":\"https:\/\/newgarden.es\/fr\/shop\/mobilier\/tables-et-tables-basses\/capri-40-light\/\",\"url\":\"https:\/\/newgarden.es\/fr\/shop\/mobilier\/tables-et-tables-basses\/capri-40-light\/\",\"name\":\"TABLE BASSE CAPRI 40 AVEC LUMI\u00c8RE SOLAIRE\",\"isPartOf\":{\"@id\":\"https:\/\/newgarden.es\/#website\"},\"primaryImageOfPage\":{\"@id\":\"https:\/\/newgarden.es\/fr\/shop\/mobilier\/tables-et-tables-basses\/capri-40-light\/#primaryimage\"},\"image\":{\"@id\":\"https:\/\/newgarden.es\/fr\/shop\/mobilier\/tables-et-tables-basses\/capri-40-light\/#primaryimage\"},\"thumbnailUrl\":\"https:\/\/newgarden.es\/wp-content\/uploads\/2019\/06\/CAPRI_40_SOLAR_OPACO_1200X1200-3-1.jpg\",\"datePublished\":\"2019-10-11T11:17:50+00:00\",\"dateModified\":\"2022-01-27T11:46:59+00:00\",\"description\":\"Table basse ronde et blanche d'ext\u00e9rieur de la collection Capri fabriqu\u00e9e par Newgarden en poly\u00e9thyl\u00e8ne, Graphique et original, ce mod\u00e8le poss\u00e8de un indice\",\"breadcrumb\":{\"@id\":\"https:\/\/newgarden.es\/fr\/shop\/mobilier\/tables-et-tables-basses\/capri-40-light\/#breadcrumb\"},\"inLanguage\":\"fr-FR\",\"potentialAction\":[{\"@type\":\"ReadAction\",\"target\":[\"https:\/\/newgarden.es\/fr\/shop\/mobilier\/tables-et-tables-basses\/capri-40-light\/\"]}]},{\"@type\":\"ImageObject\",\"inLanguage\":\"fr-FR\",\"@id\":\"https:\/\/newgarden.es\/fr\/shop\/mobilier\/tables-et-tables-basses\/capri-40-light\/#primaryimage\",\"url\":\"https:\/\/newgarden.es\/wp-content\/uploads\/2019\/06\/CAPRI_40_SOLAR_OPACO_1200X1200-3-1.jpg\",\"contentUrl\":\"https:\/\/newgarden.es\/wp-content\/uploads\/2019\/06\/CAPRI_40_SOLAR_OPACO_1200X1200-3-1.jpg\",\"width\":1200,\"height\":1200},{\"@type\":\"BreadcrumbList\",\"@id\":\"https:\/\/newgarden.es\/fr\/shop\/mobilier\/tables-et-tables-basses\/capri-40-light\/#breadcrumb\",\"itemListElement\":[{\"@type\":\"ListItem\",\"position\":1,\"name\":\"Home\",\"item\":\"https:\/\/newgarden.es\/fr\/\"},{\"@type\":\"ListItem\",\"position\":2,\"name\":\"Boutique\",\"item\":\"https:\/\/newgarden.es\/fr\/boutique\/\"},{\"@type\":\"ListItem\",\"position\":3,\"name\":\"TABLE BASSE CAPRI 40 AVEC LUMI\u00c8RE\"}]},{\"@type\":\"WebSite\",\"@id\":\"https:\/\/newgarden.es\/#website\",\"url\":\"https:\/\/newgarden.es\/\",\"name\":\"Newgarden\",\"description\":\"Be happy\",\"potentialAction\":[{\"@type\":\"SearchAction\",\"target\":{\"@type\":\"EntryPoint\",\"urlTemplate\":\"https:\/\/newgarden.es\/?s={search_term_string}\"},\"query-input\":{\"@type\":\"PropertyValueSpecification\",\"valueRequired\":true,\"valueName\":\"search_term_string\"}}],\"inLanguage\":\"fr-FR\"}]}<\/script>\n<!-- \/ Yoast SEO plugin. -->","yoast_head_json":{"title":"TABLE BASSE CAPRI 40 AVEC LUMI\u00c8RE SOLAIRE","description":"Table basse ronde et blanche d'ext\u00e9rieur de la collection Capri fabriqu\u00e9e par Newgarden en poly\u00e9thyl\u00e8ne, Graphique et original, ce mod\u00e8le poss\u00e8de un indice","robots":{"index":"index","follow":"follow","max-snippet":"max-snippet:-1","max-image-preview":"max-image-preview:large","max-video-preview":"max-video-preview:-1"},"canonical":"https:\/\/newgarden.es\/fr\/shop\/mobilier\/tables-et-tables-basses\/capri-40-light\/","og_locale":"fr_FR","og_type":"article","og_title":"TABLE BASSE CAPRI 40 AVEC LUMI\u00c8RE SOLAIRE","og_description":"Table basse ronde et blanche d'ext\u00e9rieur de la collection Capri fabriqu\u00e9e par Newgarden en poly\u00e9thyl\u00e8ne, Graphique et original, ce mod\u00e8le poss\u00e8de un indice","og_url":"https:\/\/newgarden.es\/fr\/shop\/mobilier\/tables-et-tables-basses\/capri-40-light\/","og_site_name":"Newgarden","article_modified_time":"2022-01-27T11:46:59+00:00","og_image":[{"width":1200,"height":1200,"url":"https:\/\/newgarden.es\/wp-content\/uploads\/2019\/06\/CAPRI_40_SOLAR_OPACO_1200X1200-3-1.jpg","type":"image\/jpeg"}],"twitter_card":"summary_large_image","twitter_misc":{"Dur\u00e9e de lecture estim\u00e9e":"2 minutes"},"schema":{"@context":"https:\/\/schema.org","@graph":[{"@type":"WebPage","@id":"https:\/\/newgarden.es\/fr\/shop\/mobilier\/tables-et-tables-basses\/capri-40-light\/","url":"https:\/\/newgarden.es\/fr\/shop\/mobilier\/tables-et-tables-basses\/capri-40-light\/","name":"TABLE BASSE CAPRI 40 AVEC LUMI\u00c8RE SOLAIRE","isPartOf":{"@id":"https:\/\/newgarden.es\/#website"},"primaryImageOfPage":{"@id":"https:\/\/newgarden.es\/fr\/shop\/mobilier\/tables-et-tables-basses\/capri-40-light\/#primaryimage"},"image":{"@id":"https:\/\/newgarden.es\/fr\/shop\/mobilier\/tables-et-tables-basses\/capri-40-light\/#primaryimage"},"thumbnailUrl":"https:\/\/newgarden.es\/wp-content\/uploads\/2019\/06\/CAPRI_40_SOLAR_OPACO_1200X1200-3-1.jpg","datePublished":"2019-10-11T11:17:50+00:00","dateModified":"2022-01-27T11:46:59+00:00","description":"Table basse ronde et blanche d'ext\u00e9rieur de la collection Capri fabriqu\u00e9e par Newgarden en poly\u00e9thyl\u00e8ne, Graphique et original, ce mod\u00e8le poss\u00e8de un indice","breadcrumb":{"@id":"https:\/\/newgarden.es\/fr\/shop\/mobilier\/tables-et-tables-basses\/capri-40-light\/#breadcrumb"},"inLanguage":"fr-FR","potentialAction":[{"@type":"ReadAction","target":["https:\/\/newgarden.es\/fr\/shop\/mobilier\/tables-et-tables-basses\/capri-40-light\/"]}]},{"@type":"ImageObject","inLanguage":"fr-FR","@id":"https:\/\/newgarden.es\/fr\/shop\/mobilier\/tables-et-tables-basses\/capri-40-light\/#primaryimage","url":"https:\/\/newgarden.es\/wp-content\/uploads\/2019\/06\/CAPRI_40_SOLAR_OPACO_1200X1200-3-1.jpg","contentUrl":"https:\/\/newgarden.es\/wp-content\/uploads\/2019\/06\/CAPRI_40_SOLAR_OPACO_1200X1200-3-1.jpg","width":1200,"height":1200},{"@type":"BreadcrumbList","@id":"https:\/\/newgarden.es\/fr\/shop\/mobilier\/tables-et-tables-basses\/capri-40-light\/#breadcrumb","itemListElement":[{"@type":"ListItem","position":1,"name":"Home","item":"https:\/\/newgarden.es\/fr\/"},{"@type":"ListItem","position":2,"name":"Boutique","item":"https:\/\/newgarden.es\/fr\/boutique\/"},{"@type":"ListItem","position":3,"name":"TABLE BASSE CAPRI 40 AVEC LUMI\u00c8RE"}]},{"@type":"WebSite","@id":"https:\/\/newgarden.es\/#website","url":"https:\/\/newgarden.es\/","name":"Newgarden","description":"Be happy","potentialAction":[{"@type":"SearchAction","target":{"@type":"EntryPoint","urlTemplate":"https:\/\/newgarden.es\/?s={search_term_string}"},"query-input":{"@type":"PropertyValueSpecification","valueRequired":true,"valueName":"search_term_string"}}],"inLanguage":"fr-FR"}]}},"df_price":169.1,"df_sale_price":"","df_regular_price":169.1,"df_image_link":"https:\/\/newgarden.es\/wp-content\/uploads\/2019\/06\/CAPRI_40_SOLAR_OPACO_1200X1200-3-1-580x400.jpg","_links":{"self":[{"href":"https:\/\/newgarden.es\/fr\/wp-json\/wp\/v2\/product\/16842"}],"collection":[{"href":"https:\/\/newgarden.es\/fr\/wp-json\/wp\/v2\/product"}],"about":[{"href":"https:\/\/newgarden.es\/fr\/wp-json\/wp\/v2\/types\/product"}],"wp:featuredmedia":[{"embeddable":true,"href":"https:\/\/newgarden.es\/fr\/wp-json\/wp\/v2\/media\/64091"}],"wp:attachment":[{"href":"https:\/\/newgarden.es\/fr\/wp-json\/wp\/v2\/media?parent=16842"}],"wp:term":[{"taxonomy":"product_cat","embeddable":true,"href":"https:\/\/newgarden.es\/fr\/wp-json\/wp\/v2\/product_cat?post=16842"},{"taxonomy":"product_tag","embeddable":true,"href":"https:\/\/newgarden.es\/fr\/wp-json\/wp\/v2\/product_tag?post=16842"}],"curies":[{"name":"wp","href":"https:\/\/api.w.org\/{rel}","templated":true}]}}