{"id":16868,"date":"2019-06-03T11:50:27","date_gmt":"2019-10-11T11:28:57","guid":{"rendered":"https:\/\/newgarden.es\/shop\/sin%20categor\u00eda\/martinica-light\/"},"modified":"2022-01-27T12:50:13","modified_gmt":"2022-01-27T11:50:13","slug":"martinica-light","status":"publish","type":"product","link":"https:\/\/newgarden.es\/fr\/shop\/mobilier\/tables-et-tables-basses\/martinica-light\/","title":{"rendered":"TABLE BASSE MARTINICA AVEC LUMI\u00c8RE"},"content":{"rendered":"<section class=\"wpb-content-wrapper\"><p>[vc_row][vc_column el_class=\u00a0\u00bbdescripcion_producto\u00a0\u00bb][vc_column_text]<\/p>\n<p style=\"text-align: justify;\">TABLE BASSE LUMINEUSE <strong>MARTINICA<\/strong>:<\/p>\n<p>Table basse qui fait partie de la <span style=\"text-decoration: underline;\">collection NEW ISLAND<\/span>. Ses formes arrondies s&rsquo;inspirent de l&rsquo;essence m\u00e9diterran\u00e9enne. Parfaite pour d\u00e9corer les terrasses ou les jardins avec la fiabilit\u00e9 du sceau Newgarden.<br \/>\nMod\u00e8le disponible en deux versions: <strong>non lumineux<\/strong>(blanc opaque) &#8211; <strong>solaire+batterie rechargeable<\/strong>.<\/p>\n<p><strong>Martinica<\/strong> est \u00e9quip\u00e9e d&rsquo;un capteur cr\u00e9pusculaire qui d\u00e9clenche automatiquement l&rsquo;allumage \u00e0 la nuit tomb\u00e9e. Cette table led rgb b\u00e9n\u00e9ficie de la technologie <span style=\"text-decoration: underline;\">Newgarden\u00a0<\/span>solaire+charge batterie : elle se charge par le soleil (8 \u00e0 12h) pour une autonomie de 2 \u00e0 6 heures ou par batterie (chargeur fourni) en 4 \u00e0 6 heures pour une autonomie de 12 \u00e0 36 heures ! Elle est \u00e9quip\u00e9e d&rsquo;une t\u00e9l\u00e9commande (fournie) qui permet de choisir parmi 128 couleurs et trois blancs.<\/p>\n<p style=\"text-align: justify;\"><em>Tous les produits Newgarden sont fabriqu\u00e9s en poly\u00e9thyl\u00e8ne, ils sont donc l\u00e9gers et tr\u00e8s r\u00e9sistants aux temp\u00e9ratures extr\u00eames. Ils sont \u00e9galement r\u00e9sistants aux rayons UV, ce qui rend la dur\u00e9e de vie du produit extraordinairement longue.<\/em><\/p>\n<div class=\"name\">\n<ul class=\"tablaTech\">\n<li>\n<div class=\"boxContents no-border\">\n<div class=\"name\"><strong>TAILLE<\/strong><\/div>\n<div class=\"data\">100 x 100 x 35 cm<\/div>\n<\/div>\n<\/li>\n<\/ul>\n<\/div>\n<p>[\/vc_column_text][\/vc_column][\/vc_row][vc_row disable_element=\u00a0\u00bbyes\u00a0\u00bb][vc_column][vc_single_image image=\u00a0\u00bb6566&Prime; img_size=\u00a0\u00bbfull\u00a0\u00bb][\/vc_column][\/vc_row][vc_row][vc_column width=\u00a0\u00bb1\/2&Prime;][vc_btn title=\u00a0\u00bbFiche technique\u00a0\u00bb style=\u00a0\u00bbcustom\u00a0\u00bb custom_background=\u00a0\u00bb#009bc2&Prime; custom_text=\u00a0\u00bb#ffffff\u00a0\u00bb shape=\u00a0\u00bbsquare\u00a0\u00bb link=\u00a0\u00bburl:https%3A%2F%2Fwww.newgarden.es%2Fwp-content%2Fuploads%2F2018%2F02%2FMartinica.pdf|target:%20_blank|\u00a0\u00bb el_class=\u00a0\u00bbbtn_descargar_ficha\u00a0\u00bb][\/vc_column][vc_column width=\u00a0\u00bb1\/2&Prime;][vc_btn title=\u00a0\u00bbManuel d&rsquo;instrutions\u00a0\u00bb style=\u00a0\u00bbcustom\u00a0\u00bb custom_background=\u00a0\u00bb#009bc2&Prime; custom_text=\u00a0\u00bb#ffffff\u00a0\u00bb shape=\u00a0\u00bbsquare\u00a0\u00bb link=\u00a0\u00bburl:https%3A%2F%2Fnewgarden.es%2Finstrucciones%2F||target:%20_blank|\u00a0\u00bb el_class=\u00a0\u00bbbtn_descargar_ficha\u00a0\u00bb][\/vc_column][\/vc_row]<\/p>\n<\/section>","protected":false},"excerpt":{"rendered":"<h5 style=\"font-size: 12px;\"><strong>Table basse lumineuse Martinica<\/strong><\/h5>\n","protected":false},"featured_media":64106,"template":"","meta":[],"product_cat":[657,748],"product_tag":[707,648],"class_list":{"0":"post-16868","1":"product","2":"type-product","3":"status-publish","4":"has-post-thumbnail","6":"product_cat-mobilier","7":"product_cat-tables-et-tables-basses","8":"product_tag-sans-fil","9":"product_tag-solaire","11":"first","12":"instock","13":"taxable","14":"shipping-taxable","15":"purchasable","16":"product-type-variable"},"yoast_head":"<!-- This site is optimized with the Yoast SEO plugin v24.2 - https:\/\/yoast.com\/wordpress\/plugins\/seo\/ -->\n<title>MARTINICA table basse ext\u00e9rieure \u00e9clair\u00e9e charge solaire ext\u00e9rieur<\/title>\n<meta name=\"description\" content=\"MARTINICA une table basse con\u00e7ue par les lignes arrondies de la M\u00e9diterran\u00e9e sur le jardin de vos h\u00f4tels d&#039;affaires \u00e0 la maison ou les bars se d\u00e9tendre les zones. Table MARTINICA ext\u00e9rieur batterie solaire est disponible avec ou sans \u00e9clairage d&#039;\u00e9clairage.\" \/>\n<meta name=\"robots\" content=\"index, follow, max-snippet:-1, max-image-preview:large, max-video-preview:-1\" \/>\n<link rel=\"canonical\" href=\"https:\/\/newgarden.es\/fr\/shop\/mobilier\/tables-et-tables-basses\/martinica-light\/\" \/>\n<meta property=\"og:locale\" content=\"fr_FR\" \/>\n<meta property=\"og:type\" content=\"article\" \/>\n<meta property=\"og:title\" content=\"MARTINICA table basse ext\u00e9rieure \u00e9clair\u00e9e charge solaire ext\u00e9rieur\" \/>\n<meta property=\"og:description\" content=\"MARTINICA une table basse con\u00e7ue par les lignes arrondies de la M\u00e9diterran\u00e9e sur le jardin de vos h\u00f4tels d&#039;affaires \u00e0 la maison ou les bars se d\u00e9tendre les zones. Table MARTINICA ext\u00e9rieur batterie solaire est disponible avec ou sans \u00e9clairage d&#039;\u00e9clairage.\" \/>\n<meta property=\"og:url\" content=\"https:\/\/newgarden.es\/fr\/shop\/mobilier\/tables-et-tables-basses\/martinica-light\/\" \/>\n<meta property=\"og:site_name\" content=\"Newgarden\" \/>\n<meta property=\"article:modified_time\" content=\"2022-01-27T11:50:13+00:00\" \/>\n<meta property=\"og:image\" content=\"https:\/\/newgarden.es\/wp-content\/uploads\/2019\/06\/MARTINICAc_NEWISLANDSET_1200X1200-3-1.jpg\" \/>\n\t<meta property=\"og:image:width\" content=\"1200\" \/>\n\t<meta property=\"og:image:height\" content=\"1200\" \/>\n\t<meta property=\"og:image:type\" content=\"image\/jpeg\" \/>\n<meta name=\"twitter:card\" content=\"summary_large_image\" \/>\n<meta name=\"twitter:label1\" content=\"Dur\u00e9e de lecture estim\u00e9e\" \/>\n\t<meta name=\"twitter:data1\" content=\"1 minute\" \/>\n<script type=\"application\/ld+json\" class=\"yoast-schema-graph\">{\"@context\":\"https:\/\/schema.org\",\"@graph\":[{\"@type\":\"WebPage\",\"@id\":\"https:\/\/newgarden.es\/fr\/shop\/mobilier\/tables-et-tables-basses\/martinica-light\/\",\"url\":\"https:\/\/newgarden.es\/fr\/shop\/mobilier\/tables-et-tables-basses\/martinica-light\/\",\"name\":\"MARTINICA table basse ext\u00e9rieure \u00e9clair\u00e9e charge solaire ext\u00e9rieur\",\"isPartOf\":{\"@id\":\"https:\/\/newgarden.es\/#website\"},\"primaryImageOfPage\":{\"@id\":\"https:\/\/newgarden.es\/fr\/shop\/mobilier\/tables-et-tables-basses\/martinica-light\/#primaryimage\"},\"image\":{\"@id\":\"https:\/\/newgarden.es\/fr\/shop\/mobilier\/tables-et-tables-basses\/martinica-light\/#primaryimage\"},\"thumbnailUrl\":\"https:\/\/newgarden.es\/wp-content\/uploads\/2019\/06\/MARTINICAc_NEWISLANDSET_1200X1200-3-1.jpg\",\"datePublished\":\"2019-10-11T11:28:57+00:00\",\"dateModified\":\"2022-01-27T11:50:13+00:00\",\"description\":\"MARTINICA une table basse con\u00e7ue par les lignes arrondies de la M\u00e9diterran\u00e9e sur le jardin de vos h\u00f4tels d'affaires \u00e0 la maison ou les bars se d\u00e9tendre les zones. Table MARTINICA ext\u00e9rieur batterie solaire est disponible avec ou sans \u00e9clairage d'\u00e9clairage.\",\"breadcrumb\":{\"@id\":\"https:\/\/newgarden.es\/fr\/shop\/mobilier\/tables-et-tables-basses\/martinica-light\/#breadcrumb\"},\"inLanguage\":\"fr-FR\",\"potentialAction\":[{\"@type\":\"ReadAction\",\"target\":[\"https:\/\/newgarden.es\/fr\/shop\/mobilier\/tables-et-tables-basses\/martinica-light\/\"]}]},{\"@type\":\"ImageObject\",\"inLanguage\":\"fr-FR\",\"@id\":\"https:\/\/newgarden.es\/fr\/shop\/mobilier\/tables-et-tables-basses\/martinica-light\/#primaryimage\",\"url\":\"https:\/\/newgarden.es\/wp-content\/uploads\/2019\/06\/MARTINICAc_NEWISLANDSET_1200X1200-3-1.jpg\",\"contentUrl\":\"https:\/\/newgarden.es\/wp-content\/uploads\/2019\/06\/MARTINICAc_NEWISLANDSET_1200X1200-3-1.jpg\",\"width\":1200,\"height\":1200},{\"@type\":\"BreadcrumbList\",\"@id\":\"https:\/\/newgarden.es\/fr\/shop\/mobilier\/tables-et-tables-basses\/martinica-light\/#breadcrumb\",\"itemListElement\":[{\"@type\":\"ListItem\",\"position\":1,\"name\":\"Home\",\"item\":\"https:\/\/newgarden.es\/fr\/\"},{\"@type\":\"ListItem\",\"position\":2,\"name\":\"Boutique\",\"item\":\"https:\/\/newgarden.es\/fr\/boutique\/\"},{\"@type\":\"ListItem\",\"position\":3,\"name\":\"TABLE BASSE MARTINICA AVEC LUMI\u00c8RE\"}]},{\"@type\":\"WebSite\",\"@id\":\"https:\/\/newgarden.es\/#website\",\"url\":\"https:\/\/newgarden.es\/\",\"name\":\"Newgarden\",\"description\":\"Be happy\",\"potentialAction\":[{\"@type\":\"SearchAction\",\"target\":{\"@type\":\"EntryPoint\",\"urlTemplate\":\"https:\/\/newgarden.es\/?s={search_term_string}\"},\"query-input\":{\"@type\":\"PropertyValueSpecification\",\"valueRequired\":true,\"valueName\":\"search_term_string\"}}],\"inLanguage\":\"fr-FR\"}]}<\/script>\n<!-- \/ Yoast SEO plugin. -->","yoast_head_json":{"title":"MARTINICA table basse ext\u00e9rieure \u00e9clair\u00e9e charge solaire ext\u00e9rieur","description":"MARTINICA une table basse con\u00e7ue par les lignes arrondies de la M\u00e9diterran\u00e9e sur le jardin de vos h\u00f4tels d'affaires \u00e0 la maison ou les bars se d\u00e9tendre les zones. Table MARTINICA ext\u00e9rieur batterie solaire est disponible avec ou sans \u00e9clairage d'\u00e9clairage.","robots":{"index":"index","follow":"follow","max-snippet":"max-snippet:-1","max-image-preview":"max-image-preview:large","max-video-preview":"max-video-preview:-1"},"canonical":"https:\/\/newgarden.es\/fr\/shop\/mobilier\/tables-et-tables-basses\/martinica-light\/","og_locale":"fr_FR","og_type":"article","og_title":"MARTINICA table basse ext\u00e9rieure \u00e9clair\u00e9e charge solaire ext\u00e9rieur","og_description":"MARTINICA une table basse con\u00e7ue par les lignes arrondies de la M\u00e9diterran\u00e9e sur le jardin de vos h\u00f4tels d'affaires \u00e0 la maison ou les bars se d\u00e9tendre les zones. Table MARTINICA ext\u00e9rieur batterie solaire est disponible avec ou sans \u00e9clairage d'\u00e9clairage.","og_url":"https:\/\/newgarden.es\/fr\/shop\/mobilier\/tables-et-tables-basses\/martinica-light\/","og_site_name":"Newgarden","article_modified_time":"2022-01-27T11:50:13+00:00","og_image":[{"width":1200,"height":1200,"url":"https:\/\/newgarden.es\/wp-content\/uploads\/2019\/06\/MARTINICAc_NEWISLANDSET_1200X1200-3-1.jpg","type":"image\/jpeg"}],"twitter_card":"summary_large_image","twitter_misc":{"Dur\u00e9e de lecture estim\u00e9e":"1 minute"},"schema":{"@context":"https:\/\/schema.org","@graph":[{"@type":"WebPage","@id":"https:\/\/newgarden.es\/fr\/shop\/mobilier\/tables-et-tables-basses\/martinica-light\/","url":"https:\/\/newgarden.es\/fr\/shop\/mobilier\/tables-et-tables-basses\/martinica-light\/","name":"MARTINICA table basse ext\u00e9rieure \u00e9clair\u00e9e charge solaire ext\u00e9rieur","isPartOf":{"@id":"https:\/\/newgarden.es\/#website"},"primaryImageOfPage":{"@id":"https:\/\/newgarden.es\/fr\/shop\/mobilier\/tables-et-tables-basses\/martinica-light\/#primaryimage"},"image":{"@id":"https:\/\/newgarden.es\/fr\/shop\/mobilier\/tables-et-tables-basses\/martinica-light\/#primaryimage"},"thumbnailUrl":"https:\/\/newgarden.es\/wp-content\/uploads\/2019\/06\/MARTINICAc_NEWISLANDSET_1200X1200-3-1.jpg","datePublished":"2019-10-11T11:28:57+00:00","dateModified":"2022-01-27T11:50:13+00:00","description":"MARTINICA une table basse con\u00e7ue par les lignes arrondies de la M\u00e9diterran\u00e9e sur le jardin de vos h\u00f4tels d'affaires \u00e0 la maison ou les bars se d\u00e9tendre les zones. Table MARTINICA ext\u00e9rieur batterie solaire est disponible avec ou sans \u00e9clairage d'\u00e9clairage.","breadcrumb":{"@id":"https:\/\/newgarden.es\/fr\/shop\/mobilier\/tables-et-tables-basses\/martinica-light\/#breadcrumb"},"inLanguage":"fr-FR","potentialAction":[{"@type":"ReadAction","target":["https:\/\/newgarden.es\/fr\/shop\/mobilier\/tables-et-tables-basses\/martinica-light\/"]}]},{"@type":"ImageObject","inLanguage":"fr-FR","@id":"https:\/\/newgarden.es\/fr\/shop\/mobilier\/tables-et-tables-basses\/martinica-light\/#primaryimage","url":"https:\/\/newgarden.es\/wp-content\/uploads\/2019\/06\/MARTINICAc_NEWISLANDSET_1200X1200-3-1.jpg","contentUrl":"https:\/\/newgarden.es\/wp-content\/uploads\/2019\/06\/MARTINICAc_NEWISLANDSET_1200X1200-3-1.jpg","width":1200,"height":1200},{"@type":"BreadcrumbList","@id":"https:\/\/newgarden.es\/fr\/shop\/mobilier\/tables-et-tables-basses\/martinica-light\/#breadcrumb","itemListElement":[{"@type":"ListItem","position":1,"name":"Home","item":"https:\/\/newgarden.es\/fr\/"},{"@type":"ListItem","position":2,"name":"Boutique","item":"https:\/\/newgarden.es\/fr\/boutique\/"},{"@type":"ListItem","position":3,"name":"TABLE BASSE MARTINICA AVEC LUMI\u00c8RE"}]},{"@type":"WebSite","@id":"https:\/\/newgarden.es\/#website","url":"https:\/\/newgarden.es\/","name":"Newgarden","description":"Be happy","potentialAction":[{"@type":"SearchAction","target":{"@type":"EntryPoint","urlTemplate":"https:\/\/newgarden.es\/?s={search_term_string}"},"query-input":{"@type":"PropertyValueSpecification","valueRequired":true,"valueName":"search_term_string"}}],"inLanguage":"fr-FR"}]}},"df_price":270.5,"df_sale_price":"","df_regular_price":270.5,"df_image_link":"https:\/\/newgarden.es\/wp-content\/uploads\/2019\/06\/MARTINICAc_NEWISLANDSET_1200X1200-3-1-580x400.jpg","_links":{"self":[{"href":"https:\/\/newgarden.es\/fr\/wp-json\/wp\/v2\/product\/16868"}],"collection":[{"href":"https:\/\/newgarden.es\/fr\/wp-json\/wp\/v2\/product"}],"about":[{"href":"https:\/\/newgarden.es\/fr\/wp-json\/wp\/v2\/types\/product"}],"wp:featuredmedia":[{"embeddable":true,"href":"https:\/\/newgarden.es\/fr\/wp-json\/wp\/v2\/media\/64106"}],"wp:attachment":[{"href":"https:\/\/newgarden.es\/fr\/wp-json\/wp\/v2\/media?parent=16868"}],"wp:term":[{"taxonomy":"product_cat","embeddable":true,"href":"https:\/\/newgarden.es\/fr\/wp-json\/wp\/v2\/product_cat?post=16868"},{"taxonomy":"product_tag","embeddable":true,"href":"https:\/\/newgarden.es\/fr\/wp-json\/wp\/v2\/product_tag?post=16868"}],"curies":[{"name":"wp","href":"https:\/\/api.w.org\/{rel}","templated":true}]}}