{"id":17008,"date":"2019-06-03T11:49:14","date_gmt":"2019-10-14T07:43:23","guid":{"rendered":"https:\/\/newgarden.es\/shop\/sin%20categor\u00eda\/mallorca-light\/"},"modified":"2022-03-23T15:17:34","modified_gmt":"2022-03-23T14:17:34","slug":"mallorca-light","status":"publish","type":"product","link":"https:\/\/newgarden.es\/fr\/shop\/mobilier\/sieges\/mallorca-light\/","title":{"rendered":"FAUTEUIL MALLORCA 60 AVEC LUMI\u00c8RE"},"content":{"rendered":"<section class=\"wpb-content-wrapper\"><p>[vc_row][vc_column el_class=\u00a0\u00bbdescripcion_producto\u00a0\u00bb][vc_column_text]<\/p>\n<p>FAUTEUIL D&rsquo;EXT\u00c9RIEUR SOLAIRE<strong> MALLORCA 60: Mallorca<\/strong> est le si\u00e8ge indispensable pour votre terrasse ou jardin. Sa hauteur et son design ont \u00e9t\u00e9 con\u00e7us pour faire partie des ensembles et\u00a0collection <strong>CAPRI<\/strong>. Robuste et l\u00e9ger, il offre un \u00e9quilibre parfait entre qualit\u00e9 et modernit\u00e9.<\/p>\n<p>Fauteuil lumineux d&rsquo;ext\u00e9rieur <strong>led rgb<\/strong> <strong>solaire<\/strong> et rechargeable de la collection <strong>Mallorca<\/strong> fabriqu\u00e9 par <span style=\"text-decoration: underline;\">Newgarden<\/span> compos\u00e9 d&rsquo;un diffuseur en poly\u00e9thyl\u00e8ne opalin, <strong>Mallorca<\/strong> est \u00e9quip\u00e9 d&rsquo;un <strong>capteur cr\u00e9pusculaire<\/strong> qui d\u00e9clenche automatiquement l&rsquo;allumage \u00e0 la nuit tomb\u00e9e.<br \/>\nCe fauteuil led rgb b\u00e9n\u00e9ficie de la technologie <span style=\"text-decoration: underline;\">Newgarden<\/span> <strong>solaire+charge batterie<\/strong> : il se charge par le soleil (8 \u00e0 12h) pour une autonomie de 2 \u00e0 6 heures ou par batterie (chargeur fourni) en 4 \u00e0 6 heures pour une autonomie de 12 \u00e0 36 heures ! Il est \u00e9quip\u00e9 d&rsquo;une t\u00e9l\u00e9commande (fournie) qui permet de choisir parmi 128 couleurs et trois blancs.<br \/>\nGraphique et original avec ses lignes galb\u00e9es, ce fauteuil poss\u00e8de un indice de protection important (<strong>IP65<\/strong>) qui le garantit contre les projections d&rsquo;eau, <strong>Mallorca<\/strong> pourra donc \u00eatre install\u00e9 en toute s\u00e9curit\u00e9 dans un espace ext\u00e9rieur.<\/p>\n<p>Mod\u00e8le disponible en deux versions: <strong>sans lumi\u00e8re<\/strong>(blanc opaque) &#8211; <strong>solaire+batterie<\/strong> rechargeable(led rgb).<\/p>\n<p><em>Tous les produits Newgarden sont fabriqu\u00e9s en poly\u00e9thyl\u00e8ne, ils sont donc l\u00e9gers et tr\u00e8s r\u00e9sistants aux temp\u00e9ratures extr\u00eames. Ils sont \u00e9galement prot\u00e9g\u00e9s contre les rayons UV, ce qui rend la dur\u00e9e de vie du produit extraordinairement longue.<\/em><\/p>\n<ul class=\"tablaTech\">\n<li>\n<div class=\"boxContents no-border\">\n<div class=\"name\"><strong>DIMENSION<\/strong><\/div>\n<div class=\"data\">60 x 55 x 71 cm<\/div>\n<\/div>\n<\/li>\n<\/ul>\n<p>[\/vc_column_text][\/vc_column][\/vc_row][vc_row disable_element=\u00a0\u00bbyes\u00a0\u00bb][vc_column][vc_single_image image=\u00a0\u00bb6566&Prime; img_size=\u00a0\u00bbfull\u00a0\u00bb][\/vc_column][\/vc_row][vc_row][vc_column width=\u00a0\u00bb1\/2&Prime;][vc_btn title=\u00a0\u00bbFiche technique\u00a0\u00bb style=\u00a0\u00bbcustom\u00a0\u00bb custom_background=\u00a0\u00bb#009bc2&Prime; custom_text=\u00a0\u00bb#ffffff\u00a0\u00bb shape=\u00a0\u00bbsquare\u00a0\u00bb link=\u00a0\u00bburl:https%3A%2F%2Fwww.newgarden.es%2Fwp-content%2Fuploads%2F2018%2F02%2FMallorca.pdf|target:%20_blank|\u00a0\u00bb el_class=\u00a0\u00bbbtn_descargar_ficha\u00a0\u00bb][\/vc_column][vc_column width=\u00a0\u00bb1\/2&Prime;][vc_btn title=\u00a0\u00bbManuel d&rsquo;instrutions\u00a0\u00bb style=\u00a0\u00bbcustom\u00a0\u00bb custom_background=\u00a0\u00bb#009bc2&Prime; custom_text=\u00a0\u00bb#ffffff\u00a0\u00bb shape=\u00a0\u00bbsquare\u00a0\u00bb link=\u00a0\u00bburl:https%3A%2F%2Fnewgarden.es%2Finstrucciones%2F||target:%20_blank|\u00a0\u00bb el_class=\u00a0\u00bbbtn_descargar_ficha\u00a0\u00bb][\/vc_column][\/vc_row]<\/p>\n<\/section>","protected":false},"excerpt":{"rendered":"<h1 style=\"font-size: 12px;\">Si\u00e8ge d&rsquo;ext\u00e9rieur avec lumi\u00e8re par charge solaire Mallorca 60<\/h1>\n","protected":false},"featured_media":63506,"template":"","meta":[],"product_cat":[657,658],"product_tag":[707,648],"class_list":{"0":"post-17008","1":"product","2":"type-product","3":"status-publish","4":"has-post-thumbnail","6":"product_cat-mobilier","7":"product_cat-sieges","8":"product_tag-sans-fil","9":"product_tag-solaire","11":"first","12":"instock","13":"taxable","14":"shipping-taxable","15":"purchasable","16":"product-type-variable"},"yoast_head":"<!-- This site is optimized with the Yoast SEO plugin v24.2 - https:\/\/yoast.com\/wordpress\/plugins\/seo\/ -->\n<title>FAUTEUIL D&#039;EXT\u00c9RIEUR SOLAIRE MALLORCA 60<\/title>\n<meta name=\"description\" content=\"Mallorca est le si\u00e8ge indispensable pour votre terrasse ou jardin. Sa hauteur et son design ont \u00e9t\u00e9 con\u00e7us pour faire partie des ensembles et\u00a0collection\" \/>\n<meta name=\"robots\" content=\"index, follow, max-snippet:-1, max-image-preview:large, max-video-preview:-1\" \/>\n<link rel=\"canonical\" href=\"https:\/\/newgarden.es\/fr\/shop\/mobilier\/sieges\/mallorca-light\/\" \/>\n<meta property=\"og:locale\" content=\"fr_FR\" \/>\n<meta property=\"og:type\" content=\"article\" \/>\n<meta property=\"og:title\" content=\"FAUTEUIL D&#039;EXT\u00c9RIEUR SOLAIRE MALLORCA 60\" \/>\n<meta property=\"og:description\" content=\"Mallorca est le si\u00e8ge indispensable pour votre terrasse ou jardin. Sa hauteur et son design ont \u00e9t\u00e9 con\u00e7us pour faire partie des ensembles et\u00a0collection\" \/>\n<meta property=\"og:url\" content=\"https:\/\/newgarden.es\/fr\/shop\/mobilier\/sieges\/mallorca-light\/\" \/>\n<meta property=\"og:site_name\" content=\"Newgarden\" \/>\n<meta property=\"article:modified_time\" content=\"2022-03-23T14:17:34+00:00\" \/>\n<meta property=\"og:image\" content=\"https:\/\/newgarden.es\/wp-content\/uploads\/2019\/06\/MALLORCA_60_1200X1200-8-1.jpg\" \/>\n\t<meta property=\"og:image:width\" content=\"1200\" \/>\n\t<meta property=\"og:image:height\" content=\"1200\" \/>\n\t<meta property=\"og:image:type\" content=\"image\/jpeg\" \/>\n<meta name=\"twitter:card\" content=\"summary_large_image\" \/>\n<meta name=\"twitter:label1\" content=\"Dur\u00e9e de lecture estim\u00e9e\" \/>\n\t<meta name=\"twitter:data1\" content=\"2 minutes\" \/>\n<script type=\"application\/ld+json\" class=\"yoast-schema-graph\">{\"@context\":\"https:\/\/schema.org\",\"@graph\":[{\"@type\":\"WebPage\",\"@id\":\"https:\/\/newgarden.es\/fr\/shop\/mobilier\/sieges\/mallorca-light\/\",\"url\":\"https:\/\/newgarden.es\/fr\/shop\/mobilier\/sieges\/mallorca-light\/\",\"name\":\"FAUTEUIL D'EXT\u00c9RIEUR SOLAIRE MALLORCA 60\",\"isPartOf\":{\"@id\":\"https:\/\/newgarden.es\/#website\"},\"primaryImageOfPage\":{\"@id\":\"https:\/\/newgarden.es\/fr\/shop\/mobilier\/sieges\/mallorca-light\/#primaryimage\"},\"image\":{\"@id\":\"https:\/\/newgarden.es\/fr\/shop\/mobilier\/sieges\/mallorca-light\/#primaryimage\"},\"thumbnailUrl\":\"https:\/\/newgarden.es\/wp-content\/uploads\/2019\/06\/MALLORCA_60_1200X1200-8-1.jpg\",\"datePublished\":\"2019-10-14T07:43:23+00:00\",\"dateModified\":\"2022-03-23T14:17:34+00:00\",\"description\":\"Mallorca est le si\u00e8ge indispensable pour votre terrasse ou jardin. Sa hauteur et son design ont \u00e9t\u00e9 con\u00e7us pour faire partie des ensembles et\u00a0collection\",\"breadcrumb\":{\"@id\":\"https:\/\/newgarden.es\/fr\/shop\/mobilier\/sieges\/mallorca-light\/#breadcrumb\"},\"inLanguage\":\"fr-FR\",\"potentialAction\":[{\"@type\":\"ReadAction\",\"target\":[\"https:\/\/newgarden.es\/fr\/shop\/mobilier\/sieges\/mallorca-light\/\"]}]},{\"@type\":\"ImageObject\",\"inLanguage\":\"fr-FR\",\"@id\":\"https:\/\/newgarden.es\/fr\/shop\/mobilier\/sieges\/mallorca-light\/#primaryimage\",\"url\":\"https:\/\/newgarden.es\/wp-content\/uploads\/2019\/06\/MALLORCA_60_1200X1200-8-1.jpg\",\"contentUrl\":\"https:\/\/newgarden.es\/wp-content\/uploads\/2019\/06\/MALLORCA_60_1200X1200-8-1.jpg\",\"width\":1200,\"height\":1200},{\"@type\":\"BreadcrumbList\",\"@id\":\"https:\/\/newgarden.es\/fr\/shop\/mobilier\/sieges\/mallorca-light\/#breadcrumb\",\"itemListElement\":[{\"@type\":\"ListItem\",\"position\":1,\"name\":\"Home\",\"item\":\"https:\/\/newgarden.es\/fr\/\"},{\"@type\":\"ListItem\",\"position\":2,\"name\":\"Boutique\",\"item\":\"https:\/\/newgarden.es\/fr\/boutique\/\"},{\"@type\":\"ListItem\",\"position\":3,\"name\":\"FAUTEUIL MALLORCA 60 AVEC LUMI\u00c8RE\"}]},{\"@type\":\"WebSite\",\"@id\":\"https:\/\/newgarden.es\/#website\",\"url\":\"https:\/\/newgarden.es\/\",\"name\":\"Newgarden\",\"description\":\"Be happy\",\"potentialAction\":[{\"@type\":\"SearchAction\",\"target\":{\"@type\":\"EntryPoint\",\"urlTemplate\":\"https:\/\/newgarden.es\/?s={search_term_string}\"},\"query-input\":{\"@type\":\"PropertyValueSpecification\",\"valueRequired\":true,\"valueName\":\"search_term_string\"}}],\"inLanguage\":\"fr-FR\"}]}<\/script>\n<!-- \/ Yoast SEO plugin. -->","yoast_head_json":{"title":"FAUTEUIL D'EXT\u00c9RIEUR SOLAIRE MALLORCA 60","description":"Mallorca est le si\u00e8ge indispensable pour votre terrasse ou jardin. Sa hauteur et son design ont \u00e9t\u00e9 con\u00e7us pour faire partie des ensembles et\u00a0collection","robots":{"index":"index","follow":"follow","max-snippet":"max-snippet:-1","max-image-preview":"max-image-preview:large","max-video-preview":"max-video-preview:-1"},"canonical":"https:\/\/newgarden.es\/fr\/shop\/mobilier\/sieges\/mallorca-light\/","og_locale":"fr_FR","og_type":"article","og_title":"FAUTEUIL D'EXT\u00c9RIEUR SOLAIRE MALLORCA 60","og_description":"Mallorca est le si\u00e8ge indispensable pour votre terrasse ou jardin. Sa hauteur et son design ont \u00e9t\u00e9 con\u00e7us pour faire partie des ensembles et\u00a0collection","og_url":"https:\/\/newgarden.es\/fr\/shop\/mobilier\/sieges\/mallorca-light\/","og_site_name":"Newgarden","article_modified_time":"2022-03-23T14:17:34+00:00","og_image":[{"width":1200,"height":1200,"url":"https:\/\/newgarden.es\/wp-content\/uploads\/2019\/06\/MALLORCA_60_1200X1200-8-1.jpg","type":"image\/jpeg"}],"twitter_card":"summary_large_image","twitter_misc":{"Dur\u00e9e de lecture estim\u00e9e":"2 minutes"},"schema":{"@context":"https:\/\/schema.org","@graph":[{"@type":"WebPage","@id":"https:\/\/newgarden.es\/fr\/shop\/mobilier\/sieges\/mallorca-light\/","url":"https:\/\/newgarden.es\/fr\/shop\/mobilier\/sieges\/mallorca-light\/","name":"FAUTEUIL D'EXT\u00c9RIEUR SOLAIRE MALLORCA 60","isPartOf":{"@id":"https:\/\/newgarden.es\/#website"},"primaryImageOfPage":{"@id":"https:\/\/newgarden.es\/fr\/shop\/mobilier\/sieges\/mallorca-light\/#primaryimage"},"image":{"@id":"https:\/\/newgarden.es\/fr\/shop\/mobilier\/sieges\/mallorca-light\/#primaryimage"},"thumbnailUrl":"https:\/\/newgarden.es\/wp-content\/uploads\/2019\/06\/MALLORCA_60_1200X1200-8-1.jpg","datePublished":"2019-10-14T07:43:23+00:00","dateModified":"2022-03-23T14:17:34+00:00","description":"Mallorca est le si\u00e8ge indispensable pour votre terrasse ou jardin. Sa hauteur et son design ont \u00e9t\u00e9 con\u00e7us pour faire partie des ensembles et\u00a0collection","breadcrumb":{"@id":"https:\/\/newgarden.es\/fr\/shop\/mobilier\/sieges\/mallorca-light\/#breadcrumb"},"inLanguage":"fr-FR","potentialAction":[{"@type":"ReadAction","target":["https:\/\/newgarden.es\/fr\/shop\/mobilier\/sieges\/mallorca-light\/"]}]},{"@type":"ImageObject","inLanguage":"fr-FR","@id":"https:\/\/newgarden.es\/fr\/shop\/mobilier\/sieges\/mallorca-light\/#primaryimage","url":"https:\/\/newgarden.es\/wp-content\/uploads\/2019\/06\/MALLORCA_60_1200X1200-8-1.jpg","contentUrl":"https:\/\/newgarden.es\/wp-content\/uploads\/2019\/06\/MALLORCA_60_1200X1200-8-1.jpg","width":1200,"height":1200},{"@type":"BreadcrumbList","@id":"https:\/\/newgarden.es\/fr\/shop\/mobilier\/sieges\/mallorca-light\/#breadcrumb","itemListElement":[{"@type":"ListItem","position":1,"name":"Home","item":"https:\/\/newgarden.es\/fr\/"},{"@type":"ListItem","position":2,"name":"Boutique","item":"https:\/\/newgarden.es\/fr\/boutique\/"},{"@type":"ListItem","position":3,"name":"FAUTEUIL MALLORCA 60 AVEC LUMI\u00c8RE"}]},{"@type":"WebSite","@id":"https:\/\/newgarden.es\/#website","url":"https:\/\/newgarden.es\/","name":"Newgarden","description":"Be happy","potentialAction":[{"@type":"SearchAction","target":{"@type":"EntryPoint","urlTemplate":"https:\/\/newgarden.es\/?s={search_term_string}"},"query-input":{"@type":"PropertyValueSpecification","valueRequired":true,"valueName":"search_term_string"}}],"inLanguage":"fr-FR"}]}},"df_price":210,"df_sale_price":"","df_regular_price":210,"df_image_link":"https:\/\/newgarden.es\/wp-content\/uploads\/2019\/06\/MALLORCA_60_1200X1200-8-1-580x400.jpg","_links":{"self":[{"href":"https:\/\/newgarden.es\/fr\/wp-json\/wp\/v2\/product\/17008"}],"collection":[{"href":"https:\/\/newgarden.es\/fr\/wp-json\/wp\/v2\/product"}],"about":[{"href":"https:\/\/newgarden.es\/fr\/wp-json\/wp\/v2\/types\/product"}],"wp:featuredmedia":[{"embeddable":true,"href":"https:\/\/newgarden.es\/fr\/wp-json\/wp\/v2\/media\/63506"}],"wp:attachment":[{"href":"https:\/\/newgarden.es\/fr\/wp-json\/wp\/v2\/media?parent=17008"}],"wp:term":[{"taxonomy":"product_cat","embeddable":true,"href":"https:\/\/newgarden.es\/fr\/wp-json\/wp\/v2\/product_cat?post=17008"},{"taxonomy":"product_tag","embeddable":true,"href":"https:\/\/newgarden.es\/fr\/wp-json\/wp\/v2\/product_tag?post=17008"}],"curies":[{"name":"wp","href":"https:\/\/api.w.org\/{rel}","templated":true}]}}