{"id":17066,"date":"2019-06-03T11:45:14","date_gmt":"2019-10-14T08:26:15","guid":{"rendered":"https:\/\/newgarden.es\/shop\/sin%20categor\u00eda\/sicilia-75-light\/"},"modified":"2022-01-13T15:50:06","modified_gmt":"2022-01-13T14:50:06","slug":"sicilia-75-light","status":"publish","type":"product","link":"https:\/\/newgarden.es\/fr\/shop\/mobilier\/bars\/sicilia-75-light\/","title":{"rendered":"BAR \u00c0 DOUBLE HAUTEUR SICILIA 75 AVEC LUMI\u00c8RE"},"content":{"rendered":"<section class=\"wpb-content-wrapper\"><p>[vc_row][vc_column el_class=&#8221;descripcion_producto&#8221;][vc_column_text]<\/p>\n<p style=\"text-align: justify;\">BAR \u00c0 DOUBLE HAUTEUR LUMINEUX <strong>SICILIA 75<\/strong>: Ce bar a la hauteur id\u00e9ale pour \u00eatre utilis\u00e9 comme bar ou comptoir de r\u00e9ception. Sa double hauteur offre une surface de travail stable. Ce mod\u00e8le est en version <strong>solaire+batterie<\/strong> rechargeable led rgb. Chargeur et t\u00e9l\u00e9commande inclus.<\/p>\n<p style=\"text-align: justify;\"><em>Tous les produits Newgarden sont fabriqu\u00e9s en poly\u00e9thyl\u00e8ne, ils sont donc l\u00e9gers et tr\u00e8s r\u00e9sistants aux temp\u00e9ratures extr\u00eames. Ils sont \u00e9galement r\u00e9sistants rayons UV, ce qui rend la dur\u00e9e de vie du produit extraordinairement longue.<\/em><\/p>\n<ul class=\"tablaTech\">\n<li>\n<div class=\"boxContents no-border\">\n<div class=\"name\"><strong>TAILLE<\/strong><\/div>\n<div class=\"data\">75 x 118 cm<\/div>\n<\/div>\n<\/li>\n<\/ul>\n<p>[\/vc_column_text][\/vc_column][\/vc_row][vc_row disable_element=&#8221;yes&#8221;][vc_column][vc_single_image image=&#8221;6566&#8243; img_size=&#8221;full&#8221;][\/vc_column][\/vc_row][vc_row][vc_column width=&#8221;1\/2&#8243;][vc_btn title=&#8221;Fiche technique&#8221; style=&#8221;custom&#8221; custom_background=&#8221;#009bc2&#8243; custom_text=&#8221;#ffffff&#8221; shape=&#8221;square&#8221; link=&#8221;url:https%3A%2F%2Fwww.newgarden.es%2Fwp-content%2Fuploads%2F2018%2F02%2FSicilia.pdf|target:%20_blank|&#8221; el_class=&#8221;btn_descargar_ficha&#8221;][\/vc_column][vc_column width=&#8221;1\/2&#8243;][vc_btn title=&#8221;Manuel d&#8217;instrutions&#8221; style=&#8221;custom&#8221; custom_background=&#8221;#009bc2&#8243; custom_text=&#8221;#ffffff&#8221; shape=&#8221;square&#8221; link=&#8221;url:https%3A%2F%2Fnewgarden.es%2Finstrucciones%2F||target:%20_blank|&#8221; el_class=&#8221;btn_descargar_ficha&#8221;][\/vc_column][\/vc_row]<\/p>\n<\/section>","protected":false},"excerpt":{"rendered":"<h1 style=\"font-size: 12px;\">Bar \u00e0 double hauteur lumineux Sicilia 75<\/h1>\n","protected":false},"featured_media":64011,"template":"","meta":[],"product_cat":[657,1614],"product_tag":[707,648],"class_list":{"0":"post-17066","1":"product","2":"type-product","3":"status-publish","4":"has-post-thumbnail","6":"product_cat-mobilier","7":"product_cat-bars","8":"product_tag-sans-fil","9":"product_tag-solaire","11":"first","12":"instock","13":"taxable","14":"shipping-taxable","15":"purchasable","16":"product-type-variable"},"yoast_head":"<!-- This site is optimized with the Yoast SEO plugin v24.2 - https:\/\/yoast.com\/wordpress\/plugins\/seo\/ -->\n<title>BAR \u00c0 DOUBLE HAUTEUR LUMINEUX SICILIA 75<\/title>\n<meta name=\"description\" content=\"Il a la hauteur id\u00e9ale pour \u00eatre utilis\u00e9 comme bar ou comptoir de r\u00e9ception. Sa double hauteur offre une surface de travail stable. Ce mod\u00e8le est en version\" \/>\n<meta name=\"robots\" content=\"index, follow, max-snippet:-1, max-image-preview:large, max-video-preview:-1\" \/>\n<link rel=\"canonical\" href=\"https:\/\/newgarden.es\/fr\/shop\/mobilier\/bars\/sicilia-75-light\/\" \/>\n<meta property=\"og:locale\" content=\"fr_FR\" \/>\n<meta property=\"og:type\" content=\"article\" \/>\n<meta property=\"og:title\" content=\"BAR \u00c0 DOUBLE HAUTEUR LUMINEUX SICILIA 75\" \/>\n<meta property=\"og:description\" content=\"Il a la hauteur id\u00e9ale pour \u00eatre utilis\u00e9 comme bar ou comptoir de r\u00e9ception. Sa double hauteur offre une surface de travail stable. Ce mod\u00e8le est en version\" \/>\n<meta property=\"og:url\" content=\"https:\/\/newgarden.es\/fr\/shop\/mobilier\/bars\/sicilia-75-light\/\" \/>\n<meta property=\"og:site_name\" content=\"Newgarden\" \/>\n<meta property=\"article:modified_time\" content=\"2022-01-13T14:50:06+00:00\" \/>\n<meta property=\"og:image\" content=\"https:\/\/newgarden.es\/wp-content\/uploads\/2019\/06\/SICILIA_75_120_1200X1200-8-1.jpg\" \/>\n\t<meta property=\"og:image:width\" content=\"1200\" \/>\n\t<meta property=\"og:image:height\" content=\"1200\" \/>\n\t<meta property=\"og:image:type\" content=\"image\/jpeg\" \/>\n<meta name=\"twitter:card\" content=\"summary_large_image\" \/>\n<meta name=\"twitter:label1\" content=\"Dur\u00e9e de lecture estim\u00e9e\" \/>\n\t<meta name=\"twitter:data1\" content=\"1 minute\" \/>\n<script type=\"application\/ld+json\" class=\"yoast-schema-graph\">{\"@context\":\"https:\/\/schema.org\",\"@graph\":[{\"@type\":\"WebPage\",\"@id\":\"https:\/\/newgarden.es\/fr\/shop\/mobilier\/bars\/sicilia-75-light\/\",\"url\":\"https:\/\/newgarden.es\/fr\/shop\/mobilier\/bars\/sicilia-75-light\/\",\"name\":\"BAR \u00c0 DOUBLE HAUTEUR LUMINEUX SICILIA 75\",\"isPartOf\":{\"@id\":\"https:\/\/newgarden.es\/#website\"},\"primaryImageOfPage\":{\"@id\":\"https:\/\/newgarden.es\/fr\/shop\/mobilier\/bars\/sicilia-75-light\/#primaryimage\"},\"image\":{\"@id\":\"https:\/\/newgarden.es\/fr\/shop\/mobilier\/bars\/sicilia-75-light\/#primaryimage\"},\"thumbnailUrl\":\"https:\/\/newgarden.es\/wp-content\/uploads\/2019\/06\/SICILIA_75_120_1200X1200-8-1.jpg\",\"datePublished\":\"2019-10-14T08:26:15+00:00\",\"dateModified\":\"2022-01-13T14:50:06+00:00\",\"description\":\"Il a la hauteur id\u00e9ale pour \u00eatre utilis\u00e9 comme bar ou comptoir de r\u00e9ception. Sa double hauteur offre une surface de travail stable. Ce mod\u00e8le est en version\",\"breadcrumb\":{\"@id\":\"https:\/\/newgarden.es\/fr\/shop\/mobilier\/bars\/sicilia-75-light\/#breadcrumb\"},\"inLanguage\":\"fr-FR\",\"potentialAction\":[{\"@type\":\"ReadAction\",\"target\":[\"https:\/\/newgarden.es\/fr\/shop\/mobilier\/bars\/sicilia-75-light\/\"]}]},{\"@type\":\"ImageObject\",\"inLanguage\":\"fr-FR\",\"@id\":\"https:\/\/newgarden.es\/fr\/shop\/mobilier\/bars\/sicilia-75-light\/#primaryimage\",\"url\":\"https:\/\/newgarden.es\/wp-content\/uploads\/2019\/06\/SICILIA_75_120_1200X1200-8-1.jpg\",\"contentUrl\":\"https:\/\/newgarden.es\/wp-content\/uploads\/2019\/06\/SICILIA_75_120_1200X1200-8-1.jpg\",\"width\":1200,\"height\":1200},{\"@type\":\"BreadcrumbList\",\"@id\":\"https:\/\/newgarden.es\/fr\/shop\/mobilier\/bars\/sicilia-75-light\/#breadcrumb\",\"itemListElement\":[{\"@type\":\"ListItem\",\"position\":1,\"name\":\"Home\",\"item\":\"https:\/\/newgarden.es\/fr\/\"},{\"@type\":\"ListItem\",\"position\":2,\"name\":\"Boutique\",\"item\":\"https:\/\/newgarden.es\/fr\/boutique\/\"},{\"@type\":\"ListItem\",\"position\":3,\"name\":\"BAR \u00c0 DOUBLE HAUTEUR SICILIA 75 AVEC LUMI\u00c8RE\"}]},{\"@type\":\"WebSite\",\"@id\":\"https:\/\/newgarden.es\/#website\",\"url\":\"https:\/\/newgarden.es\/\",\"name\":\"Newgarden\",\"description\":\"Be happy\",\"potentialAction\":[{\"@type\":\"SearchAction\",\"target\":{\"@type\":\"EntryPoint\",\"urlTemplate\":\"https:\/\/newgarden.es\/?s={search_term_string}\"},\"query-input\":{\"@type\":\"PropertyValueSpecification\",\"valueRequired\":true,\"valueName\":\"search_term_string\"}}],\"inLanguage\":\"fr-FR\"}]}<\/script>\n<!-- \/ Yoast SEO plugin. -->","yoast_head_json":{"title":"BAR \u00c0 DOUBLE HAUTEUR LUMINEUX SICILIA 75","description":"Il a la hauteur id\u00e9ale pour \u00eatre utilis\u00e9 comme bar ou comptoir de r\u00e9ception. Sa double hauteur offre une surface de travail stable. Ce mod\u00e8le est en version","robots":{"index":"index","follow":"follow","max-snippet":"max-snippet:-1","max-image-preview":"max-image-preview:large","max-video-preview":"max-video-preview:-1"},"canonical":"https:\/\/newgarden.es\/fr\/shop\/mobilier\/bars\/sicilia-75-light\/","og_locale":"fr_FR","og_type":"article","og_title":"BAR \u00c0 DOUBLE HAUTEUR LUMINEUX SICILIA 75","og_description":"Il a la hauteur id\u00e9ale pour \u00eatre utilis\u00e9 comme bar ou comptoir de r\u00e9ception. Sa double hauteur offre une surface de travail stable. Ce mod\u00e8le est en version","og_url":"https:\/\/newgarden.es\/fr\/shop\/mobilier\/bars\/sicilia-75-light\/","og_site_name":"Newgarden","article_modified_time":"2022-01-13T14:50:06+00:00","og_image":[{"width":1200,"height":1200,"url":"https:\/\/newgarden.es\/wp-content\/uploads\/2019\/06\/SICILIA_75_120_1200X1200-8-1.jpg","type":"image\/jpeg"}],"twitter_card":"summary_large_image","twitter_misc":{"Dur\u00e9e de lecture estim\u00e9e":"1 minute"},"schema":{"@context":"https:\/\/schema.org","@graph":[{"@type":"WebPage","@id":"https:\/\/newgarden.es\/fr\/shop\/mobilier\/bars\/sicilia-75-light\/","url":"https:\/\/newgarden.es\/fr\/shop\/mobilier\/bars\/sicilia-75-light\/","name":"BAR \u00c0 DOUBLE HAUTEUR LUMINEUX SICILIA 75","isPartOf":{"@id":"https:\/\/newgarden.es\/#website"},"primaryImageOfPage":{"@id":"https:\/\/newgarden.es\/fr\/shop\/mobilier\/bars\/sicilia-75-light\/#primaryimage"},"image":{"@id":"https:\/\/newgarden.es\/fr\/shop\/mobilier\/bars\/sicilia-75-light\/#primaryimage"},"thumbnailUrl":"https:\/\/newgarden.es\/wp-content\/uploads\/2019\/06\/SICILIA_75_120_1200X1200-8-1.jpg","datePublished":"2019-10-14T08:26:15+00:00","dateModified":"2022-01-13T14:50:06+00:00","description":"Il a la hauteur id\u00e9ale pour \u00eatre utilis\u00e9 comme bar ou comptoir de r\u00e9ception. Sa double hauteur offre une surface de travail stable. Ce mod\u00e8le est en version","breadcrumb":{"@id":"https:\/\/newgarden.es\/fr\/shop\/mobilier\/bars\/sicilia-75-light\/#breadcrumb"},"inLanguage":"fr-FR","potentialAction":[{"@type":"ReadAction","target":["https:\/\/newgarden.es\/fr\/shop\/mobilier\/bars\/sicilia-75-light\/"]}]},{"@type":"ImageObject","inLanguage":"fr-FR","@id":"https:\/\/newgarden.es\/fr\/shop\/mobilier\/bars\/sicilia-75-light\/#primaryimage","url":"https:\/\/newgarden.es\/wp-content\/uploads\/2019\/06\/SICILIA_75_120_1200X1200-8-1.jpg","contentUrl":"https:\/\/newgarden.es\/wp-content\/uploads\/2019\/06\/SICILIA_75_120_1200X1200-8-1.jpg","width":1200,"height":1200},{"@type":"BreadcrumbList","@id":"https:\/\/newgarden.es\/fr\/shop\/mobilier\/bars\/sicilia-75-light\/#breadcrumb","itemListElement":[{"@type":"ListItem","position":1,"name":"Home","item":"https:\/\/newgarden.es\/fr\/"},{"@type":"ListItem","position":2,"name":"Boutique","item":"https:\/\/newgarden.es\/fr\/boutique\/"},{"@type":"ListItem","position":3,"name":"BAR \u00c0 DOUBLE HAUTEUR SICILIA 75 AVEC LUMI\u00c8RE"}]},{"@type":"WebSite","@id":"https:\/\/newgarden.es\/#website","url":"https:\/\/newgarden.es\/","name":"Newgarden","description":"Be happy","potentialAction":[{"@type":"SearchAction","target":{"@type":"EntryPoint","urlTemplate":"https:\/\/newgarden.es\/?s={search_term_string}"},"query-input":{"@type":"PropertyValueSpecification","valueRequired":true,"valueName":"search_term_string"}}],"inLanguage":"fr-FR"}]}},"df_price":495.1,"df_sale_price":"","df_regular_price":495.1,"df_image_link":"https:\/\/newgarden.es\/wp-content\/uploads\/2019\/06\/SICILIA_75_120_1200X1200-8-1-580x400.jpg","_links":{"self":[{"href":"https:\/\/newgarden.es\/fr\/wp-json\/wp\/v2\/product\/17066"}],"collection":[{"href":"https:\/\/newgarden.es\/fr\/wp-json\/wp\/v2\/product"}],"about":[{"href":"https:\/\/newgarden.es\/fr\/wp-json\/wp\/v2\/types\/product"}],"wp:featuredmedia":[{"embeddable":true,"href":"https:\/\/newgarden.es\/fr\/wp-json\/wp\/v2\/media\/64011"}],"wp:attachment":[{"href":"https:\/\/newgarden.es\/fr\/wp-json\/wp\/v2\/media?parent=17066"}],"wp:term":[{"taxonomy":"product_cat","embeddable":true,"href":"https:\/\/newgarden.es\/fr\/wp-json\/wp\/v2\/product_cat?post=17066"},{"taxonomy":"product_tag","embeddable":true,"href":"https:\/\/newgarden.es\/fr\/wp-json\/wp\/v2\/product_tag?post=17066"}],"curies":[{"name":"wp","href":"https:\/\/api.w.org\/{rel}","templated":true}]}}