{"id":17079,"date":"2019-06-03T11:44:59","date_gmt":"2019-10-14T08:31:19","guid":{"rendered":"https:\/\/newgarden.es\/shop\/sin%20categor\u00eda\/corfu-74-light\/"},"modified":"2022-02-07T15:47:24","modified_gmt":"2022-02-07T14:47:24","slug":"corfu-74-light","status":"publish","type":"product","link":"https:\/\/newgarden.es\/fr\/shop\/mobilier\/sieges\/corfu-74-light\/","title":{"rendered":"TABOURET HAUT ROND CORFU 74 AVEC LUMI\u00c8RE"},"content":{"rendered":"<section class=\"wpb-content-wrapper\"><p>[vc_row][vc_column el_class=&#8221;descripcion_producto&#8221;][vc_column_text]<\/p>\n<p style=\"text-align: justify;\">TABOURET HAUT ROND LUMINEUX <strong>CORFU 74<\/strong><\/p>\n<p>Tabouret confortable orient\u00e9 pour faire partie des ensembles de bar avec les bars <strong>CAPRI<\/strong> ou <strong>CRETA<\/strong> et <strong>IBIZA<\/strong>. Robuste et l\u00e9ger, il offre un \u00e9quilibre parfait entre qualit\u00e9 et design. Vous pouvez le trouver dans deux hauteurs diff\u00e9rentes et en version sans lumi\u00e8re.<\/p>\n<p style=\"text-align: justify;\"><em>Tous les produits Newgarden sont fabriqu\u00e9s en poly\u00e9thyl\u00e8ne, ils sont donc l\u00e9gers et tr\u00e8s r\u00e9sistants aux temp\u00e9ratures extr\u00eames. Ils sont \u00e9galement r\u00e9sistants aux rayons UV, ce qui rend la dur\u00e9e de vie du produit extraordinairement longue.<\/em><\/p>\n<ul class=\"tablaTech\">\n<li>\n<div class=\"boxContents no-border\">\n<div class=\"name\"><strong>TAILLE<\/strong><\/div>\n<div class=\"data\">40 x 74 cm<\/div>\n<\/div>\n<\/li>\n<\/ul>\n<p>[\/vc_column_text][\/vc_column][\/vc_row][vc_row disable_element=&#8221;yes&#8221;][vc_column][vc_single_image image=&#8221;6566&#8243; img_size=&#8221;full&#8221;][\/vc_column][\/vc_row][vc_row][vc_column width=&#8221;1\/2&#8243;][vc_btn title=&#8221;Fiche technique&#8221; style=&#8221;custom&#8221; custom_background=&#8221;#009bc2&#8243; custom_text=&#8221;#ffffff&#8221; shape=&#8221;square&#8221; link=&#8221;url:https%3A%2F%2Fwww.newgarden.es%2Fwp-content%2Fuploads%2F2018%2F02%2FCorfu-1.pdf|target:%20_blank|&#8221; el_class=&#8221;btn_descargar_ficha&#8221;][\/vc_column][vc_column width=&#8221;1\/2&#8243;][vc_btn title=&#8221;Manuel d&#8217;instrutions&#8221; style=&#8221;custom&#8221; custom_background=&#8221;#009bc2&#8243; custom_text=&#8221;#ffffff&#8221; shape=&#8221;square&#8221; link=&#8221;target:%20_blank|&#8221; el_class=&#8221;btn_descargar_ficha&#8221;][\/vc_column][\/vc_row]<\/p>\n<\/section>","protected":false},"excerpt":{"rendered":"<h1 style=\"font-size: 12px;\">Tabouret haut rond lumineux Corfu 74<\/h1>\n","protected":false},"featured_media":63526,"template":"","meta":[],"product_cat":[657,658],"product_tag":[707,648],"class_list":{"0":"post-17079","1":"product","2":"type-product","3":"status-publish","4":"has-post-thumbnail","6":"product_cat-mobilier","7":"product_cat-sieges","8":"product_tag-sans-fil","9":"product_tag-solaire","11":"first","12":"instock","13":"taxable","14":"shipping-taxable","15":"purchasable","16":"product-type-variable"},"yoast_head":"<!-- This site is optimized with the Yoast SEO plugin v24.2 - https:\/\/yoast.com\/wordpress\/plugins\/seo\/ -->\n<title>TABOURET HAUT ROND CORFU 74 AVEC LUMI\u00c8RE<\/title>\n<meta name=\"description\" content=\"TABOURET HAUT ROND LUMINEUX CORFU 74 : Tabouret confortable orient\u00e9 pour faire partie des ensembles de bar avec les bars CAPRI ou CRETA et IBIZA.\" \/>\n<meta name=\"robots\" content=\"index, follow, max-snippet:-1, max-image-preview:large, max-video-preview:-1\" \/>\n<link rel=\"canonical\" href=\"https:\/\/newgarden.es\/fr\/shop\/mobilier\/sieges\/corfu-74-light\/\" \/>\n<meta property=\"og:locale\" content=\"fr_FR\" \/>\n<meta property=\"og:type\" content=\"article\" \/>\n<meta property=\"og:title\" content=\"TABOURET HAUT ROND CORFU 74 AVEC LUMI\u00c8RE\" \/>\n<meta property=\"og:description\" content=\"TABOURET HAUT ROND LUMINEUX CORFU 74 : Tabouret confortable orient\u00e9 pour faire partie des ensembles de bar avec les bars CAPRI ou CRETA et IBIZA.\" \/>\n<meta property=\"og:url\" content=\"https:\/\/newgarden.es\/fr\/shop\/mobilier\/sieges\/corfu-74-light\/\" \/>\n<meta property=\"og:site_name\" content=\"Newgarden\" \/>\n<meta property=\"article:modified_time\" content=\"2022-02-07T14:47:24+00:00\" \/>\n<meta property=\"og:image\" content=\"https:\/\/newgarden.es\/wp-content\/uploads\/2019\/06\/CORFU_74_SOLAR_OPACO_1200X1200-11-1.jpg\" \/>\n\t<meta property=\"og:image:width\" content=\"1200\" \/>\n\t<meta property=\"og:image:height\" content=\"1200\" \/>\n\t<meta property=\"og:image:type\" content=\"image\/jpeg\" \/>\n<meta name=\"twitter:card\" content=\"summary_large_image\" \/>\n<meta name=\"twitter:label1\" content=\"Dur\u00e9e de lecture estim\u00e9e\" \/>\n\t<meta name=\"twitter:data1\" content=\"1 minute\" \/>\n<script type=\"application\/ld+json\" class=\"yoast-schema-graph\">{\"@context\":\"https:\/\/schema.org\",\"@graph\":[{\"@type\":\"WebPage\",\"@id\":\"https:\/\/newgarden.es\/fr\/shop\/mobilier\/sieges\/corfu-74-light\/\",\"url\":\"https:\/\/newgarden.es\/fr\/shop\/mobilier\/sieges\/corfu-74-light\/\",\"name\":\"TABOURET HAUT ROND CORFU 74 AVEC LUMI\u00c8RE\",\"isPartOf\":{\"@id\":\"https:\/\/newgarden.es\/#website\"},\"primaryImageOfPage\":{\"@id\":\"https:\/\/newgarden.es\/fr\/shop\/mobilier\/sieges\/corfu-74-light\/#primaryimage\"},\"image\":{\"@id\":\"https:\/\/newgarden.es\/fr\/shop\/mobilier\/sieges\/corfu-74-light\/#primaryimage\"},\"thumbnailUrl\":\"https:\/\/newgarden.es\/wp-content\/uploads\/2019\/06\/CORFU_74_SOLAR_OPACO_1200X1200-11-1.jpg\",\"datePublished\":\"2019-10-14T08:31:19+00:00\",\"dateModified\":\"2022-02-07T14:47:24+00:00\",\"description\":\"TABOURET HAUT ROND LUMINEUX CORFU 74 : Tabouret confortable orient\u00e9 pour faire partie des ensembles de bar avec les bars CAPRI ou CRETA et IBIZA.\",\"breadcrumb\":{\"@id\":\"https:\/\/newgarden.es\/fr\/shop\/mobilier\/sieges\/corfu-74-light\/#breadcrumb\"},\"inLanguage\":\"fr-FR\",\"potentialAction\":[{\"@type\":\"ReadAction\",\"target\":[\"https:\/\/newgarden.es\/fr\/shop\/mobilier\/sieges\/corfu-74-light\/\"]}]},{\"@type\":\"ImageObject\",\"inLanguage\":\"fr-FR\",\"@id\":\"https:\/\/newgarden.es\/fr\/shop\/mobilier\/sieges\/corfu-74-light\/#primaryimage\",\"url\":\"https:\/\/newgarden.es\/wp-content\/uploads\/2019\/06\/CORFU_74_SOLAR_OPACO_1200X1200-11-1.jpg\",\"contentUrl\":\"https:\/\/newgarden.es\/wp-content\/uploads\/2019\/06\/CORFU_74_SOLAR_OPACO_1200X1200-11-1.jpg\",\"width\":1200,\"height\":1200},{\"@type\":\"BreadcrumbList\",\"@id\":\"https:\/\/newgarden.es\/fr\/shop\/mobilier\/sieges\/corfu-74-light\/#breadcrumb\",\"itemListElement\":[{\"@type\":\"ListItem\",\"position\":1,\"name\":\"Home\",\"item\":\"https:\/\/newgarden.es\/fr\/\"},{\"@type\":\"ListItem\",\"position\":2,\"name\":\"Boutique\",\"item\":\"https:\/\/newgarden.es\/fr\/boutique\/\"},{\"@type\":\"ListItem\",\"position\":3,\"name\":\"TABOURET HAUT ROND CORFU 74 AVEC LUMI\u00c8RE\"}]},{\"@type\":\"WebSite\",\"@id\":\"https:\/\/newgarden.es\/#website\",\"url\":\"https:\/\/newgarden.es\/\",\"name\":\"Newgarden\",\"description\":\"Be happy\",\"potentialAction\":[{\"@type\":\"SearchAction\",\"target\":{\"@type\":\"EntryPoint\",\"urlTemplate\":\"https:\/\/newgarden.es\/?s={search_term_string}\"},\"query-input\":{\"@type\":\"PropertyValueSpecification\",\"valueRequired\":true,\"valueName\":\"search_term_string\"}}],\"inLanguage\":\"fr-FR\"}]}<\/script>\n<!-- \/ Yoast SEO plugin. -->","yoast_head_json":{"title":"TABOURET HAUT ROND CORFU 74 AVEC LUMI\u00c8RE","description":"TABOURET HAUT ROND LUMINEUX CORFU 74 : Tabouret confortable orient\u00e9 pour faire partie des ensembles de bar avec les bars CAPRI ou CRETA et IBIZA.","robots":{"index":"index","follow":"follow","max-snippet":"max-snippet:-1","max-image-preview":"max-image-preview:large","max-video-preview":"max-video-preview:-1"},"canonical":"https:\/\/newgarden.es\/fr\/shop\/mobilier\/sieges\/corfu-74-light\/","og_locale":"fr_FR","og_type":"article","og_title":"TABOURET HAUT ROND CORFU 74 AVEC LUMI\u00c8RE","og_description":"TABOURET HAUT ROND LUMINEUX CORFU 74 : Tabouret confortable orient\u00e9 pour faire partie des ensembles de bar avec les bars CAPRI ou CRETA et IBIZA.","og_url":"https:\/\/newgarden.es\/fr\/shop\/mobilier\/sieges\/corfu-74-light\/","og_site_name":"Newgarden","article_modified_time":"2022-02-07T14:47:24+00:00","og_image":[{"width":1200,"height":1200,"url":"https:\/\/newgarden.es\/wp-content\/uploads\/2019\/06\/CORFU_74_SOLAR_OPACO_1200X1200-11-1.jpg","type":"image\/jpeg"}],"twitter_card":"summary_large_image","twitter_misc":{"Dur\u00e9e de lecture estim\u00e9e":"1 minute"},"schema":{"@context":"https:\/\/schema.org","@graph":[{"@type":"WebPage","@id":"https:\/\/newgarden.es\/fr\/shop\/mobilier\/sieges\/corfu-74-light\/","url":"https:\/\/newgarden.es\/fr\/shop\/mobilier\/sieges\/corfu-74-light\/","name":"TABOURET HAUT ROND CORFU 74 AVEC LUMI\u00c8RE","isPartOf":{"@id":"https:\/\/newgarden.es\/#website"},"primaryImageOfPage":{"@id":"https:\/\/newgarden.es\/fr\/shop\/mobilier\/sieges\/corfu-74-light\/#primaryimage"},"image":{"@id":"https:\/\/newgarden.es\/fr\/shop\/mobilier\/sieges\/corfu-74-light\/#primaryimage"},"thumbnailUrl":"https:\/\/newgarden.es\/wp-content\/uploads\/2019\/06\/CORFU_74_SOLAR_OPACO_1200X1200-11-1.jpg","datePublished":"2019-10-14T08:31:19+00:00","dateModified":"2022-02-07T14:47:24+00:00","description":"TABOURET HAUT ROND LUMINEUX CORFU 74 : Tabouret confortable orient\u00e9 pour faire partie des ensembles de bar avec les bars CAPRI ou CRETA et IBIZA.","breadcrumb":{"@id":"https:\/\/newgarden.es\/fr\/shop\/mobilier\/sieges\/corfu-74-light\/#breadcrumb"},"inLanguage":"fr-FR","potentialAction":[{"@type":"ReadAction","target":["https:\/\/newgarden.es\/fr\/shop\/mobilier\/sieges\/corfu-74-light\/"]}]},{"@type":"ImageObject","inLanguage":"fr-FR","@id":"https:\/\/newgarden.es\/fr\/shop\/mobilier\/sieges\/corfu-74-light\/#primaryimage","url":"https:\/\/newgarden.es\/wp-content\/uploads\/2019\/06\/CORFU_74_SOLAR_OPACO_1200X1200-11-1.jpg","contentUrl":"https:\/\/newgarden.es\/wp-content\/uploads\/2019\/06\/CORFU_74_SOLAR_OPACO_1200X1200-11-1.jpg","width":1200,"height":1200},{"@type":"BreadcrumbList","@id":"https:\/\/newgarden.es\/fr\/shop\/mobilier\/sieges\/corfu-74-light\/#breadcrumb","itemListElement":[{"@type":"ListItem","position":1,"name":"Home","item":"https:\/\/newgarden.es\/fr\/"},{"@type":"ListItem","position":2,"name":"Boutique","item":"https:\/\/newgarden.es\/fr\/boutique\/"},{"@type":"ListItem","position":3,"name":"TABOURET HAUT ROND CORFU 74 AVEC LUMI\u00c8RE"}]},{"@type":"WebSite","@id":"https:\/\/newgarden.es\/#website","url":"https:\/\/newgarden.es\/","name":"Newgarden","description":"Be happy","potentialAction":[{"@type":"SearchAction","target":{"@type":"EntryPoint","urlTemplate":"https:\/\/newgarden.es\/?s={search_term_string}"},"query-input":{"@type":"PropertyValueSpecification","valueRequired":true,"valueName":"search_term_string"}}],"inLanguage":"fr-FR"}]}},"df_price":137.4,"df_sale_price":"","df_regular_price":137.4,"df_image_link":"https:\/\/newgarden.es\/wp-content\/uploads\/2019\/06\/CORFU_74_SOLAR_OPACO_1200X1200-11-1-580x400.jpg","_links":{"self":[{"href":"https:\/\/newgarden.es\/fr\/wp-json\/wp\/v2\/product\/17079"}],"collection":[{"href":"https:\/\/newgarden.es\/fr\/wp-json\/wp\/v2\/product"}],"about":[{"href":"https:\/\/newgarden.es\/fr\/wp-json\/wp\/v2\/types\/product"}],"wp:featuredmedia":[{"embeddable":true,"href":"https:\/\/newgarden.es\/fr\/wp-json\/wp\/v2\/media\/63526"}],"wp:attachment":[{"href":"https:\/\/newgarden.es\/fr\/wp-json\/wp\/v2\/media?parent=17079"}],"wp:term":[{"taxonomy":"product_cat","embeddable":true,"href":"https:\/\/newgarden.es\/fr\/wp-json\/wp\/v2\/product_cat?post=17079"},{"taxonomy":"product_tag","embeddable":true,"href":"https:\/\/newgarden.es\/fr\/wp-json\/wp\/v2\/product_tag?post=17079"}],"curies":[{"name":"wp","href":"https:\/\/api.w.org\/{rel}","templated":true}]}}