{"id":17107,"date":"2019-05-31T13:25:33","date_gmt":"2019-10-14T08:39:05","guid":{"rendered":"https:\/\/newgarden.es\/shop\/sin%20categor\u00eda\/narciso-50-light\/"},"modified":"2022-01-11T13:48:25","modified_gmt":"2022-01-11T12:48:25","slug":"narciso-50-light","status":"publish","type":"product","link":"https:\/\/newgarden.es\/fr\/shop\/pot-de-fleur\/maceteros-con-luz-fr\/narciso-50-light\/","title":{"rendered":"POT DE FLEURS CARR\u00c9 NARCISO 50 AVEC LUMI\u00c8RE"},"content":{"rendered":"<section class=\"wpb-content-wrapper\"><p>[vc_row][vc_column el_class=\u00a0\u00bbdescripcion_producto\u00a0\u00bb][vc_column_text]<\/p>\n<p style=\"text-align: justify;\">POT DE FLEURS CARR\u00c9 <strong>NARCISO 50<\/strong> AVEC LUMI\u00c8RE: Pot de fleurs carr\u00e9 avec une grande surface de plantation. Disponible en diff\u00e9rentes finitions et couleurs.<\/p>\n<p>Version\u00a0<strong>SOLAIRE+BATTERIE RECHARGEABLE\u00a0<\/strong>led rgb Narciso est \u00e9quip\u00e9 d&rsquo;un capteur cr\u00e9pusculaire qui d\u00e9clenche automatiquement l&rsquo;allumage \u00e0 la nuit tomb\u00e9e. Ce pot led rgb\u00a0b\u00e9n\u00e9ficie de la technologie\u00a0Newgarden\u00a0solaire+charge batterie : il se charge par le soleil (8 \u00e0 12h) pour une autonomie de 2 \u00e0 6 heures ou par batterie (chargeur fourni) en 4 \u00e0 6 heures pour une autonomie de 12 \u00e0 36 heures ! Narciso est \u00e9quip\u00e9 d&rsquo;une t\u00e9l\u00e9commande (fournie) qui permet de choisir parmi 128 couleurs et trois blancs.<\/p>\n<p style=\"text-align: justify;\"><em>Tous les produits Newgarden sont fabriqu\u00e9s en poly\u00e9thyl\u00e8ne, ils sont donc l\u00e9gers et tr\u00e8s r\u00e9sistants aux temp\u00e9ratures extr\u00eames. Ils sont \u00e9galement r\u00e9sistants\u00a0aux\u00a0rayons UV, ce qui rend la dur\u00e9e de vie du produit extraordinairement longue.<\/em><\/p>\n<ul class=\"tablaTech\">\n<li>\n<div class=\"boxContents no-border\">\n<div class=\"name\"><strong>TAILLE<\/strong><\/div>\n<div class=\"data\">49,5 x 49,5 x 49,5 cm<\/div>\n<\/div>\n<\/li>\n<li>\n<div class=\"boxContents no-border\">\n<div class=\"name\"><strong>VOLUME DE PLANTATION<\/strong><\/div>\n<div class=\"data\">54 litres<\/div>\n<\/div>\n<\/li>\n<\/ul>\n<p>&nbsp;<\/p>\n<p>[\/vc_column_text][\/vc_column][\/vc_row][vc_row disable_element=\u00a0\u00bbyes\u00a0\u00bb][vc_column][vc_single_image image=\u00a0\u00bb6566&Prime; img_size=\u00a0\u00bbfull\u00a0\u00bb][\/vc_column][\/vc_row][vc_row][vc_column width=\u00a0\u00bb1\/2&Prime;][vc_btn title=\u00a0\u00bbFiche technique\u00a0\u00bb style=\u00a0\u00bbcustom\u00a0\u00bb custom_background=\u00a0\u00bb#009bc2&Prime; custom_text=\u00a0\u00bb#ffffff\u00a0\u00bb shape=\u00a0\u00bbsquare\u00a0\u00bb link=\u00a0\u00bburl:https%3A%2F%2Fwww.newgarden.es%2Fwp-content%2Fuploads%2F2018%2F01%2FNarciso.pdf|target:%20_blank|\u00a0\u00bb el_class=\u00a0\u00bbbtn_descargar_ficha\u00a0\u00bb][\/vc_column][vc_column width=\u00a0\u00bb1\/2&Prime;][vc_btn title=\u00a0\u00bbManuel d&rsquo;instrutions\u00a0\u00bb style=\u00a0\u00bbcustom\u00a0\u00bb custom_background=\u00a0\u00bb#009bc2&Prime; custom_text=\u00a0\u00bb#ffffff\u00a0\u00bb shape=\u00a0\u00bbsquare\u00a0\u00bb link=\u00a0\u00bburl:https%3A%2F%2Fnewgarden.es%2Finstrucciones%2F||target:%20_blank|\u00a0\u00bb el_class=\u00a0\u00bbbtn_descargar_ficha\u00a0\u00bb][\/vc_column][\/vc_row]<\/p>\n<\/section>","protected":false},"excerpt":{"rendered":"<h1 style=\"font-size: 12px;\">Pot de fleurs carr\u00e9 lumineux Narciso 50<\/h1>\n","protected":false},"featured_media":59022,"template":"","meta":[],"product_cat":[643,646,1592,1596],"product_tag":[647,707,648],"class_list":{"0":"post-17107","1":"product","2":"type-product","3":"status-publish","4":"has-post-thumbnail","6":"product_cat-pot-de-fleur","7":"product_cat-maceteros-con-luz-fr","8":"product_cat-pots-de-fleurs-ronds","9":"product_cat-pots-de-fleurs-carrees","10":"product_tag-cable-fr","11":"product_tag-sans-fil","12":"product_tag-solaire","14":"first","15":"instock","16":"taxable","17":"shipping-taxable","18":"purchasable","19":"product-type-variable"},"yoast_head":"<!-- This site is optimized with the Yoast SEO plugin v24.2 - https:\/\/yoast.com\/wordpress\/plugins\/seo\/ -->\n<title>POT DE FLEURS CARR\u00c9 NARCISO 50 AVEC LUMI\u00c8RE EXT\u00c9RIEUR<\/title>\n<meta name=\"description\" content=\"POT DE FLEURS CARR\u00c9 NARCISO 50 AVEC LUMI\u00c8RE: Pot de fleurs carr\u00e9 avec une grande surface de plantation. Disponible en diff\u00e9rentes finitions et couleurs.\" \/>\n<meta name=\"robots\" content=\"index, follow, max-snippet:-1, max-image-preview:large, max-video-preview:-1\" \/>\n<link rel=\"canonical\" href=\"https:\/\/newgarden.es\/fr\/shop\/pot-de-fleur\/maceteros-con-luz-fr\/narciso-50-light\/\" \/>\n<meta property=\"og:locale\" content=\"fr_FR\" \/>\n<meta property=\"og:type\" content=\"article\" \/>\n<meta property=\"og:title\" content=\"POT DE FLEURS CARR\u00c9 NARCISO 50 AVEC LUMI\u00c8RE EXT\u00c9RIEUR\" \/>\n<meta property=\"og:description\" content=\"POT DE FLEURS CARR\u00c9 NARCISO 50 AVEC LUMI\u00c8RE: Pot de fleurs carr\u00e9 avec une grande surface de plantation. Disponible en diff\u00e9rentes finitions et couleurs.\" \/>\n<meta property=\"og:url\" content=\"https:\/\/newgarden.es\/fr\/shop\/pot-de-fleur\/maceteros-con-luz-fr\/narciso-50-light\/\" \/>\n<meta property=\"og:site_name\" content=\"Newgarden\" \/>\n<meta property=\"article:modified_time\" content=\"2022-01-11T12:48:25+00:00\" \/>\n<meta property=\"og:image\" content=\"https:\/\/newgarden.es\/wp-content\/uploads\/2019\/05\/NARCISO_50_1200X1200-20.jpg\" \/>\n\t<meta property=\"og:image:width\" content=\"1200\" \/>\n\t<meta property=\"og:image:height\" content=\"1200\" \/>\n\t<meta property=\"og:image:type\" content=\"image\/jpeg\" \/>\n<meta name=\"twitter:card\" content=\"summary_large_image\" \/>\n<meta name=\"twitter:label1\" content=\"Dur\u00e9e de lecture estim\u00e9e\" \/>\n\t<meta name=\"twitter:data1\" content=\"1 minute\" \/>\n<script type=\"application\/ld+json\" class=\"yoast-schema-graph\">{\"@context\":\"https:\/\/schema.org\",\"@graph\":[{\"@type\":\"WebPage\",\"@id\":\"https:\/\/newgarden.es\/fr\/shop\/pot-de-fleur\/maceteros-con-luz-fr\/narciso-50-light\/\",\"url\":\"https:\/\/newgarden.es\/fr\/shop\/pot-de-fleur\/maceteros-con-luz-fr\/narciso-50-light\/\",\"name\":\"POT DE FLEURS CARR\u00c9 NARCISO 50 AVEC LUMI\u00c8RE EXT\u00c9RIEUR\",\"isPartOf\":{\"@id\":\"https:\/\/newgarden.es\/#website\"},\"primaryImageOfPage\":{\"@id\":\"https:\/\/newgarden.es\/fr\/shop\/pot-de-fleur\/maceteros-con-luz-fr\/narciso-50-light\/#primaryimage\"},\"image\":{\"@id\":\"https:\/\/newgarden.es\/fr\/shop\/pot-de-fleur\/maceteros-con-luz-fr\/narciso-50-light\/#primaryimage\"},\"thumbnailUrl\":\"https:\/\/newgarden.es\/wp-content\/uploads\/2019\/05\/NARCISO_50_1200X1200-20.jpg\",\"datePublished\":\"2019-10-14T08:39:05+00:00\",\"dateModified\":\"2022-01-11T12:48:25+00:00\",\"description\":\"POT DE FLEURS CARR\u00c9 NARCISO 50 AVEC LUMI\u00c8RE: Pot de fleurs carr\u00e9 avec une grande surface de plantation. Disponible en diff\u00e9rentes finitions et couleurs.\",\"breadcrumb\":{\"@id\":\"https:\/\/newgarden.es\/fr\/shop\/pot-de-fleur\/maceteros-con-luz-fr\/narciso-50-light\/#breadcrumb\"},\"inLanguage\":\"fr-FR\",\"potentialAction\":[{\"@type\":\"ReadAction\",\"target\":[\"https:\/\/newgarden.es\/fr\/shop\/pot-de-fleur\/maceteros-con-luz-fr\/narciso-50-light\/\"]}]},{\"@type\":\"ImageObject\",\"inLanguage\":\"fr-FR\",\"@id\":\"https:\/\/newgarden.es\/fr\/shop\/pot-de-fleur\/maceteros-con-luz-fr\/narciso-50-light\/#primaryimage\",\"url\":\"https:\/\/newgarden.es\/wp-content\/uploads\/2019\/05\/NARCISO_50_1200X1200-20.jpg\",\"contentUrl\":\"https:\/\/newgarden.es\/wp-content\/uploads\/2019\/05\/NARCISO_50_1200X1200-20.jpg\",\"width\":1200,\"height\":1200},{\"@type\":\"BreadcrumbList\",\"@id\":\"https:\/\/newgarden.es\/fr\/shop\/pot-de-fleur\/maceteros-con-luz-fr\/narciso-50-light\/#breadcrumb\",\"itemListElement\":[{\"@type\":\"ListItem\",\"position\":1,\"name\":\"Home\",\"item\":\"https:\/\/newgarden.es\/fr\/\"},{\"@type\":\"ListItem\",\"position\":2,\"name\":\"Boutique\",\"item\":\"https:\/\/newgarden.es\/fr\/boutique\/\"},{\"@type\":\"ListItem\",\"position\":3,\"name\":\"POT DE FLEURS CARR\u00c9 NARCISO 50 AVEC LUMI\u00c8RE\"}]},{\"@type\":\"WebSite\",\"@id\":\"https:\/\/newgarden.es\/#website\",\"url\":\"https:\/\/newgarden.es\/\",\"name\":\"Newgarden\",\"description\":\"Be happy\",\"potentialAction\":[{\"@type\":\"SearchAction\",\"target\":{\"@type\":\"EntryPoint\",\"urlTemplate\":\"https:\/\/newgarden.es\/?s={search_term_string}\"},\"query-input\":{\"@type\":\"PropertyValueSpecification\",\"valueRequired\":true,\"valueName\":\"search_term_string\"}}],\"inLanguage\":\"fr-FR\"}]}<\/script>\n<!-- \/ Yoast SEO plugin. -->","yoast_head_json":{"title":"POT DE FLEURS CARR\u00c9 NARCISO 50 AVEC LUMI\u00c8RE EXT\u00c9RIEUR","description":"POT DE FLEURS CARR\u00c9 NARCISO 50 AVEC LUMI\u00c8RE: Pot de fleurs carr\u00e9 avec une grande surface de plantation. Disponible en diff\u00e9rentes finitions et couleurs.","robots":{"index":"index","follow":"follow","max-snippet":"max-snippet:-1","max-image-preview":"max-image-preview:large","max-video-preview":"max-video-preview:-1"},"canonical":"https:\/\/newgarden.es\/fr\/shop\/pot-de-fleur\/maceteros-con-luz-fr\/narciso-50-light\/","og_locale":"fr_FR","og_type":"article","og_title":"POT DE FLEURS CARR\u00c9 NARCISO 50 AVEC LUMI\u00c8RE EXT\u00c9RIEUR","og_description":"POT DE FLEURS CARR\u00c9 NARCISO 50 AVEC LUMI\u00c8RE: Pot de fleurs carr\u00e9 avec une grande surface de plantation. Disponible en diff\u00e9rentes finitions et couleurs.","og_url":"https:\/\/newgarden.es\/fr\/shop\/pot-de-fleur\/maceteros-con-luz-fr\/narciso-50-light\/","og_site_name":"Newgarden","article_modified_time":"2022-01-11T12:48:25+00:00","og_image":[{"width":1200,"height":1200,"url":"https:\/\/newgarden.es\/wp-content\/uploads\/2019\/05\/NARCISO_50_1200X1200-20.jpg","type":"image\/jpeg"}],"twitter_card":"summary_large_image","twitter_misc":{"Dur\u00e9e de lecture estim\u00e9e":"1 minute"},"schema":{"@context":"https:\/\/schema.org","@graph":[{"@type":"WebPage","@id":"https:\/\/newgarden.es\/fr\/shop\/pot-de-fleur\/maceteros-con-luz-fr\/narciso-50-light\/","url":"https:\/\/newgarden.es\/fr\/shop\/pot-de-fleur\/maceteros-con-luz-fr\/narciso-50-light\/","name":"POT DE FLEURS CARR\u00c9 NARCISO 50 AVEC LUMI\u00c8RE EXT\u00c9RIEUR","isPartOf":{"@id":"https:\/\/newgarden.es\/#website"},"primaryImageOfPage":{"@id":"https:\/\/newgarden.es\/fr\/shop\/pot-de-fleur\/maceteros-con-luz-fr\/narciso-50-light\/#primaryimage"},"image":{"@id":"https:\/\/newgarden.es\/fr\/shop\/pot-de-fleur\/maceteros-con-luz-fr\/narciso-50-light\/#primaryimage"},"thumbnailUrl":"https:\/\/newgarden.es\/wp-content\/uploads\/2019\/05\/NARCISO_50_1200X1200-20.jpg","datePublished":"2019-10-14T08:39:05+00:00","dateModified":"2022-01-11T12:48:25+00:00","description":"POT DE FLEURS CARR\u00c9 NARCISO 50 AVEC LUMI\u00c8RE: Pot de fleurs carr\u00e9 avec une grande surface de plantation. Disponible en diff\u00e9rentes finitions et couleurs.","breadcrumb":{"@id":"https:\/\/newgarden.es\/fr\/shop\/pot-de-fleur\/maceteros-con-luz-fr\/narciso-50-light\/#breadcrumb"},"inLanguage":"fr-FR","potentialAction":[{"@type":"ReadAction","target":["https:\/\/newgarden.es\/fr\/shop\/pot-de-fleur\/maceteros-con-luz-fr\/narciso-50-light\/"]}]},{"@type":"ImageObject","inLanguage":"fr-FR","@id":"https:\/\/newgarden.es\/fr\/shop\/pot-de-fleur\/maceteros-con-luz-fr\/narciso-50-light\/#primaryimage","url":"https:\/\/newgarden.es\/wp-content\/uploads\/2019\/05\/NARCISO_50_1200X1200-20.jpg","contentUrl":"https:\/\/newgarden.es\/wp-content\/uploads\/2019\/05\/NARCISO_50_1200X1200-20.jpg","width":1200,"height":1200},{"@type":"BreadcrumbList","@id":"https:\/\/newgarden.es\/fr\/shop\/pot-de-fleur\/maceteros-con-luz-fr\/narciso-50-light\/#breadcrumb","itemListElement":[{"@type":"ListItem","position":1,"name":"Home","item":"https:\/\/newgarden.es\/fr\/"},{"@type":"ListItem","position":2,"name":"Boutique","item":"https:\/\/newgarden.es\/fr\/boutique\/"},{"@type":"ListItem","position":3,"name":"POT DE FLEURS CARR\u00c9 NARCISO 50 AVEC LUMI\u00c8RE"}]},{"@type":"WebSite","@id":"https:\/\/newgarden.es\/#website","url":"https:\/\/newgarden.es\/","name":"Newgarden","description":"Be happy","potentialAction":[{"@type":"SearchAction","target":{"@type":"EntryPoint","urlTemplate":"https:\/\/newgarden.es\/?s={search_term_string}"},"query-input":{"@type":"PropertyValueSpecification","valueRequired":true,"valueName":"search_term_string"}}],"inLanguage":"fr-FR"}]}},"df_price":155.8,"df_sale_price":"","df_regular_price":155.8,"df_image_link":"https:\/\/newgarden.es\/wp-content\/uploads\/2019\/05\/NARCISO_50_1200X1200-20-580x400.jpg","_links":{"self":[{"href":"https:\/\/newgarden.es\/fr\/wp-json\/wp\/v2\/product\/17107"}],"collection":[{"href":"https:\/\/newgarden.es\/fr\/wp-json\/wp\/v2\/product"}],"about":[{"href":"https:\/\/newgarden.es\/fr\/wp-json\/wp\/v2\/types\/product"}],"wp:featuredmedia":[{"embeddable":true,"href":"https:\/\/newgarden.es\/fr\/wp-json\/wp\/v2\/media\/59022"}],"wp:attachment":[{"href":"https:\/\/newgarden.es\/fr\/wp-json\/wp\/v2\/media?parent=17107"}],"wp:term":[{"taxonomy":"product_cat","embeddable":true,"href":"https:\/\/newgarden.es\/fr\/wp-json\/wp\/v2\/product_cat?post=17107"},{"taxonomy":"product_tag","embeddable":true,"href":"https:\/\/newgarden.es\/fr\/wp-json\/wp\/v2\/product_tag?post=17107"}],"curies":[{"name":"wp","href":"https:\/\/api.w.org\/{rel}","templated":true}]}}