{"id":17119,"date":"2019-05-31T12:35:07","date_gmt":"2019-10-14T08:45:39","guid":{"rendered":"https:\/\/newgarden.es\/shop\/sin%20categor\u00eda\/melisa-30-light\/"},"modified":"2022-01-11T13:44:46","modified_gmt":"2022-01-11T12:44:46","slug":"melisa-30-light","status":"publish","type":"product","link":"https:\/\/newgarden.es\/fr\/shop\/pot-de-fleur\/maceteros-con-luz-fr\/melisa-30-light\/","title":{"rendered":"POT DE FLEURS MELISA 30 AVEC LUMI\u00c8RE"},"content":{"rendered":"<section class=\"wpb-content-wrapper\"><p>[vc_row][vc_column el_class=&#8221;descripcion_producto&#8221;][vc_column_text]<\/p>\n<p style=\"text-align: justify;\">POT DE FLEURS AVEC LUMI\u00c8RE <strong>MELISA 30: <\/strong>C&#8217;est un pot de fleurs haut rectangulaire aux lignes basiques et \u00e0 la texture lisse. Disponible en plusieurs tailles et couleurs.<\/p>\n<p>Existe en version\u00a0<strong>non lumineuse<\/strong>\u00a0&#8211;\u00a0<strong>filaire<\/strong>(par c\u00e2ble d&#8217;alimentation) &#8211;\u00a0<strong>solaire+batterie<\/strong>\u00a0rechargeable(chargeur inclus).<\/p>\n<p>Version\u00a0<strong>FILAIRE<\/strong>(alimentation par c\u00e2ble): Il vous suffit de brancher votre\u00a0pot\u00a0sur secteur pour pouvoir l&#8217;allumer et de la d\u00e9brancher pour l&#8217;\u00e9teindre. Lumi\u00e8re led &#8211; blanc froid.<\/p>\n<p>Version\u00a0<strong>SOLAIRE+BATTERIE RECHARGEABLE\u00a0<\/strong>led rgb\u00a0Melisa 30\u00a0est \u00e9quip\u00e9e d&#8217;un capteur cr\u00e9pusculaire qui d\u00e9clenche automatiquement l&#8217;allumage \u00e0 la nuit tomb\u00e9e. Ce\u00a0pot\u00a0led rgb\u00a0b\u00e9n\u00e9ficie de la technologie\u00a0<span style=\"text-decoration: underline;\">Newgarden\u00a0<\/span>solaire+charge batterie : il se charge par le soleil (8 \u00e0 12h) pour une autonomie de 2 \u00e0 6 heures ou par batterie (chargeur fourni) en 4 \u00e0 6 heures pour une autonomie de 12 \u00e0 36 heures !\u00a0<span data-sanitized-data-mce-fragment=\"1\">Melisa 30\u00a0<\/span>est \u00e9quip\u00e9 d&#8217;une t\u00e9l\u00e9commande (fournie) qui permet de choisir parmi 128 couleurs et trois blancs.<\/p>\n<p><em>Tous les produits Newgarden sont fabriqu\u00e9s en poly\u00e9thyl\u00e8ne, ils sont donc l\u00e9gers et tr\u00e8s r\u00e9sistants aux temp\u00e9ratures extr\u00eames. Ils sont \u00e9galement r\u00e9sistants\u00a0aux\u00a0rayons UV, ce qui rend la dur\u00e9e de vie du produit extraordinairement longue.<\/em><\/p>\n<ul class=\"tablaTech\">\n<li>\n<div class=\"boxContents no-border\">\n<div class=\"name\"><strong>TAILLE<\/strong><\/div>\n<div class=\"data\">30 x 30 x 58 cm<\/div>\n<\/div>\n<\/li>\n<li>\n<div class=\"boxContents no-border\">\n<div class=\"name\"><strong>VOLUME DE PLANTATION<\/strong><\/div>\n<div class=\"data\">8 litres<\/div>\n<\/div>\n<\/li>\n<\/ul>\n<p>[\/vc_column_text][\/vc_column][\/vc_row][vc_row disable_element=&#8221;yes&#8221;][vc_column][vc_single_image image=&#8221;6566&#8243; img_size=&#8221;full&#8221;][\/vc_column][\/vc_row][vc_row][vc_column width=&#8221;1\/2&#8243;][vc_btn title=&#8221;Fiche technique&#8221; style=&#8221;custom&#8221; custom_background=&#8221;#009bc2&#8243; custom_text=&#8221;#ffffff&#8221; shape=&#8221;square&#8221; link=&#8221;url:https%3A%2F%2Fwww.newgarden.es%2Fwp-content%2Fuploads%2F2018%2F01%2FMelisa.pdf|target:%20_blank|&#8221; el_class=&#8221;btn_descargar_ficha&#8221;][\/vc_column][vc_column width=&#8221;1\/2&#8243;][vc_btn title=&#8221;Manuel d&#8217;instrutions&#8221; style=&#8221;custom&#8221; custom_background=&#8221;#009bc2&#8243; custom_text=&#8221;#ffffff&#8221; shape=&#8221;square&#8221; link=&#8221;url:https%3A%2F%2Fnewgarden.es%2Finstrucciones%2F||target:%20_blank|&#8221; el_class=&#8221;btn_descargar_ficha&#8221;][\/vc_column][\/vc_row]<\/p>\n<\/section>","protected":false},"excerpt":{"rendered":"<h1 style=\"font-size: 12px;\">Pot haut rectangulaire lumineux Melisa 30<\/h1>\n","protected":false},"featured_media":59178,"template":"","meta":[],"product_cat":[643,646,1596],"product_tag":[647,707,648],"class_list":{"0":"post-17119","1":"product","2":"type-product","3":"status-publish","4":"has-post-thumbnail","6":"product_cat-pot-de-fleur","7":"product_cat-maceteros-con-luz-fr","8":"product_cat-pots-de-fleurs-carrees","9":"product_tag-cable-fr","10":"product_tag-sans-fil","11":"product_tag-solaire","13":"first","14":"instock","15":"taxable","16":"shipping-taxable","17":"purchasable","18":"product-type-variable"},"yoast_head":"<!-- This site is optimized with the Yoast SEO plugin v24.2 - https:\/\/yoast.com\/wordpress\/plugins\/seo\/ -->\n<title>POT DE FLEURS MELISA 30 AVEC LUMI\u00c8RE EXT\u00c9RIEUR<\/title>\n<meta name=\"description\" content=\"POT DE FLEURS AVEC LUMI\u00c8RE MELISA 30: C&#039;est un pot de fleurs haut rectangulaire aux lignes basiques et \u00e0 la texture lisse. Disponible en plusieurs tailles\" \/>\n<meta name=\"robots\" content=\"index, follow, max-snippet:-1, max-image-preview:large, max-video-preview:-1\" \/>\n<link rel=\"canonical\" href=\"https:\/\/newgarden.es\/fr\/shop\/pot-de-fleur\/maceteros-con-luz-fr\/melisa-30-light\/\" \/>\n<meta property=\"og:locale\" content=\"fr_FR\" \/>\n<meta property=\"og:type\" content=\"article\" \/>\n<meta property=\"og:title\" content=\"POT DE FLEURS MELISA 30 AVEC LUMI\u00c8RE EXT\u00c9RIEUR\" \/>\n<meta property=\"og:description\" content=\"POT DE FLEURS AVEC LUMI\u00c8RE MELISA 30: C&#039;est un pot de fleurs haut rectangulaire aux lignes basiques et \u00e0 la texture lisse. Disponible en plusieurs tailles\" \/>\n<meta property=\"og:url\" content=\"https:\/\/newgarden.es\/fr\/shop\/pot-de-fleur\/maceteros-con-luz-fr\/melisa-30-light\/\" \/>\n<meta property=\"og:site_name\" content=\"Newgarden\" \/>\n<meta property=\"article:modified_time\" content=\"2022-01-11T12:44:46+00:00\" \/>\n<meta property=\"og:image\" content=\"https:\/\/newgarden.es\/wp-content\/uploads\/2019\/05\/MELISA_30_1200X1200-16.jpg\" \/>\n\t<meta property=\"og:image:width\" content=\"1200\" \/>\n\t<meta property=\"og:image:height\" content=\"1200\" \/>\n\t<meta property=\"og:image:type\" content=\"image\/jpeg\" \/>\n<meta name=\"twitter:card\" content=\"summary_large_image\" \/>\n<meta name=\"twitter:label1\" content=\"Dur\u00e9e de lecture estim\u00e9e\" \/>\n\t<meta name=\"twitter:data1\" content=\"2 minutes\" \/>\n<script type=\"application\/ld+json\" class=\"yoast-schema-graph\">{\"@context\":\"https:\/\/schema.org\",\"@graph\":[{\"@type\":\"WebPage\",\"@id\":\"https:\/\/newgarden.es\/fr\/shop\/pot-de-fleur\/maceteros-con-luz-fr\/melisa-30-light\/\",\"url\":\"https:\/\/newgarden.es\/fr\/shop\/pot-de-fleur\/maceteros-con-luz-fr\/melisa-30-light\/\",\"name\":\"POT DE FLEURS MELISA 30 AVEC LUMI\u00c8RE EXT\u00c9RIEUR\",\"isPartOf\":{\"@id\":\"https:\/\/newgarden.es\/#website\"},\"primaryImageOfPage\":{\"@id\":\"https:\/\/newgarden.es\/fr\/shop\/pot-de-fleur\/maceteros-con-luz-fr\/melisa-30-light\/#primaryimage\"},\"image\":{\"@id\":\"https:\/\/newgarden.es\/fr\/shop\/pot-de-fleur\/maceteros-con-luz-fr\/melisa-30-light\/#primaryimage\"},\"thumbnailUrl\":\"https:\/\/newgarden.es\/wp-content\/uploads\/2019\/05\/MELISA_30_1200X1200-16.jpg\",\"datePublished\":\"2019-10-14T08:45:39+00:00\",\"dateModified\":\"2022-01-11T12:44:46+00:00\",\"description\":\"POT DE FLEURS AVEC LUMI\u00c8RE MELISA 30: C'est un pot de fleurs haut rectangulaire aux lignes basiques et \u00e0 la texture lisse. Disponible en plusieurs tailles\",\"breadcrumb\":{\"@id\":\"https:\/\/newgarden.es\/fr\/shop\/pot-de-fleur\/maceteros-con-luz-fr\/melisa-30-light\/#breadcrumb\"},\"inLanguage\":\"fr-FR\",\"potentialAction\":[{\"@type\":\"ReadAction\",\"target\":[\"https:\/\/newgarden.es\/fr\/shop\/pot-de-fleur\/maceteros-con-luz-fr\/melisa-30-light\/\"]}]},{\"@type\":\"ImageObject\",\"inLanguage\":\"fr-FR\",\"@id\":\"https:\/\/newgarden.es\/fr\/shop\/pot-de-fleur\/maceteros-con-luz-fr\/melisa-30-light\/#primaryimage\",\"url\":\"https:\/\/newgarden.es\/wp-content\/uploads\/2019\/05\/MELISA_30_1200X1200-16.jpg\",\"contentUrl\":\"https:\/\/newgarden.es\/wp-content\/uploads\/2019\/05\/MELISA_30_1200X1200-16.jpg\",\"width\":1200,\"height\":1200},{\"@type\":\"BreadcrumbList\",\"@id\":\"https:\/\/newgarden.es\/fr\/shop\/pot-de-fleur\/maceteros-con-luz-fr\/melisa-30-light\/#breadcrumb\",\"itemListElement\":[{\"@type\":\"ListItem\",\"position\":1,\"name\":\"Home\",\"item\":\"https:\/\/newgarden.es\/fr\/\"},{\"@type\":\"ListItem\",\"position\":2,\"name\":\"Boutique\",\"item\":\"https:\/\/newgarden.es\/fr\/boutique\/\"},{\"@type\":\"ListItem\",\"position\":3,\"name\":\"POT DE FLEURS MELISA 30 AVEC LUMI\u00c8RE\"}]},{\"@type\":\"WebSite\",\"@id\":\"https:\/\/newgarden.es\/#website\",\"url\":\"https:\/\/newgarden.es\/\",\"name\":\"Newgarden\",\"description\":\"Be happy\",\"potentialAction\":[{\"@type\":\"SearchAction\",\"target\":{\"@type\":\"EntryPoint\",\"urlTemplate\":\"https:\/\/newgarden.es\/?s={search_term_string}\"},\"query-input\":{\"@type\":\"PropertyValueSpecification\",\"valueRequired\":true,\"valueName\":\"search_term_string\"}}],\"inLanguage\":\"fr-FR\"}]}<\/script>\n<!-- \/ Yoast SEO plugin. -->","yoast_head_json":{"title":"POT DE FLEURS MELISA 30 AVEC LUMI\u00c8RE EXT\u00c9RIEUR","description":"POT DE FLEURS AVEC LUMI\u00c8RE MELISA 30: C'est un pot de fleurs haut rectangulaire aux lignes basiques et \u00e0 la texture lisse. Disponible en plusieurs tailles","robots":{"index":"index","follow":"follow","max-snippet":"max-snippet:-1","max-image-preview":"max-image-preview:large","max-video-preview":"max-video-preview:-1"},"canonical":"https:\/\/newgarden.es\/fr\/shop\/pot-de-fleur\/maceteros-con-luz-fr\/melisa-30-light\/","og_locale":"fr_FR","og_type":"article","og_title":"POT DE FLEURS MELISA 30 AVEC LUMI\u00c8RE EXT\u00c9RIEUR","og_description":"POT DE FLEURS AVEC LUMI\u00c8RE MELISA 30: C'est un pot de fleurs haut rectangulaire aux lignes basiques et \u00e0 la texture lisse. Disponible en plusieurs tailles","og_url":"https:\/\/newgarden.es\/fr\/shop\/pot-de-fleur\/maceteros-con-luz-fr\/melisa-30-light\/","og_site_name":"Newgarden","article_modified_time":"2022-01-11T12:44:46+00:00","og_image":[{"width":1200,"height":1200,"url":"https:\/\/newgarden.es\/wp-content\/uploads\/2019\/05\/MELISA_30_1200X1200-16.jpg","type":"image\/jpeg"}],"twitter_card":"summary_large_image","twitter_misc":{"Dur\u00e9e de lecture estim\u00e9e":"2 minutes"},"schema":{"@context":"https:\/\/schema.org","@graph":[{"@type":"WebPage","@id":"https:\/\/newgarden.es\/fr\/shop\/pot-de-fleur\/maceteros-con-luz-fr\/melisa-30-light\/","url":"https:\/\/newgarden.es\/fr\/shop\/pot-de-fleur\/maceteros-con-luz-fr\/melisa-30-light\/","name":"POT DE FLEURS MELISA 30 AVEC LUMI\u00c8RE EXT\u00c9RIEUR","isPartOf":{"@id":"https:\/\/newgarden.es\/#website"},"primaryImageOfPage":{"@id":"https:\/\/newgarden.es\/fr\/shop\/pot-de-fleur\/maceteros-con-luz-fr\/melisa-30-light\/#primaryimage"},"image":{"@id":"https:\/\/newgarden.es\/fr\/shop\/pot-de-fleur\/maceteros-con-luz-fr\/melisa-30-light\/#primaryimage"},"thumbnailUrl":"https:\/\/newgarden.es\/wp-content\/uploads\/2019\/05\/MELISA_30_1200X1200-16.jpg","datePublished":"2019-10-14T08:45:39+00:00","dateModified":"2022-01-11T12:44:46+00:00","description":"POT DE FLEURS AVEC LUMI\u00c8RE MELISA 30: C'est un pot de fleurs haut rectangulaire aux lignes basiques et \u00e0 la texture lisse. Disponible en plusieurs tailles","breadcrumb":{"@id":"https:\/\/newgarden.es\/fr\/shop\/pot-de-fleur\/maceteros-con-luz-fr\/melisa-30-light\/#breadcrumb"},"inLanguage":"fr-FR","potentialAction":[{"@type":"ReadAction","target":["https:\/\/newgarden.es\/fr\/shop\/pot-de-fleur\/maceteros-con-luz-fr\/melisa-30-light\/"]}]},{"@type":"ImageObject","inLanguage":"fr-FR","@id":"https:\/\/newgarden.es\/fr\/shop\/pot-de-fleur\/maceteros-con-luz-fr\/melisa-30-light\/#primaryimage","url":"https:\/\/newgarden.es\/wp-content\/uploads\/2019\/05\/MELISA_30_1200X1200-16.jpg","contentUrl":"https:\/\/newgarden.es\/wp-content\/uploads\/2019\/05\/MELISA_30_1200X1200-16.jpg","width":1200,"height":1200},{"@type":"BreadcrumbList","@id":"https:\/\/newgarden.es\/fr\/shop\/pot-de-fleur\/maceteros-con-luz-fr\/melisa-30-light\/#breadcrumb","itemListElement":[{"@type":"ListItem","position":1,"name":"Home","item":"https:\/\/newgarden.es\/fr\/"},{"@type":"ListItem","position":2,"name":"Boutique","item":"https:\/\/newgarden.es\/fr\/boutique\/"},{"@type":"ListItem","position":3,"name":"POT DE FLEURS MELISA 30 AVEC LUMI\u00c8RE"}]},{"@type":"WebSite","@id":"https:\/\/newgarden.es\/#website","url":"https:\/\/newgarden.es\/","name":"Newgarden","description":"Be happy","potentialAction":[{"@type":"SearchAction","target":{"@type":"EntryPoint","urlTemplate":"https:\/\/newgarden.es\/?s={search_term_string}"},"query-input":{"@type":"PropertyValueSpecification","valueRequired":true,"valueName":"search_term_string"}}],"inLanguage":"fr-FR"}]}},"df_price":78.4,"df_sale_price":"","df_regular_price":78.4,"df_image_link":"https:\/\/newgarden.es\/wp-content\/uploads\/2019\/05\/MELISA_30_1200X1200-16-580x400.jpg","_links":{"self":[{"href":"https:\/\/newgarden.es\/fr\/wp-json\/wp\/v2\/product\/17119"}],"collection":[{"href":"https:\/\/newgarden.es\/fr\/wp-json\/wp\/v2\/product"}],"about":[{"href":"https:\/\/newgarden.es\/fr\/wp-json\/wp\/v2\/types\/product"}],"wp:featuredmedia":[{"embeddable":true,"href":"https:\/\/newgarden.es\/fr\/wp-json\/wp\/v2\/media\/59178"}],"wp:attachment":[{"href":"https:\/\/newgarden.es\/fr\/wp-json\/wp\/v2\/media?parent=17119"}],"wp:term":[{"taxonomy":"product_cat","embeddable":true,"href":"https:\/\/newgarden.es\/fr\/wp-json\/wp\/v2\/product_cat?post=17119"},{"taxonomy":"product_tag","embeddable":true,"href":"https:\/\/newgarden.es\/fr\/wp-json\/wp\/v2\/product_tag?post=17119"}],"curies":[{"name":"wp","href":"https:\/\/api.w.org\/{rel}","templated":true}]}}