{"id":17147,"date":"2019-05-31T11:15:56","date_gmt":"2019-10-14T08:59:36","guid":{"rendered":"https:\/\/newgarden.es\/shop\/sin%20categor\u00eda\/magnolia-90-light\/"},"modified":"2024-06-13T11:07:31","modified_gmt":"2024-06-13T09:07:31","slug":"magnolia-80-light","status":"publish","type":"product","link":"https:\/\/newgarden.es\/fr\/shop\/pot-de-fleur\/maceteros-con-luz-fr\/magnolia-80-light\/","title":{"rendered":"GRAND POT MAGNOLIA 80 AVEC LUMI\u00c8RE"},"content":{"rendered":"<section class=\"wpb-content-wrapper\"><p>[vc_row][vc_column el_class=&#8221;descripcion_producto&#8221;][vc_column_text]<\/p>\n<p style=\"text-align: justify;\">* MAGNOLIA est consid\u00e9r\u00e9 comme l&#8217;un des pots de fleurs vedettes de la collection Newgarden. Sa grande vari\u00e9t\u00e9 de finitions d&#8217;\u00e9clairage et les couleurs rendent parfait pour tout espace ext\u00e9rieur.<\/p>\n<p style=\"text-align: justify;\">Magnolia 130 convient au mobilier urbain en raison de son design, de ses dimensions et de sa stabilit\u00e9 (il peut peser jusqu&#8217;\u00e0 une tonne en couleur). Un substitut pratique et \u00e9l\u00e9gant \u00e0 la borne.<\/p>\n<p style=\"text-align: justify;\"><em>Tous les produits Newgarden sont fabriqu\u00e9s en poly\u00e9thyl\u00e8ne et sont donc tr\u00e8s r\u00e9sistants aux temp\u00e9ratures extr\u00eames. Ils sont \u00e9galement prot\u00e9g\u00e9s contre les rayons UV, ce qui rend la dur\u00e9e de vie du produit extraordinairement longue. <\/em><\/p>\n<p>[\/vc_column_text][\/vc_column][\/vc_row][vc_row disable_element=&#8221;yes&#8221;][vc_column][vc_single_image image=&#8221;6566&#8243; img_size=&#8221;full&#8221;][\/vc_column][\/vc_row][vc_row][vc_column width=&#8221;1\/2&#8243;][vc_btn title=&#8221;Fiche technique&#8221; style=&#8221;custom&#8221; custom_background=&#8221;#009bc2&#8243; custom_text=&#8221;#ffffff&#8221; shape=&#8221;square&#8221; link=&#8221;url:https%3A%2F%2Fbit.ly%2F39OrIhc|target:%20_blank|&#8221; el_class=&#8221;btn_descargar_ficha&#8221;][vc_btn title=&#8221;Fiche technique&#8221; style=&#8221;custom&#8221; custom_background=&#8221;#009bc2&#8243; custom_text=&#8221;#ffffff&#8221; shape=&#8221;square&#8221; link=&#8221;url:https%3A%2F%2Fbit.ly%2F3NgRpoh|target:%20_blank|&#8221; el_class=&#8221;btn_descargar_ficha&#8221;][\/vc_column][vc_column width=&#8221;1\/2&#8243;][vc_btn title=&#8221;Manuel d&apos;instrutions&#8221; style=&#8221;custom&#8221; custom_background=&#8221;#009bc2&#8243; custom_text=&#8221;#ffffff&#8221; shape=&#8221;square&#8221; link=&#8221;url:https%3A%2F%2Fbit.ly%2F3JHoauw|target:%20_blank|&#8221; el_class=&#8221;btn_descargar_ficha&#8221;][vc_btn title=&#8221;Manuel d&apos;instrutions&#8221; style=&#8221;custom&#8221; custom_background=&#8221;#009bc2&#8243; custom_text=&#8221;#ffffff&#8221; shape=&#8221;square&#8221; link=&#8221;url:https%3A%2F%2Fbit.ly%2F3vTikRn|target:%20_blank|&#8221; el_class=&#8221;btn_descargar_ficha&#8221;][\/vc_column][\/vc_row]<\/p>\n<\/section>","protected":false},"excerpt":{"rendered":"<h1 style=\"font-size: 12px;\">Grand pot lumineux Magnolia 80<\/h1>\n","protected":false},"featured_media":59378,"template":"","meta":[],"product_cat":[643,646,1592],"product_tag":[647,707,648],"class_list":{"0":"post-17147","1":"product","2":"type-product","3":"status-publish","4":"has-post-thumbnail","6":"product_cat-pot-de-fleur","7":"product_cat-maceteros-con-luz-fr","8":"product_cat-pots-de-fleurs-ronds","9":"product_tag-cable-fr","10":"product_tag-sans-fil","11":"product_tag-solaire","13":"first","14":"instock","15":"taxable","16":"shipping-taxable","17":"purchasable","18":"product-type-variable"},"yoast_head":"<!-- This site is optimized with the Yoast SEO plugin v24.2 - https:\/\/yoast.com\/wordpress\/plugins\/seo\/ -->\n<title>GRAND POT LUMINEUX MAGNOLIA 80 EXT\u00c9RIEUR<\/title>\n<meta name=\"description\" content=\"Magnolia 80 (\u00f880x76 cm) est consid\u00e9r\u00e9 comme l\u2019un des pots de fleurs vedettes de la collection Newgarden.\" \/>\n<meta name=\"robots\" content=\"index, follow, max-snippet:-1, max-image-preview:large, max-video-preview:-1\" \/>\n<link rel=\"canonical\" href=\"https:\/\/newgarden.es\/fr\/shop\/pot-de-fleur\/maceteros-con-luz-fr\/magnolia-80-light\/\" \/>\n<meta property=\"og:locale\" content=\"fr_FR\" \/>\n<meta property=\"og:type\" content=\"article\" \/>\n<meta property=\"og:title\" content=\"GRAND POT LUMINEUX MAGNOLIA 80 EXT\u00c9RIEUR\" \/>\n<meta property=\"og:description\" content=\"Magnolia 80 (\u00f880x76 cm) est consid\u00e9r\u00e9 comme l\u2019un des pots de fleurs vedettes de la collection Newgarden.\" \/>\n<meta property=\"og:url\" content=\"https:\/\/newgarden.es\/fr\/shop\/pot-de-fleur\/maceteros-con-luz-fr\/magnolia-80-light\/\" \/>\n<meta property=\"og:site_name\" content=\"Newgarden\" \/>\n<meta property=\"article:modified_time\" content=\"2024-06-13T09:07:31+00:00\" \/>\n<meta property=\"og:image\" content=\"https:\/\/newgarden.es\/wp-content\/uploads\/2019\/05\/MANOLIA_60_1200X1200-17.jpg\" \/>\n\t<meta property=\"og:image:width\" content=\"1200\" \/>\n\t<meta property=\"og:image:height\" content=\"1200\" \/>\n\t<meta property=\"og:image:type\" content=\"image\/jpeg\" \/>\n<meta name=\"twitter:card\" content=\"summary_large_image\" \/>\n<meta name=\"twitter:label1\" content=\"Dur\u00e9e de lecture estim\u00e9e\" \/>\n\t<meta name=\"twitter:data1\" content=\"1 minute\" \/>\n<script type=\"application\/ld+json\" class=\"yoast-schema-graph\">{\"@context\":\"https:\/\/schema.org\",\"@graph\":[{\"@type\":\"WebPage\",\"@id\":\"https:\/\/newgarden.es\/fr\/shop\/pot-de-fleur\/maceteros-con-luz-fr\/magnolia-80-light\/\",\"url\":\"https:\/\/newgarden.es\/fr\/shop\/pot-de-fleur\/maceteros-con-luz-fr\/magnolia-80-light\/\",\"name\":\"GRAND POT LUMINEUX MAGNOLIA 80 EXT\u00c9RIEUR\",\"isPartOf\":{\"@id\":\"https:\/\/newgarden.es\/#website\"},\"primaryImageOfPage\":{\"@id\":\"https:\/\/newgarden.es\/fr\/shop\/pot-de-fleur\/maceteros-con-luz-fr\/magnolia-80-light\/#primaryimage\"},\"image\":{\"@id\":\"https:\/\/newgarden.es\/fr\/shop\/pot-de-fleur\/maceteros-con-luz-fr\/magnolia-80-light\/#primaryimage\"},\"thumbnailUrl\":\"https:\/\/newgarden.es\/wp-content\/uploads\/2019\/05\/MANOLIA_60_1200X1200-17.jpg\",\"datePublished\":\"2019-10-14T08:59:36+00:00\",\"dateModified\":\"2024-06-13T09:07:31+00:00\",\"description\":\"Magnolia 80 (\u00f880x76 cm) est consid\u00e9r\u00e9 comme l\u2019un des pots de fleurs vedettes de la collection Newgarden.\",\"breadcrumb\":{\"@id\":\"https:\/\/newgarden.es\/fr\/shop\/pot-de-fleur\/maceteros-con-luz-fr\/magnolia-80-light\/#breadcrumb\"},\"inLanguage\":\"fr-FR\",\"potentialAction\":[{\"@type\":\"ReadAction\",\"target\":[\"https:\/\/newgarden.es\/fr\/shop\/pot-de-fleur\/maceteros-con-luz-fr\/magnolia-80-light\/\"]}]},{\"@type\":\"ImageObject\",\"inLanguage\":\"fr-FR\",\"@id\":\"https:\/\/newgarden.es\/fr\/shop\/pot-de-fleur\/maceteros-con-luz-fr\/magnolia-80-light\/#primaryimage\",\"url\":\"https:\/\/newgarden.es\/wp-content\/uploads\/2019\/05\/MANOLIA_60_1200X1200-17.jpg\",\"contentUrl\":\"https:\/\/newgarden.es\/wp-content\/uploads\/2019\/05\/MANOLIA_60_1200X1200-17.jpg\",\"width\":1200,\"height\":1200},{\"@type\":\"BreadcrumbList\",\"@id\":\"https:\/\/newgarden.es\/fr\/shop\/pot-de-fleur\/maceteros-con-luz-fr\/magnolia-80-light\/#breadcrumb\",\"itemListElement\":[{\"@type\":\"ListItem\",\"position\":1,\"name\":\"Home\",\"item\":\"https:\/\/newgarden.es\/fr\/\"},{\"@type\":\"ListItem\",\"position\":2,\"name\":\"Boutique\",\"item\":\"https:\/\/newgarden.es\/fr\/boutique\/\"},{\"@type\":\"ListItem\",\"position\":3,\"name\":\"GRAND POT MAGNOLIA 80 AVEC LUMI\u00c8RE\"}]},{\"@type\":\"WebSite\",\"@id\":\"https:\/\/newgarden.es\/#website\",\"url\":\"https:\/\/newgarden.es\/\",\"name\":\"Newgarden\",\"description\":\"Be happy\",\"potentialAction\":[{\"@type\":\"SearchAction\",\"target\":{\"@type\":\"EntryPoint\",\"urlTemplate\":\"https:\/\/newgarden.es\/?s={search_term_string}\"},\"query-input\":{\"@type\":\"PropertyValueSpecification\",\"valueRequired\":true,\"valueName\":\"search_term_string\"}}],\"inLanguage\":\"fr-FR\"}]}<\/script>\n<!-- \/ Yoast SEO plugin. -->","yoast_head_json":{"title":"GRAND POT LUMINEUX MAGNOLIA 80 EXT\u00c9RIEUR","description":"Magnolia 80 (\u00f880x76 cm) est consid\u00e9r\u00e9 comme l\u2019un des pots de fleurs vedettes de la collection Newgarden.","robots":{"index":"index","follow":"follow","max-snippet":"max-snippet:-1","max-image-preview":"max-image-preview:large","max-video-preview":"max-video-preview:-1"},"canonical":"https:\/\/newgarden.es\/fr\/shop\/pot-de-fleur\/maceteros-con-luz-fr\/magnolia-80-light\/","og_locale":"fr_FR","og_type":"article","og_title":"GRAND POT LUMINEUX MAGNOLIA 80 EXT\u00c9RIEUR","og_description":"Magnolia 80 (\u00f880x76 cm) est consid\u00e9r\u00e9 comme l\u2019un des pots de fleurs vedettes de la collection Newgarden.","og_url":"https:\/\/newgarden.es\/fr\/shop\/pot-de-fleur\/maceteros-con-luz-fr\/magnolia-80-light\/","og_site_name":"Newgarden","article_modified_time":"2024-06-13T09:07:31+00:00","og_image":[{"width":1200,"height":1200,"url":"https:\/\/newgarden.es\/wp-content\/uploads\/2019\/05\/MANOLIA_60_1200X1200-17.jpg","type":"image\/jpeg"}],"twitter_card":"summary_large_image","twitter_misc":{"Dur\u00e9e de lecture estim\u00e9e":"1 minute"},"schema":{"@context":"https:\/\/schema.org","@graph":[{"@type":"WebPage","@id":"https:\/\/newgarden.es\/fr\/shop\/pot-de-fleur\/maceteros-con-luz-fr\/magnolia-80-light\/","url":"https:\/\/newgarden.es\/fr\/shop\/pot-de-fleur\/maceteros-con-luz-fr\/magnolia-80-light\/","name":"GRAND POT LUMINEUX MAGNOLIA 80 EXT\u00c9RIEUR","isPartOf":{"@id":"https:\/\/newgarden.es\/#website"},"primaryImageOfPage":{"@id":"https:\/\/newgarden.es\/fr\/shop\/pot-de-fleur\/maceteros-con-luz-fr\/magnolia-80-light\/#primaryimage"},"image":{"@id":"https:\/\/newgarden.es\/fr\/shop\/pot-de-fleur\/maceteros-con-luz-fr\/magnolia-80-light\/#primaryimage"},"thumbnailUrl":"https:\/\/newgarden.es\/wp-content\/uploads\/2019\/05\/MANOLIA_60_1200X1200-17.jpg","datePublished":"2019-10-14T08:59:36+00:00","dateModified":"2024-06-13T09:07:31+00:00","description":"Magnolia 80 (\u00f880x76 cm) est consid\u00e9r\u00e9 comme l\u2019un des pots de fleurs vedettes de la collection Newgarden.","breadcrumb":{"@id":"https:\/\/newgarden.es\/fr\/shop\/pot-de-fleur\/maceteros-con-luz-fr\/magnolia-80-light\/#breadcrumb"},"inLanguage":"fr-FR","potentialAction":[{"@type":"ReadAction","target":["https:\/\/newgarden.es\/fr\/shop\/pot-de-fleur\/maceteros-con-luz-fr\/magnolia-80-light\/"]}]},{"@type":"ImageObject","inLanguage":"fr-FR","@id":"https:\/\/newgarden.es\/fr\/shop\/pot-de-fleur\/maceteros-con-luz-fr\/magnolia-80-light\/#primaryimage","url":"https:\/\/newgarden.es\/wp-content\/uploads\/2019\/05\/MANOLIA_60_1200X1200-17.jpg","contentUrl":"https:\/\/newgarden.es\/wp-content\/uploads\/2019\/05\/MANOLIA_60_1200X1200-17.jpg","width":1200,"height":1200},{"@type":"BreadcrumbList","@id":"https:\/\/newgarden.es\/fr\/shop\/pot-de-fleur\/maceteros-con-luz-fr\/magnolia-80-light\/#breadcrumb","itemListElement":[{"@type":"ListItem","position":1,"name":"Home","item":"https:\/\/newgarden.es\/fr\/"},{"@type":"ListItem","position":2,"name":"Boutique","item":"https:\/\/newgarden.es\/fr\/boutique\/"},{"@type":"ListItem","position":3,"name":"GRAND POT MAGNOLIA 80 AVEC LUMI\u00c8RE"}]},{"@type":"WebSite","@id":"https:\/\/newgarden.es\/#website","url":"https:\/\/newgarden.es\/","name":"Newgarden","description":"Be happy","potentialAction":[{"@type":"SearchAction","target":{"@type":"EntryPoint","urlTemplate":"https:\/\/newgarden.es\/?s={search_term_string}"},"query-input":{"@type":"PropertyValueSpecification","valueRequired":true,"valueName":"search_term_string"}}],"inLanguage":"fr-FR"}]}},"df_price":435.7,"df_sale_price":"","df_regular_price":435.7,"df_image_link":"https:\/\/newgarden.es\/wp-content\/uploads\/2019\/05\/MANOLIA_60_1200X1200-17-580x400.jpg","_links":{"self":[{"href":"https:\/\/newgarden.es\/fr\/wp-json\/wp\/v2\/product\/17147"}],"collection":[{"href":"https:\/\/newgarden.es\/fr\/wp-json\/wp\/v2\/product"}],"about":[{"href":"https:\/\/newgarden.es\/fr\/wp-json\/wp\/v2\/types\/product"}],"wp:featuredmedia":[{"embeddable":true,"href":"https:\/\/newgarden.es\/fr\/wp-json\/wp\/v2\/media\/59378"}],"wp:attachment":[{"href":"https:\/\/newgarden.es\/fr\/wp-json\/wp\/v2\/media?parent=17147"}],"wp:term":[{"taxonomy":"product_cat","embeddable":true,"href":"https:\/\/newgarden.es\/fr\/wp-json\/wp\/v2\/product_cat?post=17147"},{"taxonomy":"product_tag","embeddable":true,"href":"https:\/\/newgarden.es\/fr\/wp-json\/wp\/v2\/product_tag?post=17147"}],"curies":[{"name":"wp","href":"https:\/\/api.w.org\/{rel}","templated":true}]}}