{"id":17153,"date":"2019-05-29T15:17:15","date_gmt":"2019-10-14T09:03:16","guid":{"rendered":"https:\/\/newgarden.es\/shop\/sin%20categor\u00eda\/violeta-55-light\/"},"modified":"2022-01-13T09:25:35","modified_gmt":"2022-01-13T08:25:35","slug":"violeta-55-light","status":"publish","type":"product","link":"https:\/\/newgarden.es\/fr\/shop\/pot-de-fleur\/maceteros-con-luz-fr\/violeta-55-light\/","title":{"rendered":"POT DE FLEURS VIOLETA 55 AVEC LUMI\u00c8RE"},"content":{"rendered":"<section class=\"wpb-content-wrapper\"><p>[vc_row][vc_column el_class=\u00a0\u00bbdescripcion_producto\u00a0\u00bb][vc_column_text]<\/p>\n<p style=\"text-align: justify;\">POT D\u00c9CORATIF CONIQUE LUMINEUX <strong>VIOLETA 55<\/strong> : C\u2019est un pot de fleurs avec une grande base de plantation. Lignes arrondies et texture lisse. Disponible en diff\u00e9rentes tailles, couleurs et finitions.<\/p>\n<p>Disponible en version\u00a0<strong>sans lumi\u00e8re\u00a0<\/strong>et\u00a0<strong>solaire+batterie<\/strong>\u00a0rechargeable.<\/p>\n<p>Version\u00a0<strong>SOLAIRE+BATTERIE RECHARGEABLE\u00a0<\/strong>led rgb\u00a0<b>Violeta\u00a0<\/b>est \u00e9quip\u00e9 d&rsquo;un capteur cr\u00e9pusculaire qui d\u00e9clenche automatiquement l&rsquo;allumage \u00e0 la nuit tomb\u00e9e. Ce pot led rgb b\u00e9n\u00e9ficie de la technologie\u00a0Newgarden\u00a0solaire+charge batterie : il se charge par le soleil (8 \u00e0 12h) pour une autonomie de 2 \u00e0 6 heures ou par batterie (chargeur fourni) en 4 \u00e0 6 heures pour une autonomie de 12 \u00e0 36 heures !\u00a0<strong>Violeta<\/strong>\u00a0est \u00e9quip\u00e9 d&rsquo;une t\u00e9l\u00e9commande (fournie) qui permet de choisir parmi 128 couleurs et trois blancs.<\/p>\n<p style=\"text-align: justify;\"><em>Tous les produits Newgarden sont fabriqu\u00e9s en poly\u00e9thyl\u00e8ne, ils sont donc l\u00e9gers et tr\u00e8s r\u00e9sistants aux temp\u00e9ratures extr\u00eames. Ils sont \u00e9galement r\u00e9sistants\u00a0aux\u00a0rayons UV, ce qui rend la dur\u00e9e de vie du produit extraordinairement longue.<\/em><\/p>\n<ul class=\"tablaTech\">\n<li>\n<div class=\"boxContents no-border\">\n<div class=\"name\"><strong>TAILLE<\/strong><\/div>\n<div class=\"data\">\u00f840 x 43 cm<\/div>\n<\/div>\n<\/li>\n<li>\n<div class=\"boxContents no-border\">\n<div class=\"name\"><strong>VOLUME DE PLANTATION<\/strong><\/div>\n<div class=\"data\">15 litres<\/div>\n<\/div>\n<\/li>\n<\/ul>\n<p>[\/vc_column_text][\/vc_column][\/vc_row][vc_row disable_element=\u00a0\u00bbyes\u00a0\u00bb][vc_column][vc_single_image image=\u00a0\u00bb6566&Prime; img_size=\u00a0\u00bbfull\u00a0\u00bb][\/vc_column][\/vc_row][vc_row][vc_column width=\u00a0\u00bb1\/2&Prime;][vc_btn title=\u00a0\u00bbFiche technique\u00a0\u00bb style=\u00a0\u00bbcustom\u00a0\u00bb custom_background=\u00a0\u00bb#009bc2&Prime; custom_text=\u00a0\u00bb#ffffff\u00a0\u00bb shape=\u00a0\u00bbsquare\u00a0\u00bb link=\u00a0\u00bburl:https%3A%2F%2Fwww.newgarden.es%2Fwp-content%2Fuploads%2F2018%2F05%2FVioleta.pdf|target:%20_blank|\u00a0\u00bb el_class=\u00a0\u00bbbtn_descargar_ficha\u00a0\u00bb][\/vc_column][vc_column width=\u00a0\u00bb1\/2&Prime;][vc_btn title=\u00a0\u00bbManuel d&rsquo;instrutions\u00a0\u00bb style=\u00a0\u00bbcustom\u00a0\u00bb custom_background=\u00a0\u00bb#009bc2&Prime; custom_text=\u00a0\u00bb#ffffff\u00a0\u00bb shape=\u00a0\u00bbsquare\u00a0\u00bb link=\u00a0\u00bburl:https%3A%2F%2Fnewgarden.es%2Finstrucciones%2F||target:%20_blank|\u00a0\u00bb el_class=\u00a0\u00bbbtn_descargar_ficha\u00a0\u00bb][\/vc_column][\/vc_row]<\/p>\n<\/section>","protected":false},"excerpt":{"rendered":"<h1 style=\"font-size: 12px;\">Pot d\u00e9coratif lumineux conique Violeta 55<\/h1>\n","protected":false},"featured_media":59488,"template":"","meta":[],"product_cat":[643,646,1592],"product_tag":[647,707,648],"class_list":{"0":"post-17153","1":"product","2":"type-product","3":"status-publish","4":"has-post-thumbnail","6":"product_cat-pot-de-fleur","7":"product_cat-maceteros-con-luz-fr","8":"product_cat-pots-de-fleurs-ronds","9":"product_tag-cable-fr","10":"product_tag-sans-fil","11":"product_tag-solaire","13":"first","14":"instock","15":"taxable","16":"shipping-taxable","17":"purchasable","18":"product-type-variable"},"yoast_head":"<!-- This site is optimized with the Yoast SEO plugin v24.2 - https:\/\/yoast.com\/wordpress\/plugins\/seo\/ -->\n<title>POT CONIQUE VIOLETA 55 AVEC LUMI\u00c8RE EXT\u00c9RIEUR<\/title>\n<meta name=\"description\" content=\"POT D\u00c9CORATIF CONIQUE LUMINEUX VIOLETA 55 : C\u2019est un pot de fleurs avec une grande base de plantation. Lignes arrondies et texture lisse. Disponible en di\" \/>\n<meta name=\"robots\" content=\"index, follow, max-snippet:-1, max-image-preview:large, max-video-preview:-1\" \/>\n<link rel=\"canonical\" href=\"https:\/\/newgarden.es\/shop\/maceteros\/maceteros-luz\/violeta-55-luz\/\" \/>\n<meta property=\"og:locale\" content=\"fr_FR\" \/>\n<meta property=\"og:type\" content=\"article\" \/>\n<meta property=\"og:title\" content=\"POT CONIQUE VIOLETA 55 AVEC LUMI\u00c8RE EXT\u00c9RIEUR\" \/>\n<meta property=\"og:description\" content=\"POT D\u00c9CORATIF CONIQUE LUMINEUX VIOLETA 55 : C\u2019est un pot de fleurs avec une grande base de plantation. Lignes arrondies et texture lisse. Disponible en di\" \/>\n<meta property=\"og:url\" content=\"https:\/\/newgarden.es\/shop\/maceteros\/maceteros-luz\/violeta-55-luz\/\" \/>\n<meta property=\"og:site_name\" content=\"Newgarden\" \/>\n<meta property=\"article:modified_time\" content=\"2022-01-13T08:25:35+00:00\" \/>\n<meta property=\"og:image\" content=\"https:\/\/newgarden.es\/wp-content\/uploads\/2019\/05\/VIOLETA_55_FW-1.jpg\" \/>\n\t<meta property=\"og:image:width\" content=\"1200\" \/>\n\t<meta property=\"og:image:height\" content=\"1200\" \/>\n\t<meta property=\"og:image:type\" content=\"image\/jpeg\" \/>\n<meta name=\"twitter:card\" content=\"summary_large_image\" \/>\n<meta name=\"twitter:label1\" content=\"Dur\u00e9e de lecture estim\u00e9e\" \/>\n\t<meta name=\"twitter:data1\" content=\"1 minute\" \/>\n<script type=\"application\/ld+json\" class=\"yoast-schema-graph\">{\"@context\":\"https:\/\/schema.org\",\"@graph\":[{\"@type\":\"WebPage\",\"@id\":\"https:\/\/newgarden.es\/shop\/maceteros\/maceteros-luz\/violeta-55-luz\/\",\"url\":\"https:\/\/newgarden.es\/shop\/maceteros\/maceteros-luz\/violeta-55-luz\/\",\"name\":\"POT CONIQUE VIOLETA 55 AVEC LUMI\u00c8RE EXT\u00c9RIEUR\",\"isPartOf\":{\"@id\":\"https:\/\/newgarden.es\/#website\"},\"primaryImageOfPage\":{\"@id\":\"https:\/\/newgarden.es\/shop\/maceteros\/maceteros-luz\/violeta-55-luz\/#primaryimage\"},\"image\":{\"@id\":\"https:\/\/newgarden.es\/shop\/maceteros\/maceteros-luz\/violeta-55-luz\/#primaryimage\"},\"thumbnailUrl\":\"https:\/\/newgarden.es\/wp-content\/uploads\/2019\/05\/VIOLETA_55_FW-1.jpg\",\"datePublished\":\"2019-10-14T09:03:16+00:00\",\"dateModified\":\"2022-01-13T08:25:35+00:00\",\"description\":\"POT D\u00c9CORATIF CONIQUE LUMINEUX VIOLETA 55 : C\u2019est un pot de fleurs avec une grande base de plantation. Lignes arrondies et texture lisse. Disponible en di\",\"breadcrumb\":{\"@id\":\"https:\/\/newgarden.es\/shop\/maceteros\/maceteros-luz\/violeta-55-luz\/#breadcrumb\"},\"inLanguage\":\"fr-FR\",\"potentialAction\":[{\"@type\":\"ReadAction\",\"target\":[\"https:\/\/newgarden.es\/shop\/maceteros\/maceteros-luz\/violeta-55-luz\/\"]}]},{\"@type\":\"ImageObject\",\"inLanguage\":\"fr-FR\",\"@id\":\"https:\/\/newgarden.es\/shop\/maceteros\/maceteros-luz\/violeta-55-luz\/#primaryimage\",\"url\":\"https:\/\/newgarden.es\/wp-content\/uploads\/2019\/05\/VIOLETA_55_FW-1.jpg\",\"contentUrl\":\"https:\/\/newgarden.es\/wp-content\/uploads\/2019\/05\/VIOLETA_55_FW-1.jpg\",\"width\":1200,\"height\":1200},{\"@type\":\"BreadcrumbList\",\"@id\":\"https:\/\/newgarden.es\/shop\/maceteros\/maceteros-luz\/violeta-55-luz\/#breadcrumb\",\"itemListElement\":[{\"@type\":\"ListItem\",\"position\":1,\"name\":\"Home\",\"item\":\"https:\/\/newgarden.es\/fr\/\"},{\"@type\":\"ListItem\",\"position\":2,\"name\":\"Boutique\",\"item\":\"https:\/\/newgarden.es\/fr\/boutique\/\"},{\"@type\":\"ListItem\",\"position\":3,\"name\":\"POT DE FLEURS VIOLETA 55 AVEC LUMI\u00c8RE\"}]},{\"@type\":\"WebSite\",\"@id\":\"https:\/\/newgarden.es\/#website\",\"url\":\"https:\/\/newgarden.es\/\",\"name\":\"Newgarden\",\"description\":\"Be happy\",\"potentialAction\":[{\"@type\":\"SearchAction\",\"target\":{\"@type\":\"EntryPoint\",\"urlTemplate\":\"https:\/\/newgarden.es\/?s={search_term_string}\"},\"query-input\":{\"@type\":\"PropertyValueSpecification\",\"valueRequired\":true,\"valueName\":\"search_term_string\"}}],\"inLanguage\":\"fr-FR\"}]}<\/script>\n<!-- \/ Yoast SEO plugin. -->","yoast_head_json":{"title":"POT CONIQUE VIOLETA 55 AVEC LUMI\u00c8RE EXT\u00c9RIEUR","description":"POT D\u00c9CORATIF CONIQUE LUMINEUX VIOLETA 55 : C\u2019est un pot de fleurs avec une grande base de plantation. Lignes arrondies et texture lisse. Disponible en di","robots":{"index":"index","follow":"follow","max-snippet":"max-snippet:-1","max-image-preview":"max-image-preview:large","max-video-preview":"max-video-preview:-1"},"canonical":"https:\/\/newgarden.es\/shop\/maceteros\/maceteros-luz\/violeta-55-luz\/","og_locale":"fr_FR","og_type":"article","og_title":"POT CONIQUE VIOLETA 55 AVEC LUMI\u00c8RE EXT\u00c9RIEUR","og_description":"POT D\u00c9CORATIF CONIQUE LUMINEUX VIOLETA 55 : C\u2019est un pot de fleurs avec une grande base de plantation. Lignes arrondies et texture lisse. Disponible en di","og_url":"https:\/\/newgarden.es\/shop\/maceteros\/maceteros-luz\/violeta-55-luz\/","og_site_name":"Newgarden","article_modified_time":"2022-01-13T08:25:35+00:00","og_image":[{"width":1200,"height":1200,"url":"https:\/\/newgarden.es\/wp-content\/uploads\/2019\/05\/VIOLETA_55_FW-1.jpg","type":"image\/jpeg"}],"twitter_card":"summary_large_image","twitter_misc":{"Dur\u00e9e de lecture estim\u00e9e":"1 minute"},"schema":{"@context":"https:\/\/schema.org","@graph":[{"@type":"WebPage","@id":"https:\/\/newgarden.es\/shop\/maceteros\/maceteros-luz\/violeta-55-luz\/","url":"https:\/\/newgarden.es\/shop\/maceteros\/maceteros-luz\/violeta-55-luz\/","name":"POT CONIQUE VIOLETA 55 AVEC LUMI\u00c8RE EXT\u00c9RIEUR","isPartOf":{"@id":"https:\/\/newgarden.es\/#website"},"primaryImageOfPage":{"@id":"https:\/\/newgarden.es\/shop\/maceteros\/maceteros-luz\/violeta-55-luz\/#primaryimage"},"image":{"@id":"https:\/\/newgarden.es\/shop\/maceteros\/maceteros-luz\/violeta-55-luz\/#primaryimage"},"thumbnailUrl":"https:\/\/newgarden.es\/wp-content\/uploads\/2019\/05\/VIOLETA_55_FW-1.jpg","datePublished":"2019-10-14T09:03:16+00:00","dateModified":"2022-01-13T08:25:35+00:00","description":"POT D\u00c9CORATIF CONIQUE LUMINEUX VIOLETA 55 : C\u2019est un pot de fleurs avec une grande base de plantation. Lignes arrondies et texture lisse. Disponible en di","breadcrumb":{"@id":"https:\/\/newgarden.es\/shop\/maceteros\/maceteros-luz\/violeta-55-luz\/#breadcrumb"},"inLanguage":"fr-FR","potentialAction":[{"@type":"ReadAction","target":["https:\/\/newgarden.es\/shop\/maceteros\/maceteros-luz\/violeta-55-luz\/"]}]},{"@type":"ImageObject","inLanguage":"fr-FR","@id":"https:\/\/newgarden.es\/shop\/maceteros\/maceteros-luz\/violeta-55-luz\/#primaryimage","url":"https:\/\/newgarden.es\/wp-content\/uploads\/2019\/05\/VIOLETA_55_FW-1.jpg","contentUrl":"https:\/\/newgarden.es\/wp-content\/uploads\/2019\/05\/VIOLETA_55_FW-1.jpg","width":1200,"height":1200},{"@type":"BreadcrumbList","@id":"https:\/\/newgarden.es\/shop\/maceteros\/maceteros-luz\/violeta-55-luz\/#breadcrumb","itemListElement":[{"@type":"ListItem","position":1,"name":"Home","item":"https:\/\/newgarden.es\/fr\/"},{"@type":"ListItem","position":2,"name":"Boutique","item":"https:\/\/newgarden.es\/fr\/boutique\/"},{"@type":"ListItem","position":3,"name":"POT DE FLEURS VIOLETA 55 AVEC LUMI\u00c8RE"}]},{"@type":"WebSite","@id":"https:\/\/newgarden.es\/#website","url":"https:\/\/newgarden.es\/","name":"Newgarden","description":"Be happy","potentialAction":[{"@type":"SearchAction","target":{"@type":"EntryPoint","urlTemplate":"https:\/\/newgarden.es\/?s={search_term_string}"},"query-input":{"@type":"PropertyValueSpecification","valueRequired":true,"valueName":"search_term_string"}}],"inLanguage":"fr-FR"}]}},"df_price":176.3,"df_sale_price":"","df_regular_price":176.3,"df_image_link":"https:\/\/newgarden.es\/wp-content\/uploads\/2019\/05\/VIOLETA_55_FW-1-580x400.jpg","_links":{"self":[{"href":"https:\/\/newgarden.es\/fr\/wp-json\/wp\/v2\/product\/17153"}],"collection":[{"href":"https:\/\/newgarden.es\/fr\/wp-json\/wp\/v2\/product"}],"about":[{"href":"https:\/\/newgarden.es\/fr\/wp-json\/wp\/v2\/types\/product"}],"wp:featuredmedia":[{"embeddable":true,"href":"https:\/\/newgarden.es\/fr\/wp-json\/wp\/v2\/media\/59488"}],"wp:attachment":[{"href":"https:\/\/newgarden.es\/fr\/wp-json\/wp\/v2\/media?parent=17153"}],"wp:term":[{"taxonomy":"product_cat","embeddable":true,"href":"https:\/\/newgarden.es\/fr\/wp-json\/wp\/v2\/product_cat?post=17153"},{"taxonomy":"product_tag","embeddable":true,"href":"https:\/\/newgarden.es\/fr\/wp-json\/wp\/v2\/product_tag?post=17153"}],"curies":[{"name":"wp","href":"https:\/\/api.w.org\/{rel}","templated":true}]}}