{"id":17258,"date":"2019-05-08T08:50:12","date_gmt":"2019-10-14T09:36:56","guid":{"rendered":"https:\/\/newgarden.es\/shop\/sin%20categor\u00eda\/ficus-80-light\/"},"modified":"2022-01-12T16:43:25","modified_gmt":"2022-01-12T15:43:25","slug":"ficus-80-light","status":"publish","type":"product","link":"https:\/\/newgarden.es\/fr\/shop\/pot-de-fleur\/maceteros-con-luz-fr\/ficus-80-light\/","title":{"rendered":"POT DE FLEURS HAUT FICUS 80 AVEC LUMI\u00c8RE"},"content":{"rendered":"<section class=\"wpb-content-wrapper\"><p>[vc_row][vc_column el_class=\u00a0\u00bbdescripcion_producto\u00a0\u00bb][vc_column_text]<\/p>\n<div>\n<p>POT HAUT CYLINDRIQUE LUMINEUX <strong>FICUS 80<\/strong>: C\u2019est une jardini\u00e8re cylindrique avec une large base de plantation. Sa hauteur et sa l\u00e9g\u00e8ret\u00e9 vous permettent d\u2019avoir un grand pot avec des performances in\u00e9gal\u00e9es.<\/p>\n<p>Disponible en version\u00a0<strong>sans lumi\u00e8re<\/strong>,\u00a0<strong>c\u00e2ble<\/strong>\u00a0et\u00a0<strong>solaire+batterie<\/strong>\u00a0rechargeable.<\/p>\n<p>Version\u00a0<strong>FILAIRE<\/strong>(alimentation par c\u00e2ble): Il vous suffit de brancher votre pot sur secteur pour pouvoir l&rsquo;allumer et de la d\u00e9brancher pour l&rsquo;\u00e9teindre. Lumi\u00e8re led &#8211; blanc froid.<\/p>\n<p>Version\u00a0<strong>SOLAIRE+BATTERIE RECHARGEABLE\u00a0<\/strong>led rgb Ficus 80 est \u00e9quip\u00e9 d&rsquo;un capteur cr\u00e9pusculaire qui d\u00e9clenche automatiquement l&rsquo;allumage \u00e0 la nuit tomb\u00e9e. Ce pot led rgb\u00a0b\u00e9n\u00e9ficie de la technologie\u00a0Newgarden\u00a0solaire+charge batterie : il se charge par le soleil (8 \u00e0 12h) pour une autonomie de 2 \u00e0 6 heures ou par batterie (chargeur fourni) en 4 \u00e0 6 heures pour une autonomie de 12 \u00e0 36 heures ! Ficus 80 est \u00e9quip\u00e9 d&rsquo;une t\u00e9l\u00e9commande (fournie) qui permet de choisir parmi 128 couleurs et trois blancs.<\/p>\n<p><em>Tous les produits Newgarden sont fabriqu\u00e9s en poly\u00e9thyl\u00e8ne, ils sont donc l\u00e9gers et tr\u00e8s r\u00e9sistants aux temp\u00e9ratures extr\u00eames. Ils sont \u00e9galement r\u00e9sistan<\/em><\/p>\n<ul class=\"tablaTech\">\n<li>\n<div class=\"boxContents no-border\">\n<div class=\"name\"><strong>TAILLE<\/strong><\/div>\n<div class=\"data\">\u00f829 x 79 cm<\/div>\n<\/div>\n<\/li>\n<li>\n<div class=\"boxContents no-border\">\n<div class=\"name\"><strong>VOLUME DE PLANTATION<\/strong><\/div>\n<div class=\"data\">8\u00a0litres<\/div>\n<\/div>\n<\/li>\n<\/ul>\n<\/div>\n<p>[\/vc_column_text][\/vc_column][\/vc_row][vc_row disable_element=\u00a0\u00bbyes\u00a0\u00bb][vc_column][vc_single_image image=\u00a0\u00bb6566&Prime; img_size=\u00a0\u00bbfull\u00a0\u00bb][\/vc_column][\/vc_row][vc_row][vc_column width=\u00a0\u00bb1\/2&Prime;][vc_btn title=\u00a0\u00bbFiche technique\u00a0\u00bb style=\u00a0\u00bbcustom\u00a0\u00bb custom_background=\u00a0\u00bb#009bc2&Prime; custom_text=\u00a0\u00bb#ffffff\u00a0\u00bb shape=\u00a0\u00bbsquare\u00a0\u00bb link=\u00a0\u00bburl:https%3A%2F%2Fwww.newgarden.es%2Fwp-content%2Fuploads%2F2018%2F05%2FBambu-70-90.pdf|target:%20_blank|\u00a0\u00bb el_class=\u00a0\u00bbbtn_descargar_ficha\u00a0\u00bb][\/vc_column][vc_column width=\u00a0\u00bb1\/2&Prime;][vc_btn title=\u00a0\u00bbManuel d&rsquo;instrutions\u00a0\u00bb style=\u00a0\u00bbcustom\u00a0\u00bb custom_background=\u00a0\u00bb#009bc2&Prime; custom_text=\u00a0\u00bb#ffffff\u00a0\u00bb shape=\u00a0\u00bbsquare\u00a0\u00bb link=\u00a0\u00bburl:https%3A%2F%2Fnewgarden.es%2Finstrucciones%2F||target:%20_blank|\u00a0\u00bb el_class=\u00a0\u00bbbtn_descargar_ficha\u00a0\u00bb][\/vc_column][\/vc_row]<\/p>\n<\/section>","protected":false},"excerpt":{"rendered":"<h1 style=\"font-size: 12px;\">POT HAUT CYLINDRIQUE LUMINEUX FICUS 80<\/h1>\n","protected":false},"featured_media":59503,"template":"","meta":[],"product_cat":[643,646],"product_tag":[647,707,648],"class_list":{"0":"post-17258","1":"product","2":"type-product","3":"status-publish","4":"has-post-thumbnail","6":"product_cat-pot-de-fleur","7":"product_cat-maceteros-con-luz-fr","8":"product_tag-cable-fr","9":"product_tag-sans-fil","10":"product_tag-solaire","12":"first","13":"instock","14":"taxable","15":"shipping-taxable","16":"purchasable","17":"product-type-variable"},"yoast_head":"<!-- This site is optimized with the Yoast SEO plugin v24.2 - https:\/\/yoast.com\/wordpress\/plugins\/seo\/ -->\n<title>POT HAUT CYLINDRIQUE LUMINEUX FICUS 80 EXT\u00c9RIEUR<\/title>\n<meta name=\"description\" content=\"C\u2019est une jardini\u00e8re cylindrique avec une large base de plantation. Sa hauteur et sa l\u00e9g\u00e8ret\u00e9 vous permettent d\u2019avoir un grand pot avec des performances\" \/>\n<meta name=\"robots\" content=\"index, follow, max-snippet:-1, max-image-preview:large, max-video-preview:-1\" \/>\n<link rel=\"canonical\" href=\"https:\/\/newgarden.es\/fr\/shop\/pot-de-fleur\/maceteros-con-luz-fr\/ficus-80-light\/\" \/>\n<meta property=\"og:locale\" content=\"fr_FR\" \/>\n<meta property=\"og:type\" content=\"article\" \/>\n<meta property=\"og:title\" content=\"POT HAUT CYLINDRIQUE LUMINEUX FICUS 80 EXT\u00c9RIEUR\" \/>\n<meta property=\"og:description\" content=\"C\u2019est une jardini\u00e8re cylindrique avec une large base de plantation. Sa hauteur et sa l\u00e9g\u00e8ret\u00e9 vous permettent d\u2019avoir un grand pot avec des performances\" \/>\n<meta property=\"og:url\" content=\"https:\/\/newgarden.es\/fr\/shop\/pot-de-fleur\/maceteros-con-luz-fr\/ficus-80-light\/\" \/>\n<meta property=\"og:site_name\" content=\"Newgarden\" \/>\n<meta property=\"article:modified_time\" content=\"2022-01-12T15:43:25+00:00\" \/>\n<meta property=\"og:image\" content=\"https:\/\/newgarden.es\/wp-content\/uploads\/2019\/05\/FICUS_1200X1200.jpg\" \/>\n\t<meta property=\"og:image:width\" content=\"1200\" \/>\n\t<meta property=\"og:image:height\" content=\"1200\" \/>\n\t<meta property=\"og:image:type\" content=\"image\/jpeg\" \/>\n<meta name=\"twitter:card\" content=\"summary_large_image\" \/>\n<meta name=\"twitter:label1\" content=\"Dur\u00e9e de lecture estim\u00e9e\" \/>\n\t<meta name=\"twitter:data1\" content=\"2 minutes\" \/>\n<script type=\"application\/ld+json\" class=\"yoast-schema-graph\">{\"@context\":\"https:\/\/schema.org\",\"@graph\":[{\"@type\":\"WebPage\",\"@id\":\"https:\/\/newgarden.es\/fr\/shop\/pot-de-fleur\/maceteros-con-luz-fr\/ficus-80-light\/\",\"url\":\"https:\/\/newgarden.es\/fr\/shop\/pot-de-fleur\/maceteros-con-luz-fr\/ficus-80-light\/\",\"name\":\"POT HAUT CYLINDRIQUE LUMINEUX FICUS 80 EXT\u00c9RIEUR\",\"isPartOf\":{\"@id\":\"https:\/\/newgarden.es\/#website\"},\"primaryImageOfPage\":{\"@id\":\"https:\/\/newgarden.es\/fr\/shop\/pot-de-fleur\/maceteros-con-luz-fr\/ficus-80-light\/#primaryimage\"},\"image\":{\"@id\":\"https:\/\/newgarden.es\/fr\/shop\/pot-de-fleur\/maceteros-con-luz-fr\/ficus-80-light\/#primaryimage\"},\"thumbnailUrl\":\"https:\/\/newgarden.es\/wp-content\/uploads\/2019\/05\/FICUS_1200X1200.jpg\",\"datePublished\":\"2019-10-14T09:36:56+00:00\",\"dateModified\":\"2022-01-12T15:43:25+00:00\",\"description\":\"C\u2019est une jardini\u00e8re cylindrique avec une large base de plantation. Sa hauteur et sa l\u00e9g\u00e8ret\u00e9 vous permettent d\u2019avoir un grand pot avec des performances\",\"breadcrumb\":{\"@id\":\"https:\/\/newgarden.es\/fr\/shop\/pot-de-fleur\/maceteros-con-luz-fr\/ficus-80-light\/#breadcrumb\"},\"inLanguage\":\"fr-FR\",\"potentialAction\":[{\"@type\":\"ReadAction\",\"target\":[\"https:\/\/newgarden.es\/fr\/shop\/pot-de-fleur\/maceteros-con-luz-fr\/ficus-80-light\/\"]}]},{\"@type\":\"ImageObject\",\"inLanguage\":\"fr-FR\",\"@id\":\"https:\/\/newgarden.es\/fr\/shop\/pot-de-fleur\/maceteros-con-luz-fr\/ficus-80-light\/#primaryimage\",\"url\":\"https:\/\/newgarden.es\/wp-content\/uploads\/2019\/05\/FICUS_1200X1200.jpg\",\"contentUrl\":\"https:\/\/newgarden.es\/wp-content\/uploads\/2019\/05\/FICUS_1200X1200.jpg\",\"width\":1200,\"height\":1200},{\"@type\":\"BreadcrumbList\",\"@id\":\"https:\/\/newgarden.es\/fr\/shop\/pot-de-fleur\/maceteros-con-luz-fr\/ficus-80-light\/#breadcrumb\",\"itemListElement\":[{\"@type\":\"ListItem\",\"position\":1,\"name\":\"Home\",\"item\":\"https:\/\/newgarden.es\/fr\/\"},{\"@type\":\"ListItem\",\"position\":2,\"name\":\"Boutique\",\"item\":\"https:\/\/newgarden.es\/fr\/boutique\/\"},{\"@type\":\"ListItem\",\"position\":3,\"name\":\"POT DE FLEURS HAUT FICUS 80 AVEC LUMI\u00c8RE\"}]},{\"@type\":\"WebSite\",\"@id\":\"https:\/\/newgarden.es\/#website\",\"url\":\"https:\/\/newgarden.es\/\",\"name\":\"Newgarden\",\"description\":\"Be happy\",\"potentialAction\":[{\"@type\":\"SearchAction\",\"target\":{\"@type\":\"EntryPoint\",\"urlTemplate\":\"https:\/\/newgarden.es\/?s={search_term_string}\"},\"query-input\":{\"@type\":\"PropertyValueSpecification\",\"valueRequired\":true,\"valueName\":\"search_term_string\"}}],\"inLanguage\":\"fr-FR\"}]}<\/script>\n<!-- \/ Yoast SEO plugin. -->","yoast_head_json":{"title":"POT HAUT CYLINDRIQUE LUMINEUX FICUS 80 EXT\u00c9RIEUR","description":"C\u2019est une jardini\u00e8re cylindrique avec une large base de plantation. Sa hauteur et sa l\u00e9g\u00e8ret\u00e9 vous permettent d\u2019avoir un grand pot avec des performances","robots":{"index":"index","follow":"follow","max-snippet":"max-snippet:-1","max-image-preview":"max-image-preview:large","max-video-preview":"max-video-preview:-1"},"canonical":"https:\/\/newgarden.es\/fr\/shop\/pot-de-fleur\/maceteros-con-luz-fr\/ficus-80-light\/","og_locale":"fr_FR","og_type":"article","og_title":"POT HAUT CYLINDRIQUE LUMINEUX FICUS 80 EXT\u00c9RIEUR","og_description":"C\u2019est une jardini\u00e8re cylindrique avec une large base de plantation. Sa hauteur et sa l\u00e9g\u00e8ret\u00e9 vous permettent d\u2019avoir un grand pot avec des performances","og_url":"https:\/\/newgarden.es\/fr\/shop\/pot-de-fleur\/maceteros-con-luz-fr\/ficus-80-light\/","og_site_name":"Newgarden","article_modified_time":"2022-01-12T15:43:25+00:00","og_image":[{"width":1200,"height":1200,"url":"https:\/\/newgarden.es\/wp-content\/uploads\/2019\/05\/FICUS_1200X1200.jpg","type":"image\/jpeg"}],"twitter_card":"summary_large_image","twitter_misc":{"Dur\u00e9e de lecture estim\u00e9e":"2 minutes"},"schema":{"@context":"https:\/\/schema.org","@graph":[{"@type":"WebPage","@id":"https:\/\/newgarden.es\/fr\/shop\/pot-de-fleur\/maceteros-con-luz-fr\/ficus-80-light\/","url":"https:\/\/newgarden.es\/fr\/shop\/pot-de-fleur\/maceteros-con-luz-fr\/ficus-80-light\/","name":"POT HAUT CYLINDRIQUE LUMINEUX FICUS 80 EXT\u00c9RIEUR","isPartOf":{"@id":"https:\/\/newgarden.es\/#website"},"primaryImageOfPage":{"@id":"https:\/\/newgarden.es\/fr\/shop\/pot-de-fleur\/maceteros-con-luz-fr\/ficus-80-light\/#primaryimage"},"image":{"@id":"https:\/\/newgarden.es\/fr\/shop\/pot-de-fleur\/maceteros-con-luz-fr\/ficus-80-light\/#primaryimage"},"thumbnailUrl":"https:\/\/newgarden.es\/wp-content\/uploads\/2019\/05\/FICUS_1200X1200.jpg","datePublished":"2019-10-14T09:36:56+00:00","dateModified":"2022-01-12T15:43:25+00:00","description":"C\u2019est une jardini\u00e8re cylindrique avec une large base de plantation. Sa hauteur et sa l\u00e9g\u00e8ret\u00e9 vous permettent d\u2019avoir un grand pot avec des performances","breadcrumb":{"@id":"https:\/\/newgarden.es\/fr\/shop\/pot-de-fleur\/maceteros-con-luz-fr\/ficus-80-light\/#breadcrumb"},"inLanguage":"fr-FR","potentialAction":[{"@type":"ReadAction","target":["https:\/\/newgarden.es\/fr\/shop\/pot-de-fleur\/maceteros-con-luz-fr\/ficus-80-light\/"]}]},{"@type":"ImageObject","inLanguage":"fr-FR","@id":"https:\/\/newgarden.es\/fr\/shop\/pot-de-fleur\/maceteros-con-luz-fr\/ficus-80-light\/#primaryimage","url":"https:\/\/newgarden.es\/wp-content\/uploads\/2019\/05\/FICUS_1200X1200.jpg","contentUrl":"https:\/\/newgarden.es\/wp-content\/uploads\/2019\/05\/FICUS_1200X1200.jpg","width":1200,"height":1200},{"@type":"BreadcrumbList","@id":"https:\/\/newgarden.es\/fr\/shop\/pot-de-fleur\/maceteros-con-luz-fr\/ficus-80-light\/#breadcrumb","itemListElement":[{"@type":"ListItem","position":1,"name":"Home","item":"https:\/\/newgarden.es\/fr\/"},{"@type":"ListItem","position":2,"name":"Boutique","item":"https:\/\/newgarden.es\/fr\/boutique\/"},{"@type":"ListItem","position":3,"name":"POT DE FLEURS HAUT FICUS 80 AVEC LUMI\u00c8RE"}]},{"@type":"WebSite","@id":"https:\/\/newgarden.es\/#website","url":"https:\/\/newgarden.es\/","name":"Newgarden","description":"Be happy","potentialAction":[{"@type":"SearchAction","target":{"@type":"EntryPoint","urlTemplate":"https:\/\/newgarden.es\/?s={search_term_string}"},"query-input":{"@type":"PropertyValueSpecification","valueRequired":true,"valueName":"search_term_string"}}],"inLanguage":"fr-FR"}]}},"df_price":78.5,"df_sale_price":"","df_regular_price":78.5,"df_image_link":"https:\/\/newgarden.es\/wp-content\/uploads\/2019\/05\/FICUS_1200X1200-580x400.jpg","_links":{"self":[{"href":"https:\/\/newgarden.es\/fr\/wp-json\/wp\/v2\/product\/17258"}],"collection":[{"href":"https:\/\/newgarden.es\/fr\/wp-json\/wp\/v2\/product"}],"about":[{"href":"https:\/\/newgarden.es\/fr\/wp-json\/wp\/v2\/types\/product"}],"wp:featuredmedia":[{"embeddable":true,"href":"https:\/\/newgarden.es\/fr\/wp-json\/wp\/v2\/media\/59503"}],"wp:attachment":[{"href":"https:\/\/newgarden.es\/fr\/wp-json\/wp\/v2\/media?parent=17258"}],"wp:term":[{"taxonomy":"product_cat","embeddable":true,"href":"https:\/\/newgarden.es\/fr\/wp-json\/wp\/v2\/product_cat?post=17258"},{"taxonomy":"product_tag","embeddable":true,"href":"https:\/\/newgarden.es\/fr\/wp-json\/wp\/v2\/product_tag?post=17258"}],"curies":[{"name":"wp","href":"https:\/\/api.w.org\/{rel}","templated":true}]}}