{"id":17360,"date":"2019-05-08T06:35:38","date_gmt":"2019-10-14T09:53:33","guid":{"rendered":"https:\/\/newgarden.es\/shop\/sin%20categor\u00eda\/narciso-40-color\/"},"modified":"2024-06-13T13:16:44","modified_gmt":"2024-06-13T11:16:44","slug":"narciso-40-color","status":"publish","type":"product","link":"https:\/\/newgarden.es\/fr\/shop\/pot-de-fleur\/pots-de-fleurs-sans-eclairage\/narciso-40-color\/","title":{"rendered":"POT DE FLEURS CARR\u00c9 NARCISO 40"},"content":{"rendered":"<section class=\"wpb-content-wrapper\"><p>[vc_row][vc_column el_class=&#8221;descripcion_producto&#8221;][vc_column_text]<\/p>\n<p style=\"text-align: justify;\"><em>*NARCISO : Pot de fleurs carr\u00e9 avec une grande surface de plantation. Disponible en diff\u00e9rentes finitions et couleurs.<\/em><\/p>\n<p style=\"text-align: justify;\"><em>Tous les produits Newgarden sont fabriqu\u00e9s en poly\u00e9thyl\u00e8ne, ils sont donc l\u00e9gers et tr\u00e8s r\u00e9sistants aux temp\u00e9ratures extr\u00eames. Ils sont \u00e9galement prot\u00e9g\u00e9s contre les rayons UV, ce qui rend la dur\u00e9e de vie du produit extraordinairement longue. <\/em><\/p>\n<p>[\/vc_column_text][\/vc_column][\/vc_row][vc_row disable_element=&#8221;yes&#8221;][vc_column][vc_single_image image=&#8221;6566&#8243; img_size=&#8221;full&#8221;][\/vc_column][\/vc_row][vc_row][vc_column width=&#8221;1\/2&#8243;][vc_btn title=&#8221;Fiche technique&#8221; style=&#8221;custom&#8221; custom_background=&#8221;#009bc2&#8243; custom_text=&#8221;#ffffff&#8221; shape=&#8221;square&#8221; link=&#8221;url:https%3A%2F%2Fbit.ly%2F3JKRznV|target:%20_blank|&#8221; el_class=&#8221;btn_descargar_ficha&#8221;][\/vc_column][vc_column width=&#8221;1\/2&#8243;][\/vc_column][\/vc_row]<\/p>\n<\/section>","protected":false},"excerpt":{"rendered":"<h1 style=\"font-size: 12px;\">Pot de fleurs carr\u00e9 Narciso 40 de couleur opaque<\/h1>\n","protected":false},"featured_media":60285,"template":"","meta":[],"product_cat":[643,747,1596],"product_tag":[],"class_list":{"0":"post-17360","1":"product","2":"type-product","3":"status-publish","4":"has-post-thumbnail","6":"product_cat-pot-de-fleur","7":"product_cat-pots-de-fleurs-sans-eclairage","8":"product_cat-pots-de-fleurs-carrees","10":"first","11":"instock","12":"taxable","13":"shipping-taxable","14":"purchasable","15":"product-type-variable"},"yoast_head":"<!-- This site is optimized with the Yoast SEO plugin v24.2 - https:\/\/yoast.com\/wordpress\/plugins\/seo\/ -->\n<title>POT DE FLEURS CARR\u00c9 NARCISO 40 EXT\u00c9RIEUR<\/title>\n<meta name=\"description\" content=\"POT DE FLEURS CARR\u00c9 NARCISO 40: Narciso\u00a0est un pot de fleurs carr\u00e9 qui b\u00e9n\u00e9ficie d&#039;une grande surface de plantation. Combinez plusieurs\u00a0Narciso\u00a0de tailles\" \/>\n<meta name=\"robots\" content=\"index, follow, max-snippet:-1, max-image-preview:large, max-video-preview:-1\" \/>\n<link rel=\"canonical\" href=\"https:\/\/newgarden.es\/fr\/shop\/pot-de-fleur\/pots-de-fleurs-sans-eclairage\/narciso-40-color\/\" \/>\n<meta property=\"og:locale\" content=\"fr_FR\" \/>\n<meta property=\"og:type\" content=\"article\" \/>\n<meta property=\"og:title\" content=\"POT DE FLEURS CARR\u00c9 NARCISO 40 EXT\u00c9RIEUR\" \/>\n<meta property=\"og:description\" content=\"POT DE FLEURS CARR\u00c9 NARCISO 40: Narciso\u00a0est un pot de fleurs carr\u00e9 qui b\u00e9n\u00e9ficie d&#039;une grande surface de plantation. Combinez plusieurs\u00a0Narciso\u00a0de tailles\" \/>\n<meta property=\"og:url\" content=\"https:\/\/newgarden.es\/fr\/shop\/pot-de-fleur\/pots-de-fleurs-sans-eclairage\/narciso-40-color\/\" \/>\n<meta property=\"og:site_name\" content=\"Newgarden\" \/>\n<meta property=\"article:modified_time\" content=\"2024-06-13T11:16:44+00:00\" \/>\n<meta property=\"og:image\" content=\"https:\/\/newgarden.es\/wp-content\/uploads\/2019\/05\/NARCISO_40_1200X1200-7.jpg\" \/>\n\t<meta property=\"og:image:width\" content=\"1200\" \/>\n\t<meta property=\"og:image:height\" content=\"1200\" \/>\n\t<meta property=\"og:image:type\" content=\"image\/jpeg\" \/>\n<meta name=\"twitter:card\" content=\"summary_large_image\" \/>\n<meta name=\"twitter:label1\" content=\"Dur\u00e9e de lecture estim\u00e9e\" \/>\n\t<meta name=\"twitter:data1\" content=\"1 minute\" \/>\n<script type=\"application\/ld+json\" class=\"yoast-schema-graph\">{\"@context\":\"https:\/\/schema.org\",\"@graph\":[{\"@type\":\"WebPage\",\"@id\":\"https:\/\/newgarden.es\/fr\/shop\/pot-de-fleur\/pots-de-fleurs-sans-eclairage\/narciso-40-color\/\",\"url\":\"https:\/\/newgarden.es\/fr\/shop\/pot-de-fleur\/pots-de-fleurs-sans-eclairage\/narciso-40-color\/\",\"name\":\"POT DE FLEURS CARR\u00c9 NARCISO 40 EXT\u00c9RIEUR\",\"isPartOf\":{\"@id\":\"https:\/\/newgarden.es\/#website\"},\"primaryImageOfPage\":{\"@id\":\"https:\/\/newgarden.es\/fr\/shop\/pot-de-fleur\/pots-de-fleurs-sans-eclairage\/narciso-40-color\/#primaryimage\"},\"image\":{\"@id\":\"https:\/\/newgarden.es\/fr\/shop\/pot-de-fleur\/pots-de-fleurs-sans-eclairage\/narciso-40-color\/#primaryimage\"},\"thumbnailUrl\":\"https:\/\/newgarden.es\/wp-content\/uploads\/2019\/05\/NARCISO_40_1200X1200-7.jpg\",\"datePublished\":\"2019-10-14T09:53:33+00:00\",\"dateModified\":\"2024-06-13T11:16:44+00:00\",\"description\":\"POT DE FLEURS CARR\u00c9 NARCISO 40: Narciso\u00a0est un pot de fleurs carr\u00e9 qui b\u00e9n\u00e9ficie d'une grande surface de plantation. Combinez plusieurs\u00a0Narciso\u00a0de tailles\",\"breadcrumb\":{\"@id\":\"https:\/\/newgarden.es\/fr\/shop\/pot-de-fleur\/pots-de-fleurs-sans-eclairage\/narciso-40-color\/#breadcrumb\"},\"inLanguage\":\"fr-FR\",\"potentialAction\":[{\"@type\":\"ReadAction\",\"target\":[\"https:\/\/newgarden.es\/fr\/shop\/pot-de-fleur\/pots-de-fleurs-sans-eclairage\/narciso-40-color\/\"]}]},{\"@type\":\"ImageObject\",\"inLanguage\":\"fr-FR\",\"@id\":\"https:\/\/newgarden.es\/fr\/shop\/pot-de-fleur\/pots-de-fleurs-sans-eclairage\/narciso-40-color\/#primaryimage\",\"url\":\"https:\/\/newgarden.es\/wp-content\/uploads\/2019\/05\/NARCISO_40_1200X1200-7.jpg\",\"contentUrl\":\"https:\/\/newgarden.es\/wp-content\/uploads\/2019\/05\/NARCISO_40_1200X1200-7.jpg\",\"width\":1200,\"height\":1200},{\"@type\":\"BreadcrumbList\",\"@id\":\"https:\/\/newgarden.es\/fr\/shop\/pot-de-fleur\/pots-de-fleurs-sans-eclairage\/narciso-40-color\/#breadcrumb\",\"itemListElement\":[{\"@type\":\"ListItem\",\"position\":1,\"name\":\"Home\",\"item\":\"https:\/\/newgarden.es\/fr\/\"},{\"@type\":\"ListItem\",\"position\":2,\"name\":\"Boutique\",\"item\":\"https:\/\/newgarden.es\/fr\/boutique\/\"},{\"@type\":\"ListItem\",\"position\":3,\"name\":\"POT DE FLEURS CARR\u00c9 NARCISO 40\"}]},{\"@type\":\"WebSite\",\"@id\":\"https:\/\/newgarden.es\/#website\",\"url\":\"https:\/\/newgarden.es\/\",\"name\":\"Newgarden\",\"description\":\"Be happy\",\"potentialAction\":[{\"@type\":\"SearchAction\",\"target\":{\"@type\":\"EntryPoint\",\"urlTemplate\":\"https:\/\/newgarden.es\/?s={search_term_string}\"},\"query-input\":{\"@type\":\"PropertyValueSpecification\",\"valueRequired\":true,\"valueName\":\"search_term_string\"}}],\"inLanguage\":\"fr-FR\"}]}<\/script>\n<!-- \/ Yoast SEO plugin. -->","yoast_head_json":{"title":"POT DE FLEURS CARR\u00c9 NARCISO 40 EXT\u00c9RIEUR","description":"POT DE FLEURS CARR\u00c9 NARCISO 40: Narciso\u00a0est un pot de fleurs carr\u00e9 qui b\u00e9n\u00e9ficie d'une grande surface de plantation. Combinez plusieurs\u00a0Narciso\u00a0de tailles","robots":{"index":"index","follow":"follow","max-snippet":"max-snippet:-1","max-image-preview":"max-image-preview:large","max-video-preview":"max-video-preview:-1"},"canonical":"https:\/\/newgarden.es\/fr\/shop\/pot-de-fleur\/pots-de-fleurs-sans-eclairage\/narciso-40-color\/","og_locale":"fr_FR","og_type":"article","og_title":"POT DE FLEURS CARR\u00c9 NARCISO 40 EXT\u00c9RIEUR","og_description":"POT DE FLEURS CARR\u00c9 NARCISO 40: Narciso\u00a0est un pot de fleurs carr\u00e9 qui b\u00e9n\u00e9ficie d'une grande surface de plantation. Combinez plusieurs\u00a0Narciso\u00a0de tailles","og_url":"https:\/\/newgarden.es\/fr\/shop\/pot-de-fleur\/pots-de-fleurs-sans-eclairage\/narciso-40-color\/","og_site_name":"Newgarden","article_modified_time":"2024-06-13T11:16:44+00:00","og_image":[{"width":1200,"height":1200,"url":"https:\/\/newgarden.es\/wp-content\/uploads\/2019\/05\/NARCISO_40_1200X1200-7.jpg","type":"image\/jpeg"}],"twitter_card":"summary_large_image","twitter_misc":{"Dur\u00e9e de lecture estim\u00e9e":"1 minute"},"schema":{"@context":"https:\/\/schema.org","@graph":[{"@type":"WebPage","@id":"https:\/\/newgarden.es\/fr\/shop\/pot-de-fleur\/pots-de-fleurs-sans-eclairage\/narciso-40-color\/","url":"https:\/\/newgarden.es\/fr\/shop\/pot-de-fleur\/pots-de-fleurs-sans-eclairage\/narciso-40-color\/","name":"POT DE FLEURS CARR\u00c9 NARCISO 40 EXT\u00c9RIEUR","isPartOf":{"@id":"https:\/\/newgarden.es\/#website"},"primaryImageOfPage":{"@id":"https:\/\/newgarden.es\/fr\/shop\/pot-de-fleur\/pots-de-fleurs-sans-eclairage\/narciso-40-color\/#primaryimage"},"image":{"@id":"https:\/\/newgarden.es\/fr\/shop\/pot-de-fleur\/pots-de-fleurs-sans-eclairage\/narciso-40-color\/#primaryimage"},"thumbnailUrl":"https:\/\/newgarden.es\/wp-content\/uploads\/2019\/05\/NARCISO_40_1200X1200-7.jpg","datePublished":"2019-10-14T09:53:33+00:00","dateModified":"2024-06-13T11:16:44+00:00","description":"POT DE FLEURS CARR\u00c9 NARCISO 40: Narciso\u00a0est un pot de fleurs carr\u00e9 qui b\u00e9n\u00e9ficie d'une grande surface de plantation. Combinez plusieurs\u00a0Narciso\u00a0de tailles","breadcrumb":{"@id":"https:\/\/newgarden.es\/fr\/shop\/pot-de-fleur\/pots-de-fleurs-sans-eclairage\/narciso-40-color\/#breadcrumb"},"inLanguage":"fr-FR","potentialAction":[{"@type":"ReadAction","target":["https:\/\/newgarden.es\/fr\/shop\/pot-de-fleur\/pots-de-fleurs-sans-eclairage\/narciso-40-color\/"]}]},{"@type":"ImageObject","inLanguage":"fr-FR","@id":"https:\/\/newgarden.es\/fr\/shop\/pot-de-fleur\/pots-de-fleurs-sans-eclairage\/narciso-40-color\/#primaryimage","url":"https:\/\/newgarden.es\/wp-content\/uploads\/2019\/05\/NARCISO_40_1200X1200-7.jpg","contentUrl":"https:\/\/newgarden.es\/wp-content\/uploads\/2019\/05\/NARCISO_40_1200X1200-7.jpg","width":1200,"height":1200},{"@type":"BreadcrumbList","@id":"https:\/\/newgarden.es\/fr\/shop\/pot-de-fleur\/pots-de-fleurs-sans-eclairage\/narciso-40-color\/#breadcrumb","itemListElement":[{"@type":"ListItem","position":1,"name":"Home","item":"https:\/\/newgarden.es\/fr\/"},{"@type":"ListItem","position":2,"name":"Boutique","item":"https:\/\/newgarden.es\/fr\/boutique\/"},{"@type":"ListItem","position":3,"name":"POT DE FLEURS CARR\u00c9 NARCISO 40"}]},{"@type":"WebSite","@id":"https:\/\/newgarden.es\/#website","url":"https:\/\/newgarden.es\/","name":"Newgarden","description":"Be happy","potentialAction":[{"@type":"SearchAction","target":{"@type":"EntryPoint","urlTemplate":"https:\/\/newgarden.es\/?s={search_term_string}"},"query-input":{"@type":"PropertyValueSpecification","valueRequired":true,"valueName":"search_term_string"}}],"inLanguage":"fr-FR"}]}},"df_price":46.1,"df_sale_price":"","df_regular_price":46.1,"df_image_link":"https:\/\/newgarden.es\/wp-content\/uploads\/2019\/05\/NARCISO_40_1200X1200-7-580x400.jpg","_links":{"self":[{"href":"https:\/\/newgarden.es\/fr\/wp-json\/wp\/v2\/product\/17360"}],"collection":[{"href":"https:\/\/newgarden.es\/fr\/wp-json\/wp\/v2\/product"}],"about":[{"href":"https:\/\/newgarden.es\/fr\/wp-json\/wp\/v2\/types\/product"}],"wp:featuredmedia":[{"embeddable":true,"href":"https:\/\/newgarden.es\/fr\/wp-json\/wp\/v2\/media\/60285"}],"wp:attachment":[{"href":"https:\/\/newgarden.es\/fr\/wp-json\/wp\/v2\/media?parent=17360"}],"wp:term":[{"taxonomy":"product_cat","embeddable":true,"href":"https:\/\/newgarden.es\/fr\/wp-json\/wp\/v2\/product_cat?post=17360"},{"taxonomy":"product_tag","embeddable":true,"href":"https:\/\/newgarden.es\/fr\/wp-json\/wp\/v2\/product_tag?post=17360"}],"curies":[{"name":"wp","href":"https:\/\/api.w.org\/{rel}","templated":true}]}}