{"id":17531,"date":"2019-05-07T13:32:40","date_gmt":"2019-10-14T10:26:29","guid":{"rendered":"https:\/\/newgarden.es\/shop\/sin%20categor\u00eda\/pinus-100-white\/"},"modified":"2022-01-20T10:25:53","modified_gmt":"2022-01-20T09:25:53","slug":"pinus-100-white","status":"publish","type":"product","link":"https:\/\/newgarden.es\/fr\/shop\/lightdeco-fr\/lampadaire\/pinus-100-white\/","title":{"rendered":"SAPIN PINUS 100 AVEC LUMI\u00c8RE"},"content":{"rendered":"<section class=\"wpb-content-wrapper\"><p>[vc_row][vc_column][vc_column_text]<\/p>\n<p>[\/vc_column_text][\/vc_column][\/vc_row][vc_row][vc_column el_class=\u00a0\u00bbdescripcion_producto\u00a0\u00bb][vc_column_text]<\/p>\n<p><strong>SAPIN PINUS 100 AVEC LUMI\u00c8RE<\/strong><\/p>\n<p><strong>Pinus<\/strong> est le sapin id\u00e9al pour d\u00e9corer votre maison ou votre jardin lors des f\u00eates de fin d&rsquo;ann\u00e9e. Un sapin lumineux, design, facile \u00e0 nettoyer et sans \u00e9pines! Oubliez la corv\u00e9e quotidienne, vous n&rsquo;aurez plus \u00e0 retirer les \u00e9pines tomb\u00e9es sous le sapin. <strong>Pinus<\/strong>\u00a0durera dans le temps, gr\u00e2ce \u00e0 sa technique de fabrication,\u00a0le\u00a0rotomoulage du poly\u00e9thyl\u00e8ne utilis\u00e9.<br \/>\nD\u00e9corez vos all\u00e9es, votre terrasse ou m\u00eame votre foyer avec cet arbre minimaliste dot\u00e9 d&rsquo;une lumi\u00e8re led.<\/p>\n<p><strong>Pinus<\/strong>\u00a0existe en plusieurs versions et tailles. Versions filaire(par c\u00e2ble d&rsquo;alimentation &#8211; lumi\u00e8re froide) &#8211;\u00a0<span data-sanitized-data-mce-fragment=\"1\">filaire(par c\u00e2ble d&rsquo;alimentation &#8211; lumi\u00e8re chaude) &#8211;\u00a0<\/span>batterie rechargeable(par chargeur). Tailles 40 &#8211; 100 &#8211; 160.<\/p>\n<p><em>Tous les produits Newgarden sont fabriqu\u00e9s en poly\u00e9thyl\u00e8ne, ils sont donc l\u00e9gers et tr\u00e8s r\u00e9sistants aux temp\u00e9ratures extr\u00eames. Ils sont \u00e9galement\u00a0r\u00e9sistants aux\u00a0rayons UV, ce qui rend la dur\u00e9e de vie du produit extraordinairement longue.<\/em><\/p>\n<p>&nbsp;<\/p>\n<ul class=\"tablaTech\">\n<li>\n<div class=\"boxContents no-border\">\n<div class=\"name\"><strong>TAILLE<\/strong><\/div>\n<div class=\"data\">78 X 35 X 100 cm<\/div>\n<\/div>\n<\/li>\n<\/ul>\n<p>&nbsp;<\/p>\n<p>[\/vc_column_text][\/vc_column][\/vc_row][vc_row disable_element=\u00a0\u00bbyes\u00a0\u00bb][vc_column][vc_single_image image=\u00a0\u00bb6566&Prime; img_size=\u00a0\u00bbfull\u00a0\u00bb][\/vc_column][\/vc_row][vc_row][vc_column width=\u00a0\u00bb1\/2&Prime;][vc_btn title=\u00a0\u00bbFiche technique\u00a0\u00bb style=\u00a0\u00bbcustom\u00a0\u00bb custom_background=\u00a0\u00bb#009bc2&Prime; custom_text=\u00a0\u00bb#ffffff\u00a0\u00bb shape=\u00a0\u00bbsquare\u00a0\u00bb link=\u00a0\u00bburl:https%3A%2F%2Fnewgarden.es%2Ffr%2F%3Fattachment_id%3D16665|target:%20_blank|\u00a0\u00bb el_class=\u00a0\u00bbbtn_descargar_ficha\u00a0\u00bb][\/vc_column][vc_column width=\u00a0\u00bb1\/2&Prime;][vc_btn title=\u00a0\u00bbManuel d&rsquo;instrutions\u00a0\u00bb style=\u00a0\u00bbcustom\u00a0\u00bb custom_background=\u00a0\u00bb#009bc2&Prime; custom_text=\u00a0\u00bb#ffffff\u00a0\u00bb shape=\u00a0\u00bbsquare\u00a0\u00bb link=\u00a0\u00bburl:https%3A%2F%2Fnewgarden.es%2Ffr%2F%3Fpage_id%3D25150|target:%20_blank|\u00a0\u00bb el_class=\u00a0\u00bbbtn_descargar_ficha\u00a0\u00bb][\/vc_column][\/vc_row]<\/p>\n<\/section>","protected":false},"excerpt":{"rendered":"<h5 style=\"font-size: 12px;\"><strong>Sapin lumineux Pinus 100<\/strong><\/h5>\n","protected":false},"featured_media":60089,"template":"","meta":[],"product_cat":[1695,651,654,1223,1254,752],"product_tag":[647,1224,707,648],"class_list":{"0":"post-17531","1":"product","2":"type-product","3":"status-publish","4":"has-post-thumbnail","6":"product_cat-productos-fr","7":"product_cat-lightdeco-fr","8":"product_cat-lampadaire","9":"product_cat-interieur","10":"product_cat-indoor-floor-lamps-fr","11":"product_cat-noel","12":"product_tag-cable-fr","13":"product_tag-interieur","14":"product_tag-sans-fil","15":"product_tag-solaire","17":"first","18":"instock","19":"taxable","20":"shipping-taxable","21":"purchasable","22":"product-type-variable"},"yoast_head":"<!-- This site is optimized with the Yoast SEO plugin v24.2 - https:\/\/yoast.com\/wordpress\/plugins\/seo\/ -->\n<title>SAPIN PINUS 100 AVEC LUMI\u00c8RE C\u00c2BLE BATTERIE<\/title>\n<meta name=\"description\" content=\"Pinus est le sapin id\u00e9al pour d\u00e9corer votre maison ou votre jardin lors des f\u00eates de fin d&#039;ann\u00e9e. Un sapin lumineux, design, facile \u00e0 nettoyer et sans \u00e9pin\" \/>\n<meta name=\"robots\" content=\"index, follow, max-snippet:-1, max-image-preview:large, max-video-preview:-1\" \/>\n<link rel=\"canonical\" href=\"https:\/\/newgarden.es\/fr\/shop\/lightdeco-fr\/lampadaire\/pinus-100-white\/\" \/>\n<meta property=\"og:locale\" content=\"fr_FR\" \/>\n<meta property=\"og:type\" content=\"article\" \/>\n<meta property=\"og:title\" content=\"SAPIN PINUS 100 AVEC LUMI\u00c8RE C\u00c2BLE BATTERIE\" \/>\n<meta property=\"og:description\" content=\"Pinus est le sapin id\u00e9al pour d\u00e9corer votre maison ou votre jardin lors des f\u00eates de fin d&#039;ann\u00e9e. Un sapin lumineux, design, facile \u00e0 nettoyer et sans \u00e9pin\" \/>\n<meta property=\"og:url\" content=\"https:\/\/newgarden.es\/fr\/shop\/lightdeco-fr\/lampadaire\/pinus-100-white\/\" \/>\n<meta property=\"og:site_name\" content=\"Newgarden\" \/>\n<meta property=\"article:modified_time\" content=\"2022-01-20T09:25:53+00:00\" \/>\n<meta property=\"og:image\" content=\"https:\/\/newgarden.es\/wp-content\/uploads\/2019\/05\/PINUS_1200X1200-3.jpg\" \/>\n\t<meta property=\"og:image:width\" content=\"1200\" \/>\n\t<meta property=\"og:image:height\" content=\"1200\" \/>\n\t<meta property=\"og:image:type\" content=\"image\/jpeg\" \/>\n<meta name=\"twitter:card\" content=\"summary_large_image\" \/>\n<meta name=\"twitter:label1\" content=\"Dur\u00e9e de lecture estim\u00e9e\" \/>\n\t<meta name=\"twitter:data1\" content=\"2 minutes\" \/>\n<script type=\"application\/ld+json\" class=\"yoast-schema-graph\">{\"@context\":\"https:\/\/schema.org\",\"@graph\":[{\"@type\":\"WebPage\",\"@id\":\"https:\/\/newgarden.es\/fr\/shop\/lightdeco-fr\/lampadaire\/pinus-100-white\/\",\"url\":\"https:\/\/newgarden.es\/fr\/shop\/lightdeco-fr\/lampadaire\/pinus-100-white\/\",\"name\":\"SAPIN PINUS 100 AVEC LUMI\u00c8RE C\u00c2BLE BATTERIE\",\"isPartOf\":{\"@id\":\"https:\/\/newgarden.es\/#website\"},\"primaryImageOfPage\":{\"@id\":\"https:\/\/newgarden.es\/fr\/shop\/lightdeco-fr\/lampadaire\/pinus-100-white\/#primaryimage\"},\"image\":{\"@id\":\"https:\/\/newgarden.es\/fr\/shop\/lightdeco-fr\/lampadaire\/pinus-100-white\/#primaryimage\"},\"thumbnailUrl\":\"https:\/\/newgarden.es\/wp-content\/uploads\/2019\/05\/PINUS_1200X1200-3.jpg\",\"datePublished\":\"2019-10-14T10:26:29+00:00\",\"dateModified\":\"2022-01-20T09:25:53+00:00\",\"description\":\"Pinus est le sapin id\u00e9al pour d\u00e9corer votre maison ou votre jardin lors des f\u00eates de fin d'ann\u00e9e. Un sapin lumineux, design, facile \u00e0 nettoyer et sans \u00e9pin\",\"breadcrumb\":{\"@id\":\"https:\/\/newgarden.es\/fr\/shop\/lightdeco-fr\/lampadaire\/pinus-100-white\/#breadcrumb\"},\"inLanguage\":\"fr-FR\",\"potentialAction\":[{\"@type\":\"ReadAction\",\"target\":[\"https:\/\/newgarden.es\/fr\/shop\/lightdeco-fr\/lampadaire\/pinus-100-white\/\"]}]},{\"@type\":\"ImageObject\",\"inLanguage\":\"fr-FR\",\"@id\":\"https:\/\/newgarden.es\/fr\/shop\/lightdeco-fr\/lampadaire\/pinus-100-white\/#primaryimage\",\"url\":\"https:\/\/newgarden.es\/wp-content\/uploads\/2019\/05\/PINUS_1200X1200-3.jpg\",\"contentUrl\":\"https:\/\/newgarden.es\/wp-content\/uploads\/2019\/05\/PINUS_1200X1200-3.jpg\",\"width\":1200,\"height\":1200},{\"@type\":\"BreadcrumbList\",\"@id\":\"https:\/\/newgarden.es\/fr\/shop\/lightdeco-fr\/lampadaire\/pinus-100-white\/#breadcrumb\",\"itemListElement\":[{\"@type\":\"ListItem\",\"position\":1,\"name\":\"Home\",\"item\":\"https:\/\/newgarden.es\/fr\/\"},{\"@type\":\"ListItem\",\"position\":2,\"name\":\"Boutique\",\"item\":\"https:\/\/newgarden.es\/fr\/boutique\/\"},{\"@type\":\"ListItem\",\"position\":3,\"name\":\"SAPIN PINUS 100 AVEC LUMI\u00c8RE\"}]},{\"@type\":\"WebSite\",\"@id\":\"https:\/\/newgarden.es\/#website\",\"url\":\"https:\/\/newgarden.es\/\",\"name\":\"Newgarden\",\"description\":\"Be happy\",\"potentialAction\":[{\"@type\":\"SearchAction\",\"target\":{\"@type\":\"EntryPoint\",\"urlTemplate\":\"https:\/\/newgarden.es\/?s={search_term_string}\"},\"query-input\":{\"@type\":\"PropertyValueSpecification\",\"valueRequired\":true,\"valueName\":\"search_term_string\"}}],\"inLanguage\":\"fr-FR\"}]}<\/script>\n<!-- \/ Yoast SEO plugin. -->","yoast_head_json":{"title":"SAPIN PINUS 100 AVEC LUMI\u00c8RE C\u00c2BLE BATTERIE","description":"Pinus est le sapin id\u00e9al pour d\u00e9corer votre maison ou votre jardin lors des f\u00eates de fin d'ann\u00e9e. Un sapin lumineux, design, facile \u00e0 nettoyer et sans \u00e9pin","robots":{"index":"index","follow":"follow","max-snippet":"max-snippet:-1","max-image-preview":"max-image-preview:large","max-video-preview":"max-video-preview:-1"},"canonical":"https:\/\/newgarden.es\/fr\/shop\/lightdeco-fr\/lampadaire\/pinus-100-white\/","og_locale":"fr_FR","og_type":"article","og_title":"SAPIN PINUS 100 AVEC LUMI\u00c8RE C\u00c2BLE BATTERIE","og_description":"Pinus est le sapin id\u00e9al pour d\u00e9corer votre maison ou votre jardin lors des f\u00eates de fin d'ann\u00e9e. Un sapin lumineux, design, facile \u00e0 nettoyer et sans \u00e9pin","og_url":"https:\/\/newgarden.es\/fr\/shop\/lightdeco-fr\/lampadaire\/pinus-100-white\/","og_site_name":"Newgarden","article_modified_time":"2022-01-20T09:25:53+00:00","og_image":[{"width":1200,"height":1200,"url":"https:\/\/newgarden.es\/wp-content\/uploads\/2019\/05\/PINUS_1200X1200-3.jpg","type":"image\/jpeg"}],"twitter_card":"summary_large_image","twitter_misc":{"Dur\u00e9e de lecture estim\u00e9e":"2 minutes"},"schema":{"@context":"https:\/\/schema.org","@graph":[{"@type":"WebPage","@id":"https:\/\/newgarden.es\/fr\/shop\/lightdeco-fr\/lampadaire\/pinus-100-white\/","url":"https:\/\/newgarden.es\/fr\/shop\/lightdeco-fr\/lampadaire\/pinus-100-white\/","name":"SAPIN PINUS 100 AVEC LUMI\u00c8RE C\u00c2BLE BATTERIE","isPartOf":{"@id":"https:\/\/newgarden.es\/#website"},"primaryImageOfPage":{"@id":"https:\/\/newgarden.es\/fr\/shop\/lightdeco-fr\/lampadaire\/pinus-100-white\/#primaryimage"},"image":{"@id":"https:\/\/newgarden.es\/fr\/shop\/lightdeco-fr\/lampadaire\/pinus-100-white\/#primaryimage"},"thumbnailUrl":"https:\/\/newgarden.es\/wp-content\/uploads\/2019\/05\/PINUS_1200X1200-3.jpg","datePublished":"2019-10-14T10:26:29+00:00","dateModified":"2022-01-20T09:25:53+00:00","description":"Pinus est le sapin id\u00e9al pour d\u00e9corer votre maison ou votre jardin lors des f\u00eates de fin d'ann\u00e9e. Un sapin lumineux, design, facile \u00e0 nettoyer et sans \u00e9pin","breadcrumb":{"@id":"https:\/\/newgarden.es\/fr\/shop\/lightdeco-fr\/lampadaire\/pinus-100-white\/#breadcrumb"},"inLanguage":"fr-FR","potentialAction":[{"@type":"ReadAction","target":["https:\/\/newgarden.es\/fr\/shop\/lightdeco-fr\/lampadaire\/pinus-100-white\/"]}]},{"@type":"ImageObject","inLanguage":"fr-FR","@id":"https:\/\/newgarden.es\/fr\/shop\/lightdeco-fr\/lampadaire\/pinus-100-white\/#primaryimage","url":"https:\/\/newgarden.es\/wp-content\/uploads\/2019\/05\/PINUS_1200X1200-3.jpg","contentUrl":"https:\/\/newgarden.es\/wp-content\/uploads\/2019\/05\/PINUS_1200X1200-3.jpg","width":1200,"height":1200},{"@type":"BreadcrumbList","@id":"https:\/\/newgarden.es\/fr\/shop\/lightdeco-fr\/lampadaire\/pinus-100-white\/#breadcrumb","itemListElement":[{"@type":"ListItem","position":1,"name":"Home","item":"https:\/\/newgarden.es\/fr\/"},{"@type":"ListItem","position":2,"name":"Boutique","item":"https:\/\/newgarden.es\/fr\/boutique\/"},{"@type":"ListItem","position":3,"name":"SAPIN PINUS 100 AVEC LUMI\u00c8RE"}]},{"@type":"WebSite","@id":"https:\/\/newgarden.es\/#website","url":"https:\/\/newgarden.es\/","name":"Newgarden","description":"Be happy","potentialAction":[{"@type":"SearchAction","target":{"@type":"EntryPoint","urlTemplate":"https:\/\/newgarden.es\/?s={search_term_string}"},"query-input":{"@type":"PropertyValueSpecification","valueRequired":true,"valueName":"search_term_string"}}],"inLanguage":"fr-FR"}]}},"df_price":188,"df_sale_price":"","df_regular_price":188,"df_image_link":"https:\/\/newgarden.es\/wp-content\/uploads\/2019\/05\/PINUS_1200X1200-3-580x400.jpg","_links":{"self":[{"href":"https:\/\/newgarden.es\/fr\/wp-json\/wp\/v2\/product\/17531"}],"collection":[{"href":"https:\/\/newgarden.es\/fr\/wp-json\/wp\/v2\/product"}],"about":[{"href":"https:\/\/newgarden.es\/fr\/wp-json\/wp\/v2\/types\/product"}],"wp:featuredmedia":[{"embeddable":true,"href":"https:\/\/newgarden.es\/fr\/wp-json\/wp\/v2\/media\/60089"}],"wp:attachment":[{"href":"https:\/\/newgarden.es\/fr\/wp-json\/wp\/v2\/media?parent=17531"}],"wp:term":[{"taxonomy":"product_cat","embeddable":true,"href":"https:\/\/newgarden.es\/fr\/wp-json\/wp\/v2\/product_cat?post=17531"},{"taxonomy":"product_tag","embeddable":true,"href":"https:\/\/newgarden.es\/fr\/wp-json\/wp\/v2\/product_tag?post=17531"}],"curies":[{"name":"wp","href":"https:\/\/api.w.org\/{rel}","templated":true}]}}