{"id":17571,"date":"2019-05-07T13:08:04","date_gmt":"2019-10-14T10:35:28","guid":{"rendered":"https:\/\/newgarden.es\/shop\/sin%20categor\u00eda\/fredo-170-2\/"},"modified":"2022-06-30T16:57:29","modified_gmt":"2022-06-30T14:57:29","slug":"fredo-170-2","status":"publish","type":"product","link":"https:\/\/newgarden.es\/fr\/shop\/lightdeco-fr\/lampadaire\/fredo-170-2\/","title":{"rendered":"LAMPE D&rsquo;EXT\u00c9RIEUR FREDO 170"},"content":{"rendered":"<section class=\"wpb-content-wrapper\"><p>[vc_row][vc_column el_class=\u00a0\u00bbdescripcion_producto\u00a0\u00bb][vc_column_text]<\/p>\n<p>Lampadaire\u00a0<strong>Fredo<\/strong>\u00a0d&rsquo;ext\u00e9rieur\u00a0<strong>170<\/strong>\u00a0r\u00e9alis\u00e9e en poly\u00e9thyl\u00e8ne de grand format. Ce mod\u00e8le est \u00e9quip\u00e9 d&rsquo;un cordon d&rsquo;alimentation noir d&rsquo;une longueur de 4 m\u00e8tres avec prise de secteur.<br \/>\nCette lampe b\u00e9n\u00e9ficie d&rsquo;un indice de protection \u00e9lev\u00e9 (<strong>IP65<\/strong>), qui la prot\u00e8ge des projections d&rsquo;eau,\u00a0<strong>Fredo\u00a0<\/strong>est donc parfaitement adapt\u00e9 pour une utilisation en zone humide et pourra \u00eatre install\u00e9 dans votre jardin comme sur votre terrasse.<br \/>\nCe mod\u00e8le se d\u00e9cline en plusieurs format et en deux mod\u00e8les outdoor :\u00a0filaire\u00a0et sans fil, solaire + batterie rechargeable.<\/p>\n<p><em>Tous les produits\u00a0Newgarden\u00a0sont fabriqu\u00e9s en poly\u00e9thyl\u00e8ne, ils sont donc l\u00e9gers et tr\u00e8s r\u00e9sistants aux temp\u00e9ratures extr\u00eames. Ils sont \u00e9galement\u00a0r\u00e9sistants aux rayons UV, ce qui rend la dur\u00e9e de vie du produit extraordinairement longue.<\/em><\/p>\n<p>&nbsp;<\/p>\n<ul class=\"tablaTech\">\n<li>\n<div class=\"boxContents no-border\">\n<div class=\"name\"><strong>TAILLE<\/strong><\/div>\n<div class=\"data\">\u00f844&#215;170 cm<\/div>\n<\/div>\n<\/li>\n<\/ul>\n<p>[\/vc_column_text][\/vc_column][\/vc_row][vc_row disable_element=\u00a0\u00bbyes\u00a0\u00bb][vc_column][vc_single_image image=\u00a0\u00bb6566&Prime; img_size=\u00a0\u00bbfull\u00a0\u00bb][\/vc_column][\/vc_row][vc_row][vc_column width=\u00a0\u00bb1\/2&Prime;][vc_btn title=\u00a0\u00bbFiche technique\u00a0\u00bb style=\u00a0\u00bbcustom\u00a0\u00bb custom_background=\u00a0\u00bb#009bc2&Prime; custom_text=\u00a0\u00bb#ffffff\u00a0\u00bb shape=\u00a0\u00bbsquare\u00a0\u00bb link=\u00a0\u00bburl:https%3A%2F%2Fwww.newgarden.es%2Fwp-content%2Fuploads%2F2018%2F05%2FFredo-140-170.pdf|target:%20_blank|\u00a0\u00bb el_class=\u00a0\u00bbbtn_descargar_ficha\u00a0\u00bb][\/vc_column][vc_column width=\u00a0\u00bb1\/2&Prime;][vc_btn title=\u00a0\u00bbManuel d&rsquo;instrutions\u00a0\u00bb style=\u00a0\u00bbcustom\u00a0\u00bb custom_background=\u00a0\u00bb#009bc2&Prime; custom_text=\u00a0\u00bb#ffffff\u00a0\u00bb shape=\u00a0\u00bbsquare\u00a0\u00bb link=\u00a0\u00bburl:https%3A%2F%2Fnewgarden.es%2Finstrucciones%2F||target:%20_blank|\u00a0\u00bb el_class=\u00a0\u00bbbtn_descargar_ficha\u00a0\u00bb][\/vc_column][\/vc_row]<\/p>\n<\/section>","protected":false},"excerpt":{"rendered":"<h5>LAMPE D&rsquo;EXT\u00c9RIEUR FREDO 170<\/h5>\n","protected":false},"featured_media":53216,"template":"","meta":[],"product_cat":[1695,651,654],"product_tag":[647,707,648],"class_list":{"0":"post-17571","1":"product","2":"type-product","3":"status-publish","4":"has-post-thumbnail","6":"product_cat-productos-fr","7":"product_cat-lightdeco-fr","8":"product_cat-lampadaire","9":"product_tag-cable-fr","10":"product_tag-sans-fil","11":"product_tag-solaire","13":"first","14":"instock","15":"taxable","16":"shipping-taxable","17":"purchasable","18":"product-type-variable"},"yoast_head":"<!-- This site is optimized with the Yoast SEO plugin v24.2 - https:\/\/yoast.com\/wordpress\/plugins\/seo\/ -->\n<title>Fredo - lampe - Newgarden - \u00e9clairage - d\u00e9coration - conception<\/title>\n<meta name=\"description\" content=\"FREDO: Lampadaire en deux hauteurs. FREDO: Lampadaire en deux hauteurs. Ce produit int\u00e8gre la LED lumineux c\u00e2ble nouveau TUBE Newgarden brevet\u00e9.\" \/>\n<meta name=\"robots\" content=\"index, follow, max-snippet:-1, max-image-preview:large, max-video-preview:-1\" \/>\n<link rel=\"canonical\" href=\"https:\/\/newgarden.es\/fr\/shop\/lightdeco-fr\/lampadaire\/fredo-170-2\/\" \/>\n<meta property=\"og:locale\" content=\"fr_FR\" \/>\n<meta property=\"og:type\" content=\"article\" \/>\n<meta property=\"og:title\" content=\"Fredo - lampe - Newgarden - \u00e9clairage - d\u00e9coration - conception\" \/>\n<meta property=\"og:description\" content=\"FREDO: Lampadaire en deux hauteurs. FREDO: Lampadaire en deux hauteurs. Ce produit int\u00e8gre la LED lumineux c\u00e2ble nouveau TUBE Newgarden brevet\u00e9.\" \/>\n<meta property=\"og:url\" content=\"https:\/\/newgarden.es\/fr\/shop\/lightdeco-fr\/lampadaire\/fredo-170-2\/\" \/>\n<meta property=\"og:site_name\" content=\"Newgarden\" \/>\n<meta property=\"article:modified_time\" content=\"2022-06-30T14:57:29+00:00\" \/>\n<meta property=\"og:image\" content=\"https:\/\/newgarden.es\/wp-content\/uploads\/2019\/05\/FREDO_140_170_BATTERY_1200X1200-12.jpg\" \/>\n\t<meta property=\"og:image:width\" content=\"1200\" \/>\n\t<meta property=\"og:image:height\" content=\"1200\" \/>\n\t<meta property=\"og:image:type\" content=\"image\/jpeg\" \/>\n<meta name=\"twitter:card\" content=\"summary_large_image\" \/>\n<meta name=\"twitter:label1\" content=\"Dur\u00e9e de lecture estim\u00e9e\" \/>\n\t<meta name=\"twitter:data1\" content=\"1 minute\" \/>\n<script type=\"application\/ld+json\" class=\"yoast-schema-graph\">{\"@context\":\"https:\/\/schema.org\",\"@graph\":[{\"@type\":\"WebPage\",\"@id\":\"https:\/\/newgarden.es\/fr\/shop\/lightdeco-fr\/lampadaire\/fredo-170-2\/\",\"url\":\"https:\/\/newgarden.es\/fr\/shop\/lightdeco-fr\/lampadaire\/fredo-170-2\/\",\"name\":\"Fredo - lampe - Newgarden - \u00e9clairage - d\u00e9coration - conception\",\"isPartOf\":{\"@id\":\"https:\/\/newgarden.es\/#website\"},\"primaryImageOfPage\":{\"@id\":\"https:\/\/newgarden.es\/fr\/shop\/lightdeco-fr\/lampadaire\/fredo-170-2\/#primaryimage\"},\"image\":{\"@id\":\"https:\/\/newgarden.es\/fr\/shop\/lightdeco-fr\/lampadaire\/fredo-170-2\/#primaryimage\"},\"thumbnailUrl\":\"https:\/\/newgarden.es\/wp-content\/uploads\/2019\/05\/FREDO_140_170_BATTERY_1200X1200-12.jpg\",\"datePublished\":\"2019-10-14T10:35:28+00:00\",\"dateModified\":\"2022-06-30T14:57:29+00:00\",\"description\":\"FREDO: Lampadaire en deux hauteurs. FREDO: Lampadaire en deux hauteurs. Ce produit int\u00e8gre la LED lumineux c\u00e2ble nouveau TUBE Newgarden brevet\u00e9.\",\"breadcrumb\":{\"@id\":\"https:\/\/newgarden.es\/fr\/shop\/lightdeco-fr\/lampadaire\/fredo-170-2\/#breadcrumb\"},\"inLanguage\":\"fr-FR\",\"potentialAction\":[{\"@type\":\"ReadAction\",\"target\":[\"https:\/\/newgarden.es\/fr\/shop\/lightdeco-fr\/lampadaire\/fredo-170-2\/\"]}]},{\"@type\":\"ImageObject\",\"inLanguage\":\"fr-FR\",\"@id\":\"https:\/\/newgarden.es\/fr\/shop\/lightdeco-fr\/lampadaire\/fredo-170-2\/#primaryimage\",\"url\":\"https:\/\/newgarden.es\/wp-content\/uploads\/2019\/05\/FREDO_140_170_BATTERY_1200X1200-12.jpg\",\"contentUrl\":\"https:\/\/newgarden.es\/wp-content\/uploads\/2019\/05\/FREDO_140_170_BATTERY_1200X1200-12.jpg\",\"width\":1200,\"height\":1200},{\"@type\":\"BreadcrumbList\",\"@id\":\"https:\/\/newgarden.es\/fr\/shop\/lightdeco-fr\/lampadaire\/fredo-170-2\/#breadcrumb\",\"itemListElement\":[{\"@type\":\"ListItem\",\"position\":1,\"name\":\"Home\",\"item\":\"https:\/\/newgarden.es\/fr\/\"},{\"@type\":\"ListItem\",\"position\":2,\"name\":\"Boutique\",\"item\":\"https:\/\/newgarden.es\/fr\/boutique\/\"},{\"@type\":\"ListItem\",\"position\":3,\"name\":\"LAMPE D&#8217;EXT\u00c9RIEUR FREDO 170\"}]},{\"@type\":\"WebSite\",\"@id\":\"https:\/\/newgarden.es\/#website\",\"url\":\"https:\/\/newgarden.es\/\",\"name\":\"Newgarden\",\"description\":\"Be happy\",\"potentialAction\":[{\"@type\":\"SearchAction\",\"target\":{\"@type\":\"EntryPoint\",\"urlTemplate\":\"https:\/\/newgarden.es\/?s={search_term_string}\"},\"query-input\":{\"@type\":\"PropertyValueSpecification\",\"valueRequired\":true,\"valueName\":\"search_term_string\"}}],\"inLanguage\":\"fr-FR\"}]}<\/script>\n<!-- \/ Yoast SEO plugin. -->","yoast_head_json":{"title":"Fredo - lampe - Newgarden - \u00e9clairage - d\u00e9coration - conception","description":"FREDO: Lampadaire en deux hauteurs. FREDO: Lampadaire en deux hauteurs. Ce produit int\u00e8gre la LED lumineux c\u00e2ble nouveau TUBE Newgarden brevet\u00e9.","robots":{"index":"index","follow":"follow","max-snippet":"max-snippet:-1","max-image-preview":"max-image-preview:large","max-video-preview":"max-video-preview:-1"},"canonical":"https:\/\/newgarden.es\/fr\/shop\/lightdeco-fr\/lampadaire\/fredo-170-2\/","og_locale":"fr_FR","og_type":"article","og_title":"Fredo - lampe - Newgarden - \u00e9clairage - d\u00e9coration - conception","og_description":"FREDO: Lampadaire en deux hauteurs. FREDO: Lampadaire en deux hauteurs. Ce produit int\u00e8gre la LED lumineux c\u00e2ble nouveau TUBE Newgarden brevet\u00e9.","og_url":"https:\/\/newgarden.es\/fr\/shop\/lightdeco-fr\/lampadaire\/fredo-170-2\/","og_site_name":"Newgarden","article_modified_time":"2022-06-30T14:57:29+00:00","og_image":[{"width":1200,"height":1200,"url":"https:\/\/newgarden.es\/wp-content\/uploads\/2019\/05\/FREDO_140_170_BATTERY_1200X1200-12.jpg","type":"image\/jpeg"}],"twitter_card":"summary_large_image","twitter_misc":{"Dur\u00e9e de lecture estim\u00e9e":"1 minute"},"schema":{"@context":"https:\/\/schema.org","@graph":[{"@type":"WebPage","@id":"https:\/\/newgarden.es\/fr\/shop\/lightdeco-fr\/lampadaire\/fredo-170-2\/","url":"https:\/\/newgarden.es\/fr\/shop\/lightdeco-fr\/lampadaire\/fredo-170-2\/","name":"Fredo - lampe - Newgarden - \u00e9clairage - d\u00e9coration - conception","isPartOf":{"@id":"https:\/\/newgarden.es\/#website"},"primaryImageOfPage":{"@id":"https:\/\/newgarden.es\/fr\/shop\/lightdeco-fr\/lampadaire\/fredo-170-2\/#primaryimage"},"image":{"@id":"https:\/\/newgarden.es\/fr\/shop\/lightdeco-fr\/lampadaire\/fredo-170-2\/#primaryimage"},"thumbnailUrl":"https:\/\/newgarden.es\/wp-content\/uploads\/2019\/05\/FREDO_140_170_BATTERY_1200X1200-12.jpg","datePublished":"2019-10-14T10:35:28+00:00","dateModified":"2022-06-30T14:57:29+00:00","description":"FREDO: Lampadaire en deux hauteurs. FREDO: Lampadaire en deux hauteurs. Ce produit int\u00e8gre la LED lumineux c\u00e2ble nouveau TUBE Newgarden brevet\u00e9.","breadcrumb":{"@id":"https:\/\/newgarden.es\/fr\/shop\/lightdeco-fr\/lampadaire\/fredo-170-2\/#breadcrumb"},"inLanguage":"fr-FR","potentialAction":[{"@type":"ReadAction","target":["https:\/\/newgarden.es\/fr\/shop\/lightdeco-fr\/lampadaire\/fredo-170-2\/"]}]},{"@type":"ImageObject","inLanguage":"fr-FR","@id":"https:\/\/newgarden.es\/fr\/shop\/lightdeco-fr\/lampadaire\/fredo-170-2\/#primaryimage","url":"https:\/\/newgarden.es\/wp-content\/uploads\/2019\/05\/FREDO_140_170_BATTERY_1200X1200-12.jpg","contentUrl":"https:\/\/newgarden.es\/wp-content\/uploads\/2019\/05\/FREDO_140_170_BATTERY_1200X1200-12.jpg","width":1200,"height":1200},{"@type":"BreadcrumbList","@id":"https:\/\/newgarden.es\/fr\/shop\/lightdeco-fr\/lampadaire\/fredo-170-2\/#breadcrumb","itemListElement":[{"@type":"ListItem","position":1,"name":"Home","item":"https:\/\/newgarden.es\/fr\/"},{"@type":"ListItem","position":2,"name":"Boutique","item":"https:\/\/newgarden.es\/fr\/boutique\/"},{"@type":"ListItem","position":3,"name":"LAMPE D&#8217;EXT\u00c9RIEUR FREDO 170"}]},{"@type":"WebSite","@id":"https:\/\/newgarden.es\/#website","url":"https:\/\/newgarden.es\/","name":"Newgarden","description":"Be happy","potentialAction":[{"@type":"SearchAction","target":{"@type":"EntryPoint","urlTemplate":"https:\/\/newgarden.es\/?s={search_term_string}"},"query-input":{"@type":"PropertyValueSpecification","valueRequired":true,"valueName":"search_term_string"}}],"inLanguage":"fr-FR"}]}},"df_price":265.5,"df_sale_price":"","df_regular_price":265.5,"df_image_link":"https:\/\/newgarden.es\/wp-content\/uploads\/2019\/05\/FREDO_140_170_BATTERY_1200X1200-12.jpg","_links":{"self":[{"href":"https:\/\/newgarden.es\/fr\/wp-json\/wp\/v2\/product\/17571"}],"collection":[{"href":"https:\/\/newgarden.es\/fr\/wp-json\/wp\/v2\/product"}],"about":[{"href":"https:\/\/newgarden.es\/fr\/wp-json\/wp\/v2\/types\/product"}],"wp:featuredmedia":[{"embeddable":true,"href":"https:\/\/newgarden.es\/fr\/wp-json\/wp\/v2\/media\/53216"}],"wp:attachment":[{"href":"https:\/\/newgarden.es\/fr\/wp-json\/wp\/v2\/media?parent=17571"}],"wp:term":[{"taxonomy":"product_cat","embeddable":true,"href":"https:\/\/newgarden.es\/fr\/wp-json\/wp\/v2\/product_cat?post=17571"},{"taxonomy":"product_tag","embeddable":true,"href":"https:\/\/newgarden.es\/fr\/wp-json\/wp\/v2\/product_tag?post=17571"}],"curies":[{"name":"wp","href":"https:\/\/api.w.org\/{rel}","templated":true}]}}