{"id":17613,"date":"2019-05-07T11:57:25","date_gmt":"2019-10-14T10:45:34","guid":{"rendered":"https:\/\/newgarden.es\/shop\/sin%20categor\u00eda\/pancho-140-lima\/"},"modified":"2022-02-04T09:49:34","modified_gmt":"2022-02-04T08:49:34","slug":"pancho-140-lima","status":"publish","type":"product","link":"https:\/\/newgarden.es\/fr\/shop\/lightdeco-fr\/lampadaire\/pancho-140-lima\/","title":{"rendered":"LAMPADAIRE PANCHO VERT CITRON"},"content":{"rendered":"<p>LAMPADAIRE <strong>PANCHO<\/strong> VERT CITRON<\/p>\n<p>La cactus lumineux\u00a0<strong>Pancho<\/strong>, fabriqu\u00e9 par\u00a0<span style=\"text-decoration: underline;\">Newgarden<\/span>, est le lampadaire id\u00e9al pour donner une touche exotique \u00e0 vos soir\u00e9es.\u00a0<strong>Pancho<\/strong>\u00a0existe aussi en blanc. Il d\u00e9corera vos espaces sans m\u00eame \u00eatre allum\u00e9.<br \/>\nCe mod\u00e8le\u00a0<strong>Pancho<\/strong>\u00a0vert citron\u00a0est disponible en version\u00a0<strong>filaire<\/strong>(par c\u00e2ble d&rsquo;alimentation, lumi\u00e8re blanche froide).<\/p>\n<p>Version\u00a0<strong data-sanitized-data-mce-fragment=\"1\">FILAIRE<\/strong>(alimentation par c\u00e2ble): Il vous suffit de brancher votre lampe sur secteur pour pouvoir l&rsquo;allumer et de la d\u00e9brancher pour l&rsquo;\u00e9teindre. Lumi\u00e8re led &#8211; blanc froid ou chaud.<\/p>\n<p><strong>Pancho<\/strong>\u00a0illuminera votre jardin et vous transportera jusqu&rsquo;aux contr\u00e9es mexicaines !<\/p>\n<p><em>Tous les produits Newgarden sont fabriqu\u00e9s en poly\u00e9thyl\u00e8ne, ils sont donc l\u00e9gers et tr\u00e8s r\u00e9sistants aux temp\u00e9ratures extr\u00eames. Ils sont \u00e9galement\u00a0r\u00e9sistants aux rayons UV, ce qui rend la dur\u00e9e de vie du produit extraordinairement longue.<\/em><\/p>\n<p>&nbsp;<\/p>\n<ul class=\"tablaTech\">\n<li>\n<div class=\"boxContents no-border\">\n<div class=\"name\"><strong>TAILLE<\/strong><\/div>\n<div class=\"data\">43 x 61 x 140\u00a0cm<\/div>\n<\/div>\n<\/li>\n<\/ul>\n","protected":false},"excerpt":{"rendered":"<h1 style=\"font-size: 12px;\">Lampdaire Pancho vert citron<\/h1>\n","protected":false},"featured_media":53768,"template":"","meta":[],"product_cat":[1695,651,654],"product_tag":[647],"class_list":{"0":"post-17613","1":"product","2":"type-product","3":"status-publish","4":"has-post-thumbnail","6":"product_cat-productos-fr","7":"product_cat-lightdeco-fr","8":"product_cat-lampadaire","9":"product_tag-cable-fr","11":"first","12":"instock","13":"taxable","14":"shipping-taxable","15":"purchasable","16":"product-type-variable"},"yoast_head":"<!-- This site is optimized with the Yoast SEO plugin v24.2 - https:\/\/yoast.com\/wordpress\/plugins\/seo\/ -->\n<title>LAMPADAIRE PANCHO VERT CITRON EXT\u00c9RIEUR<\/title>\n<meta name=\"description\" content=\"La cactus lumineux Pancho, fabriqu\u00e9 par Newgarden, est le lampadaire id\u00e9al pour donner une touche exotique \u00e0 vos soir\u00e9es. Pancho existe aussi en blanc.\" \/>\n<meta name=\"robots\" content=\"index, follow, max-snippet:-1, max-image-preview:large, max-video-preview:-1\" \/>\n<link rel=\"canonical\" href=\"https:\/\/newgarden.es\/fr\/shop\/lightdeco-fr\/lampadaire\/pancho-140-lima\/\" \/>\n<meta property=\"og:locale\" content=\"fr_FR\" \/>\n<meta property=\"og:type\" content=\"article\" \/>\n<meta property=\"og:title\" content=\"LAMPADAIRE PANCHO VERT CITRON EXT\u00c9RIEUR\" \/>\n<meta property=\"og:description\" content=\"La cactus lumineux Pancho, fabriqu\u00e9 par Newgarden, est le lampadaire id\u00e9al pour donner une touche exotique \u00e0 vos soir\u00e9es. Pancho existe aussi en blanc.\" \/>\n<meta property=\"og:url\" content=\"https:\/\/newgarden.es\/fr\/shop\/lightdeco-fr\/lampadaire\/pancho-140-lima\/\" \/>\n<meta property=\"og:site_name\" content=\"Newgarden\" \/>\n<meta property=\"article:modified_time\" content=\"2022-02-04T08:49:34+00:00\" \/>\n<meta property=\"og:image\" content=\"https:\/\/newgarden.es\/wp-content\/uploads\/2019\/05\/PANCHO_140_BATTERY1200X1200-14.jpg\" \/>\n\t<meta property=\"og:image:width\" content=\"1200\" \/>\n\t<meta property=\"og:image:height\" content=\"1200\" \/>\n\t<meta property=\"og:image:type\" content=\"image\/jpeg\" \/>\n<meta name=\"twitter:card\" content=\"summary_large_image\" \/>\n<meta name=\"twitter:label1\" content=\"Dur\u00e9e de lecture estim\u00e9e\" \/>\n\t<meta name=\"twitter:data1\" content=\"1 minute\" \/>\n<script type=\"application\/ld+json\" class=\"yoast-schema-graph\">{\"@context\":\"https:\/\/schema.org\",\"@graph\":[{\"@type\":\"WebPage\",\"@id\":\"https:\/\/newgarden.es\/fr\/shop\/lightdeco-fr\/lampadaire\/pancho-140-lima\/\",\"url\":\"https:\/\/newgarden.es\/fr\/shop\/lightdeco-fr\/lampadaire\/pancho-140-lima\/\",\"name\":\"LAMPADAIRE PANCHO VERT CITRON EXT\u00c9RIEUR\",\"isPartOf\":{\"@id\":\"https:\/\/newgarden.es\/#website\"},\"primaryImageOfPage\":{\"@id\":\"https:\/\/newgarden.es\/fr\/shop\/lightdeco-fr\/lampadaire\/pancho-140-lima\/#primaryimage\"},\"image\":{\"@id\":\"https:\/\/newgarden.es\/fr\/shop\/lightdeco-fr\/lampadaire\/pancho-140-lima\/#primaryimage\"},\"thumbnailUrl\":\"https:\/\/newgarden.es\/wp-content\/uploads\/2019\/05\/PANCHO_140_BATTERY1200X1200-14.jpg\",\"datePublished\":\"2019-10-14T10:45:34+00:00\",\"dateModified\":\"2022-02-04T08:49:34+00:00\",\"description\":\"La cactus lumineux Pancho, fabriqu\u00e9 par Newgarden, est le lampadaire id\u00e9al pour donner une touche exotique \u00e0 vos soir\u00e9es. Pancho existe aussi en blanc.\",\"breadcrumb\":{\"@id\":\"https:\/\/newgarden.es\/fr\/shop\/lightdeco-fr\/lampadaire\/pancho-140-lima\/#breadcrumb\"},\"inLanguage\":\"fr-FR\",\"potentialAction\":[{\"@type\":\"ReadAction\",\"target\":[\"https:\/\/newgarden.es\/fr\/shop\/lightdeco-fr\/lampadaire\/pancho-140-lima\/\"]}]},{\"@type\":\"ImageObject\",\"inLanguage\":\"fr-FR\",\"@id\":\"https:\/\/newgarden.es\/fr\/shop\/lightdeco-fr\/lampadaire\/pancho-140-lima\/#primaryimage\",\"url\":\"https:\/\/newgarden.es\/wp-content\/uploads\/2019\/05\/PANCHO_140_BATTERY1200X1200-14.jpg\",\"contentUrl\":\"https:\/\/newgarden.es\/wp-content\/uploads\/2019\/05\/PANCHO_140_BATTERY1200X1200-14.jpg\",\"width\":1200,\"height\":1200},{\"@type\":\"BreadcrumbList\",\"@id\":\"https:\/\/newgarden.es\/fr\/shop\/lightdeco-fr\/lampadaire\/pancho-140-lima\/#breadcrumb\",\"itemListElement\":[{\"@type\":\"ListItem\",\"position\":1,\"name\":\"Home\",\"item\":\"https:\/\/newgarden.es\/fr\/\"},{\"@type\":\"ListItem\",\"position\":2,\"name\":\"Boutique\",\"item\":\"https:\/\/newgarden.es\/fr\/boutique\/\"},{\"@type\":\"ListItem\",\"position\":3,\"name\":\"LAMPADAIRE PANCHO VERT CITRON\"}]},{\"@type\":\"WebSite\",\"@id\":\"https:\/\/newgarden.es\/#website\",\"url\":\"https:\/\/newgarden.es\/\",\"name\":\"Newgarden\",\"description\":\"Be happy\",\"potentialAction\":[{\"@type\":\"SearchAction\",\"target\":{\"@type\":\"EntryPoint\",\"urlTemplate\":\"https:\/\/newgarden.es\/?s={search_term_string}\"},\"query-input\":{\"@type\":\"PropertyValueSpecification\",\"valueRequired\":true,\"valueName\":\"search_term_string\"}}],\"inLanguage\":\"fr-FR\"}]}<\/script>\n<!-- \/ Yoast SEO plugin. -->","yoast_head_json":{"title":"LAMPADAIRE PANCHO VERT CITRON EXT\u00c9RIEUR","description":"La cactus lumineux Pancho, fabriqu\u00e9 par Newgarden, est le lampadaire id\u00e9al pour donner une touche exotique \u00e0 vos soir\u00e9es. Pancho existe aussi en blanc.","robots":{"index":"index","follow":"follow","max-snippet":"max-snippet:-1","max-image-preview":"max-image-preview:large","max-video-preview":"max-video-preview:-1"},"canonical":"https:\/\/newgarden.es\/fr\/shop\/lightdeco-fr\/lampadaire\/pancho-140-lima\/","og_locale":"fr_FR","og_type":"article","og_title":"LAMPADAIRE PANCHO VERT CITRON EXT\u00c9RIEUR","og_description":"La cactus lumineux Pancho, fabriqu\u00e9 par Newgarden, est le lampadaire id\u00e9al pour donner une touche exotique \u00e0 vos soir\u00e9es. Pancho existe aussi en blanc.","og_url":"https:\/\/newgarden.es\/fr\/shop\/lightdeco-fr\/lampadaire\/pancho-140-lima\/","og_site_name":"Newgarden","article_modified_time":"2022-02-04T08:49:34+00:00","og_image":[{"width":1200,"height":1200,"url":"https:\/\/newgarden.es\/wp-content\/uploads\/2019\/05\/PANCHO_140_BATTERY1200X1200-14.jpg","type":"image\/jpeg"}],"twitter_card":"summary_large_image","twitter_misc":{"Dur\u00e9e de lecture estim\u00e9e":"1 minute"},"schema":{"@context":"https:\/\/schema.org","@graph":[{"@type":"WebPage","@id":"https:\/\/newgarden.es\/fr\/shop\/lightdeco-fr\/lampadaire\/pancho-140-lima\/","url":"https:\/\/newgarden.es\/fr\/shop\/lightdeco-fr\/lampadaire\/pancho-140-lima\/","name":"LAMPADAIRE PANCHO VERT CITRON EXT\u00c9RIEUR","isPartOf":{"@id":"https:\/\/newgarden.es\/#website"},"primaryImageOfPage":{"@id":"https:\/\/newgarden.es\/fr\/shop\/lightdeco-fr\/lampadaire\/pancho-140-lima\/#primaryimage"},"image":{"@id":"https:\/\/newgarden.es\/fr\/shop\/lightdeco-fr\/lampadaire\/pancho-140-lima\/#primaryimage"},"thumbnailUrl":"https:\/\/newgarden.es\/wp-content\/uploads\/2019\/05\/PANCHO_140_BATTERY1200X1200-14.jpg","datePublished":"2019-10-14T10:45:34+00:00","dateModified":"2022-02-04T08:49:34+00:00","description":"La cactus lumineux Pancho, fabriqu\u00e9 par Newgarden, est le lampadaire id\u00e9al pour donner une touche exotique \u00e0 vos soir\u00e9es. Pancho existe aussi en blanc.","breadcrumb":{"@id":"https:\/\/newgarden.es\/fr\/shop\/lightdeco-fr\/lampadaire\/pancho-140-lima\/#breadcrumb"},"inLanguage":"fr-FR","potentialAction":[{"@type":"ReadAction","target":["https:\/\/newgarden.es\/fr\/shop\/lightdeco-fr\/lampadaire\/pancho-140-lima\/"]}]},{"@type":"ImageObject","inLanguage":"fr-FR","@id":"https:\/\/newgarden.es\/fr\/shop\/lightdeco-fr\/lampadaire\/pancho-140-lima\/#primaryimage","url":"https:\/\/newgarden.es\/wp-content\/uploads\/2019\/05\/PANCHO_140_BATTERY1200X1200-14.jpg","contentUrl":"https:\/\/newgarden.es\/wp-content\/uploads\/2019\/05\/PANCHO_140_BATTERY1200X1200-14.jpg","width":1200,"height":1200},{"@type":"BreadcrumbList","@id":"https:\/\/newgarden.es\/fr\/shop\/lightdeco-fr\/lampadaire\/pancho-140-lima\/#breadcrumb","itemListElement":[{"@type":"ListItem","position":1,"name":"Home","item":"https:\/\/newgarden.es\/fr\/"},{"@type":"ListItem","position":2,"name":"Boutique","item":"https:\/\/newgarden.es\/fr\/boutique\/"},{"@type":"ListItem","position":3,"name":"LAMPADAIRE PANCHO VERT CITRON"}]},{"@type":"WebSite","@id":"https:\/\/newgarden.es\/#website","url":"https:\/\/newgarden.es\/","name":"Newgarden","description":"Be happy","potentialAction":[{"@type":"SearchAction","target":{"@type":"EntryPoint","urlTemplate":"https:\/\/newgarden.es\/?s={search_term_string}"},"query-input":{"@type":"PropertyValueSpecification","valueRequired":true,"valueName":"search_term_string"}}],"inLanguage":"fr-FR"}]}},"df_price":253.6,"df_sale_price":"","df_regular_price":253.6,"df_image_link":"https:\/\/newgarden.es\/wp-content\/uploads\/2019\/05\/PANCHO_140_BATTERY1200X1200-14.jpg","_links":{"self":[{"href":"https:\/\/newgarden.es\/fr\/wp-json\/wp\/v2\/product\/17613"}],"collection":[{"href":"https:\/\/newgarden.es\/fr\/wp-json\/wp\/v2\/product"}],"about":[{"href":"https:\/\/newgarden.es\/fr\/wp-json\/wp\/v2\/types\/product"}],"wp:featuredmedia":[{"embeddable":true,"href":"https:\/\/newgarden.es\/fr\/wp-json\/wp\/v2\/media\/53768"}],"wp:attachment":[{"href":"https:\/\/newgarden.es\/fr\/wp-json\/wp\/v2\/media?parent=17613"}],"wp:term":[{"taxonomy":"product_cat","embeddable":true,"href":"https:\/\/newgarden.es\/fr\/wp-json\/wp\/v2\/product_cat?post=17613"},{"taxonomy":"product_tag","embeddable":true,"href":"https:\/\/newgarden.es\/fr\/wp-json\/wp\/v2\/product_tag?post=17613"}],"curies":[{"name":"wp","href":"https:\/\/api.w.org\/{rel}","templated":true}]}}