{"id":17759,"date":"2019-05-07T09:44:25","date_gmt":"2019-10-14T11:07:46","guid":{"rendered":"https:\/\/newgarden.es\/shop\/sin%20categor\u00eda\/grace-170-2\/"},"modified":"2022-07-19T11:55:23","modified_gmt":"2022-07-19T09:55:23","slug":"grace-170-2","status":"publish","type":"product","link":"https:\/\/newgarden.es\/fr\/shop\/lightdeco-fr\/lampadaire\/grace-170-2\/","title":{"rendered":"LAMPE SUR PIED D&#8217;EXT\u00c9RIEUR GRACE 170"},"content":{"rendered":"<section class=\"wpb-content-wrapper\"><p>[vc_row][vc_column el_class=&#8221;descripcion_producto&#8221;][vc_column_text]<\/p>\n<p style=\"text-align: justify;\">Lampadaire d&#8217;ext\u00e9rieur Grace 170: Lampadaire d&#8217;ext\u00e9rieur constitu\u00e9 d&#8217;un pied conique et d&#8217;un abat-jour cylindrique de la collection Grace de Newgarden, l&#8217;ensemble est r\u00e9alis\u00e9 en poly\u00e9thyl\u00e8ne.<br \/>\nCe lampadaire b\u00e9n\u00e9ficie d&#8217;un indice de protection \u00e9lev\u00e9 (IP65), qui le garantit contre les projections d&#8217;eau, Grace est donc parfaitement adapt\u00e9 \u00e0 une utilisation en zone humide et pourra \u00eatre install\u00e9 dans votre jardin comme sur votre terrasse.<\/p>\n<p style=\"text-align: justify;\"><em>Tous les produits Newgarden sont fabriqu\u00e9s en poly\u00e9thyl\u00e8ne, ils sont donc l\u00e9gers et tr\u00e8s r\u00e9sistants aux temp\u00e9ratures extr\u00eames. Ils sont \u00e9galement prot\u00e9g\u00e9s contre les rayons UV, ce qui rend la dur\u00e9e de vie du produit extraordinairement longue. <\/em><\/p>\n<p>[\/vc_column_text][\/vc_column][\/vc_row][vc_row disable_element=&#8221;yes&#8221;][vc_column][vc_single_image image=&#8221;6566&#8243; img_size=&#8221;full&#8221;][\/vc_column][\/vc_row][vc_row][vc_column width=&#8221;1\/2&#8243;][vc_btn title=&#8221;Fiche technique&#8221; style=&#8221;custom&#8221; custom_background=&#8221;#009bc2&#8243; custom_text=&#8221;#ffffff&#8221; shape=&#8221;square&#8221; link=&#8221;url:https%3A%2F%2Fwww.newgarden.es%2Fwp-content%2Fuploads%2F2018%2F05%2FGrace.pdf|target:%20_blank|&#8221; el_class=&#8221;btn_descargar_ficha&#8221;][\/vc_column][vc_column width=&#8221;1\/2&#8243;][vc_btn title=&#8221;Manuel d&#8217;instrutions&#8221; style=&#8221;custom&#8221; custom_background=&#8221;#009bc2&#8243; custom_text=&#8221;#ffffff&#8221; shape=&#8221;square&#8221; link=&#8221;url:https%3A%2F%2Fnewgarden.es%2Finstrucciones%2F||target:%20_blank|&#8221; el_class=&#8221;btn_descargar_ficha&#8221;][\/vc_column][\/vc_row]<\/p>\n<\/section>","protected":false},"excerpt":{"rendered":"<h1 style=\"font-size: 12px;\">LAMPADAIRE D&#8217;EXT\u00c9RIEUR GRACE 170<\/h1>\n","protected":false},"featured_media":53316,"template":"","meta":[],"product_cat":[1695,651,654],"product_tag":[653,647],"class_list":{"0":"post-17759","1":"product","2":"type-product","3":"status-publish","4":"has-post-thumbnail","6":"product_cat-productos-fr","7":"product_cat-lightdeco-fr","8":"product_cat-lampadaire","9":"product_tag-batterie","10":"product_tag-cable-fr","12":"first","13":"instock","14":"taxable","15":"shipping-taxable","16":"purchasable","17":"product-type-variable"},"yoast_head":"<!-- This site is optimized with the Yoast SEO plugin v24.2 - https:\/\/yoast.com\/wordpress\/plugins\/seo\/ -->\n<title>GRACE Lampe design disponible gr\u00e2ce batterie et plomb<\/title>\n<meta name=\"description\" content=\"GRACE est une lampe au sol inspir\u00e9 par mod\u00e8le LOLA. Ses formes plus g\u00e9om\u00e9triques ajoutent une touche d&#039;\u00e9l\u00e9gance \u00e0 tout moderniste de l&#039;environnement. Disponible en deux hauteurs.\" \/>\n<meta name=\"robots\" content=\"index, follow, max-snippet:-1, max-image-preview:large, max-video-preview:-1\" \/>\n<link rel=\"canonical\" href=\"https:\/\/newgarden.es\/fr\/shop\/lightdeco-fr\/lampadaire\/grace-170-2\/\" \/>\n<meta property=\"og:locale\" content=\"fr_FR\" \/>\n<meta property=\"og:type\" content=\"article\" \/>\n<meta property=\"og:title\" content=\"GRACE Lampe design disponible gr\u00e2ce batterie et plomb\" \/>\n<meta property=\"og:description\" content=\"GRACE est une lampe au sol inspir\u00e9 par mod\u00e8le LOLA. Ses formes plus g\u00e9om\u00e9triques ajoutent une touche d&#039;\u00e9l\u00e9gance \u00e0 tout moderniste de l&#039;environnement. Disponible en deux hauteurs.\" \/>\n<meta property=\"og:url\" content=\"https:\/\/newgarden.es\/fr\/shop\/lightdeco-fr\/lampadaire\/grace-170-2\/\" \/>\n<meta property=\"og:site_name\" content=\"Newgarden\" \/>\n<meta property=\"article:modified_time\" content=\"2022-07-19T09:55:23+00:00\" \/>\n<meta property=\"og:image\" content=\"https:\/\/newgarden.es\/wp-content\/uploads\/2019\/04\/GRACE_140_170_BATTERY_1200X1200-18.jpg\" \/>\n\t<meta property=\"og:image:width\" content=\"1200\" \/>\n\t<meta property=\"og:image:height\" content=\"1200\" \/>\n\t<meta property=\"og:image:type\" content=\"image\/jpeg\" \/>\n<meta name=\"twitter:card\" content=\"summary_large_image\" \/>\n<meta name=\"twitter:label1\" content=\"Dur\u00e9e de lecture estim\u00e9e\" \/>\n\t<meta name=\"twitter:data1\" content=\"1 minute\" \/>\n<script type=\"application\/ld+json\" class=\"yoast-schema-graph\">{\"@context\":\"https:\/\/schema.org\",\"@graph\":[{\"@type\":\"WebPage\",\"@id\":\"https:\/\/newgarden.es\/fr\/shop\/lightdeco-fr\/lampadaire\/grace-170-2\/\",\"url\":\"https:\/\/newgarden.es\/fr\/shop\/lightdeco-fr\/lampadaire\/grace-170-2\/\",\"name\":\"GRACE Lampe design disponible gr\u00e2ce batterie et plomb\",\"isPartOf\":{\"@id\":\"https:\/\/newgarden.es\/#website\"},\"primaryImageOfPage\":{\"@id\":\"https:\/\/newgarden.es\/fr\/shop\/lightdeco-fr\/lampadaire\/grace-170-2\/#primaryimage\"},\"image\":{\"@id\":\"https:\/\/newgarden.es\/fr\/shop\/lightdeco-fr\/lampadaire\/grace-170-2\/#primaryimage\"},\"thumbnailUrl\":\"https:\/\/newgarden.es\/wp-content\/uploads\/2019\/04\/GRACE_140_170_BATTERY_1200X1200-18.jpg\",\"datePublished\":\"2019-10-14T11:07:46+00:00\",\"dateModified\":\"2022-07-19T09:55:23+00:00\",\"description\":\"GRACE est une lampe au sol inspir\u00e9 par mod\u00e8le LOLA. Ses formes plus g\u00e9om\u00e9triques ajoutent une touche d'\u00e9l\u00e9gance \u00e0 tout moderniste de l'environnement. Disponible en deux hauteurs.\",\"breadcrumb\":{\"@id\":\"https:\/\/newgarden.es\/fr\/shop\/lightdeco-fr\/lampadaire\/grace-170-2\/#breadcrumb\"},\"inLanguage\":\"fr-FR\",\"potentialAction\":[{\"@type\":\"ReadAction\",\"target\":[\"https:\/\/newgarden.es\/fr\/shop\/lightdeco-fr\/lampadaire\/grace-170-2\/\"]}]},{\"@type\":\"ImageObject\",\"inLanguage\":\"fr-FR\",\"@id\":\"https:\/\/newgarden.es\/fr\/shop\/lightdeco-fr\/lampadaire\/grace-170-2\/#primaryimage\",\"url\":\"https:\/\/newgarden.es\/wp-content\/uploads\/2019\/04\/GRACE_140_170_BATTERY_1200X1200-18.jpg\",\"contentUrl\":\"https:\/\/newgarden.es\/wp-content\/uploads\/2019\/04\/GRACE_140_170_BATTERY_1200X1200-18.jpg\",\"width\":1200,\"height\":1200},{\"@type\":\"BreadcrumbList\",\"@id\":\"https:\/\/newgarden.es\/fr\/shop\/lightdeco-fr\/lampadaire\/grace-170-2\/#breadcrumb\",\"itemListElement\":[{\"@type\":\"ListItem\",\"position\":1,\"name\":\"Home\",\"item\":\"https:\/\/newgarden.es\/fr\/\"},{\"@type\":\"ListItem\",\"position\":2,\"name\":\"Boutique\",\"item\":\"https:\/\/newgarden.es\/fr\/boutique\/\"},{\"@type\":\"ListItem\",\"position\":3,\"name\":\"LAMPE SUR PIED D&#8217;EXT\u00c9RIEUR GRACE 170\"}]},{\"@type\":\"WebSite\",\"@id\":\"https:\/\/newgarden.es\/#website\",\"url\":\"https:\/\/newgarden.es\/\",\"name\":\"Newgarden\",\"description\":\"Be happy\",\"potentialAction\":[{\"@type\":\"SearchAction\",\"target\":{\"@type\":\"EntryPoint\",\"urlTemplate\":\"https:\/\/newgarden.es\/?s={search_term_string}\"},\"query-input\":{\"@type\":\"PropertyValueSpecification\",\"valueRequired\":true,\"valueName\":\"search_term_string\"}}],\"inLanguage\":\"fr-FR\"}]}<\/script>\n<!-- \/ Yoast SEO plugin. -->","yoast_head_json":{"title":"GRACE Lampe design disponible gr\u00e2ce batterie et plomb","description":"GRACE est une lampe au sol inspir\u00e9 par mod\u00e8le LOLA. Ses formes plus g\u00e9om\u00e9triques ajoutent une touche d'\u00e9l\u00e9gance \u00e0 tout moderniste de l'environnement. Disponible en deux hauteurs.","robots":{"index":"index","follow":"follow","max-snippet":"max-snippet:-1","max-image-preview":"max-image-preview:large","max-video-preview":"max-video-preview:-1"},"canonical":"https:\/\/newgarden.es\/fr\/shop\/lightdeco-fr\/lampadaire\/grace-170-2\/","og_locale":"fr_FR","og_type":"article","og_title":"GRACE Lampe design disponible gr\u00e2ce batterie et plomb","og_description":"GRACE est une lampe au sol inspir\u00e9 par mod\u00e8le LOLA. Ses formes plus g\u00e9om\u00e9triques ajoutent une touche d'\u00e9l\u00e9gance \u00e0 tout moderniste de l'environnement. Disponible en deux hauteurs.","og_url":"https:\/\/newgarden.es\/fr\/shop\/lightdeco-fr\/lampadaire\/grace-170-2\/","og_site_name":"Newgarden","article_modified_time":"2022-07-19T09:55:23+00:00","og_image":[{"width":1200,"height":1200,"url":"https:\/\/newgarden.es\/wp-content\/uploads\/2019\/04\/GRACE_140_170_BATTERY_1200X1200-18.jpg","type":"image\/jpeg"}],"twitter_card":"summary_large_image","twitter_misc":{"Dur\u00e9e de lecture estim\u00e9e":"1 minute"},"schema":{"@context":"https:\/\/schema.org","@graph":[{"@type":"WebPage","@id":"https:\/\/newgarden.es\/fr\/shop\/lightdeco-fr\/lampadaire\/grace-170-2\/","url":"https:\/\/newgarden.es\/fr\/shop\/lightdeco-fr\/lampadaire\/grace-170-2\/","name":"GRACE Lampe design disponible gr\u00e2ce batterie et plomb","isPartOf":{"@id":"https:\/\/newgarden.es\/#website"},"primaryImageOfPage":{"@id":"https:\/\/newgarden.es\/fr\/shop\/lightdeco-fr\/lampadaire\/grace-170-2\/#primaryimage"},"image":{"@id":"https:\/\/newgarden.es\/fr\/shop\/lightdeco-fr\/lampadaire\/grace-170-2\/#primaryimage"},"thumbnailUrl":"https:\/\/newgarden.es\/wp-content\/uploads\/2019\/04\/GRACE_140_170_BATTERY_1200X1200-18.jpg","datePublished":"2019-10-14T11:07:46+00:00","dateModified":"2022-07-19T09:55:23+00:00","description":"GRACE est une lampe au sol inspir\u00e9 par mod\u00e8le LOLA. Ses formes plus g\u00e9om\u00e9triques ajoutent une touche d'\u00e9l\u00e9gance \u00e0 tout moderniste de l'environnement. Disponible en deux hauteurs.","breadcrumb":{"@id":"https:\/\/newgarden.es\/fr\/shop\/lightdeco-fr\/lampadaire\/grace-170-2\/#breadcrumb"},"inLanguage":"fr-FR","potentialAction":[{"@type":"ReadAction","target":["https:\/\/newgarden.es\/fr\/shop\/lightdeco-fr\/lampadaire\/grace-170-2\/"]}]},{"@type":"ImageObject","inLanguage":"fr-FR","@id":"https:\/\/newgarden.es\/fr\/shop\/lightdeco-fr\/lampadaire\/grace-170-2\/#primaryimage","url":"https:\/\/newgarden.es\/wp-content\/uploads\/2019\/04\/GRACE_140_170_BATTERY_1200X1200-18.jpg","contentUrl":"https:\/\/newgarden.es\/wp-content\/uploads\/2019\/04\/GRACE_140_170_BATTERY_1200X1200-18.jpg","width":1200,"height":1200},{"@type":"BreadcrumbList","@id":"https:\/\/newgarden.es\/fr\/shop\/lightdeco-fr\/lampadaire\/grace-170-2\/#breadcrumb","itemListElement":[{"@type":"ListItem","position":1,"name":"Home","item":"https:\/\/newgarden.es\/fr\/"},{"@type":"ListItem","position":2,"name":"Boutique","item":"https:\/\/newgarden.es\/fr\/boutique\/"},{"@type":"ListItem","position":3,"name":"LAMPE SUR PIED D&#8217;EXT\u00c9RIEUR GRACE 170"}]},{"@type":"WebSite","@id":"https:\/\/newgarden.es\/#website","url":"https:\/\/newgarden.es\/","name":"Newgarden","description":"Be happy","potentialAction":[{"@type":"SearchAction","target":{"@type":"EntryPoint","urlTemplate":"https:\/\/newgarden.es\/?s={search_term_string}"},"query-input":{"@type":"PropertyValueSpecification","valueRequired":true,"valueName":"search_term_string"}}],"inLanguage":"fr-FR"}]}},"df_price":271.7,"df_sale_price":"","df_regular_price":271.7,"df_image_link":"https:\/\/newgarden.es\/wp-content\/uploads\/2019\/04\/GRACE_140_170_BATTERY_1200X1200-18.jpg","_links":{"self":[{"href":"https:\/\/newgarden.es\/fr\/wp-json\/wp\/v2\/product\/17759"}],"collection":[{"href":"https:\/\/newgarden.es\/fr\/wp-json\/wp\/v2\/product"}],"about":[{"href":"https:\/\/newgarden.es\/fr\/wp-json\/wp\/v2\/types\/product"}],"wp:featuredmedia":[{"embeddable":true,"href":"https:\/\/newgarden.es\/fr\/wp-json\/wp\/v2\/media\/53316"}],"wp:attachment":[{"href":"https:\/\/newgarden.es\/fr\/wp-json\/wp\/v2\/media?parent=17759"}],"wp:term":[{"taxonomy":"product_cat","embeddable":true,"href":"https:\/\/newgarden.es\/fr\/wp-json\/wp\/v2\/product_cat?post=17759"},{"taxonomy":"product_tag","embeddable":true,"href":"https:\/\/newgarden.es\/fr\/wp-json\/wp\/v2\/product_tag?post=17759"}],"curies":[{"name":"wp","href":"https:\/\/api.w.org\/{rel}","templated":true}]}}