{"id":17771,"date":"2019-05-07T09:29:07","date_gmt":"2019-10-14T11:10:16","guid":{"rendered":"https:\/\/newgarden.es\/shop\/sin%20categor\u00eda\/lola-200-2\/"},"modified":"2024-01-30T15:05:08","modified_gmt":"2024-01-30T14:05:08","slug":"lola-200-2","status":"publish","type":"product","link":"https:\/\/newgarden.es\/fr\/shop\/lightdeco-fr\/lampadaire\/lola-200-2\/","title":{"rendered":"LAMPADAIRE LOLA 200"},"content":{"rendered":"<p>LAMPADAIRE <strong>LOLA 200<\/p>\n<p>LOLA<\/strong>\u00a0est le mod\u00e8le ic\u00f4ne de la famille de produits\u00a0<span style=\"text-decoration: underline;\">Newgarden<\/span>, gr\u00e2ce sa forme distinctive. Il a \u00e9t\u00e9 notre produit le plus vendu sur le march\u00e9, et a \u00e9t\u00e9 ador\u00e9 et adopt\u00e9 par la moiti\u00e9 de l&rsquo;Europe. Vous pouvez retrouver la lampe Lola dans diff\u00e9rentes tailles et finitions.<\/p>\n<p>Disponible en version <strong>filaire<\/strong>(par c\u00e2ble \u00e9lectrique).<br \/>\nVersion\u00a0<strong>FILAIRE<\/strong>(alimentation par c\u00e2ble): Il vous suffit de brancher votre lampe sur secteur pour pouvoir l&rsquo;allumer et de la d\u00e9brancher pour l&rsquo;\u00e9teindre. Lumi\u00e8re led &#8211; blanc froid.<\/p>\n<p><em>Tous les produits Newgarden sont fabriqu\u00e9s en poly\u00e9thyl\u00e8ne, ils sont donc l\u00e9gers et tr\u00e8s r\u00e9sistants aux temp\u00e9ratures extr\u00eames. Ils sont \u00e9galement r\u00e9sistants aux rayons UV, ce qui rend la dur\u00e9e de vie du produit extraordinairement longue.<\/em><\/p>\n<ul class=\"tablaTech\">\n<li>\n<div class=\"boxContents no-border\">\n<div class=\"name\"><strong>TAILLE<\/strong><\/div>\n<div class=\"data\">\u00f855x\u00a0200 cm<\/div>\n<\/div>\n<\/li>\n<\/ul>\n<p>&nbsp;<\/p>\n","protected":false},"excerpt":{"rendered":"<h1 style=\"font-size: 12px;\">Lampadaire Lola 200<\/h1>\n","protected":false},"featured_media":53491,"template":"","meta":[],"product_cat":[1695,651,654,1254],"product_tag":[647],"class_list":{"0":"post-17771","1":"product","2":"type-product","3":"status-publish","4":"has-post-thumbnail","6":"product_cat-productos-fr","7":"product_cat-lightdeco-fr","8":"product_cat-lampadaire","9":"product_cat-indoor-floor-lamps-fr","10":"product_tag-cable-fr","12":"first","13":"instock","14":"taxable","15":"shipping-taxable","16":"purchasable","17":"product-type-variable"},"yoast_head":"<!-- This site is optimized with the Yoast SEO plugin v24.2 - https:\/\/yoast.com\/wordpress\/plugins\/seo\/ -->\n<title>LOLA, Lampadaire design disponible en diff\u00e9rentes finitions et tailles<\/title>\n<meta name=\"description\" content=\"LOLA est le mod\u00e8le ic\u00f4ne de la famille de produits Newgarden, gr\u00e2ce sa forme distinctive. Il a \u00e9t\u00e9 notre produit le plus vendu sur le march\u00e9, et a \u00e9t\u00e9 ador\u00e9\" \/>\n<meta name=\"robots\" content=\"index, follow, max-snippet:-1, max-image-preview:large, max-video-preview:-1\" \/>\n<link rel=\"canonical\" href=\"https:\/\/newgarden.es\/fr\/shop\/lightdeco-fr\/lampadaire\/lola-200-2\/\" \/>\n<meta property=\"og:locale\" content=\"fr_FR\" \/>\n<meta property=\"og:type\" content=\"article\" \/>\n<meta property=\"og:title\" content=\"LOLA, Lampadaire design disponible en diff\u00e9rentes finitions et tailles\" \/>\n<meta property=\"og:description\" content=\"LOLA est le mod\u00e8le ic\u00f4ne de la famille de produits Newgarden, gr\u00e2ce sa forme distinctive. Il a \u00e9t\u00e9 notre produit le plus vendu sur le march\u00e9, et a \u00e9t\u00e9 ador\u00e9\" \/>\n<meta property=\"og:url\" content=\"https:\/\/newgarden.es\/fr\/shop\/lightdeco-fr\/lampadaire\/lola-200-2\/\" \/>\n<meta property=\"og:site_name\" content=\"Newgarden\" \/>\n<meta property=\"article:modified_time\" content=\"2024-01-30T14:05:08+00:00\" \/>\n<meta property=\"og:image\" content=\"https:\/\/newgarden.es\/wp-content\/uploads\/2019\/05\/LOLA_200_CABLE_1200X1200-9.jpg\" \/>\n\t<meta property=\"og:image:width\" content=\"1200\" \/>\n\t<meta property=\"og:image:height\" content=\"1200\" \/>\n\t<meta property=\"og:image:type\" content=\"image\/jpeg\" \/>\n<meta name=\"twitter:card\" content=\"summary_large_image\" \/>\n<meta name=\"twitter:label1\" content=\"Dur\u00e9e de lecture estim\u00e9e\" \/>\n\t<meta name=\"twitter:data1\" content=\"1 minute\" \/>\n<script type=\"application\/ld+json\" class=\"yoast-schema-graph\">{\"@context\":\"https:\/\/schema.org\",\"@graph\":[{\"@type\":\"WebPage\",\"@id\":\"https:\/\/newgarden.es\/fr\/shop\/lightdeco-fr\/lampadaire\/lola-200-2\/\",\"url\":\"https:\/\/newgarden.es\/fr\/shop\/lightdeco-fr\/lampadaire\/lola-200-2\/\",\"name\":\"LOLA, Lampadaire design disponible en diff\u00e9rentes finitions et tailles\",\"isPartOf\":{\"@id\":\"https:\/\/newgarden.es\/#website\"},\"primaryImageOfPage\":{\"@id\":\"https:\/\/newgarden.es\/fr\/shop\/lightdeco-fr\/lampadaire\/lola-200-2\/#primaryimage\"},\"image\":{\"@id\":\"https:\/\/newgarden.es\/fr\/shop\/lightdeco-fr\/lampadaire\/lola-200-2\/#primaryimage\"},\"thumbnailUrl\":\"https:\/\/newgarden.es\/wp-content\/uploads\/2019\/05\/LOLA_200_CABLE_1200X1200-9.jpg\",\"datePublished\":\"2019-10-14T11:10:16+00:00\",\"dateModified\":\"2024-01-30T14:05:08+00:00\",\"description\":\"LOLA est le mod\u00e8le ic\u00f4ne de la famille de produits Newgarden, gr\u00e2ce sa forme distinctive. Il a \u00e9t\u00e9 notre produit le plus vendu sur le march\u00e9, et a \u00e9t\u00e9 ador\u00e9\",\"breadcrumb\":{\"@id\":\"https:\/\/newgarden.es\/fr\/shop\/lightdeco-fr\/lampadaire\/lola-200-2\/#breadcrumb\"},\"inLanguage\":\"fr-FR\",\"potentialAction\":[{\"@type\":\"ReadAction\",\"target\":[\"https:\/\/newgarden.es\/fr\/shop\/lightdeco-fr\/lampadaire\/lola-200-2\/\"]}]},{\"@type\":\"ImageObject\",\"inLanguage\":\"fr-FR\",\"@id\":\"https:\/\/newgarden.es\/fr\/shop\/lightdeco-fr\/lampadaire\/lola-200-2\/#primaryimage\",\"url\":\"https:\/\/newgarden.es\/wp-content\/uploads\/2019\/05\/LOLA_200_CABLE_1200X1200-9.jpg\",\"contentUrl\":\"https:\/\/newgarden.es\/wp-content\/uploads\/2019\/05\/LOLA_200_CABLE_1200X1200-9.jpg\",\"width\":1200,\"height\":1200},{\"@type\":\"BreadcrumbList\",\"@id\":\"https:\/\/newgarden.es\/fr\/shop\/lightdeco-fr\/lampadaire\/lola-200-2\/#breadcrumb\",\"itemListElement\":[{\"@type\":\"ListItem\",\"position\":1,\"name\":\"Home\",\"item\":\"https:\/\/newgarden.es\/fr\/\"},{\"@type\":\"ListItem\",\"position\":2,\"name\":\"Boutique\",\"item\":\"https:\/\/newgarden.es\/fr\/boutique\/\"},{\"@type\":\"ListItem\",\"position\":3,\"name\":\"LAMPADAIRE LOLA 200\"}]},{\"@type\":\"WebSite\",\"@id\":\"https:\/\/newgarden.es\/#website\",\"url\":\"https:\/\/newgarden.es\/\",\"name\":\"Newgarden\",\"description\":\"Be happy\",\"potentialAction\":[{\"@type\":\"SearchAction\",\"target\":{\"@type\":\"EntryPoint\",\"urlTemplate\":\"https:\/\/newgarden.es\/?s={search_term_string}\"},\"query-input\":{\"@type\":\"PropertyValueSpecification\",\"valueRequired\":true,\"valueName\":\"search_term_string\"}}],\"inLanguage\":\"fr-FR\"}]}<\/script>\n<!-- \/ Yoast SEO plugin. -->","yoast_head_json":{"title":"LOLA, Lampadaire design disponible en diff\u00e9rentes finitions et tailles","description":"LOLA est le mod\u00e8le ic\u00f4ne de la famille de produits Newgarden, gr\u00e2ce sa forme distinctive. Il a \u00e9t\u00e9 notre produit le plus vendu sur le march\u00e9, et a \u00e9t\u00e9 ador\u00e9","robots":{"index":"index","follow":"follow","max-snippet":"max-snippet:-1","max-image-preview":"max-image-preview:large","max-video-preview":"max-video-preview:-1"},"canonical":"https:\/\/newgarden.es\/fr\/shop\/lightdeco-fr\/lampadaire\/lola-200-2\/","og_locale":"fr_FR","og_type":"article","og_title":"LOLA, Lampadaire design disponible en diff\u00e9rentes finitions et tailles","og_description":"LOLA est le mod\u00e8le ic\u00f4ne de la famille de produits Newgarden, gr\u00e2ce sa forme distinctive. Il a \u00e9t\u00e9 notre produit le plus vendu sur le march\u00e9, et a \u00e9t\u00e9 ador\u00e9","og_url":"https:\/\/newgarden.es\/fr\/shop\/lightdeco-fr\/lampadaire\/lola-200-2\/","og_site_name":"Newgarden","article_modified_time":"2024-01-30T14:05:08+00:00","og_image":[{"width":1200,"height":1200,"url":"https:\/\/newgarden.es\/wp-content\/uploads\/2019\/05\/LOLA_200_CABLE_1200X1200-9.jpg","type":"image\/jpeg"}],"twitter_card":"summary_large_image","twitter_misc":{"Dur\u00e9e de lecture estim\u00e9e":"1 minute"},"schema":{"@context":"https:\/\/schema.org","@graph":[{"@type":"WebPage","@id":"https:\/\/newgarden.es\/fr\/shop\/lightdeco-fr\/lampadaire\/lola-200-2\/","url":"https:\/\/newgarden.es\/fr\/shop\/lightdeco-fr\/lampadaire\/lola-200-2\/","name":"LOLA, Lampadaire design disponible en diff\u00e9rentes finitions et tailles","isPartOf":{"@id":"https:\/\/newgarden.es\/#website"},"primaryImageOfPage":{"@id":"https:\/\/newgarden.es\/fr\/shop\/lightdeco-fr\/lampadaire\/lola-200-2\/#primaryimage"},"image":{"@id":"https:\/\/newgarden.es\/fr\/shop\/lightdeco-fr\/lampadaire\/lola-200-2\/#primaryimage"},"thumbnailUrl":"https:\/\/newgarden.es\/wp-content\/uploads\/2019\/05\/LOLA_200_CABLE_1200X1200-9.jpg","datePublished":"2019-10-14T11:10:16+00:00","dateModified":"2024-01-30T14:05:08+00:00","description":"LOLA est le mod\u00e8le ic\u00f4ne de la famille de produits Newgarden, gr\u00e2ce sa forme distinctive. Il a \u00e9t\u00e9 notre produit le plus vendu sur le march\u00e9, et a \u00e9t\u00e9 ador\u00e9","breadcrumb":{"@id":"https:\/\/newgarden.es\/fr\/shop\/lightdeco-fr\/lampadaire\/lola-200-2\/#breadcrumb"},"inLanguage":"fr-FR","potentialAction":[{"@type":"ReadAction","target":["https:\/\/newgarden.es\/fr\/shop\/lightdeco-fr\/lampadaire\/lola-200-2\/"]}]},{"@type":"ImageObject","inLanguage":"fr-FR","@id":"https:\/\/newgarden.es\/fr\/shop\/lightdeco-fr\/lampadaire\/lola-200-2\/#primaryimage","url":"https:\/\/newgarden.es\/wp-content\/uploads\/2019\/05\/LOLA_200_CABLE_1200X1200-9.jpg","contentUrl":"https:\/\/newgarden.es\/wp-content\/uploads\/2019\/05\/LOLA_200_CABLE_1200X1200-9.jpg","width":1200,"height":1200},{"@type":"BreadcrumbList","@id":"https:\/\/newgarden.es\/fr\/shop\/lightdeco-fr\/lampadaire\/lola-200-2\/#breadcrumb","itemListElement":[{"@type":"ListItem","position":1,"name":"Home","item":"https:\/\/newgarden.es\/fr\/"},{"@type":"ListItem","position":2,"name":"Boutique","item":"https:\/\/newgarden.es\/fr\/boutique\/"},{"@type":"ListItem","position":3,"name":"LAMPADAIRE LOLA 200"}]},{"@type":"WebSite","@id":"https:\/\/newgarden.es\/#website","url":"https:\/\/newgarden.es\/","name":"Newgarden","description":"Be happy","potentialAction":[{"@type":"SearchAction","target":{"@type":"EntryPoint","urlTemplate":"https:\/\/newgarden.es\/?s={search_term_string}"},"query-input":{"@type":"PropertyValueSpecification","valueRequired":true,"valueName":"search_term_string"}}],"inLanguage":"fr-FR"}]}},"df_price":398.5,"df_sale_price":"","df_regular_price":398.5,"df_image_link":"https:\/\/newgarden.es\/wp-content\/uploads\/2019\/05\/LOLA_200_CABLE_1200X1200-9.jpg","_links":{"self":[{"href":"https:\/\/newgarden.es\/fr\/wp-json\/wp\/v2\/product\/17771"}],"collection":[{"href":"https:\/\/newgarden.es\/fr\/wp-json\/wp\/v2\/product"}],"about":[{"href":"https:\/\/newgarden.es\/fr\/wp-json\/wp\/v2\/types\/product"}],"wp:featuredmedia":[{"embeddable":true,"href":"https:\/\/newgarden.es\/fr\/wp-json\/wp\/v2\/media\/53491"}],"wp:attachment":[{"href":"https:\/\/newgarden.es\/fr\/wp-json\/wp\/v2\/media?parent=17771"}],"wp:term":[{"taxonomy":"product_cat","embeddable":true,"href":"https:\/\/newgarden.es\/fr\/wp-json\/wp\/v2\/product_cat?post=17771"},{"taxonomy":"product_tag","embeddable":true,"href":"https:\/\/newgarden.es\/fr\/wp-json\/wp\/v2\/product_tag?post=17771"}],"curies":[{"name":"wp","href":"https:\/\/api.w.org\/{rel}","templated":true}]}}