{"id":17818,"date":"2019-05-06T14:45:16","date_gmt":"2019-10-14T11:19:17","guid":{"rendered":"https:\/\/newgarden.es\/shop\/sin%20categor\u00eda\/capri-110-color\/"},"modified":"2024-06-13T09:43:08","modified_gmt":"2024-06-13T07:43:08","slug":"capri-110-color","status":"publish","type":"product","link":"https:\/\/newgarden.es\/fr\/shop\/mobilier\/tables-et-tables-basses\/capri-110-color\/","title":{"rendered":"TABLE HAUTE CAPRI 110 SANS LUMI\u00c8RE"},"content":{"rendered":"<section class=\"wpb-content-wrapper\"><p>[vc_row][vc_column el_class=\u00a0\u00bbdescripcion_producto\u00a0\u00bb][vc_column_text]<\/p>\n<p style=\"text-align: justify;\"><em>*CAPRI : Table ronde en diff\u00e9rentes hauteurs et finitions. Combinez-la avec MALLORCA MENORCA ou CORFU pour cr\u00e9er des environnements de d\u00e9tente dans votre maison ou votre entreprise. Panneau de m\u00e9thacrylate inclus pour prot\u00e9ger la surface. <\/em><\/p>\n<p style=\"text-align: justify;\"><em>Tous les produits Newgarden sont fabriqu\u00e9s en poly\u00e9thyl\u00e8ne, ils sont donc l\u00e9gers et tr\u00e8s r\u00e9sistants. Ils r\u00e9sistent aux variations extr\u00eames de temp\u00e9rature et sont prot\u00e9g\u00e9s contre les rayons UV, ce qui rend la dur\u00e9e de vie du produit presque illimit\u00e9e. <\/em><\/p>\n<p>[\/vc_column_text][\/vc_column][\/vc_row][vc_row disable_element=\u00a0\u00bbyes\u00a0\u00bb][vc_column][vc_single_image image=\u00a0\u00bb6566&Prime; img_size=\u00a0\u00bbfull\u00a0\u00bb][\/vc_column][\/vc_row][vc_row][vc_column width=\u00a0\u00bb1\/2&Prime;][vc_btn title=\u00a0\u00bbFiche technique\u00a0\u00bb style=\u00a0\u00bbcustom\u00a0\u00bb custom_background=\u00a0\u00bb#009bc2&Prime; custom_text=\u00a0\u00bb#ffffff\u00a0\u00bb shape=\u00a0\u00bbsquare\u00a0\u00bb link=\u00a0\u00bburl:https%3A%2F%2Fbit.ly%2F3Qgzgt5|target:%20_blank|\u00a0\u00bb el_class=\u00a0\u00bbbtn_descargar_ficha\u00a0\u00bb][\/vc_column][vc_column width=\u00a0\u00bb1\/2&Prime;][\/vc_column][\/vc_row]<\/p>\n<\/section>","protected":false},"excerpt":{"rendered":"<h5 style=\"font-size: 12px;\"><strong>Table haute Capri 110 couleur &#8211; blanc opaque<\/strong><\/h5>\n","protected":false},"featured_media":62894,"template":"","meta":[],"product_cat":[657,748],"product_tag":[],"class_list":{"0":"post-17818","1":"product","2":"type-product","3":"status-publish","4":"has-post-thumbnail","6":"product_cat-mobilier","7":"product_cat-tables-et-tables-basses","9":"first","10":"instock","11":"taxable","12":"shipping-taxable","13":"purchasable","14":"product-type-variable"},"yoast_head":"<!-- This site is optimized with the Yoast SEO plugin v24.2 - https:\/\/yoast.com\/wordpress\/plugins\/seo\/ -->\n<title>TABLE HAUTE CAPRI 110 SANS LUMI\u00c8RE RONDE<\/title>\n<meta name=\"description\" content=\"Table ronde en diff\u00e9rentes hauteurs et finitions. Combinez-la avec MALLORCA MENORCA ou CORFU pour cr\u00e9er des espaces de d\u00e9tente dans votre maison ou\" \/>\n<meta name=\"robots\" content=\"index, follow, max-snippet:-1, max-image-preview:large, max-video-preview:-1\" \/>\n<link rel=\"canonical\" href=\"https:\/\/newgarden.es\/fr\/shop\/mobilier\/tables-et-tables-basses\/capri-110-color\/\" \/>\n<meta property=\"og:locale\" content=\"fr_FR\" \/>\n<meta property=\"og:type\" content=\"article\" \/>\n<meta property=\"og:title\" content=\"TABLE HAUTE CAPRI 110 SANS LUMI\u00c8RE RONDE\" \/>\n<meta property=\"og:description\" content=\"Table ronde en diff\u00e9rentes hauteurs et finitions. Combinez-la avec MALLORCA MENORCA ou CORFU pour cr\u00e9er des espaces de d\u00e9tente dans votre maison ou\" \/>\n<meta property=\"og:url\" content=\"https:\/\/newgarden.es\/fr\/shop\/mobilier\/tables-et-tables-basses\/capri-110-color\/\" \/>\n<meta property=\"og:site_name\" content=\"Newgarden\" \/>\n<meta property=\"article:modified_time\" content=\"2024-06-13T07:43:08+00:00\" \/>\n<meta property=\"og:image\" content=\"https:\/\/newgarden.es\/wp-content\/uploads\/2019\/05\/CAPRI_110_BATTERY_OPACO_1200X1200-1.jpg\" \/>\n\t<meta property=\"og:image:width\" content=\"1200\" \/>\n\t<meta property=\"og:image:height\" content=\"1200\" \/>\n\t<meta property=\"og:image:type\" content=\"image\/jpeg\" \/>\n<meta name=\"twitter:card\" content=\"summary_large_image\" \/>\n<meta name=\"twitter:label1\" content=\"Dur\u00e9e de lecture estim\u00e9e\" \/>\n\t<meta name=\"twitter:data1\" content=\"1 minute\" \/>\n<script type=\"application\/ld+json\" class=\"yoast-schema-graph\">{\"@context\":\"https:\/\/schema.org\",\"@graph\":[{\"@type\":\"WebPage\",\"@id\":\"https:\/\/newgarden.es\/fr\/shop\/mobilier\/tables-et-tables-basses\/capri-110-color\/\",\"url\":\"https:\/\/newgarden.es\/fr\/shop\/mobilier\/tables-et-tables-basses\/capri-110-color\/\",\"name\":\"TABLE HAUTE CAPRI 110 SANS LUMI\u00c8RE RONDE\",\"isPartOf\":{\"@id\":\"https:\/\/newgarden.es\/#website\"},\"primaryImageOfPage\":{\"@id\":\"https:\/\/newgarden.es\/fr\/shop\/mobilier\/tables-et-tables-basses\/capri-110-color\/#primaryimage\"},\"image\":{\"@id\":\"https:\/\/newgarden.es\/fr\/shop\/mobilier\/tables-et-tables-basses\/capri-110-color\/#primaryimage\"},\"thumbnailUrl\":\"https:\/\/newgarden.es\/wp-content\/uploads\/2019\/05\/CAPRI_110_BATTERY_OPACO_1200X1200-1.jpg\",\"datePublished\":\"2019-10-14T11:19:17+00:00\",\"dateModified\":\"2024-06-13T07:43:08+00:00\",\"description\":\"Table ronde en diff\u00e9rentes hauteurs et finitions. Combinez-la avec MALLORCA MENORCA ou CORFU pour cr\u00e9er des espaces de d\u00e9tente dans votre maison ou\",\"breadcrumb\":{\"@id\":\"https:\/\/newgarden.es\/fr\/shop\/mobilier\/tables-et-tables-basses\/capri-110-color\/#breadcrumb\"},\"inLanguage\":\"fr-FR\",\"potentialAction\":[{\"@type\":\"ReadAction\",\"target\":[\"https:\/\/newgarden.es\/fr\/shop\/mobilier\/tables-et-tables-basses\/capri-110-color\/\"]}]},{\"@type\":\"ImageObject\",\"inLanguage\":\"fr-FR\",\"@id\":\"https:\/\/newgarden.es\/fr\/shop\/mobilier\/tables-et-tables-basses\/capri-110-color\/#primaryimage\",\"url\":\"https:\/\/newgarden.es\/wp-content\/uploads\/2019\/05\/CAPRI_110_BATTERY_OPACO_1200X1200-1.jpg\",\"contentUrl\":\"https:\/\/newgarden.es\/wp-content\/uploads\/2019\/05\/CAPRI_110_BATTERY_OPACO_1200X1200-1.jpg\",\"width\":1200,\"height\":1200},{\"@type\":\"BreadcrumbList\",\"@id\":\"https:\/\/newgarden.es\/fr\/shop\/mobilier\/tables-et-tables-basses\/capri-110-color\/#breadcrumb\",\"itemListElement\":[{\"@type\":\"ListItem\",\"position\":1,\"name\":\"Home\",\"item\":\"https:\/\/newgarden.es\/fr\/\"},{\"@type\":\"ListItem\",\"position\":2,\"name\":\"Boutique\",\"item\":\"https:\/\/newgarden.es\/fr\/boutique\/\"},{\"@type\":\"ListItem\",\"position\":3,\"name\":\"TABLE HAUTE CAPRI 110 SANS LUMI\u00c8RE\"}]},{\"@type\":\"WebSite\",\"@id\":\"https:\/\/newgarden.es\/#website\",\"url\":\"https:\/\/newgarden.es\/\",\"name\":\"Newgarden\",\"description\":\"Be happy\",\"potentialAction\":[{\"@type\":\"SearchAction\",\"target\":{\"@type\":\"EntryPoint\",\"urlTemplate\":\"https:\/\/newgarden.es\/?s={search_term_string}\"},\"query-input\":{\"@type\":\"PropertyValueSpecification\",\"valueRequired\":true,\"valueName\":\"search_term_string\"}}],\"inLanguage\":\"fr-FR\"}]}<\/script>\n<!-- \/ Yoast SEO plugin. -->","yoast_head_json":{"title":"TABLE HAUTE CAPRI 110 SANS LUMI\u00c8RE RONDE","description":"Table ronde en diff\u00e9rentes hauteurs et finitions. Combinez-la avec MALLORCA MENORCA ou CORFU pour cr\u00e9er des espaces de d\u00e9tente dans votre maison ou","robots":{"index":"index","follow":"follow","max-snippet":"max-snippet:-1","max-image-preview":"max-image-preview:large","max-video-preview":"max-video-preview:-1"},"canonical":"https:\/\/newgarden.es\/fr\/shop\/mobilier\/tables-et-tables-basses\/capri-110-color\/","og_locale":"fr_FR","og_type":"article","og_title":"TABLE HAUTE CAPRI 110 SANS LUMI\u00c8RE RONDE","og_description":"Table ronde en diff\u00e9rentes hauteurs et finitions. Combinez-la avec MALLORCA MENORCA ou CORFU pour cr\u00e9er des espaces de d\u00e9tente dans votre maison ou","og_url":"https:\/\/newgarden.es\/fr\/shop\/mobilier\/tables-et-tables-basses\/capri-110-color\/","og_site_name":"Newgarden","article_modified_time":"2024-06-13T07:43:08+00:00","og_image":[{"width":1200,"height":1200,"url":"https:\/\/newgarden.es\/wp-content\/uploads\/2019\/05\/CAPRI_110_BATTERY_OPACO_1200X1200-1.jpg","type":"image\/jpeg"}],"twitter_card":"summary_large_image","twitter_misc":{"Dur\u00e9e de lecture estim\u00e9e":"1 minute"},"schema":{"@context":"https:\/\/schema.org","@graph":[{"@type":"WebPage","@id":"https:\/\/newgarden.es\/fr\/shop\/mobilier\/tables-et-tables-basses\/capri-110-color\/","url":"https:\/\/newgarden.es\/fr\/shop\/mobilier\/tables-et-tables-basses\/capri-110-color\/","name":"TABLE HAUTE CAPRI 110 SANS LUMI\u00c8RE RONDE","isPartOf":{"@id":"https:\/\/newgarden.es\/#website"},"primaryImageOfPage":{"@id":"https:\/\/newgarden.es\/fr\/shop\/mobilier\/tables-et-tables-basses\/capri-110-color\/#primaryimage"},"image":{"@id":"https:\/\/newgarden.es\/fr\/shop\/mobilier\/tables-et-tables-basses\/capri-110-color\/#primaryimage"},"thumbnailUrl":"https:\/\/newgarden.es\/wp-content\/uploads\/2019\/05\/CAPRI_110_BATTERY_OPACO_1200X1200-1.jpg","datePublished":"2019-10-14T11:19:17+00:00","dateModified":"2024-06-13T07:43:08+00:00","description":"Table ronde en diff\u00e9rentes hauteurs et finitions. Combinez-la avec MALLORCA MENORCA ou CORFU pour cr\u00e9er des espaces de d\u00e9tente dans votre maison ou","breadcrumb":{"@id":"https:\/\/newgarden.es\/fr\/shop\/mobilier\/tables-et-tables-basses\/capri-110-color\/#breadcrumb"},"inLanguage":"fr-FR","potentialAction":[{"@type":"ReadAction","target":["https:\/\/newgarden.es\/fr\/shop\/mobilier\/tables-et-tables-basses\/capri-110-color\/"]}]},{"@type":"ImageObject","inLanguage":"fr-FR","@id":"https:\/\/newgarden.es\/fr\/shop\/mobilier\/tables-et-tables-basses\/capri-110-color\/#primaryimage","url":"https:\/\/newgarden.es\/wp-content\/uploads\/2019\/05\/CAPRI_110_BATTERY_OPACO_1200X1200-1.jpg","contentUrl":"https:\/\/newgarden.es\/wp-content\/uploads\/2019\/05\/CAPRI_110_BATTERY_OPACO_1200X1200-1.jpg","width":1200,"height":1200},{"@type":"BreadcrumbList","@id":"https:\/\/newgarden.es\/fr\/shop\/mobilier\/tables-et-tables-basses\/capri-110-color\/#breadcrumb","itemListElement":[{"@type":"ListItem","position":1,"name":"Home","item":"https:\/\/newgarden.es\/fr\/"},{"@type":"ListItem","position":2,"name":"Boutique","item":"https:\/\/newgarden.es\/fr\/boutique\/"},{"@type":"ListItem","position":3,"name":"TABLE HAUTE CAPRI 110 SANS LUMI\u00c8RE"}]},{"@type":"WebSite","@id":"https:\/\/newgarden.es\/#website","url":"https:\/\/newgarden.es\/","name":"Newgarden","description":"Be happy","potentialAction":[{"@type":"SearchAction","target":{"@type":"EntryPoint","urlTemplate":"https:\/\/newgarden.es\/?s={search_term_string}"},"query-input":{"@type":"PropertyValueSpecification","valueRequired":true,"valueName":"search_term_string"}}],"inLanguage":"fr-FR"}]}},"df_price":241.5,"df_sale_price":"","df_regular_price":241.5,"df_image_link":"https:\/\/newgarden.es\/wp-content\/uploads\/2019\/05\/CAPRI_110_BATTERY_OPACO_1200X1200-1-580x400.jpg","_links":{"self":[{"href":"https:\/\/newgarden.es\/fr\/wp-json\/wp\/v2\/product\/17818"}],"collection":[{"href":"https:\/\/newgarden.es\/fr\/wp-json\/wp\/v2\/product"}],"about":[{"href":"https:\/\/newgarden.es\/fr\/wp-json\/wp\/v2\/types\/product"}],"wp:featuredmedia":[{"embeddable":true,"href":"https:\/\/newgarden.es\/fr\/wp-json\/wp\/v2\/media\/62894"}],"wp:attachment":[{"href":"https:\/\/newgarden.es\/fr\/wp-json\/wp\/v2\/media?parent=17818"}],"wp:term":[{"taxonomy":"product_cat","embeddable":true,"href":"https:\/\/newgarden.es\/fr\/wp-json\/wp\/v2\/product_cat?post=17818"},{"taxonomy":"product_tag","embeddable":true,"href":"https:\/\/newgarden.es\/fr\/wp-json\/wp\/v2\/product_tag?post=17818"}],"curies":[{"name":"wp","href":"https:\/\/api.w.org\/{rel}","templated":true}]}}