{"id":17843,"date":"2019-05-06T09:36:01","date_gmt":"2019-10-14T11:24:40","guid":{"rendered":"https:\/\/newgarden.es\/shop\/sin%20categor\u00eda\/kaktus-lime-100\/"},"modified":"2022-02-02T16:20:35","modified_gmt":"2022-02-02T15:20:35","slug":"kaktus-lime-100","status":"publish","type":"product","link":"https:\/\/newgarden.es\/fr\/shop\/lightdeco-fr\/lampadaire\/kaktus-lime-100\/","title":{"rendered":"LAMPE KAKTUS VERT CITRON"},"content":{"rendered":"<p>LAMPE <strong>KAKTUS VERT CITRON<\/strong><\/p>\n<p>La lampe\u00a0<strong>Kaktus<\/strong>\u00a0est inspir\u00e9e directement de la plante cactus. Ce mod\u00e8le est aussi disponible en couleur -blanc.<\/p>\n<p>Ce produit est int\u00e9gr\u00e9 d&rsquo;un tube led rgb. Fonctionne gr\u00e2ce \u00e0 sa t\u00e9l\u00e9commande.<\/p>\n<p>Ce mod\u00e8le existe en deux versions:\u00a0<strong>filaire<\/strong>(par c\u00e2ble d&rsquo;alimentation) &#8211;\u00a0<strong>batterie<\/strong>\u00a0rechargeable<\/p>\n<p>Version\u00a0<strong>FILAIRE<\/strong>(alimentation par c\u00e2ble): Il vous suffit de brancher votre lampe sur secteur pour pouvoir l&rsquo;allumer et de la d\u00e9brancher pour l&rsquo;\u00e9teindre. Lumi\u00e8re led &#8211; blanc froid ou chaud.<br \/>\nVersion\u00a0<b>BATTERIE RECHARGEABLE\u00a0<\/b>led rgb:\u00a0Se recharge par c\u00e2ble. Utilisez sa t\u00e9l\u00e9commande pour pouvoir l\u2019allumer, l\u2019\u00e9teindre ou choisir la couleur d\u2019illumination que vous souhaitez \u00e0 distance.<\/p>\n<p><em>Tous les produits Newgarden sont fabriqu\u00e9s en poly\u00e9thyl\u00e8ne, ils sont donc l\u00e9gers et tr\u00e8s r\u00e9sistants aux temp\u00e9ratures extr\u00eames. Ils sont \u00e9galement\u00a0r\u00e9sistants aux rayons UV, ce qui rend la dur\u00e9e de vie du produit extraordinairement longue.<\/em><\/p>\n<p>&nbsp;<\/p>\n<ul class=\"tablaTech\">\n<li>\n<div class=\"boxContents no-border\">\n<div class=\"name\"><strong>TAILLE<\/strong><\/div>\n<div class=\"data\">44 x 31 x 110 cm<\/div>\n<\/div>\n<\/li>\n<\/ul>\n","protected":false},"excerpt":{"rendered":"<h5><strong>Lampe Kaktus vert citron<\/strong><\/h5>\n","protected":false},"featured_media":53973,"template":"","meta":[],"product_cat":[1695,651,654,1254],"product_tag":[647],"class_list":{"0":"post-17843","1":"product","2":"type-product","3":"status-publish","4":"has-post-thumbnail","6":"product_cat-productos-fr","7":"product_cat-lightdeco-fr","8":"product_cat-lampadaire","9":"product_cat-indoor-floor-lamps-fr","10":"product_tag-cable-fr","12":"first","13":"instock","14":"taxable","15":"shipping-taxable","16":"purchasable","17":"product-type-variable"},"yoast_head":"<!-- This site is optimized with the Yoast SEO plugin v24.2 - https:\/\/yoast.com\/wordpress\/plugins\/seo\/ -->\n<title>LAMPE KAKTUS VERT CITRON EXT\u00c9RIEUR INT\u00c9RIEUR<\/title>\n<meta name=\"description\" content=\"La lampe Kaktus est inspir\u00e9e directement de la plante cactus. Ce mod\u00e8le est aussi disponible en couleur -blanc. Ce produit est int\u00e9gr\u00e9 d&#039;un tube led rgb.\" \/>\n<meta name=\"robots\" content=\"index, follow, max-snippet:-1, max-image-preview:large, max-video-preview:-1\" \/>\n<link rel=\"canonical\" href=\"https:\/\/newgarden.es\/fr\/shop\/lightdeco-fr\/lampadaire\/kaktus-lime-100\/\" \/>\n<meta property=\"og:locale\" content=\"fr_FR\" \/>\n<meta property=\"og:type\" content=\"article\" \/>\n<meta property=\"og:title\" content=\"LAMPE KAKTUS VERT CITRON EXT\u00c9RIEUR INT\u00c9RIEUR\" \/>\n<meta property=\"og:description\" content=\"La lampe Kaktus est inspir\u00e9e directement de la plante cactus. Ce mod\u00e8le est aussi disponible en couleur -blanc. Ce produit est int\u00e9gr\u00e9 d&#039;un tube led rgb.\" \/>\n<meta property=\"og:url\" content=\"https:\/\/newgarden.es\/fr\/shop\/lightdeco-fr\/lampadaire\/kaktus-lime-100\/\" \/>\n<meta property=\"og:site_name\" content=\"Newgarden\" \/>\n<meta property=\"article:modified_time\" content=\"2022-02-02T15:20:35+00:00\" \/>\n<meta property=\"og:image\" content=\"https:\/\/newgarden.es\/wp-content\/uploads\/2019\/05\/KAKTUS_100_CABLE_1200X1200-12.jpg\" \/>\n\t<meta property=\"og:image:width\" content=\"1200\" \/>\n\t<meta property=\"og:image:height\" content=\"1200\" \/>\n\t<meta property=\"og:image:type\" content=\"image\/jpeg\" \/>\n<meta name=\"twitter:card\" content=\"summary_large_image\" \/>\n<meta name=\"twitter:label1\" content=\"Dur\u00e9e de lecture estim\u00e9e\" \/>\n\t<meta name=\"twitter:data1\" content=\"1 minute\" \/>\n<script type=\"application\/ld+json\" class=\"yoast-schema-graph\">{\"@context\":\"https:\/\/schema.org\",\"@graph\":[{\"@type\":\"WebPage\",\"@id\":\"https:\/\/newgarden.es\/fr\/shop\/lightdeco-fr\/lampadaire\/kaktus-lime-100\/\",\"url\":\"https:\/\/newgarden.es\/fr\/shop\/lightdeco-fr\/lampadaire\/kaktus-lime-100\/\",\"name\":\"LAMPE KAKTUS VERT CITRON EXT\u00c9RIEUR INT\u00c9RIEUR\",\"isPartOf\":{\"@id\":\"https:\/\/newgarden.es\/#website\"},\"primaryImageOfPage\":{\"@id\":\"https:\/\/newgarden.es\/fr\/shop\/lightdeco-fr\/lampadaire\/kaktus-lime-100\/#primaryimage\"},\"image\":{\"@id\":\"https:\/\/newgarden.es\/fr\/shop\/lightdeco-fr\/lampadaire\/kaktus-lime-100\/#primaryimage\"},\"thumbnailUrl\":\"https:\/\/newgarden.es\/wp-content\/uploads\/2019\/05\/KAKTUS_100_CABLE_1200X1200-12.jpg\",\"datePublished\":\"2019-10-14T11:24:40+00:00\",\"dateModified\":\"2022-02-02T15:20:35+00:00\",\"description\":\"La lampe Kaktus est inspir\u00e9e directement de la plante cactus. Ce mod\u00e8le est aussi disponible en couleur -blanc. Ce produit est int\u00e9gr\u00e9 d'un tube led rgb.\",\"breadcrumb\":{\"@id\":\"https:\/\/newgarden.es\/fr\/shop\/lightdeco-fr\/lampadaire\/kaktus-lime-100\/#breadcrumb\"},\"inLanguage\":\"fr-FR\",\"potentialAction\":[{\"@type\":\"ReadAction\",\"target\":[\"https:\/\/newgarden.es\/fr\/shop\/lightdeco-fr\/lampadaire\/kaktus-lime-100\/\"]}]},{\"@type\":\"ImageObject\",\"inLanguage\":\"fr-FR\",\"@id\":\"https:\/\/newgarden.es\/fr\/shop\/lightdeco-fr\/lampadaire\/kaktus-lime-100\/#primaryimage\",\"url\":\"https:\/\/newgarden.es\/wp-content\/uploads\/2019\/05\/KAKTUS_100_CABLE_1200X1200-12.jpg\",\"contentUrl\":\"https:\/\/newgarden.es\/wp-content\/uploads\/2019\/05\/KAKTUS_100_CABLE_1200X1200-12.jpg\",\"width\":1200,\"height\":1200},{\"@type\":\"BreadcrumbList\",\"@id\":\"https:\/\/newgarden.es\/fr\/shop\/lightdeco-fr\/lampadaire\/kaktus-lime-100\/#breadcrumb\",\"itemListElement\":[{\"@type\":\"ListItem\",\"position\":1,\"name\":\"Home\",\"item\":\"https:\/\/newgarden.es\/fr\/\"},{\"@type\":\"ListItem\",\"position\":2,\"name\":\"Boutique\",\"item\":\"https:\/\/newgarden.es\/fr\/boutique\/\"},{\"@type\":\"ListItem\",\"position\":3,\"name\":\"LAMPE KAKTUS VERT CITRON\"}]},{\"@type\":\"WebSite\",\"@id\":\"https:\/\/newgarden.es\/#website\",\"url\":\"https:\/\/newgarden.es\/\",\"name\":\"Newgarden\",\"description\":\"Be happy\",\"potentialAction\":[{\"@type\":\"SearchAction\",\"target\":{\"@type\":\"EntryPoint\",\"urlTemplate\":\"https:\/\/newgarden.es\/?s={search_term_string}\"},\"query-input\":{\"@type\":\"PropertyValueSpecification\",\"valueRequired\":true,\"valueName\":\"search_term_string\"}}],\"inLanguage\":\"fr-FR\"}]}<\/script>\n<!-- \/ Yoast SEO plugin. -->","yoast_head_json":{"title":"LAMPE KAKTUS VERT CITRON EXT\u00c9RIEUR INT\u00c9RIEUR","description":"La lampe Kaktus est inspir\u00e9e directement de la plante cactus. Ce mod\u00e8le est aussi disponible en couleur -blanc. Ce produit est int\u00e9gr\u00e9 d'un tube led rgb.","robots":{"index":"index","follow":"follow","max-snippet":"max-snippet:-1","max-image-preview":"max-image-preview:large","max-video-preview":"max-video-preview:-1"},"canonical":"https:\/\/newgarden.es\/fr\/shop\/lightdeco-fr\/lampadaire\/kaktus-lime-100\/","og_locale":"fr_FR","og_type":"article","og_title":"LAMPE KAKTUS VERT CITRON EXT\u00c9RIEUR INT\u00c9RIEUR","og_description":"La lampe Kaktus est inspir\u00e9e directement de la plante cactus. Ce mod\u00e8le est aussi disponible en couleur -blanc. Ce produit est int\u00e9gr\u00e9 d'un tube led rgb.","og_url":"https:\/\/newgarden.es\/fr\/shop\/lightdeco-fr\/lampadaire\/kaktus-lime-100\/","og_site_name":"Newgarden","article_modified_time":"2022-02-02T15:20:35+00:00","og_image":[{"width":1200,"height":1200,"url":"https:\/\/newgarden.es\/wp-content\/uploads\/2019\/05\/KAKTUS_100_CABLE_1200X1200-12.jpg","type":"image\/jpeg"}],"twitter_card":"summary_large_image","twitter_misc":{"Dur\u00e9e de lecture estim\u00e9e":"1 minute"},"schema":{"@context":"https:\/\/schema.org","@graph":[{"@type":"WebPage","@id":"https:\/\/newgarden.es\/fr\/shop\/lightdeco-fr\/lampadaire\/kaktus-lime-100\/","url":"https:\/\/newgarden.es\/fr\/shop\/lightdeco-fr\/lampadaire\/kaktus-lime-100\/","name":"LAMPE KAKTUS VERT CITRON EXT\u00c9RIEUR INT\u00c9RIEUR","isPartOf":{"@id":"https:\/\/newgarden.es\/#website"},"primaryImageOfPage":{"@id":"https:\/\/newgarden.es\/fr\/shop\/lightdeco-fr\/lampadaire\/kaktus-lime-100\/#primaryimage"},"image":{"@id":"https:\/\/newgarden.es\/fr\/shop\/lightdeco-fr\/lampadaire\/kaktus-lime-100\/#primaryimage"},"thumbnailUrl":"https:\/\/newgarden.es\/wp-content\/uploads\/2019\/05\/KAKTUS_100_CABLE_1200X1200-12.jpg","datePublished":"2019-10-14T11:24:40+00:00","dateModified":"2022-02-02T15:20:35+00:00","description":"La lampe Kaktus est inspir\u00e9e directement de la plante cactus. Ce mod\u00e8le est aussi disponible en couleur -blanc. Ce produit est int\u00e9gr\u00e9 d'un tube led rgb.","breadcrumb":{"@id":"https:\/\/newgarden.es\/fr\/shop\/lightdeco-fr\/lampadaire\/kaktus-lime-100\/#breadcrumb"},"inLanguage":"fr-FR","potentialAction":[{"@type":"ReadAction","target":["https:\/\/newgarden.es\/fr\/shop\/lightdeco-fr\/lampadaire\/kaktus-lime-100\/"]}]},{"@type":"ImageObject","inLanguage":"fr-FR","@id":"https:\/\/newgarden.es\/fr\/shop\/lightdeco-fr\/lampadaire\/kaktus-lime-100\/#primaryimage","url":"https:\/\/newgarden.es\/wp-content\/uploads\/2019\/05\/KAKTUS_100_CABLE_1200X1200-12.jpg","contentUrl":"https:\/\/newgarden.es\/wp-content\/uploads\/2019\/05\/KAKTUS_100_CABLE_1200X1200-12.jpg","width":1200,"height":1200},{"@type":"BreadcrumbList","@id":"https:\/\/newgarden.es\/fr\/shop\/lightdeco-fr\/lampadaire\/kaktus-lime-100\/#breadcrumb","itemListElement":[{"@type":"ListItem","position":1,"name":"Home","item":"https:\/\/newgarden.es\/fr\/"},{"@type":"ListItem","position":2,"name":"Boutique","item":"https:\/\/newgarden.es\/fr\/boutique\/"},{"@type":"ListItem","position":3,"name":"LAMPE KAKTUS VERT CITRON"}]},{"@type":"WebSite","@id":"https:\/\/newgarden.es\/#website","url":"https:\/\/newgarden.es\/","name":"Newgarden","description":"Be happy","potentialAction":[{"@type":"SearchAction","target":{"@type":"EntryPoint","urlTemplate":"https:\/\/newgarden.es\/?s={search_term_string}"},"query-input":{"@type":"PropertyValueSpecification","valueRequired":true,"valueName":"search_term_string"}}],"inLanguage":"fr-FR"}]}},"df_price":126,"df_sale_price":"","df_regular_price":126,"df_image_link":"https:\/\/newgarden.es\/wp-content\/uploads\/2019\/05\/KAKTUS_100_CABLE_1200X1200-12.jpg","_links":{"self":[{"href":"https:\/\/newgarden.es\/fr\/wp-json\/wp\/v2\/product\/17843"}],"collection":[{"href":"https:\/\/newgarden.es\/fr\/wp-json\/wp\/v2\/product"}],"about":[{"href":"https:\/\/newgarden.es\/fr\/wp-json\/wp\/v2\/types\/product"}],"wp:featuredmedia":[{"embeddable":true,"href":"https:\/\/newgarden.es\/fr\/wp-json\/wp\/v2\/media\/53973"}],"wp:attachment":[{"href":"https:\/\/newgarden.es\/fr\/wp-json\/wp\/v2\/media?parent=17843"}],"wp:term":[{"taxonomy":"product_cat","embeddable":true,"href":"https:\/\/newgarden.es\/fr\/wp-json\/wp\/v2\/product_cat?post=17843"},{"taxonomy":"product_tag","embeddable":true,"href":"https:\/\/newgarden.es\/fr\/wp-json\/wp\/v2\/product_tag?post=17843"}],"curies":[{"name":"wp","href":"https:\/\/api.w.org\/{rel}","templated":true}]}}