{"id":17898,"date":"2019-04-29T11:51:55","date_gmt":"2019-10-14T11:38:56","guid":{"rendered":"https:\/\/newgarden.es\/shop\/sin%20categor\u00eda\/rudy-2\/"},"modified":"2022-01-27T16:40:00","modified_gmt":"2022-01-27T15:40:00","slug":"rudy-2","status":"publish","type":"product","link":"https:\/\/newgarden.es\/fr\/shop\/lightdeco-fr\/lampe-a-cote\/rudy-2\/","title":{"rendered":"LAMPE RUDY"},"content":{"rendered":"<section class=\"wpb-content-wrapper\"><p>[vc_row][vc_column][vc_column_text]<\/p>\n<p>[\/vc_column_text][\/vc_column][\/vc_row][vc_row][vc_column el_class=\u00a0\u00bbdescripcion_producto\u00a0\u00bb][vc_column_text]<\/p>\n<p>LAMPE <strong>RUDY <\/strong><\/p>\n<p>Le renne illumin\u00e9\u00a0<strong>Rudy<\/strong>\u00a0est un renne original et \u00e9l\u00e9gant, id\u00e9al pour l\u2019\u00e9clairage ext\u00e9rieur et int\u00e9rieur de votre maison. Parfait pour une utilisation tout au long de l\u2019ann\u00e9e et durant la saison des f\u00eates de fin d&rsquo;ann\u00e9e.<\/p>\n<p>Existe en version\u00a0<strong>filaire<\/strong>(par c\u00e2ble d&rsquo;alimentation) &#8211;\u00a0<strong>solaire+batterie<\/strong>\u00a0rechargeable.<\/p>\n<p data-sanitized-data-mce-fragment=\"1\">Version\u00a0<strong data-sanitized-data-mce-fragment=\"1\">FILAIRE\u00a0<\/strong>(alimentation par c\u00e2ble) Il vous suffit de brancher votre lampe sur secteur pour pouvoir l&rsquo;allumer et de la d\u00e9brancher pour l&rsquo;\u00e9teindre. Lumi\u00e8re led &#8211; blanc froid.<\/p>\n<p data-sanitized-data-mce-fragment=\"1\">Version\u00a0<strong data-sanitized-data-mce-fragment=\"1\">SOLAIRE+BATTERIE RECHARGEABLE<\/strong>\u00a0led rgb\u00a0Rudy\u00a0est \u00e9quip\u00e9e d&rsquo;un capteur cr\u00e9pusculaire qui d\u00e9clenche automatiquement l&rsquo;allumage \u00e0 la nuit tomb\u00e9e. Ce renne lumineux led rgb b\u00e9n\u00e9ficie de la technologie Newgarden\u00a0solaire+charge batterie :\u00a0il\u00a0se charge par le soleil (8 \u00e0 12h) pour une autonomie de 2 \u00e0 6 heures ou par batterie (chargeur fourni) en 4 \u00e0 6 heures pour une autonomie de 12 \u00e0 36 heures !\u00a0Il\u00a0est \u00e9quip\u00e9 d&rsquo;une t\u00e9l\u00e9commande (fournie) qui permet de choisir parmi 128 couleurs et trois blancs.<\/p>\n<p><em>Tous les produits Newgarden sont fabriqu\u00e9s en poly\u00e9thyl\u00e8ne, ils sont donc l\u00e9gers et tr\u00e8s r\u00e9sistants. Ils r\u00e9sistent aux variations extr\u00eames de temp\u00e9rature et \u00e9galement aux rayons UV, ce qui rend la dur\u00e9e de vie du produit presque illimit\u00e9e.<\/em><\/p>\n<p>&nbsp;<\/p>\n<ul class=\"tablaTech\">\n<li>\n<div class=\"boxContents no-border\">\n<div class=\"name\"><strong>TAILLE<\/strong><\/div>\n<div class=\"data\">30 x 39 x 40 cm<\/div>\n<\/div>\n<\/li>\n<\/ul>\n<p>[\/vc_column_text][\/vc_column][\/vc_row][vc_row disable_element=\u00a0\u00bbyes\u00a0\u00bb][vc_column][vc_single_image image=\u00a0\u00bb6566&Prime; img_size=\u00a0\u00bbfull\u00a0\u00bb][\/vc_column][\/vc_row][vc_row][vc_column width=\u00a0\u00bb1\/2&Prime;][vc_btn title=\u00a0\u00bbFiche technique\u00a0\u00bb style=\u00a0\u00bbcustom\u00a0\u00bb custom_background=\u00a0\u00bb#009bc2&Prime; custom_text=\u00a0\u00bb#ffffff\u00a0\u00bb shape=\u00a0\u00bbsquare\u00a0\u00bb el_class=\u00a0\u00bbbtn_descargar_ficha\u00a0\u00bb link=\u00a0\u00bburl:https%3A%2F%2Fdrive.google.com%2Fdrive%2Ffolders%2F15u4Oe89D5X1_RbTdfjAEcIj-w67leMhs%3Fusp%3Dsharing|target:%20_blank|\u00a0\u00bb][\/vc_column][vc_column width=\u00a0\u00bb1\/2&Prime;][vc_btn title=\u00a0\u00bbManuel d&rsquo;instrutions\u00a0\u00bb style=\u00a0\u00bbcustom\u00a0\u00bb custom_background=\u00a0\u00bb#009bc2&Prime; custom_text=\u00a0\u00bb#ffffff\u00a0\u00bb shape=\u00a0\u00bbsquare\u00a0\u00bb link=\u00a0\u00bburl:https%3A%2F%2Fnewgarden.es%2Ffr%2F%3Fpage_id%3D25150|target:%20_blank|\u00a0\u00bb el_class=\u00a0\u00bbbtn_descargar_ficha\u00a0\u00bb][\/vc_column][\/vc_row]<\/p>\n<\/section>","protected":false},"excerpt":{"rendered":"<h1 style=\"font-size: 12px;\">Lampe renne Rudy<\/h1>\n","protected":false},"featured_media":59433,"template":"","meta":[],"product_cat":[1695,651,652,1223,1590,752],"product_tag":[647,707,648],"class_list":{"0":"post-17898","1":"product","2":"type-product","3":"status-publish","4":"has-post-thumbnail","6":"product_cat-productos-fr","7":"product_cat-lightdeco-fr","8":"product_cat-lampe-a-cote","9":"product_cat-interieur","10":"product_cat-interieur-fr","11":"product_cat-noel","12":"product_tag-cable-fr","13":"product_tag-sans-fil","14":"product_tag-solaire","16":"first","17":"instock","18":"taxable","19":"shipping-taxable","20":"purchasable","21":"product-type-variable"},"yoast_head":"<!-- This site is optimized with the Yoast SEO plugin v24.2 - https:\/\/yoast.com\/wordpress\/plugins\/seo\/ -->\n<title>LAMPE RUDY RENNE LUMINEUX EXT\u00c9RIEUR INT\u00c9RIEUR<\/title>\n<meta name=\"description\" content=\"LAMPE RUDYLe renne illumin\u00e9\u00a0Rudy\u00a0est un renne original et \u00e9l\u00e9gant, id\u00e9al pour l\u2019\u00e9clairage ext\u00e9rieur et int\u00e9rieur de votre maison. Parfait pour une utilisa\" \/>\n<meta name=\"robots\" content=\"index, follow, max-snippet:-1, max-image-preview:large, max-video-preview:-1\" \/>\n<link rel=\"canonical\" href=\"https:\/\/newgarden.es\/fr\/shop\/lightdeco-fr\/lampe-a-cote\/rudy-2\/\" \/>\n<meta property=\"og:locale\" content=\"fr_FR\" \/>\n<meta property=\"og:type\" content=\"article\" \/>\n<meta property=\"og:title\" content=\"LAMPE RUDY RENNE LUMINEUX EXT\u00c9RIEUR INT\u00c9RIEUR\" \/>\n<meta property=\"og:description\" content=\"LAMPE RUDYLe renne illumin\u00e9\u00a0Rudy\u00a0est un renne original et \u00e9l\u00e9gant, id\u00e9al pour l\u2019\u00e9clairage ext\u00e9rieur et int\u00e9rieur de votre maison. Parfait pour une utilisa\" \/>\n<meta property=\"og:url\" content=\"https:\/\/newgarden.es\/fr\/shop\/lightdeco-fr\/lampe-a-cote\/rudy-2\/\" \/>\n<meta property=\"og:site_name\" content=\"Newgarden\" \/>\n<meta property=\"article:modified_time\" content=\"2022-01-27T15:40:00+00:00\" \/>\n<meta property=\"og:image\" content=\"https:\/\/newgarden.es\/wp-content\/uploads\/2021\/09\/RUDY_1200X1200-3.jpg\" \/>\n\t<meta property=\"og:image:width\" content=\"1200\" \/>\n\t<meta property=\"og:image:height\" content=\"1200\" \/>\n\t<meta property=\"og:image:type\" content=\"image\/jpeg\" \/>\n<meta name=\"twitter:card\" content=\"summary_large_image\" \/>\n<meta name=\"twitter:label1\" content=\"Dur\u00e9e de lecture estim\u00e9e\" \/>\n\t<meta name=\"twitter:data1\" content=\"2 minutes\" \/>\n<script type=\"application\/ld+json\" class=\"yoast-schema-graph\">{\"@context\":\"https:\/\/schema.org\",\"@graph\":[{\"@type\":\"WebPage\",\"@id\":\"https:\/\/newgarden.es\/fr\/shop\/lightdeco-fr\/lampe-a-cote\/rudy-2\/\",\"url\":\"https:\/\/newgarden.es\/fr\/shop\/lightdeco-fr\/lampe-a-cote\/rudy-2\/\",\"name\":\"LAMPE RUDY RENNE LUMINEUX EXT\u00c9RIEUR INT\u00c9RIEUR\",\"isPartOf\":{\"@id\":\"https:\/\/newgarden.es\/#website\"},\"primaryImageOfPage\":{\"@id\":\"https:\/\/newgarden.es\/fr\/shop\/lightdeco-fr\/lampe-a-cote\/rudy-2\/#primaryimage\"},\"image\":{\"@id\":\"https:\/\/newgarden.es\/fr\/shop\/lightdeco-fr\/lampe-a-cote\/rudy-2\/#primaryimage\"},\"thumbnailUrl\":\"https:\/\/newgarden.es\/wp-content\/uploads\/2021\/09\/RUDY_1200X1200-3.jpg\",\"datePublished\":\"2019-10-14T11:38:56+00:00\",\"dateModified\":\"2022-01-27T15:40:00+00:00\",\"description\":\"LAMPE RUDYLe renne illumin\u00e9\u00a0Rudy\u00a0est un renne original et \u00e9l\u00e9gant, id\u00e9al pour l\u2019\u00e9clairage ext\u00e9rieur et int\u00e9rieur de votre maison. Parfait pour une utilisa\",\"breadcrumb\":{\"@id\":\"https:\/\/newgarden.es\/fr\/shop\/lightdeco-fr\/lampe-a-cote\/rudy-2\/#breadcrumb\"},\"inLanguage\":\"fr-FR\",\"potentialAction\":[{\"@type\":\"ReadAction\",\"target\":[\"https:\/\/newgarden.es\/fr\/shop\/lightdeco-fr\/lampe-a-cote\/rudy-2\/\"]}]},{\"@type\":\"ImageObject\",\"inLanguage\":\"fr-FR\",\"@id\":\"https:\/\/newgarden.es\/fr\/shop\/lightdeco-fr\/lampe-a-cote\/rudy-2\/#primaryimage\",\"url\":\"https:\/\/newgarden.es\/wp-content\/uploads\/2021\/09\/RUDY_1200X1200-3.jpg\",\"contentUrl\":\"https:\/\/newgarden.es\/wp-content\/uploads\/2021\/09\/RUDY_1200X1200-3.jpg\",\"width\":1200,\"height\":1200},{\"@type\":\"BreadcrumbList\",\"@id\":\"https:\/\/newgarden.es\/fr\/shop\/lightdeco-fr\/lampe-a-cote\/rudy-2\/#breadcrumb\",\"itemListElement\":[{\"@type\":\"ListItem\",\"position\":1,\"name\":\"Home\",\"item\":\"https:\/\/newgarden.es\/fr\/\"},{\"@type\":\"ListItem\",\"position\":2,\"name\":\"Boutique\",\"item\":\"https:\/\/newgarden.es\/fr\/boutique\/\"},{\"@type\":\"ListItem\",\"position\":3,\"name\":\"LAMPE RUDY\"}]},{\"@type\":\"WebSite\",\"@id\":\"https:\/\/newgarden.es\/#website\",\"url\":\"https:\/\/newgarden.es\/\",\"name\":\"Newgarden\",\"description\":\"Be happy\",\"potentialAction\":[{\"@type\":\"SearchAction\",\"target\":{\"@type\":\"EntryPoint\",\"urlTemplate\":\"https:\/\/newgarden.es\/?s={search_term_string}\"},\"query-input\":{\"@type\":\"PropertyValueSpecification\",\"valueRequired\":true,\"valueName\":\"search_term_string\"}}],\"inLanguage\":\"fr-FR\"}]}<\/script>\n<!-- \/ Yoast SEO plugin. -->","yoast_head_json":{"title":"LAMPE RUDY RENNE LUMINEUX EXT\u00c9RIEUR INT\u00c9RIEUR","description":"LAMPE RUDYLe renne illumin\u00e9\u00a0Rudy\u00a0est un renne original et \u00e9l\u00e9gant, id\u00e9al pour l\u2019\u00e9clairage ext\u00e9rieur et int\u00e9rieur de votre maison. Parfait pour une utilisa","robots":{"index":"index","follow":"follow","max-snippet":"max-snippet:-1","max-image-preview":"max-image-preview:large","max-video-preview":"max-video-preview:-1"},"canonical":"https:\/\/newgarden.es\/fr\/shop\/lightdeco-fr\/lampe-a-cote\/rudy-2\/","og_locale":"fr_FR","og_type":"article","og_title":"LAMPE RUDY RENNE LUMINEUX EXT\u00c9RIEUR INT\u00c9RIEUR","og_description":"LAMPE RUDYLe renne illumin\u00e9\u00a0Rudy\u00a0est un renne original et \u00e9l\u00e9gant, id\u00e9al pour l\u2019\u00e9clairage ext\u00e9rieur et int\u00e9rieur de votre maison. Parfait pour une utilisa","og_url":"https:\/\/newgarden.es\/fr\/shop\/lightdeco-fr\/lampe-a-cote\/rudy-2\/","og_site_name":"Newgarden","article_modified_time":"2022-01-27T15:40:00+00:00","og_image":[{"width":1200,"height":1200,"url":"https:\/\/newgarden.es\/wp-content\/uploads\/2021\/09\/RUDY_1200X1200-3.jpg","type":"image\/jpeg"}],"twitter_card":"summary_large_image","twitter_misc":{"Dur\u00e9e de lecture estim\u00e9e":"2 minutes"},"schema":{"@context":"https:\/\/schema.org","@graph":[{"@type":"WebPage","@id":"https:\/\/newgarden.es\/fr\/shop\/lightdeco-fr\/lampe-a-cote\/rudy-2\/","url":"https:\/\/newgarden.es\/fr\/shop\/lightdeco-fr\/lampe-a-cote\/rudy-2\/","name":"LAMPE RUDY RENNE LUMINEUX EXT\u00c9RIEUR INT\u00c9RIEUR","isPartOf":{"@id":"https:\/\/newgarden.es\/#website"},"primaryImageOfPage":{"@id":"https:\/\/newgarden.es\/fr\/shop\/lightdeco-fr\/lampe-a-cote\/rudy-2\/#primaryimage"},"image":{"@id":"https:\/\/newgarden.es\/fr\/shop\/lightdeco-fr\/lampe-a-cote\/rudy-2\/#primaryimage"},"thumbnailUrl":"https:\/\/newgarden.es\/wp-content\/uploads\/2021\/09\/RUDY_1200X1200-3.jpg","datePublished":"2019-10-14T11:38:56+00:00","dateModified":"2022-01-27T15:40:00+00:00","description":"LAMPE RUDYLe renne illumin\u00e9\u00a0Rudy\u00a0est un renne original et \u00e9l\u00e9gant, id\u00e9al pour l\u2019\u00e9clairage ext\u00e9rieur et int\u00e9rieur de votre maison. Parfait pour une utilisa","breadcrumb":{"@id":"https:\/\/newgarden.es\/fr\/shop\/lightdeco-fr\/lampe-a-cote\/rudy-2\/#breadcrumb"},"inLanguage":"fr-FR","potentialAction":[{"@type":"ReadAction","target":["https:\/\/newgarden.es\/fr\/shop\/lightdeco-fr\/lampe-a-cote\/rudy-2\/"]}]},{"@type":"ImageObject","inLanguage":"fr-FR","@id":"https:\/\/newgarden.es\/fr\/shop\/lightdeco-fr\/lampe-a-cote\/rudy-2\/#primaryimage","url":"https:\/\/newgarden.es\/wp-content\/uploads\/2021\/09\/RUDY_1200X1200-3.jpg","contentUrl":"https:\/\/newgarden.es\/wp-content\/uploads\/2021\/09\/RUDY_1200X1200-3.jpg","width":1200,"height":1200},{"@type":"BreadcrumbList","@id":"https:\/\/newgarden.es\/fr\/shop\/lightdeco-fr\/lampe-a-cote\/rudy-2\/#breadcrumb","itemListElement":[{"@type":"ListItem","position":1,"name":"Home","item":"https:\/\/newgarden.es\/fr\/"},{"@type":"ListItem","position":2,"name":"Boutique","item":"https:\/\/newgarden.es\/fr\/boutique\/"},{"@type":"ListItem","position":3,"name":"LAMPE RUDY"}]},{"@type":"WebSite","@id":"https:\/\/newgarden.es\/#website","url":"https:\/\/newgarden.es\/","name":"Newgarden","description":"Be happy","potentialAction":[{"@type":"SearchAction","target":{"@type":"EntryPoint","urlTemplate":"https:\/\/newgarden.es\/?s={search_term_string}"},"query-input":{"@type":"PropertyValueSpecification","valueRequired":true,"valueName":"search_term_string"}}],"inLanguage":"fr-FR"}]}},"df_price":62.9,"df_sale_price":"","df_regular_price":62.9,"df_image_link":"https:\/\/newgarden.es\/wp-content\/uploads\/2021\/09\/RUDY_1200X1200-3-580x400.jpg","_links":{"self":[{"href":"https:\/\/newgarden.es\/fr\/wp-json\/wp\/v2\/product\/17898"}],"collection":[{"href":"https:\/\/newgarden.es\/fr\/wp-json\/wp\/v2\/product"}],"about":[{"href":"https:\/\/newgarden.es\/fr\/wp-json\/wp\/v2\/types\/product"}],"wp:featuredmedia":[{"embeddable":true,"href":"https:\/\/newgarden.es\/fr\/wp-json\/wp\/v2\/media\/59433"}],"wp:attachment":[{"href":"https:\/\/newgarden.es\/fr\/wp-json\/wp\/v2\/media?parent=17898"}],"wp:term":[{"taxonomy":"product_cat","embeddable":true,"href":"https:\/\/newgarden.es\/fr\/wp-json\/wp\/v2\/product_cat?post=17898"},{"taxonomy":"product_tag","embeddable":true,"href":"https:\/\/newgarden.es\/fr\/wp-json\/wp\/v2\/product_tag?post=17898"}],"curies":[{"name":"wp","href":"https:\/\/api.w.org\/{rel}","templated":true}]}}