{"id":17911,"date":"2019-04-29T11:48:59","date_gmt":"2019-10-14T11:42:31","guid":{"rendered":"https:\/\/newgarden.es\/shop\/sin%20categor\u00eda\/chloe-2\/"},"modified":"2022-02-01T16:48:02","modified_gmt":"2022-02-01T15:48:02","slug":"chloe-2","status":"publish","type":"product","link":"https:\/\/newgarden.es\/fr\/shop\/lightdeco-fr\/lampadaire\/chloe-2\/","title":{"rendered":"LAMPADAIRE TR\u00c9PIED CHLOE 140"},"content":{"rendered":"<section class=\"wpb-content-wrapper\"><p>[vc_row][vc_column][vc_column_text]<\/p>\n<p>[\/vc_column_text][\/vc_column][\/vc_row][vc_row][vc_column el_class=\u00a0\u00bbdescripcion_producto\u00a0\u00bb][vc_column_text]<\/p>\n<p>LAMPE TR\u00c9PIED D&rsquo;EXT\u00c9RIEUR<strong> CHLOE 140<\/strong>:<\/p>\n<p>La lampe tr\u00e9pied d&rsquo;ext\u00e9rieur Chloe\u00a0fabriqu\u00e9e\u00a0par\u00a0<span style=\"text-decoration: underline;\">Newgarden<\/span>, est compos\u00e9e d&rsquo;un\u00a0tr\u00e9pied\u00a0en bois naturel et d&rsquo;un diffuseur de lumi\u00e8re cylindrique en poly\u00e9thyl\u00e8ne.<br \/>\nCe mod\u00e8le existe en deux versions filaire(c\u00e2ble en jute) &#8211; solaire+batterie rechargeable.<br \/>\nDans la version c\u00e2ble, Chlo\u00e9 est \u00e9quip\u00e9e d&rsquo;un cordon d&rsquo;alimentation d&rsquo;une longueur de 4 m\u00e8tres avec prise de secteur.Graphique et originale, cette lampe b\u00e9n\u00e9ficie d&rsquo;un indice de protection important (<strong>IP65<\/strong>) qui la\u00a0prot\u00e8ge\u00a0contre les\u00a0changements climatiques.\u00a0Chlo\u00e9 pourra donc \u00eatre install\u00e9e en toute s\u00e9curit\u00e9 dans un espace ext\u00e9rieur.<\/p>\n<p><strong>Version\u00a0In&amp;Out<\/strong>\u00a0(avec c\u00e2ble en jute) :<br \/>\nLa lampe d\u00e9corative\u00a0<strong>In&amp;Out<\/strong>\u00a0avec c\u00e2ble en jute comprend une ampoule E27. Cette lampe est r\u00e9glable \u00e0 la fois en temp\u00e9rature de lumi\u00e8re (on peut passer du froid au chaud) et en intensit\u00e9. Elle dispose \u00e9galement d&rsquo;une minuterie et d&rsquo;un cr\u00e9ateur de groupes d&rsquo;\u00e9clairage pour contr\u00f4ler plusieurs lampes de ce syst\u00e8me dans la m\u00eame t\u00e9l\u00e9commande. Le c\u00e2ble est recouvert d&rsquo;une fibre\u00a0en jute, ce qui donne une touche \u00ab\u00a0nature\u00a0\u00bb \u00e0 la lampe.<\/p>\n<p>Version\u00a0<strong>SOLAIRE+BATTERIE RECHARGEABLE<\/strong>\u00a0led rgb<br \/>\n<strong>Chloe<\/strong>\u00a0est \u00e9quip\u00e9e d&rsquo;un capteur cr\u00e9pusculaire qui d\u00e9clenche automatiquement l&rsquo;allumage \u00e0 la nuit tomb\u00e9e. Cette lampe led rgb b\u00e9n\u00e9ficie de la technologie\u00a0<span style=\"text-decoration: underline;\">Newgarden\u00a0<\/span>solaire+charge batterie : elle se charge par le soleil (8 \u00e0 12h) pour une autonomie de 2 \u00e0 6 heures ou par batterie (chargeur fourni) en 4 \u00e0 6 heures pour une autonomie de 12 \u00e0 36 heures !\u00a0Gr\u00e2ce \u00e0 sa t\u00e9l\u00e9commande vous pourrez choisir parmi 128 couleurs et trois blancs<\/p>\n<p><em>Tous les produits Newgarden sont fabriqu\u00e9s en poly\u00e9thyl\u00e8ne, ils sont donc l\u00e9gers et tr\u00e8s r\u00e9sistants. Ils r\u00e9sistent aux variations extr\u00eames de temp\u00e9rature et\u00a0aux\u00a0rayons UV, ce qui rend la dur\u00e9e de vie du produit presque illimit\u00e9e.<\/em><\/p>\n<p>&nbsp;<\/p>\n<ul class=\"tablaTech\">\n<li>\n<div class=\"boxContents no-border\">\n<div class=\"name\"><strong>TAILLE<\/strong><\/div>\n<div class=\"data\">\u00f843x 140 cm<\/div>\n<\/div>\n<\/li>\n<\/ul>\n<p>&nbsp;<\/p>\n<p>[\/vc_column_text][\/vc_column][\/vc_row][vc_row disable_element=\u00a0\u00bbyes\u00a0\u00bb][vc_column][vc_single_image image=\u00a0\u00bb6566&Prime; img_size=\u00a0\u00bbfull\u00a0\u00bb][\/vc_column][\/vc_row][vc_row][vc_column width=\u00a0\u00bb1\/2&Prime;][vc_btn title=\u00a0\u00bbFiche technique\u00a0\u00bb style=\u00a0\u00bbcustom\u00a0\u00bb custom_background=\u00a0\u00bb#009bc2&Prime; custom_text=\u00a0\u00bb#ffffff\u00a0\u00bb shape=\u00a0\u00bbsquare\u00a0\u00bb el_class=\u00a0\u00bbbtn_descargar_ficha\u00a0\u00bb link=\u00a0\u00bburl:%20https%3A%2F%2Fnewgarden.es%2Fchloe%2F|\u00a0\u00bb][\/vc_column][vc_column width=\u00a0\u00bb1\/2&Prime;][vc_btn title=\u00a0\u00bbManuel d&rsquo;instrutions\u00a0\u00bb style=\u00a0\u00bbcustom\u00a0\u00bb custom_background=\u00a0\u00bb#009bc2&Prime; custom_text=\u00a0\u00bb#ffffff\u00a0\u00bb shape=\u00a0\u00bbsquare\u00a0\u00bb el_class=\u00a0\u00bbbtn_descargar_ficha\u00a0\u00bb link=\u00a0\u00bb\u00a0\u00bblink=\u00a0\u00bburl:https%3A%2F%2Fnewgarden.es%2Finstrucciones%2F||target:%20_blank|\u00a0\u00bb\u00a0\u00bb\u00a0\u00bb][\/vc_column][\/vc_row]<\/p>\n<\/section>","protected":false},"excerpt":{"rendered":"<h1 style=\"font-size: 12px;\"><i class=\"fa fa-angle-right\"><\/i>Lampadaire tr\u00e9pied Chloe 140<\/h1>\n","protected":false},"featured_media":53081,"template":"","meta":[],"product_cat":[1695,651,654],"product_tag":[647,707,648],"class_list":{"0":"post-17911","1":"product","2":"type-product","3":"status-publish","4":"has-post-thumbnail","6":"product_cat-productos-fr","7":"product_cat-lightdeco-fr","8":"product_cat-lampadaire","9":"product_tag-cable-fr","10":"product_tag-sans-fil","11":"product_tag-solaire","13":"first","14":"instock","15":"taxable","16":"shipping-taxable","17":"purchasable","18":"product-type-variable"},"yoast_head":"<!-- This site is optimized with the Yoast SEO plugin v24.2 - https:\/\/yoast.com\/wordpress\/plugins\/seo\/ -->\n<title>LAMPADAIRE TR\u00c9PIED CHLOE 140 EXT\u00c9RIEUR<\/title>\n<meta name=\"description\" content=\"La lampe tr\u00e9pied d&#039;ext\u00e9rieur Chloe fabriqu\u00e9e par Newgarden, est compos\u00e9e d&#039;un tr\u00e9pied en bois naturel et d&#039;un diffuseur de lumi\u00e8re cylindrique en poly\u00e9thyl\" \/>\n<meta name=\"robots\" content=\"index, follow, max-snippet:-1, max-image-preview:large, max-video-preview:-1\" \/>\n<link rel=\"canonical\" href=\"https:\/\/newgarden.es\/fr\/shop\/lightdeco-fr\/lampadaire\/chloe-2\/\" \/>\n<meta property=\"og:locale\" content=\"fr_FR\" \/>\n<meta property=\"og:type\" content=\"article\" \/>\n<meta property=\"og:title\" content=\"LAMPADAIRE TR\u00c9PIED CHLOE 140 EXT\u00c9RIEUR\" \/>\n<meta property=\"og:description\" content=\"La lampe tr\u00e9pied d&#039;ext\u00e9rieur Chloe fabriqu\u00e9e par Newgarden, est compos\u00e9e d&#039;un tr\u00e9pied en bois naturel et d&#039;un diffuseur de lumi\u00e8re cylindrique en poly\u00e9thyl\" \/>\n<meta property=\"og:url\" content=\"https:\/\/newgarden.es\/fr\/shop\/lightdeco-fr\/lampadaire\/chloe-2\/\" \/>\n<meta property=\"og:site_name\" content=\"Newgarden\" \/>\n<meta property=\"article:modified_time\" content=\"2022-02-01T15:48:02+00:00\" \/>\n<meta property=\"og:image\" content=\"https:\/\/newgarden.es\/wp-content\/uploads\/2019\/04\/CHLOE_140_BATTERY_1200x1200-13.jpg\" \/>\n\t<meta property=\"og:image:width\" content=\"1200\" \/>\n\t<meta property=\"og:image:height\" content=\"1200\" \/>\n\t<meta property=\"og:image:type\" content=\"image\/jpeg\" \/>\n<meta name=\"twitter:card\" content=\"summary_large_image\" \/>\n<meta name=\"twitter:label1\" content=\"Dur\u00e9e de lecture estim\u00e9e\" \/>\n\t<meta name=\"twitter:data1\" content=\"2 minutes\" \/>\n<script type=\"application\/ld+json\" class=\"yoast-schema-graph\">{\"@context\":\"https:\/\/schema.org\",\"@graph\":[{\"@type\":\"WebPage\",\"@id\":\"https:\/\/newgarden.es\/fr\/shop\/lightdeco-fr\/lampadaire\/chloe-2\/\",\"url\":\"https:\/\/newgarden.es\/fr\/shop\/lightdeco-fr\/lampadaire\/chloe-2\/\",\"name\":\"LAMPADAIRE TR\u00c9PIED CHLOE 140 EXT\u00c9RIEUR\",\"isPartOf\":{\"@id\":\"https:\/\/newgarden.es\/#website\"},\"primaryImageOfPage\":{\"@id\":\"https:\/\/newgarden.es\/fr\/shop\/lightdeco-fr\/lampadaire\/chloe-2\/#primaryimage\"},\"image\":{\"@id\":\"https:\/\/newgarden.es\/fr\/shop\/lightdeco-fr\/lampadaire\/chloe-2\/#primaryimage\"},\"thumbnailUrl\":\"https:\/\/newgarden.es\/wp-content\/uploads\/2019\/04\/CHLOE_140_BATTERY_1200x1200-13.jpg\",\"datePublished\":\"2019-10-14T11:42:31+00:00\",\"dateModified\":\"2022-02-01T15:48:02+00:00\",\"description\":\"La lampe tr\u00e9pied d'ext\u00e9rieur Chloe fabriqu\u00e9e par Newgarden, est compos\u00e9e d'un tr\u00e9pied en bois naturel et d'un diffuseur de lumi\u00e8re cylindrique en poly\u00e9thyl\",\"breadcrumb\":{\"@id\":\"https:\/\/newgarden.es\/fr\/shop\/lightdeco-fr\/lampadaire\/chloe-2\/#breadcrumb\"},\"inLanguage\":\"fr-FR\",\"potentialAction\":[{\"@type\":\"ReadAction\",\"target\":[\"https:\/\/newgarden.es\/fr\/shop\/lightdeco-fr\/lampadaire\/chloe-2\/\"]}]},{\"@type\":\"ImageObject\",\"inLanguage\":\"fr-FR\",\"@id\":\"https:\/\/newgarden.es\/fr\/shop\/lightdeco-fr\/lampadaire\/chloe-2\/#primaryimage\",\"url\":\"https:\/\/newgarden.es\/wp-content\/uploads\/2019\/04\/CHLOE_140_BATTERY_1200x1200-13.jpg\",\"contentUrl\":\"https:\/\/newgarden.es\/wp-content\/uploads\/2019\/04\/CHLOE_140_BATTERY_1200x1200-13.jpg\",\"width\":1200,\"height\":1200},{\"@type\":\"BreadcrumbList\",\"@id\":\"https:\/\/newgarden.es\/fr\/shop\/lightdeco-fr\/lampadaire\/chloe-2\/#breadcrumb\",\"itemListElement\":[{\"@type\":\"ListItem\",\"position\":1,\"name\":\"Home\",\"item\":\"https:\/\/newgarden.es\/fr\/\"},{\"@type\":\"ListItem\",\"position\":2,\"name\":\"Boutique\",\"item\":\"https:\/\/newgarden.es\/fr\/boutique\/\"},{\"@type\":\"ListItem\",\"position\":3,\"name\":\"LAMPADAIRE TR\u00c9PIED CHLOE 140\"}]},{\"@type\":\"WebSite\",\"@id\":\"https:\/\/newgarden.es\/#website\",\"url\":\"https:\/\/newgarden.es\/\",\"name\":\"Newgarden\",\"description\":\"Be happy\",\"potentialAction\":[{\"@type\":\"SearchAction\",\"target\":{\"@type\":\"EntryPoint\",\"urlTemplate\":\"https:\/\/newgarden.es\/?s={search_term_string}\"},\"query-input\":{\"@type\":\"PropertyValueSpecification\",\"valueRequired\":true,\"valueName\":\"search_term_string\"}}],\"inLanguage\":\"fr-FR\"}]}<\/script>\n<!-- \/ Yoast SEO plugin. -->","yoast_head_json":{"title":"LAMPADAIRE TR\u00c9PIED CHLOE 140 EXT\u00c9RIEUR","description":"La lampe tr\u00e9pied d'ext\u00e9rieur Chloe fabriqu\u00e9e par Newgarden, est compos\u00e9e d'un tr\u00e9pied en bois naturel et d'un diffuseur de lumi\u00e8re cylindrique en poly\u00e9thyl","robots":{"index":"index","follow":"follow","max-snippet":"max-snippet:-1","max-image-preview":"max-image-preview:large","max-video-preview":"max-video-preview:-1"},"canonical":"https:\/\/newgarden.es\/fr\/shop\/lightdeco-fr\/lampadaire\/chloe-2\/","og_locale":"fr_FR","og_type":"article","og_title":"LAMPADAIRE TR\u00c9PIED CHLOE 140 EXT\u00c9RIEUR","og_description":"La lampe tr\u00e9pied d'ext\u00e9rieur Chloe fabriqu\u00e9e par Newgarden, est compos\u00e9e d'un tr\u00e9pied en bois naturel et d'un diffuseur de lumi\u00e8re cylindrique en poly\u00e9thyl","og_url":"https:\/\/newgarden.es\/fr\/shop\/lightdeco-fr\/lampadaire\/chloe-2\/","og_site_name":"Newgarden","article_modified_time":"2022-02-01T15:48:02+00:00","og_image":[{"width":1200,"height":1200,"url":"https:\/\/newgarden.es\/wp-content\/uploads\/2019\/04\/CHLOE_140_BATTERY_1200x1200-13.jpg","type":"image\/jpeg"}],"twitter_card":"summary_large_image","twitter_misc":{"Dur\u00e9e de lecture estim\u00e9e":"2 minutes"},"schema":{"@context":"https:\/\/schema.org","@graph":[{"@type":"WebPage","@id":"https:\/\/newgarden.es\/fr\/shop\/lightdeco-fr\/lampadaire\/chloe-2\/","url":"https:\/\/newgarden.es\/fr\/shop\/lightdeco-fr\/lampadaire\/chloe-2\/","name":"LAMPADAIRE TR\u00c9PIED CHLOE 140 EXT\u00c9RIEUR","isPartOf":{"@id":"https:\/\/newgarden.es\/#website"},"primaryImageOfPage":{"@id":"https:\/\/newgarden.es\/fr\/shop\/lightdeco-fr\/lampadaire\/chloe-2\/#primaryimage"},"image":{"@id":"https:\/\/newgarden.es\/fr\/shop\/lightdeco-fr\/lampadaire\/chloe-2\/#primaryimage"},"thumbnailUrl":"https:\/\/newgarden.es\/wp-content\/uploads\/2019\/04\/CHLOE_140_BATTERY_1200x1200-13.jpg","datePublished":"2019-10-14T11:42:31+00:00","dateModified":"2022-02-01T15:48:02+00:00","description":"La lampe tr\u00e9pied d'ext\u00e9rieur Chloe fabriqu\u00e9e par Newgarden, est compos\u00e9e d'un tr\u00e9pied en bois naturel et d'un diffuseur de lumi\u00e8re cylindrique en poly\u00e9thyl","breadcrumb":{"@id":"https:\/\/newgarden.es\/fr\/shop\/lightdeco-fr\/lampadaire\/chloe-2\/#breadcrumb"},"inLanguage":"fr-FR","potentialAction":[{"@type":"ReadAction","target":["https:\/\/newgarden.es\/fr\/shop\/lightdeco-fr\/lampadaire\/chloe-2\/"]}]},{"@type":"ImageObject","inLanguage":"fr-FR","@id":"https:\/\/newgarden.es\/fr\/shop\/lightdeco-fr\/lampadaire\/chloe-2\/#primaryimage","url":"https:\/\/newgarden.es\/wp-content\/uploads\/2019\/04\/CHLOE_140_BATTERY_1200x1200-13.jpg","contentUrl":"https:\/\/newgarden.es\/wp-content\/uploads\/2019\/04\/CHLOE_140_BATTERY_1200x1200-13.jpg","width":1200,"height":1200},{"@type":"BreadcrumbList","@id":"https:\/\/newgarden.es\/fr\/shop\/lightdeco-fr\/lampadaire\/chloe-2\/#breadcrumb","itemListElement":[{"@type":"ListItem","position":1,"name":"Home","item":"https:\/\/newgarden.es\/fr\/"},{"@type":"ListItem","position":2,"name":"Boutique","item":"https:\/\/newgarden.es\/fr\/boutique\/"},{"@type":"ListItem","position":3,"name":"LAMPADAIRE TR\u00c9PIED CHLOE 140"}]},{"@type":"WebSite","@id":"https:\/\/newgarden.es\/#website","url":"https:\/\/newgarden.es\/","name":"Newgarden","description":"Be happy","potentialAction":[{"@type":"SearchAction","target":{"@type":"EntryPoint","urlTemplate":"https:\/\/newgarden.es\/?s={search_term_string}"},"query-input":{"@type":"PropertyValueSpecification","valueRequired":true,"valueName":"search_term_string"}}],"inLanguage":"fr-FR"}]}},"df_price":160.7,"df_sale_price":"","df_regular_price":160.7,"df_image_link":"https:\/\/newgarden.es\/wp-content\/uploads\/2019\/04\/CHLOE_140_BATTERY_1200x1200-13-580x400.jpg","_links":{"self":[{"href":"https:\/\/newgarden.es\/fr\/wp-json\/wp\/v2\/product\/17911"}],"collection":[{"href":"https:\/\/newgarden.es\/fr\/wp-json\/wp\/v2\/product"}],"about":[{"href":"https:\/\/newgarden.es\/fr\/wp-json\/wp\/v2\/types\/product"}],"wp:featuredmedia":[{"embeddable":true,"href":"https:\/\/newgarden.es\/fr\/wp-json\/wp\/v2\/media\/53081"}],"wp:attachment":[{"href":"https:\/\/newgarden.es\/fr\/wp-json\/wp\/v2\/media?parent=17911"}],"wp:term":[{"taxonomy":"product_cat","embeddable":true,"href":"https:\/\/newgarden.es\/fr\/wp-json\/wp\/v2\/product_cat?post=17911"},{"taxonomy":"product_tag","embeddable":true,"href":"https:\/\/newgarden.es\/fr\/wp-json\/wp\/v2\/product_tag?post=17911"}],"curies":[{"name":"wp","href":"https:\/\/api.w.org\/{rel}","templated":true}]}}