{"id":17954,"date":"2019-04-29T11:40:12","date_gmt":"2019-10-14T11:48:26","guid":{"rendered":"https:\/\/newgarden.es\/shop\/sin%20categor\u00eda\/rocket-2\/"},"modified":"2024-06-14T09:32:02","modified_gmt":"2024-06-14T07:32:02","slug":"rocket-2","status":"publish","type":"product","link":"https:\/\/newgarden.es\/fr\/shop\/lightdeco-fr\/lampadaire\/rocket-2\/","title":{"rendered":"LAMPE D&rsquo;EXT\u00c9RIEUR TR\u00c9PIED ROCKET 70"},"content":{"rendered":"<section class=\"wpb-content-wrapper\"><p>[vc_row][vc_column][vc_column_text]<\/p>\n<p>[\/vc_column_text][\/vc_column][\/vc_row][vc_row][vc_column el_class=\u00a0\u00bbdescripcion_producto\u00a0\u00bb][vc_column_text]<\/p>\n<p>Rocket est une lampe pieds de d\u00e9coration originale atmosph\u00e8re id\u00e9ale pour l&rsquo;ext\u00e9rieur et l&rsquo;int\u00e9rieur de votre maison terrasses ou jardin bois. Sa combinaison de bois et de poly\u00e9thyl\u00e8ne fait de ce produit un incontournable \u00e0 l&rsquo;int\u00e9rieur de la maison. In &amp; Out finition disponible qui comprend le changement de temp\u00e9rature de couleur gradateur de contr\u00f4le de la lumi\u00e8re et \u00e0 distance.<\/p>\n<p>Bois trait\u00e9 pour l&rsquo;ext\u00e9rieur.<\/p>\n<p><em>Tous les produits Newgarden sont fabriqu\u00e9s en poly\u00e9thyl\u00e8ne, ils sont donc l\u00e9gers et tr\u00e8s r\u00e9sistants. Ils r\u00e9sistent aux variations extr\u00eames de temp\u00e9rature et sont prot\u00e9g\u00e9s contre les rayons UV, ce qui rend la dur\u00e9e de vie du produit presque illimit\u00e9e.<\/em><\/p>\n<p>[\/vc_column_text][\/vc_column][\/vc_row][vc_row disable_element=\u00a0\u00bbyes\u00a0\u00bb][vc_column][vc_single_image image=\u00a0\u00bb6566&Prime; img_size=\u00a0\u00bbfull\u00a0\u00bb][\/vc_column][\/vc_row][vc_row][vc_column width=\u00a0\u00bb1\/2&Prime;][vc_btn title=\u00a0\u00bbFiche technique\u00a0\u00bb style=\u00a0\u00bbcustom\u00a0\u00bb custom_background=\u00a0\u00bb#009bc2&Prime; custom_text=\u00a0\u00bb#ffffff\u00a0\u00bb shape=\u00a0\u00bbsquare\u00a0\u00bb link=\u00a0\u00bburl:https%3A%2F%2Fbit.ly%2F3OdzMqK|target:%20_blank|\u00a0\u00bb el_class=\u00a0\u00bbbtn_descargar_ficha\u00a0\u00bb][vc_btn title=\u00a0\u00bbFiche technique\u00a0\u00bb style=\u00a0\u00bbcustom\u00a0\u00bb custom_background=\u00a0\u00bb#009bc2&Prime; custom_text=\u00a0\u00bb#ffffff\u00a0\u00bb shape=\u00a0\u00bbsquare\u00a0\u00bb link=\u00a0\u00bburl:https%3A%2F%2Fbit.ly%2F3ugjDJl|target:%20_blank|\u00a0\u00bb el_class=\u00a0\u00bbbtn_descargar_ficha\u00a0\u00bb][\/vc_column][vc_column width=\u00a0\u00bb1\/2&Prime;][vc_btn title=\u00a0\u00bbManuel d&apos;instrutions\u00a0\u00bb style=\u00a0\u00bbcustom\u00a0\u00bb custom_background=\u00a0\u00bb#009bc2&Prime; custom_text=\u00a0\u00bb#ffffff\u00a0\u00bb shape=\u00a0\u00bbsquare\u00a0\u00bb link=\u00a0\u00bburl:https%3A%2F%2Fbit.ly%2F3SlGsWc|target:%20_blank|\u00a0\u00bb el_class=\u00a0\u00bbbtn_descargar_ficha\u00a0\u00bb][vc_btn title=\u00a0\u00bbMANUAL DE INSTRUCCIONES SOLAR+BATT\u00a0\u00bb style=\u00a0\u00bbcustom\u00a0\u00bb custom_background=\u00a0\u00bb#009bc2&Prime; custom_text=\u00a0\u00bb#ffffff\u00a0\u00bb shape=\u00a0\u00bbsquare\u00a0\u00bb link=\u00a0\u00bburl:https%3A%2F%2Fbit.ly%2F3OQU9JH|target:%20_blank|\u00a0\u00bb el_class=\u00a0\u00bbbtn_descargar_ficha\u00a0\u00bb][\/vc_column][\/vc_row]<\/p>\n<\/section>","protected":false},"excerpt":{"rendered":"<h1 style=\"font-size: 12px;\">LAMPADAIRE D&rsquo;EXT\u00c9RIEUR TR\u00c9PIED ROCKET 70<\/h1>\n","protected":false},"featured_media":53808,"template":"","meta":[],"product_cat":[1695,651,654],"product_tag":[647,707,648],"class_list":{"0":"post-17954","1":"product","2":"type-product","3":"status-publish","4":"has-post-thumbnail","6":"product_cat-productos-fr","7":"product_cat-lightdeco-fr","8":"product_cat-lampadaire","9":"product_tag-cable-fr","10":"product_tag-sans-fil","11":"product_tag-solaire","13":"first","14":"instock","15":"taxable","16":"shipping-taxable","17":"purchasable","18":"product-type-variable"},"yoast_head":"<!-- This site is optimized with the Yoast SEO plugin v24.2 - https:\/\/yoast.com\/wordpress\/plugins\/seo\/ -->\n<title>ROCKET, lampe d\u00e9corative avec pieds en bois avec chargeur solaire<\/title>\n<meta name=\"description\" content=\"Rocket est une lampe pieds de d\u00e9coration originale atmosph\u00e8re id\u00e9ale pour l&#039;ext\u00e9rieur et l&#039;int\u00e9rieur de votre maison terrasses ou jardin bois. In &amp; Out finition disponible qui comprend le changement de temp\u00e9rature de couleur gradateur de contr\u00f4le de la lumi\u00e8re et \u00e0 distance.\" \/>\n<meta name=\"robots\" content=\"index, follow, max-snippet:-1, max-image-preview:large, max-video-preview:-1\" \/>\n<link rel=\"canonical\" href=\"https:\/\/newgarden.es\/fr\/shop\/lightdeco-fr\/lampadaire\/rocket-2\/\" \/>\n<meta property=\"og:locale\" content=\"fr_FR\" \/>\n<meta property=\"og:type\" content=\"article\" \/>\n<meta property=\"og:title\" content=\"ROCKET, lampe d\u00e9corative avec pieds en bois avec chargeur solaire\" \/>\n<meta property=\"og:description\" content=\"Rocket est une lampe pieds de d\u00e9coration originale atmosph\u00e8re id\u00e9ale pour l&#039;ext\u00e9rieur et l&#039;int\u00e9rieur de votre maison terrasses ou jardin bois. In &amp; Out finition disponible qui comprend le changement de temp\u00e9rature de couleur gradateur de contr\u00f4le de la lumi\u00e8re et \u00e0 distance.\" \/>\n<meta property=\"og:url\" content=\"https:\/\/newgarden.es\/fr\/shop\/lightdeco-fr\/lampadaire\/rocket-2\/\" \/>\n<meta property=\"og:site_name\" content=\"Newgarden\" \/>\n<meta property=\"article:modified_time\" content=\"2024-06-14T07:32:02+00:00\" \/>\n<meta property=\"og:image\" content=\"https:\/\/newgarden.es\/wp-content\/uploads\/2021\/09\/ROCKET_70_BATTERY_1200X1200-1.jpg\" \/>\n\t<meta property=\"og:image:width\" content=\"1200\" \/>\n\t<meta property=\"og:image:height\" content=\"1200\" \/>\n\t<meta property=\"og:image:type\" content=\"image\/jpeg\" \/>\n<meta name=\"twitter:card\" content=\"summary_large_image\" \/>\n<meta name=\"twitter:label1\" content=\"Dur\u00e9e de lecture estim\u00e9e\" \/>\n\t<meta name=\"twitter:data1\" content=\"2 minutes\" \/>\n<script type=\"application\/ld+json\" class=\"yoast-schema-graph\">{\"@context\":\"https:\/\/schema.org\",\"@graph\":[{\"@type\":\"WebPage\",\"@id\":\"https:\/\/newgarden.es\/fr\/shop\/lightdeco-fr\/lampadaire\/rocket-2\/\",\"url\":\"https:\/\/newgarden.es\/fr\/shop\/lightdeco-fr\/lampadaire\/rocket-2\/\",\"name\":\"ROCKET, lampe d\u00e9corative avec pieds en bois avec chargeur solaire\",\"isPartOf\":{\"@id\":\"https:\/\/newgarden.es\/#website\"},\"primaryImageOfPage\":{\"@id\":\"https:\/\/newgarden.es\/fr\/shop\/lightdeco-fr\/lampadaire\/rocket-2\/#primaryimage\"},\"image\":{\"@id\":\"https:\/\/newgarden.es\/fr\/shop\/lightdeco-fr\/lampadaire\/rocket-2\/#primaryimage\"},\"thumbnailUrl\":\"https:\/\/newgarden.es\/wp-content\/uploads\/2021\/09\/ROCKET_70_BATTERY_1200X1200-1.jpg\",\"datePublished\":\"2019-10-14T11:48:26+00:00\",\"dateModified\":\"2024-06-14T07:32:02+00:00\",\"description\":\"Rocket est une lampe pieds de d\u00e9coration originale atmosph\u00e8re id\u00e9ale pour l'ext\u00e9rieur et l'int\u00e9rieur de votre maison terrasses ou jardin bois. In & Out finition disponible qui comprend le changement de temp\u00e9rature de couleur gradateur de contr\u00f4le de la lumi\u00e8re et \u00e0 distance.\",\"breadcrumb\":{\"@id\":\"https:\/\/newgarden.es\/fr\/shop\/lightdeco-fr\/lampadaire\/rocket-2\/#breadcrumb\"},\"inLanguage\":\"fr-FR\",\"potentialAction\":[{\"@type\":\"ReadAction\",\"target\":[\"https:\/\/newgarden.es\/fr\/shop\/lightdeco-fr\/lampadaire\/rocket-2\/\"]}]},{\"@type\":\"ImageObject\",\"inLanguage\":\"fr-FR\",\"@id\":\"https:\/\/newgarden.es\/fr\/shop\/lightdeco-fr\/lampadaire\/rocket-2\/#primaryimage\",\"url\":\"https:\/\/newgarden.es\/wp-content\/uploads\/2021\/09\/ROCKET_70_BATTERY_1200X1200-1.jpg\",\"contentUrl\":\"https:\/\/newgarden.es\/wp-content\/uploads\/2021\/09\/ROCKET_70_BATTERY_1200X1200-1.jpg\",\"width\":1200,\"height\":1200},{\"@type\":\"BreadcrumbList\",\"@id\":\"https:\/\/newgarden.es\/fr\/shop\/lightdeco-fr\/lampadaire\/rocket-2\/#breadcrumb\",\"itemListElement\":[{\"@type\":\"ListItem\",\"position\":1,\"name\":\"Home\",\"item\":\"https:\/\/newgarden.es\/fr\/\"},{\"@type\":\"ListItem\",\"position\":2,\"name\":\"Boutique\",\"item\":\"https:\/\/newgarden.es\/fr\/boutique\/\"},{\"@type\":\"ListItem\",\"position\":3,\"name\":\"LAMPE D&#8217;EXT\u00c9RIEUR TR\u00c9PIED ROCKET 70\"}]},{\"@type\":\"WebSite\",\"@id\":\"https:\/\/newgarden.es\/#website\",\"url\":\"https:\/\/newgarden.es\/\",\"name\":\"Newgarden\",\"description\":\"Be happy\",\"potentialAction\":[{\"@type\":\"SearchAction\",\"target\":{\"@type\":\"EntryPoint\",\"urlTemplate\":\"https:\/\/newgarden.es\/?s={search_term_string}\"},\"query-input\":{\"@type\":\"PropertyValueSpecification\",\"valueRequired\":true,\"valueName\":\"search_term_string\"}}],\"inLanguage\":\"fr-FR\"}]}<\/script>\n<!-- \/ Yoast SEO plugin. -->","yoast_head_json":{"title":"ROCKET, lampe d\u00e9corative avec pieds en bois avec chargeur solaire","description":"Rocket est une lampe pieds de d\u00e9coration originale atmosph\u00e8re id\u00e9ale pour l'ext\u00e9rieur et l'int\u00e9rieur de votre maison terrasses ou jardin bois. In & Out finition disponible qui comprend le changement de temp\u00e9rature de couleur gradateur de contr\u00f4le de la lumi\u00e8re et \u00e0 distance.","robots":{"index":"index","follow":"follow","max-snippet":"max-snippet:-1","max-image-preview":"max-image-preview:large","max-video-preview":"max-video-preview:-1"},"canonical":"https:\/\/newgarden.es\/fr\/shop\/lightdeco-fr\/lampadaire\/rocket-2\/","og_locale":"fr_FR","og_type":"article","og_title":"ROCKET, lampe d\u00e9corative avec pieds en bois avec chargeur solaire","og_description":"Rocket est une lampe pieds de d\u00e9coration originale atmosph\u00e8re id\u00e9ale pour l'ext\u00e9rieur et l'int\u00e9rieur de votre maison terrasses ou jardin bois. In & Out finition disponible qui comprend le changement de temp\u00e9rature de couleur gradateur de contr\u00f4le de la lumi\u00e8re et \u00e0 distance.","og_url":"https:\/\/newgarden.es\/fr\/shop\/lightdeco-fr\/lampadaire\/rocket-2\/","og_site_name":"Newgarden","article_modified_time":"2024-06-14T07:32:02+00:00","og_image":[{"width":1200,"height":1200,"url":"https:\/\/newgarden.es\/wp-content\/uploads\/2021\/09\/ROCKET_70_BATTERY_1200X1200-1.jpg","type":"image\/jpeg"}],"twitter_card":"summary_large_image","twitter_misc":{"Dur\u00e9e de lecture estim\u00e9e":"2 minutes"},"schema":{"@context":"https:\/\/schema.org","@graph":[{"@type":"WebPage","@id":"https:\/\/newgarden.es\/fr\/shop\/lightdeco-fr\/lampadaire\/rocket-2\/","url":"https:\/\/newgarden.es\/fr\/shop\/lightdeco-fr\/lampadaire\/rocket-2\/","name":"ROCKET, lampe d\u00e9corative avec pieds en bois avec chargeur solaire","isPartOf":{"@id":"https:\/\/newgarden.es\/#website"},"primaryImageOfPage":{"@id":"https:\/\/newgarden.es\/fr\/shop\/lightdeco-fr\/lampadaire\/rocket-2\/#primaryimage"},"image":{"@id":"https:\/\/newgarden.es\/fr\/shop\/lightdeco-fr\/lampadaire\/rocket-2\/#primaryimage"},"thumbnailUrl":"https:\/\/newgarden.es\/wp-content\/uploads\/2021\/09\/ROCKET_70_BATTERY_1200X1200-1.jpg","datePublished":"2019-10-14T11:48:26+00:00","dateModified":"2024-06-14T07:32:02+00:00","description":"Rocket est une lampe pieds de d\u00e9coration originale atmosph\u00e8re id\u00e9ale pour l'ext\u00e9rieur et l'int\u00e9rieur de votre maison terrasses ou jardin bois. In & Out finition disponible qui comprend le changement de temp\u00e9rature de couleur gradateur de contr\u00f4le de la lumi\u00e8re et \u00e0 distance.","breadcrumb":{"@id":"https:\/\/newgarden.es\/fr\/shop\/lightdeco-fr\/lampadaire\/rocket-2\/#breadcrumb"},"inLanguage":"fr-FR","potentialAction":[{"@type":"ReadAction","target":["https:\/\/newgarden.es\/fr\/shop\/lightdeco-fr\/lampadaire\/rocket-2\/"]}]},{"@type":"ImageObject","inLanguage":"fr-FR","@id":"https:\/\/newgarden.es\/fr\/shop\/lightdeco-fr\/lampadaire\/rocket-2\/#primaryimage","url":"https:\/\/newgarden.es\/wp-content\/uploads\/2021\/09\/ROCKET_70_BATTERY_1200X1200-1.jpg","contentUrl":"https:\/\/newgarden.es\/wp-content\/uploads\/2021\/09\/ROCKET_70_BATTERY_1200X1200-1.jpg","width":1200,"height":1200},{"@type":"BreadcrumbList","@id":"https:\/\/newgarden.es\/fr\/shop\/lightdeco-fr\/lampadaire\/rocket-2\/#breadcrumb","itemListElement":[{"@type":"ListItem","position":1,"name":"Home","item":"https:\/\/newgarden.es\/fr\/"},{"@type":"ListItem","position":2,"name":"Boutique","item":"https:\/\/newgarden.es\/fr\/boutique\/"},{"@type":"ListItem","position":3,"name":"LAMPE D&#8217;EXT\u00c9RIEUR TR\u00c9PIED ROCKET 70"}]},{"@type":"WebSite","@id":"https:\/\/newgarden.es\/#website","url":"https:\/\/newgarden.es\/","name":"Newgarden","description":"Be happy","potentialAction":[{"@type":"SearchAction","target":{"@type":"EntryPoint","urlTemplate":"https:\/\/newgarden.es\/?s={search_term_string}"},"query-input":{"@type":"PropertyValueSpecification","valueRequired":true,"valueName":"search_term_string"}}],"inLanguage":"fr-FR"}]}},"df_price":102.8,"df_sale_price":"","df_regular_price":102.8,"df_image_link":"https:\/\/newgarden.es\/wp-content\/uploads\/2021\/09\/ROCKET_70_BATTERY_1200X1200-1-580x400.jpg","_links":{"self":[{"href":"https:\/\/newgarden.es\/fr\/wp-json\/wp\/v2\/product\/17954"}],"collection":[{"href":"https:\/\/newgarden.es\/fr\/wp-json\/wp\/v2\/product"}],"about":[{"href":"https:\/\/newgarden.es\/fr\/wp-json\/wp\/v2\/types\/product"}],"wp:featuredmedia":[{"embeddable":true,"href":"https:\/\/newgarden.es\/fr\/wp-json\/wp\/v2\/media\/53808"}],"wp:attachment":[{"href":"https:\/\/newgarden.es\/fr\/wp-json\/wp\/v2\/media?parent=17954"}],"wp:term":[{"taxonomy":"product_cat","embeddable":true,"href":"https:\/\/newgarden.es\/fr\/wp-json\/wp\/v2\/product_cat?post=17954"},{"taxonomy":"product_tag","embeddable":true,"href":"https:\/\/newgarden.es\/fr\/wp-json\/wp\/v2\/product_tag?post=17954"}],"curies":[{"name":"wp","href":"https:\/\/api.w.org\/{rel}","templated":true}]}}