{"id":17981,"date":"2019-04-29T11:32:07","date_gmt":"2019-10-14T11:57:52","guid":{"rendered":"https:\/\/newgarden.es\/shop\/sin%20categor\u00eda\/norai-2\/"},"modified":"2023-03-14T11:27:13","modified_gmt":"2023-03-14T10:27:13","slug":"norai-2","status":"publish","type":"product","link":"https:\/\/newgarden.es\/fr\/shop\/lightdeco-fr\/lampes-suspendues\/norai-2\/","title":{"rendered":"SUSPENSION D&rsquo;EXT\u00c9RIEUR NORAI"},"content":{"rendered":"<section class=\"wpb-content-wrapper\"><p>[vc_row][vc_column][vc_column_text]<\/p>\n<p>[\/vc_column_text][\/vc_column][\/vc_row][vc_row][vc_column el_class=\u00a0\u00bbdescripcion_producto\u00a0\u00bb][vc_column_text]<\/p>\n<p>SUSPENSION D&rsquo;EXT\u00c9RIEUR <strong>NORAI<\/strong>:<\/p>\n<p>Suspension d&rsquo;ext\u00e9rieur avec t\u00e9l\u00e9commande <strong>Norai<\/strong>, fabriqu\u00e9e par\u00a0<span style=\"text-decoration: underline;\">Newgarden<\/span>\u00a0est compos\u00e9e d&rsquo;une corde (L1.5m) et d&rsquo;un diffuseur de lumi\u00e8re en forme de boule stri\u00e9e en ABS. La suspension\u00a0<strong>Norai<\/strong>\u00a0est livr\u00e9e avec une batterie rechargeable par c\u00e2ble micro USB 1M (fourni mais sans adaptateur) et \u00e9galement une t\u00e9l\u00e9commande permettant de contr\u00f4ler \u00e0 distance votre luminaire.<br \/>\nGr\u00e2ce sa batterie rechargeable et sa grande autonomie (12h \u00e0 36h),\u00a0<strong>Norai<\/strong> pourra vous accompagner partout dans votre jardin. Elle dispose d&rsquo;un variateur de couleurs (RGB) avec 128 couleurs de LED !<\/p>\n<p>La suspension\u00a0<strong>Norai<\/strong>\u00a0se recharge entre 6h et 8h, pour vous permettre de profiter de votre jardin chaque jour de l&rsquo;\u00e9t\u00e9.<\/p>\n<p>Disponible en 3 couleurs : <strong>gris<\/strong>,\u00a0<strong>rose<\/strong>\u00a0ou\u00a0<strong>beige<\/strong>.<\/p>\n<p><em>Tous les produits Newgarden sont fabriqu\u00e9s en poly\u00e9thyl\u00e8ne, ils sont donc l\u00e9gers et tr\u00e8s r\u00e9sistants. Ils r\u00e9sistent aux variations extr\u00eames de temp\u00e9rature et sont prot\u00e9g\u00e9s contre les rayons UV, ce qui rend la dur\u00e9e de vie du produit presque illimit\u00e9e.<\/em><\/p>\n<p>&nbsp;<\/p>\n<ul class=\"tablaTech\">\n<li style=\"list-style-type: none;\">\n<ul class=\"tablaTech\">\n<li>\n<div class=\"boxContents no-border\">\n<div class=\"name\"><strong>TAILLE<\/strong><\/div>\n<div class=\"data\">\u00f824 cm<\/div>\n<\/div>\n<div><\/div>\n<\/li>\n<\/ul>\n<\/li>\n<\/ul>\n<p><iframe title=\"YouTube video player\" src=\"https:\/\/www.youtube.com\/embed\/-RqPgzIn9SI\" width=\"560\" height=\"315\" frameborder=\"0\" allowfullscreen=\"allowfullscreen\"><\/iframe><\/p>\n<\/section>","protected":false},"excerpt":{"rendered":"<h5 style=\"font-size: 12px;\"><strong>Suspension Norai\u00a0<\/strong><\/h5>\n","protected":false},"featured_media":55334,"template":"","meta":[],"product_cat":[651,1569,754,744,752],"product_tag":[653],"class_list":{"0":"post-17981","1":"product","2":"type-product","3":"status-publish","4":"has-post-thumbnail","6":"product_cat-lightdeco-fr","7":"product_cat-plafonniers-sans-fil","8":"product_cat-portables","9":"product_cat-lampes-suspendues","10":"product_cat-noel","11":"product_tag-batterie","13":"first","14":"instock","15":"taxable","16":"shipping-taxable","17":"purchasable","18":"product-type-variable"},"yoast_head":"<!-- This site is optimized with the Yoast SEO plugin v24.2 - https:\/\/yoast.com\/wordpress\/plugins\/seo\/ -->\n<title>SUSPENSION D&#039;EXT\u00c9RIEUR NORAI PORTABLE<\/title>\n<meta name=\"description\" content=\"Suspension d&#039;ext\u00e9rieur avec t\u00e9l\u00e9commande Norai, fabriqu\u00e9e par\u00a0Newgarden\u00a0est compos\u00e9e d&#039;une corde (L1.5m) et d&#039;un diffuseur de lumi\u00e8re en forme de boule st\" \/>\n<meta name=\"robots\" content=\"index, follow, max-snippet:-1, max-image-preview:large, max-video-preview:-1\" \/>\n<link rel=\"canonical\" href=\"https:\/\/newgarden.es\/fr\/shop\/lightdeco-fr\/lampes-suspendues\/norai-2\/\" \/>\n<meta property=\"og:locale\" content=\"fr_FR\" \/>\n<meta property=\"og:type\" content=\"article\" \/>\n<meta property=\"og:title\" content=\"SUSPENSION D&#039;EXT\u00c9RIEUR NORAI PORTABLE\" \/>\n<meta property=\"og:description\" content=\"Suspension d&#039;ext\u00e9rieur avec t\u00e9l\u00e9commande Norai, fabriqu\u00e9e par\u00a0Newgarden\u00a0est compos\u00e9e d&#039;une corde (L1.5m) et d&#039;un diffuseur de lumi\u00e8re en forme de boule st\" \/>\n<meta property=\"og:url\" content=\"https:\/\/newgarden.es\/fr\/shop\/lightdeco-fr\/lampes-suspendues\/norai-2\/\" \/>\n<meta property=\"og:site_name\" content=\"Newgarden\" \/>\n<meta property=\"article:modified_time\" content=\"2023-03-14T10:27:13+00:00\" \/>\n<meta property=\"og:image\" content=\"https:\/\/newgarden.es\/wp-content\/uploads\/2019\/04\/NORAI_25_HANG_1200X120013.jpg\" \/>\n\t<meta property=\"og:image:width\" content=\"1200\" \/>\n\t<meta property=\"og:image:height\" content=\"1200\" \/>\n\t<meta property=\"og:image:type\" content=\"image\/jpeg\" \/>\n<meta name=\"twitter:card\" content=\"summary_large_image\" \/>\n<meta name=\"twitter:label1\" content=\"Dur\u00e9e de lecture estim\u00e9e\" \/>\n\t<meta name=\"twitter:data1\" content=\"1 minute\" \/>\n<script type=\"application\/ld+json\" class=\"yoast-schema-graph\">{\"@context\":\"https:\/\/schema.org\",\"@graph\":[{\"@type\":\"WebPage\",\"@id\":\"https:\/\/newgarden.es\/fr\/shop\/lightdeco-fr\/lampes-suspendues\/norai-2\/\",\"url\":\"https:\/\/newgarden.es\/fr\/shop\/lightdeco-fr\/lampes-suspendues\/norai-2\/\",\"name\":\"SUSPENSION D'EXT\u00c9RIEUR NORAI PORTABLE\",\"isPartOf\":{\"@id\":\"https:\/\/newgarden.es\/#website\"},\"primaryImageOfPage\":{\"@id\":\"https:\/\/newgarden.es\/fr\/shop\/lightdeco-fr\/lampes-suspendues\/norai-2\/#primaryimage\"},\"image\":{\"@id\":\"https:\/\/newgarden.es\/fr\/shop\/lightdeco-fr\/lampes-suspendues\/norai-2\/#primaryimage\"},\"thumbnailUrl\":\"https:\/\/newgarden.es\/wp-content\/uploads\/2019\/04\/NORAI_25_HANG_1200X120013.jpg\",\"datePublished\":\"2019-10-14T11:57:52+00:00\",\"dateModified\":\"2023-03-14T10:27:13+00:00\",\"description\":\"Suspension d'ext\u00e9rieur avec t\u00e9l\u00e9commande Norai, fabriqu\u00e9e par\u00a0Newgarden\u00a0est compos\u00e9e d'une corde (L1.5m) et d'un diffuseur de lumi\u00e8re en forme de boule st\",\"breadcrumb\":{\"@id\":\"https:\/\/newgarden.es\/fr\/shop\/lightdeco-fr\/lampes-suspendues\/norai-2\/#breadcrumb\"},\"inLanguage\":\"fr-FR\",\"potentialAction\":[{\"@type\":\"ReadAction\",\"target\":[\"https:\/\/newgarden.es\/fr\/shop\/lightdeco-fr\/lampes-suspendues\/norai-2\/\"]}]},{\"@type\":\"ImageObject\",\"inLanguage\":\"fr-FR\",\"@id\":\"https:\/\/newgarden.es\/fr\/shop\/lightdeco-fr\/lampes-suspendues\/norai-2\/#primaryimage\",\"url\":\"https:\/\/newgarden.es\/wp-content\/uploads\/2019\/04\/NORAI_25_HANG_1200X120013.jpg\",\"contentUrl\":\"https:\/\/newgarden.es\/wp-content\/uploads\/2019\/04\/NORAI_25_HANG_1200X120013.jpg\",\"width\":1200,\"height\":1200},{\"@type\":\"BreadcrumbList\",\"@id\":\"https:\/\/newgarden.es\/fr\/shop\/lightdeco-fr\/lampes-suspendues\/norai-2\/#breadcrumb\",\"itemListElement\":[{\"@type\":\"ListItem\",\"position\":1,\"name\":\"Home\",\"item\":\"https:\/\/newgarden.es\/fr\/\"},{\"@type\":\"ListItem\",\"position\":2,\"name\":\"Boutique\",\"item\":\"https:\/\/newgarden.es\/fr\/boutique\/\"},{\"@type\":\"ListItem\",\"position\":3,\"name\":\"SUSPENSION D&#8217;EXT\u00c9RIEUR NORAI\"}]},{\"@type\":\"WebSite\",\"@id\":\"https:\/\/newgarden.es\/#website\",\"url\":\"https:\/\/newgarden.es\/\",\"name\":\"Newgarden\",\"description\":\"Be happy\",\"potentialAction\":[{\"@type\":\"SearchAction\",\"target\":{\"@type\":\"EntryPoint\",\"urlTemplate\":\"https:\/\/newgarden.es\/?s={search_term_string}\"},\"query-input\":{\"@type\":\"PropertyValueSpecification\",\"valueRequired\":true,\"valueName\":\"search_term_string\"}}],\"inLanguage\":\"fr-FR\"}]}<\/script>\n<!-- \/ Yoast SEO plugin. -->","yoast_head_json":{"title":"SUSPENSION D'EXT\u00c9RIEUR NORAI PORTABLE","description":"Suspension d'ext\u00e9rieur avec t\u00e9l\u00e9commande Norai, fabriqu\u00e9e par\u00a0Newgarden\u00a0est compos\u00e9e d'une corde (L1.5m) et d'un diffuseur de lumi\u00e8re en forme de boule st","robots":{"index":"index","follow":"follow","max-snippet":"max-snippet:-1","max-image-preview":"max-image-preview:large","max-video-preview":"max-video-preview:-1"},"canonical":"https:\/\/newgarden.es\/fr\/shop\/lightdeco-fr\/lampes-suspendues\/norai-2\/","og_locale":"fr_FR","og_type":"article","og_title":"SUSPENSION D'EXT\u00c9RIEUR NORAI PORTABLE","og_description":"Suspension d'ext\u00e9rieur avec t\u00e9l\u00e9commande Norai, fabriqu\u00e9e par\u00a0Newgarden\u00a0est compos\u00e9e d'une corde (L1.5m) et d'un diffuseur de lumi\u00e8re en forme de boule st","og_url":"https:\/\/newgarden.es\/fr\/shop\/lightdeco-fr\/lampes-suspendues\/norai-2\/","og_site_name":"Newgarden","article_modified_time":"2023-03-14T10:27:13+00:00","og_image":[{"width":1200,"height":1200,"url":"https:\/\/newgarden.es\/wp-content\/uploads\/2019\/04\/NORAI_25_HANG_1200X120013.jpg","type":"image\/jpeg"}],"twitter_card":"summary_large_image","twitter_misc":{"Dur\u00e9e de lecture estim\u00e9e":"1 minute"},"schema":{"@context":"https:\/\/schema.org","@graph":[{"@type":"WebPage","@id":"https:\/\/newgarden.es\/fr\/shop\/lightdeco-fr\/lampes-suspendues\/norai-2\/","url":"https:\/\/newgarden.es\/fr\/shop\/lightdeco-fr\/lampes-suspendues\/norai-2\/","name":"SUSPENSION D'EXT\u00c9RIEUR NORAI PORTABLE","isPartOf":{"@id":"https:\/\/newgarden.es\/#website"},"primaryImageOfPage":{"@id":"https:\/\/newgarden.es\/fr\/shop\/lightdeco-fr\/lampes-suspendues\/norai-2\/#primaryimage"},"image":{"@id":"https:\/\/newgarden.es\/fr\/shop\/lightdeco-fr\/lampes-suspendues\/norai-2\/#primaryimage"},"thumbnailUrl":"https:\/\/newgarden.es\/wp-content\/uploads\/2019\/04\/NORAI_25_HANG_1200X120013.jpg","datePublished":"2019-10-14T11:57:52+00:00","dateModified":"2023-03-14T10:27:13+00:00","description":"Suspension d'ext\u00e9rieur avec t\u00e9l\u00e9commande Norai, fabriqu\u00e9e par\u00a0Newgarden\u00a0est compos\u00e9e d'une corde (L1.5m) et d'un diffuseur de lumi\u00e8re en forme de boule st","breadcrumb":{"@id":"https:\/\/newgarden.es\/fr\/shop\/lightdeco-fr\/lampes-suspendues\/norai-2\/#breadcrumb"},"inLanguage":"fr-FR","potentialAction":[{"@type":"ReadAction","target":["https:\/\/newgarden.es\/fr\/shop\/lightdeco-fr\/lampes-suspendues\/norai-2\/"]}]},{"@type":"ImageObject","inLanguage":"fr-FR","@id":"https:\/\/newgarden.es\/fr\/shop\/lightdeco-fr\/lampes-suspendues\/norai-2\/#primaryimage","url":"https:\/\/newgarden.es\/wp-content\/uploads\/2019\/04\/NORAI_25_HANG_1200X120013.jpg","contentUrl":"https:\/\/newgarden.es\/wp-content\/uploads\/2019\/04\/NORAI_25_HANG_1200X120013.jpg","width":1200,"height":1200},{"@type":"BreadcrumbList","@id":"https:\/\/newgarden.es\/fr\/shop\/lightdeco-fr\/lampes-suspendues\/norai-2\/#breadcrumb","itemListElement":[{"@type":"ListItem","position":1,"name":"Home","item":"https:\/\/newgarden.es\/fr\/"},{"@type":"ListItem","position":2,"name":"Boutique","item":"https:\/\/newgarden.es\/fr\/boutique\/"},{"@type":"ListItem","position":3,"name":"SUSPENSION D&#8217;EXT\u00c9RIEUR NORAI"}]},{"@type":"WebSite","@id":"https:\/\/newgarden.es\/#website","url":"https:\/\/newgarden.es\/","name":"Newgarden","description":"Be happy","potentialAction":[{"@type":"SearchAction","target":{"@type":"EntryPoint","urlTemplate":"https:\/\/newgarden.es\/?s={search_term_string}"},"query-input":{"@type":"PropertyValueSpecification","valueRequired":true,"valueName":"search_term_string"}}],"inLanguage":"fr-FR"}]}},"df_price":55,"df_sale_price":"","df_regular_price":55,"df_image_link":"https:\/\/newgarden.es\/wp-content\/uploads\/2019\/04\/NORAI_25_HANG_1200X120013-580x400.jpg","_links":{"self":[{"href":"https:\/\/newgarden.es\/fr\/wp-json\/wp\/v2\/product\/17981"}],"collection":[{"href":"https:\/\/newgarden.es\/fr\/wp-json\/wp\/v2\/product"}],"about":[{"href":"https:\/\/newgarden.es\/fr\/wp-json\/wp\/v2\/types\/product"}],"wp:featuredmedia":[{"embeddable":true,"href":"https:\/\/newgarden.es\/fr\/wp-json\/wp\/v2\/media\/55334"}],"wp:attachment":[{"href":"https:\/\/newgarden.es\/fr\/wp-json\/wp\/v2\/media?parent=17981"}],"wp:term":[{"taxonomy":"product_cat","embeddable":true,"href":"https:\/\/newgarden.es\/fr\/wp-json\/wp\/v2\/product_cat?post=17981"},{"taxonomy":"product_tag","embeddable":true,"href":"https:\/\/newgarden.es\/fr\/wp-json\/wp\/v2\/product_tag?post=17981"}],"curies":[{"name":"wp","href":"https:\/\/api.w.org\/{rel}","templated":true}]}}