{"id":18058,"date":"2019-04-26T16:36:25","date_gmt":"2019-10-18T06:57:33","guid":{"rendered":"https:\/\/newgarden.es\/shop\/sin%20categor\u00eda\/cooler-2\/"},"modified":"2021-12-17T09:44:52","modified_gmt":"2021-12-17T08:44:52","slug":"cooler-2","status":"publish","type":"product","link":"https:\/\/newgarden.es\/fr\/shop\/mobilier\/cooler-2\/","title":{"rendered":"COOLER"},"content":{"rendered":"<section class=\"wpb-content-wrapper\"><p>[vc_row][vc_column][\/vc_column][\/vc_row][vc_row][vc_column][vc_column_text]<\/p>\n<p>[\/vc_column_text][\/vc_column][\/vc_row][vc_row][vc_column el_class=\u00a0\u00bbdescripcion_producto\u00a0\u00bb][vc_column_text]<\/p>\n<p style=\"text-align: justify;\">SEAU RAFRAICHISSANT COOLER: Seau \u00e0 glace et\/ou boissons en aluminium, con\u00e7u et adapt\u00e9 au mod\u00e8le Palma et Bambu.<br \/>\nAluminium inoxydable. Ce seau a \u00e9t\u00e9 cr\u00e9e avec une chambre d&rsquo;air interne entre le plastique et le m\u00e9tal qui favorise le refroidissement et maintient le froid plus de temps.<\/p>\n<p>[\/vc_column_text][\/vc_column][\/vc_row][vc_row disable_element=\u00a0\u00bbyes\u00a0\u00bb][vc_column][vc_single_image image=\u00a0\u00bb6566&Prime; img_size=\u00a0\u00bbfull\u00a0\u00bb][\/vc_column][\/vc_row][vc_row][vc_column width=\u00a0\u00bb1\/2&Prime;][vc_btn title=\u00a0\u00bbFiche technique\u00a0\u00bb style=\u00a0\u00bbcustom\u00a0\u00bb custom_background=\u00a0\u00bb#009bc2&Prime; custom_text=\u00a0\u00bb#ffffff\u00a0\u00bb shape=\u00a0\u00bbsquare\u00a0\u00bb link=\u00a0\u00bburl:https%3A%2F%2Fwww.newgarden.es%2Fwp-content%2Fuploads%2F2018%2F05%2FCooler.pdf|target:%20_blank|\u00a0\u00bb el_class=\u00a0\u00bbbtn_descargar_ficha\u00a0\u00bb][\/vc_column][vc_column width=\u00a0\u00bb1\/2&Prime;][vc_btn title=\u00a0\u00bbManuel d&rsquo;instrutions\u00a0\u00bb style=\u00a0\u00bbcustom\u00a0\u00bb custom_background=\u00a0\u00bb#009bc2&Prime; custom_text=\u00a0\u00bb#ffffff\u00a0\u00bb shape=\u00a0\u00bbsquare\u00a0\u00bb link=\u00a0\u00bburl:https%3A%2F%2Fnewgarden.es%2Finstrucciones%2F||target:%20_blank|\u00a0\u00bb el_class=\u00a0\u00bbbtn_descargar_ficha\u00a0\u00bb][\/vc_column][\/vc_row]<\/p>\n<\/section>","protected":false},"excerpt":{"rendered":"<h1 style=\"font-size: 12px;\">Accessoire Bouteille Aluminium Cooler<\/h1>\n","protected":false},"featured_media":64586,"template":"","meta":[],"product_cat":[657],"product_tag":[],"class_list":{"0":"post-18058","1":"product","2":"type-product","3":"status-publish","4":"has-post-thumbnail","6":"product_cat-mobilier","8":"first","9":"instock","10":"taxable","11":"shipping-taxable","12":"purchasable","13":"product-type-simple"},"yoast_head":"<!-- This site is optimized with the Yoast SEO plugin v24.2 - https:\/\/yoast.com\/wordpress\/plugins\/seo\/ -->\n<title>Accessoire en aluminium Cooler seau \u00e0 bouteilles pour mod\u00e8le Bambu<\/title>\n<meta name=\"description\" content=\"Seau \u00e0 glace et\/ou boissons en aluminium, con\u00e7u et adapt\u00e9 au mod\u00e8le Palma et Bambu.Aluminium inoxydable. Ce seau a \u00e9t\u00e9 cr\u00e9e avec une\" \/>\n<meta name=\"robots\" content=\"index, follow, max-snippet:-1, max-image-preview:large, max-video-preview:-1\" \/>\n<link rel=\"canonical\" href=\"https:\/\/newgarden.es\/shop\/mobiliario-2\/cooler\/\" \/>\n<meta property=\"og:locale\" content=\"fr_FR\" \/>\n<meta property=\"og:type\" content=\"article\" \/>\n<meta property=\"og:title\" content=\"Accessoire en aluminium Cooler seau \u00e0 bouteilles pour mod\u00e8le Bambu\" \/>\n<meta property=\"og:description\" content=\"Seau \u00e0 glace et\/ou boissons en aluminium, con\u00e7u et adapt\u00e9 au mod\u00e8le Palma et Bambu.Aluminium inoxydable. Ce seau a \u00e9t\u00e9 cr\u00e9e avec une\" \/>\n<meta property=\"og:url\" content=\"https:\/\/newgarden.es\/shop\/mobiliario-2\/cooler\/\" \/>\n<meta property=\"og:site_name\" content=\"Newgarden\" \/>\n<meta property=\"article:modified_time\" content=\"2021-12-17T08:44:52+00:00\" \/>\n<meta property=\"og:image\" content=\"https:\/\/newgarden.es\/wp-content\/uploads\/2019\/04\/COOLER_1200X1200.jpg\" \/>\n\t<meta property=\"og:image:width\" content=\"1200\" \/>\n\t<meta property=\"og:image:height\" content=\"1200\" \/>\n\t<meta property=\"og:image:type\" content=\"image\/jpeg\" \/>\n<meta name=\"twitter:card\" content=\"summary_large_image\" \/>\n<meta name=\"twitter:label1\" content=\"Dur\u00e9e de lecture estim\u00e9e\" \/>\n\t<meta name=\"twitter:data1\" content=\"1 minute\" \/>\n<script type=\"application\/ld+json\" class=\"yoast-schema-graph\">{\"@context\":\"https:\/\/schema.org\",\"@graph\":[{\"@type\":\"WebPage\",\"@id\":\"https:\/\/newgarden.es\/shop\/mobiliario-2\/cooler\/\",\"url\":\"https:\/\/newgarden.es\/shop\/mobiliario-2\/cooler\/\",\"name\":\"Accessoire en aluminium Cooler seau \u00e0 bouteilles pour mod\u00e8le Bambu\",\"isPartOf\":{\"@id\":\"https:\/\/newgarden.es\/#website\"},\"primaryImageOfPage\":{\"@id\":\"https:\/\/newgarden.es\/shop\/mobiliario-2\/cooler\/#primaryimage\"},\"image\":{\"@id\":\"https:\/\/newgarden.es\/shop\/mobiliario-2\/cooler\/#primaryimage\"},\"thumbnailUrl\":\"https:\/\/newgarden.es\/wp-content\/uploads\/2019\/04\/COOLER_1200X1200.jpg\",\"datePublished\":\"2019-10-18T06:57:33+00:00\",\"dateModified\":\"2021-12-17T08:44:52+00:00\",\"description\":\"Seau \u00e0 glace et\/ou boissons en aluminium, con\u00e7u et adapt\u00e9 au mod\u00e8le Palma et Bambu.Aluminium inoxydable. Ce seau a \u00e9t\u00e9 cr\u00e9e avec une\",\"breadcrumb\":{\"@id\":\"https:\/\/newgarden.es\/shop\/mobiliario-2\/cooler\/#breadcrumb\"},\"inLanguage\":\"fr-FR\",\"potentialAction\":[{\"@type\":\"ReadAction\",\"target\":[\"https:\/\/newgarden.es\/shop\/mobiliario-2\/cooler\/\"]}]},{\"@type\":\"ImageObject\",\"inLanguage\":\"fr-FR\",\"@id\":\"https:\/\/newgarden.es\/shop\/mobiliario-2\/cooler\/#primaryimage\",\"url\":\"https:\/\/newgarden.es\/wp-content\/uploads\/2019\/04\/COOLER_1200X1200.jpg\",\"contentUrl\":\"https:\/\/newgarden.es\/wp-content\/uploads\/2019\/04\/COOLER_1200X1200.jpg\",\"width\":1200,\"height\":1200},{\"@type\":\"BreadcrumbList\",\"@id\":\"https:\/\/newgarden.es\/shop\/mobiliario-2\/cooler\/#breadcrumb\",\"itemListElement\":[{\"@type\":\"ListItem\",\"position\":1,\"name\":\"Home\",\"item\":\"https:\/\/newgarden.es\/fr\/\"},{\"@type\":\"ListItem\",\"position\":2,\"name\":\"Boutique\",\"item\":\"https:\/\/newgarden.es\/fr\/boutique\/\"},{\"@type\":\"ListItem\",\"position\":3,\"name\":\"COOLER\"}]},{\"@type\":\"WebSite\",\"@id\":\"https:\/\/newgarden.es\/#website\",\"url\":\"https:\/\/newgarden.es\/\",\"name\":\"Newgarden\",\"description\":\"Be happy\",\"potentialAction\":[{\"@type\":\"SearchAction\",\"target\":{\"@type\":\"EntryPoint\",\"urlTemplate\":\"https:\/\/newgarden.es\/?s={search_term_string}\"},\"query-input\":{\"@type\":\"PropertyValueSpecification\",\"valueRequired\":true,\"valueName\":\"search_term_string\"}}],\"inLanguage\":\"fr-FR\"}]}<\/script>\n<!-- \/ Yoast SEO plugin. -->","yoast_head_json":{"title":"Accessoire en aluminium Cooler seau \u00e0 bouteilles pour mod\u00e8le Bambu","description":"Seau \u00e0 glace et\/ou boissons en aluminium, con\u00e7u et adapt\u00e9 au mod\u00e8le Palma et Bambu.Aluminium inoxydable. Ce seau a \u00e9t\u00e9 cr\u00e9e avec une","robots":{"index":"index","follow":"follow","max-snippet":"max-snippet:-1","max-image-preview":"max-image-preview:large","max-video-preview":"max-video-preview:-1"},"canonical":"https:\/\/newgarden.es\/shop\/mobiliario-2\/cooler\/","og_locale":"fr_FR","og_type":"article","og_title":"Accessoire en aluminium Cooler seau \u00e0 bouteilles pour mod\u00e8le Bambu","og_description":"Seau \u00e0 glace et\/ou boissons en aluminium, con\u00e7u et adapt\u00e9 au mod\u00e8le Palma et Bambu.Aluminium inoxydable. Ce seau a \u00e9t\u00e9 cr\u00e9e avec une","og_url":"https:\/\/newgarden.es\/shop\/mobiliario-2\/cooler\/","og_site_name":"Newgarden","article_modified_time":"2021-12-17T08:44:52+00:00","og_image":[{"width":1200,"height":1200,"url":"https:\/\/newgarden.es\/wp-content\/uploads\/2019\/04\/COOLER_1200X1200.jpg","type":"image\/jpeg"}],"twitter_card":"summary_large_image","twitter_misc":{"Dur\u00e9e de lecture estim\u00e9e":"1 minute"},"schema":{"@context":"https:\/\/schema.org","@graph":[{"@type":"WebPage","@id":"https:\/\/newgarden.es\/shop\/mobiliario-2\/cooler\/","url":"https:\/\/newgarden.es\/shop\/mobiliario-2\/cooler\/","name":"Accessoire en aluminium Cooler seau \u00e0 bouteilles pour mod\u00e8le Bambu","isPartOf":{"@id":"https:\/\/newgarden.es\/#website"},"primaryImageOfPage":{"@id":"https:\/\/newgarden.es\/shop\/mobiliario-2\/cooler\/#primaryimage"},"image":{"@id":"https:\/\/newgarden.es\/shop\/mobiliario-2\/cooler\/#primaryimage"},"thumbnailUrl":"https:\/\/newgarden.es\/wp-content\/uploads\/2019\/04\/COOLER_1200X1200.jpg","datePublished":"2019-10-18T06:57:33+00:00","dateModified":"2021-12-17T08:44:52+00:00","description":"Seau \u00e0 glace et\/ou boissons en aluminium, con\u00e7u et adapt\u00e9 au mod\u00e8le Palma et Bambu.Aluminium inoxydable. Ce seau a \u00e9t\u00e9 cr\u00e9e avec une","breadcrumb":{"@id":"https:\/\/newgarden.es\/shop\/mobiliario-2\/cooler\/#breadcrumb"},"inLanguage":"fr-FR","potentialAction":[{"@type":"ReadAction","target":["https:\/\/newgarden.es\/shop\/mobiliario-2\/cooler\/"]}]},{"@type":"ImageObject","inLanguage":"fr-FR","@id":"https:\/\/newgarden.es\/shop\/mobiliario-2\/cooler\/#primaryimage","url":"https:\/\/newgarden.es\/wp-content\/uploads\/2019\/04\/COOLER_1200X1200.jpg","contentUrl":"https:\/\/newgarden.es\/wp-content\/uploads\/2019\/04\/COOLER_1200X1200.jpg","width":1200,"height":1200},{"@type":"BreadcrumbList","@id":"https:\/\/newgarden.es\/shop\/mobiliario-2\/cooler\/#breadcrumb","itemListElement":[{"@type":"ListItem","position":1,"name":"Home","item":"https:\/\/newgarden.es\/fr\/"},{"@type":"ListItem","position":2,"name":"Boutique","item":"https:\/\/newgarden.es\/fr\/boutique\/"},{"@type":"ListItem","position":3,"name":"COOLER"}]},{"@type":"WebSite","@id":"https:\/\/newgarden.es\/#website","url":"https:\/\/newgarden.es\/","name":"Newgarden","description":"Be happy","potentialAction":[{"@type":"SearchAction","target":{"@type":"EntryPoint","urlTemplate":"https:\/\/newgarden.es\/?s={search_term_string}"},"query-input":{"@type":"PropertyValueSpecification","valueRequired":true,"valueName":"search_term_string"}}],"inLanguage":"fr-FR"}]}},"df_price":36.1,"df_sale_price":"","df_regular_price":36.1,"df_image_link":"https:\/\/newgarden.es\/wp-content\/uploads\/2019\/04\/COOLER_1200X1200-580x400.jpg","_links":{"self":[{"href":"https:\/\/newgarden.es\/fr\/wp-json\/wp\/v2\/product\/18058"}],"collection":[{"href":"https:\/\/newgarden.es\/fr\/wp-json\/wp\/v2\/product"}],"about":[{"href":"https:\/\/newgarden.es\/fr\/wp-json\/wp\/v2\/types\/product"}],"wp:featuredmedia":[{"embeddable":true,"href":"https:\/\/newgarden.es\/fr\/wp-json\/wp\/v2\/media\/64586"}],"wp:attachment":[{"href":"https:\/\/newgarden.es\/fr\/wp-json\/wp\/v2\/media?parent=18058"}],"wp:term":[{"taxonomy":"product_cat","embeddable":true,"href":"https:\/\/newgarden.es\/fr\/wp-json\/wp\/v2\/product_cat?post=18058"},{"taxonomy":"product_tag","embeddable":true,"href":"https:\/\/newgarden.es\/fr\/wp-json\/wp\/v2\/product_tag?post=18058"}],"curies":[{"name":"wp","href":"https:\/\/api.w.org\/{rel}","templated":true}]}}