{"id":18165,"date":"2019-04-26T16:35:10","date_gmt":"2019-10-21T06:53:46","guid":{"rendered":"https:\/\/newgarden.es\/shop\/non%20class\u00e9\/fity-100\/"},"modified":"2022-02-02T12:38:09","modified_gmt":"2022-02-02T11:38:09","slug":"fity100-2","status":"publish","type":"product","link":"https:\/\/newgarden.es\/fr\/shop\/lightdeco-fr\/lampadaire\/fity100-2\/","title":{"rendered":"LAMPADAIRE FITY 100"},"content":{"rendered":"<p>LAMPADAIRE <strong>FITY 100<\/strong><\/p>\n<p>La lampe\u00a0<strong>Fity\u00a0100\u00a0<\/strong>d&rsquo;ext\u00e9rieur fabriqu\u00e9e par\u00a0Newgarden\u00a0compos\u00e9 d&rsquo;un diffuseur de lumi\u00e8re cylindrique en poly\u00e9thyl\u00e8ne. Graphique et \u00e9pur\u00e9e, cette lampe poss\u00e8de un indice de protection important (IP65) qui la prot\u00e8ge des projections d&rsquo;eau,\u00a0<strong>Fity<\/strong>\u00a0pourra donc \u00eatre install\u00e9 en toute s\u00e9curit\u00e9 dans un espace ext\u00e9rieur.<\/p>\n<p>Existe en deux versions:\u00a0<strong>filaire<\/strong>(c\u00e2ble en jute) &#8211;\u00a0\u00a0<strong>batterie<\/strong>(rechargeable par chargeur)<\/p>\n<p>Version\u00a0<strong>FILAIRE<\/strong>(alimentation par c\u00e2ble): Il vous suffit de brancher votre lampe sur secteur pour pouvoir l&rsquo;allumer et de la d\u00e9brancher pour l&rsquo;\u00e9teindre. Lumi\u00e8re led &#8211; blanc froid ou chaud.<br \/>\nVersion\u00a0<b>BATTERIE RECHARGEABLE\u00a0<\/b>led rgb:\u00a0Se recharge par c\u00e2ble. Utilisez sa t\u00e9l\u00e9commande pour pouvoir l\u2019allumer, l\u2019\u00e9teindre ou choisir la couleur d\u2019illumination que vous souhaitez \u00e0 distance.<\/p>\n<p><em>Tous les produits Newgarden sont fabriqu\u00e9s en poly\u00e9thyl\u00e8ne, ils sont donc l\u00e9gers et tr\u00e8s r\u00e9sistants aux temp\u00e9ratures extr\u00eames. Ils sont \u00e9galement r\u00e9sistants aux rayons UV, ce qui rend la dur\u00e9e de vie du produit extraordinairement longue.<\/em><\/p>\n","protected":false},"excerpt":{"rendered":"<h5><strong>Lampadaire Fity 100<\/strong><\/h5>\n","protected":false},"featured_media":53196,"template":"","meta":[],"product_cat":[1695,651,654],"product_tag":[647,707,648],"class_list":{"0":"post-18165","1":"product","2":"type-product","3":"status-publish","4":"has-post-thumbnail","6":"product_cat-productos-fr","7":"product_cat-lightdeco-fr","8":"product_cat-lampadaire","9":"product_tag-cable-fr","10":"product_tag-sans-fil","11":"product_tag-solaire","13":"first","14":"instock","15":"taxable","16":"shipping-taxable","17":"purchasable","18":"product-type-variable"},"yoast_head":"<!-- This site is optimized with the Yoast SEO plugin v24.2 - https:\/\/yoast.com\/wordpress\/plugins\/seo\/ -->\n<title>LAMPADAIRE FITY 100 EXT\u00c9RIEUR INT\u00c9RIEUR<\/title>\n<meta name=\"description\" content=\"La lampe Fity 100 d&#039;ext\u00e9rieur fabriqu\u00e9e par Newgarden compos\u00e9 d&#039;un diffuseur de lumi\u00e8re cylindrique en poly\u00e9thyl\u00e8ne. Graphique et \u00e9pur\u00e9e, cette lampe poss\" \/>\n<meta name=\"robots\" content=\"index, follow, max-snippet:-1, max-image-preview:large, max-video-preview:-1\" \/>\n<link rel=\"canonical\" href=\"https:\/\/newgarden.es\/fr\/shop\/lightdeco-fr\/lampadaire\/fity100-2\/\" \/>\n<meta property=\"og:locale\" content=\"fr_FR\" \/>\n<meta property=\"og:type\" content=\"article\" \/>\n<meta property=\"og:title\" content=\"LAMPADAIRE FITY 100 EXT\u00c9RIEUR INT\u00c9RIEUR\" \/>\n<meta property=\"og:description\" content=\"La lampe Fity 100 d&#039;ext\u00e9rieur fabriqu\u00e9e par Newgarden compos\u00e9 d&#039;un diffuseur de lumi\u00e8re cylindrique en poly\u00e9thyl\u00e8ne. Graphique et \u00e9pur\u00e9e, cette lampe poss\" \/>\n<meta property=\"og:url\" content=\"https:\/\/newgarden.es\/fr\/shop\/lightdeco-fr\/lampadaire\/fity100-2\/\" \/>\n<meta property=\"og:site_name\" content=\"Newgarden\" \/>\n<meta property=\"article:modified_time\" content=\"2022-02-02T11:38:09+00:00\" \/>\n<meta property=\"og:image\" content=\"https:\/\/newgarden.es\/wp-content\/uploads\/2019\/05\/FITY_100_BATTERY_1200X1200-18.jpg\" \/>\n\t<meta property=\"og:image:width\" content=\"1200\" \/>\n\t<meta property=\"og:image:height\" content=\"1200\" \/>\n\t<meta property=\"og:image:type\" content=\"image\/jpeg\" \/>\n<meta name=\"twitter:card\" content=\"summary_large_image\" \/>\n<meta name=\"twitter:label1\" content=\"Dur\u00e9e de lecture estim\u00e9e\" \/>\n\t<meta name=\"twitter:data1\" content=\"1 minute\" \/>\n<script type=\"application\/ld+json\" class=\"yoast-schema-graph\">{\"@context\":\"https:\/\/schema.org\",\"@graph\":[{\"@type\":\"WebPage\",\"@id\":\"https:\/\/newgarden.es\/fr\/shop\/lightdeco-fr\/lampadaire\/fity100-2\/\",\"url\":\"https:\/\/newgarden.es\/fr\/shop\/lightdeco-fr\/lampadaire\/fity100-2\/\",\"name\":\"LAMPADAIRE FITY 100 EXT\u00c9RIEUR INT\u00c9RIEUR\",\"isPartOf\":{\"@id\":\"https:\/\/newgarden.es\/#website\"},\"primaryImageOfPage\":{\"@id\":\"https:\/\/newgarden.es\/fr\/shop\/lightdeco-fr\/lampadaire\/fity100-2\/#primaryimage\"},\"image\":{\"@id\":\"https:\/\/newgarden.es\/fr\/shop\/lightdeco-fr\/lampadaire\/fity100-2\/#primaryimage\"},\"thumbnailUrl\":\"https:\/\/newgarden.es\/wp-content\/uploads\/2019\/05\/FITY_100_BATTERY_1200X1200-18.jpg\",\"datePublished\":\"2019-10-21T06:53:46+00:00\",\"dateModified\":\"2022-02-02T11:38:09+00:00\",\"description\":\"La lampe Fity 100 d'ext\u00e9rieur fabriqu\u00e9e par Newgarden compos\u00e9 d'un diffuseur de lumi\u00e8re cylindrique en poly\u00e9thyl\u00e8ne. Graphique et \u00e9pur\u00e9e, cette lampe poss\",\"breadcrumb\":{\"@id\":\"https:\/\/newgarden.es\/fr\/shop\/lightdeco-fr\/lampadaire\/fity100-2\/#breadcrumb\"},\"inLanguage\":\"fr-FR\",\"potentialAction\":[{\"@type\":\"ReadAction\",\"target\":[\"https:\/\/newgarden.es\/fr\/shop\/lightdeco-fr\/lampadaire\/fity100-2\/\"]}]},{\"@type\":\"ImageObject\",\"inLanguage\":\"fr-FR\",\"@id\":\"https:\/\/newgarden.es\/fr\/shop\/lightdeco-fr\/lampadaire\/fity100-2\/#primaryimage\",\"url\":\"https:\/\/newgarden.es\/wp-content\/uploads\/2019\/05\/FITY_100_BATTERY_1200X1200-18.jpg\",\"contentUrl\":\"https:\/\/newgarden.es\/wp-content\/uploads\/2019\/05\/FITY_100_BATTERY_1200X1200-18.jpg\",\"width\":1200,\"height\":1200},{\"@type\":\"BreadcrumbList\",\"@id\":\"https:\/\/newgarden.es\/fr\/shop\/lightdeco-fr\/lampadaire\/fity100-2\/#breadcrumb\",\"itemListElement\":[{\"@type\":\"ListItem\",\"position\":1,\"name\":\"Home\",\"item\":\"https:\/\/newgarden.es\/fr\/\"},{\"@type\":\"ListItem\",\"position\":2,\"name\":\"Boutique\",\"item\":\"https:\/\/newgarden.es\/fr\/boutique\/\"},{\"@type\":\"ListItem\",\"position\":3,\"name\":\"LAMPADAIRE FITY 100\"}]},{\"@type\":\"WebSite\",\"@id\":\"https:\/\/newgarden.es\/#website\",\"url\":\"https:\/\/newgarden.es\/\",\"name\":\"Newgarden\",\"description\":\"Be happy\",\"potentialAction\":[{\"@type\":\"SearchAction\",\"target\":{\"@type\":\"EntryPoint\",\"urlTemplate\":\"https:\/\/newgarden.es\/?s={search_term_string}\"},\"query-input\":{\"@type\":\"PropertyValueSpecification\",\"valueRequired\":true,\"valueName\":\"search_term_string\"}}],\"inLanguage\":\"fr-FR\"}]}<\/script>\n<!-- \/ Yoast SEO plugin. -->","yoast_head_json":{"title":"LAMPADAIRE FITY 100 EXT\u00c9RIEUR INT\u00c9RIEUR","description":"La lampe Fity 100 d'ext\u00e9rieur fabriqu\u00e9e par Newgarden compos\u00e9 d'un diffuseur de lumi\u00e8re cylindrique en poly\u00e9thyl\u00e8ne. Graphique et \u00e9pur\u00e9e, cette lampe poss","robots":{"index":"index","follow":"follow","max-snippet":"max-snippet:-1","max-image-preview":"max-image-preview:large","max-video-preview":"max-video-preview:-1"},"canonical":"https:\/\/newgarden.es\/fr\/shop\/lightdeco-fr\/lampadaire\/fity100-2\/","og_locale":"fr_FR","og_type":"article","og_title":"LAMPADAIRE FITY 100 EXT\u00c9RIEUR INT\u00c9RIEUR","og_description":"La lampe Fity 100 d'ext\u00e9rieur fabriqu\u00e9e par Newgarden compos\u00e9 d'un diffuseur de lumi\u00e8re cylindrique en poly\u00e9thyl\u00e8ne. Graphique et \u00e9pur\u00e9e, cette lampe poss","og_url":"https:\/\/newgarden.es\/fr\/shop\/lightdeco-fr\/lampadaire\/fity100-2\/","og_site_name":"Newgarden","article_modified_time":"2022-02-02T11:38:09+00:00","og_image":[{"width":1200,"height":1200,"url":"https:\/\/newgarden.es\/wp-content\/uploads\/2019\/05\/FITY_100_BATTERY_1200X1200-18.jpg","type":"image\/jpeg"}],"twitter_card":"summary_large_image","twitter_misc":{"Dur\u00e9e de lecture estim\u00e9e":"1 minute"},"schema":{"@context":"https:\/\/schema.org","@graph":[{"@type":"WebPage","@id":"https:\/\/newgarden.es\/fr\/shop\/lightdeco-fr\/lampadaire\/fity100-2\/","url":"https:\/\/newgarden.es\/fr\/shop\/lightdeco-fr\/lampadaire\/fity100-2\/","name":"LAMPADAIRE FITY 100 EXT\u00c9RIEUR INT\u00c9RIEUR","isPartOf":{"@id":"https:\/\/newgarden.es\/#website"},"primaryImageOfPage":{"@id":"https:\/\/newgarden.es\/fr\/shop\/lightdeco-fr\/lampadaire\/fity100-2\/#primaryimage"},"image":{"@id":"https:\/\/newgarden.es\/fr\/shop\/lightdeco-fr\/lampadaire\/fity100-2\/#primaryimage"},"thumbnailUrl":"https:\/\/newgarden.es\/wp-content\/uploads\/2019\/05\/FITY_100_BATTERY_1200X1200-18.jpg","datePublished":"2019-10-21T06:53:46+00:00","dateModified":"2022-02-02T11:38:09+00:00","description":"La lampe Fity 100 d'ext\u00e9rieur fabriqu\u00e9e par Newgarden compos\u00e9 d'un diffuseur de lumi\u00e8re cylindrique en poly\u00e9thyl\u00e8ne. Graphique et \u00e9pur\u00e9e, cette lampe poss","breadcrumb":{"@id":"https:\/\/newgarden.es\/fr\/shop\/lightdeco-fr\/lampadaire\/fity100-2\/#breadcrumb"},"inLanguage":"fr-FR","potentialAction":[{"@type":"ReadAction","target":["https:\/\/newgarden.es\/fr\/shop\/lightdeco-fr\/lampadaire\/fity100-2\/"]}]},{"@type":"ImageObject","inLanguage":"fr-FR","@id":"https:\/\/newgarden.es\/fr\/shop\/lightdeco-fr\/lampadaire\/fity100-2\/#primaryimage","url":"https:\/\/newgarden.es\/wp-content\/uploads\/2019\/05\/FITY_100_BATTERY_1200X1200-18.jpg","contentUrl":"https:\/\/newgarden.es\/wp-content\/uploads\/2019\/05\/FITY_100_BATTERY_1200X1200-18.jpg","width":1200,"height":1200},{"@type":"BreadcrumbList","@id":"https:\/\/newgarden.es\/fr\/shop\/lightdeco-fr\/lampadaire\/fity100-2\/#breadcrumb","itemListElement":[{"@type":"ListItem","position":1,"name":"Home","item":"https:\/\/newgarden.es\/fr\/"},{"@type":"ListItem","position":2,"name":"Boutique","item":"https:\/\/newgarden.es\/fr\/boutique\/"},{"@type":"ListItem","position":3,"name":"LAMPADAIRE FITY 100"}]},{"@type":"WebSite","@id":"https:\/\/newgarden.es\/#website","url":"https:\/\/newgarden.es\/","name":"Newgarden","description":"Be happy","potentialAction":[{"@type":"SearchAction","target":{"@type":"EntryPoint","urlTemplate":"https:\/\/newgarden.es\/?s={search_term_string}"},"query-input":{"@type":"PropertyValueSpecification","valueRequired":true,"valueName":"search_term_string"}}],"inLanguage":"fr-FR"}]}},"df_price":107.1,"df_sale_price":"","df_regular_price":107.1,"df_image_link":"https:\/\/newgarden.es\/wp-content\/uploads\/2019\/05\/FITY_100_BATTERY_1200X1200-18-580x400.jpg","_links":{"self":[{"href":"https:\/\/newgarden.es\/fr\/wp-json\/wp\/v2\/product\/18165"}],"collection":[{"href":"https:\/\/newgarden.es\/fr\/wp-json\/wp\/v2\/product"}],"about":[{"href":"https:\/\/newgarden.es\/fr\/wp-json\/wp\/v2\/types\/product"}],"wp:featuredmedia":[{"embeddable":true,"href":"https:\/\/newgarden.es\/fr\/wp-json\/wp\/v2\/media\/53196"}],"wp:attachment":[{"href":"https:\/\/newgarden.es\/fr\/wp-json\/wp\/v2\/media?parent=18165"}],"wp:term":[{"taxonomy":"product_cat","embeddable":true,"href":"https:\/\/newgarden.es\/fr\/wp-json\/wp\/v2\/product_cat?post=18165"},{"taxonomy":"product_tag","embeddable":true,"href":"https:\/\/newgarden.es\/fr\/wp-json\/wp\/v2\/product_tag?post=18165"}],"curies":[{"name":"wp","href":"https:\/\/api.w.org\/{rel}","templated":true}]}}