{"id":18180,"date":"2019-04-26T16:35:09","date_gmt":"2019-10-21T06:55:05","guid":{"rendered":"https:\/\/newgarden.es\/shop\/non%20class\u00e9\/kaktus-white-100\/"},"modified":"2022-02-02T15:46:23","modified_gmt":"2022-02-02T14:46:23","slug":"kaktus-white-100","status":"publish","type":"product","link":"https:\/\/newgarden.es\/fr\/shop\/lightdeco-fr\/lampadaire\/kaktus-white-100\/","title":{"rendered":"LAMPE KAKTUS"},"content":{"rendered":"<p>LAMPE <strong>KAKTUS<\/strong><\/p>\n<p>La lampe\u00a0<strong>Kaktus<\/strong>\u00a0est inspir\u00e9e directement de la plante cactus. Ce mod\u00e8le est aussi disponible en couleur vert citron.<\/p>\n<p>Ce produit est int\u00e9gr\u00e9\u00a0d&rsquo;un tube led\u00a0rgb. Fonctionne gr\u00e2ce \u00e0 sa t\u00e9l\u00e9commande.<\/p>\n<p>Ce mod\u00e8le existe en deux versions:\u00a0<strong>filaire<\/strong>(par c\u00e2ble d&rsquo;alimentation) &#8211;\u00a0<strong>batterie<\/strong>\u00a0rechargeable<\/p>\n<p>Version\u00a0<strong>FILAIRE<\/strong>(alimentation par c\u00e2ble): Il vous suffit de brancher votre lampe sur secteur pour pouvoir l&rsquo;allumer et de la d\u00e9brancher pour l&rsquo;\u00e9teindre. Lumi\u00e8re led &#8211; blanc froid ou chaud.<br \/>\nVersion\u00a0<b>BATTERIE RECHARGEABLE\u00a0<\/b>led rgb:\u00a0Se recharge par c\u00e2ble. Utilisez sa t\u00e9l\u00e9commande pour pouvoir l\u2019allumer, l\u2019\u00e9teindre ou choisir la couleur d\u2019illumination que vous souhaitez \u00e0 distance.<\/p>\n<p><em>Tous les produits Newgarden sont fabriqu\u00e9s en poly\u00e9thyl\u00e8ne, ils sont donc l\u00e9gers et tr\u00e8s r\u00e9sistants aux temp\u00e9ratures extr\u00eames. Ils sont \u00e9galement\u00a0r\u00e9sistants aux rayons UV, ce qui rend la dur\u00e9e de vie du produit extraordinairement longue.<\/em><\/p>\n<p>&nbsp;<\/p>\n<ul class=\"tablaTech\">\n<li>\n<div class=\"boxContents no-border\">\n<div class=\"name\"><strong>TAILLE<\/strong><\/div>\n<div class=\"data\">44 x 31 x 110 cm<\/div>\n<\/div>\n<\/li>\n<\/ul>\n<p>&nbsp;<\/p>\n","protected":false},"excerpt":{"rendered":"<h5><strong>Lampe Kaktus<\/strong><\/h5>\n","protected":false},"featured_media":53958,"template":"","meta":[],"product_cat":[1695,651,654,1254],"product_tag":[647,707,648],"class_list":{"0":"post-18180","1":"product","2":"type-product","3":"status-publish","4":"has-post-thumbnail","6":"product_cat-productos-fr","7":"product_cat-lightdeco-fr","8":"product_cat-lampadaire","9":"product_cat-indoor-floor-lamps-fr","10":"product_tag-cable-fr","11":"product_tag-sans-fil","12":"product_tag-solaire","14":"first","15":"instock","16":"taxable","17":"shipping-taxable","18":"purchasable","19":"product-type-variable"},"yoast_head":"<!-- This site is optimized with the Yoast SEO plugin v24.2 - https:\/\/yoast.com\/wordpress\/plugins\/seo\/ -->\n<title>LAMPE KAKTUS EXT\u00c9RIEUR INT\u00c9RIEUR D\u00c9CO<\/title>\n<meta name=\"description\" content=\"La lampe Kaktus est inspir\u00e9e directement de la plante cactus. Ce mod\u00e8le est aussi disponible en couleur vert citron. Ce produit est int\u00e9gr\u00e9 d&#039;un tube led\" \/>\n<meta name=\"robots\" content=\"index, follow, max-snippet:-1, max-image-preview:large, max-video-preview:-1\" \/>\n<link rel=\"canonical\" href=\"https:\/\/newgarden.es\/fr\/shop\/lightdeco-fr\/lampadaire\/kaktus-white-100\/\" \/>\n<meta property=\"og:locale\" content=\"fr_FR\" \/>\n<meta property=\"og:type\" content=\"article\" \/>\n<meta property=\"og:title\" content=\"LAMPE KAKTUS EXT\u00c9RIEUR INT\u00c9RIEUR D\u00c9CO\" \/>\n<meta property=\"og:description\" content=\"La lampe Kaktus est inspir\u00e9e directement de la plante cactus. Ce mod\u00e8le est aussi disponible en couleur vert citron. Ce produit est int\u00e9gr\u00e9 d&#039;un tube led\" \/>\n<meta property=\"og:url\" content=\"https:\/\/newgarden.es\/fr\/shop\/lightdeco-fr\/lampadaire\/kaktus-white-100\/\" \/>\n<meta property=\"og:site_name\" content=\"Newgarden\" \/>\n<meta property=\"article:modified_time\" content=\"2022-02-02T14:46:23+00:00\" \/>\n<meta property=\"og:image\" content=\"https:\/\/newgarden.es\/wp-content\/uploads\/2019\/05\/KAKTUS_100_BATTERY_1200X1200-13.jpg\" \/>\n\t<meta property=\"og:image:width\" content=\"1200\" \/>\n\t<meta property=\"og:image:height\" content=\"1200\" \/>\n\t<meta property=\"og:image:type\" content=\"image\/jpeg\" \/>\n<meta name=\"twitter:card\" content=\"summary_large_image\" \/>\n<meta name=\"twitter:label1\" content=\"Dur\u00e9e de lecture estim\u00e9e\" \/>\n\t<meta name=\"twitter:data1\" content=\"1 minute\" \/>\n<script type=\"application\/ld+json\" class=\"yoast-schema-graph\">{\"@context\":\"https:\/\/schema.org\",\"@graph\":[{\"@type\":\"WebPage\",\"@id\":\"https:\/\/newgarden.es\/fr\/shop\/lightdeco-fr\/lampadaire\/kaktus-white-100\/\",\"url\":\"https:\/\/newgarden.es\/fr\/shop\/lightdeco-fr\/lampadaire\/kaktus-white-100\/\",\"name\":\"LAMPE KAKTUS EXT\u00c9RIEUR INT\u00c9RIEUR D\u00c9CO\",\"isPartOf\":{\"@id\":\"https:\/\/newgarden.es\/#website\"},\"primaryImageOfPage\":{\"@id\":\"https:\/\/newgarden.es\/fr\/shop\/lightdeco-fr\/lampadaire\/kaktus-white-100\/#primaryimage\"},\"image\":{\"@id\":\"https:\/\/newgarden.es\/fr\/shop\/lightdeco-fr\/lampadaire\/kaktus-white-100\/#primaryimage\"},\"thumbnailUrl\":\"https:\/\/newgarden.es\/wp-content\/uploads\/2019\/05\/KAKTUS_100_BATTERY_1200X1200-13.jpg\",\"datePublished\":\"2019-10-21T06:55:05+00:00\",\"dateModified\":\"2022-02-02T14:46:23+00:00\",\"description\":\"La lampe Kaktus est inspir\u00e9e directement de la plante cactus. Ce mod\u00e8le est aussi disponible en couleur vert citron. Ce produit est int\u00e9gr\u00e9 d'un tube led\",\"breadcrumb\":{\"@id\":\"https:\/\/newgarden.es\/fr\/shop\/lightdeco-fr\/lampadaire\/kaktus-white-100\/#breadcrumb\"},\"inLanguage\":\"fr-FR\",\"potentialAction\":[{\"@type\":\"ReadAction\",\"target\":[\"https:\/\/newgarden.es\/fr\/shop\/lightdeco-fr\/lampadaire\/kaktus-white-100\/\"]}]},{\"@type\":\"ImageObject\",\"inLanguage\":\"fr-FR\",\"@id\":\"https:\/\/newgarden.es\/fr\/shop\/lightdeco-fr\/lampadaire\/kaktus-white-100\/#primaryimage\",\"url\":\"https:\/\/newgarden.es\/wp-content\/uploads\/2019\/05\/KAKTUS_100_BATTERY_1200X1200-13.jpg\",\"contentUrl\":\"https:\/\/newgarden.es\/wp-content\/uploads\/2019\/05\/KAKTUS_100_BATTERY_1200X1200-13.jpg\",\"width\":1200,\"height\":1200},{\"@type\":\"BreadcrumbList\",\"@id\":\"https:\/\/newgarden.es\/fr\/shop\/lightdeco-fr\/lampadaire\/kaktus-white-100\/#breadcrumb\",\"itemListElement\":[{\"@type\":\"ListItem\",\"position\":1,\"name\":\"Home\",\"item\":\"https:\/\/newgarden.es\/fr\/\"},{\"@type\":\"ListItem\",\"position\":2,\"name\":\"Boutique\",\"item\":\"https:\/\/newgarden.es\/fr\/boutique\/\"},{\"@type\":\"ListItem\",\"position\":3,\"name\":\"LAMPE KAKTUS\"}]},{\"@type\":\"WebSite\",\"@id\":\"https:\/\/newgarden.es\/#website\",\"url\":\"https:\/\/newgarden.es\/\",\"name\":\"Newgarden\",\"description\":\"Be happy\",\"potentialAction\":[{\"@type\":\"SearchAction\",\"target\":{\"@type\":\"EntryPoint\",\"urlTemplate\":\"https:\/\/newgarden.es\/?s={search_term_string}\"},\"query-input\":{\"@type\":\"PropertyValueSpecification\",\"valueRequired\":true,\"valueName\":\"search_term_string\"}}],\"inLanguage\":\"fr-FR\"}]}<\/script>\n<!-- \/ Yoast SEO plugin. -->","yoast_head_json":{"title":"LAMPE KAKTUS EXT\u00c9RIEUR INT\u00c9RIEUR D\u00c9CO","description":"La lampe Kaktus est inspir\u00e9e directement de la plante cactus. Ce mod\u00e8le est aussi disponible en couleur vert citron. Ce produit est int\u00e9gr\u00e9 d'un tube led","robots":{"index":"index","follow":"follow","max-snippet":"max-snippet:-1","max-image-preview":"max-image-preview:large","max-video-preview":"max-video-preview:-1"},"canonical":"https:\/\/newgarden.es\/fr\/shop\/lightdeco-fr\/lampadaire\/kaktus-white-100\/","og_locale":"fr_FR","og_type":"article","og_title":"LAMPE KAKTUS EXT\u00c9RIEUR INT\u00c9RIEUR D\u00c9CO","og_description":"La lampe Kaktus est inspir\u00e9e directement de la plante cactus. Ce mod\u00e8le est aussi disponible en couleur vert citron. Ce produit est int\u00e9gr\u00e9 d'un tube led","og_url":"https:\/\/newgarden.es\/fr\/shop\/lightdeco-fr\/lampadaire\/kaktus-white-100\/","og_site_name":"Newgarden","article_modified_time":"2022-02-02T14:46:23+00:00","og_image":[{"width":1200,"height":1200,"url":"https:\/\/newgarden.es\/wp-content\/uploads\/2019\/05\/KAKTUS_100_BATTERY_1200X1200-13.jpg","type":"image\/jpeg"}],"twitter_card":"summary_large_image","twitter_misc":{"Dur\u00e9e de lecture estim\u00e9e":"1 minute"},"schema":{"@context":"https:\/\/schema.org","@graph":[{"@type":"WebPage","@id":"https:\/\/newgarden.es\/fr\/shop\/lightdeco-fr\/lampadaire\/kaktus-white-100\/","url":"https:\/\/newgarden.es\/fr\/shop\/lightdeco-fr\/lampadaire\/kaktus-white-100\/","name":"LAMPE KAKTUS EXT\u00c9RIEUR INT\u00c9RIEUR D\u00c9CO","isPartOf":{"@id":"https:\/\/newgarden.es\/#website"},"primaryImageOfPage":{"@id":"https:\/\/newgarden.es\/fr\/shop\/lightdeco-fr\/lampadaire\/kaktus-white-100\/#primaryimage"},"image":{"@id":"https:\/\/newgarden.es\/fr\/shop\/lightdeco-fr\/lampadaire\/kaktus-white-100\/#primaryimage"},"thumbnailUrl":"https:\/\/newgarden.es\/wp-content\/uploads\/2019\/05\/KAKTUS_100_BATTERY_1200X1200-13.jpg","datePublished":"2019-10-21T06:55:05+00:00","dateModified":"2022-02-02T14:46:23+00:00","description":"La lampe Kaktus est inspir\u00e9e directement de la plante cactus. Ce mod\u00e8le est aussi disponible en couleur vert citron. Ce produit est int\u00e9gr\u00e9 d'un tube led","breadcrumb":{"@id":"https:\/\/newgarden.es\/fr\/shop\/lightdeco-fr\/lampadaire\/kaktus-white-100\/#breadcrumb"},"inLanguage":"fr-FR","potentialAction":[{"@type":"ReadAction","target":["https:\/\/newgarden.es\/fr\/shop\/lightdeco-fr\/lampadaire\/kaktus-white-100\/"]}]},{"@type":"ImageObject","inLanguage":"fr-FR","@id":"https:\/\/newgarden.es\/fr\/shop\/lightdeco-fr\/lampadaire\/kaktus-white-100\/#primaryimage","url":"https:\/\/newgarden.es\/wp-content\/uploads\/2019\/05\/KAKTUS_100_BATTERY_1200X1200-13.jpg","contentUrl":"https:\/\/newgarden.es\/wp-content\/uploads\/2019\/05\/KAKTUS_100_BATTERY_1200X1200-13.jpg","width":1200,"height":1200},{"@type":"BreadcrumbList","@id":"https:\/\/newgarden.es\/fr\/shop\/lightdeco-fr\/lampadaire\/kaktus-white-100\/#breadcrumb","itemListElement":[{"@type":"ListItem","position":1,"name":"Home","item":"https:\/\/newgarden.es\/fr\/"},{"@type":"ListItem","position":2,"name":"Boutique","item":"https:\/\/newgarden.es\/fr\/boutique\/"},{"@type":"ListItem","position":3,"name":"LAMPE KAKTUS"}]},{"@type":"WebSite","@id":"https:\/\/newgarden.es\/#website","url":"https:\/\/newgarden.es\/","name":"Newgarden","description":"Be happy","potentialAction":[{"@type":"SearchAction","target":{"@type":"EntryPoint","urlTemplate":"https:\/\/newgarden.es\/?s={search_term_string}"},"query-input":{"@type":"PropertyValueSpecification","valueRequired":true,"valueName":"search_term_string"}}],"inLanguage":"fr-FR"}]}},"df_price":119.6,"df_sale_price":"","df_regular_price":119.6,"df_image_link":"https:\/\/newgarden.es\/wp-content\/uploads\/2019\/05\/KAKTUS_100_BATTERY_1200X1200-13-580x400.jpg","_links":{"self":[{"href":"https:\/\/newgarden.es\/fr\/wp-json\/wp\/v2\/product\/18180"}],"collection":[{"href":"https:\/\/newgarden.es\/fr\/wp-json\/wp\/v2\/product"}],"about":[{"href":"https:\/\/newgarden.es\/fr\/wp-json\/wp\/v2\/types\/product"}],"wp:featuredmedia":[{"embeddable":true,"href":"https:\/\/newgarden.es\/fr\/wp-json\/wp\/v2\/media\/53958"}],"wp:attachment":[{"href":"https:\/\/newgarden.es\/fr\/wp-json\/wp\/v2\/media?parent=18180"}],"wp:term":[{"taxonomy":"product_cat","embeddable":true,"href":"https:\/\/newgarden.es\/fr\/wp-json\/wp\/v2\/product_cat?post=18180"},{"taxonomy":"product_tag","embeddable":true,"href":"https:\/\/newgarden.es\/fr\/wp-json\/wp\/v2\/product_tag?post=18180"}],"curies":[{"name":"wp","href":"https:\/\/api.w.org\/{rel}","templated":true}]}}