{"id":18192,"date":"2019-04-26T16:34:29","date_gmt":"2019-10-21T07:05:44","guid":{"rendered":"https:\/\/newgarden.es\/shop\/sin%20categor\u00eda\/plats-pour-pots-de-fleurs\/"},"modified":"2024-06-13T14:18:27","modified_gmt":"2024-06-13T12:18:27","slug":"plats-pour-pots-de-fleurs","status":"publish","type":"product","link":"https:\/\/newgarden.es\/fr\/shop\/pot-de-fleur\/plats-pour-pots-de-fleurs\/","title":{"rendered":"PLAQUES POUR POTS DE FLEURS"},"content":{"rendered":"<section class=\"wpb-content-wrapper\"><p>[vc_row][vc_column el_class=\u00a0\u00bbdescripcion_producto\u00a0\u00bb][vc_column_text]<\/p>\n<p style=\"text-align: justify;\"><em>*Plats pour Pots de Fleurs. Texturis\u00e9 en finition lisse. Disponible en diff\u00e9rentes finitions et couleurs.<\/em><\/p>\n<p><strong>Plat:<\/strong>40 carr\u00e9 : (41 cm int 50 cm ext) Valable pour les mod\u00e8les Melisa 40 Calendula 50 Melisa 30 Narcisse 35 Narcisse 40 Melisa 50.<br \/>\n<strong>Plats:<\/strong> carr\u00e9e 50 : (52 cm int615 cm ext) Valable pour le mod\u00e8le Narcisse 50.<br \/>\n<em><strong>Assiette ronde 30:<\/strong> ( \u00d8315 cm int,<\/em> \u00d837 cm ext<em>) Valable pour les mod\u00e8les Bamb\u00fa 90 Petunia 36 Bamb\u00fa 70, Magnolia 45, Rosa 45, Violeta 40, Girasol 45.<br \/>\n<strong>Plat 40 carr\u00e9:<\/strong> (41 cm int 50 cm ext) Valable pour les mod\u00e8les Rosa55, Gerbera 45, Violeta 55, Magnolia 60.<\/em><\/p>\n<p style=\"text-align: justify;\"><em>Tous les produits Newgarden sont fabriqu\u00e9s en poly\u00e9thyl\u00e8ne, ils sont donc l\u00e9gers et tr\u00e8s r\u00e9sistants aux temp\u00e9ratures extr\u00eames. Ils sont \u00e9galement prot\u00e9g\u00e9s contre les rayons UV, ce qui rend la dur\u00e9e de vie du produit extraordinairement longue.<\/em><\/p>\n<p>[\/vc_column_text][\/vc_column][\/vc_row][vc_row disable_element=\u00a0\u00bbyes\u00a0\u00bb][vc_column][vc_single_image image=\u00a0\u00bb6566&Prime; img_size=\u00a0\u00bbfull\u00a0\u00bb][\/vc_column][\/vc_row]<\/p>\n<\/section>","protected":false},"excerpt":{"rendered":"<h1 style=\"font-size: 12px;\">Plateau pour Pot de fleurs d&rsquo;ext\u00e9rieur ronds et carr\u00e9s<\/h1>\n","protected":false},"featured_media":64406,"template":"","meta":[],"product_cat":[643],"product_tag":[],"class_list":{"0":"post-18192","1":"product","2":"type-product","3":"status-publish","4":"has-post-thumbnail","6":"product_cat-pot-de-fleur","8":"first","9":"instock","10":"taxable","11":"shipping-taxable","12":"purchasable","13":"product-type-variable"},"yoast_head":"<!-- This site is optimized with the Yoast SEO plugin v24.2 - https:\/\/yoast.com\/wordpress\/plugins\/seo\/ -->\n<title>Plats pot de fleur rond et finition lisse ext\u00e9rieure carr\u00e9e<\/title>\n<meta name=\"description\" content=\"Plats pot de fleur id\u00e9al pour nos pots de fleurs de diff\u00e9rentes tailles. Texturis\u00e9 en finition lisse. Disponible en diff\u00e9rentes finitions et choix de couleurs opaques. Fabrique en poly\u00e9thyl\u00e8ne de sorte qu&#039;ils sont l\u00e9gers et tr\u00e8s r\u00e9sistants \u00e0 des temp\u00e9ratures extr\u00eames.\" \/>\n<meta name=\"robots\" content=\"index, follow, max-snippet:-1, max-image-preview:large, max-video-preview:-1\" \/>\n<link rel=\"canonical\" href=\"https:\/\/newgarden.es\/fr\/shop\/pot-de-fleur\/plats-pour-pots-de-fleurs\/\" \/>\n<meta property=\"og:locale\" content=\"fr_FR\" \/>\n<meta property=\"og:type\" content=\"article\" \/>\n<meta property=\"og:title\" content=\"Plats pot de fleur rond et finition lisse ext\u00e9rieure carr\u00e9e\" \/>\n<meta property=\"og:description\" content=\"Plats pot de fleur id\u00e9al pour nos pots de fleurs de diff\u00e9rentes tailles. Texturis\u00e9 en finition lisse. Disponible en diff\u00e9rentes finitions et choix de couleurs opaques. Fabrique en poly\u00e9thyl\u00e8ne de sorte qu&#039;ils sont l\u00e9gers et tr\u00e8s r\u00e9sistants \u00e0 des temp\u00e9ratures extr\u00eames.\" \/>\n<meta property=\"og:url\" content=\"https:\/\/newgarden.es\/fr\/shop\/pot-de-fleur\/plats-pour-pots-de-fleurs\/\" \/>\n<meta property=\"og:site_name\" content=\"Newgarden\" \/>\n<meta property=\"article:modified_time\" content=\"2024-06-13T12:18:27+00:00\" \/>\n<meta property=\"og:image\" content=\"https:\/\/newgarden.es\/wp-content\/uploads\/2019\/04\/PLATOS_1200X1200.jpg\" \/>\n\t<meta property=\"og:image:width\" content=\"1200\" \/>\n\t<meta property=\"og:image:height\" content=\"1200\" \/>\n\t<meta property=\"og:image:type\" content=\"image\/jpeg\" \/>\n<meta name=\"twitter:card\" content=\"summary_large_image\" \/>\n<meta name=\"twitter:label1\" content=\"Dur\u00e9e de lecture estim\u00e9e\" \/>\n\t<meta name=\"twitter:data1\" content=\"1 minute\" \/>\n<script type=\"application\/ld+json\" class=\"yoast-schema-graph\">{\"@context\":\"https:\/\/schema.org\",\"@graph\":[{\"@type\":\"WebPage\",\"@id\":\"https:\/\/newgarden.es\/fr\/shop\/pot-de-fleur\/plats-pour-pots-de-fleurs\/\",\"url\":\"https:\/\/newgarden.es\/fr\/shop\/pot-de-fleur\/plats-pour-pots-de-fleurs\/\",\"name\":\"Plats pot de fleur rond et finition lisse ext\u00e9rieure carr\u00e9e\",\"isPartOf\":{\"@id\":\"https:\/\/newgarden.es\/#website\"},\"primaryImageOfPage\":{\"@id\":\"https:\/\/newgarden.es\/fr\/shop\/pot-de-fleur\/plats-pour-pots-de-fleurs\/#primaryimage\"},\"image\":{\"@id\":\"https:\/\/newgarden.es\/fr\/shop\/pot-de-fleur\/plats-pour-pots-de-fleurs\/#primaryimage\"},\"thumbnailUrl\":\"https:\/\/newgarden.es\/wp-content\/uploads\/2019\/04\/PLATOS_1200X1200.jpg\",\"datePublished\":\"2019-10-21T07:05:44+00:00\",\"dateModified\":\"2024-06-13T12:18:27+00:00\",\"description\":\"Plats pot de fleur id\u00e9al pour nos pots de fleurs de diff\u00e9rentes tailles. Texturis\u00e9 en finition lisse. Disponible en diff\u00e9rentes finitions et choix de couleurs opaques. Fabrique en poly\u00e9thyl\u00e8ne de sorte qu'ils sont l\u00e9gers et tr\u00e8s r\u00e9sistants \u00e0 des temp\u00e9ratures extr\u00eames.\",\"breadcrumb\":{\"@id\":\"https:\/\/newgarden.es\/fr\/shop\/pot-de-fleur\/plats-pour-pots-de-fleurs\/#breadcrumb\"},\"inLanguage\":\"fr-FR\",\"potentialAction\":[{\"@type\":\"ReadAction\",\"target\":[\"https:\/\/newgarden.es\/fr\/shop\/pot-de-fleur\/plats-pour-pots-de-fleurs\/\"]}]},{\"@type\":\"ImageObject\",\"inLanguage\":\"fr-FR\",\"@id\":\"https:\/\/newgarden.es\/fr\/shop\/pot-de-fleur\/plats-pour-pots-de-fleurs\/#primaryimage\",\"url\":\"https:\/\/newgarden.es\/wp-content\/uploads\/2019\/04\/PLATOS_1200X1200.jpg\",\"contentUrl\":\"https:\/\/newgarden.es\/wp-content\/uploads\/2019\/04\/PLATOS_1200X1200.jpg\",\"width\":1200,\"height\":1200},{\"@type\":\"BreadcrumbList\",\"@id\":\"https:\/\/newgarden.es\/fr\/shop\/pot-de-fleur\/plats-pour-pots-de-fleurs\/#breadcrumb\",\"itemListElement\":[{\"@type\":\"ListItem\",\"position\":1,\"name\":\"Home\",\"item\":\"https:\/\/newgarden.es\/fr\/\"},{\"@type\":\"ListItem\",\"position\":2,\"name\":\"Boutique\",\"item\":\"https:\/\/newgarden.es\/fr\/boutique\/\"},{\"@type\":\"ListItem\",\"position\":3,\"name\":\"PLAQUES POUR POTS DE FLEURS\"}]},{\"@type\":\"WebSite\",\"@id\":\"https:\/\/newgarden.es\/#website\",\"url\":\"https:\/\/newgarden.es\/\",\"name\":\"Newgarden\",\"description\":\"Be happy\",\"potentialAction\":[{\"@type\":\"SearchAction\",\"target\":{\"@type\":\"EntryPoint\",\"urlTemplate\":\"https:\/\/newgarden.es\/?s={search_term_string}\"},\"query-input\":{\"@type\":\"PropertyValueSpecification\",\"valueRequired\":true,\"valueName\":\"search_term_string\"}}],\"inLanguage\":\"fr-FR\"}]}<\/script>\n<!-- \/ Yoast SEO plugin. -->","yoast_head_json":{"title":"Plats pot de fleur rond et finition lisse ext\u00e9rieure carr\u00e9e","description":"Plats pot de fleur id\u00e9al pour nos pots de fleurs de diff\u00e9rentes tailles. Texturis\u00e9 en finition lisse. Disponible en diff\u00e9rentes finitions et choix de couleurs opaques. Fabrique en poly\u00e9thyl\u00e8ne de sorte qu'ils sont l\u00e9gers et tr\u00e8s r\u00e9sistants \u00e0 des temp\u00e9ratures extr\u00eames.","robots":{"index":"index","follow":"follow","max-snippet":"max-snippet:-1","max-image-preview":"max-image-preview:large","max-video-preview":"max-video-preview:-1"},"canonical":"https:\/\/newgarden.es\/fr\/shop\/pot-de-fleur\/plats-pour-pots-de-fleurs\/","og_locale":"fr_FR","og_type":"article","og_title":"Plats pot de fleur rond et finition lisse ext\u00e9rieure carr\u00e9e","og_description":"Plats pot de fleur id\u00e9al pour nos pots de fleurs de diff\u00e9rentes tailles. Texturis\u00e9 en finition lisse. Disponible en diff\u00e9rentes finitions et choix de couleurs opaques. Fabrique en poly\u00e9thyl\u00e8ne de sorte qu'ils sont l\u00e9gers et tr\u00e8s r\u00e9sistants \u00e0 des temp\u00e9ratures extr\u00eames.","og_url":"https:\/\/newgarden.es\/fr\/shop\/pot-de-fleur\/plats-pour-pots-de-fleurs\/","og_site_name":"Newgarden","article_modified_time":"2024-06-13T12:18:27+00:00","og_image":[{"width":1200,"height":1200,"url":"https:\/\/newgarden.es\/wp-content\/uploads\/2019\/04\/PLATOS_1200X1200.jpg","type":"image\/jpeg"}],"twitter_card":"summary_large_image","twitter_misc":{"Dur\u00e9e de lecture estim\u00e9e":"1 minute"},"schema":{"@context":"https:\/\/schema.org","@graph":[{"@type":"WebPage","@id":"https:\/\/newgarden.es\/fr\/shop\/pot-de-fleur\/plats-pour-pots-de-fleurs\/","url":"https:\/\/newgarden.es\/fr\/shop\/pot-de-fleur\/plats-pour-pots-de-fleurs\/","name":"Plats pot de fleur rond et finition lisse ext\u00e9rieure carr\u00e9e","isPartOf":{"@id":"https:\/\/newgarden.es\/#website"},"primaryImageOfPage":{"@id":"https:\/\/newgarden.es\/fr\/shop\/pot-de-fleur\/plats-pour-pots-de-fleurs\/#primaryimage"},"image":{"@id":"https:\/\/newgarden.es\/fr\/shop\/pot-de-fleur\/plats-pour-pots-de-fleurs\/#primaryimage"},"thumbnailUrl":"https:\/\/newgarden.es\/wp-content\/uploads\/2019\/04\/PLATOS_1200X1200.jpg","datePublished":"2019-10-21T07:05:44+00:00","dateModified":"2024-06-13T12:18:27+00:00","description":"Plats pot de fleur id\u00e9al pour nos pots de fleurs de diff\u00e9rentes tailles. Texturis\u00e9 en finition lisse. Disponible en diff\u00e9rentes finitions et choix de couleurs opaques. Fabrique en poly\u00e9thyl\u00e8ne de sorte qu'ils sont l\u00e9gers et tr\u00e8s r\u00e9sistants \u00e0 des temp\u00e9ratures extr\u00eames.","breadcrumb":{"@id":"https:\/\/newgarden.es\/fr\/shop\/pot-de-fleur\/plats-pour-pots-de-fleurs\/#breadcrumb"},"inLanguage":"fr-FR","potentialAction":[{"@type":"ReadAction","target":["https:\/\/newgarden.es\/fr\/shop\/pot-de-fleur\/plats-pour-pots-de-fleurs\/"]}]},{"@type":"ImageObject","inLanguage":"fr-FR","@id":"https:\/\/newgarden.es\/fr\/shop\/pot-de-fleur\/plats-pour-pots-de-fleurs\/#primaryimage","url":"https:\/\/newgarden.es\/wp-content\/uploads\/2019\/04\/PLATOS_1200X1200.jpg","contentUrl":"https:\/\/newgarden.es\/wp-content\/uploads\/2019\/04\/PLATOS_1200X1200.jpg","width":1200,"height":1200},{"@type":"BreadcrumbList","@id":"https:\/\/newgarden.es\/fr\/shop\/pot-de-fleur\/plats-pour-pots-de-fleurs\/#breadcrumb","itemListElement":[{"@type":"ListItem","position":1,"name":"Home","item":"https:\/\/newgarden.es\/fr\/"},{"@type":"ListItem","position":2,"name":"Boutique","item":"https:\/\/newgarden.es\/fr\/boutique\/"},{"@type":"ListItem","position":3,"name":"PLAQUES POUR POTS DE FLEURS"}]},{"@type":"WebSite","@id":"https:\/\/newgarden.es\/#website","url":"https:\/\/newgarden.es\/","name":"Newgarden","description":"Be happy","potentialAction":[{"@type":"SearchAction","target":{"@type":"EntryPoint","urlTemplate":"https:\/\/newgarden.es\/?s={search_term_string}"},"query-input":{"@type":"PropertyValueSpecification","valueRequired":true,"valueName":"search_term_string"}}],"inLanguage":"fr-FR"}]}},"df_price":10.3,"df_sale_price":"","df_regular_price":10.3,"df_image_link":"https:\/\/newgarden.es\/wp-content\/uploads\/2019\/04\/PLATOS_1200X1200-580x400.jpg","_links":{"self":[{"href":"https:\/\/newgarden.es\/fr\/wp-json\/wp\/v2\/product\/18192"}],"collection":[{"href":"https:\/\/newgarden.es\/fr\/wp-json\/wp\/v2\/product"}],"about":[{"href":"https:\/\/newgarden.es\/fr\/wp-json\/wp\/v2\/types\/product"}],"wp:featuredmedia":[{"embeddable":true,"href":"https:\/\/newgarden.es\/fr\/wp-json\/wp\/v2\/media\/64406"}],"wp:attachment":[{"href":"https:\/\/newgarden.es\/fr\/wp-json\/wp\/v2\/media?parent=18192"}],"wp:term":[{"taxonomy":"product_cat","embeddable":true,"href":"https:\/\/newgarden.es\/fr\/wp-json\/wp\/v2\/product_cat?post=18192"},{"taxonomy":"product_tag","embeddable":true,"href":"https:\/\/newgarden.es\/fr\/wp-json\/wp\/v2\/product_tag?post=18192"}],"curies":[{"name":"wp","href":"https:\/\/api.w.org\/{rel}","templated":true}]}}