{"id":18602,"date":"2019-04-25T16:46:17","date_gmt":"2019-10-21T09:21:47","guid":{"rendered":"https:\/\/newgarden.es\/shop\/sin%20categor\u00eda\/calendula-50-rustic-color\/"},"modified":"2024-06-13T12:37:29","modified_gmt":"2024-06-13T10:37:29","slug":"calendula-50-rustic-color","status":"publish","type":"product","link":"https:\/\/newgarden.es\/fr\/shop\/pot-de-fleur\/pots-de-fleurs-sans-eclairage\/calendula-50-rustic-color\/","title":{"rendered":"POT DE FLEURS CAL\u00c9NDULA 50 RUSTIQUE"},"content":{"rendered":"<section class=\"wpb-content-wrapper\"><p>[vc_row][vc_column el_class=\u00a0\u00bbdescripcion_producto\u00a0\u00bb][vc_column_text]<\/p>\n<p style=\"text-align: justify;\"><em>*CALENDULA : C&rsquo;est un pot trap\u00e9zo\u00efdal de grande capacit\u00e9. Lignes basiques et textur\u00e9es en finition rustique. Id\u00e9al pour les plantes de grand volume. Disponible en diff\u00e9rentes couleurs.<\/em><\/p>\n<p style=\"text-align: justify;\"><em>Tous les produits Newgarden sont fabriqu\u00e9s en poly\u00e9thyl\u00e8ne, ils sont donc l\u00e9gers et tr\u00e8s r\u00e9sistants aux temp\u00e9ratures extr\u00eames. Ils sont \u00e9galement prot\u00e9g\u00e9s contre les rayons UV, ce qui rend la dur\u00e9e de vie du produit extraordinairement longue. <\/em><\/p>\n<p>[\/vc_column_text][\/vc_column][\/vc_row][vc_row disable_element=\u00a0\u00bbyes\u00a0\u00bb][vc_column][vc_single_image image=\u00a0\u00bb6566&Prime; img_size=\u00a0\u00bbfull\u00a0\u00bb][\/vc_column][\/vc_row][vc_row][vc_column width=\u00a0\u00bb1\/2&Prime;][vc_btn title=\u00a0\u00bbFiche technique\u00a0\u00bb style=\u00a0\u00bbcustom\u00a0\u00bb custom_background=\u00a0\u00bb#009bc2&Prime; custom_text=\u00a0\u00bb#ffffff\u00a0\u00bb shape=\u00a0\u00bbsquare\u00a0\u00bb link=\u00a0\u00bburl:https%3A%2F%2Fbit.ly%2F3zMvAZ0|target:%20_blank|\u00a0\u00bb el_class=\u00a0\u00bbbtn_descargar_ficha\u00a0\u00bb][\/vc_column][vc_column width=\u00a0\u00bb1\/2&Prime;][\/vc_column][\/vc_row]<\/p>\n<\/section>","protected":false},"excerpt":{"rendered":"<h1 style=\"font-size: 12px;\">Pot de fleurs Calendula 50 Rustique<\/h1>\n","protected":false},"featured_media":60660,"template":"","meta":[],"product_cat":[643,747,1596],"product_tag":[],"class_list":{"0":"post-18602","1":"product","2":"type-product","3":"status-publish","4":"has-post-thumbnail","6":"product_cat-pot-de-fleur","7":"product_cat-pots-de-fleurs-sans-eclairage","8":"product_cat-pots-de-fleurs-carrees","10":"first","11":"instock","12":"taxable","13":"shipping-taxable","14":"purchasable","15":"product-type-variable"},"yoast_head":"<!-- This site is optimized with the Yoast SEO plugin v24.2 - https:\/\/yoast.com\/wordpress\/plugins\/seo\/ -->\n<title>POT DE FLEURS CAL\u00c9NDULA 50 RUSTIQUE EXT\u00c9RIEUR<\/title>\n<meta name=\"description\" content=\"POT DE FLEURS CAL\u00c9NDULA 50 RUSTIQUE : C&#039;est un pot de fleurs de grande capacit\u00e9. Lignes basiques et textur\u00e9es en finition rustique. Id\u00e9al pour les plantes\" \/>\n<meta name=\"robots\" content=\"index, follow, max-snippet:-1, max-image-preview:large, max-video-preview:-1\" \/>\n<link rel=\"canonical\" href=\"https:\/\/newgarden.es\/fr\/shop\/pot-de-fleur\/pots-de-fleurs-sans-eclairage\/calendula-50-rustic-color\/\" \/>\n<meta property=\"og:locale\" content=\"fr_FR\" \/>\n<meta property=\"og:type\" content=\"article\" \/>\n<meta property=\"og:title\" content=\"POT DE FLEURS CAL\u00c9NDULA 50 RUSTIQUE EXT\u00c9RIEUR\" \/>\n<meta property=\"og:description\" content=\"POT DE FLEURS CAL\u00c9NDULA 50 RUSTIQUE : C&#039;est un pot de fleurs de grande capacit\u00e9. Lignes basiques et textur\u00e9es en finition rustique. Id\u00e9al pour les plantes\" \/>\n<meta property=\"og:url\" content=\"https:\/\/newgarden.es\/fr\/shop\/pot-de-fleur\/pots-de-fleurs-sans-eclairage\/calendula-50-rustic-color\/\" \/>\n<meta property=\"og:site_name\" content=\"Newgarden\" \/>\n<meta property=\"article:modified_time\" content=\"2024-06-13T10:37:29+00:00\" \/>\n<meta property=\"og:image\" content=\"https:\/\/newgarden.es\/wp-content\/uploads\/2019\/04\/CALENDULA_50_FW-4.jpg\" \/>\n\t<meta property=\"og:image:width\" content=\"1200\" \/>\n\t<meta property=\"og:image:height\" content=\"1200\" \/>\n\t<meta property=\"og:image:type\" content=\"image\/jpeg\" \/>\n<meta name=\"twitter:card\" content=\"summary_large_image\" \/>\n<meta name=\"twitter:label1\" content=\"Dur\u00e9e de lecture estim\u00e9e\" \/>\n\t<meta name=\"twitter:data1\" content=\"1 minute\" \/>\n<script type=\"application\/ld+json\" class=\"yoast-schema-graph\">{\"@context\":\"https:\/\/schema.org\",\"@graph\":[{\"@type\":\"WebPage\",\"@id\":\"https:\/\/newgarden.es\/fr\/shop\/pot-de-fleur\/pots-de-fleurs-sans-eclairage\/calendula-50-rustic-color\/\",\"url\":\"https:\/\/newgarden.es\/fr\/shop\/pot-de-fleur\/pots-de-fleurs-sans-eclairage\/calendula-50-rustic-color\/\",\"name\":\"POT DE FLEURS CAL\u00c9NDULA 50 RUSTIQUE EXT\u00c9RIEUR\",\"isPartOf\":{\"@id\":\"https:\/\/newgarden.es\/#website\"},\"primaryImageOfPage\":{\"@id\":\"https:\/\/newgarden.es\/fr\/shop\/pot-de-fleur\/pots-de-fleurs-sans-eclairage\/calendula-50-rustic-color\/#primaryimage\"},\"image\":{\"@id\":\"https:\/\/newgarden.es\/fr\/shop\/pot-de-fleur\/pots-de-fleurs-sans-eclairage\/calendula-50-rustic-color\/#primaryimage\"},\"thumbnailUrl\":\"https:\/\/newgarden.es\/wp-content\/uploads\/2019\/04\/CALENDULA_50_FW-4.jpg\",\"datePublished\":\"2019-10-21T09:21:47+00:00\",\"dateModified\":\"2024-06-13T10:37:29+00:00\",\"description\":\"POT DE FLEURS CAL\u00c9NDULA 50 RUSTIQUE : C'est un pot de fleurs de grande capacit\u00e9. Lignes basiques et textur\u00e9es en finition rustique. Id\u00e9al pour les plantes\",\"breadcrumb\":{\"@id\":\"https:\/\/newgarden.es\/fr\/shop\/pot-de-fleur\/pots-de-fleurs-sans-eclairage\/calendula-50-rustic-color\/#breadcrumb\"},\"inLanguage\":\"fr-FR\",\"potentialAction\":[{\"@type\":\"ReadAction\",\"target\":[\"https:\/\/newgarden.es\/fr\/shop\/pot-de-fleur\/pots-de-fleurs-sans-eclairage\/calendula-50-rustic-color\/\"]}]},{\"@type\":\"ImageObject\",\"inLanguage\":\"fr-FR\",\"@id\":\"https:\/\/newgarden.es\/fr\/shop\/pot-de-fleur\/pots-de-fleurs-sans-eclairage\/calendula-50-rustic-color\/#primaryimage\",\"url\":\"https:\/\/newgarden.es\/wp-content\/uploads\/2019\/04\/CALENDULA_50_FW-4.jpg\",\"contentUrl\":\"https:\/\/newgarden.es\/wp-content\/uploads\/2019\/04\/CALENDULA_50_FW-4.jpg\",\"width\":1200,\"height\":1200},{\"@type\":\"BreadcrumbList\",\"@id\":\"https:\/\/newgarden.es\/fr\/shop\/pot-de-fleur\/pots-de-fleurs-sans-eclairage\/calendula-50-rustic-color\/#breadcrumb\",\"itemListElement\":[{\"@type\":\"ListItem\",\"position\":1,\"name\":\"Home\",\"item\":\"https:\/\/newgarden.es\/fr\/\"},{\"@type\":\"ListItem\",\"position\":2,\"name\":\"Boutique\",\"item\":\"https:\/\/newgarden.es\/fr\/boutique\/\"},{\"@type\":\"ListItem\",\"position\":3,\"name\":\"POT DE FLEURS CAL\u00c9NDULA 50 RUSTIQUE\"}]},{\"@type\":\"WebSite\",\"@id\":\"https:\/\/newgarden.es\/#website\",\"url\":\"https:\/\/newgarden.es\/\",\"name\":\"Newgarden\",\"description\":\"Be happy\",\"potentialAction\":[{\"@type\":\"SearchAction\",\"target\":{\"@type\":\"EntryPoint\",\"urlTemplate\":\"https:\/\/newgarden.es\/?s={search_term_string}\"},\"query-input\":{\"@type\":\"PropertyValueSpecification\",\"valueRequired\":true,\"valueName\":\"search_term_string\"}}],\"inLanguage\":\"fr-FR\"}]}<\/script>\n<!-- \/ Yoast SEO plugin. -->","yoast_head_json":{"title":"POT DE FLEURS CAL\u00c9NDULA 50 RUSTIQUE EXT\u00c9RIEUR","description":"POT DE FLEURS CAL\u00c9NDULA 50 RUSTIQUE : C'est un pot de fleurs de grande capacit\u00e9. Lignes basiques et textur\u00e9es en finition rustique. Id\u00e9al pour les plantes","robots":{"index":"index","follow":"follow","max-snippet":"max-snippet:-1","max-image-preview":"max-image-preview:large","max-video-preview":"max-video-preview:-1"},"canonical":"https:\/\/newgarden.es\/fr\/shop\/pot-de-fleur\/pots-de-fleurs-sans-eclairage\/calendula-50-rustic-color\/","og_locale":"fr_FR","og_type":"article","og_title":"POT DE FLEURS CAL\u00c9NDULA 50 RUSTIQUE EXT\u00c9RIEUR","og_description":"POT DE FLEURS CAL\u00c9NDULA 50 RUSTIQUE : C'est un pot de fleurs de grande capacit\u00e9. Lignes basiques et textur\u00e9es en finition rustique. Id\u00e9al pour les plantes","og_url":"https:\/\/newgarden.es\/fr\/shop\/pot-de-fleur\/pots-de-fleurs-sans-eclairage\/calendula-50-rustic-color\/","og_site_name":"Newgarden","article_modified_time":"2024-06-13T10:37:29+00:00","og_image":[{"width":1200,"height":1200,"url":"https:\/\/newgarden.es\/wp-content\/uploads\/2019\/04\/CALENDULA_50_FW-4.jpg","type":"image\/jpeg"}],"twitter_card":"summary_large_image","twitter_misc":{"Dur\u00e9e de lecture estim\u00e9e":"1 minute"},"schema":{"@context":"https:\/\/schema.org","@graph":[{"@type":"WebPage","@id":"https:\/\/newgarden.es\/fr\/shop\/pot-de-fleur\/pots-de-fleurs-sans-eclairage\/calendula-50-rustic-color\/","url":"https:\/\/newgarden.es\/fr\/shop\/pot-de-fleur\/pots-de-fleurs-sans-eclairage\/calendula-50-rustic-color\/","name":"POT DE FLEURS CAL\u00c9NDULA 50 RUSTIQUE EXT\u00c9RIEUR","isPartOf":{"@id":"https:\/\/newgarden.es\/#website"},"primaryImageOfPage":{"@id":"https:\/\/newgarden.es\/fr\/shop\/pot-de-fleur\/pots-de-fleurs-sans-eclairage\/calendula-50-rustic-color\/#primaryimage"},"image":{"@id":"https:\/\/newgarden.es\/fr\/shop\/pot-de-fleur\/pots-de-fleurs-sans-eclairage\/calendula-50-rustic-color\/#primaryimage"},"thumbnailUrl":"https:\/\/newgarden.es\/wp-content\/uploads\/2019\/04\/CALENDULA_50_FW-4.jpg","datePublished":"2019-10-21T09:21:47+00:00","dateModified":"2024-06-13T10:37:29+00:00","description":"POT DE FLEURS CAL\u00c9NDULA 50 RUSTIQUE : C'est un pot de fleurs de grande capacit\u00e9. Lignes basiques et textur\u00e9es en finition rustique. Id\u00e9al pour les plantes","breadcrumb":{"@id":"https:\/\/newgarden.es\/fr\/shop\/pot-de-fleur\/pots-de-fleurs-sans-eclairage\/calendula-50-rustic-color\/#breadcrumb"},"inLanguage":"fr-FR","potentialAction":[{"@type":"ReadAction","target":["https:\/\/newgarden.es\/fr\/shop\/pot-de-fleur\/pots-de-fleurs-sans-eclairage\/calendula-50-rustic-color\/"]}]},{"@type":"ImageObject","inLanguage":"fr-FR","@id":"https:\/\/newgarden.es\/fr\/shop\/pot-de-fleur\/pots-de-fleurs-sans-eclairage\/calendula-50-rustic-color\/#primaryimage","url":"https:\/\/newgarden.es\/wp-content\/uploads\/2019\/04\/CALENDULA_50_FW-4.jpg","contentUrl":"https:\/\/newgarden.es\/wp-content\/uploads\/2019\/04\/CALENDULA_50_FW-4.jpg","width":1200,"height":1200},{"@type":"BreadcrumbList","@id":"https:\/\/newgarden.es\/fr\/shop\/pot-de-fleur\/pots-de-fleurs-sans-eclairage\/calendula-50-rustic-color\/#breadcrumb","itemListElement":[{"@type":"ListItem","position":1,"name":"Home","item":"https:\/\/newgarden.es\/fr\/"},{"@type":"ListItem","position":2,"name":"Boutique","item":"https:\/\/newgarden.es\/fr\/boutique\/"},{"@type":"ListItem","position":3,"name":"POT DE FLEURS CAL\u00c9NDULA 50 RUSTIQUE"}]},{"@type":"WebSite","@id":"https:\/\/newgarden.es\/#website","url":"https:\/\/newgarden.es\/","name":"Newgarden","description":"Be happy","potentialAction":[{"@type":"SearchAction","target":{"@type":"EntryPoint","urlTemplate":"https:\/\/newgarden.es\/?s={search_term_string}"},"query-input":{"@type":"PropertyValueSpecification","valueRequired":true,"valueName":"search_term_string"}}],"inLanguage":"fr-FR"}]}},"df_price":127.9,"df_sale_price":"","df_regular_price":127.9,"df_image_link":"https:\/\/newgarden.es\/wp-content\/uploads\/2019\/04\/CALENDULA_50_FW-4-580x400.jpg","_links":{"self":[{"href":"https:\/\/newgarden.es\/fr\/wp-json\/wp\/v2\/product\/18602"}],"collection":[{"href":"https:\/\/newgarden.es\/fr\/wp-json\/wp\/v2\/product"}],"about":[{"href":"https:\/\/newgarden.es\/fr\/wp-json\/wp\/v2\/types\/product"}],"wp:featuredmedia":[{"embeddable":true,"href":"https:\/\/newgarden.es\/fr\/wp-json\/wp\/v2\/media\/60660"}],"wp:attachment":[{"href":"https:\/\/newgarden.es\/fr\/wp-json\/wp\/v2\/media?parent=18602"}],"wp:term":[{"taxonomy":"product_cat","embeddable":true,"href":"https:\/\/newgarden.es\/fr\/wp-json\/wp\/v2\/product_cat?post=18602"},{"taxonomy":"product_tag","embeddable":true,"href":"https:\/\/newgarden.es\/fr\/wp-json\/wp\/v2\/product_tag?post=18602"}],"curies":[{"name":"wp","href":"https:\/\/api.w.org\/{rel}","templated":true}]}}