{"id":18677,"date":"2019-04-25T16:44:26","date_gmt":"2019-10-21T09:32:48","guid":{"rendered":"https:\/\/newgarden.es\/shop\/sin%20categor\u00eda\/pufy-45-color\/"},"modified":"2024-06-13T09:50:43","modified_gmt":"2024-06-13T07:50:43","slug":"pufy-45-color","status":"publish","type":"product","link":"https:\/\/newgarden.es\/fr\/shop\/mobilier\/sieges\/pufy-45-color\/","title":{"rendered":"TABLE OU SI\u00c8GE PUFY 45"},"content":{"rendered":"<section class=\"wpb-content-wrapper\"><p>[vc_row][vc_column el_class=&#8221;descripcion_producto&#8221;][vc_column_text]<\/p>\n<p style=\"text-align: justify;\"><em>*PUFY : Table ou si\u00e8ge carr\u00e9 disponible en plusieurs couleurs. Il a des pattes en nylon incorpor\u00e9es pour une meilleure prise en main. Combinez-le avec CUBY FAMILY pour cr\u00e9er des compositions originales<\/em><\/p>\n<p style=\"text-align: justify;\"><em>Tous les produits Newgarden sont fabriqu\u00e9s en poly\u00e9thyl\u00e8ne, ils sont donc l\u00e9gers et tr\u00e8s r\u00e9sistants aux temp\u00e9ratures extr\u00eames. Ils sont \u00e9galement prot\u00e9g\u00e9s contre les rayons UV, ce qui rend la dur\u00e9e de vie du produit extraordinairement longue. <\/em><\/p>\n<p>[\/vc_column_text][\/vc_column][\/vc_row][vc_row disable_element=&#8221;yes&#8221;][vc_column][vc_single_image image=&#8221;6566&#8243; img_size=&#8221;full&#8221;][\/vc_column][\/vc_row][vc_row][vc_column width=&#8221;1\/2&#8243;][vc_btn title=&#8221;Fiche technique&#8221; style=&#8221;custom&#8221; custom_background=&#8221;#009bc2&#8243; custom_text=&#8221;#ffffff&#8221; shape=&#8221;square&#8221; link=&#8221;url:https%3A%2F%2Fbit.ly%2F3OydTlz|target:%20_blank|&#8221; el_class=&#8221;btn_descargar_ficha&#8221;][\/vc_column][vc_column width=&#8221;1\/2&#8243;][\/vc_column][\/vc_row]<\/p>\n<\/section>","protected":false},"excerpt":{"rendered":"<h1 style=\"font-size: 12px;\">Table ou si\u00e8ge Pufy 45 en couleur &#8211; blanc opaque<\/h1>\n","protected":false},"featured_media":63676,"template":"","meta":[],"product_cat":[657,658,748],"product_tag":[],"class_list":{"0":"post-18677","1":"product","2":"type-product","3":"status-publish","4":"has-post-thumbnail","6":"product_cat-mobilier","7":"product_cat-sieges","8":"product_cat-tables-et-tables-basses","10":"first","11":"instock","12":"taxable","13":"shipping-taxable","14":"purchasable","15":"product-type-variable"},"yoast_head":"<!-- This site is optimized with the Yoast SEO plugin v24.2 - https:\/\/yoast.com\/wordpress\/plugins\/seo\/ -->\n<title>TABLE OU SI\u00c8GE PUFY 45 POUR EXT\u00c9RIEUR INT\u00c9RIEUR<\/title>\n<meta name=\"description\" content=\"Table ou si\u00e8ge carr\u00e9 disponible en plusieurs couleurs. Il a des pattes en nylon incorpor\u00e9es pour une des compositions originales\" \/>\n<meta name=\"robots\" content=\"index, follow, max-snippet:-1, max-image-preview:large, max-video-preview:-1\" \/>\n<link rel=\"canonical\" href=\"https:\/\/newgarden.es\/fr\/shop\/mobilier\/sieges\/pufy-45-color\/\" \/>\n<meta property=\"og:locale\" content=\"fr_FR\" \/>\n<meta property=\"og:type\" content=\"article\" \/>\n<meta property=\"og:title\" content=\"TABLE OU SI\u00c8GE PUFY 45 POUR EXT\u00c9RIEUR INT\u00c9RIEUR\" \/>\n<meta property=\"og:description\" content=\"Table ou si\u00e8ge carr\u00e9 disponible en plusieurs couleurs. Il a des pattes en nylon incorpor\u00e9es pour une des compositions originales\" \/>\n<meta property=\"og:url\" content=\"https:\/\/newgarden.es\/fr\/shop\/mobilier\/sieges\/pufy-45-color\/\" \/>\n<meta property=\"og:site_name\" content=\"Newgarden\" \/>\n<meta property=\"article:modified_time\" content=\"2024-06-13T07:50:43+00:00\" \/>\n<meta property=\"og:image\" content=\"https:\/\/newgarden.es\/wp-content\/uploads\/2019\/04\/PUFY_1200X1200-5.jpg\" \/>\n\t<meta property=\"og:image:width\" content=\"1200\" \/>\n\t<meta property=\"og:image:height\" content=\"1200\" \/>\n\t<meta property=\"og:image:type\" content=\"image\/jpeg\" \/>\n<meta name=\"twitter:card\" content=\"summary_large_image\" \/>\n<meta name=\"twitter:label1\" content=\"Dur\u00e9e de lecture estim\u00e9e\" \/>\n\t<meta name=\"twitter:data1\" content=\"1 minute\" \/>\n<script type=\"application\/ld+json\" class=\"yoast-schema-graph\">{\"@context\":\"https:\/\/schema.org\",\"@graph\":[{\"@type\":\"WebPage\",\"@id\":\"https:\/\/newgarden.es\/fr\/shop\/mobilier\/sieges\/pufy-45-color\/\",\"url\":\"https:\/\/newgarden.es\/fr\/shop\/mobilier\/sieges\/pufy-45-color\/\",\"name\":\"TABLE OU SI\u00c8GE PUFY 45 POUR EXT\u00c9RIEUR INT\u00c9RIEUR\",\"isPartOf\":{\"@id\":\"https:\/\/newgarden.es\/#website\"},\"primaryImageOfPage\":{\"@id\":\"https:\/\/newgarden.es\/fr\/shop\/mobilier\/sieges\/pufy-45-color\/#primaryimage\"},\"image\":{\"@id\":\"https:\/\/newgarden.es\/fr\/shop\/mobilier\/sieges\/pufy-45-color\/#primaryimage\"},\"thumbnailUrl\":\"https:\/\/newgarden.es\/wp-content\/uploads\/2019\/04\/PUFY_1200X1200-5.jpg\",\"datePublished\":\"2019-10-21T09:32:48+00:00\",\"dateModified\":\"2024-06-13T07:50:43+00:00\",\"description\":\"Table ou si\u00e8ge carr\u00e9 disponible en plusieurs couleurs. Il a des pattes en nylon incorpor\u00e9es pour une des compositions originales\",\"breadcrumb\":{\"@id\":\"https:\/\/newgarden.es\/fr\/shop\/mobilier\/sieges\/pufy-45-color\/#breadcrumb\"},\"inLanguage\":\"fr-FR\",\"potentialAction\":[{\"@type\":\"ReadAction\",\"target\":[\"https:\/\/newgarden.es\/fr\/shop\/mobilier\/sieges\/pufy-45-color\/\"]}]},{\"@type\":\"ImageObject\",\"inLanguage\":\"fr-FR\",\"@id\":\"https:\/\/newgarden.es\/fr\/shop\/mobilier\/sieges\/pufy-45-color\/#primaryimage\",\"url\":\"https:\/\/newgarden.es\/wp-content\/uploads\/2019\/04\/PUFY_1200X1200-5.jpg\",\"contentUrl\":\"https:\/\/newgarden.es\/wp-content\/uploads\/2019\/04\/PUFY_1200X1200-5.jpg\",\"width\":1200,\"height\":1200},{\"@type\":\"BreadcrumbList\",\"@id\":\"https:\/\/newgarden.es\/fr\/shop\/mobilier\/sieges\/pufy-45-color\/#breadcrumb\",\"itemListElement\":[{\"@type\":\"ListItem\",\"position\":1,\"name\":\"Home\",\"item\":\"https:\/\/newgarden.es\/fr\/\"},{\"@type\":\"ListItem\",\"position\":2,\"name\":\"Boutique\",\"item\":\"https:\/\/newgarden.es\/fr\/boutique\/\"},{\"@type\":\"ListItem\",\"position\":3,\"name\":\"TABLE OU SI\u00c8GE PUFY 45\"}]},{\"@type\":\"WebSite\",\"@id\":\"https:\/\/newgarden.es\/#website\",\"url\":\"https:\/\/newgarden.es\/\",\"name\":\"Newgarden\",\"description\":\"Be happy\",\"potentialAction\":[{\"@type\":\"SearchAction\",\"target\":{\"@type\":\"EntryPoint\",\"urlTemplate\":\"https:\/\/newgarden.es\/?s={search_term_string}\"},\"query-input\":{\"@type\":\"PropertyValueSpecification\",\"valueRequired\":true,\"valueName\":\"search_term_string\"}}],\"inLanguage\":\"fr-FR\"}]}<\/script>\n<!-- \/ Yoast SEO plugin. -->","yoast_head_json":{"title":"TABLE OU SI\u00c8GE PUFY 45 POUR EXT\u00c9RIEUR INT\u00c9RIEUR","description":"Table ou si\u00e8ge carr\u00e9 disponible en plusieurs couleurs. Il a des pattes en nylon incorpor\u00e9es pour une des compositions originales","robots":{"index":"index","follow":"follow","max-snippet":"max-snippet:-1","max-image-preview":"max-image-preview:large","max-video-preview":"max-video-preview:-1"},"canonical":"https:\/\/newgarden.es\/fr\/shop\/mobilier\/sieges\/pufy-45-color\/","og_locale":"fr_FR","og_type":"article","og_title":"TABLE OU SI\u00c8GE PUFY 45 POUR EXT\u00c9RIEUR INT\u00c9RIEUR","og_description":"Table ou si\u00e8ge carr\u00e9 disponible en plusieurs couleurs. Il a des pattes en nylon incorpor\u00e9es pour une des compositions originales","og_url":"https:\/\/newgarden.es\/fr\/shop\/mobilier\/sieges\/pufy-45-color\/","og_site_name":"Newgarden","article_modified_time":"2024-06-13T07:50:43+00:00","og_image":[{"width":1200,"height":1200,"url":"https:\/\/newgarden.es\/wp-content\/uploads\/2019\/04\/PUFY_1200X1200-5.jpg","type":"image\/jpeg"}],"twitter_card":"summary_large_image","twitter_misc":{"Dur\u00e9e de lecture estim\u00e9e":"1 minute"},"schema":{"@context":"https:\/\/schema.org","@graph":[{"@type":"WebPage","@id":"https:\/\/newgarden.es\/fr\/shop\/mobilier\/sieges\/pufy-45-color\/","url":"https:\/\/newgarden.es\/fr\/shop\/mobilier\/sieges\/pufy-45-color\/","name":"TABLE OU SI\u00c8GE PUFY 45 POUR EXT\u00c9RIEUR INT\u00c9RIEUR","isPartOf":{"@id":"https:\/\/newgarden.es\/#website"},"primaryImageOfPage":{"@id":"https:\/\/newgarden.es\/fr\/shop\/mobilier\/sieges\/pufy-45-color\/#primaryimage"},"image":{"@id":"https:\/\/newgarden.es\/fr\/shop\/mobilier\/sieges\/pufy-45-color\/#primaryimage"},"thumbnailUrl":"https:\/\/newgarden.es\/wp-content\/uploads\/2019\/04\/PUFY_1200X1200-5.jpg","datePublished":"2019-10-21T09:32:48+00:00","dateModified":"2024-06-13T07:50:43+00:00","description":"Table ou si\u00e8ge carr\u00e9 disponible en plusieurs couleurs. Il a des pattes en nylon incorpor\u00e9es pour une des compositions originales","breadcrumb":{"@id":"https:\/\/newgarden.es\/fr\/shop\/mobilier\/sieges\/pufy-45-color\/#breadcrumb"},"inLanguage":"fr-FR","potentialAction":[{"@type":"ReadAction","target":["https:\/\/newgarden.es\/fr\/shop\/mobilier\/sieges\/pufy-45-color\/"]}]},{"@type":"ImageObject","inLanguage":"fr-FR","@id":"https:\/\/newgarden.es\/fr\/shop\/mobilier\/sieges\/pufy-45-color\/#primaryimage","url":"https:\/\/newgarden.es\/wp-content\/uploads\/2019\/04\/PUFY_1200X1200-5.jpg","contentUrl":"https:\/\/newgarden.es\/wp-content\/uploads\/2019\/04\/PUFY_1200X1200-5.jpg","width":1200,"height":1200},{"@type":"BreadcrumbList","@id":"https:\/\/newgarden.es\/fr\/shop\/mobilier\/sieges\/pufy-45-color\/#breadcrumb","itemListElement":[{"@type":"ListItem","position":1,"name":"Home","item":"https:\/\/newgarden.es\/fr\/"},{"@type":"ListItem","position":2,"name":"Boutique","item":"https:\/\/newgarden.es\/fr\/boutique\/"},{"@type":"ListItem","position":3,"name":"TABLE OU SI\u00c8GE PUFY 45"}]},{"@type":"WebSite","@id":"https:\/\/newgarden.es\/#website","url":"https:\/\/newgarden.es\/","name":"Newgarden","description":"Be happy","potentialAction":[{"@type":"SearchAction","target":{"@type":"EntryPoint","urlTemplate":"https:\/\/newgarden.es\/?s={search_term_string}"},"query-input":{"@type":"PropertyValueSpecification","valueRequired":true,"valueName":"search_term_string"}}],"inLanguage":"fr-FR"}]}},"df_price":72.3,"df_sale_price":"","df_regular_price":72.3,"df_image_link":"https:\/\/newgarden.es\/wp-content\/uploads\/2019\/04\/PUFY_1200X1200-5-580x400.jpg","_links":{"self":[{"href":"https:\/\/newgarden.es\/fr\/wp-json\/wp\/v2\/product\/18677"}],"collection":[{"href":"https:\/\/newgarden.es\/fr\/wp-json\/wp\/v2\/product"}],"about":[{"href":"https:\/\/newgarden.es\/fr\/wp-json\/wp\/v2\/types\/product"}],"wp:featuredmedia":[{"embeddable":true,"href":"https:\/\/newgarden.es\/fr\/wp-json\/wp\/v2\/media\/63676"}],"wp:attachment":[{"href":"https:\/\/newgarden.es\/fr\/wp-json\/wp\/v2\/media?parent=18677"}],"wp:term":[{"taxonomy":"product_cat","embeddable":true,"href":"https:\/\/newgarden.es\/fr\/wp-json\/wp\/v2\/product_cat?post=18677"},{"taxonomy":"product_tag","embeddable":true,"href":"https:\/\/newgarden.es\/fr\/wp-json\/wp\/v2\/product_tag?post=18677"}],"curies":[{"name":"wp","href":"https:\/\/api.w.org\/{rel}","templated":true}]}}