{"id":18696,"date":"2019-04-25T16:44:22","date_gmt":"2019-10-21T09:34:01","guid":{"rendered":"https:\/\/newgarden.es\/shop\/sin%20categor\u00eda\/palma-botellero-luz-2\/"},"modified":"2022-01-24T16:57:34","modified_gmt":"2022-01-24T15:57:34","slug":"palma-botellero-luz-2-2","status":"publish","type":"product","link":"https:\/\/newgarden.es\/fr\/shop\/mobilier\/porte-bouteilles\/palma-botellero-luz-2-2\/","title":{"rendered":"SEAU \u00c0 BOUTEILLE PALMA AVEC LUMI\u00c8RE"},"content":{"rendered":"<section class=\"wpb-content-wrapper\"><p>[vc_row][vc_column el_class=\u00a0\u00bbdescripcion_producto\u00a0\u00bb][vc_column_text]<\/p>\n<p style=\"text-align: justify;\">SEAU \u00c0 BOUTEILLE <strong>PALMA<\/strong> AVEC LUMI\u00c8RE:<\/p>\n<p>Seau \u00e0 boisson cylindrique lumineux de hauteur moyenne. Id\u00e9al pour donner une touche de design \u00e0 votre maison ou entreprise tout en gardant vos boissons au frais. Il int\u00e8gre deux poign\u00e9es confortables pour une meilleure maniabilit\u00e9.<br \/>\nEn version <strong>SOLAIRE+BATTERIE<\/strong> rechargeable.<\/p>\n<p><em>Tous les produits Newgarden sont fabriqu\u00e9s en poly\u00e9thyl\u00e8ne, ils sont donc l\u00e9gers et tr\u00e8s r\u00e9sistants aux temp\u00e9ratures extr\u00eames. Ils sont \u00e9galement r\u00e9sistants\u00a0aux\u00a0rayons UV, ce qui rend la dur\u00e9e de vie du produit extraordinairement longue.<\/em><\/p>\n<ul class=\"tablaTech\">\n<li>\n<div class=\"boxContents no-border\">\n<div class=\"name\"><strong>TAILLE<\/strong><\/div>\n<div class=\"data\">\u00f835 x 70 cm<\/div>\n<\/div>\n<\/li>\n<\/ul>\n<p>[\/vc_column_text][\/vc_column][\/vc_row][vc_row disable_element=\u00a0\u00bbyes\u00a0\u00bb][vc_column][vc_single_image image=\u00a0\u00bb6566&Prime; img_size=\u00a0\u00bbfull\u00a0\u00bb][\/vc_column][\/vc_row][vc_row][vc_column width=\u00a0\u00bb1\/2&Prime;][vc_btn title=\u00a0\u00bbFiche technique\u00a0\u00bb style=\u00a0\u00bbcustom\u00a0\u00bb custom_background=\u00a0\u00bb#009bc2&Prime; custom_text=\u00a0\u00bb#ffffff\u00a0\u00bb shape=\u00a0\u00bbsquare\u00a0\u00bb link=\u00a0\u00bburl:https%3A%2F%2Fwww.newgarden.es%2Fwp-content%2Fuploads%2F2018%2F05%2FPalma-botellero.pdf|target:%20_blank|\u00a0\u00bb el_class=\u00a0\u00bbbtn_descargar_ficha\u00a0\u00bb][\/vc_column][vc_column width=\u00a0\u00bb1\/2&Prime;][vc_btn title=\u00a0\u00bbManuel d&rsquo;instrutions\u00a0\u00bb style=\u00a0\u00bbcustom\u00a0\u00bb custom_background=\u00a0\u00bb#009bc2&Prime; custom_text=\u00a0\u00bb#ffffff\u00a0\u00bb shape=\u00a0\u00bbsquare\u00a0\u00bb link=\u00a0\u00bburl:https%3A%2F%2Fnewgarden.es%2Finstrucciones%2F||target:%20_blank|\u00a0\u00bb el_class=\u00a0\u00bbbtn_descargar_ficha\u00a0\u00bb][\/vc_column][\/vc_row]<\/p>\n<\/section>","protected":false},"excerpt":{"rendered":"<h1 style=\"font-size: 12px;\">Seau \u00e0 bouteille lumineux Palma<\/h1>\n","protected":false},"featured_media":64021,"template":"","meta":[],"product_cat":[651,657,1609],"product_tag":[707,648],"class_list":{"0":"post-18696","1":"product","2":"type-product","3":"status-publish","4":"has-post-thumbnail","6":"product_cat-lightdeco-fr","7":"product_cat-mobilier","8":"product_cat-porte-bouteilles","9":"product_tag-sans-fil","10":"product_tag-solaire","12":"first","13":"instock","14":"taxable","15":"shipping-taxable","16":"purchasable","17":"product-type-variable"},"yoast_head":"<!-- This site is optimized with the Yoast SEO plugin v24.2 - https:\/\/yoast.com\/wordpress\/plugins\/seo\/ -->\n<title>SEAU \u00c0 BOUTEILLE PALMA AVEC LUMI\u00c8RE POUR<\/title>\n<meta name=\"description\" content=\"Seau \u00e0 boisson cylindrique lumineux de hauteur moyenne. Id\u00e9al pour donner une touche de design \u00e0 votre maison ou entreprise tout en gardant vos boissons au\" \/>\n<meta name=\"robots\" content=\"index, follow, max-snippet:-1, max-image-preview:large, max-video-preview:-1\" \/>\n<link rel=\"canonical\" href=\"https:\/\/newgarden.es\/fr\/shop\/mobilier\/porte-bouteilles\/palma-botellero-luz-2-2\/\" \/>\n<meta property=\"og:locale\" content=\"fr_FR\" \/>\n<meta property=\"og:type\" content=\"article\" \/>\n<meta property=\"og:title\" content=\"SEAU \u00c0 BOUTEILLE PALMA AVEC LUMI\u00c8RE POUR\" \/>\n<meta property=\"og:description\" content=\"Seau \u00e0 boisson cylindrique lumineux de hauteur moyenne. Id\u00e9al pour donner une touche de design \u00e0 votre maison ou entreprise tout en gardant vos boissons au\" \/>\n<meta property=\"og:url\" content=\"https:\/\/newgarden.es\/fr\/shop\/mobilier\/porte-bouteilles\/palma-botellero-luz-2-2\/\" \/>\n<meta property=\"og:site_name\" content=\"Newgarden\" \/>\n<meta property=\"article:modified_time\" content=\"2022-01-24T15:57:34+00:00\" \/>\n<meta property=\"og:image\" content=\"https:\/\/newgarden.es\/wp-content\/uploads\/2019\/06\/PALMA_BOTELLERO_1200X1200-4-1.jpg\" \/>\n\t<meta property=\"og:image:width\" content=\"1200\" \/>\n\t<meta property=\"og:image:height\" content=\"1200\" \/>\n\t<meta property=\"og:image:type\" content=\"image\/jpeg\" \/>\n<meta name=\"twitter:card\" content=\"summary_large_image\" \/>\n<meta name=\"twitter:label1\" content=\"Dur\u00e9e de lecture estim\u00e9e\" \/>\n\t<meta name=\"twitter:data1\" content=\"1 minute\" \/>\n<script type=\"application\/ld+json\" class=\"yoast-schema-graph\">{\"@context\":\"https:\/\/schema.org\",\"@graph\":[{\"@type\":\"WebPage\",\"@id\":\"https:\/\/newgarden.es\/fr\/shop\/mobilier\/porte-bouteilles\/palma-botellero-luz-2-2\/\",\"url\":\"https:\/\/newgarden.es\/fr\/shop\/mobilier\/porte-bouteilles\/palma-botellero-luz-2-2\/\",\"name\":\"SEAU \u00c0 BOUTEILLE PALMA AVEC LUMI\u00c8RE POUR\",\"isPartOf\":{\"@id\":\"https:\/\/newgarden.es\/#website\"},\"primaryImageOfPage\":{\"@id\":\"https:\/\/newgarden.es\/fr\/shop\/mobilier\/porte-bouteilles\/palma-botellero-luz-2-2\/#primaryimage\"},\"image\":{\"@id\":\"https:\/\/newgarden.es\/fr\/shop\/mobilier\/porte-bouteilles\/palma-botellero-luz-2-2\/#primaryimage\"},\"thumbnailUrl\":\"https:\/\/newgarden.es\/wp-content\/uploads\/2019\/06\/PALMA_BOTELLERO_1200X1200-4-1.jpg\",\"datePublished\":\"2019-10-21T09:34:01+00:00\",\"dateModified\":\"2022-01-24T15:57:34+00:00\",\"description\":\"Seau \u00e0 boisson cylindrique lumineux de hauteur moyenne. Id\u00e9al pour donner une touche de design \u00e0 votre maison ou entreprise tout en gardant vos boissons au\",\"breadcrumb\":{\"@id\":\"https:\/\/newgarden.es\/fr\/shop\/mobilier\/porte-bouteilles\/palma-botellero-luz-2-2\/#breadcrumb\"},\"inLanguage\":\"fr-FR\",\"potentialAction\":[{\"@type\":\"ReadAction\",\"target\":[\"https:\/\/newgarden.es\/fr\/shop\/mobilier\/porte-bouteilles\/palma-botellero-luz-2-2\/\"]}]},{\"@type\":\"ImageObject\",\"inLanguage\":\"fr-FR\",\"@id\":\"https:\/\/newgarden.es\/fr\/shop\/mobilier\/porte-bouteilles\/palma-botellero-luz-2-2\/#primaryimage\",\"url\":\"https:\/\/newgarden.es\/wp-content\/uploads\/2019\/06\/PALMA_BOTELLERO_1200X1200-4-1.jpg\",\"contentUrl\":\"https:\/\/newgarden.es\/wp-content\/uploads\/2019\/06\/PALMA_BOTELLERO_1200X1200-4-1.jpg\",\"width\":1200,\"height\":1200},{\"@type\":\"BreadcrumbList\",\"@id\":\"https:\/\/newgarden.es\/fr\/shop\/mobilier\/porte-bouteilles\/palma-botellero-luz-2-2\/#breadcrumb\",\"itemListElement\":[{\"@type\":\"ListItem\",\"position\":1,\"name\":\"Home\",\"item\":\"https:\/\/newgarden.es\/fr\/\"},{\"@type\":\"ListItem\",\"position\":2,\"name\":\"Boutique\",\"item\":\"https:\/\/newgarden.es\/fr\/boutique\/\"},{\"@type\":\"ListItem\",\"position\":3,\"name\":\"SEAU \u00c0 BOUTEILLE PALMA AVEC LUMI\u00c8RE\"}]},{\"@type\":\"WebSite\",\"@id\":\"https:\/\/newgarden.es\/#website\",\"url\":\"https:\/\/newgarden.es\/\",\"name\":\"Newgarden\",\"description\":\"Be happy\",\"potentialAction\":[{\"@type\":\"SearchAction\",\"target\":{\"@type\":\"EntryPoint\",\"urlTemplate\":\"https:\/\/newgarden.es\/?s={search_term_string}\"},\"query-input\":{\"@type\":\"PropertyValueSpecification\",\"valueRequired\":true,\"valueName\":\"search_term_string\"}}],\"inLanguage\":\"fr-FR\"}]}<\/script>\n<!-- \/ Yoast SEO plugin. -->","yoast_head_json":{"title":"SEAU \u00c0 BOUTEILLE PALMA AVEC LUMI\u00c8RE POUR","description":"Seau \u00e0 boisson cylindrique lumineux de hauteur moyenne. Id\u00e9al pour donner une touche de design \u00e0 votre maison ou entreprise tout en gardant vos boissons au","robots":{"index":"index","follow":"follow","max-snippet":"max-snippet:-1","max-image-preview":"max-image-preview:large","max-video-preview":"max-video-preview:-1"},"canonical":"https:\/\/newgarden.es\/fr\/shop\/mobilier\/porte-bouteilles\/palma-botellero-luz-2-2\/","og_locale":"fr_FR","og_type":"article","og_title":"SEAU \u00c0 BOUTEILLE PALMA AVEC LUMI\u00c8RE POUR","og_description":"Seau \u00e0 boisson cylindrique lumineux de hauteur moyenne. Id\u00e9al pour donner une touche de design \u00e0 votre maison ou entreprise tout en gardant vos boissons au","og_url":"https:\/\/newgarden.es\/fr\/shop\/mobilier\/porte-bouteilles\/palma-botellero-luz-2-2\/","og_site_name":"Newgarden","article_modified_time":"2022-01-24T15:57:34+00:00","og_image":[{"width":1200,"height":1200,"url":"https:\/\/newgarden.es\/wp-content\/uploads\/2019\/06\/PALMA_BOTELLERO_1200X1200-4-1.jpg","type":"image\/jpeg"}],"twitter_card":"summary_large_image","twitter_misc":{"Dur\u00e9e de lecture estim\u00e9e":"1 minute"},"schema":{"@context":"https:\/\/schema.org","@graph":[{"@type":"WebPage","@id":"https:\/\/newgarden.es\/fr\/shop\/mobilier\/porte-bouteilles\/palma-botellero-luz-2-2\/","url":"https:\/\/newgarden.es\/fr\/shop\/mobilier\/porte-bouteilles\/palma-botellero-luz-2-2\/","name":"SEAU \u00c0 BOUTEILLE PALMA AVEC LUMI\u00c8RE POUR","isPartOf":{"@id":"https:\/\/newgarden.es\/#website"},"primaryImageOfPage":{"@id":"https:\/\/newgarden.es\/fr\/shop\/mobilier\/porte-bouteilles\/palma-botellero-luz-2-2\/#primaryimage"},"image":{"@id":"https:\/\/newgarden.es\/fr\/shop\/mobilier\/porte-bouteilles\/palma-botellero-luz-2-2\/#primaryimage"},"thumbnailUrl":"https:\/\/newgarden.es\/wp-content\/uploads\/2019\/06\/PALMA_BOTELLERO_1200X1200-4-1.jpg","datePublished":"2019-10-21T09:34:01+00:00","dateModified":"2022-01-24T15:57:34+00:00","description":"Seau \u00e0 boisson cylindrique lumineux de hauteur moyenne. Id\u00e9al pour donner une touche de design \u00e0 votre maison ou entreprise tout en gardant vos boissons au","breadcrumb":{"@id":"https:\/\/newgarden.es\/fr\/shop\/mobilier\/porte-bouteilles\/palma-botellero-luz-2-2\/#breadcrumb"},"inLanguage":"fr-FR","potentialAction":[{"@type":"ReadAction","target":["https:\/\/newgarden.es\/fr\/shop\/mobilier\/porte-bouteilles\/palma-botellero-luz-2-2\/"]}]},{"@type":"ImageObject","inLanguage":"fr-FR","@id":"https:\/\/newgarden.es\/fr\/shop\/mobilier\/porte-bouteilles\/palma-botellero-luz-2-2\/#primaryimage","url":"https:\/\/newgarden.es\/wp-content\/uploads\/2019\/06\/PALMA_BOTELLERO_1200X1200-4-1.jpg","contentUrl":"https:\/\/newgarden.es\/wp-content\/uploads\/2019\/06\/PALMA_BOTELLERO_1200X1200-4-1.jpg","width":1200,"height":1200},{"@type":"BreadcrumbList","@id":"https:\/\/newgarden.es\/fr\/shop\/mobilier\/porte-bouteilles\/palma-botellero-luz-2-2\/#breadcrumb","itemListElement":[{"@type":"ListItem","position":1,"name":"Home","item":"https:\/\/newgarden.es\/fr\/"},{"@type":"ListItem","position":2,"name":"Boutique","item":"https:\/\/newgarden.es\/fr\/boutique\/"},{"@type":"ListItem","position":3,"name":"SEAU \u00c0 BOUTEILLE PALMA AVEC LUMI\u00c8RE"}]},{"@type":"WebSite","@id":"https:\/\/newgarden.es\/#website","url":"https:\/\/newgarden.es\/","name":"Newgarden","description":"Be happy","potentialAction":[{"@type":"SearchAction","target":{"@type":"EntryPoint","urlTemplate":"https:\/\/newgarden.es\/?s={search_term_string}"},"query-input":{"@type":"PropertyValueSpecification","valueRequired":true,"valueName":"search_term_string"}}],"inLanguage":"fr-FR"}]}},"df_price":123.6,"df_sale_price":"","df_regular_price":123.6,"df_image_link":"https:\/\/newgarden.es\/wp-content\/uploads\/2019\/06\/PALMA_BOTELLERO_1200X1200-4-1-580x400.jpg","_links":{"self":[{"href":"https:\/\/newgarden.es\/fr\/wp-json\/wp\/v2\/product\/18696"}],"collection":[{"href":"https:\/\/newgarden.es\/fr\/wp-json\/wp\/v2\/product"}],"about":[{"href":"https:\/\/newgarden.es\/fr\/wp-json\/wp\/v2\/types\/product"}],"wp:featuredmedia":[{"embeddable":true,"href":"https:\/\/newgarden.es\/fr\/wp-json\/wp\/v2\/media\/64021"}],"wp:attachment":[{"href":"https:\/\/newgarden.es\/fr\/wp-json\/wp\/v2\/media?parent=18696"}],"wp:term":[{"taxonomy":"product_cat","embeddable":true,"href":"https:\/\/newgarden.es\/fr\/wp-json\/wp\/v2\/product_cat?post=18696"},{"taxonomy":"product_tag","embeddable":true,"href":"https:\/\/newgarden.es\/fr\/wp-json\/wp\/v2\/product_tag?post=18696"}],"curies":[{"name":"wp","href":"https:\/\/api.w.org\/{rel}","templated":true}]}}