{"id":18753,"date":"2019-04-25T16:42:21","date_gmt":"2019-10-21T09:40:37","guid":{"rendered":"https:\/\/newgarden.es\/shop\/sin%20categor\u00eda\/capri-40-color\/"},"modified":"2024-06-13T10:10:21","modified_gmt":"2024-06-13T08:10:21","slug":"capri-40-color","status":"publish","type":"product","link":"https:\/\/newgarden.es\/fr\/shop\/mobilier\/tables-et-tables-basses\/capri-40-color\/","title":{"rendered":"TABLE BASSE EN COULEURS OPAQUES CAPRI 40"},"content":{"rendered":"<section class=\"wpb-content-wrapper\"><p>[vc_row][vc_column el_class=&#8221;descripcion_producto&#8221;][vc_column_text]<\/p>\n<p style=\"text-align: justify;\"><em>*CAPRI : Table ronde en diff\u00e9rentes hauteurs et finitions. Combinez-la avec MALLORCA MENORCA ou CORFU pour cr\u00e9er des environnements de d\u00e9tente dans votre maison ou votre entreprise. Panneau de m\u00e9thacrylate inclus pour prot\u00e9ger la surface. <\/em><\/p>\n<p style=\"text-align: justify;\"><em>Tous les produits Newgarden sont fabriqu\u00e9s en poly\u00e9thyl\u00e8ne, ils sont donc l\u00e9gers et tr\u00e8s r\u00e9sistants. Ils r\u00e9sistent aux variations extr\u00eames de temp\u00e9rature et sont prot\u00e9g\u00e9s contre les rayons UV, ce qui rend la dur\u00e9e de vie du produit presque illimit\u00e9e. <\/em><\/p>\n<p>[\/vc_column_text][\/vc_column][\/vc_row][vc_row disable_element=&#8221;yes&#8221;][vc_column][vc_single_image image=&#8221;6566&#8243; img_size=&#8221;full&#8221;][\/vc_column][\/vc_row][vc_row][vc_column width=&#8221;1\/2&#8243;][vc_btn title=&#8221;Fiche technique&#8221; style=&#8221;custom&#8221; custom_background=&#8221;#009bc2&#8243; custom_text=&#8221;#ffffff&#8221; shape=&#8221;square&#8221; link=&#8221;url:https%3A%2F%2Fbit.ly%2F3zURqtk|target:%20_blank|&#8221; el_class=&#8221;btn_descargar_ficha&#8221;][\/vc_column][\/vc_row]<\/p>\n<\/section>","protected":false},"excerpt":{"rendered":"<h1 style=\"font-size: 12px;\">TABLE BASSE EN COULEURS OPAQUES CAPRI 40<\/h1>\n","protected":false},"featured_media":64221,"template":"","meta":[],"product_cat":[657,748],"product_tag":[],"class_list":{"0":"post-18753","1":"product","2":"type-product","3":"status-publish","4":"has-post-thumbnail","6":"product_cat-mobilier","7":"product_cat-tables-et-tables-basses","9":"first","10":"instock","11":"taxable","12":"shipping-taxable","13":"purchasable","14":"product-type-variable"},"yoast_head":"<!-- This site is optimized with the Yoast SEO plugin v24.2 - https:\/\/yoast.com\/wordpress\/plugins\/seo\/ -->\n<title>CAPRI table ronde \u00e9clair\u00e9e en plein air et un jardin avec charge solaire<\/title>\n<meta name=\"description\" content=\"Capri est une table ronde illumin\u00e9e fabriqu\u00e9e en diff\u00e9rentes hauteurs et finitions. M\u00e9langer avec ou CORFOU MENORCA MAJORQUE pour cr\u00e9er des environnements se d\u00e9tendre dans votre maison ou votre entreprise \u00e0 l&#039;\u00e9tranger. Bar droite avec un design innovant et une planche de m\u00e9thacrylate inclus pour prot\u00e9ger la surface\" \/>\n<meta name=\"robots\" content=\"index, follow, max-snippet:-1, max-image-preview:large, max-video-preview:-1\" \/>\n<link rel=\"canonical\" href=\"https:\/\/newgarden.es\/fr\/shop\/mobilier\/tables-et-tables-basses\/capri-40-color\/\" \/>\n<meta property=\"og:locale\" content=\"fr_FR\" \/>\n<meta property=\"og:type\" content=\"article\" \/>\n<meta property=\"og:title\" content=\"CAPRI table ronde \u00e9clair\u00e9e en plein air et un jardin avec charge solaire\" \/>\n<meta property=\"og:description\" content=\"Capri est une table ronde illumin\u00e9e fabriqu\u00e9e en diff\u00e9rentes hauteurs et finitions. M\u00e9langer avec ou CORFOU MENORCA MAJORQUE pour cr\u00e9er des environnements se d\u00e9tendre dans votre maison ou votre entreprise \u00e0 l&#039;\u00e9tranger. Bar droite avec un design innovant et une planche de m\u00e9thacrylate inclus pour prot\u00e9ger la surface\" \/>\n<meta property=\"og:url\" content=\"https:\/\/newgarden.es\/fr\/shop\/mobilier\/tables-et-tables-basses\/capri-40-color\/\" \/>\n<meta property=\"og:site_name\" content=\"Newgarden\" \/>\n<meta property=\"article:modified_time\" content=\"2024-06-13T08:10:21+00:00\" \/>\n<meta property=\"og:image\" content=\"https:\/\/newgarden.es\/wp-content\/uploads\/2019\/04\/CAPRI_40_SOLAR_OPACO_1200X1200-5.jpg\" \/>\n\t<meta property=\"og:image:width\" content=\"1200\" \/>\n\t<meta property=\"og:image:height\" content=\"1200\" \/>\n\t<meta property=\"og:image:type\" content=\"image\/jpeg\" \/>\n<meta name=\"twitter:card\" content=\"summary_large_image\" \/>\n<meta name=\"twitter:label1\" content=\"Dur\u00e9e de lecture estim\u00e9e\" \/>\n\t<meta name=\"twitter:data1\" content=\"1 minute\" \/>\n<script type=\"application\/ld+json\" class=\"yoast-schema-graph\">{\"@context\":\"https:\/\/schema.org\",\"@graph\":[{\"@type\":\"WebPage\",\"@id\":\"https:\/\/newgarden.es\/fr\/shop\/mobilier\/tables-et-tables-basses\/capri-40-color\/\",\"url\":\"https:\/\/newgarden.es\/fr\/shop\/mobilier\/tables-et-tables-basses\/capri-40-color\/\",\"name\":\"CAPRI table ronde \u00e9clair\u00e9e en plein air et un jardin avec charge solaire\",\"isPartOf\":{\"@id\":\"https:\/\/newgarden.es\/#website\"},\"primaryImageOfPage\":{\"@id\":\"https:\/\/newgarden.es\/fr\/shop\/mobilier\/tables-et-tables-basses\/capri-40-color\/#primaryimage\"},\"image\":{\"@id\":\"https:\/\/newgarden.es\/fr\/shop\/mobilier\/tables-et-tables-basses\/capri-40-color\/#primaryimage\"},\"thumbnailUrl\":\"https:\/\/newgarden.es\/wp-content\/uploads\/2019\/04\/CAPRI_40_SOLAR_OPACO_1200X1200-5.jpg\",\"datePublished\":\"2019-10-21T09:40:37+00:00\",\"dateModified\":\"2024-06-13T08:10:21+00:00\",\"description\":\"Capri est une table ronde illumin\u00e9e fabriqu\u00e9e en diff\u00e9rentes hauteurs et finitions. M\u00e9langer avec ou CORFOU MENORCA MAJORQUE pour cr\u00e9er des environnements se d\u00e9tendre dans votre maison ou votre entreprise \u00e0 l'\u00e9tranger. Bar droite avec un design innovant et une planche de m\u00e9thacrylate inclus pour prot\u00e9ger la surface\",\"breadcrumb\":{\"@id\":\"https:\/\/newgarden.es\/fr\/shop\/mobilier\/tables-et-tables-basses\/capri-40-color\/#breadcrumb\"},\"inLanguage\":\"fr-FR\",\"potentialAction\":[{\"@type\":\"ReadAction\",\"target\":[\"https:\/\/newgarden.es\/fr\/shop\/mobilier\/tables-et-tables-basses\/capri-40-color\/\"]}]},{\"@type\":\"ImageObject\",\"inLanguage\":\"fr-FR\",\"@id\":\"https:\/\/newgarden.es\/fr\/shop\/mobilier\/tables-et-tables-basses\/capri-40-color\/#primaryimage\",\"url\":\"https:\/\/newgarden.es\/wp-content\/uploads\/2019\/04\/CAPRI_40_SOLAR_OPACO_1200X1200-5.jpg\",\"contentUrl\":\"https:\/\/newgarden.es\/wp-content\/uploads\/2019\/04\/CAPRI_40_SOLAR_OPACO_1200X1200-5.jpg\",\"width\":1200,\"height\":1200},{\"@type\":\"BreadcrumbList\",\"@id\":\"https:\/\/newgarden.es\/fr\/shop\/mobilier\/tables-et-tables-basses\/capri-40-color\/#breadcrumb\",\"itemListElement\":[{\"@type\":\"ListItem\",\"position\":1,\"name\":\"Home\",\"item\":\"https:\/\/newgarden.es\/fr\/\"},{\"@type\":\"ListItem\",\"position\":2,\"name\":\"Boutique\",\"item\":\"https:\/\/newgarden.es\/fr\/boutique\/\"},{\"@type\":\"ListItem\",\"position\":3,\"name\":\"TABLE BASSE EN COULEURS OPAQUES CAPRI 40\"}]},{\"@type\":\"WebSite\",\"@id\":\"https:\/\/newgarden.es\/#website\",\"url\":\"https:\/\/newgarden.es\/\",\"name\":\"Newgarden\",\"description\":\"Be happy\",\"potentialAction\":[{\"@type\":\"SearchAction\",\"target\":{\"@type\":\"EntryPoint\",\"urlTemplate\":\"https:\/\/newgarden.es\/?s={search_term_string}\"},\"query-input\":{\"@type\":\"PropertyValueSpecification\",\"valueRequired\":true,\"valueName\":\"search_term_string\"}}],\"inLanguage\":\"fr-FR\"}]}<\/script>\n<!-- \/ Yoast SEO plugin. -->","yoast_head_json":{"title":"CAPRI table ronde \u00e9clair\u00e9e en plein air et un jardin avec charge solaire","description":"Capri est une table ronde illumin\u00e9e fabriqu\u00e9e en diff\u00e9rentes hauteurs et finitions. M\u00e9langer avec ou CORFOU MENORCA MAJORQUE pour cr\u00e9er des environnements se d\u00e9tendre dans votre maison ou votre entreprise \u00e0 l'\u00e9tranger. Bar droite avec un design innovant et une planche de m\u00e9thacrylate inclus pour prot\u00e9ger la surface","robots":{"index":"index","follow":"follow","max-snippet":"max-snippet:-1","max-image-preview":"max-image-preview:large","max-video-preview":"max-video-preview:-1"},"canonical":"https:\/\/newgarden.es\/fr\/shop\/mobilier\/tables-et-tables-basses\/capri-40-color\/","og_locale":"fr_FR","og_type":"article","og_title":"CAPRI table ronde \u00e9clair\u00e9e en plein air et un jardin avec charge solaire","og_description":"Capri est une table ronde illumin\u00e9e fabriqu\u00e9e en diff\u00e9rentes hauteurs et finitions. M\u00e9langer avec ou CORFOU MENORCA MAJORQUE pour cr\u00e9er des environnements se d\u00e9tendre dans votre maison ou votre entreprise \u00e0 l'\u00e9tranger. Bar droite avec un design innovant et une planche de m\u00e9thacrylate inclus pour prot\u00e9ger la surface","og_url":"https:\/\/newgarden.es\/fr\/shop\/mobilier\/tables-et-tables-basses\/capri-40-color\/","og_site_name":"Newgarden","article_modified_time":"2024-06-13T08:10:21+00:00","og_image":[{"width":1200,"height":1200,"url":"https:\/\/newgarden.es\/wp-content\/uploads\/2019\/04\/CAPRI_40_SOLAR_OPACO_1200X1200-5.jpg","type":"image\/jpeg"}],"twitter_card":"summary_large_image","twitter_misc":{"Dur\u00e9e de lecture estim\u00e9e":"1 minute"},"schema":{"@context":"https:\/\/schema.org","@graph":[{"@type":"WebPage","@id":"https:\/\/newgarden.es\/fr\/shop\/mobilier\/tables-et-tables-basses\/capri-40-color\/","url":"https:\/\/newgarden.es\/fr\/shop\/mobilier\/tables-et-tables-basses\/capri-40-color\/","name":"CAPRI table ronde \u00e9clair\u00e9e en plein air et un jardin avec charge solaire","isPartOf":{"@id":"https:\/\/newgarden.es\/#website"},"primaryImageOfPage":{"@id":"https:\/\/newgarden.es\/fr\/shop\/mobilier\/tables-et-tables-basses\/capri-40-color\/#primaryimage"},"image":{"@id":"https:\/\/newgarden.es\/fr\/shop\/mobilier\/tables-et-tables-basses\/capri-40-color\/#primaryimage"},"thumbnailUrl":"https:\/\/newgarden.es\/wp-content\/uploads\/2019\/04\/CAPRI_40_SOLAR_OPACO_1200X1200-5.jpg","datePublished":"2019-10-21T09:40:37+00:00","dateModified":"2024-06-13T08:10:21+00:00","description":"Capri est une table ronde illumin\u00e9e fabriqu\u00e9e en diff\u00e9rentes hauteurs et finitions. M\u00e9langer avec ou CORFOU MENORCA MAJORQUE pour cr\u00e9er des environnements se d\u00e9tendre dans votre maison ou votre entreprise \u00e0 l'\u00e9tranger. Bar droite avec un design innovant et une planche de m\u00e9thacrylate inclus pour prot\u00e9ger la surface","breadcrumb":{"@id":"https:\/\/newgarden.es\/fr\/shop\/mobilier\/tables-et-tables-basses\/capri-40-color\/#breadcrumb"},"inLanguage":"fr-FR","potentialAction":[{"@type":"ReadAction","target":["https:\/\/newgarden.es\/fr\/shop\/mobilier\/tables-et-tables-basses\/capri-40-color\/"]}]},{"@type":"ImageObject","inLanguage":"fr-FR","@id":"https:\/\/newgarden.es\/fr\/shop\/mobilier\/tables-et-tables-basses\/capri-40-color\/#primaryimage","url":"https:\/\/newgarden.es\/wp-content\/uploads\/2019\/04\/CAPRI_40_SOLAR_OPACO_1200X1200-5.jpg","contentUrl":"https:\/\/newgarden.es\/wp-content\/uploads\/2019\/04\/CAPRI_40_SOLAR_OPACO_1200X1200-5.jpg","width":1200,"height":1200},{"@type":"BreadcrumbList","@id":"https:\/\/newgarden.es\/fr\/shop\/mobilier\/tables-et-tables-basses\/capri-40-color\/#breadcrumb","itemListElement":[{"@type":"ListItem","position":1,"name":"Home","item":"https:\/\/newgarden.es\/fr\/"},{"@type":"ListItem","position":2,"name":"Boutique","item":"https:\/\/newgarden.es\/fr\/boutique\/"},{"@type":"ListItem","position":3,"name":"TABLE BASSE EN COULEURS OPAQUES CAPRI 40"}]},{"@type":"WebSite","@id":"https:\/\/newgarden.es\/#website","url":"https:\/\/newgarden.es\/","name":"Newgarden","description":"Be happy","potentialAction":[{"@type":"SearchAction","target":{"@type":"EntryPoint","urlTemplate":"https:\/\/newgarden.es\/?s={search_term_string}"},"query-input":{"@type":"PropertyValueSpecification","valueRequired":true,"valueName":"search_term_string"}}],"inLanguage":"fr-FR"}]}},"df_price":129.2,"df_sale_price":"","df_regular_price":129.2,"df_image_link":"https:\/\/newgarden.es\/wp-content\/uploads\/2019\/04\/CAPRI_40_SOLAR_OPACO_1200X1200-5-580x400.jpg","_links":{"self":[{"href":"https:\/\/newgarden.es\/fr\/wp-json\/wp\/v2\/product\/18753"}],"collection":[{"href":"https:\/\/newgarden.es\/fr\/wp-json\/wp\/v2\/product"}],"about":[{"href":"https:\/\/newgarden.es\/fr\/wp-json\/wp\/v2\/types\/product"}],"wp:featuredmedia":[{"embeddable":true,"href":"https:\/\/newgarden.es\/fr\/wp-json\/wp\/v2\/media\/64221"}],"wp:attachment":[{"href":"https:\/\/newgarden.es\/fr\/wp-json\/wp\/v2\/media?parent=18753"}],"wp:term":[{"taxonomy":"product_cat","embeddable":true,"href":"https:\/\/newgarden.es\/fr\/wp-json\/wp\/v2\/product_cat?post=18753"},{"taxonomy":"product_tag","embeddable":true,"href":"https:\/\/newgarden.es\/fr\/wp-json\/wp\/v2\/product_tag?post=18753"}],"curies":[{"name":"wp","href":"https:\/\/api.w.org\/{rel}","templated":true}]}}