{"id":18874,"date":"2019-04-25T16:39:43","date_gmt":"2019-10-21T10:03:52","guid":{"rendered":"https:\/\/newgarden.es\/shop\/sin%20categor\u00eda\/cuby-20\/"},"modified":"2021-12-21T16:34:57","modified_gmt":"2021-12-21T15:34:57","slug":"cuby-20","status":"publish","type":"product","link":"https:\/\/newgarden.es\/fr\/shop\/lightdeco-fr\/lampe-a-cote\/cuby-20\/","title":{"rendered":"CUBE LUMINEUX CUBY 20"},"content":{"rendered":"<section class=\"wpb-content-wrapper\"><p>[vc_row][vc_column el_class=\u00a0\u00bbdescripcion_producto\u00a0\u00bb][vc_column_text]<\/p>\n<p>Lampe d\u00e9corative d&rsquo;ext\u00e9rieur de forme cubique fabriqu\u00e9e en poly\u00e9thyl\u00e8ne de la <span style=\"text-decoration: underline;\">collection Cuby<\/span> de chez Newgarden.<br \/>\nCe cube polyvalent peut \u00eatre utilis\u00e9 comme une <strong>d\u00e9coration lumineuse,<\/strong> en <strong>table d&rsquo;appoint<\/strong>, ou m\u00eame en tant que <strong>si\u00e8ge<\/strong>. Cr\u00e9ez des ambiances et des espaces adapt\u00e9s \u00e0 vos soir\u00e9es ou vos espaces, que ce soit en int\u00e9rieur ou ext\u00e9rieur.<\/p>\n<p>Ce cube illumin\u00e9 b\u00e9n\u00e9ficie d&rsquo;un indice de protection \u00e9lev\u00e9 (IP65), qui le prot\u00e8ge des projections d&rsquo;eau,\u00a0 il est donc parfaitement adapt\u00e9 \u00e0 une utilisation en zone humide et pourra \u00eatre install\u00e9 dans votre jardin comme sur votre terrasse. Il sera aussi r\u00e9sistants aux changements climatiques comme aux rayons UV.<\/p>\n<p>La <span style=\"text-decoration: underline;\">collection Cuby<\/span> se d\u00e9cline en diff\u00e9rentes versions et en plusieurs formats. Vous pourrez donc associer et cr\u00e9er des ensembles graphiques et personnalis\u00e9s.<\/p>\n<p><em>Tous les produits Newgarden sont fabriqu\u00e9s en poly\u00e9thyl\u00e8ne, ils sont donc l\u00e9gers et tr\u00e8s r\u00e9sistants aux temp\u00e9ratures extr\u00eames. Ils sont \u00e9galement r\u00e9sistants aux rayons UV, ce qui rend la dur\u00e9e de vie du produit extraordinairement longue.<\/em><\/p>\n<ul class=\"tablaTech\">\n<li>\n<div class=\"boxContents no-border\">\n<div class=\"name\"><strong>TAILLE CUBY 20<\/strong><\/div>\n<div class=\"data\">20 x 20 x 20 cm<\/div>\n<\/div>\n<\/li>\n<\/ul>\n<p>[\/vc_column_text][\/vc_column][\/vc_row][vc_row disable_element=\u00a0\u00bbyes\u00a0\u00bb][vc_column][vc_single_image image=\u00a0\u00bb6566&Prime; img_size=\u00a0\u00bbfull\u00a0\u00bb][\/vc_column][\/vc_row][vc_row][vc_column width=\u00a0\u00bb1\/2&Prime;][vc_btn title=\u00a0\u00bbFiche technique\u00a0\u00bb style=\u00a0\u00bbcustom\u00a0\u00bb custom_background=\u00a0\u00bb#009bc2&Prime; custom_text=\u00a0\u00bb#ffffff\u00a0\u00bb shape=\u00a0\u00bbsquare\u00a0\u00bb link=\u00a0\u00bburl:https%3A%2F%2Fwww.newgarden.es%2Fwp-content%2Fuploads%2F2018%2F01%2FCuby.pdf|target:%20_blank|\u00a0\u00bb el_class=\u00a0\u00bbbtn_descargar_ficha\u00a0\u00bb][\/vc_column][vc_column width=\u00a0\u00bb1\/2&Prime;][vc_btn title=\u00a0\u00bbManuel d&rsquo;instrutions\u00a0\u00bb style=\u00a0\u00bbcustom\u00a0\u00bb custom_background=\u00a0\u00bb#009bc2&Prime; custom_text=\u00a0\u00bb#ffffff\u00a0\u00bb shape=\u00a0\u00bbsquare\u00a0\u00bb link=\u00a0\u00bburl:https%3A%2F%2Fnewgarden.es%2Fwp-content%2Fuploads%2F2017%2F07%2Fmanual.pdf|target:%20_blank|\u00a0\u00bb el_class=\u00a0\u00bbbtn_descargar_ficha\u00a0\u00bb][\/vc_column][\/vc_row]<\/p>\n<\/section>","protected":false},"excerpt":{"rendered":"<h1 style=\"font-size: 12px;\">Cube lumineux Cuby 20<\/h1>\n","protected":false},"featured_media":57153,"template":"","meta":[],"product_cat":[1695,651,652,1584,1590],"product_tag":[647,707,648],"class_list":{"0":"post-18874","1":"product","2":"type-product","3":"status-publish","4":"has-post-thumbnail","6":"product_cat-productos-fr","7":"product_cat-lightdeco-fr","8":"product_cat-lampe-a-cote","9":"product_cat-boules-et-cubes","10":"product_cat-interieur-fr","11":"product_tag-cable-fr","12":"product_tag-sans-fil","13":"product_tag-solaire","15":"first","16":"instock","17":"taxable","18":"shipping-taxable","19":"purchasable","20":"product-type-variable"},"yoast_head":"<!-- This site is optimized with the Yoast SEO plugin v24.2 - https:\/\/yoast.com\/wordpress\/plugins\/seo\/ -->\n<title>CUBY; \u00e9clair\u00e9 cube charge solaire ext\u00e9rieur et c\u00e2ble<\/title>\n<meta name=\"description\" content=\"Cuby est une plaque tournante allum\u00e9 parfait pour tous les coins de votre jardin \u00e0 la maison ou terrasse ext\u00e9rieure. Cuby est un produit phare dans la gamme de produits. Sa forme cubique s&#039;int\u00e8gre dans n&#039;importe quel espace ou environnement de notre maison. Vous pouvez le trouver dans diff\u00e9rentes tailles et finitions\" \/>\n<meta name=\"robots\" content=\"index, follow, max-snippet:-1, max-image-preview:large, max-video-preview:-1\" \/>\n<link rel=\"canonical\" href=\"https:\/\/newgarden.es\/fr\/shop\/lightdeco-fr\/lampe-a-cote\/cuby-20\/\" \/>\n<meta property=\"og:locale\" content=\"fr_FR\" \/>\n<meta property=\"og:type\" content=\"article\" \/>\n<meta property=\"og:title\" content=\"CUBY; \u00e9clair\u00e9 cube charge solaire ext\u00e9rieur et c\u00e2ble\" \/>\n<meta property=\"og:description\" content=\"Cuby est une plaque tournante allum\u00e9 parfait pour tous les coins de votre jardin \u00e0 la maison ou terrasse ext\u00e9rieure. Cuby est un produit phare dans la gamme de produits. Sa forme cubique s&#039;int\u00e8gre dans n&#039;importe quel espace ou environnement de notre maison. Vous pouvez le trouver dans diff\u00e9rentes tailles et finitions\" \/>\n<meta property=\"og:url\" content=\"https:\/\/newgarden.es\/fr\/shop\/lightdeco-fr\/lampe-a-cote\/cuby-20\/\" \/>\n<meta property=\"og:site_name\" content=\"Newgarden\" \/>\n<meta property=\"article:modified_time\" content=\"2021-12-21T15:34:57+00:00\" \/>\n<meta property=\"og:image\" content=\"https:\/\/newgarden.es\/wp-content\/uploads\/2021\/07\/FAMILIA_CUBY_1200X1200-17.jpg\" \/>\n\t<meta property=\"og:image:width\" content=\"1200\" \/>\n\t<meta property=\"og:image:height\" content=\"1200\" \/>\n\t<meta property=\"og:image:type\" content=\"image\/jpeg\" \/>\n<meta name=\"twitter:card\" content=\"summary_large_image\" \/>\n<meta name=\"twitter:label1\" content=\"Dur\u00e9e de lecture estim\u00e9e\" \/>\n\t<meta name=\"twitter:data1\" content=\"2 minutes\" \/>\n<script type=\"application\/ld+json\" class=\"yoast-schema-graph\">{\"@context\":\"https:\/\/schema.org\",\"@graph\":[{\"@type\":\"WebPage\",\"@id\":\"https:\/\/newgarden.es\/fr\/shop\/lightdeco-fr\/lampe-a-cote\/cuby-20\/\",\"url\":\"https:\/\/newgarden.es\/fr\/shop\/lightdeco-fr\/lampe-a-cote\/cuby-20\/\",\"name\":\"CUBY; \u00e9clair\u00e9 cube charge solaire ext\u00e9rieur et c\u00e2ble\",\"isPartOf\":{\"@id\":\"https:\/\/newgarden.es\/#website\"},\"primaryImageOfPage\":{\"@id\":\"https:\/\/newgarden.es\/fr\/shop\/lightdeco-fr\/lampe-a-cote\/cuby-20\/#primaryimage\"},\"image\":{\"@id\":\"https:\/\/newgarden.es\/fr\/shop\/lightdeco-fr\/lampe-a-cote\/cuby-20\/#primaryimage\"},\"thumbnailUrl\":\"https:\/\/newgarden.es\/wp-content\/uploads\/2021\/07\/FAMILIA_CUBY_1200X1200-17.jpg\",\"datePublished\":\"2019-10-21T10:03:52+00:00\",\"dateModified\":\"2021-12-21T15:34:57+00:00\",\"description\":\"Cuby est une plaque tournante allum\u00e9 parfait pour tous les coins de votre jardin \u00e0 la maison ou terrasse ext\u00e9rieure. Cuby est un produit phare dans la gamme de produits. Sa forme cubique s'int\u00e8gre dans n'importe quel espace ou environnement de notre maison. Vous pouvez le trouver dans diff\u00e9rentes tailles et finitions\",\"breadcrumb\":{\"@id\":\"https:\/\/newgarden.es\/fr\/shop\/lightdeco-fr\/lampe-a-cote\/cuby-20\/#breadcrumb\"},\"inLanguage\":\"fr-FR\",\"potentialAction\":[{\"@type\":\"ReadAction\",\"target\":[\"https:\/\/newgarden.es\/fr\/shop\/lightdeco-fr\/lampe-a-cote\/cuby-20\/\"]}]},{\"@type\":\"ImageObject\",\"inLanguage\":\"fr-FR\",\"@id\":\"https:\/\/newgarden.es\/fr\/shop\/lightdeco-fr\/lampe-a-cote\/cuby-20\/#primaryimage\",\"url\":\"https:\/\/newgarden.es\/wp-content\/uploads\/2021\/07\/FAMILIA_CUBY_1200X1200-17.jpg\",\"contentUrl\":\"https:\/\/newgarden.es\/wp-content\/uploads\/2021\/07\/FAMILIA_CUBY_1200X1200-17.jpg\",\"width\":1200,\"height\":1200},{\"@type\":\"BreadcrumbList\",\"@id\":\"https:\/\/newgarden.es\/fr\/shop\/lightdeco-fr\/lampe-a-cote\/cuby-20\/#breadcrumb\",\"itemListElement\":[{\"@type\":\"ListItem\",\"position\":1,\"name\":\"Home\",\"item\":\"https:\/\/newgarden.es\/fr\/\"},{\"@type\":\"ListItem\",\"position\":2,\"name\":\"Boutique\",\"item\":\"https:\/\/newgarden.es\/fr\/boutique\/\"},{\"@type\":\"ListItem\",\"position\":3,\"name\":\"CUBE LUMINEUX CUBY 20\"}]},{\"@type\":\"WebSite\",\"@id\":\"https:\/\/newgarden.es\/#website\",\"url\":\"https:\/\/newgarden.es\/\",\"name\":\"Newgarden\",\"description\":\"Be happy\",\"potentialAction\":[{\"@type\":\"SearchAction\",\"target\":{\"@type\":\"EntryPoint\",\"urlTemplate\":\"https:\/\/newgarden.es\/?s={search_term_string}\"},\"query-input\":{\"@type\":\"PropertyValueSpecification\",\"valueRequired\":true,\"valueName\":\"search_term_string\"}}],\"inLanguage\":\"fr-FR\"}]}<\/script>\n<!-- \/ Yoast SEO plugin. -->","yoast_head_json":{"title":"CUBY; \u00e9clair\u00e9 cube charge solaire ext\u00e9rieur et c\u00e2ble","description":"Cuby est une plaque tournante allum\u00e9 parfait pour tous les coins de votre jardin \u00e0 la maison ou terrasse ext\u00e9rieure. Cuby est un produit phare dans la gamme de produits. Sa forme cubique s'int\u00e8gre dans n'importe quel espace ou environnement de notre maison. Vous pouvez le trouver dans diff\u00e9rentes tailles et finitions","robots":{"index":"index","follow":"follow","max-snippet":"max-snippet:-1","max-image-preview":"max-image-preview:large","max-video-preview":"max-video-preview:-1"},"canonical":"https:\/\/newgarden.es\/fr\/shop\/lightdeco-fr\/lampe-a-cote\/cuby-20\/","og_locale":"fr_FR","og_type":"article","og_title":"CUBY; \u00e9clair\u00e9 cube charge solaire ext\u00e9rieur et c\u00e2ble","og_description":"Cuby est une plaque tournante allum\u00e9 parfait pour tous les coins de votre jardin \u00e0 la maison ou terrasse ext\u00e9rieure. Cuby est un produit phare dans la gamme de produits. Sa forme cubique s'int\u00e8gre dans n'importe quel espace ou environnement de notre maison. Vous pouvez le trouver dans diff\u00e9rentes tailles et finitions","og_url":"https:\/\/newgarden.es\/fr\/shop\/lightdeco-fr\/lampe-a-cote\/cuby-20\/","og_site_name":"Newgarden","article_modified_time":"2021-12-21T15:34:57+00:00","og_image":[{"width":1200,"height":1200,"url":"https:\/\/newgarden.es\/wp-content\/uploads\/2021\/07\/FAMILIA_CUBY_1200X1200-17.jpg","type":"image\/jpeg"}],"twitter_card":"summary_large_image","twitter_misc":{"Dur\u00e9e de lecture estim\u00e9e":"2 minutes"},"schema":{"@context":"https:\/\/schema.org","@graph":[{"@type":"WebPage","@id":"https:\/\/newgarden.es\/fr\/shop\/lightdeco-fr\/lampe-a-cote\/cuby-20\/","url":"https:\/\/newgarden.es\/fr\/shop\/lightdeco-fr\/lampe-a-cote\/cuby-20\/","name":"CUBY; \u00e9clair\u00e9 cube charge solaire ext\u00e9rieur et c\u00e2ble","isPartOf":{"@id":"https:\/\/newgarden.es\/#website"},"primaryImageOfPage":{"@id":"https:\/\/newgarden.es\/fr\/shop\/lightdeco-fr\/lampe-a-cote\/cuby-20\/#primaryimage"},"image":{"@id":"https:\/\/newgarden.es\/fr\/shop\/lightdeco-fr\/lampe-a-cote\/cuby-20\/#primaryimage"},"thumbnailUrl":"https:\/\/newgarden.es\/wp-content\/uploads\/2021\/07\/FAMILIA_CUBY_1200X1200-17.jpg","datePublished":"2019-10-21T10:03:52+00:00","dateModified":"2021-12-21T15:34:57+00:00","description":"Cuby est une plaque tournante allum\u00e9 parfait pour tous les coins de votre jardin \u00e0 la maison ou terrasse ext\u00e9rieure. Cuby est un produit phare dans la gamme de produits. Sa forme cubique s'int\u00e8gre dans n'importe quel espace ou environnement de notre maison. Vous pouvez le trouver dans diff\u00e9rentes tailles et finitions","breadcrumb":{"@id":"https:\/\/newgarden.es\/fr\/shop\/lightdeco-fr\/lampe-a-cote\/cuby-20\/#breadcrumb"},"inLanguage":"fr-FR","potentialAction":[{"@type":"ReadAction","target":["https:\/\/newgarden.es\/fr\/shop\/lightdeco-fr\/lampe-a-cote\/cuby-20\/"]}]},{"@type":"ImageObject","inLanguage":"fr-FR","@id":"https:\/\/newgarden.es\/fr\/shop\/lightdeco-fr\/lampe-a-cote\/cuby-20\/#primaryimage","url":"https:\/\/newgarden.es\/wp-content\/uploads\/2021\/07\/FAMILIA_CUBY_1200X1200-17.jpg","contentUrl":"https:\/\/newgarden.es\/wp-content\/uploads\/2021\/07\/FAMILIA_CUBY_1200X1200-17.jpg","width":1200,"height":1200},{"@type":"BreadcrumbList","@id":"https:\/\/newgarden.es\/fr\/shop\/lightdeco-fr\/lampe-a-cote\/cuby-20\/#breadcrumb","itemListElement":[{"@type":"ListItem","position":1,"name":"Home","item":"https:\/\/newgarden.es\/fr\/"},{"@type":"ListItem","position":2,"name":"Boutique","item":"https:\/\/newgarden.es\/fr\/boutique\/"},{"@type":"ListItem","position":3,"name":"CUBE LUMINEUX CUBY 20"}]},{"@type":"WebSite","@id":"https:\/\/newgarden.es\/#website","url":"https:\/\/newgarden.es\/","name":"Newgarden","description":"Be happy","potentialAction":[{"@type":"SearchAction","target":{"@type":"EntryPoint","urlTemplate":"https:\/\/newgarden.es\/?s={search_term_string}"},"query-input":{"@type":"PropertyValueSpecification","valueRequired":true,"valueName":"search_term_string"}}],"inLanguage":"fr-FR"}]}},"df_price":29.6,"df_sale_price":"","df_regular_price":29.6,"df_image_link":"https:\/\/newgarden.es\/wp-content\/uploads\/2021\/07\/FAMILIA_CUBY_1200X1200-17-580x400.jpg","_links":{"self":[{"href":"https:\/\/newgarden.es\/fr\/wp-json\/wp\/v2\/product\/18874"}],"collection":[{"href":"https:\/\/newgarden.es\/fr\/wp-json\/wp\/v2\/product"}],"about":[{"href":"https:\/\/newgarden.es\/fr\/wp-json\/wp\/v2\/types\/product"}],"wp:featuredmedia":[{"embeddable":true,"href":"https:\/\/newgarden.es\/fr\/wp-json\/wp\/v2\/media\/57153"}],"wp:attachment":[{"href":"https:\/\/newgarden.es\/fr\/wp-json\/wp\/v2\/media?parent=18874"}],"wp:term":[{"taxonomy":"product_cat","embeddable":true,"href":"https:\/\/newgarden.es\/fr\/wp-json\/wp\/v2\/product_cat?post=18874"},{"taxonomy":"product_tag","embeddable":true,"href":"https:\/\/newgarden.es\/fr\/wp-json\/wp\/v2\/product_tag?post=18874"}],"curies":[{"name":"wp","href":"https:\/\/api.w.org\/{rel}","templated":true}]}}