{"id":19023,"date":"2019-04-25T16:39:22","date_gmt":"2019-10-21T11:11:11","guid":{"rendered":"https:\/\/newgarden.es\/shop\/sin%20categor\u00eda\/kurby-solar-2\/"},"modified":"2022-01-04T11:42:39","modified_gmt":"2022-01-04T10:42:39","slug":"kurby-solar-2","status":"publish","type":"product","link":"https:\/\/newgarden.es\/fr\/shop\/lightdeco-fr\/portables\/kurby-solar-2\/","title":{"rendered":"LAMPE PORTABLE SOLAIRE KURBY"},"content":{"rendered":"<section class=\"wpb-content-wrapper\"><p>[vc_row][vc_column el_class=\u00a0\u00bbdescripcion_producto\u00a0\u00bb][vc_column_text]<\/p>\n<p style=\"text-align: justify;\">KURBY<em>: <\/em>C&rsquo;est une lampe portable aux formes arrondies avec une taille et un poids ad\u00e9quats. Moderne et pratique, le\u00a0<strong>Kurby\u00a0<\/strong>deviendra un \u00e9l\u00e9ment indispensable dans votre foyer ou lors de vos escapades. Emmenez-le o\u00f9 vous voulez!<\/p>\n<p>Disponible en deux versions:\u00a0<strong>SOLAIRE<\/strong>\u00a0+ charge batterie et\u00a0<strong>PLAY\u00a0<\/strong>avec haut-parleur.<\/p>\n<p><span data-sanitized-data-mce-fragment=\"1\">Version\u00a0<\/span><strong data-sanitized-data-mce-fragment=\"1\">SOLAIRE+BATTERIE RECHARGEABLE<\/strong><span data-sanitized-data-mce-fragment=\"1\">\u00a0led rgb\u00a0<strong data-sanitized-data-mce-fragment=\"1\">Kurby\u00a0<\/strong>est \u00e9quip\u00e9e d&rsquo;un capteur cr\u00e9pusculaire qui d\u00e9clenche automatiquement l&rsquo;allumage \u00e0 la nuit tomb\u00e9e. Cette\u00a0lampe nomade\u00a0led rgb b\u00e9n\u00e9ficie de la technologie\u00a0<span style=\"text-decoration: underline;\">Newgarden\u00a0<\/span>solaire+charge batterie : elle se charge par le soleil (8 \u00e0 12h) pour une autonomie de 2 \u00e0 6 heures ou par batterie (chargeur fourni) en 4 \u00e0 6 heures pour une autonomie de 12 \u00e0 36 heures ! Elle est \u00e9quip\u00e9e d&rsquo;une t\u00e9l\u00e9commande (fournie) qui permet de choisir parmi 128 couleurs et trois blancs.<br \/>\n<\/span><br \/>\nEmportez votre\u00a0<strong>Kurby<\/strong>\u00a0o\u00f9 vous voulez gr\u00e2ce \u00e0 sa poign\u00e9e confortable en cuir synth\u00e9tique (non animale &#8211; vegan).<\/p>\n<p><em>Tous les produits Newgarden sont fabriqu\u00e9s en poly\u00e9thyl\u00e8ne, ils sont donc l\u00e9gers et tr\u00e8s r\u00e9sistants aux temp\u00e9ratures extr\u00eames. Ils sont \u00e9galement r\u00e9sistants aux\u00a0rayons UV, ce qui rend la dur\u00e9e de vie du produit extraordinairement longue.<\/em><\/p>\n<ul class=\"tablaTech\">\n<li>\n<div class=\"boxContents no-border\">\n<div class=\"name\"><strong>TAILLE<\/strong><\/div>\n<div class=\"data\">\u00f827,5 x 37 cm<\/div>\n<\/div>\n<\/li>\n<\/ul>\n<p>&nbsp;<\/p>\n<p>[\/vc_column_text][\/vc_column][\/vc_row][vc_row disable_element=\u00a0\u00bbyes\u00a0\u00bb][vc_column][vc_single_image image=\u00a0\u00bb6566&Prime; img_size=\u00a0\u00bbfull\u00a0\u00bb][\/vc_column][\/vc_row][vc_row][vc_column width=\u00a0\u00bb1\/2&Prime;][vc_btn title=\u00a0\u00bbFiche technique\u00a0\u00bb style=\u00a0\u00bbcustom\u00a0\u00bb custom_background=\u00a0\u00bb#009bc2&Prime; custom_text=\u00a0\u00bb#ffffff\u00a0\u00bb shape=\u00a0\u00bbsquare\u00a0\u00bb link=\u00a0\u00bburl:http%3A%2F%2Fnewgarden.es%2Fwp-content%2Fuploads%2F2017%2F06%2FKurby.pdf|target:%20_blank|\u00a0\u00bb el_class=\u00a0\u00bbbtn_descargar_ficha\u00a0\u00bb][\/vc_column][vc_column width=\u00a0\u00bb1\/2&Prime;][vc_btn title=\u00a0\u00bbManuel d&rsquo;instrutions\u00a0\u00bb style=\u00a0\u00bbcustom\u00a0\u00bb custom_background=\u00a0\u00bb#009bc2&Prime; custom_text=\u00a0\u00bb#ffffff\u00a0\u00bb shape=\u00a0\u00bbsquare\u00a0\u00bb link=\u00a0\u00bburl:https%3A%2F%2Fnewgarden.es%2Finstrucciones%2F||target:%20_blank|\u00a0\u00bb el_class=\u00a0\u00bbbtn_descargar_ficha\u00a0\u00bb][\/vc_column][\/vc_row]<\/p>\n<\/section>","protected":false},"excerpt":{"rendered":"<h1 style=\"font-size: 12px;\">Lampe solaire portable Kurby<\/h1>\n","protected":false},"featured_media":53998,"template":"","meta":[],"product_cat":[651,754],"product_tag":[707,648],"class_list":{"0":"post-19023","1":"product","2":"type-product","3":"status-publish","4":"has-post-thumbnail","6":"product_cat-lightdeco-fr","7":"product_cat-portables","8":"product_tag-sans-fil","9":"product_tag-solaire","11":"first","12":"instock","13":"taxable","14":"shipping-taxable","15":"purchasable","16":"product-type-variable"},"yoast_head":"<!-- This site is optimized with the Yoast SEO plugin v24.2 - https:\/\/yoast.com\/wordpress\/plugins\/seo\/ -->\n<title>LAMPE NOMADE SOLAIRE KURBY EXT\u00c9RIEUR<\/title>\n<meta name=\"description\" content=\"KURBY: c&#039;est une lampe portable aux formes arrondies avec une taille et un poids ad\u00e9quats. Moderne et pratique, le\u00a0Kurby deviendra un \u00e9l\u00e9ment indispensable\" \/>\n<meta name=\"robots\" content=\"index, follow, max-snippet:-1, max-image-preview:large, max-video-preview:-1\" \/>\n<link rel=\"canonical\" href=\"https:\/\/newgarden.es\/fr\/shop\/lightdeco-fr\/portables\/kurby-solar-2\/\" \/>\n<meta property=\"og:locale\" content=\"fr_FR\" \/>\n<meta property=\"og:type\" content=\"article\" \/>\n<meta property=\"og:title\" content=\"LAMPE NOMADE SOLAIRE KURBY EXT\u00c9RIEUR\" \/>\n<meta property=\"og:description\" content=\"KURBY: c&#039;est une lampe portable aux formes arrondies avec une taille et un poids ad\u00e9quats. Moderne et pratique, le\u00a0Kurby deviendra un \u00e9l\u00e9ment indispensable\" \/>\n<meta property=\"og:url\" content=\"https:\/\/newgarden.es\/fr\/shop\/lightdeco-fr\/portables\/kurby-solar-2\/\" \/>\n<meta property=\"og:site_name\" content=\"Newgarden\" \/>\n<meta property=\"article:modified_time\" content=\"2022-01-04T10:42:39+00:00\" \/>\n<meta property=\"og:image\" content=\"https:\/\/newgarden.es\/wp-content\/uploads\/2019\/04\/KURBY_38_BATTERY_1200X1200-14.jpg\" \/>\n\t<meta property=\"og:image:width\" content=\"1200\" \/>\n\t<meta property=\"og:image:height\" content=\"1200\" \/>\n\t<meta property=\"og:image:type\" content=\"image\/jpeg\" \/>\n<meta name=\"twitter:card\" content=\"summary_large_image\" \/>\n<meta name=\"twitter:label1\" content=\"Dur\u00e9e de lecture estim\u00e9e\" \/>\n\t<meta name=\"twitter:data1\" content=\"2 minutes\" \/>\n<script type=\"application\/ld+json\" class=\"yoast-schema-graph\">{\"@context\":\"https:\/\/schema.org\",\"@graph\":[{\"@type\":\"WebPage\",\"@id\":\"https:\/\/newgarden.es\/fr\/shop\/lightdeco-fr\/portables\/kurby-solar-2\/\",\"url\":\"https:\/\/newgarden.es\/fr\/shop\/lightdeco-fr\/portables\/kurby-solar-2\/\",\"name\":\"LAMPE NOMADE SOLAIRE KURBY EXT\u00c9RIEUR\",\"isPartOf\":{\"@id\":\"https:\/\/newgarden.es\/#website\"},\"primaryImageOfPage\":{\"@id\":\"https:\/\/newgarden.es\/fr\/shop\/lightdeco-fr\/portables\/kurby-solar-2\/#primaryimage\"},\"image\":{\"@id\":\"https:\/\/newgarden.es\/fr\/shop\/lightdeco-fr\/portables\/kurby-solar-2\/#primaryimage\"},\"thumbnailUrl\":\"https:\/\/newgarden.es\/wp-content\/uploads\/2019\/04\/KURBY_38_BATTERY_1200X1200-14.jpg\",\"datePublished\":\"2019-10-21T11:11:11+00:00\",\"dateModified\":\"2022-01-04T10:42:39+00:00\",\"description\":\"KURBY: c'est une lampe portable aux formes arrondies avec une taille et un poids ad\u00e9quats. Moderne et pratique, le\u00a0Kurby deviendra un \u00e9l\u00e9ment indispensable\",\"breadcrumb\":{\"@id\":\"https:\/\/newgarden.es\/fr\/shop\/lightdeco-fr\/portables\/kurby-solar-2\/#breadcrumb\"},\"inLanguage\":\"fr-FR\",\"potentialAction\":[{\"@type\":\"ReadAction\",\"target\":[\"https:\/\/newgarden.es\/fr\/shop\/lightdeco-fr\/portables\/kurby-solar-2\/\"]}]},{\"@type\":\"ImageObject\",\"inLanguage\":\"fr-FR\",\"@id\":\"https:\/\/newgarden.es\/fr\/shop\/lightdeco-fr\/portables\/kurby-solar-2\/#primaryimage\",\"url\":\"https:\/\/newgarden.es\/wp-content\/uploads\/2019\/04\/KURBY_38_BATTERY_1200X1200-14.jpg\",\"contentUrl\":\"https:\/\/newgarden.es\/wp-content\/uploads\/2019\/04\/KURBY_38_BATTERY_1200X1200-14.jpg\",\"width\":1200,\"height\":1200},{\"@type\":\"BreadcrumbList\",\"@id\":\"https:\/\/newgarden.es\/fr\/shop\/lightdeco-fr\/portables\/kurby-solar-2\/#breadcrumb\",\"itemListElement\":[{\"@type\":\"ListItem\",\"position\":1,\"name\":\"Home\",\"item\":\"https:\/\/newgarden.es\/fr\/\"},{\"@type\":\"ListItem\",\"position\":2,\"name\":\"Boutique\",\"item\":\"https:\/\/newgarden.es\/fr\/boutique\/\"},{\"@type\":\"ListItem\",\"position\":3,\"name\":\"LAMPE PORTABLE SOLAIRE KURBY\"}]},{\"@type\":\"WebSite\",\"@id\":\"https:\/\/newgarden.es\/#website\",\"url\":\"https:\/\/newgarden.es\/\",\"name\":\"Newgarden\",\"description\":\"Be happy\",\"potentialAction\":[{\"@type\":\"SearchAction\",\"target\":{\"@type\":\"EntryPoint\",\"urlTemplate\":\"https:\/\/newgarden.es\/?s={search_term_string}\"},\"query-input\":{\"@type\":\"PropertyValueSpecification\",\"valueRequired\":true,\"valueName\":\"search_term_string\"}}],\"inLanguage\":\"fr-FR\"}]}<\/script>\n<!-- \/ Yoast SEO plugin. -->","yoast_head_json":{"title":"LAMPE NOMADE SOLAIRE KURBY EXT\u00c9RIEUR","description":"KURBY: c'est une lampe portable aux formes arrondies avec une taille et un poids ad\u00e9quats. Moderne et pratique, le\u00a0Kurby deviendra un \u00e9l\u00e9ment indispensable","robots":{"index":"index","follow":"follow","max-snippet":"max-snippet:-1","max-image-preview":"max-image-preview:large","max-video-preview":"max-video-preview:-1"},"canonical":"https:\/\/newgarden.es\/fr\/shop\/lightdeco-fr\/portables\/kurby-solar-2\/","og_locale":"fr_FR","og_type":"article","og_title":"LAMPE NOMADE SOLAIRE KURBY EXT\u00c9RIEUR","og_description":"KURBY: c'est une lampe portable aux formes arrondies avec une taille et un poids ad\u00e9quats. Moderne et pratique, le\u00a0Kurby deviendra un \u00e9l\u00e9ment indispensable","og_url":"https:\/\/newgarden.es\/fr\/shop\/lightdeco-fr\/portables\/kurby-solar-2\/","og_site_name":"Newgarden","article_modified_time":"2022-01-04T10:42:39+00:00","og_image":[{"width":1200,"height":1200,"url":"https:\/\/newgarden.es\/wp-content\/uploads\/2019\/04\/KURBY_38_BATTERY_1200X1200-14.jpg","type":"image\/jpeg"}],"twitter_card":"summary_large_image","twitter_misc":{"Dur\u00e9e de lecture estim\u00e9e":"2 minutes"},"schema":{"@context":"https:\/\/schema.org","@graph":[{"@type":"WebPage","@id":"https:\/\/newgarden.es\/fr\/shop\/lightdeco-fr\/portables\/kurby-solar-2\/","url":"https:\/\/newgarden.es\/fr\/shop\/lightdeco-fr\/portables\/kurby-solar-2\/","name":"LAMPE NOMADE SOLAIRE KURBY EXT\u00c9RIEUR","isPartOf":{"@id":"https:\/\/newgarden.es\/#website"},"primaryImageOfPage":{"@id":"https:\/\/newgarden.es\/fr\/shop\/lightdeco-fr\/portables\/kurby-solar-2\/#primaryimage"},"image":{"@id":"https:\/\/newgarden.es\/fr\/shop\/lightdeco-fr\/portables\/kurby-solar-2\/#primaryimage"},"thumbnailUrl":"https:\/\/newgarden.es\/wp-content\/uploads\/2019\/04\/KURBY_38_BATTERY_1200X1200-14.jpg","datePublished":"2019-10-21T11:11:11+00:00","dateModified":"2022-01-04T10:42:39+00:00","description":"KURBY: c'est une lampe portable aux formes arrondies avec une taille et un poids ad\u00e9quats. Moderne et pratique, le\u00a0Kurby deviendra un \u00e9l\u00e9ment indispensable","breadcrumb":{"@id":"https:\/\/newgarden.es\/fr\/shop\/lightdeco-fr\/portables\/kurby-solar-2\/#breadcrumb"},"inLanguage":"fr-FR","potentialAction":[{"@type":"ReadAction","target":["https:\/\/newgarden.es\/fr\/shop\/lightdeco-fr\/portables\/kurby-solar-2\/"]}]},{"@type":"ImageObject","inLanguage":"fr-FR","@id":"https:\/\/newgarden.es\/fr\/shop\/lightdeco-fr\/portables\/kurby-solar-2\/#primaryimage","url":"https:\/\/newgarden.es\/wp-content\/uploads\/2019\/04\/KURBY_38_BATTERY_1200X1200-14.jpg","contentUrl":"https:\/\/newgarden.es\/wp-content\/uploads\/2019\/04\/KURBY_38_BATTERY_1200X1200-14.jpg","width":1200,"height":1200},{"@type":"BreadcrumbList","@id":"https:\/\/newgarden.es\/fr\/shop\/lightdeco-fr\/portables\/kurby-solar-2\/#breadcrumb","itemListElement":[{"@type":"ListItem","position":1,"name":"Home","item":"https:\/\/newgarden.es\/fr\/"},{"@type":"ListItem","position":2,"name":"Boutique","item":"https:\/\/newgarden.es\/fr\/boutique\/"},{"@type":"ListItem","position":3,"name":"LAMPE PORTABLE SOLAIRE KURBY"}]},{"@type":"WebSite","@id":"https:\/\/newgarden.es\/#website","url":"https:\/\/newgarden.es\/","name":"Newgarden","description":"Be happy","potentialAction":[{"@type":"SearchAction","target":{"@type":"EntryPoint","urlTemplate":"https:\/\/newgarden.es\/?s={search_term_string}"},"query-input":{"@type":"PropertyValueSpecification","valueRequired":true,"valueName":"search_term_string"}}],"inLanguage":"fr-FR"}]}},"df_price":72.3,"df_sale_price":"","df_regular_price":72.3,"df_image_link":"https:\/\/newgarden.es\/wp-content\/uploads\/2019\/04\/KURBY_38_BATTERY_1200X1200-14-580x400.jpg","_links":{"self":[{"href":"https:\/\/newgarden.es\/fr\/wp-json\/wp\/v2\/product\/19023"}],"collection":[{"href":"https:\/\/newgarden.es\/fr\/wp-json\/wp\/v2\/product"}],"about":[{"href":"https:\/\/newgarden.es\/fr\/wp-json\/wp\/v2\/types\/product"}],"wp:featuredmedia":[{"embeddable":true,"href":"https:\/\/newgarden.es\/fr\/wp-json\/wp\/v2\/media\/53998"}],"wp:attachment":[{"href":"https:\/\/newgarden.es\/fr\/wp-json\/wp\/v2\/media?parent=19023"}],"wp:term":[{"taxonomy":"product_cat","embeddable":true,"href":"https:\/\/newgarden.es\/fr\/wp-json\/wp\/v2\/product_cat?post=19023"},{"taxonomy":"product_tag","embeddable":true,"href":"https:\/\/newgarden.es\/fr\/wp-json\/wp\/v2\/product_tag?post=19023"}],"curies":[{"name":"wp","href":"https:\/\/api.w.org\/{rel}","templated":true}]}}