{"id":19092,"date":"2019-04-25T16:39:15","date_gmt":"2019-10-21T11:27:22","guid":{"rendered":"https:\/\/newgarden.es\/shop\/sin%20categor\u00eda\/petra-40\/"},"modified":"2022-01-19T13:15:40","modified_gmt":"2022-01-19T12:15:40","slug":"petra-40","status":"publish","type":"product","link":"https:\/\/newgarden.es\/fr\/shop\/lightdeco-fr\/petra-40\/","title":{"rendered":"LAMPE PETRA 40"},"content":{"rendered":"<section class=\"wpb-content-wrapper\"><p>[vc_row][vc_column el_class=&#8221;descripcion_producto&#8221;][vc_column_text]<\/p>\n<p><strong>LAMPE PETRA 40:\u00a0 <\/strong><\/p>\n<p>Lampe de table ou de sol en forme de pierre fabriqu\u00e9e en poly\u00e9thyl\u00e8ne par <u>Newgarden<\/u>. Cette lampe est une option originale d&#8217;\u00e9clairage et parfaite pour les jardins ou terrasses. Elle donnera la touche moderne \u00e0 votre coin lumineux.<\/p>\n<p>Disponible en trois versions: <strong>filaire<\/strong> &#8211; <strong>solaire+batterie<\/strong> rechargeable &#8211; <strong>solaire automatique<\/strong>.<\/p>\n<p>Version\u00a0<strong>FILAIRE<\/strong>(alimentation par c\u00e2ble): Il vous suffit de brancher votre lampe sur secteur pour pouvoir l&#8217;allumer et de la d\u00e9brancher pour l&#8217;\u00e9teindre. Lumi\u00e8re led &#8211; blanc froid.<\/p>\n<p>Version\u00a0<strong>SOLAIRE+BATTERIE <\/strong>RECHARGEABLE led rgb Petra est \u00e9quip\u00e9e d&#8217;un capteur cr\u00e9pusculaire qui d\u00e9clenche automatiquement l&#8217;allumage \u00e0 la nuit tomb\u00e9e. Cette lampe led rgb b\u00e9n\u00e9ficie de la technologie Newgarden solaire+charge batterie : elle se charge par le soleil (8 \u00e0 12h) pour une autonomie de 2 \u00e0 6 heures ou par batterie (chargeur fourni) en 4 \u00e0 6 heures pour une autonomie de 12 \u00e0 36 heures ! Elle est \u00e9quip\u00e9e d&#8217;une t\u00e9l\u00e9commande (fournie) qui permet de choisir parmi 128 couleurs et trois blancs.<\/p>\n<p>Version <strong>SOLAIRE AUTOMATIQUE<\/strong>: Ce mod\u00e8le ne comprend pas d&#8217;interrupteur ni de t\u00e9l\u00e9commande, il s&#8217;allume automatiquement gr\u00e2ce \u00e0 son capteur cr\u00e9pusculaire, c&#8217;est-\u00e0-dire qu&#8217;il se charge pendant la journ\u00e9e (tant qu&#8217;il est en plein soleil) et fonctionne de mani\u00e8re autonome pendant la nuit avec une dur\u00e9e de 3 \u00e0 8 heures.<\/p>\n<p><em>Tous les produits Newgarden sont fabriqu\u00e9s en poly\u00e9thyl\u00e8ne, ils sont donc l\u00e9gers et tr\u00e8s r\u00e9sistants aux temp\u00e9ratures extr\u00eames. Ils sont \u00e9galement r\u00e9sistants aux rayons UV, ce qui rend la dur\u00e9e de vie du produit extraordinairement longue.<\/em><\/p>\n<ul class=\"tablaTech\">\n<li>\n<div class=\"boxContents no-border\">\n<div class=\"name\"><strong>TAILLE<\/strong><\/div>\n<div class=\"data\">40 x 29 x 20 cm<\/div>\n<\/div>\n<\/li>\n<\/ul>\n<p>[\/vc_column_text][\/vc_column][\/vc_row][vc_row disable_element=&#8221;yes&#8221;][vc_column][vc_single_image image=&#8221;6566&#8243; img_size=&#8221;full&#8221;][\/vc_column][\/vc_row][vc_row][vc_column width=&#8221;1\/2&#8243;][vc_btn title=&#8221;Fiche technique&#8221; style=&#8221;custom&#8221; custom_background=&#8221;#009bc2&#8243; custom_text=&#8221;#ffffff&#8221; shape=&#8221;square&#8221; link=&#8221;url:https%3A%2F%2Fwww.newgarden.es%2Fwp-content%2Fuploads%2F2018%2F01%2FCuby.pdf|target:%20_blank|&#8221; el_class=&#8221;btn_descargar_ficha&#8221;][\/vc_column][vc_column width=&#8221;1\/2&#8243;][vc_btn title=&#8221;Manuel d&#8217;instrutions&#8221; style=&#8221;custom&#8221; custom_background=&#8221;#009bc2&#8243; custom_text=&#8221;#ffffff&#8221; shape=&#8221;square&#8221; link=&#8221;url:https%3A%2F%2Fnewgarden.es%2Fwp-content%2Fuploads%2F2017%2F07%2Fmanual.pdf|target:%20_blank|&#8221; el_class=&#8221;btn_descargar_ficha&#8221;][\/vc_column][\/vc_row]<\/p>\n<\/section>","protected":false},"excerpt":{"rendered":"<h1 style=\"font-size: 12px;\">Lampe Petra 40<\/h1>\n","protected":false},"featured_media":64436,"template":"","meta":[],"product_cat":[651],"product_tag":[647,707,648],"class_list":{"0":"post-19092","1":"product","2":"type-product","3":"status-publish","4":"has-post-thumbnail","6":"product_cat-lightdeco-fr","7":"product_tag-cable-fr","8":"product_tag-sans-fil","9":"product_tag-solaire","11":"first","12":"instock","13":"taxable","14":"shipping-taxable","15":"purchasable","16":"product-type-variable"},"yoast_head":"<!-- This site is optimized with the Yoast SEO plugin v24.2 - https:\/\/yoast.com\/wordpress\/plugins\/seo\/ -->\n<title>LAMPE PETRA 40 D\u00c9CORATIVE D&#039;EXT\u00c9RIEUR DE SOL<\/title>\n<meta name=\"description\" content=\"Lampe de table ou de sol en forme de pierre fabriqu\u00e9e en poly\u00e9thyl\u00e8ne par Newgarden. Cette lampe est une option originale d&#039;\u00e9clairage et parfaite pour les\" \/>\n<meta name=\"robots\" content=\"index, follow, max-snippet:-1, max-image-preview:large, max-video-preview:-1\" \/>\n<link rel=\"canonical\" href=\"https:\/\/newgarden.es\/fr\/shop\/lightdeco-fr\/petra-40\/\" \/>\n<meta property=\"og:locale\" content=\"fr_FR\" \/>\n<meta property=\"og:type\" content=\"article\" \/>\n<meta property=\"og:title\" content=\"LAMPE PETRA 40 D\u00c9CORATIVE D&#039;EXT\u00c9RIEUR DE SOL\" \/>\n<meta property=\"og:description\" content=\"Lampe de table ou de sol en forme de pierre fabriqu\u00e9e en poly\u00e9thyl\u00e8ne par Newgarden. Cette lampe est une option originale d&#039;\u00e9clairage et parfaite pour les\" \/>\n<meta property=\"og:url\" content=\"https:\/\/newgarden.es\/fr\/shop\/lightdeco-fr\/petra-40\/\" \/>\n<meta property=\"og:site_name\" content=\"Newgarden\" \/>\n<meta property=\"article:modified_time\" content=\"2022-01-19T12:15:40+00:00\" \/>\n<meta property=\"og:image\" content=\"https:\/\/newgarden.es\/wp-content\/uploads\/2019\/05\/PETRA_40_60_SOLAR_1200X1200-6.jpg\" \/>\n\t<meta property=\"og:image:width\" content=\"1200\" \/>\n\t<meta property=\"og:image:height\" content=\"1200\" \/>\n\t<meta property=\"og:image:type\" content=\"image\/jpeg\" \/>\n<meta name=\"twitter:card\" content=\"summary_large_image\" \/>\n<meta name=\"twitter:label1\" content=\"Dur\u00e9e de lecture estim\u00e9e\" \/>\n\t<meta name=\"twitter:data1\" content=\"2 minutes\" \/>\n<script type=\"application\/ld+json\" class=\"yoast-schema-graph\">{\"@context\":\"https:\/\/schema.org\",\"@graph\":[{\"@type\":\"WebPage\",\"@id\":\"https:\/\/newgarden.es\/fr\/shop\/lightdeco-fr\/petra-40\/\",\"url\":\"https:\/\/newgarden.es\/fr\/shop\/lightdeco-fr\/petra-40\/\",\"name\":\"LAMPE PETRA 40 D\u00c9CORATIVE D'EXT\u00c9RIEUR DE SOL\",\"isPartOf\":{\"@id\":\"https:\/\/newgarden.es\/#website\"},\"primaryImageOfPage\":{\"@id\":\"https:\/\/newgarden.es\/fr\/shop\/lightdeco-fr\/petra-40\/#primaryimage\"},\"image\":{\"@id\":\"https:\/\/newgarden.es\/fr\/shop\/lightdeco-fr\/petra-40\/#primaryimage\"},\"thumbnailUrl\":\"https:\/\/newgarden.es\/wp-content\/uploads\/2019\/05\/PETRA_40_60_SOLAR_1200X1200-6.jpg\",\"datePublished\":\"2019-10-21T11:27:22+00:00\",\"dateModified\":\"2022-01-19T12:15:40+00:00\",\"description\":\"Lampe de table ou de sol en forme de pierre fabriqu\u00e9e en poly\u00e9thyl\u00e8ne par Newgarden. Cette lampe est une option originale d'\u00e9clairage et parfaite pour les\",\"breadcrumb\":{\"@id\":\"https:\/\/newgarden.es\/fr\/shop\/lightdeco-fr\/petra-40\/#breadcrumb\"},\"inLanguage\":\"fr-FR\",\"potentialAction\":[{\"@type\":\"ReadAction\",\"target\":[\"https:\/\/newgarden.es\/fr\/shop\/lightdeco-fr\/petra-40\/\"]}]},{\"@type\":\"ImageObject\",\"inLanguage\":\"fr-FR\",\"@id\":\"https:\/\/newgarden.es\/fr\/shop\/lightdeco-fr\/petra-40\/#primaryimage\",\"url\":\"https:\/\/newgarden.es\/wp-content\/uploads\/2019\/05\/PETRA_40_60_SOLAR_1200X1200-6.jpg\",\"contentUrl\":\"https:\/\/newgarden.es\/wp-content\/uploads\/2019\/05\/PETRA_40_60_SOLAR_1200X1200-6.jpg\",\"width\":1200,\"height\":1200},{\"@type\":\"BreadcrumbList\",\"@id\":\"https:\/\/newgarden.es\/fr\/shop\/lightdeco-fr\/petra-40\/#breadcrumb\",\"itemListElement\":[{\"@type\":\"ListItem\",\"position\":1,\"name\":\"Home\",\"item\":\"https:\/\/newgarden.es\/fr\/\"},{\"@type\":\"ListItem\",\"position\":2,\"name\":\"Boutique\",\"item\":\"https:\/\/newgarden.es\/fr\/boutique\/\"},{\"@type\":\"ListItem\",\"position\":3,\"name\":\"LAMPE PETRA 40\"}]},{\"@type\":\"WebSite\",\"@id\":\"https:\/\/newgarden.es\/#website\",\"url\":\"https:\/\/newgarden.es\/\",\"name\":\"Newgarden\",\"description\":\"Be happy\",\"potentialAction\":[{\"@type\":\"SearchAction\",\"target\":{\"@type\":\"EntryPoint\",\"urlTemplate\":\"https:\/\/newgarden.es\/?s={search_term_string}\"},\"query-input\":{\"@type\":\"PropertyValueSpecification\",\"valueRequired\":true,\"valueName\":\"search_term_string\"}}],\"inLanguage\":\"fr-FR\"}]}<\/script>\n<!-- \/ Yoast SEO plugin. -->","yoast_head_json":{"title":"LAMPE PETRA 40 D\u00c9CORATIVE D'EXT\u00c9RIEUR DE SOL","description":"Lampe de table ou de sol en forme de pierre fabriqu\u00e9e en poly\u00e9thyl\u00e8ne par Newgarden. Cette lampe est une option originale d'\u00e9clairage et parfaite pour les","robots":{"index":"index","follow":"follow","max-snippet":"max-snippet:-1","max-image-preview":"max-image-preview:large","max-video-preview":"max-video-preview:-1"},"canonical":"https:\/\/newgarden.es\/fr\/shop\/lightdeco-fr\/petra-40\/","og_locale":"fr_FR","og_type":"article","og_title":"LAMPE PETRA 40 D\u00c9CORATIVE D'EXT\u00c9RIEUR DE SOL","og_description":"Lampe de table ou de sol en forme de pierre fabriqu\u00e9e en poly\u00e9thyl\u00e8ne par Newgarden. Cette lampe est une option originale d'\u00e9clairage et parfaite pour les","og_url":"https:\/\/newgarden.es\/fr\/shop\/lightdeco-fr\/petra-40\/","og_site_name":"Newgarden","article_modified_time":"2022-01-19T12:15:40+00:00","og_image":[{"width":1200,"height":1200,"url":"https:\/\/newgarden.es\/wp-content\/uploads\/2019\/05\/PETRA_40_60_SOLAR_1200X1200-6.jpg","type":"image\/jpeg"}],"twitter_card":"summary_large_image","twitter_misc":{"Dur\u00e9e de lecture estim\u00e9e":"2 minutes"},"schema":{"@context":"https:\/\/schema.org","@graph":[{"@type":"WebPage","@id":"https:\/\/newgarden.es\/fr\/shop\/lightdeco-fr\/petra-40\/","url":"https:\/\/newgarden.es\/fr\/shop\/lightdeco-fr\/petra-40\/","name":"LAMPE PETRA 40 D\u00c9CORATIVE D'EXT\u00c9RIEUR DE SOL","isPartOf":{"@id":"https:\/\/newgarden.es\/#website"},"primaryImageOfPage":{"@id":"https:\/\/newgarden.es\/fr\/shop\/lightdeco-fr\/petra-40\/#primaryimage"},"image":{"@id":"https:\/\/newgarden.es\/fr\/shop\/lightdeco-fr\/petra-40\/#primaryimage"},"thumbnailUrl":"https:\/\/newgarden.es\/wp-content\/uploads\/2019\/05\/PETRA_40_60_SOLAR_1200X1200-6.jpg","datePublished":"2019-10-21T11:27:22+00:00","dateModified":"2022-01-19T12:15:40+00:00","description":"Lampe de table ou de sol en forme de pierre fabriqu\u00e9e en poly\u00e9thyl\u00e8ne par Newgarden. Cette lampe est une option originale d'\u00e9clairage et parfaite pour les","breadcrumb":{"@id":"https:\/\/newgarden.es\/fr\/shop\/lightdeco-fr\/petra-40\/#breadcrumb"},"inLanguage":"fr-FR","potentialAction":[{"@type":"ReadAction","target":["https:\/\/newgarden.es\/fr\/shop\/lightdeco-fr\/petra-40\/"]}]},{"@type":"ImageObject","inLanguage":"fr-FR","@id":"https:\/\/newgarden.es\/fr\/shop\/lightdeco-fr\/petra-40\/#primaryimage","url":"https:\/\/newgarden.es\/wp-content\/uploads\/2019\/05\/PETRA_40_60_SOLAR_1200X1200-6.jpg","contentUrl":"https:\/\/newgarden.es\/wp-content\/uploads\/2019\/05\/PETRA_40_60_SOLAR_1200X1200-6.jpg","width":1200,"height":1200},{"@type":"BreadcrumbList","@id":"https:\/\/newgarden.es\/fr\/shop\/lightdeco-fr\/petra-40\/#breadcrumb","itemListElement":[{"@type":"ListItem","position":1,"name":"Home","item":"https:\/\/newgarden.es\/fr\/"},{"@type":"ListItem","position":2,"name":"Boutique","item":"https:\/\/newgarden.es\/fr\/boutique\/"},{"@type":"ListItem","position":3,"name":"LAMPE PETRA 40"}]},{"@type":"WebSite","@id":"https:\/\/newgarden.es\/#website","url":"https:\/\/newgarden.es\/","name":"Newgarden","description":"Be happy","potentialAction":[{"@type":"SearchAction","target":{"@type":"EntryPoint","urlTemplate":"https:\/\/newgarden.es\/?s={search_term_string}"},"query-input":{"@type":"PropertyValueSpecification","valueRequired":true,"valueName":"search_term_string"}}],"inLanguage":"fr-FR"}]}},"df_price":40.3,"df_sale_price":"","df_regular_price":40.3,"df_image_link":"https:\/\/newgarden.es\/wp-content\/uploads\/2019\/05\/PETRA_40_60_SOLAR_1200X1200-6-580x400.jpg","_links":{"self":[{"href":"https:\/\/newgarden.es\/fr\/wp-json\/wp\/v2\/product\/19092"}],"collection":[{"href":"https:\/\/newgarden.es\/fr\/wp-json\/wp\/v2\/product"}],"about":[{"href":"https:\/\/newgarden.es\/fr\/wp-json\/wp\/v2\/types\/product"}],"wp:featuredmedia":[{"embeddable":true,"href":"https:\/\/newgarden.es\/fr\/wp-json\/wp\/v2\/media\/64436"}],"wp:attachment":[{"href":"https:\/\/newgarden.es\/fr\/wp-json\/wp\/v2\/media?parent=19092"}],"wp:term":[{"taxonomy":"product_cat","embeddable":true,"href":"https:\/\/newgarden.es\/fr\/wp-json\/wp\/v2\/product_cat?post=19092"},{"taxonomy":"product_tag","embeddable":true,"href":"https:\/\/newgarden.es\/fr\/wp-json\/wp\/v2\/product_tag?post=19092"}],"curies":[{"name":"wp","href":"https:\/\/api.w.org\/{rel}","templated":true}]}}