{"id":19190,"date":"2019-04-25T16:38:57","date_gmt":"2019-10-21T12:00:27","guid":{"rendered":"https:\/\/newgarden.es\/shop\/sin%20categor\u00eda\/robin-play-2\/"},"modified":"2022-01-27T13:10:49","modified_gmt":"2022-01-27T12:10:49","slug":"robin-play-2","status":"publish","type":"product","link":"https:\/\/newgarden.es\/fr\/shop\/lightdeco-fr\/haut-parleurs\/robin-play-2\/","title":{"rendered":"HAUT-PARLEUR PORTABLE ROBIN PLAY"},"content":{"rendered":"<section class=\"wpb-content-wrapper\"><p>[vc_row][vc_column el_class=&#8221;descripcion_producto&#8221;][vc_column_text]<\/p>\n<p>HAUT-PARLEUR PORTABLE ROBIN PLAY: Lampe portable d&#8217;ext\u00e9rieur led rgb avec haut-parleur bluetooth rechargeable fabriqu\u00e9e par <span style=\"text-decoration: underline;\">Newgarden<\/span>\u00a0compos\u00e9e d&#8217;une structure en poly\u00e9thyl\u00e8ne agr\u00e9ment\u00e9e d&#8217;une poign\u00e9e en simili cuir vegan.<\/p>\n<p><span data-sanitized-data-mce-fragment=\"1\">Version\u00a0<\/span><strong data-sanitized-data-mce-fragment=\"1\">PLAY<\/strong><span data-sanitized-data-mce-fragment=\"1\">: La table\u00a0<\/span><span data-sanitized-data-mce-fragment=\"1\">se charge par batterie (chargeur fourni) en 4 \u00e0 6 heures pour une autonomie de 8 \u00e0 12 heures ! Elle est \u00e9quip\u00e9e d&#8217;une t\u00e9l\u00e9commande (fournie) qui permet de choisir parmi 128 couleurs et blanc et de la technologie Bluetooth qui vous permet de l&#8217;utiliser comme enceinte sans fil.<\/span><\/p>\n<p><strong>Robin Play<\/strong>\u00a0poss\u00e8de un indice de protection important (<strong>IP54<\/strong>) qui la prot\u00e8ge contre les projections d&#8217;eau, elle pourra donc \u00eatre install\u00e9e en toute s\u00e9curit\u00e9 dans un espace ext\u00e9rieur.<\/p>\n<p><em>Tous les produits Newgarden sont fabriqu\u00e9s en poly\u00e9thyl\u00e8ne, ils sont donc l\u00e9gers et tr\u00e8s r\u00e9sistants aux temp\u00e9ratures extr\u00eames. Ils sont \u00e9galement\u00a0r\u00e9sistants\u00a0rayons UV, ce qui rend la dur\u00e9e de vie du produit extraordinairement longue.<\/em><\/p>\n<p>&nbsp;<\/p>\n<ul class=\"tablaTech\">\n<li style=\"list-style-type: none;\">\n<ul class=\"tablaTech\">\n<li>\n<div class=\"boxContents no-border\">\n<div class=\"name\"><strong>TAILLE<\/strong><\/div>\n<div class=\"data\">30 x 27 x 35 cm<\/div>\n<\/div>\n<\/li>\n<\/ul>\n<\/li>\n<\/ul>\n<p><iframe title=\"YouTube video player\" src=\"https:\/\/www.youtube.com\/embed\/4ypfpY7zb-8\" width=\"560\" height=\"315\" frameborder=\"0\" allowfullscreen=\"allowfullscreen\"><\/iframe><\/p>\n<p>[\/vc_column_text][\/vc_column][\/vc_row][vc_row disable_element=&#8221;yes&#8221;][vc_column][vc_single_image image=&#8221;6566&#8243; img_size=&#8221;full&#8221;][\/vc_column][\/vc_row][vc_row][vc_column width=&#8221;1\/2&#8243;][vc_btn title=&#8221;Fiche technique&#8221; style=&#8221;custom&#8221; custom_background=&#8221;#009bc2&#8243; custom_text=&#8221;#ffffff&#8221; shape=&#8221;square&#8221; link=&#8221;url:http%3A%2F%2Fnewgarden.es%2Fwp-content%2Fuploads%2F2017%2F06%2FRobinPlay.pdf|target:%20_blank|&#8221; el_class=&#8221;btn_descargar_ficha&#8221;][\/vc_column][vc_column width=&#8221;1\/2&#8243;][vc_btn title=&#8221;Manuel d&#8217;instrutions&#8221; style=&#8221;custom&#8221; custom_background=&#8221;#009bc2&#8243; custom_text=&#8221;#ffffff&#8221; shape=&#8221;square&#8221; link=&#8221;url:https%3A%2F%2Fnewgarden.es%2Finstrucciones%2F||target:%20_blank|&#8221; el_class=&#8221;btn_descargar_ficha&#8221;][\/vc_column][\/vc_row]<\/p>\n<\/section>","protected":false},"excerpt":{"rendered":"<h5 style=\"font-size: 12px;\"><strong>Haut-parleur Robin play\u00a0<\/strong><\/h5>\n","protected":false},"featured_media":56544,"template":"","meta":[],"product_cat":[651,754,743],"product_tag":[],"class_list":{"0":"post-19190","1":"product","2":"type-product","3":"status-publish","4":"has-post-thumbnail","6":"product_cat-lightdeco-fr","7":"product_cat-portables","8":"product_cat-haut-parleurs","10":"first","11":"instock","12":"taxable","13":"shipping-taxable","14":"purchasable","15":"product-type-variable"},"yoast_head":"<!-- This site is optimized with the Yoast SEO plugin v24.2 - https:\/\/yoast.com\/wordpress\/plugins\/seo\/ -->\n<title>HAUT-PARLEUR PORTABLE ROBIN PLAY BLUETOOTH<\/title>\n<meta name=\"description\" content=\"Lampe portable d&#039;ext\u00e9rieur led rgb avec haut-parleur bluetooth rechargeable fabriqu\u00e9e par Newgarden\u00a0compos\u00e9e d&#039;une structure en poly\u00e9thyl\u00e8ne\" \/>\n<meta name=\"robots\" content=\"index, follow, max-snippet:-1, max-image-preview:large, max-video-preview:-1\" \/>\n<link rel=\"canonical\" href=\"https:\/\/newgarden.es\/fr\/shop\/lightdeco-fr\/haut-parleurs\/robin-play-2\/\" \/>\n<meta property=\"og:locale\" content=\"fr_FR\" \/>\n<meta property=\"og:type\" content=\"article\" \/>\n<meta property=\"og:title\" content=\"HAUT-PARLEUR PORTABLE ROBIN PLAY BLUETOOTH\" \/>\n<meta property=\"og:description\" content=\"Lampe portable d&#039;ext\u00e9rieur led rgb avec haut-parleur bluetooth rechargeable fabriqu\u00e9e par Newgarden\u00a0compos\u00e9e d&#039;une structure en poly\u00e9thyl\u00e8ne\" \/>\n<meta property=\"og:url\" content=\"https:\/\/newgarden.es\/fr\/shop\/lightdeco-fr\/haut-parleurs\/robin-play-2\/\" \/>\n<meta property=\"og:site_name\" content=\"Newgarden\" \/>\n<meta property=\"article:modified_time\" content=\"2022-01-27T12:10:49+00:00\" \/>\n<meta property=\"og:image\" content=\"https:\/\/newgarden.es\/wp-content\/uploads\/2019\/04\/ROBIN_1200X1200-2.jpg\" \/>\n\t<meta property=\"og:image:width\" content=\"1200\" \/>\n\t<meta property=\"og:image:height\" content=\"1200\" \/>\n\t<meta property=\"og:image:type\" content=\"image\/jpeg\" \/>\n<meta name=\"twitter:card\" content=\"summary_large_image\" \/>\n<meta name=\"twitter:label1\" content=\"Dur\u00e9e de lecture estim\u00e9e\" \/>\n\t<meta name=\"twitter:data1\" content=\"1 minute\" \/>\n<script type=\"application\/ld+json\" class=\"yoast-schema-graph\">{\"@context\":\"https:\/\/schema.org\",\"@graph\":[{\"@type\":\"WebPage\",\"@id\":\"https:\/\/newgarden.es\/fr\/shop\/lightdeco-fr\/haut-parleurs\/robin-play-2\/\",\"url\":\"https:\/\/newgarden.es\/fr\/shop\/lightdeco-fr\/haut-parleurs\/robin-play-2\/\",\"name\":\"HAUT-PARLEUR PORTABLE ROBIN PLAY BLUETOOTH\",\"isPartOf\":{\"@id\":\"https:\/\/newgarden.es\/#website\"},\"primaryImageOfPage\":{\"@id\":\"https:\/\/newgarden.es\/fr\/shop\/lightdeco-fr\/haut-parleurs\/robin-play-2\/#primaryimage\"},\"image\":{\"@id\":\"https:\/\/newgarden.es\/fr\/shop\/lightdeco-fr\/haut-parleurs\/robin-play-2\/#primaryimage\"},\"thumbnailUrl\":\"https:\/\/newgarden.es\/wp-content\/uploads\/2019\/04\/ROBIN_1200X1200-2.jpg\",\"datePublished\":\"2019-10-21T12:00:27+00:00\",\"dateModified\":\"2022-01-27T12:10:49+00:00\",\"description\":\"Lampe portable d'ext\u00e9rieur led rgb avec haut-parleur bluetooth rechargeable fabriqu\u00e9e par Newgarden\u00a0compos\u00e9e d'une structure en poly\u00e9thyl\u00e8ne\",\"breadcrumb\":{\"@id\":\"https:\/\/newgarden.es\/fr\/shop\/lightdeco-fr\/haut-parleurs\/robin-play-2\/#breadcrumb\"},\"inLanguage\":\"fr-FR\",\"potentialAction\":[{\"@type\":\"ReadAction\",\"target\":[\"https:\/\/newgarden.es\/fr\/shop\/lightdeco-fr\/haut-parleurs\/robin-play-2\/\"]}]},{\"@type\":\"ImageObject\",\"inLanguage\":\"fr-FR\",\"@id\":\"https:\/\/newgarden.es\/fr\/shop\/lightdeco-fr\/haut-parleurs\/robin-play-2\/#primaryimage\",\"url\":\"https:\/\/newgarden.es\/wp-content\/uploads\/2019\/04\/ROBIN_1200X1200-2.jpg\",\"contentUrl\":\"https:\/\/newgarden.es\/wp-content\/uploads\/2019\/04\/ROBIN_1200X1200-2.jpg\",\"width\":1200,\"height\":1200},{\"@type\":\"BreadcrumbList\",\"@id\":\"https:\/\/newgarden.es\/fr\/shop\/lightdeco-fr\/haut-parleurs\/robin-play-2\/#breadcrumb\",\"itemListElement\":[{\"@type\":\"ListItem\",\"position\":1,\"name\":\"Home\",\"item\":\"https:\/\/newgarden.es\/fr\/\"},{\"@type\":\"ListItem\",\"position\":2,\"name\":\"Boutique\",\"item\":\"https:\/\/newgarden.es\/fr\/boutique\/\"},{\"@type\":\"ListItem\",\"position\":3,\"name\":\"HAUT-PARLEUR PORTABLE ROBIN PLAY\"}]},{\"@type\":\"WebSite\",\"@id\":\"https:\/\/newgarden.es\/#website\",\"url\":\"https:\/\/newgarden.es\/\",\"name\":\"Newgarden\",\"description\":\"Be happy\",\"potentialAction\":[{\"@type\":\"SearchAction\",\"target\":{\"@type\":\"EntryPoint\",\"urlTemplate\":\"https:\/\/newgarden.es\/?s={search_term_string}\"},\"query-input\":{\"@type\":\"PropertyValueSpecification\",\"valueRequired\":true,\"valueName\":\"search_term_string\"}}],\"inLanguage\":\"fr-FR\"}]}<\/script>\n<!-- \/ Yoast SEO plugin. -->","yoast_head_json":{"title":"HAUT-PARLEUR PORTABLE ROBIN PLAY BLUETOOTH","description":"Lampe portable d'ext\u00e9rieur led rgb avec haut-parleur bluetooth rechargeable fabriqu\u00e9e par Newgarden\u00a0compos\u00e9e d'une structure en poly\u00e9thyl\u00e8ne","robots":{"index":"index","follow":"follow","max-snippet":"max-snippet:-1","max-image-preview":"max-image-preview:large","max-video-preview":"max-video-preview:-1"},"canonical":"https:\/\/newgarden.es\/fr\/shop\/lightdeco-fr\/haut-parleurs\/robin-play-2\/","og_locale":"fr_FR","og_type":"article","og_title":"HAUT-PARLEUR PORTABLE ROBIN PLAY BLUETOOTH","og_description":"Lampe portable d'ext\u00e9rieur led rgb avec haut-parleur bluetooth rechargeable fabriqu\u00e9e par Newgarden\u00a0compos\u00e9e d'une structure en poly\u00e9thyl\u00e8ne","og_url":"https:\/\/newgarden.es\/fr\/shop\/lightdeco-fr\/haut-parleurs\/robin-play-2\/","og_site_name":"Newgarden","article_modified_time":"2022-01-27T12:10:49+00:00","og_image":[{"width":1200,"height":1200,"url":"https:\/\/newgarden.es\/wp-content\/uploads\/2019\/04\/ROBIN_1200X1200-2.jpg","type":"image\/jpeg"}],"twitter_card":"summary_large_image","twitter_misc":{"Dur\u00e9e de lecture estim\u00e9e":"1 minute"},"schema":{"@context":"https:\/\/schema.org","@graph":[{"@type":"WebPage","@id":"https:\/\/newgarden.es\/fr\/shop\/lightdeco-fr\/haut-parleurs\/robin-play-2\/","url":"https:\/\/newgarden.es\/fr\/shop\/lightdeco-fr\/haut-parleurs\/robin-play-2\/","name":"HAUT-PARLEUR PORTABLE ROBIN PLAY BLUETOOTH","isPartOf":{"@id":"https:\/\/newgarden.es\/#website"},"primaryImageOfPage":{"@id":"https:\/\/newgarden.es\/fr\/shop\/lightdeco-fr\/haut-parleurs\/robin-play-2\/#primaryimage"},"image":{"@id":"https:\/\/newgarden.es\/fr\/shop\/lightdeco-fr\/haut-parleurs\/robin-play-2\/#primaryimage"},"thumbnailUrl":"https:\/\/newgarden.es\/wp-content\/uploads\/2019\/04\/ROBIN_1200X1200-2.jpg","datePublished":"2019-10-21T12:00:27+00:00","dateModified":"2022-01-27T12:10:49+00:00","description":"Lampe portable d'ext\u00e9rieur led rgb avec haut-parleur bluetooth rechargeable fabriqu\u00e9e par Newgarden\u00a0compos\u00e9e d'une structure en poly\u00e9thyl\u00e8ne","breadcrumb":{"@id":"https:\/\/newgarden.es\/fr\/shop\/lightdeco-fr\/haut-parleurs\/robin-play-2\/#breadcrumb"},"inLanguage":"fr-FR","potentialAction":[{"@type":"ReadAction","target":["https:\/\/newgarden.es\/fr\/shop\/lightdeco-fr\/haut-parleurs\/robin-play-2\/"]}]},{"@type":"ImageObject","inLanguage":"fr-FR","@id":"https:\/\/newgarden.es\/fr\/shop\/lightdeco-fr\/haut-parleurs\/robin-play-2\/#primaryimage","url":"https:\/\/newgarden.es\/wp-content\/uploads\/2019\/04\/ROBIN_1200X1200-2.jpg","contentUrl":"https:\/\/newgarden.es\/wp-content\/uploads\/2019\/04\/ROBIN_1200X1200-2.jpg","width":1200,"height":1200},{"@type":"BreadcrumbList","@id":"https:\/\/newgarden.es\/fr\/shop\/lightdeco-fr\/haut-parleurs\/robin-play-2\/#breadcrumb","itemListElement":[{"@type":"ListItem","position":1,"name":"Home","item":"https:\/\/newgarden.es\/fr\/"},{"@type":"ListItem","position":2,"name":"Boutique","item":"https:\/\/newgarden.es\/fr\/boutique\/"},{"@type":"ListItem","position":3,"name":"HAUT-PARLEUR PORTABLE ROBIN PLAY"}]},{"@type":"WebSite","@id":"https:\/\/newgarden.es\/#website","url":"https:\/\/newgarden.es\/","name":"Newgarden","description":"Be happy","potentialAction":[{"@type":"SearchAction","target":{"@type":"EntryPoint","urlTemplate":"https:\/\/newgarden.es\/?s={search_term_string}"},"query-input":{"@type":"PropertyValueSpecification","valueRequired":true,"valueName":"search_term_string"}}],"inLanguage":"fr-FR"}]}},"df_price":89,"df_sale_price":"","df_regular_price":89,"df_image_link":"https:\/\/newgarden.es\/wp-content\/uploads\/2019\/04\/ROBIN_1200X1200-2-580x400.jpg","_links":{"self":[{"href":"https:\/\/newgarden.es\/fr\/wp-json\/wp\/v2\/product\/19190"}],"collection":[{"href":"https:\/\/newgarden.es\/fr\/wp-json\/wp\/v2\/product"}],"about":[{"href":"https:\/\/newgarden.es\/fr\/wp-json\/wp\/v2\/types\/product"}],"wp:featuredmedia":[{"embeddable":true,"href":"https:\/\/newgarden.es\/fr\/wp-json\/wp\/v2\/media\/56544"}],"wp:attachment":[{"href":"https:\/\/newgarden.es\/fr\/wp-json\/wp\/v2\/media?parent=19190"}],"wp:term":[{"taxonomy":"product_cat","embeddable":true,"href":"https:\/\/newgarden.es\/fr\/wp-json\/wp\/v2\/product_cat?post=19190"},{"taxonomy":"product_tag","embeddable":true,"href":"https:\/\/newgarden.es\/fr\/wp-json\/wp\/v2\/product_tag?post=19190"}],"curies":[{"name":"wp","href":"https:\/\/api.w.org\/{rel}","templated":true}]}}