{"id":19205,"date":"2019-04-25T16:38:52","date_gmt":"2019-10-21T12:01:21","guid":{"rendered":"https:\/\/newgarden.es\/shop\/sin%20categor\u00eda\/buly-20\/"},"modified":"2022-10-24T13:19:19","modified_gmt":"2022-10-24T11:19:19","slug":"buly-20","status":"publish","type":"product","link":"https:\/\/newgarden.es\/fr\/shop\/lightdeco-fr\/lampe-a-cote\/buly-20\/","title":{"rendered":"LAMPE SPH\u00c9RIQUE BULY 20"},"content":{"rendered":"<section class=\"wpb-content-wrapper\"><p>[vc_row][vc_column el_class=&#8221;descripcion_producto&#8221;][vc_column_text]<br \/>\n<strong>LAMPE SPH\u00c9RIQUE BULY 20: <\/strong><\/p>\n<p><strong>Buly<\/strong>, la sph\u00e8re lumineuse, best-seller de chez\u00a0<span style=\"text-decoration: underline;\">Newgarden<\/span>. La fameuse lampe sph\u00e9rique existe en plusieurs formats et versions. Associez plusieurs\u00a0<strong>Buly<\/strong>\u00a0de tailles diff\u00e9rentes pour cr\u00e9er des ensembles graphiques et modernes \u00e0 vos espaces ext\u00e9rieurs comme int\u00e9rieurs. Cette lampe ambiancera toutes vos soir\u00e9es d\u2019\u00e9t\u00e9 comme d\u2019hiver.<\/p>\n<p>Disponible en versions: <strong>filaire<\/strong>(alimentation par c\u00e2ble) &#8211; <strong>solaire+charge batterie <\/strong>&#8211; <strong>solaire automatique<\/strong>.<\/p>\n<div>\n<p data-sanitized-data-mce-fragment=\"1\">Version <strong data-sanitized-data-mce-fragment=\"1\">FILAIRE\u00a0<\/strong>(alimentation par c\u00e2ble) Il vous suffit de brancher votre lampe sur secteur pour pouvoir l&#8217;allumer et de la d\u00e9brancher pour l&#8217;\u00e9teindre. Lumi\u00e8re led &#8211; blanc froid.<\/p>\n<p data-sanitized-data-mce-fragment=\"1\">Version\u00a0<strong data-sanitized-data-mce-fragment=\"1\">SOLAIRE+BATTERIE RECHARGEABLE<\/strong>\u00a0led rgb Buly est \u00e9quip\u00e9e d&#8217;un capteur cr\u00e9pusculaire qui d\u00e9clenche automatiquement l&#8217;allumage \u00e0 la nuit tomb\u00e9e. Cette sph\u00e8re lumineuse led rgb b\u00e9n\u00e9ficie de la technologie Newgarden\u00a0solaire+charge batterie : elle se charge par le soleil (8 \u00e0 12h) pour une autonomie de 2 \u00e0 6 heures ou par batterie (chargeur fourni) en 4 \u00e0 6 heures pour une autonomie de 12 \u00e0 36 heures ! Elle est \u00e9quip\u00e9e d&#8217;une t\u00e9l\u00e9commande (fournie) qui permet de choisir parmi 128 couleurs et trois blancs.<\/p>\n<p data-sanitized-data-mce-fragment=\"1\">Version\u00a0<strong data-sanitized-data-mce-fragment=\"1\">SOLAIRE AUTOMATIQUE<\/strong>\u00a0(usage ext\u00e9rieur uniquement) Ce mod\u00e8le ne comprend pas d&#8217;interrupteur ni de t\u00e9l\u00e9commande, il s&#8217;allume automatiquement gr\u00e2ce \u00e0 son capteur cr\u00e9pusculaire, c&#8217;est-\u00e0-dire qu&#8217;il se charge pendant la journ\u00e9e ( \u00e0 condition d&#8217;\u00eatre en plein soleil) et fonctionne de mani\u00e8re autonome pendant la nuit pour une dur\u00e9e approximative de 3 \u00e0 8 heures.<\/p>\n<\/div>\n<p><em>Tous les produits Newgarden sont fabriqu\u00e9s en poly\u00e9thyl\u00e8ne, ils sont donc l\u00e9gers et tr\u00e8s r\u00e9sistants aux temp\u00e9ratures extr\u00eames. Ils sont \u00e9galement r\u00e9sistants aux rayons UV, ce qui rend la dur\u00e9e de vie du produit extraordinairement longue.<\/em><\/p>\n<ul class=\"tablaTech\">\n<li>\n<div class=\"boxContents no-border\">\n<div class=\"name\"><strong>TAILLE BULY 20<\/strong><\/div>\n<div class=\"data\">\u00f820 x 17 cm<\/div>\n<\/div>\n<\/li>\n<\/ul>\n<p>[\/vc_column_text][\/vc_column][\/vc_row][vc_row disable_element=&#8221;yes&#8221;][vc_column][vc_single_image image=&#8221;6566&#8243; img_size=&#8221;full&#8221;][\/vc_column][\/vc_row][vc_row][vc_column width=&#8221;1\/2&#8243;][vc_btn title=&#8221;Fiche technique&#8221; style=&#8221;custom&#8221; custom_background=&#8221;#009bc2&#8243; custom_text=&#8221;#ffffff&#8221; shape=&#8221;square&#8221; link=&#8221;url:https%3A%2F%2Fdrive.google.com%2Fdrive%2Ffolders%2F1Jp_nSgrEmxGRLUqd0xH7sP1wnukjd7QS%3Fusp%3Dsharing|target:%20_blank|&#8221; el_class=&#8221;btn_descargar_ficha&#8221;][\/vc_column][vc_column width=&#8221;1\/2&#8243;][vc_btn title=&#8221;Manuel d&#8217;instrutions&#8221; style=&#8221;custom&#8221; custom_background=&#8221;#009bc2&#8243; custom_text=&#8221;#ffffff&#8221; shape=&#8221;square&#8221; el_class=&#8221;btn_descargar_ficha&#8221;][\/vc_column][\/vc_row]<\/p>\n<\/section>","protected":false},"excerpt":{"rendered":"<h1 style=\"font-size: 12px;\">Lampe sph\u00e9rique Buly 20<\/h1>\n","protected":false},"featured_media":57247,"template":"","meta":[],"product_cat":[1695,651,652,1584,1590],"product_tag":[647,707,648],"class_list":{"0":"post-19205","1":"product","2":"type-product","3":"status-publish","4":"has-post-thumbnail","6":"product_cat-productos-fr","7":"product_cat-lightdeco-fr","8":"product_cat-lampe-a-cote","9":"product_cat-boules-et-cubes","10":"product_cat-interieur-fr","11":"product_tag-cable-fr","12":"product_tag-sans-fil","13":"product_tag-solaire","15":"first","16":"instock","17":"taxable","18":"shipping-taxable","19":"purchasable","20":"product-type-variable"},"yoast_head":"<!-- This site is optimized with the Yoast SEO plugin v24.2 - https:\/\/yoast.com\/wordpress\/plugins\/seo\/ -->\n<title>LAMPE SPH\u00c9RIQUE BULY 20 D&#039;EXT\u00c9RIEUR SOLAIRE<\/title>\n<meta name=\"description\" content=\"Buly, la sph\u00e8re lumineuse, best-seller de chez\u00a0Newgarden. La fameuse lampe\u00a0sph\u00e9rique\u00a0\u00a0existe en plusieurs formats et versions. Associez plusieurs\u00a0Buly\u00a0de\" \/>\n<meta name=\"robots\" content=\"index, follow, max-snippet:-1, max-image-preview:large, max-video-preview:-1\" \/>\n<link rel=\"canonical\" href=\"https:\/\/newgarden.es\/fr\/shop\/lightdeco-fr\/lampe-a-cote\/buly-20\/\" \/>\n<meta property=\"og:locale\" content=\"fr_FR\" \/>\n<meta property=\"og:type\" content=\"article\" \/>\n<meta property=\"og:title\" content=\"LAMPE SPH\u00c9RIQUE BULY 20 D&#039;EXT\u00c9RIEUR SOLAIRE\" \/>\n<meta property=\"og:description\" content=\"Buly, la sph\u00e8re lumineuse, best-seller de chez\u00a0Newgarden. La fameuse lampe\u00a0sph\u00e9rique\u00a0\u00a0existe en plusieurs formats et versions. Associez plusieurs\u00a0Buly\u00a0de\" \/>\n<meta property=\"og:url\" content=\"https:\/\/newgarden.es\/fr\/shop\/lightdeco-fr\/lampe-a-cote\/buly-20\/\" \/>\n<meta property=\"og:site_name\" content=\"Newgarden\" \/>\n<meta property=\"article:modified_time\" content=\"2022-10-24T11:19:19+00:00\" \/>\n<meta property=\"og:image\" content=\"https:\/\/newgarden.es\/wp-content\/uploads\/2019\/04\/FAMILIA_BULYS_1200X1200-1.jpg\" \/>\n\t<meta property=\"og:image:width\" content=\"1200\" \/>\n\t<meta property=\"og:image:height\" content=\"1200\" \/>\n\t<meta property=\"og:image:type\" content=\"image\/jpeg\" \/>\n<meta name=\"twitter:card\" content=\"summary_large_image\" \/>\n<meta name=\"twitter:label1\" content=\"Dur\u00e9e de lecture estim\u00e9e\" \/>\n\t<meta name=\"twitter:data1\" content=\"2 minutes\" \/>\n<script type=\"application\/ld+json\" class=\"yoast-schema-graph\">{\"@context\":\"https:\/\/schema.org\",\"@graph\":[{\"@type\":\"WebPage\",\"@id\":\"https:\/\/newgarden.es\/fr\/shop\/lightdeco-fr\/lampe-a-cote\/buly-20\/\",\"url\":\"https:\/\/newgarden.es\/fr\/shop\/lightdeco-fr\/lampe-a-cote\/buly-20\/\",\"name\":\"LAMPE SPH\u00c9RIQUE BULY 20 D'EXT\u00c9RIEUR SOLAIRE\",\"isPartOf\":{\"@id\":\"https:\/\/newgarden.es\/#website\"},\"primaryImageOfPage\":{\"@id\":\"https:\/\/newgarden.es\/fr\/shop\/lightdeco-fr\/lampe-a-cote\/buly-20\/#primaryimage\"},\"image\":{\"@id\":\"https:\/\/newgarden.es\/fr\/shop\/lightdeco-fr\/lampe-a-cote\/buly-20\/#primaryimage\"},\"thumbnailUrl\":\"https:\/\/newgarden.es\/wp-content\/uploads\/2019\/04\/FAMILIA_BULYS_1200X1200-1.jpg\",\"datePublished\":\"2019-10-21T12:01:21+00:00\",\"dateModified\":\"2022-10-24T11:19:19+00:00\",\"description\":\"Buly, la sph\u00e8re lumineuse, best-seller de chez\u00a0Newgarden. La fameuse lampe\u00a0sph\u00e9rique\u00a0\u00a0existe en plusieurs formats et versions. Associez plusieurs\u00a0Buly\u00a0de\",\"breadcrumb\":{\"@id\":\"https:\/\/newgarden.es\/fr\/shop\/lightdeco-fr\/lampe-a-cote\/buly-20\/#breadcrumb\"},\"inLanguage\":\"fr-FR\",\"potentialAction\":[{\"@type\":\"ReadAction\",\"target\":[\"https:\/\/newgarden.es\/fr\/shop\/lightdeco-fr\/lampe-a-cote\/buly-20\/\"]}]},{\"@type\":\"ImageObject\",\"inLanguage\":\"fr-FR\",\"@id\":\"https:\/\/newgarden.es\/fr\/shop\/lightdeco-fr\/lampe-a-cote\/buly-20\/#primaryimage\",\"url\":\"https:\/\/newgarden.es\/wp-content\/uploads\/2019\/04\/FAMILIA_BULYS_1200X1200-1.jpg\",\"contentUrl\":\"https:\/\/newgarden.es\/wp-content\/uploads\/2019\/04\/FAMILIA_BULYS_1200X1200-1.jpg\",\"width\":1200,\"height\":1200},{\"@type\":\"BreadcrumbList\",\"@id\":\"https:\/\/newgarden.es\/fr\/shop\/lightdeco-fr\/lampe-a-cote\/buly-20\/#breadcrumb\",\"itemListElement\":[{\"@type\":\"ListItem\",\"position\":1,\"name\":\"Home\",\"item\":\"https:\/\/newgarden.es\/fr\/\"},{\"@type\":\"ListItem\",\"position\":2,\"name\":\"Boutique\",\"item\":\"https:\/\/newgarden.es\/fr\/boutique\/\"},{\"@type\":\"ListItem\",\"position\":3,\"name\":\"LAMPE SPH\u00c9RIQUE BULY 20\"}]},{\"@type\":\"WebSite\",\"@id\":\"https:\/\/newgarden.es\/#website\",\"url\":\"https:\/\/newgarden.es\/\",\"name\":\"Newgarden\",\"description\":\"Be happy\",\"potentialAction\":[{\"@type\":\"SearchAction\",\"target\":{\"@type\":\"EntryPoint\",\"urlTemplate\":\"https:\/\/newgarden.es\/?s={search_term_string}\"},\"query-input\":{\"@type\":\"PropertyValueSpecification\",\"valueRequired\":true,\"valueName\":\"search_term_string\"}}],\"inLanguage\":\"fr-FR\"}]}<\/script>\n<!-- \/ Yoast SEO plugin. -->","yoast_head_json":{"title":"LAMPE SPH\u00c9RIQUE BULY 20 D'EXT\u00c9RIEUR SOLAIRE","description":"Buly, la sph\u00e8re lumineuse, best-seller de chez\u00a0Newgarden. La fameuse lampe\u00a0sph\u00e9rique\u00a0\u00a0existe en plusieurs formats et versions. Associez plusieurs\u00a0Buly\u00a0de","robots":{"index":"index","follow":"follow","max-snippet":"max-snippet:-1","max-image-preview":"max-image-preview:large","max-video-preview":"max-video-preview:-1"},"canonical":"https:\/\/newgarden.es\/fr\/shop\/lightdeco-fr\/lampe-a-cote\/buly-20\/","og_locale":"fr_FR","og_type":"article","og_title":"LAMPE SPH\u00c9RIQUE BULY 20 D'EXT\u00c9RIEUR SOLAIRE","og_description":"Buly, la sph\u00e8re lumineuse, best-seller de chez\u00a0Newgarden. La fameuse lampe\u00a0sph\u00e9rique\u00a0\u00a0existe en plusieurs formats et versions. Associez plusieurs\u00a0Buly\u00a0de","og_url":"https:\/\/newgarden.es\/fr\/shop\/lightdeco-fr\/lampe-a-cote\/buly-20\/","og_site_name":"Newgarden","article_modified_time":"2022-10-24T11:19:19+00:00","og_image":[{"width":1200,"height":1200,"url":"https:\/\/newgarden.es\/wp-content\/uploads\/2019\/04\/FAMILIA_BULYS_1200X1200-1.jpg","type":"image\/jpeg"}],"twitter_card":"summary_large_image","twitter_misc":{"Dur\u00e9e de lecture estim\u00e9e":"2 minutes"},"schema":{"@context":"https:\/\/schema.org","@graph":[{"@type":"WebPage","@id":"https:\/\/newgarden.es\/fr\/shop\/lightdeco-fr\/lampe-a-cote\/buly-20\/","url":"https:\/\/newgarden.es\/fr\/shop\/lightdeco-fr\/lampe-a-cote\/buly-20\/","name":"LAMPE SPH\u00c9RIQUE BULY 20 D'EXT\u00c9RIEUR SOLAIRE","isPartOf":{"@id":"https:\/\/newgarden.es\/#website"},"primaryImageOfPage":{"@id":"https:\/\/newgarden.es\/fr\/shop\/lightdeco-fr\/lampe-a-cote\/buly-20\/#primaryimage"},"image":{"@id":"https:\/\/newgarden.es\/fr\/shop\/lightdeco-fr\/lampe-a-cote\/buly-20\/#primaryimage"},"thumbnailUrl":"https:\/\/newgarden.es\/wp-content\/uploads\/2019\/04\/FAMILIA_BULYS_1200X1200-1.jpg","datePublished":"2019-10-21T12:01:21+00:00","dateModified":"2022-10-24T11:19:19+00:00","description":"Buly, la sph\u00e8re lumineuse, best-seller de chez\u00a0Newgarden. La fameuse lampe\u00a0sph\u00e9rique\u00a0\u00a0existe en plusieurs formats et versions. Associez plusieurs\u00a0Buly\u00a0de","breadcrumb":{"@id":"https:\/\/newgarden.es\/fr\/shop\/lightdeco-fr\/lampe-a-cote\/buly-20\/#breadcrumb"},"inLanguage":"fr-FR","potentialAction":[{"@type":"ReadAction","target":["https:\/\/newgarden.es\/fr\/shop\/lightdeco-fr\/lampe-a-cote\/buly-20\/"]}]},{"@type":"ImageObject","inLanguage":"fr-FR","@id":"https:\/\/newgarden.es\/fr\/shop\/lightdeco-fr\/lampe-a-cote\/buly-20\/#primaryimage","url":"https:\/\/newgarden.es\/wp-content\/uploads\/2019\/04\/FAMILIA_BULYS_1200X1200-1.jpg","contentUrl":"https:\/\/newgarden.es\/wp-content\/uploads\/2019\/04\/FAMILIA_BULYS_1200X1200-1.jpg","width":1200,"height":1200},{"@type":"BreadcrumbList","@id":"https:\/\/newgarden.es\/fr\/shop\/lightdeco-fr\/lampe-a-cote\/buly-20\/#breadcrumb","itemListElement":[{"@type":"ListItem","position":1,"name":"Home","item":"https:\/\/newgarden.es\/fr\/"},{"@type":"ListItem","position":2,"name":"Boutique","item":"https:\/\/newgarden.es\/fr\/boutique\/"},{"@type":"ListItem","position":3,"name":"LAMPE SPH\u00c9RIQUE BULY 20"}]},{"@type":"WebSite","@id":"https:\/\/newgarden.es\/#website","url":"https:\/\/newgarden.es\/","name":"Newgarden","description":"Be happy","potentialAction":[{"@type":"SearchAction","target":{"@type":"EntryPoint","urlTemplate":"https:\/\/newgarden.es\/?s={search_term_string}"},"query-input":{"@type":"PropertyValueSpecification","valueRequired":true,"valueName":"search_term_string"}}],"inLanguage":"fr-FR"}]}},"df_price":27.4,"df_sale_price":"","df_regular_price":27.4,"df_image_link":"https:\/\/newgarden.es\/wp-content\/uploads\/2019\/04\/FAMILIA_BULYS_1200X1200-1-580x400.jpg","_links":{"self":[{"href":"https:\/\/newgarden.es\/fr\/wp-json\/wp\/v2\/product\/19205"}],"collection":[{"href":"https:\/\/newgarden.es\/fr\/wp-json\/wp\/v2\/product"}],"about":[{"href":"https:\/\/newgarden.es\/fr\/wp-json\/wp\/v2\/types\/product"}],"wp:featuredmedia":[{"embeddable":true,"href":"https:\/\/newgarden.es\/fr\/wp-json\/wp\/v2\/media\/57247"}],"wp:attachment":[{"href":"https:\/\/newgarden.es\/fr\/wp-json\/wp\/v2\/media?parent=19205"}],"wp:term":[{"taxonomy":"product_cat","embeddable":true,"href":"https:\/\/newgarden.es\/fr\/wp-json\/wp\/v2\/product_cat?post=19205"},{"taxonomy":"product_tag","embeddable":true,"href":"https:\/\/newgarden.es\/fr\/wp-json\/wp\/v2\/product_tag?post=19205"}],"curies":[{"name":"wp","href":"https:\/\/api.w.org\/{rel}","templated":true}]}}