{"id":25784,"date":"2020-02-18T17:03:15","date_gmt":"2020-02-18T16:03:20","guid":{"rendered":"https:\/\/newgarden.es\/?post_type=product&#038;p=25784"},"modified":"2024-06-14T08:29:14","modified_gmt":"2024-06-14T06:29:14","slug":"norai-copia","status":"publish","type":"product","link":"https:\/\/newgarden.es\/fr\/shop\/lightdeco-fr\/lampes-suspendues\/norai-copia\/","title":{"rendered":"SUSPENSION D&rsquo;EXT\u00c9RIEUR SORA"},"content":{"rendered":"<section class=\"wpb-content-wrapper\"><p>[vc_row][vc_column][vc_column_text]<\/p>\n<p>[\/vc_column_text][\/vc_column][\/vc_row][vc_row][vc_column el_class=\u00a0\u00bbdescripcion_producto\u00a0\u00bb][vc_column_text]Sora est pr\u00e9sent\u00e9e comme l&rsquo;une des nouveaut\u00e9s de Newgarden.<\/p>\n<p>La lampe suspendue Sora s&rsquo;inspire des lignes asiatiques, ce qui signifie Ciel en japonais.<\/p>\n<p>Il s&rsquo;agit d&rsquo;un mod\u00e8le sans fil, avec une lumi\u00e8re LED en 128 couleurs + une lumi\u00e8re chaude. Elle est command\u00e9e par une t\u00e9l\u00e9commande et se recharge sur le secteur. Elle a une autonomie de 12 \u00e0 36 heures, selon la couleur de la lumi\u00e8re dans laquelle vous l&rsquo;allumez. Id\u00e9ale pour l&rsquo;ext\u00e9rieur ou comme lampe portable \u00e0 emporter partout : plage, piscine et f\u00eates.<\/p>\n<p>Elle est disponible en 3 couleurs : gris espace, rose ou beige.<\/p>\n<p>Les produits Newgarden sont fabriqu\u00e9s en poly\u00e9thyl\u00e8ne, ce qui les rend l\u00e9gers et tr\u00e8s r\u00e9sistants. Ils supportent les changements de temp\u00e9rature extr\u00eames et sont prot\u00e9g\u00e9s contre les rayons UV, ce qui rend la dur\u00e9e de vie du produit presque illimit\u00e9e.[\/vc_column_text][\/vc_column][\/vc_row][vc_row disable_element=\u00a0\u00bbyes\u00a0\u00bb][vc_column][vc_single_image image=\u00a0\u00bb6566&Prime; img_size=\u00a0\u00bbfull\u00a0\u00bb][\/vc_column][\/vc_row][vc_row][vc_column width=\u00a0\u00bb1\/2&Prime;][vc_btn title=\u00a0\u00bbFiche technique\u00a0\u00bb style=\u00a0\u00bbcustom\u00a0\u00bb custom_background=\u00a0\u00bb#009bc2&Prime; custom_text=\u00a0\u00bb#ffffff\u00a0\u00bb link=\u00a0\u00bburl:https%3A%2F%2Fbit.ly%2F3vJACUV|target:%20_blank|\u00a0\u00bb el_class=\u00a0\u00bbbtn_descargar_ficha\u00a0\u00bb][\/vc_column][vc_column width=\u00a0\u00bb1\/2&Prime;][vc_btn title=\u00a0\u00bbManuel d&apos;instrutions\u00a0\u00bb style=\u00a0\u00bbcustom\u00a0\u00bb custom_background=\u00a0\u00bb#009bc2&Prime; custom_text=\u00a0\u00bb#ffffff\u00a0\u00bb link=\u00a0\u00bburl:https%3A%2F%2Fbit.ly%2F3zxPhn9|target:%20_blank|\u00a0\u00bb el_class=\u00a0\u00bbbtn_descargar_ficha\u00a0\u00bb][\/vc_column][\/vc_row]<\/p>\n<\/section>","protected":false},"excerpt":{"rendered":"<h5 style=\"font-size: 12px;\"><strong>Suspension d&rsquo;ext\u00e9rieur Sora<\/strong><\/h5>\n","protected":false},"featured_media":57599,"template":"","meta":[],"product_cat":[651,754,744,752],"product_tag":[653],"class_list":{"0":"post-25784","1":"product","2":"type-product","3":"status-publish","4":"has-post-thumbnail","6":"product_cat-lightdeco-fr","7":"product_cat-portables","8":"product_cat-lampes-suspendues","9":"product_cat-noel","10":"product_tag-batterie","12":"first","13":"instock","14":"taxable","15":"shipping-taxable","16":"purchasable","17":"product-type-variable"},"yoast_head":"<!-- This site is optimized with the Yoast SEO plugin v24.2 - https:\/\/yoast.com\/wordpress\/plugins\/seo\/ -->\n<title>SUSPENSION D&#039;EXT\u00c9RIEUR SORA PORTABLE RECHARGEABLE<\/title>\n<meta name=\"description\" content=\"ora\u00a0est l&#039;une des nouveaut\u00e9s de\u00a0Newgarden.La lampe \u00e0 suspension\u00a0Sora\u00a0est inspir\u00e9e des lignes asiatiques, qui signifient &quot;ciel&quot; en japonais.C&#039;est un mod\u00e8le\" \/>\n<meta name=\"robots\" content=\"index, follow, max-snippet:-1, max-image-preview:large, max-video-preview:-1\" \/>\n<link rel=\"canonical\" href=\"https:\/\/newgarden.es\/fr\/shop\/lightdeco-fr\/lampes-suspendues\/norai-copia\/\" \/>\n<meta property=\"og:locale\" content=\"fr_FR\" \/>\n<meta property=\"og:type\" content=\"article\" \/>\n<meta property=\"og:title\" content=\"SUSPENSION D&#039;EXT\u00c9RIEUR SORA PORTABLE RECHARGEABLE\" \/>\n<meta property=\"og:description\" content=\"ora\u00a0est l&#039;une des nouveaut\u00e9s de\u00a0Newgarden.La lampe \u00e0 suspension\u00a0Sora\u00a0est inspir\u00e9e des lignes asiatiques, qui signifient &quot;ciel&quot; en japonais.C&#039;est un mod\u00e8le\" \/>\n<meta property=\"og:url\" content=\"https:\/\/newgarden.es\/fr\/shop\/lightdeco-fr\/lampes-suspendues\/norai-copia\/\" \/>\n<meta property=\"og:site_name\" content=\"Newgarden\" \/>\n<meta property=\"article:modified_time\" content=\"2024-06-14T06:29:14+00:00\" \/>\n<meta property=\"og:image\" content=\"https:\/\/newgarden.es\/wp-content\/uploads\/2020\/02\/SORA_BATTERY_1200X1200-1.jpg\" \/>\n\t<meta property=\"og:image:width\" content=\"1200\" \/>\n\t<meta property=\"og:image:height\" content=\"1200\" \/>\n\t<meta property=\"og:image:type\" content=\"image\/jpeg\" \/>\n<meta name=\"twitter:card\" content=\"summary_large_image\" \/>\n<meta name=\"twitter:label1\" content=\"Dur\u00e9e de lecture estim\u00e9e\" \/>\n\t<meta name=\"twitter:data1\" content=\"1 minute\" \/>\n<script type=\"application\/ld+json\" class=\"yoast-schema-graph\">{\"@context\":\"https:\/\/schema.org\",\"@graph\":[{\"@type\":\"WebPage\",\"@id\":\"https:\/\/newgarden.es\/fr\/shop\/lightdeco-fr\/lampes-suspendues\/norai-copia\/\",\"url\":\"https:\/\/newgarden.es\/fr\/shop\/lightdeco-fr\/lampes-suspendues\/norai-copia\/\",\"name\":\"SUSPENSION D'EXT\u00c9RIEUR SORA PORTABLE RECHARGEABLE\",\"isPartOf\":{\"@id\":\"https:\/\/newgarden.es\/#website\"},\"primaryImageOfPage\":{\"@id\":\"https:\/\/newgarden.es\/fr\/shop\/lightdeco-fr\/lampes-suspendues\/norai-copia\/#primaryimage\"},\"image\":{\"@id\":\"https:\/\/newgarden.es\/fr\/shop\/lightdeco-fr\/lampes-suspendues\/norai-copia\/#primaryimage\"},\"thumbnailUrl\":\"https:\/\/newgarden.es\/wp-content\/uploads\/2020\/02\/SORA_BATTERY_1200X1200-1.jpg\",\"datePublished\":\"2020-02-18T16:03:20+00:00\",\"dateModified\":\"2024-06-14T06:29:14+00:00\",\"description\":\"ora\u00a0est l'une des nouveaut\u00e9s de\u00a0Newgarden.La lampe \u00e0 suspension\u00a0Sora\u00a0est inspir\u00e9e des lignes asiatiques, qui signifient \\\"ciel\\\" en japonais.C'est un mod\u00e8le\",\"breadcrumb\":{\"@id\":\"https:\/\/newgarden.es\/fr\/shop\/lightdeco-fr\/lampes-suspendues\/norai-copia\/#breadcrumb\"},\"inLanguage\":\"fr-FR\",\"potentialAction\":[{\"@type\":\"ReadAction\",\"target\":[\"https:\/\/newgarden.es\/fr\/shop\/lightdeco-fr\/lampes-suspendues\/norai-copia\/\"]}]},{\"@type\":\"ImageObject\",\"inLanguage\":\"fr-FR\",\"@id\":\"https:\/\/newgarden.es\/fr\/shop\/lightdeco-fr\/lampes-suspendues\/norai-copia\/#primaryimage\",\"url\":\"https:\/\/newgarden.es\/wp-content\/uploads\/2020\/02\/SORA_BATTERY_1200X1200-1.jpg\",\"contentUrl\":\"https:\/\/newgarden.es\/wp-content\/uploads\/2020\/02\/SORA_BATTERY_1200X1200-1.jpg\",\"width\":1200,\"height\":1200},{\"@type\":\"BreadcrumbList\",\"@id\":\"https:\/\/newgarden.es\/fr\/shop\/lightdeco-fr\/lampes-suspendues\/norai-copia\/#breadcrumb\",\"itemListElement\":[{\"@type\":\"ListItem\",\"position\":1,\"name\":\"Home\",\"item\":\"https:\/\/newgarden.es\/fr\/\"},{\"@type\":\"ListItem\",\"position\":2,\"name\":\"Boutique\",\"item\":\"https:\/\/newgarden.es\/fr\/boutique\/\"},{\"@type\":\"ListItem\",\"position\":3,\"name\":\"SUSPENSION D&#8217;EXT\u00c9RIEUR SORA\"}]},{\"@type\":\"WebSite\",\"@id\":\"https:\/\/newgarden.es\/#website\",\"url\":\"https:\/\/newgarden.es\/\",\"name\":\"Newgarden\",\"description\":\"Be happy\",\"potentialAction\":[{\"@type\":\"SearchAction\",\"target\":{\"@type\":\"EntryPoint\",\"urlTemplate\":\"https:\/\/newgarden.es\/?s={search_term_string}\"},\"query-input\":{\"@type\":\"PropertyValueSpecification\",\"valueRequired\":true,\"valueName\":\"search_term_string\"}}],\"inLanguage\":\"fr-FR\"}]}<\/script>\n<!-- \/ Yoast SEO plugin. -->","yoast_head_json":{"title":"SUSPENSION D'EXT\u00c9RIEUR SORA PORTABLE RECHARGEABLE","description":"ora\u00a0est l'une des nouveaut\u00e9s de\u00a0Newgarden.La lampe \u00e0 suspension\u00a0Sora\u00a0est inspir\u00e9e des lignes asiatiques, qui signifient \"ciel\" en japonais.C'est un mod\u00e8le","robots":{"index":"index","follow":"follow","max-snippet":"max-snippet:-1","max-image-preview":"max-image-preview:large","max-video-preview":"max-video-preview:-1"},"canonical":"https:\/\/newgarden.es\/fr\/shop\/lightdeco-fr\/lampes-suspendues\/norai-copia\/","og_locale":"fr_FR","og_type":"article","og_title":"SUSPENSION D'EXT\u00c9RIEUR SORA PORTABLE RECHARGEABLE","og_description":"ora\u00a0est l'une des nouveaut\u00e9s de\u00a0Newgarden.La lampe \u00e0 suspension\u00a0Sora\u00a0est inspir\u00e9e des lignes asiatiques, qui signifient \"ciel\" en japonais.C'est un mod\u00e8le","og_url":"https:\/\/newgarden.es\/fr\/shop\/lightdeco-fr\/lampes-suspendues\/norai-copia\/","og_site_name":"Newgarden","article_modified_time":"2024-06-14T06:29:14+00:00","og_image":[{"width":1200,"height":1200,"url":"https:\/\/newgarden.es\/wp-content\/uploads\/2020\/02\/SORA_BATTERY_1200X1200-1.jpg","type":"image\/jpeg"}],"twitter_card":"summary_large_image","twitter_misc":{"Dur\u00e9e de lecture estim\u00e9e":"1 minute"},"schema":{"@context":"https:\/\/schema.org","@graph":[{"@type":"WebPage","@id":"https:\/\/newgarden.es\/fr\/shop\/lightdeco-fr\/lampes-suspendues\/norai-copia\/","url":"https:\/\/newgarden.es\/fr\/shop\/lightdeco-fr\/lampes-suspendues\/norai-copia\/","name":"SUSPENSION D'EXT\u00c9RIEUR SORA PORTABLE RECHARGEABLE","isPartOf":{"@id":"https:\/\/newgarden.es\/#website"},"primaryImageOfPage":{"@id":"https:\/\/newgarden.es\/fr\/shop\/lightdeco-fr\/lampes-suspendues\/norai-copia\/#primaryimage"},"image":{"@id":"https:\/\/newgarden.es\/fr\/shop\/lightdeco-fr\/lampes-suspendues\/norai-copia\/#primaryimage"},"thumbnailUrl":"https:\/\/newgarden.es\/wp-content\/uploads\/2020\/02\/SORA_BATTERY_1200X1200-1.jpg","datePublished":"2020-02-18T16:03:20+00:00","dateModified":"2024-06-14T06:29:14+00:00","description":"ora\u00a0est l'une des nouveaut\u00e9s de\u00a0Newgarden.La lampe \u00e0 suspension\u00a0Sora\u00a0est inspir\u00e9e des lignes asiatiques, qui signifient \"ciel\" en japonais.C'est un mod\u00e8le","breadcrumb":{"@id":"https:\/\/newgarden.es\/fr\/shop\/lightdeco-fr\/lampes-suspendues\/norai-copia\/#breadcrumb"},"inLanguage":"fr-FR","potentialAction":[{"@type":"ReadAction","target":["https:\/\/newgarden.es\/fr\/shop\/lightdeco-fr\/lampes-suspendues\/norai-copia\/"]}]},{"@type":"ImageObject","inLanguage":"fr-FR","@id":"https:\/\/newgarden.es\/fr\/shop\/lightdeco-fr\/lampes-suspendues\/norai-copia\/#primaryimage","url":"https:\/\/newgarden.es\/wp-content\/uploads\/2020\/02\/SORA_BATTERY_1200X1200-1.jpg","contentUrl":"https:\/\/newgarden.es\/wp-content\/uploads\/2020\/02\/SORA_BATTERY_1200X1200-1.jpg","width":1200,"height":1200},{"@type":"BreadcrumbList","@id":"https:\/\/newgarden.es\/fr\/shop\/lightdeco-fr\/lampes-suspendues\/norai-copia\/#breadcrumb","itemListElement":[{"@type":"ListItem","position":1,"name":"Home","item":"https:\/\/newgarden.es\/fr\/"},{"@type":"ListItem","position":2,"name":"Boutique","item":"https:\/\/newgarden.es\/fr\/boutique\/"},{"@type":"ListItem","position":3,"name":"SUSPENSION D&#8217;EXT\u00c9RIEUR SORA"}]},{"@type":"WebSite","@id":"https:\/\/newgarden.es\/#website","url":"https:\/\/newgarden.es\/","name":"Newgarden","description":"Be happy","potentialAction":[{"@type":"SearchAction","target":{"@type":"EntryPoint","urlTemplate":"https:\/\/newgarden.es\/?s={search_term_string}"},"query-input":{"@type":"PropertyValueSpecification","valueRequired":true,"valueName":"search_term_string"}}],"inLanguage":"fr-FR"}]}},"df_price":55,"df_sale_price":"","df_regular_price":55,"df_image_link":"https:\/\/newgarden.es\/wp-content\/uploads\/2020\/02\/SORA_BATTERY_1200X1200-1-580x400.jpg","_links":{"self":[{"href":"https:\/\/newgarden.es\/fr\/wp-json\/wp\/v2\/product\/25784"}],"collection":[{"href":"https:\/\/newgarden.es\/fr\/wp-json\/wp\/v2\/product"}],"about":[{"href":"https:\/\/newgarden.es\/fr\/wp-json\/wp\/v2\/types\/product"}],"wp:featuredmedia":[{"embeddable":true,"href":"https:\/\/newgarden.es\/fr\/wp-json\/wp\/v2\/media\/57599"}],"wp:attachment":[{"href":"https:\/\/newgarden.es\/fr\/wp-json\/wp\/v2\/media?parent=25784"}],"wp:term":[{"taxonomy":"product_cat","embeddable":true,"href":"https:\/\/newgarden.es\/fr\/wp-json\/wp\/v2\/product_cat?post=25784"},{"taxonomy":"product_tag","embeddable":true,"href":"https:\/\/newgarden.es\/fr\/wp-json\/wp\/v2\/product_tag?post=25784"}],"curies":[{"name":"wp","href":"https:\/\/api.w.org\/{rel}","templated":true}]}}