{"id":25849,"date":"2020-02-19T10:05:17","date_gmt":"2020-02-19T09:05:22","guid":{"rendered":"https:\/\/newgarden.es\/?post_type=product&#038;p=25849"},"modified":"2024-05-27T16:12:27","modified_gmt":"2024-05-27T14:12:27","slug":"norai-copia-copia","status":"publish","type":"product","link":"https:\/\/newgarden.es\/fr\/shop\/lightdeco-fr\/lampes-suspendues\/norai-copia-copia\/","title":{"rendered":"SUSPENSION D&rsquo;EXT\u00c9RIEUR BITA"},"content":{"rendered":"<section class=\"wpb-content-wrapper\"><p>[vc_row][vc_column][vc_column_text]<\/p>\n<p>[\/vc_column_text][\/vc_column][\/vc_row][vc_row][vc_column el_class=\u00a0\u00bbdescripcion_producto\u00a0\u00bb][vc_column_text]Bita se presenta como una de las novedades mas atractivas de Newgarden.<\/p>\n<p>La l\u00e1mpara colgante Bita est\u00e1 inspirada en los postes de madera o de hierro que sirven para dar vuelta a los cabos cuando fond\u00e9a un barco. El modelo Bita es perfecto para colgar en cualquier rinc\u00f3n de exterior y como decoraci\u00f3n para iluminar cualquier jard\u00edn o negocio.<\/p>\n<p>Es un modelo inal\u00e1mbrico, con luz LED en 128 colores + luz c\u00e1lida. Se maneja con mando a distancia y se carga a la corriente. Tiene una autonom\u00eda de 12-36 horas, dependiendo del color de la luz en el que lo enciendas. Ideal para exteriores o como lampara port\u00e1til para llevar a todos sitios: playa, piscina y fiestas.<\/p>\n<p>Esta disponible en 3 colores: gris espacial, rosa o beige.<\/p>\n<p><em>Los productos Newgarden est\u00e1n fabricados en Polietileno, por lo que son ligeros y muy resistentes. Soportan cambios extremos de temperatura y est\u00e1n protegidos contra los rayos UV, haciendo que la vida \u00fatil del producto sea casi ilimitada.<\/em>[\/vc_column_text][\/vc_column][\/vc_row][vc_row disable_element=\u00a0\u00bbyes\u00a0\u00bb][vc_column][vc_single_image image=\u00a0\u00bb6566&Prime; img_size=\u00a0\u00bbfull\u00a0\u00bb][\/vc_column][\/vc_row][vc_row][vc_column width=\u00a0\u00bb1\/2&Prime;][vc_btn title=\u00a0\u00bbFICHE TECHNIQUE BEIGE\u00a0\u00bb style=\u00a0\u00bbcustom\u00a0\u00bb custom_background=\u00a0\u00bb#009bc2&Prime; custom_text=\u00a0\u00bb#ffffff\u00a0\u00bb link=\u00a0\u00bburl:https%3A%2F%2Fbit.ly%2F3ndv1Bq|target:%20_blank|\u00a0\u00bb el_class=\u00a0\u00bbbtn_descargar_ficha\u00a0\u00bb][vc_btn title=\u00a0\u00bbFICHA T\u00c9CNICA GRIS\u00a0\u00bb style=\u00a0\u00bbcustom\u00a0\u00bb custom_background=\u00a0\u00bb#009bc2&Prime; custom_text=\u00a0\u00bb#ffffff\u00a0\u00bb link=\u00a0\u00bburl:https%3A%2F%2Fbit.ly%2F3OwccVR|target:%20_blank|\u00a0\u00bb el_class=\u00a0\u00bbbtn_descargar_ficha\u00a0\u00bb][vc_btn title=\u00a0\u00bbFICHA T\u00c9CNICA ROSA\u00a0\u00bb style=\u00a0\u00bbcustom\u00a0\u00bb custom_background=\u00a0\u00bb#009bc2&Prime; custom_text=\u00a0\u00bb#ffffff\u00a0\u00bb link=\u00a0\u00bburl:https%3A%2F%2Fbit.ly%2F39HemU2|target:%20_blank|\u00a0\u00bb el_class=\u00a0\u00bbbtn_descargar_ficha\u00a0\u00bb][\/vc_column][vc_column width=\u00a0\u00bb1\/2&Prime;][vc_btn title=\u00a0\u00bbManuel d&apos;instrutions\u00a0\u00bb style=\u00a0\u00bbcustom\u00a0\u00bb custom_background=\u00a0\u00bb#009bc2&Prime; custom_text=\u00a0\u00bb#ffffff\u00a0\u00bb link=\u00a0\u00bburl:https%3A%2F%2Fbit.ly%2F3zZ9SST|target:%20_blank|\u00a0\u00bb el_class=\u00a0\u00bbbtn_descargar_ficha\u00a0\u00bb][vc_btn title=\u00a0\u00bbMANUAL DE INSTRUCCIONES GRIS\u00a0\u00bb style=\u00a0\u00bbcustom\u00a0\u00bb custom_background=\u00a0\u00bb#009bc2&Prime; custom_text=\u00a0\u00bb#ffffff\u00a0\u00bb link=\u00a0\u00bburl:https%3A%2F%2Fbit.ly%2F3zTfBZp|target:%20_blank|\u00a0\u00bb el_class=\u00a0\u00bbbtn_descargar_ficha\u00a0\u00bb][vc_btn title=\u00a0\u00bbMANUAL DE INSTRUCCIONES ROSA\u00a0\u00bb style=\u00a0\u00bbcustom\u00a0\u00bb custom_background=\u00a0\u00bb#009bc2&Prime; custom_text=\u00a0\u00bb#ffffff\u00a0\u00bb link=\u00a0\u00bburl:https%3A%2F%2Fbit.ly%2F3SqvezL|target:%20_blank|\u00a0\u00bb el_class=\u00a0\u00bbbtn_descargar_ficha\u00a0\u00bb][\/vc_column][\/vc_row]<\/p>\n<\/section>","protected":false},"excerpt":{"rendered":"<h5 style=\"font-size: 12px;\"><strong>Lampe portable BITA<\/strong><\/h5>\n","protected":false},"featured_media":57555,"template":"","meta":[],"product_cat":[651,754,744,752],"product_tag":[653],"class_list":{"0":"post-25849","1":"product","2":"type-product","3":"status-publish","4":"has-post-thumbnail","6":"product_cat-lightdeco-fr","7":"product_cat-portables","8":"product_cat-lampes-suspendues","9":"product_cat-noel","10":"product_tag-batterie","12":"first","13":"instock","14":"taxable","15":"shipping-taxable","16":"purchasable","17":"product-type-variable"},"yoast_head":"<!-- This site is optimized with the Yoast SEO plugin v24.2 - https:\/\/yoast.com\/wordpress\/plugins\/seo\/ -->\n<title>SUSPENSION D&#039;EXT\u00c9RIEUR BITA PORTABLE RECHARGEABLE<\/title>\n<meta name=\"description\" content=\"La lampe \u00e0 suspension\u00a0Bita\u00a0s&#039;inspire des bittes d&#039;amarrages en bois ou en fer\u00a0que l&#039;on trouve dans les ports pour amarrer les bateaux.La lampe est parfaite\" \/>\n<meta name=\"robots\" content=\"index, follow, max-snippet:-1, max-image-preview:large, max-video-preview:-1\" \/>\n<link rel=\"canonical\" href=\"https:\/\/newgarden.es\/shop\/lightdeco\/navidad\/lampara-colgante-bita\/\" \/>\n<meta property=\"og:locale\" content=\"fr_FR\" \/>\n<meta property=\"og:type\" content=\"article\" \/>\n<meta property=\"og:title\" content=\"SUSPENSION D&#039;EXT\u00c9RIEUR BITA PORTABLE RECHARGEABLE\" \/>\n<meta property=\"og:description\" content=\"La lampe \u00e0 suspension\u00a0Bita\u00a0s&#039;inspire des bittes d&#039;amarrages en bois ou en fer\u00a0que l&#039;on trouve dans les ports pour amarrer les bateaux.La lampe est parfaite\" \/>\n<meta property=\"og:url\" content=\"https:\/\/newgarden.es\/shop\/lightdeco\/navidad\/lampara-colgante-bita\/\" \/>\n<meta property=\"og:site_name\" content=\"Newgarden\" \/>\n<meta property=\"article:modified_time\" content=\"2024-05-27T14:12:27+00:00\" \/>\n<meta property=\"og:image\" content=\"https:\/\/newgarden.es\/wp-content\/uploads\/2020\/02\/BITA_1200X1200-5-1.jpg\" \/>\n\t<meta property=\"og:image:width\" content=\"1200\" \/>\n\t<meta property=\"og:image:height\" content=\"1200\" \/>\n\t<meta property=\"og:image:type\" content=\"image\/jpeg\" \/>\n<meta name=\"twitter:card\" content=\"summary_large_image\" \/>\n<meta name=\"twitter:label1\" content=\"Dur\u00e9e de lecture estim\u00e9e\" \/>\n\t<meta name=\"twitter:data1\" content=\"2 minutes\" \/>\n<script type=\"application\/ld+json\" class=\"yoast-schema-graph\">{\"@context\":\"https:\/\/schema.org\",\"@graph\":[{\"@type\":\"WebPage\",\"@id\":\"https:\/\/newgarden.es\/shop\/lightdeco\/navidad\/lampara-colgante-bita\/\",\"url\":\"https:\/\/newgarden.es\/shop\/lightdeco\/navidad\/lampara-colgante-bita\/\",\"name\":\"SUSPENSION D'EXT\u00c9RIEUR BITA PORTABLE RECHARGEABLE\",\"isPartOf\":{\"@id\":\"https:\/\/newgarden.es\/#website\"},\"primaryImageOfPage\":{\"@id\":\"https:\/\/newgarden.es\/shop\/lightdeco\/navidad\/lampara-colgante-bita\/#primaryimage\"},\"image\":{\"@id\":\"https:\/\/newgarden.es\/shop\/lightdeco\/navidad\/lampara-colgante-bita\/#primaryimage\"},\"thumbnailUrl\":\"https:\/\/newgarden.es\/wp-content\/uploads\/2020\/02\/BITA_1200X1200-5-1.jpg\",\"datePublished\":\"2020-02-19T09:05:22+00:00\",\"dateModified\":\"2024-05-27T14:12:27+00:00\",\"description\":\"La lampe \u00e0 suspension\u00a0Bita\u00a0s'inspire des bittes d'amarrages en bois ou en fer\u00a0que l'on trouve dans les ports pour amarrer les bateaux.La lampe est parfaite\",\"breadcrumb\":{\"@id\":\"https:\/\/newgarden.es\/shop\/lightdeco\/navidad\/lampara-colgante-bita\/#breadcrumb\"},\"inLanguage\":\"fr-FR\",\"potentialAction\":[{\"@type\":\"ReadAction\",\"target\":[\"https:\/\/newgarden.es\/shop\/lightdeco\/navidad\/lampara-colgante-bita\/\"]}]},{\"@type\":\"ImageObject\",\"inLanguage\":\"fr-FR\",\"@id\":\"https:\/\/newgarden.es\/shop\/lightdeco\/navidad\/lampara-colgante-bita\/#primaryimage\",\"url\":\"https:\/\/newgarden.es\/wp-content\/uploads\/2020\/02\/BITA_1200X1200-5-1.jpg\",\"contentUrl\":\"https:\/\/newgarden.es\/wp-content\/uploads\/2020\/02\/BITA_1200X1200-5-1.jpg\",\"width\":1200,\"height\":1200},{\"@type\":\"BreadcrumbList\",\"@id\":\"https:\/\/newgarden.es\/shop\/lightdeco\/navidad\/lampara-colgante-bita\/#breadcrumb\",\"itemListElement\":[{\"@type\":\"ListItem\",\"position\":1,\"name\":\"Home\",\"item\":\"https:\/\/newgarden.es\/fr\/\"},{\"@type\":\"ListItem\",\"position\":2,\"name\":\"Boutique\",\"item\":\"https:\/\/newgarden.es\/fr\/boutique\/\"},{\"@type\":\"ListItem\",\"position\":3,\"name\":\"SUSPENSION D&#8217;EXT\u00c9RIEUR BITA\"}]},{\"@type\":\"WebSite\",\"@id\":\"https:\/\/newgarden.es\/#website\",\"url\":\"https:\/\/newgarden.es\/\",\"name\":\"Newgarden\",\"description\":\"Be happy\",\"potentialAction\":[{\"@type\":\"SearchAction\",\"target\":{\"@type\":\"EntryPoint\",\"urlTemplate\":\"https:\/\/newgarden.es\/?s={search_term_string}\"},\"query-input\":{\"@type\":\"PropertyValueSpecification\",\"valueRequired\":true,\"valueName\":\"search_term_string\"}}],\"inLanguage\":\"fr-FR\"}]}<\/script>\n<!-- \/ Yoast SEO plugin. -->","yoast_head_json":{"title":"SUSPENSION D'EXT\u00c9RIEUR BITA PORTABLE RECHARGEABLE","description":"La lampe \u00e0 suspension\u00a0Bita\u00a0s'inspire des bittes d'amarrages en bois ou en fer\u00a0que l'on trouve dans les ports pour amarrer les bateaux.La lampe est parfaite","robots":{"index":"index","follow":"follow","max-snippet":"max-snippet:-1","max-image-preview":"max-image-preview:large","max-video-preview":"max-video-preview:-1"},"canonical":"https:\/\/newgarden.es\/shop\/lightdeco\/navidad\/lampara-colgante-bita\/","og_locale":"fr_FR","og_type":"article","og_title":"SUSPENSION D'EXT\u00c9RIEUR BITA PORTABLE RECHARGEABLE","og_description":"La lampe \u00e0 suspension\u00a0Bita\u00a0s'inspire des bittes d'amarrages en bois ou en fer\u00a0que l'on trouve dans les ports pour amarrer les bateaux.La lampe est parfaite","og_url":"https:\/\/newgarden.es\/shop\/lightdeco\/navidad\/lampara-colgante-bita\/","og_site_name":"Newgarden","article_modified_time":"2024-05-27T14:12:27+00:00","og_image":[{"width":1200,"height":1200,"url":"https:\/\/newgarden.es\/wp-content\/uploads\/2020\/02\/BITA_1200X1200-5-1.jpg","type":"image\/jpeg"}],"twitter_card":"summary_large_image","twitter_misc":{"Dur\u00e9e de lecture estim\u00e9e":"2 minutes"},"schema":{"@context":"https:\/\/schema.org","@graph":[{"@type":"WebPage","@id":"https:\/\/newgarden.es\/shop\/lightdeco\/navidad\/lampara-colgante-bita\/","url":"https:\/\/newgarden.es\/shop\/lightdeco\/navidad\/lampara-colgante-bita\/","name":"SUSPENSION D'EXT\u00c9RIEUR BITA PORTABLE RECHARGEABLE","isPartOf":{"@id":"https:\/\/newgarden.es\/#website"},"primaryImageOfPage":{"@id":"https:\/\/newgarden.es\/shop\/lightdeco\/navidad\/lampara-colgante-bita\/#primaryimage"},"image":{"@id":"https:\/\/newgarden.es\/shop\/lightdeco\/navidad\/lampara-colgante-bita\/#primaryimage"},"thumbnailUrl":"https:\/\/newgarden.es\/wp-content\/uploads\/2020\/02\/BITA_1200X1200-5-1.jpg","datePublished":"2020-02-19T09:05:22+00:00","dateModified":"2024-05-27T14:12:27+00:00","description":"La lampe \u00e0 suspension\u00a0Bita\u00a0s'inspire des bittes d'amarrages en bois ou en fer\u00a0que l'on trouve dans les ports pour amarrer les bateaux.La lampe est parfaite","breadcrumb":{"@id":"https:\/\/newgarden.es\/shop\/lightdeco\/navidad\/lampara-colgante-bita\/#breadcrumb"},"inLanguage":"fr-FR","potentialAction":[{"@type":"ReadAction","target":["https:\/\/newgarden.es\/shop\/lightdeco\/navidad\/lampara-colgante-bita\/"]}]},{"@type":"ImageObject","inLanguage":"fr-FR","@id":"https:\/\/newgarden.es\/shop\/lightdeco\/navidad\/lampara-colgante-bita\/#primaryimage","url":"https:\/\/newgarden.es\/wp-content\/uploads\/2020\/02\/BITA_1200X1200-5-1.jpg","contentUrl":"https:\/\/newgarden.es\/wp-content\/uploads\/2020\/02\/BITA_1200X1200-5-1.jpg","width":1200,"height":1200},{"@type":"BreadcrumbList","@id":"https:\/\/newgarden.es\/shop\/lightdeco\/navidad\/lampara-colgante-bita\/#breadcrumb","itemListElement":[{"@type":"ListItem","position":1,"name":"Home","item":"https:\/\/newgarden.es\/fr\/"},{"@type":"ListItem","position":2,"name":"Boutique","item":"https:\/\/newgarden.es\/fr\/boutique\/"},{"@type":"ListItem","position":3,"name":"SUSPENSION D&#8217;EXT\u00c9RIEUR BITA"}]},{"@type":"WebSite","@id":"https:\/\/newgarden.es\/#website","url":"https:\/\/newgarden.es\/","name":"Newgarden","description":"Be happy","potentialAction":[{"@type":"SearchAction","target":{"@type":"EntryPoint","urlTemplate":"https:\/\/newgarden.es\/?s={search_term_string}"},"query-input":{"@type":"PropertyValueSpecification","valueRequired":true,"valueName":"search_term_string"}}],"inLanguage":"fr-FR"}]}},"df_price":55,"df_sale_price":"","df_regular_price":55,"df_image_link":"https:\/\/newgarden.es\/wp-content\/uploads\/2020\/02\/BITA_1200X1200-5-1-580x400.jpg","_links":{"self":[{"href":"https:\/\/newgarden.es\/fr\/wp-json\/wp\/v2\/product\/25849"}],"collection":[{"href":"https:\/\/newgarden.es\/fr\/wp-json\/wp\/v2\/product"}],"about":[{"href":"https:\/\/newgarden.es\/fr\/wp-json\/wp\/v2\/types\/product"}],"wp:featuredmedia":[{"embeddable":true,"href":"https:\/\/newgarden.es\/fr\/wp-json\/wp\/v2\/media\/57555"}],"wp:attachment":[{"href":"https:\/\/newgarden.es\/fr\/wp-json\/wp\/v2\/media?parent=25849"}],"wp:term":[{"taxonomy":"product_cat","embeddable":true,"href":"https:\/\/newgarden.es\/fr\/wp-json\/wp\/v2\/product_cat?post=25849"},{"taxonomy":"product_tag","embeddable":true,"href":"https:\/\/newgarden.es\/fr\/wp-json\/wp\/v2\/product_tag?post=25849"}],"curies":[{"name":"wp","href":"https:\/\/api.w.org\/{rel}","templated":true}]}}