{"id":25901,"date":"2020-02-19T10:51:14","date_gmt":"2020-02-19T09:51:17","guid":{"rendered":"https:\/\/newgarden.es\/?post_type=product&#038;p=25901"},"modified":"2022-01-27T12:40:03","modified_gmt":"2022-01-27T11:40:03","slug":"lola-slim-copia","status":"publish","type":"product","link":"https:\/\/newgarden.es\/fr\/shop\/lightdeco-fr\/lampadaire\/lola-slim-copia\/","title":{"rendered":"LAMPADAIRE LOLA SLIM 120"},"content":{"rendered":"<section class=\"wpb-content-wrapper\"><p>[vc_row][vc_column el_class=\u00a0\u00bbdescripcion_producto\u00a0\u00bb][vc_column_text]LAMPADAIRE\u00a0<strong>LOLA SLIM 120<\/strong><\/p>\n<p>La lampe\u00a0<strong>Lola slim 120<\/strong>\u00a0solaire+charge batterie est id\u00e9ale pour illuminer vos soir\u00e9es que ce soit dans un espace int\u00e9rieur comme ext\u00e9rieur. En effet, ce mod\u00e8le est adapt\u00e9 pour l&rsquo;ext\u00e9rieur est poss\u00e8de un indice de protection\u00a0<strong>IP65<\/strong>. Ce mod\u00e8le est int\u00e9gr\u00e9 d&rsquo;une ampoule led rgb, et est vendu avec sa t\u00e9l\u00e9commande et son chargeur.<\/p>\n<p>Cette lampe vous permettra de jouer avec les couleurs et intensit\u00e9s de lumi\u00e8re. Cr\u00e9ez\u00a0des ambiances uniques o\u00f9 vous le souhaitez. Gr\u00e2ce\u00a0\u00e0 sa plaque solaire et sa charge batterie vous n&rsquo;aurez besoin d&rsquo;aucune prise \u00e9lectrique. Placez-l\u00e0 o\u00f9 vous le souhaitez.<br \/>\nSa batterie rechargeable\u00a0vous permettra de charger votre lampe les jours nuageux ou de mauvais temps o\u00f9 la lampe n&rsquo;aura pas pu charger suffisamment\u00a0par charge solaire.<\/p>\n<p><span style=\"color: #808080;\"><strong>Ce mod\u00e8le existe en 3 coloris: Rose gold &#8211; Laiton &#8211; Gris spatial &#8211; Anthracite<br \/>\nVersion unique: solaire+batterie rechargeable.<\/strong><\/span><\/p>\n<p>Version\u00a0<strong>SOLAIRE+BATTERIE RECHARGEABLE<\/strong>\u00a0led rgb<br \/>\n<strong>Lola slim 120<\/strong>\u00a0est \u00e9quip\u00e9e d&rsquo;un capteur cr\u00e9pusculaire qui d\u00e9clenche automatiquement l&rsquo;allumage \u00e0 la nuit tomb\u00e9e. Cette lampe led rgb b\u00e9n\u00e9ficie de la technologie\u00a0<span style=\"text-decoration: underline;\">Newgarden<\/span>\u00a0solaire+charge batterie : elle se charge par le soleil (8 \u00e0 12h) pour une autonomie de 2 \u00e0 6 heures ou par batterie (chargeur fourni) en 4 \u00e0 6 heures pour une autonomie de 12 \u00e0 36 heures !\u00a0Gr\u00e2ce \u00e0 sa t\u00e9l\u00e9commande vous pourrez\u00a0choisir parmi 128 couleurs et trois blancs<\/p>\n<p><em>Tous les produits Newgarden sont fabriqu\u00e9s en poly\u00e9thyl\u00e8ne, ils sont donc l\u00e9gers et tr\u00e8s r\u00e9sistants aux temp\u00e9ratures extr\u00eames. Ils sont \u00e9galement\u00a0r\u00e9sistants aux rayons UV, ce qui rend la dur\u00e9e de vie du produit extraordinairement longue.<\/em><\/p>\n<p>&nbsp;<\/p>\n<ul class=\"tablaTech\">\n<li>\n<div class=\"boxContents no-border\">\n<div class=\"name\"><strong>TAILLE<\/strong><\/div>\n<div class=\"data\">\u00f826x 119 cm<\/div>\n<\/div>\n<\/li>\n<\/ul>\n<p>[\/vc_column_text][\/vc_column][\/vc_row][vc_row disable_element=\u00a0\u00bbyes\u00a0\u00bb][vc_column][vc_single_image image=\u00a0\u00bb6566&Prime; img_size=\u00a0\u00bbfull\u00a0\u00bb][\/vc_column][\/vc_row][vc_row][vc_column width=\u00a0\u00bb1\/2&Prime;][vc_btn title=\u00a0\u00bbFiche technique\u00a0\u00bb style=\u00a0\u00bbcustom\u00a0\u00bb custom_background=\u00a0\u00bb#009bc2&Prime; custom_text=\u00a0\u00bb#ffffff\u00a0\u00bb shape=\u00a0\u00bbsquare\u00a0\u00bb link=\u00a0\u00bburl:https%3A%2F%2Fnewgarden.es%2Fwp-content%2Fuploads%2F2017%2F08%2FLolaSlim.pdf|target:%20_blank|\u00a0\u00bb el_class=\u00a0\u00bbbtn_descargar_ficha\u00a0\u00bb][\/vc_column][vc_column width=\u00a0\u00bb1\/2&Prime;][vc_btn title=\u00a0\u00bbManuel d&rsquo;instrutions\u00a0\u00bb style=\u00a0\u00bbcustom\u00a0\u00bb custom_background=\u00a0\u00bb#009bc2&Prime; custom_text=\u00a0\u00bb#ffffff\u00a0\u00bb shape=\u00a0\u00bbsquare\u00a0\u00bb link=\u00a0\u00bburl:https%3A%2F%2Fnewgarden.es%2Finstrucciones%2F||target:%20_blank|\u00a0\u00bb el_class=\u00a0\u00bbbtn_descargar_ficha\u00a0\u00bb][\/vc_column][\/vc_row]<\/p>\n<\/section>","protected":false},"excerpt":{"rendered":"<h5 style=\"font-size: 12px;\"><strong>Lampadaire Lola slim 120<\/strong><\/h5>\n","protected":false},"featured_media":53511,"template":"","meta":[],"product_cat":[1695,651,654],"product_tag":[647],"class_list":{"0":"post-25901","1":"product","2":"type-product","3":"status-publish","4":"has-post-thumbnail","6":"product_cat-productos-fr","7":"product_cat-lightdeco-fr","8":"product_cat-lampadaire","9":"product_tag-cable-fr","11":"first","12":"instock","13":"taxable","14":"shipping-taxable","15":"purchasable","16":"product-type-variable"},"yoast_head":"<!-- This site is optimized with the Yoast SEO plugin v24.2 - https:\/\/yoast.com\/wordpress\/plugins\/seo\/ -->\n<title>LOLA SLIM, Lampe sur pied design \u00e0 pied m\u00e9tallique ext\u00e9rieur<\/title>\n<meta name=\"description\" content=\"LAMPADAIRE LOLA SLIM 120La lampe Lola slim 120 solaire+charge batterie est id\u00e9ale pour illumin\u00e9 vos soir\u00e9es que ce soit dans un espace int\u00e9rieur comme\" \/>\n<meta name=\"robots\" content=\"index, follow, max-snippet:-1, max-image-preview:large, max-video-preview:-1\" \/>\n<link rel=\"canonical\" href=\"https:\/\/newgarden.es\/fr\/shop\/lightdeco-fr\/lampadaire\/lola-slim-copia\/\" \/>\n<meta property=\"og:locale\" content=\"fr_FR\" \/>\n<meta property=\"og:type\" content=\"article\" \/>\n<meta property=\"og:title\" content=\"LOLA SLIM, Lampe sur pied design \u00e0 pied m\u00e9tallique ext\u00e9rieur\" \/>\n<meta property=\"og:description\" content=\"LAMPADAIRE LOLA SLIM 120La lampe Lola slim 120 solaire+charge batterie est id\u00e9ale pour illumin\u00e9 vos soir\u00e9es que ce soit dans un espace int\u00e9rieur comme\" \/>\n<meta property=\"og:url\" content=\"https:\/\/newgarden.es\/fr\/shop\/lightdeco-fr\/lampadaire\/lola-slim-copia\/\" \/>\n<meta property=\"og:site_name\" content=\"Newgarden\" \/>\n<meta property=\"article:modified_time\" content=\"2022-01-27T11:40:03+00:00\" \/>\n<meta property=\"og:image\" content=\"https:\/\/newgarden.es\/wp-content\/uploads\/2020\/02\/LOLA_SLIM_120_BATTERY_1200X1200-7.jpg\" \/>\n\t<meta property=\"og:image:width\" content=\"1200\" \/>\n\t<meta property=\"og:image:height\" content=\"1200\" \/>\n\t<meta property=\"og:image:type\" content=\"image\/jpeg\" \/>\n<meta name=\"twitter:card\" content=\"summary_large_image\" \/>\n<meta name=\"twitter:label1\" content=\"Dur\u00e9e de lecture estim\u00e9e\" \/>\n\t<meta name=\"twitter:data1\" content=\"2 minutes\" \/>\n<script type=\"application\/ld+json\" class=\"yoast-schema-graph\">{\"@context\":\"https:\/\/schema.org\",\"@graph\":[{\"@type\":\"WebPage\",\"@id\":\"https:\/\/newgarden.es\/fr\/shop\/lightdeco-fr\/lampadaire\/lola-slim-copia\/\",\"url\":\"https:\/\/newgarden.es\/fr\/shop\/lightdeco-fr\/lampadaire\/lola-slim-copia\/\",\"name\":\"LOLA SLIM, Lampe sur pied design \u00e0 pied m\u00e9tallique ext\u00e9rieur\",\"isPartOf\":{\"@id\":\"https:\/\/newgarden.es\/#website\"},\"primaryImageOfPage\":{\"@id\":\"https:\/\/newgarden.es\/fr\/shop\/lightdeco-fr\/lampadaire\/lola-slim-copia\/#primaryimage\"},\"image\":{\"@id\":\"https:\/\/newgarden.es\/fr\/shop\/lightdeco-fr\/lampadaire\/lola-slim-copia\/#primaryimage\"},\"thumbnailUrl\":\"https:\/\/newgarden.es\/wp-content\/uploads\/2020\/02\/LOLA_SLIM_120_BATTERY_1200X1200-7.jpg\",\"datePublished\":\"2020-02-19T09:51:17+00:00\",\"dateModified\":\"2022-01-27T11:40:03+00:00\",\"description\":\"LAMPADAIRE LOLA SLIM 120La lampe Lola slim 120 solaire+charge batterie est id\u00e9ale pour illumin\u00e9 vos soir\u00e9es que ce soit dans un espace int\u00e9rieur comme\",\"breadcrumb\":{\"@id\":\"https:\/\/newgarden.es\/fr\/shop\/lightdeco-fr\/lampadaire\/lola-slim-copia\/#breadcrumb\"},\"inLanguage\":\"fr-FR\",\"potentialAction\":[{\"@type\":\"ReadAction\",\"target\":[\"https:\/\/newgarden.es\/fr\/shop\/lightdeco-fr\/lampadaire\/lola-slim-copia\/\"]}]},{\"@type\":\"ImageObject\",\"inLanguage\":\"fr-FR\",\"@id\":\"https:\/\/newgarden.es\/fr\/shop\/lightdeco-fr\/lampadaire\/lola-slim-copia\/#primaryimage\",\"url\":\"https:\/\/newgarden.es\/wp-content\/uploads\/2020\/02\/LOLA_SLIM_120_BATTERY_1200X1200-7.jpg\",\"contentUrl\":\"https:\/\/newgarden.es\/wp-content\/uploads\/2020\/02\/LOLA_SLIM_120_BATTERY_1200X1200-7.jpg\",\"width\":1200,\"height\":1200},{\"@type\":\"BreadcrumbList\",\"@id\":\"https:\/\/newgarden.es\/fr\/shop\/lightdeco-fr\/lampadaire\/lola-slim-copia\/#breadcrumb\",\"itemListElement\":[{\"@type\":\"ListItem\",\"position\":1,\"name\":\"Home\",\"item\":\"https:\/\/newgarden.es\/fr\/\"},{\"@type\":\"ListItem\",\"position\":2,\"name\":\"Boutique\",\"item\":\"https:\/\/newgarden.es\/fr\/boutique\/\"},{\"@type\":\"ListItem\",\"position\":3,\"name\":\"LAMPADAIRE LOLA SLIM 120\"}]},{\"@type\":\"WebSite\",\"@id\":\"https:\/\/newgarden.es\/#website\",\"url\":\"https:\/\/newgarden.es\/\",\"name\":\"Newgarden\",\"description\":\"Be happy\",\"potentialAction\":[{\"@type\":\"SearchAction\",\"target\":{\"@type\":\"EntryPoint\",\"urlTemplate\":\"https:\/\/newgarden.es\/?s={search_term_string}\"},\"query-input\":{\"@type\":\"PropertyValueSpecification\",\"valueRequired\":true,\"valueName\":\"search_term_string\"}}],\"inLanguage\":\"fr-FR\"}]}<\/script>\n<!-- \/ Yoast SEO plugin. -->","yoast_head_json":{"title":"LOLA SLIM, Lampe sur pied design \u00e0 pied m\u00e9tallique ext\u00e9rieur","description":"LAMPADAIRE LOLA SLIM 120La lampe Lola slim 120 solaire+charge batterie est id\u00e9ale pour illumin\u00e9 vos soir\u00e9es que ce soit dans un espace int\u00e9rieur comme","robots":{"index":"index","follow":"follow","max-snippet":"max-snippet:-1","max-image-preview":"max-image-preview:large","max-video-preview":"max-video-preview:-1"},"canonical":"https:\/\/newgarden.es\/fr\/shop\/lightdeco-fr\/lampadaire\/lola-slim-copia\/","og_locale":"fr_FR","og_type":"article","og_title":"LOLA SLIM, Lampe sur pied design \u00e0 pied m\u00e9tallique ext\u00e9rieur","og_description":"LAMPADAIRE LOLA SLIM 120La lampe Lola slim 120 solaire+charge batterie est id\u00e9ale pour illumin\u00e9 vos soir\u00e9es que ce soit dans un espace int\u00e9rieur comme","og_url":"https:\/\/newgarden.es\/fr\/shop\/lightdeco-fr\/lampadaire\/lola-slim-copia\/","og_site_name":"Newgarden","article_modified_time":"2022-01-27T11:40:03+00:00","og_image":[{"width":1200,"height":1200,"url":"https:\/\/newgarden.es\/wp-content\/uploads\/2020\/02\/LOLA_SLIM_120_BATTERY_1200X1200-7.jpg","type":"image\/jpeg"}],"twitter_card":"summary_large_image","twitter_misc":{"Dur\u00e9e de lecture estim\u00e9e":"2 minutes"},"schema":{"@context":"https:\/\/schema.org","@graph":[{"@type":"WebPage","@id":"https:\/\/newgarden.es\/fr\/shop\/lightdeco-fr\/lampadaire\/lola-slim-copia\/","url":"https:\/\/newgarden.es\/fr\/shop\/lightdeco-fr\/lampadaire\/lola-slim-copia\/","name":"LOLA SLIM, Lampe sur pied design \u00e0 pied m\u00e9tallique ext\u00e9rieur","isPartOf":{"@id":"https:\/\/newgarden.es\/#website"},"primaryImageOfPage":{"@id":"https:\/\/newgarden.es\/fr\/shop\/lightdeco-fr\/lampadaire\/lola-slim-copia\/#primaryimage"},"image":{"@id":"https:\/\/newgarden.es\/fr\/shop\/lightdeco-fr\/lampadaire\/lola-slim-copia\/#primaryimage"},"thumbnailUrl":"https:\/\/newgarden.es\/wp-content\/uploads\/2020\/02\/LOLA_SLIM_120_BATTERY_1200X1200-7.jpg","datePublished":"2020-02-19T09:51:17+00:00","dateModified":"2022-01-27T11:40:03+00:00","description":"LAMPADAIRE LOLA SLIM 120La lampe Lola slim 120 solaire+charge batterie est id\u00e9ale pour illumin\u00e9 vos soir\u00e9es que ce soit dans un espace int\u00e9rieur comme","breadcrumb":{"@id":"https:\/\/newgarden.es\/fr\/shop\/lightdeco-fr\/lampadaire\/lola-slim-copia\/#breadcrumb"},"inLanguage":"fr-FR","potentialAction":[{"@type":"ReadAction","target":["https:\/\/newgarden.es\/fr\/shop\/lightdeco-fr\/lampadaire\/lola-slim-copia\/"]}]},{"@type":"ImageObject","inLanguage":"fr-FR","@id":"https:\/\/newgarden.es\/fr\/shop\/lightdeco-fr\/lampadaire\/lola-slim-copia\/#primaryimage","url":"https:\/\/newgarden.es\/wp-content\/uploads\/2020\/02\/LOLA_SLIM_120_BATTERY_1200X1200-7.jpg","contentUrl":"https:\/\/newgarden.es\/wp-content\/uploads\/2020\/02\/LOLA_SLIM_120_BATTERY_1200X1200-7.jpg","width":1200,"height":1200},{"@type":"BreadcrumbList","@id":"https:\/\/newgarden.es\/fr\/shop\/lightdeco-fr\/lampadaire\/lola-slim-copia\/#breadcrumb","itemListElement":[{"@type":"ListItem","position":1,"name":"Home","item":"https:\/\/newgarden.es\/fr\/"},{"@type":"ListItem","position":2,"name":"Boutique","item":"https:\/\/newgarden.es\/fr\/boutique\/"},{"@type":"ListItem","position":3,"name":"LAMPADAIRE LOLA SLIM 120"}]},{"@type":"WebSite","@id":"https:\/\/newgarden.es\/#website","url":"https:\/\/newgarden.es\/","name":"Newgarden","description":"Be happy","potentialAction":[{"@type":"SearchAction","target":{"@type":"EntryPoint","urlTemplate":"https:\/\/newgarden.es\/?s={search_term_string}"},"query-input":{"@type":"PropertyValueSpecification","valueRequired":true,"valueName":"search_term_string"}}],"inLanguage":"fr-FR"}]}},"df_price":131.1,"df_sale_price":"","df_regular_price":131.1,"df_image_link":"https:\/\/newgarden.es\/wp-content\/uploads\/2020\/02\/LOLA_SLIM_120_BATTERY_1200X1200-7-580x400.jpg","_links":{"self":[{"href":"https:\/\/newgarden.es\/fr\/wp-json\/wp\/v2\/product\/25901"}],"collection":[{"href":"https:\/\/newgarden.es\/fr\/wp-json\/wp\/v2\/product"}],"about":[{"href":"https:\/\/newgarden.es\/fr\/wp-json\/wp\/v2\/types\/product"}],"wp:featuredmedia":[{"embeddable":true,"href":"https:\/\/newgarden.es\/fr\/wp-json\/wp\/v2\/media\/53511"}],"wp:attachment":[{"href":"https:\/\/newgarden.es\/fr\/wp-json\/wp\/v2\/media?parent=25901"}],"wp:term":[{"taxonomy":"product_cat","embeddable":true,"href":"https:\/\/newgarden.es\/fr\/wp-json\/wp\/v2\/product_cat?post=25901"},{"taxonomy":"product_tag","embeddable":true,"href":"https:\/\/newgarden.es\/fr\/wp-json\/wp\/v2\/product_tag?post=25901"}],"curies":[{"name":"wp","href":"https:\/\/api.w.org\/{rel}","templated":true}]}}