{"id":25966,"date":"2020-02-19T11:22:52","date_gmt":"2020-02-19T10:22:57","guid":{"rendered":"https:\/\/newgarden.es\/?post_type=product&#038;p=25966"},"modified":"2022-11-03T10:48:30","modified_gmt":"2022-11-03T09:48:30","slug":"lola-slim-180","status":"publish","type":"product","link":"https:\/\/newgarden.es\/fr\/shop\/lightdeco-fr\/lampadaire\/lola-slim-180\/","title":{"rendered":"LAMPADAIRE\u00a0LOLA SLIM 180"},"content":{"rendered":"<section class=\"wpb-content-wrapper\"><p>[vc_row][vc_column el_class=\u00a0\u00bbdescripcion_producto\u00a0\u00bb][vc_column_text]<\/p>\n<p>LAMPADAIRE D&rsquo;EXT\u00c9RIEUR <strong>LOLA SLIM 180<\/strong>:<\/p>\n<p>C&rsquo;est une lampe d&rsquo;ext\u00e9rieur de la collection\u00a0<strong>Lola Slim<\/strong>, fabriqu\u00e9e par\u00a0<span style=\"text-decoration: underline;\">Newgarden<\/span>. Elle se compose d&rsquo;un pied et d&rsquo;une structure en m\u00e9tal et d&rsquo;un diffuseur de lumi\u00e8re en poly\u00e9thyl\u00e8ne.<\/p>\n<p>La lampe\u00a0<strong>Lola Slim<\/strong>\u00a0est \u00e9quip\u00e9e de la technologie solaire+charge batterie, qui comprend une batterie int\u00e9gr\u00e9e (non rempla\u00e7able) rechargeable en 4-6h par c\u00e2ble micro USB (fourni) ou bien par \u00e9nergie solaire.<br \/>\nUne fois recharg\u00e9e, la lampe\u00a0<strong>Lola Slim<\/strong>\u00a0dispose d&rsquo;une autonomie de 4h-20h en rechargement par c\u00e2ble micro USB; ou d&rsquo;une autonomie de 2-6h par chargement solaire.\u00a0Vous aurez donc tout\u00a0le temps de profiter de son \u00e9clairage ambiant.\u00a0<strong>Lola Slim<\/strong>\u00a0est \u00e9galement \u00e9quip\u00e9e d&rsquo;une t\u00e9l\u00e9commande, vous permettant de contr\u00f4ler votre luminaire \u00e0 distance : plus besoin de vous lever !<\/p>\n<p>Cette lampe b\u00e9n\u00e9ficie d&rsquo;un indice de protection \u00e9lev\u00e9 (<strong>IP65<\/strong>) qui la prot\u00e8ge contre les\u00a0changements climatiques\u00a0<strong>Lola Slim<\/strong>\u00a0est donc parfaitement adapt\u00e9e \u00e0 une utilisation en zone ext\u00e9rieur et pourra \u00eatre install\u00e9e dans votre jardin comme sur votre terrasse.<\/p>\n<p>Existe en version\u00a0<strong>solaire+batterie<\/strong>\u00a0rechargeable &#8211;\u00a0<strong>in&amp;out<\/strong>(c\u00e2ble d&rsquo;alimentation en jute).<br \/>\n<strong>Coloris: Rose gold &#8211; Laiton.<\/strong><\/p>\n<p><span data-sanitized-data-mce-fragment=\"1\">Version\u00a0<\/span><strong data-sanitized-data-mce-fragment=\"1\">SOLAIRE+BATTERIE RECHARGEABLE<span data-sanitized-data-mce-fragment=\"1\">\u00a0<\/span><\/strong><span data-sanitized-data-mce-fragment=\"1\">led rgb\u00a0<strong data-sanitized-data-mce-fragment=\"1\">Lola slim\u00a0<\/strong>est \u00e9quip\u00e9e d&rsquo;un capteur cr\u00e9pusculaire qui d\u00e9clenche automatiquement l&rsquo;allumage \u00e0 la nuit tomb\u00e9e. Ce lampadaire led rgb b\u00e9n\u00e9ficie de la technologie\u00a0Newgarden\u00a0solaire+charge batterie : il se charge par le soleil (8 \u00e0 12h) pour une autonomie de 2 \u00e0 6 heures ou par batterie (chargeur fourni) en 4 \u00e0 6 heures pour une autonomie de 12 \u00e0 36 heures !\u00a0La lampe<strong data-sanitized-data-mce-fragment=\"1\">\u00a0<\/strong>est \u00e9quip\u00e9e d&rsquo;une t\u00e9l\u00e9commande (fournie) qui permet de choisir parmi 128 couleurs et trois blancs.<\/span><\/p>\n<p><span data-sanitized-data-mce-fragment=\"1\">Version\u00a0\u00a0<strong>In&amp;Out<\/strong>\u00a0c\u00e2ble en jute; Cette lampe est r\u00e9glable \u00e0 la fois en temp\u00e9rature de lumi\u00e8re (on peut passer du froid au chaud) et en intensit\u00e9. Elle dispose \u00e9galement d&rsquo;une minuterie et d&rsquo;un cr\u00e9ateur de groupes d&rsquo;\u00e9clairage pour contr\u00f4ler plusieurs lampes de ce syst\u00e8me dans la m\u00eame t\u00e9l\u00e9commande. Le c\u00e2ble est recouvert d&rsquo;une fibre de jute, ce qui donne une touche naturelle \u00e0 la lampe.<\/span><\/p>\n<p><em>Tous les produits Newgarden sont fabriqu\u00e9s en poly\u00e9thyl\u00e8ne, ils sont donc l\u00e9gers et tr\u00e8s r\u00e9sistants aux temp\u00e9ratures extr\u00eames. Ils sont \u00e9galement r\u00e9sistants aux rayons UV, ce qui rend la dur\u00e9e de vie du produit extraordinairement longue.<\/em><\/p>\n<p>&nbsp;<\/p>\n<ul class=\"tablaTech\">\n<li>\n<div class=\"boxContents no-border\">\n<div class=\"name\"><strong>TAILLE<\/strong><\/div>\n<div class=\"data\">\u00f840x 177 cm<\/div>\n<\/div>\n<\/li>\n<\/ul>\n<p>&nbsp;<\/p>\n<p>[\/vc_column_text][\/vc_column][\/vc_row][vc_row disable_element=\u00a0\u00bbyes\u00a0\u00bb][vc_column][vc_single_image image=\u00a0\u00bb6566&Prime; img_size=\u00a0\u00bbfull\u00a0\u00bb][\/vc_column][\/vc_row][vc_row][vc_column width=\u00a0\u00bb1\/2&Prime;][vc_btn title=\u00a0\u00bbFiche technique\u00a0\u00bb style=\u00a0\u00bbcustom\u00a0\u00bb custom_background=\u00a0\u00bb#009bc2&Prime; custom_text=\u00a0\u00bb#ffffff\u00a0\u00bb shape=\u00a0\u00bbsquare\u00a0\u00bb link=\u00a0\u00bburl:https%3A%2F%2Fdrive.google.com%2Fdrive%2Ffolders%2F1JjkJ7fqoXAt51gef7qU_DtHMLVmOQNZq%3Fusp%3Dsharing|target:%20_blank|\u00a0\u00bb el_class=\u00a0\u00bbbtn_descargar_ficha\u00a0\u00bb][\/vc_column][vc_column width=\u00a0\u00bb1\/2&Prime;][vc_btn title=\u00a0\u00bbManuel d&rsquo;instrutions\u00a0\u00bb style=\u00a0\u00bbcustom\u00a0\u00bb custom_background=\u00a0\u00bb#009bc2&Prime; custom_text=\u00a0\u00bb#ffffff\u00a0\u00bb shape=\u00a0\u00bbsquare\u00a0\u00bb link=\u00a0\u00bburl:https%3A%2F%2Fnewgarden.es%2Ffr%2F%3Fpage_id%3D25150|target:%20_blank|\u00a0\u00bb el_class=\u00a0\u00bbbtn_descargar_ficha\u00a0\u00bb][\/vc_column][\/vc_row]<\/p>\n<\/section>","protected":false},"excerpt":{"rendered":"<h5 style=\"font-size: 12px;\"><strong>Lampadaire Lola Slim 180\u00a0<\/strong><\/h5>\n","protected":false},"featured_media":53566,"template":"","meta":[],"product_cat":[1695,651,654],"product_tag":[],"class_list":{"0":"post-25966","1":"product","2":"type-product","3":"status-publish","4":"has-post-thumbnail","6":"product_cat-productos-fr","7":"product_cat-lightdeco-fr","8":"product_cat-lampadaire","10":"first","11":"instock","12":"taxable","13":"shipping-taxable","14":"purchasable","15":"product-type-variable"},"yoast_head":"<!-- This site is optimized with the Yoast SEO plugin v24.2 - https:\/\/yoast.com\/wordpress\/plugins\/seo\/ -->\n<title>LOLA SLIM, Lampe sur pied design \u00e0 pied m\u00e9tallique ext\u00e9rieur<\/title>\n<meta name=\"description\" content=\"LAMPADAIRE D&#039;EXT\u00c9RIEUR LOLA SLIM 180:C&#039;est une lampe d&#039;ext\u00e9rieur de la collection\u00a0Lola Slim, fabriqu\u00e9e par\u00a0Newgarden. Elle se compose d&#039;un pied et d&#039;une str\" \/>\n<meta name=\"robots\" content=\"index, follow, max-snippet:-1, max-image-preview:large, max-video-preview:-1\" \/>\n<link rel=\"canonical\" href=\"https:\/\/newgarden.es\/fr\/shop\/lightdeco-fr\/lampadaire\/lola-slim-180\/\" \/>\n<meta property=\"og:locale\" content=\"fr_FR\" \/>\n<meta property=\"og:type\" content=\"article\" \/>\n<meta property=\"og:title\" content=\"LOLA SLIM, Lampe sur pied design \u00e0 pied m\u00e9tallique ext\u00e9rieur\" \/>\n<meta property=\"og:description\" content=\"LAMPADAIRE D&#039;EXT\u00c9RIEUR LOLA SLIM 180:C&#039;est une lampe d&#039;ext\u00e9rieur de la collection\u00a0Lola Slim, fabriqu\u00e9e par\u00a0Newgarden. Elle se compose d&#039;un pied et d&#039;une str\" \/>\n<meta property=\"og:url\" content=\"https:\/\/newgarden.es\/fr\/shop\/lightdeco-fr\/lampadaire\/lola-slim-180\/\" \/>\n<meta property=\"og:site_name\" content=\"Newgarden\" \/>\n<meta property=\"article:modified_time\" content=\"2022-11-03T09:48:30+00:00\" \/>\n<meta property=\"og:image\" content=\"https:\/\/newgarden.es\/wp-content\/uploads\/2020\/02\/LOLA_SLIM_180_BATTERY_1200X1200-4.jpg\" \/>\n\t<meta property=\"og:image:width\" content=\"1200\" \/>\n\t<meta property=\"og:image:height\" content=\"1200\" \/>\n\t<meta property=\"og:image:type\" content=\"image\/jpeg\" \/>\n<meta name=\"twitter:card\" content=\"summary_large_image\" \/>\n<meta name=\"twitter:label1\" content=\"Dur\u00e9e de lecture estim\u00e9e\" \/>\n\t<meta name=\"twitter:data1\" content=\"3 minutes\" \/>\n<script type=\"application\/ld+json\" class=\"yoast-schema-graph\">{\"@context\":\"https:\/\/schema.org\",\"@graph\":[{\"@type\":\"WebPage\",\"@id\":\"https:\/\/newgarden.es\/fr\/shop\/lightdeco-fr\/lampadaire\/lola-slim-180\/\",\"url\":\"https:\/\/newgarden.es\/fr\/shop\/lightdeco-fr\/lampadaire\/lola-slim-180\/\",\"name\":\"LOLA SLIM, Lampe sur pied design \u00e0 pied m\u00e9tallique ext\u00e9rieur\",\"isPartOf\":{\"@id\":\"https:\/\/newgarden.es\/#website\"},\"primaryImageOfPage\":{\"@id\":\"https:\/\/newgarden.es\/fr\/shop\/lightdeco-fr\/lampadaire\/lola-slim-180\/#primaryimage\"},\"image\":{\"@id\":\"https:\/\/newgarden.es\/fr\/shop\/lightdeco-fr\/lampadaire\/lola-slim-180\/#primaryimage\"},\"thumbnailUrl\":\"https:\/\/newgarden.es\/wp-content\/uploads\/2020\/02\/LOLA_SLIM_180_BATTERY_1200X1200-4.jpg\",\"datePublished\":\"2020-02-19T10:22:57+00:00\",\"dateModified\":\"2022-11-03T09:48:30+00:00\",\"description\":\"LAMPADAIRE D'EXT\u00c9RIEUR LOLA SLIM 180:C'est une lampe d'ext\u00e9rieur de la collection\u00a0Lola Slim, fabriqu\u00e9e par\u00a0Newgarden. Elle se compose d'un pied et d'une str\",\"breadcrumb\":{\"@id\":\"https:\/\/newgarden.es\/fr\/shop\/lightdeco-fr\/lampadaire\/lola-slim-180\/#breadcrumb\"},\"inLanguage\":\"fr-FR\",\"potentialAction\":[{\"@type\":\"ReadAction\",\"target\":[\"https:\/\/newgarden.es\/fr\/shop\/lightdeco-fr\/lampadaire\/lola-slim-180\/\"]}]},{\"@type\":\"ImageObject\",\"inLanguage\":\"fr-FR\",\"@id\":\"https:\/\/newgarden.es\/fr\/shop\/lightdeco-fr\/lampadaire\/lola-slim-180\/#primaryimage\",\"url\":\"https:\/\/newgarden.es\/wp-content\/uploads\/2020\/02\/LOLA_SLIM_180_BATTERY_1200X1200-4.jpg\",\"contentUrl\":\"https:\/\/newgarden.es\/wp-content\/uploads\/2020\/02\/LOLA_SLIM_180_BATTERY_1200X1200-4.jpg\",\"width\":1200,\"height\":1200},{\"@type\":\"BreadcrumbList\",\"@id\":\"https:\/\/newgarden.es\/fr\/shop\/lightdeco-fr\/lampadaire\/lola-slim-180\/#breadcrumb\",\"itemListElement\":[{\"@type\":\"ListItem\",\"position\":1,\"name\":\"Home\",\"item\":\"https:\/\/newgarden.es\/fr\/\"},{\"@type\":\"ListItem\",\"position\":2,\"name\":\"Boutique\",\"item\":\"https:\/\/newgarden.es\/fr\/boutique\/\"},{\"@type\":\"ListItem\",\"position\":3,\"name\":\"LAMPADAIRE\u00a0LOLA SLIM 180\"}]},{\"@type\":\"WebSite\",\"@id\":\"https:\/\/newgarden.es\/#website\",\"url\":\"https:\/\/newgarden.es\/\",\"name\":\"Newgarden\",\"description\":\"Be happy\",\"potentialAction\":[{\"@type\":\"SearchAction\",\"target\":{\"@type\":\"EntryPoint\",\"urlTemplate\":\"https:\/\/newgarden.es\/?s={search_term_string}\"},\"query-input\":{\"@type\":\"PropertyValueSpecification\",\"valueRequired\":true,\"valueName\":\"search_term_string\"}}],\"inLanguage\":\"fr-FR\"}]}<\/script>\n<!-- \/ Yoast SEO plugin. -->","yoast_head_json":{"title":"LOLA SLIM, Lampe sur pied design \u00e0 pied m\u00e9tallique ext\u00e9rieur","description":"LAMPADAIRE D'EXT\u00c9RIEUR LOLA SLIM 180:C'est une lampe d'ext\u00e9rieur de la collection\u00a0Lola Slim, fabriqu\u00e9e par\u00a0Newgarden. Elle se compose d'un pied et d'une str","robots":{"index":"index","follow":"follow","max-snippet":"max-snippet:-1","max-image-preview":"max-image-preview:large","max-video-preview":"max-video-preview:-1"},"canonical":"https:\/\/newgarden.es\/fr\/shop\/lightdeco-fr\/lampadaire\/lola-slim-180\/","og_locale":"fr_FR","og_type":"article","og_title":"LOLA SLIM, Lampe sur pied design \u00e0 pied m\u00e9tallique ext\u00e9rieur","og_description":"LAMPADAIRE D'EXT\u00c9RIEUR LOLA SLIM 180:C'est une lampe d'ext\u00e9rieur de la collection\u00a0Lola Slim, fabriqu\u00e9e par\u00a0Newgarden. Elle se compose d'un pied et d'une str","og_url":"https:\/\/newgarden.es\/fr\/shop\/lightdeco-fr\/lampadaire\/lola-slim-180\/","og_site_name":"Newgarden","article_modified_time":"2022-11-03T09:48:30+00:00","og_image":[{"width":1200,"height":1200,"url":"https:\/\/newgarden.es\/wp-content\/uploads\/2020\/02\/LOLA_SLIM_180_BATTERY_1200X1200-4.jpg","type":"image\/jpeg"}],"twitter_card":"summary_large_image","twitter_misc":{"Dur\u00e9e de lecture estim\u00e9e":"3 minutes"},"schema":{"@context":"https:\/\/schema.org","@graph":[{"@type":"WebPage","@id":"https:\/\/newgarden.es\/fr\/shop\/lightdeco-fr\/lampadaire\/lola-slim-180\/","url":"https:\/\/newgarden.es\/fr\/shop\/lightdeco-fr\/lampadaire\/lola-slim-180\/","name":"LOLA SLIM, Lampe sur pied design \u00e0 pied m\u00e9tallique ext\u00e9rieur","isPartOf":{"@id":"https:\/\/newgarden.es\/#website"},"primaryImageOfPage":{"@id":"https:\/\/newgarden.es\/fr\/shop\/lightdeco-fr\/lampadaire\/lola-slim-180\/#primaryimage"},"image":{"@id":"https:\/\/newgarden.es\/fr\/shop\/lightdeco-fr\/lampadaire\/lola-slim-180\/#primaryimage"},"thumbnailUrl":"https:\/\/newgarden.es\/wp-content\/uploads\/2020\/02\/LOLA_SLIM_180_BATTERY_1200X1200-4.jpg","datePublished":"2020-02-19T10:22:57+00:00","dateModified":"2022-11-03T09:48:30+00:00","description":"LAMPADAIRE D'EXT\u00c9RIEUR LOLA SLIM 180:C'est une lampe d'ext\u00e9rieur de la collection\u00a0Lola Slim, fabriqu\u00e9e par\u00a0Newgarden. Elle se compose d'un pied et d'une str","breadcrumb":{"@id":"https:\/\/newgarden.es\/fr\/shop\/lightdeco-fr\/lampadaire\/lola-slim-180\/#breadcrumb"},"inLanguage":"fr-FR","potentialAction":[{"@type":"ReadAction","target":["https:\/\/newgarden.es\/fr\/shop\/lightdeco-fr\/lampadaire\/lola-slim-180\/"]}]},{"@type":"ImageObject","inLanguage":"fr-FR","@id":"https:\/\/newgarden.es\/fr\/shop\/lightdeco-fr\/lampadaire\/lola-slim-180\/#primaryimage","url":"https:\/\/newgarden.es\/wp-content\/uploads\/2020\/02\/LOLA_SLIM_180_BATTERY_1200X1200-4.jpg","contentUrl":"https:\/\/newgarden.es\/wp-content\/uploads\/2020\/02\/LOLA_SLIM_180_BATTERY_1200X1200-4.jpg","width":1200,"height":1200},{"@type":"BreadcrumbList","@id":"https:\/\/newgarden.es\/fr\/shop\/lightdeco-fr\/lampadaire\/lola-slim-180\/#breadcrumb","itemListElement":[{"@type":"ListItem","position":1,"name":"Home","item":"https:\/\/newgarden.es\/fr\/"},{"@type":"ListItem","position":2,"name":"Boutique","item":"https:\/\/newgarden.es\/fr\/boutique\/"},{"@type":"ListItem","position":3,"name":"LAMPADAIRE\u00a0LOLA SLIM 180"}]},{"@type":"WebSite","@id":"https:\/\/newgarden.es\/#website","url":"https:\/\/newgarden.es\/","name":"Newgarden","description":"Be happy","potentialAction":[{"@type":"SearchAction","target":{"@type":"EntryPoint","urlTemplate":"https:\/\/newgarden.es\/?s={search_term_string}"},"query-input":{"@type":"PropertyValueSpecification","valueRequired":true,"valueName":"search_term_string"}}],"inLanguage":"fr-FR"}]}},"df_price":208.4,"df_sale_price":"","df_regular_price":208.4,"df_image_link":"https:\/\/newgarden.es\/wp-content\/uploads\/2020\/02\/LOLA_SLIM_180_BATTERY_1200X1200-4-580x400.jpg","_links":{"self":[{"href":"https:\/\/newgarden.es\/fr\/wp-json\/wp\/v2\/product\/25966"}],"collection":[{"href":"https:\/\/newgarden.es\/fr\/wp-json\/wp\/v2\/product"}],"about":[{"href":"https:\/\/newgarden.es\/fr\/wp-json\/wp\/v2\/types\/product"}],"wp:featuredmedia":[{"embeddable":true,"href":"https:\/\/newgarden.es\/fr\/wp-json\/wp\/v2\/media\/53566"}],"wp:attachment":[{"href":"https:\/\/newgarden.es\/fr\/wp-json\/wp\/v2\/media?parent=25966"}],"wp:term":[{"taxonomy":"product_cat","embeddable":true,"href":"https:\/\/newgarden.es\/fr\/wp-json\/wp\/v2\/product_cat?post=25966"},{"taxonomy":"product_tag","embeddable":true,"href":"https:\/\/newgarden.es\/fr\/wp-json\/wp\/v2\/product_tag?post=25966"}],"curies":[{"name":"wp","href":"https:\/\/api.w.org\/{rel}","templated":true}]}}