{"id":26071,"date":"2020-02-19T13:44:04","date_gmt":"2020-02-19T12:44:07","guid":{"rendered":"https:\/\/newgarden.es\/?post_type=product&#038;p=26071"},"modified":"2024-06-13T09:32:22","modified_gmt":"2024-06-13T07:32:22","slug":"bora-couleur","status":"publish","type":"product","link":"https:\/\/newgarden.es\/fr\/shop\/mobilier\/sieges\/bora-couleur\/","title":{"rendered":"TABLE BORA SANS LUMI\u00c8RE"},"content":{"rendered":"<section class=\"wpb-content-wrapper\"><p>[vc_row][vc_column el_class=&#8221;descripcion_producto&#8221;][vc_column_text]<\/p>\n<p style=\"text-align: justify;\">La Mesita Bora, es una de las Novedades estrella de Newgarden.<\/p>\n<p style=\"text-align: justify;\">Su forma c\u00fabica combina en cualquier espacio de exterior o interior, jard\u00edn, negocio o en cualquier rinc\u00f3n de nuestro hogar.<\/p>\n<p style=\"text-align: justify;\">Es un modelo de mesita muy estable y modular, puedes encontrarla con la tapa superior con efecto bamb\u00fa o con efecto m\u00e1rmol. Adem\u00e1s, est\u00e1 disponible con opci\u00f3n de <a href=\"https:\/\/newgarden.es\/shop\/coleccion\/lightdeco\/mesa-bora\/\">iluminaci\u00f3n por cable<\/a> con luz fr\u00eda y en color blanco opaco.<\/p>\n<p style=\"text-align: justify;\"><em>El modelo Bora est\u00e1 fabricado en polietileno por lo que es ligero y muy resistentes a temperaturas extremas. Tambi\u00e9n est\u00e1 protegido contra los rayos UV, haciendo que la vida \u00fatil del producto sea extraordinariamente larga. \u00a0<\/em><\/p>\n<p>[\/vc_column_text][\/vc_column][\/vc_row][vc_row disable_element=&#8221;yes&#8221;][vc_column][vc_single_image image=&#8221;6566&#8243; img_size=&#8221;full&#8221;][\/vc_column][\/vc_row][vc_row][vc_column width=&#8221;1\/2&#8243;][vc_btn title=&#8221;Fiche technique&#8221; style=&#8221;custom&#8221; custom_background=&#8221;#009bc2&#8243; custom_text=&#8221;#ffffff&#8221; shape=&#8221;square&#8221; link=&#8221;url:https%3A%2F%2Fbit.ly%2F3ycMLDj|target:%20_blank|&#8221; el_class=&#8221;btn_descargar_ficha&#8221;][\/vc_column][vc_column width=&#8221;1\/2&#8243;][\/vc_column][\/vc_row]<\/p>\n<\/section>","protected":false},"excerpt":{"rendered":"<h1 style=\"font-size: 12px;\">Table Bora sans lumi\u00e8re couleur opaque &#8211; blanc<\/h1>\n","protected":false},"featured_media":63416,"template":"","meta":[],"product_cat":[651,657,658],"product_tag":[647,707,648],"class_list":{"0":"post-26071","1":"product","2":"type-product","3":"status-publish","4":"has-post-thumbnail","6":"product_cat-lightdeco-fr","7":"product_cat-mobilier","8":"product_cat-sieges","9":"product_tag-cable-fr","10":"product_tag-sans-fil","11":"product_tag-solaire","13":"first","14":"instock","15":"taxable","16":"shipping-taxable","17":"purchasable","18":"product-type-variable"},"yoast_head":"<!-- This site is optimized with the Yoast SEO plugin v24.2 - https:\/\/yoast.com\/wordpress\/plugins\/seo\/ -->\n<title>TABLE BORA SANS LUMI\u00c8RE POUR EXT\u00c9RIEUR<\/title>\n<meta name=\"description\" content=\"La petite table Bora est l&#039;une des nouveaut\u00e9s phares de Newgarden.Sa forme cubique s&#039;adapte \u00e0 n&#039;importe quel espace ext\u00e9rieur ou int\u00e9rieur, jardin, commerce\" \/>\n<meta name=\"robots\" content=\"index, follow, max-snippet:-1, max-image-preview:large, max-video-preview:-1\" \/>\n<link rel=\"canonical\" href=\"https:\/\/newgarden.es\/fr\/shop\/mobilier\/sieges\/bora-couleur\/\" \/>\n<meta property=\"og:locale\" content=\"fr_FR\" \/>\n<meta property=\"og:type\" content=\"article\" \/>\n<meta property=\"og:title\" content=\"TABLE BORA SANS LUMI\u00c8RE POUR EXT\u00c9RIEUR\" \/>\n<meta property=\"og:description\" content=\"La petite table Bora est l&#039;une des nouveaut\u00e9s phares de Newgarden.Sa forme cubique s&#039;adapte \u00e0 n&#039;importe quel espace ext\u00e9rieur ou int\u00e9rieur, jardin, commerce\" \/>\n<meta property=\"og:url\" content=\"https:\/\/newgarden.es\/fr\/shop\/mobilier\/sieges\/bora-couleur\/\" \/>\n<meta property=\"og:site_name\" content=\"Newgarden\" \/>\n<meta property=\"article:modified_time\" content=\"2024-06-13T07:32:22+00:00\" \/>\n<meta property=\"og:image\" content=\"https:\/\/newgarden.es\/wp-content\/uploads\/2020\/02\/bora_1200x1200-6.jpg\" \/>\n\t<meta property=\"og:image:width\" content=\"1200\" \/>\n\t<meta property=\"og:image:height\" content=\"1200\" \/>\n\t<meta property=\"og:image:type\" content=\"image\/jpeg\" \/>\n<meta name=\"twitter:card\" content=\"summary_large_image\" \/>\n<meta name=\"twitter:label1\" content=\"Dur\u00e9e de lecture estim\u00e9e\" \/>\n\t<meta name=\"twitter:data1\" content=\"1 minute\" \/>\n<script type=\"application\/ld+json\" class=\"yoast-schema-graph\">{\"@context\":\"https:\/\/schema.org\",\"@graph\":[{\"@type\":\"WebPage\",\"@id\":\"https:\/\/newgarden.es\/fr\/shop\/mobilier\/sieges\/bora-couleur\/\",\"url\":\"https:\/\/newgarden.es\/fr\/shop\/mobilier\/sieges\/bora-couleur\/\",\"name\":\"TABLE BORA SANS LUMI\u00c8RE POUR EXT\u00c9RIEUR\",\"isPartOf\":{\"@id\":\"https:\/\/newgarden.es\/#website\"},\"primaryImageOfPage\":{\"@id\":\"https:\/\/newgarden.es\/fr\/shop\/mobilier\/sieges\/bora-couleur\/#primaryimage\"},\"image\":{\"@id\":\"https:\/\/newgarden.es\/fr\/shop\/mobilier\/sieges\/bora-couleur\/#primaryimage\"},\"thumbnailUrl\":\"https:\/\/newgarden.es\/wp-content\/uploads\/2020\/02\/bora_1200x1200-6.jpg\",\"datePublished\":\"2020-02-19T12:44:07+00:00\",\"dateModified\":\"2024-06-13T07:32:22+00:00\",\"description\":\"La petite table Bora est l'une des nouveaut\u00e9s phares de Newgarden.Sa forme cubique s'adapte \u00e0 n'importe quel espace ext\u00e9rieur ou int\u00e9rieur, jardin, commerce\",\"breadcrumb\":{\"@id\":\"https:\/\/newgarden.es\/fr\/shop\/mobilier\/sieges\/bora-couleur\/#breadcrumb\"},\"inLanguage\":\"fr-FR\",\"potentialAction\":[{\"@type\":\"ReadAction\",\"target\":[\"https:\/\/newgarden.es\/fr\/shop\/mobilier\/sieges\/bora-couleur\/\"]}]},{\"@type\":\"ImageObject\",\"inLanguage\":\"fr-FR\",\"@id\":\"https:\/\/newgarden.es\/fr\/shop\/mobilier\/sieges\/bora-couleur\/#primaryimage\",\"url\":\"https:\/\/newgarden.es\/wp-content\/uploads\/2020\/02\/bora_1200x1200-6.jpg\",\"contentUrl\":\"https:\/\/newgarden.es\/wp-content\/uploads\/2020\/02\/bora_1200x1200-6.jpg\",\"width\":1200,\"height\":1200},{\"@type\":\"BreadcrumbList\",\"@id\":\"https:\/\/newgarden.es\/fr\/shop\/mobilier\/sieges\/bora-couleur\/#breadcrumb\",\"itemListElement\":[{\"@type\":\"ListItem\",\"position\":1,\"name\":\"Home\",\"item\":\"https:\/\/newgarden.es\/fr\/\"},{\"@type\":\"ListItem\",\"position\":2,\"name\":\"Boutique\",\"item\":\"https:\/\/newgarden.es\/fr\/boutique\/\"},{\"@type\":\"ListItem\",\"position\":3,\"name\":\"TABLE BORA SANS LUMI\u00c8RE\"}]},{\"@type\":\"WebSite\",\"@id\":\"https:\/\/newgarden.es\/#website\",\"url\":\"https:\/\/newgarden.es\/\",\"name\":\"Newgarden\",\"description\":\"Be happy\",\"potentialAction\":[{\"@type\":\"SearchAction\",\"target\":{\"@type\":\"EntryPoint\",\"urlTemplate\":\"https:\/\/newgarden.es\/?s={search_term_string}\"},\"query-input\":{\"@type\":\"PropertyValueSpecification\",\"valueRequired\":true,\"valueName\":\"search_term_string\"}}],\"inLanguage\":\"fr-FR\"}]}<\/script>\n<!-- \/ Yoast SEO plugin. -->","yoast_head_json":{"title":"TABLE BORA SANS LUMI\u00c8RE POUR EXT\u00c9RIEUR","description":"La petite table Bora est l'une des nouveaut\u00e9s phares de Newgarden.Sa forme cubique s'adapte \u00e0 n'importe quel espace ext\u00e9rieur ou int\u00e9rieur, jardin, commerce","robots":{"index":"index","follow":"follow","max-snippet":"max-snippet:-1","max-image-preview":"max-image-preview:large","max-video-preview":"max-video-preview:-1"},"canonical":"https:\/\/newgarden.es\/fr\/shop\/mobilier\/sieges\/bora-couleur\/","og_locale":"fr_FR","og_type":"article","og_title":"TABLE BORA SANS LUMI\u00c8RE POUR EXT\u00c9RIEUR","og_description":"La petite table Bora est l'une des nouveaut\u00e9s phares de Newgarden.Sa forme cubique s'adapte \u00e0 n'importe quel espace ext\u00e9rieur ou int\u00e9rieur, jardin, commerce","og_url":"https:\/\/newgarden.es\/fr\/shop\/mobilier\/sieges\/bora-couleur\/","og_site_name":"Newgarden","article_modified_time":"2024-06-13T07:32:22+00:00","og_image":[{"width":1200,"height":1200,"url":"https:\/\/newgarden.es\/wp-content\/uploads\/2020\/02\/bora_1200x1200-6.jpg","type":"image\/jpeg"}],"twitter_card":"summary_large_image","twitter_misc":{"Dur\u00e9e de lecture estim\u00e9e":"1 minute"},"schema":{"@context":"https:\/\/schema.org","@graph":[{"@type":"WebPage","@id":"https:\/\/newgarden.es\/fr\/shop\/mobilier\/sieges\/bora-couleur\/","url":"https:\/\/newgarden.es\/fr\/shop\/mobilier\/sieges\/bora-couleur\/","name":"TABLE BORA SANS LUMI\u00c8RE POUR EXT\u00c9RIEUR","isPartOf":{"@id":"https:\/\/newgarden.es\/#website"},"primaryImageOfPage":{"@id":"https:\/\/newgarden.es\/fr\/shop\/mobilier\/sieges\/bora-couleur\/#primaryimage"},"image":{"@id":"https:\/\/newgarden.es\/fr\/shop\/mobilier\/sieges\/bora-couleur\/#primaryimage"},"thumbnailUrl":"https:\/\/newgarden.es\/wp-content\/uploads\/2020\/02\/bora_1200x1200-6.jpg","datePublished":"2020-02-19T12:44:07+00:00","dateModified":"2024-06-13T07:32:22+00:00","description":"La petite table Bora est l'une des nouveaut\u00e9s phares de Newgarden.Sa forme cubique s'adapte \u00e0 n'importe quel espace ext\u00e9rieur ou int\u00e9rieur, jardin, commerce","breadcrumb":{"@id":"https:\/\/newgarden.es\/fr\/shop\/mobilier\/sieges\/bora-couleur\/#breadcrumb"},"inLanguage":"fr-FR","potentialAction":[{"@type":"ReadAction","target":["https:\/\/newgarden.es\/fr\/shop\/mobilier\/sieges\/bora-couleur\/"]}]},{"@type":"ImageObject","inLanguage":"fr-FR","@id":"https:\/\/newgarden.es\/fr\/shop\/mobilier\/sieges\/bora-couleur\/#primaryimage","url":"https:\/\/newgarden.es\/wp-content\/uploads\/2020\/02\/bora_1200x1200-6.jpg","contentUrl":"https:\/\/newgarden.es\/wp-content\/uploads\/2020\/02\/bora_1200x1200-6.jpg","width":1200,"height":1200},{"@type":"BreadcrumbList","@id":"https:\/\/newgarden.es\/fr\/shop\/mobilier\/sieges\/bora-couleur\/#breadcrumb","itemListElement":[{"@type":"ListItem","position":1,"name":"Home","item":"https:\/\/newgarden.es\/fr\/"},{"@type":"ListItem","position":2,"name":"Boutique","item":"https:\/\/newgarden.es\/fr\/boutique\/"},{"@type":"ListItem","position":3,"name":"TABLE BORA SANS LUMI\u00c8RE"}]},{"@type":"WebSite","@id":"https:\/\/newgarden.es\/#website","url":"https:\/\/newgarden.es\/","name":"Newgarden","description":"Be happy","potentialAction":[{"@type":"SearchAction","target":{"@type":"EntryPoint","urlTemplate":"https:\/\/newgarden.es\/?s={search_term_string}"},"query-input":{"@type":"PropertyValueSpecification","valueRequired":true,"valueName":"search_term_string"}}],"inLanguage":"fr-FR"}]}},"df_price":119,"df_sale_price":"","df_regular_price":119,"df_image_link":"https:\/\/newgarden.es\/wp-content\/uploads\/2020\/02\/bora_1200x1200-6-580x400.jpg","_links":{"self":[{"href":"https:\/\/newgarden.es\/fr\/wp-json\/wp\/v2\/product\/26071"}],"collection":[{"href":"https:\/\/newgarden.es\/fr\/wp-json\/wp\/v2\/product"}],"about":[{"href":"https:\/\/newgarden.es\/fr\/wp-json\/wp\/v2\/types\/product"}],"wp:featuredmedia":[{"embeddable":true,"href":"https:\/\/newgarden.es\/fr\/wp-json\/wp\/v2\/media\/63416"}],"wp:attachment":[{"href":"https:\/\/newgarden.es\/fr\/wp-json\/wp\/v2\/media?parent=26071"}],"wp:term":[{"taxonomy":"product_cat","embeddable":true,"href":"https:\/\/newgarden.es\/fr\/wp-json\/wp\/v2\/product_cat?post=26071"},{"taxonomy":"product_tag","embeddable":true,"href":"https:\/\/newgarden.es\/fr\/wp-json\/wp\/v2\/product_tag?post=26071"}],"curies":[{"name":"wp","href":"https:\/\/api.w.org\/{rel}","templated":true}]}}