{"id":26233,"date":"2020-02-20T10:42:19","date_gmt":"2020-02-20T09:42:23","guid":{"rendered":"https:\/\/newgarden.es\/?post_type=product&#038;p=26233"},"modified":"2024-01-30T12:34:59","modified_gmt":"2024-01-30T11:34:59","slug":"chloe-copia","status":"publish","type":"product","link":"https:\/\/newgarden.es\/fr\/shop\/lightdeco-fr\/lampadaire\/chloe-copia\/","title":{"rendered":"LAMPE POLYVALENTE CHLOE PLANT"},"content":{"rendered":"<section class=\"wpb-content-wrapper\"><p>[vc_row][vc_column][vc_column_text]<\/p>\n<p>LAMPE POLYVALENTE <strong>CHLOE PLANT<\/strong><\/p>\n<p>La lampe\u00a0solaire ajustable\u00a0<strong>Chloe Plant<\/strong>\u00a0est l&rsquo;une des nouveaut\u00e9s les plus remarquables de chez\u00a0Newgarden.<br \/>\n<strong data-sanitized-data-mce-fragment=\"1\">Chloe Plant<\/strong>\u00a0est une lampe originale qui peut \u00eatre utilis\u00e9e comme\u00a0<span style=\"color: #808080;\"><strong>lampe \u00e0 piquer<\/strong><\/span>\u00a0ou\u00a0<span style=\"color: #808080;\"><strong>borne de jardin<\/strong><\/span>\u00a0car, gr\u00e2ce \u00e0 sa pique, elle peut \u00eatre plant\u00e9e dans n&rsquo;importe quelle surface telle que l&rsquo;herbe, la pelouse, le sable ou un pot de fleurs.<br \/>\nVous pouvez aussi l&rsquo;utiliser comme n&rsquo;importe quel\u00a0<span style=\"color: #808080;\"><strong>lampadaire<\/strong><\/span><span style=\"text-decoration: underline;\">\u00a0<\/span>ou\u00a0<span style=\"color: #808080;\"><strong>lampe \u00e0 poser<\/strong><\/span>\u00a0gr\u00e2ce \u00e0 son socle adapt\u00e9.<br \/>\nLe pied de la lampe est r\u00e9glable, ce qui permet de changer facilement la hauteur.<\/p>\n<p>Cette\u00a0<span style=\"color: #808080;\"><strong>lampe\u00a0polyvalente<\/strong><\/span>\u00a0vous laissera plusieurs options d&rsquo;utilisation et de d\u00e9coration. Elle sera parfaite\u00a0pour tout type de jardin, espace ext\u00e9rieur comme int\u00e9rieur ou m\u00eame entreprise.<\/p>\n<p>Disponible en version\u00a0<strong>solaire+batterie<\/strong>\u00a0rechargeable avec une t\u00e9l\u00e9commande pour changer la couleur de la lumi\u00e8re led\u00a0entre 256 couleurs, ainsi que d&rsquo;un chargeur pour pouvoir charger la batterie les jours nuageux o\u00f9 la lampe nous pourra pas charger correctement par simple charge solaire.<\/p>\n<p><em>Tous les produits Newgarden sont fabriqu\u00e9s en poly\u00e9thyl\u00e8ne, ils sont donc l\u00e9gers et tr\u00e8s r\u00e9sistants. Ils r\u00e9sistent aux variations extr\u00eames de temp\u00e9rature et sont r\u00e9sistants aux rayons UV, ce qui rend la dur\u00e9e de vie du produit presque illimit\u00e9e.<\/em><\/p>\n<p>&nbsp;<\/p>\n<ul class=\"tablaTech\">\n<li>\n<div class=\"boxContents no-border\">\n<div class=\"name\"><strong>TAILLE<\/strong><\/div>\n<div class=\"data\">\u00f843x 155,4 cm<\/div>\n<\/div>\n<\/li>\n<\/ul>\n<p>[\/vc_column_text][\/vc_column][\/vc_row][vc_row disable_element=\u00a0\u00bbyes\u00a0\u00bb][vc_column][vc_single_image image=\u00a0\u00bb6566&Prime; img_size=\u00a0\u00bbfull\u00a0\u00bb][\/vc_column][\/vc_row][vc_row][vc_column width=\u00a0\u00bb1\/2&Prime;][vc_btn title=\u00a0\u00bbFiche technique\u00a0\u00bb style=\u00a0\u00bbcustom\u00a0\u00bb custom_background=\u00a0\u00bb#009bc2&Prime; custom_text=\u00a0\u00bb#ffffff\u00a0\u00bb shape=\u00a0\u00bbsquare\u00a0\u00bb el_class=\u00a0\u00bbbtn_descargar_ficha\u00a0\u00bb link=\u00a0\u00bburl:%20https%3A%2F%2Fnewgarden.es%2Fchloe%2F|\u00a0\u00bb][\/vc_column][vc_column width=\u00a0\u00bb1\/2&Prime;][vc_btn title=\u00a0\u00bbManuel d&rsquo;instrutions\u00a0\u00bb style=\u00a0\u00bbcustom\u00a0\u00bb custom_background=\u00a0\u00bb#009bc2&Prime; custom_text=\u00a0\u00bb#ffffff\u00a0\u00bb shape=\u00a0\u00bbsquare\u00a0\u00bb el_class=\u00a0\u00bbbtn_descargar_ficha\u00a0\u00bb link=\u00a0\u00bb\u00a0\u00bblink=\u00a0\u00bburl:https%3A%2F%2Fnewgarden.es%2Finstrucciones%2F||target:%20_blank|\u00a0\u00bb\u00a0\u00bb\u00a0\u00bb][\/vc_column][\/vc_row]<\/p>\n<\/section>","protected":false},"excerpt":{"rendered":"<h5 style=\"font-size: 12px;\"><strong>Lampe d&rsquo;ext\u00e9rieur solaire polyvalente r\u00e9glable Chloe Plant<\/strong><\/h5>\n","protected":false},"featured_media":53136,"template":"","meta":[],"product_cat":[1695,651,654],"product_tag":[647,707,648],"class_list":{"0":"post-26233","1":"product","2":"type-product","3":"status-publish","4":"has-post-thumbnail","6":"product_cat-productos-fr","7":"product_cat-lightdeco-fr","8":"product_cat-lampadaire","9":"product_tag-cable-fr","10":"product_tag-sans-fil","11":"product_tag-solaire","13":"first","14":"instock","15":"taxable","16":"shipping-taxable","17":"product-type-simple"},"yoast_head":"<!-- This site is optimized with the Yoast SEO plugin v24.2 - https:\/\/yoast.com\/wordpress\/plugins\/seo\/ -->\n<title>LAMPE POLYVALENTE CHLOE PLANT EXT\u00c9RIEUR R\u00c9GLABLE<\/title>\n<meta name=\"description\" content=\"La lampe solaire ajustable Chloe Plant est l&#039;une des nouveaut\u00e9s les plus remarquables de chez Newgarden.Chloe Plant est une lampe originale qui peut \u00eatre\" \/>\n<meta name=\"robots\" content=\"index, follow, max-snippet:-1, max-image-preview:large, max-video-preview:-1\" \/>\n<link rel=\"canonical\" href=\"https:\/\/newgarden.es\/fr\/shop\/lightdeco-fr\/lampadaire\/chloe-copia\/\" \/>\n<meta property=\"og:locale\" content=\"fr_FR\" \/>\n<meta property=\"og:type\" content=\"article\" \/>\n<meta property=\"og:title\" content=\"LAMPE POLYVALENTE CHLOE PLANT EXT\u00c9RIEUR R\u00c9GLABLE\" \/>\n<meta property=\"og:description\" content=\"La lampe solaire ajustable Chloe Plant est l&#039;une des nouveaut\u00e9s les plus remarquables de chez Newgarden.Chloe Plant est une lampe originale qui peut \u00eatre\" \/>\n<meta property=\"og:url\" content=\"https:\/\/newgarden.es\/fr\/shop\/lightdeco-fr\/lampadaire\/chloe-copia\/\" \/>\n<meta property=\"og:site_name\" content=\"Newgarden\" \/>\n<meta property=\"article:modified_time\" content=\"2024-01-30T11:34:59+00:00\" \/>\n<meta property=\"og:image\" content=\"https:\/\/newgarden.es\/wp-content\/uploads\/2020\/02\/CHLOE_PLANT_BATTERY_1200X1200-11.jpg\" \/>\n\t<meta property=\"og:image:width\" content=\"1200\" \/>\n\t<meta property=\"og:image:height\" content=\"1200\" \/>\n\t<meta property=\"og:image:type\" content=\"image\/jpeg\" \/>\n<meta name=\"twitter:card\" content=\"summary_large_image\" \/>\n<meta name=\"twitter:label1\" content=\"Dur\u00e9e de lecture estim\u00e9e\" \/>\n\t<meta name=\"twitter:data1\" content=\"2 minutes\" \/>\n<script type=\"application\/ld+json\" class=\"yoast-schema-graph\">{\"@context\":\"https:\/\/schema.org\",\"@graph\":[{\"@type\":\"WebPage\",\"@id\":\"https:\/\/newgarden.es\/fr\/shop\/lightdeco-fr\/lampadaire\/chloe-copia\/\",\"url\":\"https:\/\/newgarden.es\/fr\/shop\/lightdeco-fr\/lampadaire\/chloe-copia\/\",\"name\":\"LAMPE POLYVALENTE CHLOE PLANT EXT\u00c9RIEUR R\u00c9GLABLE\",\"isPartOf\":{\"@id\":\"https:\/\/newgarden.es\/#website\"},\"primaryImageOfPage\":{\"@id\":\"https:\/\/newgarden.es\/fr\/shop\/lightdeco-fr\/lampadaire\/chloe-copia\/#primaryimage\"},\"image\":{\"@id\":\"https:\/\/newgarden.es\/fr\/shop\/lightdeco-fr\/lampadaire\/chloe-copia\/#primaryimage\"},\"thumbnailUrl\":\"https:\/\/newgarden.es\/wp-content\/uploads\/2020\/02\/CHLOE_PLANT_BATTERY_1200X1200-11.jpg\",\"datePublished\":\"2020-02-20T09:42:23+00:00\",\"dateModified\":\"2024-01-30T11:34:59+00:00\",\"description\":\"La lampe solaire ajustable Chloe Plant est l'une des nouveaut\u00e9s les plus remarquables de chez Newgarden.Chloe Plant est une lampe originale qui peut \u00eatre\",\"breadcrumb\":{\"@id\":\"https:\/\/newgarden.es\/fr\/shop\/lightdeco-fr\/lampadaire\/chloe-copia\/#breadcrumb\"},\"inLanguage\":\"fr-FR\",\"potentialAction\":[{\"@type\":\"ReadAction\",\"target\":[\"https:\/\/newgarden.es\/fr\/shop\/lightdeco-fr\/lampadaire\/chloe-copia\/\"]}]},{\"@type\":\"ImageObject\",\"inLanguage\":\"fr-FR\",\"@id\":\"https:\/\/newgarden.es\/fr\/shop\/lightdeco-fr\/lampadaire\/chloe-copia\/#primaryimage\",\"url\":\"https:\/\/newgarden.es\/wp-content\/uploads\/2020\/02\/CHLOE_PLANT_BATTERY_1200X1200-11.jpg\",\"contentUrl\":\"https:\/\/newgarden.es\/wp-content\/uploads\/2020\/02\/CHLOE_PLANT_BATTERY_1200X1200-11.jpg\",\"width\":1200,\"height\":1200},{\"@type\":\"BreadcrumbList\",\"@id\":\"https:\/\/newgarden.es\/fr\/shop\/lightdeco-fr\/lampadaire\/chloe-copia\/#breadcrumb\",\"itemListElement\":[{\"@type\":\"ListItem\",\"position\":1,\"name\":\"Home\",\"item\":\"https:\/\/newgarden.es\/fr\/\"},{\"@type\":\"ListItem\",\"position\":2,\"name\":\"Boutique\",\"item\":\"https:\/\/newgarden.es\/fr\/boutique\/\"},{\"@type\":\"ListItem\",\"position\":3,\"name\":\"LAMPE POLYVALENTE CHLOE PLANT\"}]},{\"@type\":\"WebSite\",\"@id\":\"https:\/\/newgarden.es\/#website\",\"url\":\"https:\/\/newgarden.es\/\",\"name\":\"Newgarden\",\"description\":\"Be happy\",\"potentialAction\":[{\"@type\":\"SearchAction\",\"target\":{\"@type\":\"EntryPoint\",\"urlTemplate\":\"https:\/\/newgarden.es\/?s={search_term_string}\"},\"query-input\":{\"@type\":\"PropertyValueSpecification\",\"valueRequired\":true,\"valueName\":\"search_term_string\"}}],\"inLanguage\":\"fr-FR\"}]}<\/script>\n<!-- \/ Yoast SEO plugin. -->","yoast_head_json":{"title":"LAMPE POLYVALENTE CHLOE PLANT EXT\u00c9RIEUR R\u00c9GLABLE","description":"La lampe solaire ajustable Chloe Plant est l'une des nouveaut\u00e9s les plus remarquables de chez Newgarden.Chloe Plant est une lampe originale qui peut \u00eatre","robots":{"index":"index","follow":"follow","max-snippet":"max-snippet:-1","max-image-preview":"max-image-preview:large","max-video-preview":"max-video-preview:-1"},"canonical":"https:\/\/newgarden.es\/fr\/shop\/lightdeco-fr\/lampadaire\/chloe-copia\/","og_locale":"fr_FR","og_type":"article","og_title":"LAMPE POLYVALENTE CHLOE PLANT EXT\u00c9RIEUR R\u00c9GLABLE","og_description":"La lampe solaire ajustable Chloe Plant est l'une des nouveaut\u00e9s les plus remarquables de chez Newgarden.Chloe Plant est une lampe originale qui peut \u00eatre","og_url":"https:\/\/newgarden.es\/fr\/shop\/lightdeco-fr\/lampadaire\/chloe-copia\/","og_site_name":"Newgarden","article_modified_time":"2024-01-30T11:34:59+00:00","og_image":[{"width":1200,"height":1200,"url":"https:\/\/newgarden.es\/wp-content\/uploads\/2020\/02\/CHLOE_PLANT_BATTERY_1200X1200-11.jpg","type":"image\/jpeg"}],"twitter_card":"summary_large_image","twitter_misc":{"Dur\u00e9e de lecture estim\u00e9e":"2 minutes"},"schema":{"@context":"https:\/\/schema.org","@graph":[{"@type":"WebPage","@id":"https:\/\/newgarden.es\/fr\/shop\/lightdeco-fr\/lampadaire\/chloe-copia\/","url":"https:\/\/newgarden.es\/fr\/shop\/lightdeco-fr\/lampadaire\/chloe-copia\/","name":"LAMPE POLYVALENTE CHLOE PLANT EXT\u00c9RIEUR R\u00c9GLABLE","isPartOf":{"@id":"https:\/\/newgarden.es\/#website"},"primaryImageOfPage":{"@id":"https:\/\/newgarden.es\/fr\/shop\/lightdeco-fr\/lampadaire\/chloe-copia\/#primaryimage"},"image":{"@id":"https:\/\/newgarden.es\/fr\/shop\/lightdeco-fr\/lampadaire\/chloe-copia\/#primaryimage"},"thumbnailUrl":"https:\/\/newgarden.es\/wp-content\/uploads\/2020\/02\/CHLOE_PLANT_BATTERY_1200X1200-11.jpg","datePublished":"2020-02-20T09:42:23+00:00","dateModified":"2024-01-30T11:34:59+00:00","description":"La lampe solaire ajustable Chloe Plant est l'une des nouveaut\u00e9s les plus remarquables de chez Newgarden.Chloe Plant est une lampe originale qui peut \u00eatre","breadcrumb":{"@id":"https:\/\/newgarden.es\/fr\/shop\/lightdeco-fr\/lampadaire\/chloe-copia\/#breadcrumb"},"inLanguage":"fr-FR","potentialAction":[{"@type":"ReadAction","target":["https:\/\/newgarden.es\/fr\/shop\/lightdeco-fr\/lampadaire\/chloe-copia\/"]}]},{"@type":"ImageObject","inLanguage":"fr-FR","@id":"https:\/\/newgarden.es\/fr\/shop\/lightdeco-fr\/lampadaire\/chloe-copia\/#primaryimage","url":"https:\/\/newgarden.es\/wp-content\/uploads\/2020\/02\/CHLOE_PLANT_BATTERY_1200X1200-11.jpg","contentUrl":"https:\/\/newgarden.es\/wp-content\/uploads\/2020\/02\/CHLOE_PLANT_BATTERY_1200X1200-11.jpg","width":1200,"height":1200},{"@type":"BreadcrumbList","@id":"https:\/\/newgarden.es\/fr\/shop\/lightdeco-fr\/lampadaire\/chloe-copia\/#breadcrumb","itemListElement":[{"@type":"ListItem","position":1,"name":"Home","item":"https:\/\/newgarden.es\/fr\/"},{"@type":"ListItem","position":2,"name":"Boutique","item":"https:\/\/newgarden.es\/fr\/boutique\/"},{"@type":"ListItem","position":3,"name":"LAMPE POLYVALENTE CHLOE PLANT"}]},{"@type":"WebSite","@id":"https:\/\/newgarden.es\/#website","url":"https:\/\/newgarden.es\/","name":"Newgarden","description":"Be happy","potentialAction":[{"@type":"SearchAction","target":{"@type":"EntryPoint","urlTemplate":"https:\/\/newgarden.es\/?s={search_term_string}"},"query-input":{"@type":"PropertyValueSpecification","valueRequired":true,"valueName":"search_term_string"}}],"inLanguage":"fr-FR"}]}},"df_price":"","df_sale_price":"","df_regular_price":"","df_image_link":"https:\/\/newgarden.es\/wp-content\/uploads\/2020\/02\/CHLOE_PLANT_BATTERY_1200X1200-11-580x400.jpg","_links":{"self":[{"href":"https:\/\/newgarden.es\/fr\/wp-json\/wp\/v2\/product\/26233"}],"collection":[{"href":"https:\/\/newgarden.es\/fr\/wp-json\/wp\/v2\/product"}],"about":[{"href":"https:\/\/newgarden.es\/fr\/wp-json\/wp\/v2\/types\/product"}],"wp:featuredmedia":[{"embeddable":true,"href":"https:\/\/newgarden.es\/fr\/wp-json\/wp\/v2\/media\/53136"}],"wp:attachment":[{"href":"https:\/\/newgarden.es\/fr\/wp-json\/wp\/v2\/media?parent=26233"}],"wp:term":[{"taxonomy":"product_cat","embeddable":true,"href":"https:\/\/newgarden.es\/fr\/wp-json\/wp\/v2\/product_cat?post=26233"},{"taxonomy":"product_tag","embeddable":true,"href":"https:\/\/newgarden.es\/fr\/wp-json\/wp\/v2\/product_tag?post=26233"}],"curies":[{"name":"wp","href":"https:\/\/api.w.org\/{rel}","templated":true}]}}