{"id":26288,"date":"2020-02-20T11:54:57","date_gmt":"2020-02-20T10:55:03","guid":{"rendered":"https:\/\/newgarden.es\/?post_type=product&#038;p=26288"},"modified":"2022-02-04T10:17:16","modified_gmt":"2022-02-04T09:17:16","slug":"rocket-copia","status":"publish","type":"product","link":"https:\/\/newgarden.es\/fr\/shop\/lightdeco-fr\/lampadaire\/rocket-copia\/","title":{"rendered":"LAMPADAIRE TR\u00c9PIED ROCKET 145"},"content":{"rendered":"<p>LAMPADAIRE TR\u00c9PIED <strong>ROCKET 145<\/strong><\/p>\n<p>La lampadaire\u00a0<strong>Rocket 145<\/strong> est une lampe d\u00e9corative originale et id\u00e9ale pour d\u00e9corer vos espaces int\u00e9rieur. Ce mod\u00e8le est disponible en version <strong>In&amp;out<\/strong> et <strong>solaire<\/strong>+batterie rechargeable.<\/p>\n<p><strong>Version In&amp;Out<\/strong>\u00a0(avec c\u00e2ble en jute) :<br \/>\nLa lampe d\u00e9corative\u00a0<strong>In&amp;Out<\/strong>\u00a0avec c\u00e2ble en jute comprend une ampoule E27. Cette lampe est r\u00e9glable \u00e0 la fois en temp\u00e9rature de lumi\u00e8re (on peut passer du froid au chaud) et en intensit\u00e9. Elle dispose \u00e9galement d&rsquo;une minuterie et d&rsquo;un cr\u00e9ateur de groupes d&rsquo;\u00e9clairage pour contr\u00f4ler plusieurs lampes de ce syst\u00e8me dans la m\u00eame t\u00e9l\u00e9commande. Le c\u00e2ble est recouvert d&rsquo;une fibre\u00a0en jute, ce qui donne une touche \u00ab\u00a0nature\u00a0\u00bb \u00e0 la lampe.<\/p>\n<p>Version\u00a0<strong>SOLAIRE+BATTERIE RECHARGEABLE<\/strong>\u00a0led rgb<br \/>\n<b>Rocket <\/b>est \u00e9quip\u00e9e d&rsquo;un capteur cr\u00e9pusculaire qui d\u00e9clenche automatiquement l&rsquo;allumage \u00e0 la nuit tomb\u00e9e. Cette lampe led rgb b\u00e9n\u00e9ficie de la technologie Newgarden solaire+charge batterie : elle se charge par le soleil (8 \u00e0 12h) pour une autonomie de 2 \u00e0 6 heures ou par batterie (chargeur fourni) en 4 \u00e0 6 heures pour une autonomie de 12 \u00e0 36 heures ! Gr\u00e2ce \u00e0 sa t\u00e9l\u00e9commande vous pourrez choisir parmi 128 couleurs et trois blancs.<\/p>\n<p><em>Tous les produits Newgarden sont fabriqu\u00e9s en poly\u00e9thyl\u00e8ne, ils sont donc l\u00e9gers et tr\u00e8s r\u00e9sistants. Ils r\u00e9sistent aux variations extr\u00eames de temp\u00e9rature et sont prot\u00e9g\u00e9s contre les rayons UV, ce qui rend la dur\u00e9e de vie du produit presque illimit\u00e9e.<\/em><\/p>\n<ul class=\"tablaTech\">\n<li>\n<div class=\"boxContents no-border\">\n<div class=\"name\"><strong>TAILLE<\/strong><\/div>\n<div class=\"data\">\u00f850 x 144 cm<\/div>\n<\/div>\n<\/li>\n<\/ul>\n","protected":false},"excerpt":{"rendered":"<h1 style=\"font-size: 12px;\"><i class=\"fa fa-angle-right\"><\/i>Lampadaire Rocket 145<\/h1>\n","protected":false},"featured_media":64735,"template":"","meta":[],"product_cat":[1695,651,654],"product_tag":[647,707,648],"class_list":{"0":"post-26288","1":"product","2":"type-product","3":"status-publish","4":"has-post-thumbnail","6":"product_cat-productos-fr","7":"product_cat-lightdeco-fr","8":"product_cat-lampadaire","9":"product_tag-cable-fr","10":"product_tag-sans-fil","11":"product_tag-solaire","13":"first","14":"instock","15":"taxable","16":"shipping-taxable","17":"purchasable","18":"product-type-variable"},"yoast_head":"<!-- This site is optimized with the Yoast SEO plugin v24.2 - https:\/\/yoast.com\/wordpress\/plugins\/seo\/ -->\n<title>LAMPADAIRE TR\u00c9PIED ROCKET 145 EXT\u00c9RIEUR<\/title>\n<meta name=\"description\" content=\"LAMPADAIRE TR\u00c9PIED ROCKET 145 La lampadaire Rocket 145 est une lampe d\u00e9corative originale et id\u00e9ale pour d\u00e9corer vos espaces int\u00e9rieur. Ce mod\u00e8le est\" \/>\n<meta name=\"robots\" content=\"index, follow, max-snippet:-1, max-image-preview:large, max-video-preview:-1\" \/>\n<link rel=\"canonical\" href=\"https:\/\/newgarden.es\/fr\/shop\/lightdeco-fr\/lampadaire\/rocket-copia\/\" \/>\n<meta property=\"og:locale\" content=\"fr_FR\" \/>\n<meta property=\"og:type\" content=\"article\" \/>\n<meta property=\"og:title\" content=\"LAMPADAIRE TR\u00c9PIED ROCKET 145 EXT\u00c9RIEUR\" \/>\n<meta property=\"og:description\" content=\"LAMPADAIRE TR\u00c9PIED ROCKET 145 La lampadaire Rocket 145 est une lampe d\u00e9corative originale et id\u00e9ale pour d\u00e9corer vos espaces int\u00e9rieur. Ce mod\u00e8le est\" \/>\n<meta property=\"og:url\" content=\"https:\/\/newgarden.es\/fr\/shop\/lightdeco-fr\/lampadaire\/rocket-copia\/\" \/>\n<meta property=\"og:site_name\" content=\"Newgarden\" \/>\n<meta property=\"article:modified_time\" content=\"2022-02-04T09:17:16+00:00\" \/>\n<meta property=\"og:image\" content=\"https:\/\/newgarden.es\/wp-content\/uploads\/2020\/02\/ROCKET_145_BATTERY_1200X1200.jpg\" \/>\n\t<meta property=\"og:image:width\" content=\"1200\" \/>\n\t<meta property=\"og:image:height\" content=\"1200\" \/>\n\t<meta property=\"og:image:type\" content=\"image\/jpeg\" \/>\n<meta name=\"twitter:card\" content=\"summary_large_image\" \/>\n<meta name=\"twitter:label1\" content=\"Dur\u00e9e de lecture estim\u00e9e\" \/>\n\t<meta name=\"twitter:data1\" content=\"1 minute\" \/>\n<script type=\"application\/ld+json\" class=\"yoast-schema-graph\">{\"@context\":\"https:\/\/schema.org\",\"@graph\":[{\"@type\":\"WebPage\",\"@id\":\"https:\/\/newgarden.es\/fr\/shop\/lightdeco-fr\/lampadaire\/rocket-copia\/\",\"url\":\"https:\/\/newgarden.es\/fr\/shop\/lightdeco-fr\/lampadaire\/rocket-copia\/\",\"name\":\"LAMPADAIRE TR\u00c9PIED ROCKET 145 EXT\u00c9RIEUR\",\"isPartOf\":{\"@id\":\"https:\/\/newgarden.es\/#website\"},\"primaryImageOfPage\":{\"@id\":\"https:\/\/newgarden.es\/fr\/shop\/lightdeco-fr\/lampadaire\/rocket-copia\/#primaryimage\"},\"image\":{\"@id\":\"https:\/\/newgarden.es\/fr\/shop\/lightdeco-fr\/lampadaire\/rocket-copia\/#primaryimage\"},\"thumbnailUrl\":\"https:\/\/newgarden.es\/wp-content\/uploads\/2020\/02\/ROCKET_145_BATTERY_1200X1200.jpg\",\"datePublished\":\"2020-02-20T10:55:03+00:00\",\"dateModified\":\"2022-02-04T09:17:16+00:00\",\"description\":\"LAMPADAIRE TR\u00c9PIED ROCKET 145 La lampadaire Rocket 145 est une lampe d\u00e9corative originale et id\u00e9ale pour d\u00e9corer vos espaces int\u00e9rieur. Ce mod\u00e8le est\",\"breadcrumb\":{\"@id\":\"https:\/\/newgarden.es\/fr\/shop\/lightdeco-fr\/lampadaire\/rocket-copia\/#breadcrumb\"},\"inLanguage\":\"fr-FR\",\"potentialAction\":[{\"@type\":\"ReadAction\",\"target\":[\"https:\/\/newgarden.es\/fr\/shop\/lightdeco-fr\/lampadaire\/rocket-copia\/\"]}]},{\"@type\":\"ImageObject\",\"inLanguage\":\"fr-FR\",\"@id\":\"https:\/\/newgarden.es\/fr\/shop\/lightdeco-fr\/lampadaire\/rocket-copia\/#primaryimage\",\"url\":\"https:\/\/newgarden.es\/wp-content\/uploads\/2020\/02\/ROCKET_145_BATTERY_1200X1200.jpg\",\"contentUrl\":\"https:\/\/newgarden.es\/wp-content\/uploads\/2020\/02\/ROCKET_145_BATTERY_1200X1200.jpg\",\"width\":1200,\"height\":1200},{\"@type\":\"BreadcrumbList\",\"@id\":\"https:\/\/newgarden.es\/fr\/shop\/lightdeco-fr\/lampadaire\/rocket-copia\/#breadcrumb\",\"itemListElement\":[{\"@type\":\"ListItem\",\"position\":1,\"name\":\"Home\",\"item\":\"https:\/\/newgarden.es\/fr\/\"},{\"@type\":\"ListItem\",\"position\":2,\"name\":\"Boutique\",\"item\":\"https:\/\/newgarden.es\/fr\/boutique\/\"},{\"@type\":\"ListItem\",\"position\":3,\"name\":\"LAMPADAIRE TR\u00c9PIED ROCKET 145\"}]},{\"@type\":\"WebSite\",\"@id\":\"https:\/\/newgarden.es\/#website\",\"url\":\"https:\/\/newgarden.es\/\",\"name\":\"Newgarden\",\"description\":\"Be happy\",\"potentialAction\":[{\"@type\":\"SearchAction\",\"target\":{\"@type\":\"EntryPoint\",\"urlTemplate\":\"https:\/\/newgarden.es\/?s={search_term_string}\"},\"query-input\":{\"@type\":\"PropertyValueSpecification\",\"valueRequired\":true,\"valueName\":\"search_term_string\"}}],\"inLanguage\":\"fr-FR\"}]}<\/script>\n<!-- \/ Yoast SEO plugin. -->","yoast_head_json":{"title":"LAMPADAIRE TR\u00c9PIED ROCKET 145 EXT\u00c9RIEUR","description":"LAMPADAIRE TR\u00c9PIED ROCKET 145 La lampadaire Rocket 145 est une lampe d\u00e9corative originale et id\u00e9ale pour d\u00e9corer vos espaces int\u00e9rieur. Ce mod\u00e8le est","robots":{"index":"index","follow":"follow","max-snippet":"max-snippet:-1","max-image-preview":"max-image-preview:large","max-video-preview":"max-video-preview:-1"},"canonical":"https:\/\/newgarden.es\/fr\/shop\/lightdeco-fr\/lampadaire\/rocket-copia\/","og_locale":"fr_FR","og_type":"article","og_title":"LAMPADAIRE TR\u00c9PIED ROCKET 145 EXT\u00c9RIEUR","og_description":"LAMPADAIRE TR\u00c9PIED ROCKET 145 La lampadaire Rocket 145 est une lampe d\u00e9corative originale et id\u00e9ale pour d\u00e9corer vos espaces int\u00e9rieur. Ce mod\u00e8le est","og_url":"https:\/\/newgarden.es\/fr\/shop\/lightdeco-fr\/lampadaire\/rocket-copia\/","og_site_name":"Newgarden","article_modified_time":"2022-02-04T09:17:16+00:00","og_image":[{"width":1200,"height":1200,"url":"https:\/\/newgarden.es\/wp-content\/uploads\/2020\/02\/ROCKET_145_BATTERY_1200X1200.jpg","type":"image\/jpeg"}],"twitter_card":"summary_large_image","twitter_misc":{"Dur\u00e9e de lecture estim\u00e9e":"1 minute"},"schema":{"@context":"https:\/\/schema.org","@graph":[{"@type":"WebPage","@id":"https:\/\/newgarden.es\/fr\/shop\/lightdeco-fr\/lampadaire\/rocket-copia\/","url":"https:\/\/newgarden.es\/fr\/shop\/lightdeco-fr\/lampadaire\/rocket-copia\/","name":"LAMPADAIRE TR\u00c9PIED ROCKET 145 EXT\u00c9RIEUR","isPartOf":{"@id":"https:\/\/newgarden.es\/#website"},"primaryImageOfPage":{"@id":"https:\/\/newgarden.es\/fr\/shop\/lightdeco-fr\/lampadaire\/rocket-copia\/#primaryimage"},"image":{"@id":"https:\/\/newgarden.es\/fr\/shop\/lightdeco-fr\/lampadaire\/rocket-copia\/#primaryimage"},"thumbnailUrl":"https:\/\/newgarden.es\/wp-content\/uploads\/2020\/02\/ROCKET_145_BATTERY_1200X1200.jpg","datePublished":"2020-02-20T10:55:03+00:00","dateModified":"2022-02-04T09:17:16+00:00","description":"LAMPADAIRE TR\u00c9PIED ROCKET 145 La lampadaire Rocket 145 est une lampe d\u00e9corative originale et id\u00e9ale pour d\u00e9corer vos espaces int\u00e9rieur. Ce mod\u00e8le est","breadcrumb":{"@id":"https:\/\/newgarden.es\/fr\/shop\/lightdeco-fr\/lampadaire\/rocket-copia\/#breadcrumb"},"inLanguage":"fr-FR","potentialAction":[{"@type":"ReadAction","target":["https:\/\/newgarden.es\/fr\/shop\/lightdeco-fr\/lampadaire\/rocket-copia\/"]}]},{"@type":"ImageObject","inLanguage":"fr-FR","@id":"https:\/\/newgarden.es\/fr\/shop\/lightdeco-fr\/lampadaire\/rocket-copia\/#primaryimage","url":"https:\/\/newgarden.es\/wp-content\/uploads\/2020\/02\/ROCKET_145_BATTERY_1200X1200.jpg","contentUrl":"https:\/\/newgarden.es\/wp-content\/uploads\/2020\/02\/ROCKET_145_BATTERY_1200X1200.jpg","width":1200,"height":1200},{"@type":"BreadcrumbList","@id":"https:\/\/newgarden.es\/fr\/shop\/lightdeco-fr\/lampadaire\/rocket-copia\/#breadcrumb","itemListElement":[{"@type":"ListItem","position":1,"name":"Home","item":"https:\/\/newgarden.es\/fr\/"},{"@type":"ListItem","position":2,"name":"Boutique","item":"https:\/\/newgarden.es\/fr\/boutique\/"},{"@type":"ListItem","position":3,"name":"LAMPADAIRE TR\u00c9PIED ROCKET 145"}]},{"@type":"WebSite","@id":"https:\/\/newgarden.es\/#website","url":"https:\/\/newgarden.es\/","name":"Newgarden","description":"Be happy","potentialAction":[{"@type":"SearchAction","target":{"@type":"EntryPoint","urlTemplate":"https:\/\/newgarden.es\/?s={search_term_string}"},"query-input":{"@type":"PropertyValueSpecification","valueRequired":true,"valueName":"search_term_string"}}],"inLanguage":"fr-FR"}]}},"df_price":288.8,"df_sale_price":"","df_regular_price":288.8,"df_image_link":"https:\/\/newgarden.es\/wp-content\/uploads\/2020\/02\/ROCKET_145_BATTERY_1200X1200-580x400.jpg","_links":{"self":[{"href":"https:\/\/newgarden.es\/fr\/wp-json\/wp\/v2\/product\/26288"}],"collection":[{"href":"https:\/\/newgarden.es\/fr\/wp-json\/wp\/v2\/product"}],"about":[{"href":"https:\/\/newgarden.es\/fr\/wp-json\/wp\/v2\/types\/product"}],"wp:featuredmedia":[{"embeddable":true,"href":"https:\/\/newgarden.es\/fr\/wp-json\/wp\/v2\/media\/64735"}],"wp:attachment":[{"href":"https:\/\/newgarden.es\/fr\/wp-json\/wp\/v2\/media?parent=26288"}],"wp:term":[{"taxonomy":"product_cat","embeddable":true,"href":"https:\/\/newgarden.es\/fr\/wp-json\/wp\/v2\/product_cat?post=26288"},{"taxonomy":"product_tag","embeddable":true,"href":"https:\/\/newgarden.es\/fr\/wp-json\/wp\/v2\/product_tag?post=26288"}],"curies":[{"name":"wp","href":"https:\/\/api.w.org\/{rel}","templated":true}]}}