{"id":26344,"date":"2020-02-20T12:28:30","date_gmt":"2020-02-20T11:28:35","guid":{"rendered":"https:\/\/newgarden.es\/?post_type=product&#038;p=26344"},"modified":"2022-12-15T10:07:48","modified_gmt":"2022-12-15T09:07:48","slug":"siege-en-couleurs-opaques-tarida-sit-arms","status":"publish","type":"product","link":"https:\/\/newgarden.es\/fr\/shop\/mobilier\/sieges\/siege-en-couleurs-opaques-tarida-sit-arms\/","title":{"rendered":"SI\u00c8GE TARIDA SIT ARMS SANS LUMI\u00c8RE"},"content":{"rendered":"<section class=\"wpb-content-wrapper\"><p>[vc_row][vc_column el_class=\u00a0\u00bbdescripcion_producto\u00a0\u00bb][vc_column_text]<\/p>\n<p>SI\u00c8GE TARIDA SIT ARMS SANS LUMI\u00c8RE COULEUR OPAQUE BLANC: Assise confortable aux lignes droites. Le si\u00e8ge\u00a0<strong>Tarida Sit Arms<\/strong>\u00a0a \u00e9t\u00e9 con\u00e7u pour pouvoir\u00a0 combiner plusieurs si\u00e8ges entre eux et cr\u00e9er une multitude de compositions.<\/p>\n<p>Disponible en deux versions:\u00a0<strong>non lumineux<\/strong>(blanc opaque) &#8211;\u00a0<strong>solaire+charge batterie<\/strong>.<\/p>\n<p>Combinez-le avec\u00a0<span style=\"text-decoration: underline;\">TARIDA TAB<\/span>\u00a0ou le\u00a0<span style=\"text-decoration: underline;\">TARIDA SIT ARMS<\/span>\u00a0pour cr\u00e9er des ambiances relaxantes et modernes dans vos espaces personnels ou votre entreprise. Coussin en simili cuir inclus.<\/p>\n<p><em>Tous les produits Newgarden sont fabriqu\u00e9s en poly\u00e9thyl\u00e8ne, ils sont donc l\u00e9gers et tr\u00e8s r\u00e9sistants aux temp\u00e9ratures extr\u00eames. Ils sont \u00e9galement\u00a0r\u00e9sistants aux\u00a0rayons UV, ce qui rend la dur\u00e9e de vie du produit extraordinairement longue<\/em><\/p>\n<p>&nbsp;<\/p>\n<ul class=\"tablaTech\">\n<li>\n<div class=\"boxContents no-border\">\n<div class=\"name\"><strong>TAILLE<\/strong><\/div>\n<div class=\"data\">77 x 69 x 66 cm<\/div>\n<\/div>\n<\/li>\n<\/ul>\n<p>[\/vc_column_text][\/vc_column][\/vc_row][vc_row disable_element=\u00a0\u00bbyes\u00a0\u00bb][vc_column][vc_single_image image=\u00a0\u00bb6566&Prime; img_size=\u00a0\u00bbfull\u00a0\u00bb][\/vc_column][\/vc_row][vc_row][vc_column width=\u00a0\u00bb1\/2&Prime;][vc_btn title=\u00a0\u00bbFiche technique\u00a0\u00bb style=\u00a0\u00bbcustom\u00a0\u00bb custom_background=\u00a0\u00bb#009bc2&Prime; custom_text=\u00a0\u00bb#ffffff\u00a0\u00bb shape=\u00a0\u00bbsquare\u00a0\u00bb link=\u00a0\u00bburl:https%3A%2F%2Fwww.newgarden.es%2Fwp-content%2Fuploads%2F2018%2F05%2Ftarida-sit.pdf|target:%20_blank|\u00a0\u00bb el_class=\u00a0\u00bbbtn_descargar_ficha\u00a0\u00bb][\/vc_column][vc_column width=\u00a0\u00bb1\/2&Prime;][vc_btn title=\u00a0\u00bbManuel d&rsquo;instrutions\u00a0\u00bb style=\u00a0\u00bbcustom\u00a0\u00bb custom_background=\u00a0\u00bb#009bc2&Prime; custom_text=\u00a0\u00bb#ffffff\u00a0\u00bb shape=\u00a0\u00bbsquare\u00a0\u00bb link=\u00a0\u00bburl:https%3A%2F%2Fnewgarden.es%2Ffr%2F%3Fpage_id%3D25150|target:%20_blank|\u00a0\u00bb el_class=\u00a0\u00bbbtn_descargar_ficha\u00a0\u00bb][\/vc_column][\/vc_row]<\/p>\n<\/section>","protected":false},"excerpt":{"rendered":"<h1 style=\"font-size: 12px;\">Si\u00e8ge Tarida Sit Arms sans lumi\u00e8re couleur &#8211; blanc opaque<\/h1>\n","protected":false},"featured_media":62313,"template":"","meta":[],"product_cat":[657,658],"product_tag":[],"class_list":{"0":"post-26344","1":"product","2":"type-product","3":"status-publish","4":"has-post-thumbnail","6":"product_cat-mobilier","7":"product_cat-sieges","9":"first","10":"instock","11":"taxable","12":"shipping-taxable","13":"purchasable","14":"product-type-variable"},"yoast_head":"<!-- This site is optimized with the Yoast SEO plugin v24.2 - https:\/\/yoast.com\/wordpress\/plugins\/seo\/ -->\n<title>SI\u00c8GE TARIDA SIT ARMS SANS LUMI\u00c8RE D&#039;EXT\u00c9RIEUR<\/title>\n<meta name=\"description\" content=\"Assise confortable aux lignes droites. Le si\u00e8ge Tarida Sit Arms a \u00e9t\u00e9 con\u00e7u pour pouvoir\u00a0 combiner plusieurs si\u00e8ges entre eux et cr\u00e9er une multitude de comp\" \/>\n<meta name=\"robots\" content=\"index, follow, max-snippet:-1, max-image-preview:large, max-video-preview:-1\" \/>\n<link rel=\"canonical\" href=\"https:\/\/newgarden.es\/fr\/shop\/mobilier\/sieges\/siege-en-couleurs-opaques-tarida-sit-arms\/\" \/>\n<meta property=\"og:locale\" content=\"fr_FR\" \/>\n<meta property=\"og:type\" content=\"article\" \/>\n<meta property=\"og:title\" content=\"SI\u00c8GE TARIDA SIT ARMS SANS LUMI\u00c8RE D&#039;EXT\u00c9RIEUR\" \/>\n<meta property=\"og:description\" content=\"Assise confortable aux lignes droites. Le si\u00e8ge Tarida Sit Arms a \u00e9t\u00e9 con\u00e7u pour pouvoir\u00a0 combiner plusieurs si\u00e8ges entre eux et cr\u00e9er une multitude de comp\" \/>\n<meta property=\"og:url\" content=\"https:\/\/newgarden.es\/fr\/shop\/mobilier\/sieges\/siege-en-couleurs-opaques-tarida-sit-arms\/\" \/>\n<meta property=\"og:site_name\" content=\"Newgarden\" \/>\n<meta property=\"article:modified_time\" content=\"2022-12-15T09:07:48+00:00\" \/>\n<meta property=\"og:image\" content=\"https:\/\/newgarden.es\/wp-content\/uploads\/2020\/02\/TARIDA_SIT_1200X1200-13.jpg\" \/>\n\t<meta property=\"og:image:width\" content=\"1200\" \/>\n\t<meta property=\"og:image:height\" content=\"1200\" \/>\n\t<meta property=\"og:image:type\" content=\"image\/jpeg\" \/>\n<meta name=\"twitter:card\" content=\"summary_large_image\" \/>\n<meta name=\"twitter:label1\" content=\"Dur\u00e9e de lecture estim\u00e9e\" \/>\n\t<meta name=\"twitter:data1\" content=\"1 minute\" \/>\n<script type=\"application\/ld+json\" class=\"yoast-schema-graph\">{\"@context\":\"https:\/\/schema.org\",\"@graph\":[{\"@type\":\"WebPage\",\"@id\":\"https:\/\/newgarden.es\/fr\/shop\/mobilier\/sieges\/siege-en-couleurs-opaques-tarida-sit-arms\/\",\"url\":\"https:\/\/newgarden.es\/fr\/shop\/mobilier\/sieges\/siege-en-couleurs-opaques-tarida-sit-arms\/\",\"name\":\"SI\u00c8GE TARIDA SIT ARMS SANS LUMI\u00c8RE D'EXT\u00c9RIEUR\",\"isPartOf\":{\"@id\":\"https:\/\/newgarden.es\/#website\"},\"primaryImageOfPage\":{\"@id\":\"https:\/\/newgarden.es\/fr\/shop\/mobilier\/sieges\/siege-en-couleurs-opaques-tarida-sit-arms\/#primaryimage\"},\"image\":{\"@id\":\"https:\/\/newgarden.es\/fr\/shop\/mobilier\/sieges\/siege-en-couleurs-opaques-tarida-sit-arms\/#primaryimage\"},\"thumbnailUrl\":\"https:\/\/newgarden.es\/wp-content\/uploads\/2020\/02\/TARIDA_SIT_1200X1200-13.jpg\",\"datePublished\":\"2020-02-20T11:28:35+00:00\",\"dateModified\":\"2022-12-15T09:07:48+00:00\",\"description\":\"Assise confortable aux lignes droites. Le si\u00e8ge Tarida Sit Arms a \u00e9t\u00e9 con\u00e7u pour pouvoir\u00a0 combiner plusieurs si\u00e8ges entre eux et cr\u00e9er une multitude de comp\",\"breadcrumb\":{\"@id\":\"https:\/\/newgarden.es\/fr\/shop\/mobilier\/sieges\/siege-en-couleurs-opaques-tarida-sit-arms\/#breadcrumb\"},\"inLanguage\":\"fr-FR\",\"potentialAction\":[{\"@type\":\"ReadAction\",\"target\":[\"https:\/\/newgarden.es\/fr\/shop\/mobilier\/sieges\/siege-en-couleurs-opaques-tarida-sit-arms\/\"]}]},{\"@type\":\"ImageObject\",\"inLanguage\":\"fr-FR\",\"@id\":\"https:\/\/newgarden.es\/fr\/shop\/mobilier\/sieges\/siege-en-couleurs-opaques-tarida-sit-arms\/#primaryimage\",\"url\":\"https:\/\/newgarden.es\/wp-content\/uploads\/2020\/02\/TARIDA_SIT_1200X1200-13.jpg\",\"contentUrl\":\"https:\/\/newgarden.es\/wp-content\/uploads\/2020\/02\/TARIDA_SIT_1200X1200-13.jpg\",\"width\":1200,\"height\":1200},{\"@type\":\"BreadcrumbList\",\"@id\":\"https:\/\/newgarden.es\/fr\/shop\/mobilier\/sieges\/siege-en-couleurs-opaques-tarida-sit-arms\/#breadcrumb\",\"itemListElement\":[{\"@type\":\"ListItem\",\"position\":1,\"name\":\"Home\",\"item\":\"https:\/\/newgarden.es\/fr\/\"},{\"@type\":\"ListItem\",\"position\":2,\"name\":\"Boutique\",\"item\":\"https:\/\/newgarden.es\/fr\/boutique\/\"},{\"@type\":\"ListItem\",\"position\":3,\"name\":\"SI\u00c8GE TARIDA SIT ARMS SANS LUMI\u00c8RE\"}]},{\"@type\":\"WebSite\",\"@id\":\"https:\/\/newgarden.es\/#website\",\"url\":\"https:\/\/newgarden.es\/\",\"name\":\"Newgarden\",\"description\":\"Be happy\",\"potentialAction\":[{\"@type\":\"SearchAction\",\"target\":{\"@type\":\"EntryPoint\",\"urlTemplate\":\"https:\/\/newgarden.es\/?s={search_term_string}\"},\"query-input\":{\"@type\":\"PropertyValueSpecification\",\"valueRequired\":true,\"valueName\":\"search_term_string\"}}],\"inLanguage\":\"fr-FR\"}]}<\/script>\n<!-- \/ Yoast SEO plugin. -->","yoast_head_json":{"title":"SI\u00c8GE TARIDA SIT ARMS SANS LUMI\u00c8RE D'EXT\u00c9RIEUR","description":"Assise confortable aux lignes droites. Le si\u00e8ge Tarida Sit Arms a \u00e9t\u00e9 con\u00e7u pour pouvoir\u00a0 combiner plusieurs si\u00e8ges entre eux et cr\u00e9er une multitude de comp","robots":{"index":"index","follow":"follow","max-snippet":"max-snippet:-1","max-image-preview":"max-image-preview:large","max-video-preview":"max-video-preview:-1"},"canonical":"https:\/\/newgarden.es\/fr\/shop\/mobilier\/sieges\/siege-en-couleurs-opaques-tarida-sit-arms\/","og_locale":"fr_FR","og_type":"article","og_title":"SI\u00c8GE TARIDA SIT ARMS SANS LUMI\u00c8RE D'EXT\u00c9RIEUR","og_description":"Assise confortable aux lignes droites. Le si\u00e8ge Tarida Sit Arms a \u00e9t\u00e9 con\u00e7u pour pouvoir\u00a0 combiner plusieurs si\u00e8ges entre eux et cr\u00e9er une multitude de comp","og_url":"https:\/\/newgarden.es\/fr\/shop\/mobilier\/sieges\/siege-en-couleurs-opaques-tarida-sit-arms\/","og_site_name":"Newgarden","article_modified_time":"2022-12-15T09:07:48+00:00","og_image":[{"width":1200,"height":1200,"url":"https:\/\/newgarden.es\/wp-content\/uploads\/2020\/02\/TARIDA_SIT_1200X1200-13.jpg","type":"image\/jpeg"}],"twitter_card":"summary_large_image","twitter_misc":{"Dur\u00e9e de lecture estim\u00e9e":"1 minute"},"schema":{"@context":"https:\/\/schema.org","@graph":[{"@type":"WebPage","@id":"https:\/\/newgarden.es\/fr\/shop\/mobilier\/sieges\/siege-en-couleurs-opaques-tarida-sit-arms\/","url":"https:\/\/newgarden.es\/fr\/shop\/mobilier\/sieges\/siege-en-couleurs-opaques-tarida-sit-arms\/","name":"SI\u00c8GE TARIDA SIT ARMS SANS LUMI\u00c8RE D'EXT\u00c9RIEUR","isPartOf":{"@id":"https:\/\/newgarden.es\/#website"},"primaryImageOfPage":{"@id":"https:\/\/newgarden.es\/fr\/shop\/mobilier\/sieges\/siege-en-couleurs-opaques-tarida-sit-arms\/#primaryimage"},"image":{"@id":"https:\/\/newgarden.es\/fr\/shop\/mobilier\/sieges\/siege-en-couleurs-opaques-tarida-sit-arms\/#primaryimage"},"thumbnailUrl":"https:\/\/newgarden.es\/wp-content\/uploads\/2020\/02\/TARIDA_SIT_1200X1200-13.jpg","datePublished":"2020-02-20T11:28:35+00:00","dateModified":"2022-12-15T09:07:48+00:00","description":"Assise confortable aux lignes droites. Le si\u00e8ge Tarida Sit Arms a \u00e9t\u00e9 con\u00e7u pour pouvoir\u00a0 combiner plusieurs si\u00e8ges entre eux et cr\u00e9er une multitude de comp","breadcrumb":{"@id":"https:\/\/newgarden.es\/fr\/shop\/mobilier\/sieges\/siege-en-couleurs-opaques-tarida-sit-arms\/#breadcrumb"},"inLanguage":"fr-FR","potentialAction":[{"@type":"ReadAction","target":["https:\/\/newgarden.es\/fr\/shop\/mobilier\/sieges\/siege-en-couleurs-opaques-tarida-sit-arms\/"]}]},{"@type":"ImageObject","inLanguage":"fr-FR","@id":"https:\/\/newgarden.es\/fr\/shop\/mobilier\/sieges\/siege-en-couleurs-opaques-tarida-sit-arms\/#primaryimage","url":"https:\/\/newgarden.es\/wp-content\/uploads\/2020\/02\/TARIDA_SIT_1200X1200-13.jpg","contentUrl":"https:\/\/newgarden.es\/wp-content\/uploads\/2020\/02\/TARIDA_SIT_1200X1200-13.jpg","width":1200,"height":1200},{"@type":"BreadcrumbList","@id":"https:\/\/newgarden.es\/fr\/shop\/mobilier\/sieges\/siege-en-couleurs-opaques-tarida-sit-arms\/#breadcrumb","itemListElement":[{"@type":"ListItem","position":1,"name":"Home","item":"https:\/\/newgarden.es\/fr\/"},{"@type":"ListItem","position":2,"name":"Boutique","item":"https:\/\/newgarden.es\/fr\/boutique\/"},{"@type":"ListItem","position":3,"name":"SI\u00c8GE TARIDA SIT ARMS SANS LUMI\u00c8RE"}]},{"@type":"WebSite","@id":"https:\/\/newgarden.es\/#website","url":"https:\/\/newgarden.es\/","name":"Newgarden","description":"Be happy","potentialAction":[{"@type":"SearchAction","target":{"@type":"EntryPoint","urlTemplate":"https:\/\/newgarden.es\/?s={search_term_string}"},"query-input":{"@type":"PropertyValueSpecification","valueRequired":true,"valueName":"search_term_string"}}],"inLanguage":"fr-FR"}]}},"df_price":344.2,"df_sale_price":"","df_regular_price":344.2,"df_image_link":"https:\/\/newgarden.es\/wp-content\/uploads\/2020\/02\/TARIDA_SIT_1200X1200-13-580x400.jpg","_links":{"self":[{"href":"https:\/\/newgarden.es\/fr\/wp-json\/wp\/v2\/product\/26344"}],"collection":[{"href":"https:\/\/newgarden.es\/fr\/wp-json\/wp\/v2\/product"}],"about":[{"href":"https:\/\/newgarden.es\/fr\/wp-json\/wp\/v2\/types\/product"}],"wp:featuredmedia":[{"embeddable":true,"href":"https:\/\/newgarden.es\/fr\/wp-json\/wp\/v2\/media\/62313"}],"wp:attachment":[{"href":"https:\/\/newgarden.es\/fr\/wp-json\/wp\/v2\/media?parent=26344"}],"wp:term":[{"taxonomy":"product_cat","embeddable":true,"href":"https:\/\/newgarden.es\/fr\/wp-json\/wp\/v2\/product_cat?post=26344"},{"taxonomy":"product_tag","embeddable":true,"href":"https:\/\/newgarden.es\/fr\/wp-json\/wp\/v2\/product_tag?post=26344"}],"curies":[{"name":"wp","href":"https:\/\/api.w.org\/{rel}","templated":true}]}}