{"id":26415,"date":"2020-02-20T15:05:02","date_gmt":"2020-02-20T14:05:09","guid":{"rendered":"https:\/\/newgarden.es\/?post_type=product&#038;p=26415"},"modified":"2024-06-19T14:09:36","modified_gmt":"2024-06-19T12:09:36","slug":"formentera-color-copia","status":"publish","type":"product","link":"https:\/\/newgarden.es\/fr\/shop\/mobilier\/sieges\/formentera-color-copia\/","title":{"rendered":"BAIN DE SOLEIL RASA"},"content":{"rendered":"<section class=\"wpb-content-wrapper\"><p>[vc_row][vc_column el_class=&#8221;descripcion_producto&#8221;][vc_column_text]La chaise longue Rasa est l&#8217;une des nouveaut\u00e9s les plus remarquables de Newgarden.<\/p>\n<p>Pour ce produit, nous avons voulu faire un clin d&#8217;\u0153il \u00e0 notre deuxi\u00e8me site au Mexique. La chaise longue Rasa doit son nom \u00e0 l&#8217;\u00eele mexicaine Rasa, situ\u00e9e dans le golfe de Californie. Outre sa platitude, le point culminant de cette \u00eele est de 35 m\u00e8tres et notre chaise longue a le point culminant \u00e0 35 centim\u00e8tres de haut.<\/p>\n<p>La chaise longue Rasa est parfaite pour \u00eatre plac\u00e9e au bord de la piscine et donner une touche de design \u00e0 n&#8217;importe quel espace ext\u00e9rieur, piscines, h\u00f4tels, clubs de plage, bars de plage et toutes sortes d&#8217;entreprises, et elle est facilement empilable jusqu&#8217;\u00e0 12 unit\u00e9s.<\/p>\n<p>Il est enti\u00e8rement fabriqu\u00e9 en poly\u00e9thyl\u00e8ne, ce qui le rend tr\u00e8s l\u00e9ger et tr\u00e8s r\u00e9sistant aux temp\u00e9ratures extr\u00eames. Il est \u00e9galement prot\u00e9g\u00e9 contre les rayons UV, ce qui lui conf\u00e8re une dur\u00e9e de vie extraordinairement longue.<\/p>\n<p>*La chaise longue Rasa n&#8217;est pas destin\u00e9e \u00e0 \u00eatre utilis\u00e9e comme \u00e9l\u00e9ment flottant et il est recommand\u00e9 de ne pas l&#8217;utiliser de cette mani\u00e8re. Il est indispensable que, dans le cas o\u00f9 l&#8217;on souhaite l&#8217;utiliser en contact avec l&#8217;eau, la partie sup\u00e9rieure de la chaise longue ait toujours une partie reposant sur une surface sans eau.<\/p>\n<p>Le mod\u00e8le Rasa est disponible en finition blanche.<\/p>\n<p>Dimensions : Hauteur 37 cm, largeur 20,3 cm.[\/vc_column_text][\/vc_column][\/vc_row][vc_row disable_element=&#8221;yes&#8221;][vc_column][vc_single_image image=&#8221;6566&#8243; img_size=&#8221;full&#8221;][\/vc_column][\/vc_row][vc_row][vc_column][vc_btn title=&#8221;Fiche technique&#8221; style=&#8221;custom&#8221; custom_background=&#8221;#009bc2&#8243; custom_text=&#8221;#ffffff&#8221; link=&#8221;url:https%3A%2F%2Fbit.ly%2F3QGIsaN|target:%20_blank|&#8221; el_class=&#8221;btn_descargar_ficha&#8221;][\/vc_column][\/vc_row]<\/p>\n<\/section>","protected":false},"excerpt":{"rendered":"<h1 style=\"font-size: 12px;\">Chaise longue Rasa pour piscines, h\u00f4tels et beachclub.<\/h1>\n","protected":false},"featured_media":63316,"template":"","meta":[],"product_cat":[657,1605,658],"product_tag":[],"class_list":{"0":"post-26415","1":"product","2":"type-product","3":"status-publish","4":"has-post-thumbnail","6":"product_cat-mobilier","7":"product_cat-chaises-longues-et-lits-balinais","8":"product_cat-sieges","10":"first","11":"instock","12":"taxable","13":"shipping-taxable","14":"purchasable","15":"product-type-variable"},"yoast_head":"<!-- This site is optimized with the Yoast SEO plugin v24.2 - https:\/\/yoast.com\/wordpress\/plugins\/seo\/ -->\n<title>Rasa, tumbona para piscinas en color blanco | Newgarden<\/title>\n<meta name=\"description\" content=\"La tumbona Rasa debe su nombre a la isla Mexicana, situada en el golfo de California. Es una tumbona para piscinas en color blanco.\" \/>\n<meta name=\"robots\" content=\"index, follow, max-snippet:-1, max-image-preview:large, max-video-preview:-1\" \/>\n<link rel=\"canonical\" href=\"https:\/\/newgarden.es\/fr\/shop\/mobilier\/sieges\/formentera-color-copia\/\" \/>\n<meta property=\"og:locale\" content=\"fr_FR\" \/>\n<meta property=\"og:type\" content=\"article\" \/>\n<meta property=\"og:title\" content=\"Rasa, tumbona para piscinas en color blanco | Newgarden\" \/>\n<meta property=\"og:description\" content=\"La tumbona Rasa debe su nombre a la isla Mexicana, situada en el golfo de California. Es una tumbona para piscinas en color blanco.\" \/>\n<meta property=\"og:url\" content=\"https:\/\/newgarden.es\/fr\/shop\/mobilier\/sieges\/formentera-color-copia\/\" \/>\n<meta property=\"og:site_name\" content=\"Newgarden\" \/>\n<meta property=\"article:modified_time\" content=\"2024-06-19T12:09:36+00:00\" \/>\n<meta property=\"og:image\" content=\"https:\/\/newgarden.es\/wp-content\/uploads\/2020\/02\/RASA_1200X1200-10.jpg\" \/>\n\t<meta property=\"og:image:width\" content=\"1200\" \/>\n\t<meta property=\"og:image:height\" content=\"1200\" \/>\n\t<meta property=\"og:image:type\" content=\"image\/jpeg\" \/>\n<meta name=\"twitter:card\" content=\"summary_large_image\" \/>\n<meta name=\"twitter:label1\" content=\"Dur\u00e9e de lecture estim\u00e9e\" \/>\n\t<meta name=\"twitter:data1\" content=\"2 minutes\" \/>\n<script type=\"application\/ld+json\" class=\"yoast-schema-graph\">{\"@context\":\"https:\/\/schema.org\",\"@graph\":[{\"@type\":\"WebPage\",\"@id\":\"https:\/\/newgarden.es\/fr\/shop\/mobilier\/sieges\/formentera-color-copia\/\",\"url\":\"https:\/\/newgarden.es\/fr\/shop\/mobilier\/sieges\/formentera-color-copia\/\",\"name\":\"Rasa, tumbona para piscinas en color blanco | Newgarden\",\"isPartOf\":{\"@id\":\"https:\/\/newgarden.es\/#website\"},\"primaryImageOfPage\":{\"@id\":\"https:\/\/newgarden.es\/fr\/shop\/mobilier\/sieges\/formentera-color-copia\/#primaryimage\"},\"image\":{\"@id\":\"https:\/\/newgarden.es\/fr\/shop\/mobilier\/sieges\/formentera-color-copia\/#primaryimage\"},\"thumbnailUrl\":\"https:\/\/newgarden.es\/wp-content\/uploads\/2020\/02\/RASA_1200X1200-10.jpg\",\"datePublished\":\"2020-02-20T14:05:09+00:00\",\"dateModified\":\"2024-06-19T12:09:36+00:00\",\"description\":\"La tumbona Rasa debe su nombre a la isla Mexicana, situada en el golfo de California. Es una tumbona para piscinas en color blanco.\",\"breadcrumb\":{\"@id\":\"https:\/\/newgarden.es\/fr\/shop\/mobilier\/sieges\/formentera-color-copia\/#breadcrumb\"},\"inLanguage\":\"fr-FR\",\"potentialAction\":[{\"@type\":\"ReadAction\",\"target\":[\"https:\/\/newgarden.es\/fr\/shop\/mobilier\/sieges\/formentera-color-copia\/\"]}]},{\"@type\":\"ImageObject\",\"inLanguage\":\"fr-FR\",\"@id\":\"https:\/\/newgarden.es\/fr\/shop\/mobilier\/sieges\/formentera-color-copia\/#primaryimage\",\"url\":\"https:\/\/newgarden.es\/wp-content\/uploads\/2020\/02\/RASA_1200X1200-10.jpg\",\"contentUrl\":\"https:\/\/newgarden.es\/wp-content\/uploads\/2020\/02\/RASA_1200X1200-10.jpg\",\"width\":1200,\"height\":1200},{\"@type\":\"BreadcrumbList\",\"@id\":\"https:\/\/newgarden.es\/fr\/shop\/mobilier\/sieges\/formentera-color-copia\/#breadcrumb\",\"itemListElement\":[{\"@type\":\"ListItem\",\"position\":1,\"name\":\"Home\",\"item\":\"https:\/\/newgarden.es\/fr\/\"},{\"@type\":\"ListItem\",\"position\":2,\"name\":\"Boutique\",\"item\":\"https:\/\/newgarden.es\/fr\/boutique\/\"},{\"@type\":\"ListItem\",\"position\":3,\"name\":\"BAIN DE SOLEIL RASA\"}]},{\"@type\":\"WebSite\",\"@id\":\"https:\/\/newgarden.es\/#website\",\"url\":\"https:\/\/newgarden.es\/\",\"name\":\"Newgarden\",\"description\":\"Be happy\",\"potentialAction\":[{\"@type\":\"SearchAction\",\"target\":{\"@type\":\"EntryPoint\",\"urlTemplate\":\"https:\/\/newgarden.es\/?s={search_term_string}\"},\"query-input\":{\"@type\":\"PropertyValueSpecification\",\"valueRequired\":true,\"valueName\":\"search_term_string\"}}],\"inLanguage\":\"fr-FR\"}]}<\/script>\n<!-- \/ Yoast SEO plugin. -->","yoast_head_json":{"title":"Rasa, tumbona para piscinas en color blanco | Newgarden","description":"La tumbona Rasa debe su nombre a la isla Mexicana, situada en el golfo de California. Es una tumbona para piscinas en color blanco.","robots":{"index":"index","follow":"follow","max-snippet":"max-snippet:-1","max-image-preview":"max-image-preview:large","max-video-preview":"max-video-preview:-1"},"canonical":"https:\/\/newgarden.es\/fr\/shop\/mobilier\/sieges\/formentera-color-copia\/","og_locale":"fr_FR","og_type":"article","og_title":"Rasa, tumbona para piscinas en color blanco | Newgarden","og_description":"La tumbona Rasa debe su nombre a la isla Mexicana, situada en el golfo de California. Es una tumbona para piscinas en color blanco.","og_url":"https:\/\/newgarden.es\/fr\/shop\/mobilier\/sieges\/formentera-color-copia\/","og_site_name":"Newgarden","article_modified_time":"2024-06-19T12:09:36+00:00","og_image":[{"width":1200,"height":1200,"url":"https:\/\/newgarden.es\/wp-content\/uploads\/2020\/02\/RASA_1200X1200-10.jpg","type":"image\/jpeg"}],"twitter_card":"summary_large_image","twitter_misc":{"Dur\u00e9e de lecture estim\u00e9e":"2 minutes"},"schema":{"@context":"https:\/\/schema.org","@graph":[{"@type":"WebPage","@id":"https:\/\/newgarden.es\/fr\/shop\/mobilier\/sieges\/formentera-color-copia\/","url":"https:\/\/newgarden.es\/fr\/shop\/mobilier\/sieges\/formentera-color-copia\/","name":"Rasa, tumbona para piscinas en color blanco | Newgarden","isPartOf":{"@id":"https:\/\/newgarden.es\/#website"},"primaryImageOfPage":{"@id":"https:\/\/newgarden.es\/fr\/shop\/mobilier\/sieges\/formentera-color-copia\/#primaryimage"},"image":{"@id":"https:\/\/newgarden.es\/fr\/shop\/mobilier\/sieges\/formentera-color-copia\/#primaryimage"},"thumbnailUrl":"https:\/\/newgarden.es\/wp-content\/uploads\/2020\/02\/RASA_1200X1200-10.jpg","datePublished":"2020-02-20T14:05:09+00:00","dateModified":"2024-06-19T12:09:36+00:00","description":"La tumbona Rasa debe su nombre a la isla Mexicana, situada en el golfo de California. Es una tumbona para piscinas en color blanco.","breadcrumb":{"@id":"https:\/\/newgarden.es\/fr\/shop\/mobilier\/sieges\/formentera-color-copia\/#breadcrumb"},"inLanguage":"fr-FR","potentialAction":[{"@type":"ReadAction","target":["https:\/\/newgarden.es\/fr\/shop\/mobilier\/sieges\/formentera-color-copia\/"]}]},{"@type":"ImageObject","inLanguage":"fr-FR","@id":"https:\/\/newgarden.es\/fr\/shop\/mobilier\/sieges\/formentera-color-copia\/#primaryimage","url":"https:\/\/newgarden.es\/wp-content\/uploads\/2020\/02\/RASA_1200X1200-10.jpg","contentUrl":"https:\/\/newgarden.es\/wp-content\/uploads\/2020\/02\/RASA_1200X1200-10.jpg","width":1200,"height":1200},{"@type":"BreadcrumbList","@id":"https:\/\/newgarden.es\/fr\/shop\/mobilier\/sieges\/formentera-color-copia\/#breadcrumb","itemListElement":[{"@type":"ListItem","position":1,"name":"Home","item":"https:\/\/newgarden.es\/fr\/"},{"@type":"ListItem","position":2,"name":"Boutique","item":"https:\/\/newgarden.es\/fr\/boutique\/"},{"@type":"ListItem","position":3,"name":"BAIN DE SOLEIL RASA"}]},{"@type":"WebSite","@id":"https:\/\/newgarden.es\/#website","url":"https:\/\/newgarden.es\/","name":"Newgarden","description":"Be happy","potentialAction":[{"@type":"SearchAction","target":{"@type":"EntryPoint","urlTemplate":"https:\/\/newgarden.es\/?s={search_term_string}"},"query-input":{"@type":"PropertyValueSpecification","valueRequired":true,"valueName":"search_term_string"}}],"inLanguage":"fr-FR"}]}},"df_price":300.3,"df_sale_price":"","df_regular_price":300.3,"df_image_link":"https:\/\/newgarden.es\/wp-content\/uploads\/2020\/02\/RASA_1200X1200-10-580x400.jpg","_links":{"self":[{"href":"https:\/\/newgarden.es\/fr\/wp-json\/wp\/v2\/product\/26415"}],"collection":[{"href":"https:\/\/newgarden.es\/fr\/wp-json\/wp\/v2\/product"}],"about":[{"href":"https:\/\/newgarden.es\/fr\/wp-json\/wp\/v2\/types\/product"}],"wp:featuredmedia":[{"embeddable":true,"href":"https:\/\/newgarden.es\/fr\/wp-json\/wp\/v2\/media\/63316"}],"wp:attachment":[{"href":"https:\/\/newgarden.es\/fr\/wp-json\/wp\/v2\/media?parent=26415"}],"wp:term":[{"taxonomy":"product_cat","embeddable":true,"href":"https:\/\/newgarden.es\/fr\/wp-json\/wp\/v2\/product_cat?post=26415"},{"taxonomy":"product_tag","embeddable":true,"href":"https:\/\/newgarden.es\/fr\/wp-json\/wp\/v2\/product_tag?post=26415"}],"curies":[{"name":"wp","href":"https:\/\/api.w.org\/{rel}","templated":true}]}}