{"id":26515,"date":"2020-02-26T09:25:38","date_gmt":"2020-02-26T08:25:42","guid":{"rendered":"https:\/\/newgarden.es\/?post_type=product&#038;p=26515"},"modified":"2023-09-26T14:50:02","modified_gmt":"2023-09-26T12:50:02","slug":"lampadaire-solaire-paquita","status":"publish","type":"product","link":"https:\/\/newgarden.es\/fr\/shop\/lightdeco-fr\/lampadaire\/lampadaire-solaire-paquita\/","title":{"rendered":"LAMPADAIRE SOLAIRE PAQUITA"},"content":{"rendered":"<section class=\"wpb-content-wrapper\"><p>[vc_row][vc_column el_class=&#8221;descripcion_producto&#8221;][vc_column_text]LAMPADAIRE SOLAIRE\u00a0<strong>PAQUITA<\/strong><\/p>\n<p>Le<strong>\u00a0lampadaire Paquita<\/strong>\u00a0d&#8217;ext\u00e9rieur, de la collection\u00a0<strong>Paquita<\/strong>, fabriqu\u00e9 par\u00a0<span style=\"text-decoration: underline;\">Newgarden<\/span>. Il est compos\u00e9 d&#8217;un pied de forme pyramidale, supportant un cylindre plat con\u00e7u en poly\u00e9thyl\u00e8ne.<\/p>\n<p>Le lampadaire\u00a0<strong>Paquita<\/strong>\u00a0est LE lampadaire id\u00e9al pour vos espaces ext\u00e9rieurs ! Il dispose d&#8217;une batterie rechargeable par \u00e9nergie solaire, d&#8217;un d\u00e9tecteur de mouvement (d\u00e9tection jusqu&#8217;\u00e0 8m), d&#8217;un d\u00e9tecteur cr\u00e9pusculaire et d&#8217;une t\u00e9l\u00e9commande permettant de contr\u00f4ler les diff\u00e9rents modes ou pour \u00e9teindre et allumer votre luminaire sans bouger.<br \/>\nSans branchement,\u00a0<strong>Paquita<\/strong>\u00a0ne n\u00e9cessite pas d&#8217;installation \u00e9lectrique et peut \u00eatre dispos\u00e9 partout o\u00f9 vous le souhaitez dans votre jardin.<\/p>\n<p>Le lampadaire<b>\u00a0<\/b>dispose d&#8217;une autonomie :<br \/>\n&#8211; En mode manuel : 8h<br \/>\n&#8211; En mode nuit : 8h<br \/>\n&#8211; En mode Eco : 8h-50h<\/p>\n<p><strong>Paquita<\/strong>\u00a0dispose \u00e9galement d&#8217;un indice de protection \u00e9lev\u00e9 (<strong>IP65<\/strong>) lui permettant d&#8217;\u00eatre install\u00e9 sans craintes \u00e0 l&#8217;ext\u00e9rieur ! Avec son design simple et intemporel, il s&#8217;adaptera \u00e0\u00a0tous les styles d&#8217;environnement\u00a0et pourra \u00eatre compl\u00e9t\u00e9 avec les autres produits de la\u00a0<span style=\"text-decoration: underline;\">collection\u00a0<strong>Paquita<\/strong><\/span>\u00a0: l&#8217;applique murale et la lampe \u00e0 poser.<\/p>\n<p>LED : 8.5W (int\u00e9gr\u00e9e et irrempl\u00e7able) &#8211; 4000\u00b0K (blanc froid) &#8211; 1200 lumens \/ 120 lumens pour le mode cr\u00e9pusculaire.<\/p>\n<p><em>Les produits Newgarden sont l\u00e9gers et tr\u00e8s r\u00e9sistants aux temp\u00e9ratures extr\u00eames. Ils sont \u00e9galement r\u00e9sistants aux rayons UV, ce qui prolonge la dur\u00e9e de vie du produit.<\/em><\/p>\n<p>&nbsp;<\/p>\n<ul class=\"tablaTech\">\n<li>\n<div class=\"boxContents no-border\">\n<div class=\"name\"><strong>TAILLE<\/strong><\/div>\n<div class=\"data\">\u00f859,2 x 214,5 cm<\/div>\n<\/div>\n<\/li>\n<\/ul>\n<p><iframe title=\"YouTube video player\" src=\"https:\/\/www.youtube.com\/embed\/trrUEONaE50\" width=\"560\" height=\"315\" frameborder=\"0\" allowfullscreen=\"allowfullscreen\"><\/iframe>[\/vc_column_text][\/vc_column][\/vc_row][vc_row disable_element=&#8221;yes&#8221;][vc_column][vc_single_image image=&#8221;6566&#8243; img_size=&#8221;full&#8221;][\/vc_column][\/vc_row][vc_row][vc_column width=&#8221;1\/2&#8243;][vc_btn title=&#8221;Fiche technique&#8221; style=&#8221;custom&#8221; custom_background=&#8221;#009bc2&#8243; custom_text=&#8221;#ffffff&#8221; shape=&#8221;square&#8221; link=&#8221;url:https%3A%2F%2Fdrive.google.com%2Fdrive%2Ffolders%2F12mul4mhKMfj0amDcNNVE53F_SngVkbqZ||target:%20_blank|&#8221; el_class=&#8221;btn_descargar_ficha&#8221;][\/vc_column][vc_column width=&#8221;1\/2&#8243;][vc_btn title=&#8221;Manuel d&#8217;instrutions&#8221; style=&#8221;custom&#8221; custom_background=&#8221;#009bc2&#8243; custom_text=&#8221;#ffffff&#8221; shape=&#8221;square&#8221; link=&#8221;url:https%3A%2F%2Fnewgarden.es%2Finstrucciones%2F||target:%20_blank|&#8221; el_class=&#8221;btn_descargar_ficha&#8221;][\/vc_column][vc_column][\/vc_column][\/vc_row]<\/p>\n<\/section>","protected":false},"excerpt":{"rendered":"<h5 style=\"font-size: 12px;\"><strong>Lampadaire solaire Paquita<\/strong><\/h5>\n","protected":false},"featured_media":57865,"template":"","meta":[],"product_cat":[651,654,1564],"product_tag":[647],"class_list":{"0":"post-26515","1":"product","2":"type-product","3":"status-publish","4":"has-post-thumbnail","6":"product_cat-lightdeco-fr","7":"product_cat-lampadaire","8":"product_cat-lampadaire-et-appliques","9":"product_tag-cable-fr","11":"first","12":"instock","13":"taxable","14":"shipping-taxable","15":"purchasable","16":"product-type-variable"},"yoast_head":"<!-- This site is optimized with the Yoast SEO plugin v24.2 - https:\/\/yoast.com\/wordpress\/plugins\/seo\/ -->\n<title>LAMPADAIRE SOLAIRE PAQUITA EXT\u00c9RIEUR LED<\/title>\n<meta name=\"description\" content=\"Lampadaire solaire rechargeable avec d\u00e9tecteur de mouvement Paquita. Lampadaire d&#039;ext\u00e9rieur LED, de la collection Paquita, fabriqu\u00e9 par Newgarden.\" \/>\n<meta name=\"robots\" content=\"index, follow, max-snippet:-1, max-image-preview:large, max-video-preview:-1\" \/>\n<link rel=\"canonical\" href=\"https:\/\/newgarden.es\/fr\/shop\/lightdeco-fr\/lampadaire\/lampadaire-solaire-paquita\/\" \/>\n<meta property=\"og:locale\" content=\"fr_FR\" \/>\n<meta property=\"og:type\" content=\"article\" \/>\n<meta property=\"og:title\" content=\"LAMPADAIRE SOLAIRE PAQUITA EXT\u00c9RIEUR LED\" \/>\n<meta property=\"og:description\" content=\"Lampadaire solaire rechargeable avec d\u00e9tecteur de mouvement Paquita. Lampadaire d&#039;ext\u00e9rieur LED, de la collection Paquita, fabriqu\u00e9 par Newgarden.\" \/>\n<meta property=\"og:url\" content=\"https:\/\/newgarden.es\/fr\/shop\/lightdeco-fr\/lampadaire\/lampadaire-solaire-paquita\/\" \/>\n<meta property=\"og:site_name\" content=\"Newgarden\" \/>\n<meta property=\"article:modified_time\" content=\"2023-09-26T12:50:02+00:00\" \/>\n<meta property=\"og:image\" content=\"https:\/\/newgarden.es\/wp-content\/uploads\/2020\/02\/PAQUITA_FAROLA_1200X1200-1.jpg\" \/>\n\t<meta property=\"og:image:width\" content=\"1200\" \/>\n\t<meta property=\"og:image:height\" content=\"1200\" \/>\n\t<meta property=\"og:image:type\" content=\"image\/jpeg\" \/>\n<meta name=\"twitter:card\" content=\"summary_large_image\" \/>\n<meta name=\"twitter:label1\" content=\"Dur\u00e9e de lecture estim\u00e9e\" \/>\n\t<meta name=\"twitter:data1\" content=\"2 minutes\" \/>\n<script type=\"application\/ld+json\" class=\"yoast-schema-graph\">{\"@context\":\"https:\/\/schema.org\",\"@graph\":[{\"@type\":\"WebPage\",\"@id\":\"https:\/\/newgarden.es\/fr\/shop\/lightdeco-fr\/lampadaire\/lampadaire-solaire-paquita\/\",\"url\":\"https:\/\/newgarden.es\/fr\/shop\/lightdeco-fr\/lampadaire\/lampadaire-solaire-paquita\/\",\"name\":\"LAMPADAIRE SOLAIRE PAQUITA EXT\u00c9RIEUR LED\",\"isPartOf\":{\"@id\":\"https:\/\/newgarden.es\/#website\"},\"primaryImageOfPage\":{\"@id\":\"https:\/\/newgarden.es\/fr\/shop\/lightdeco-fr\/lampadaire\/lampadaire-solaire-paquita\/#primaryimage\"},\"image\":{\"@id\":\"https:\/\/newgarden.es\/fr\/shop\/lightdeco-fr\/lampadaire\/lampadaire-solaire-paquita\/#primaryimage\"},\"thumbnailUrl\":\"https:\/\/newgarden.es\/wp-content\/uploads\/2020\/02\/PAQUITA_FAROLA_1200X1200-1.jpg\",\"datePublished\":\"2020-02-26T08:25:42+00:00\",\"dateModified\":\"2023-09-26T12:50:02+00:00\",\"description\":\"Lampadaire solaire rechargeable avec d\u00e9tecteur de mouvement Paquita. Lampadaire d'ext\u00e9rieur LED, de la collection Paquita, fabriqu\u00e9 par Newgarden.\",\"breadcrumb\":{\"@id\":\"https:\/\/newgarden.es\/fr\/shop\/lightdeco-fr\/lampadaire\/lampadaire-solaire-paquita\/#breadcrumb\"},\"inLanguage\":\"fr-FR\",\"potentialAction\":[{\"@type\":\"ReadAction\",\"target\":[\"https:\/\/newgarden.es\/fr\/shop\/lightdeco-fr\/lampadaire\/lampadaire-solaire-paquita\/\"]}]},{\"@type\":\"ImageObject\",\"inLanguage\":\"fr-FR\",\"@id\":\"https:\/\/newgarden.es\/fr\/shop\/lightdeco-fr\/lampadaire\/lampadaire-solaire-paquita\/#primaryimage\",\"url\":\"https:\/\/newgarden.es\/wp-content\/uploads\/2020\/02\/PAQUITA_FAROLA_1200X1200-1.jpg\",\"contentUrl\":\"https:\/\/newgarden.es\/wp-content\/uploads\/2020\/02\/PAQUITA_FAROLA_1200X1200-1.jpg\",\"width\":1200,\"height\":1200},{\"@type\":\"BreadcrumbList\",\"@id\":\"https:\/\/newgarden.es\/fr\/shop\/lightdeco-fr\/lampadaire\/lampadaire-solaire-paquita\/#breadcrumb\",\"itemListElement\":[{\"@type\":\"ListItem\",\"position\":1,\"name\":\"Home\",\"item\":\"https:\/\/newgarden.es\/fr\/\"},{\"@type\":\"ListItem\",\"position\":2,\"name\":\"Boutique\",\"item\":\"https:\/\/newgarden.es\/fr\/boutique\/\"},{\"@type\":\"ListItem\",\"position\":3,\"name\":\"LAMPADAIRE SOLAIRE PAQUITA\"}]},{\"@type\":\"WebSite\",\"@id\":\"https:\/\/newgarden.es\/#website\",\"url\":\"https:\/\/newgarden.es\/\",\"name\":\"Newgarden\",\"description\":\"Be happy\",\"potentialAction\":[{\"@type\":\"SearchAction\",\"target\":{\"@type\":\"EntryPoint\",\"urlTemplate\":\"https:\/\/newgarden.es\/?s={search_term_string}\"},\"query-input\":{\"@type\":\"PropertyValueSpecification\",\"valueRequired\":true,\"valueName\":\"search_term_string\"}}],\"inLanguage\":\"fr-FR\"}]}<\/script>\n<!-- \/ Yoast SEO plugin. -->","yoast_head_json":{"title":"LAMPADAIRE SOLAIRE PAQUITA EXT\u00c9RIEUR LED","description":"Lampadaire solaire rechargeable avec d\u00e9tecteur de mouvement Paquita. Lampadaire d'ext\u00e9rieur LED, de la collection Paquita, fabriqu\u00e9 par Newgarden.","robots":{"index":"index","follow":"follow","max-snippet":"max-snippet:-1","max-image-preview":"max-image-preview:large","max-video-preview":"max-video-preview:-1"},"canonical":"https:\/\/newgarden.es\/fr\/shop\/lightdeco-fr\/lampadaire\/lampadaire-solaire-paquita\/","og_locale":"fr_FR","og_type":"article","og_title":"LAMPADAIRE SOLAIRE PAQUITA EXT\u00c9RIEUR LED","og_description":"Lampadaire solaire rechargeable avec d\u00e9tecteur de mouvement Paquita. Lampadaire d'ext\u00e9rieur LED, de la collection Paquita, fabriqu\u00e9 par Newgarden.","og_url":"https:\/\/newgarden.es\/fr\/shop\/lightdeco-fr\/lampadaire\/lampadaire-solaire-paquita\/","og_site_name":"Newgarden","article_modified_time":"2023-09-26T12:50:02+00:00","og_image":[{"width":1200,"height":1200,"url":"https:\/\/newgarden.es\/wp-content\/uploads\/2020\/02\/PAQUITA_FAROLA_1200X1200-1.jpg","type":"image\/jpeg"}],"twitter_card":"summary_large_image","twitter_misc":{"Dur\u00e9e de lecture estim\u00e9e":"2 minutes"},"schema":{"@context":"https:\/\/schema.org","@graph":[{"@type":"WebPage","@id":"https:\/\/newgarden.es\/fr\/shop\/lightdeco-fr\/lampadaire\/lampadaire-solaire-paquita\/","url":"https:\/\/newgarden.es\/fr\/shop\/lightdeco-fr\/lampadaire\/lampadaire-solaire-paquita\/","name":"LAMPADAIRE SOLAIRE PAQUITA EXT\u00c9RIEUR LED","isPartOf":{"@id":"https:\/\/newgarden.es\/#website"},"primaryImageOfPage":{"@id":"https:\/\/newgarden.es\/fr\/shop\/lightdeco-fr\/lampadaire\/lampadaire-solaire-paquita\/#primaryimage"},"image":{"@id":"https:\/\/newgarden.es\/fr\/shop\/lightdeco-fr\/lampadaire\/lampadaire-solaire-paquita\/#primaryimage"},"thumbnailUrl":"https:\/\/newgarden.es\/wp-content\/uploads\/2020\/02\/PAQUITA_FAROLA_1200X1200-1.jpg","datePublished":"2020-02-26T08:25:42+00:00","dateModified":"2023-09-26T12:50:02+00:00","description":"Lampadaire solaire rechargeable avec d\u00e9tecteur de mouvement Paquita. Lampadaire d'ext\u00e9rieur LED, de la collection Paquita, fabriqu\u00e9 par Newgarden.","breadcrumb":{"@id":"https:\/\/newgarden.es\/fr\/shop\/lightdeco-fr\/lampadaire\/lampadaire-solaire-paquita\/#breadcrumb"},"inLanguage":"fr-FR","potentialAction":[{"@type":"ReadAction","target":["https:\/\/newgarden.es\/fr\/shop\/lightdeco-fr\/lampadaire\/lampadaire-solaire-paquita\/"]}]},{"@type":"ImageObject","inLanguage":"fr-FR","@id":"https:\/\/newgarden.es\/fr\/shop\/lightdeco-fr\/lampadaire\/lampadaire-solaire-paquita\/#primaryimage","url":"https:\/\/newgarden.es\/wp-content\/uploads\/2020\/02\/PAQUITA_FAROLA_1200X1200-1.jpg","contentUrl":"https:\/\/newgarden.es\/wp-content\/uploads\/2020\/02\/PAQUITA_FAROLA_1200X1200-1.jpg","width":1200,"height":1200},{"@type":"BreadcrumbList","@id":"https:\/\/newgarden.es\/fr\/shop\/lightdeco-fr\/lampadaire\/lampadaire-solaire-paquita\/#breadcrumb","itemListElement":[{"@type":"ListItem","position":1,"name":"Home","item":"https:\/\/newgarden.es\/fr\/"},{"@type":"ListItem","position":2,"name":"Boutique","item":"https:\/\/newgarden.es\/fr\/boutique\/"},{"@type":"ListItem","position":3,"name":"LAMPADAIRE SOLAIRE PAQUITA"}]},{"@type":"WebSite","@id":"https:\/\/newgarden.es\/#website","url":"https:\/\/newgarden.es\/","name":"Newgarden","description":"Be happy","potentialAction":[{"@type":"SearchAction","target":{"@type":"EntryPoint","urlTemplate":"https:\/\/newgarden.es\/?s={search_term_string}"},"query-input":{"@type":"PropertyValueSpecification","valueRequired":true,"valueName":"search_term_string"}}],"inLanguage":"fr-FR"}]}},"df_price":287.6,"df_sale_price":"","df_regular_price":287.6,"df_image_link":"https:\/\/newgarden.es\/wp-content\/uploads\/2020\/02\/PAQUITA_FAROLA_1200X1200-1-580x400.jpg","_links":{"self":[{"href":"https:\/\/newgarden.es\/fr\/wp-json\/wp\/v2\/product\/26515"}],"collection":[{"href":"https:\/\/newgarden.es\/fr\/wp-json\/wp\/v2\/product"}],"about":[{"href":"https:\/\/newgarden.es\/fr\/wp-json\/wp\/v2\/types\/product"}],"wp:featuredmedia":[{"embeddable":true,"href":"https:\/\/newgarden.es\/fr\/wp-json\/wp\/v2\/media\/57865"}],"wp:attachment":[{"href":"https:\/\/newgarden.es\/fr\/wp-json\/wp\/v2\/media?parent=26515"}],"wp:term":[{"taxonomy":"product_cat","embeddable":true,"href":"https:\/\/newgarden.es\/fr\/wp-json\/wp\/v2\/product_cat?post=26515"},{"taxonomy":"product_tag","embeddable":true,"href":"https:\/\/newgarden.es\/fr\/wp-json\/wp\/v2\/product_tag?post=26515"}],"curies":[{"name":"wp","href":"https:\/\/api.w.org\/{rel}","templated":true}]}}