{"id":26611,"date":"2020-02-26T10:45:33","date_gmt":"2020-02-26T09:45:34","guid":{"rendered":"https:\/\/newgarden.es\/?post_type=product&#038;p=26611"},"modified":"2022-01-05T12:41:41","modified_gmt":"2022-01-05T11:41:41","slug":"lampe-murale-solaire-paquita-wall","status":"publish","type":"product","link":"https:\/\/newgarden.es\/fr\/shop\/lightdeco-fr\/appliques\/lampe-murale-solaire-paquita-wall\/","title":{"rendered":"APPLIQUE MURALE PAQUITA WALL"},"content":{"rendered":"<section class=\"wpb-content-wrapper\"><p>[vc_row][vc_column el_class=\u00a0\u00bbdescripcion_producto\u00a0\u00bb][vc_column_text]<\/p>\n<p>APPLIQUE MURALE D&rsquo;EXT\u00c9RIEUR\u00a0SOLAIRE RECHARGEABLE AVEC D\u00c9TECTEUR DE MOUVEMENT PAQUITA WALL:<\/p>\n<p>La s\u00e9rie\u00a0<strong>Paquita Family<\/strong>\u00a0est l&rsquo;une\u00a0de nos collections\u00a0la plus remarquable de\u00a0<span style=\"text-decoration: underline;\">Newgarden<\/span>\u00a0de part son design \u00e9l\u00e9gant et sa fonctionnalit\u00e9.<\/p>\n<p><strong>Paquita Wall<\/strong> se combine dans n&rsquo;importe quel espace sans modifier l&rsquo;esth\u00e9tique g\u00e9n\u00e9ral du lieu. Parfaite pour \u00e9clairer n&rsquo;importe quel coin ext\u00e9rieur, jardin, terrasse ou entreprise car elle fonctionne par charge solaire. Combinez-la avec les autres produits de sa famille: <strong>Paquita Farola<\/strong>\u00a0et\u00a0<strong>Paquita Wall<\/strong>\u00a0pour cr\u00e9er des environnements uniques.<\/p>\n<p>L&rsquo;installation de\u00a0<strong>Paquita Wall<\/strong>\u00a0est vraiment simple car elle ne n\u00e9cessite pas d&rsquo;installation \u00e9lectrique, elle dispose \u00e9galement d&rsquo;un \u00e9clairage \u00e0 d\u00e9tecteur de mouvement, d&rsquo;un mode cr\u00e9pusculaire et d&rsquo;une t\u00e9l\u00e9commande qui font de ce mod\u00e8le un must dans la gamme des appliques murales.<\/p>\n<p>L&rsquo;applique\u00a0<strong>Paquita\u00a0<\/strong>dispose d&rsquo;une autonomie :<br \/>\n&#8211; En mode manuel : 8h<br \/>\n&#8211; En mode nuit : 8h<br \/>\n&#8211; En mode Eco : 8h-50h<br \/>\nLED : 8.5W\u00a0(int\u00e9gr\u00e9e et irrempla\u00e7able) &#8211; 4000\u00b0K (blanc froid) &#8211; 1200 lumens \/ 120 lumens pour le mode cr\u00e9pusculaire (plus il y a de lumens, plus l&rsquo;\u00e9clairage est important)<\/p>\n<p><em>Les produits Newgarden sont l\u00e9gers et tr\u00e8s r\u00e9sistants aux temp\u00e9ratures extr\u00eames. Ils sont \u00e9galement r\u00e9sistants aux rayons UV, ce qui rend la dur\u00e9e de vie du produit extraordinairement longue.<\/em><\/p>\n<ul class=\"tablaTech\">\n<li>\n<div class=\"boxContents no-border\">\n<div class=\"name\"><strong>TAILLE<\/strong><\/div>\n<div class=\"data\">34,6 x 29 x 31,7 cm<\/div>\n<\/div>\n<\/li>\n<\/ul>\n<p>&nbsp;<\/p>\n<p><iframe title=\"YouTube video player\" src=\"https:\/\/www.youtube.com\/embed\/EEbo_9hmIxM\" width=\"560\" height=\"315\" frameborder=\"0\" allowfullscreen=\"allowfullscreen\"><\/iframe><\/p>\n<p>[\/vc_column_text][\/vc_column][\/vc_row][vc_row disable_element=\u00a0\u00bbyes\u00a0\u00bb][vc_column][vc_single_image image=\u00a0\u00bb6566&Prime; img_size=\u00a0\u00bbfull\u00a0\u00bb][\/vc_column][\/vc_row][vc_row][vc_column width=\u00a0\u00bb1\/2&Prime;][vc_btn title=\u00a0\u00bbFiche technique\u00a0\u00bb style=\u00a0\u00bbcustom\u00a0\u00bb custom_background=\u00a0\u00bb#009bc2&Prime; custom_text=\u00a0\u00bb#ffffff\u00a0\u00bb shape=\u00a0\u00bbsquare\u00a0\u00bb link=\u00a0\u00bburl:https%3A%2F%2Fnewgarden.es%2Fwp-content%2Fuploads%2F2017%2F08%2FLolaSlim.pdf|target:%20_blank|\u00a0\u00bb el_class=\u00a0\u00bbbtn_descargar_ficha\u00a0\u00bb][\/vc_column][vc_column width=\u00a0\u00bb1\/2&Prime;][vc_btn title=\u00a0\u00bbManuel d&rsquo;instrutions\u00a0\u00bb style=\u00a0\u00bbcustom\u00a0\u00bb custom_background=\u00a0\u00bb#009bc2&Prime; custom_text=\u00a0\u00bb#ffffff\u00a0\u00bb shape=\u00a0\u00bbsquare\u00a0\u00bb link=\u00a0\u00bburl:https%3A%2F%2Fnewgarden.es%2Finstrucciones%2F||target:%20_blank|\u00a0\u00bb el_class=\u00a0\u00bbbtn_descargar_ficha\u00a0\u00bb][\/vc_column][\/vc_row]<\/p>\n<\/section>","protected":false},"excerpt":{"rendered":"<h1 style=\"font-size: 12px;\">Applique murale d&rsquo;ext\u00e9rieur solaire rechargeable avec d\u00e9tecteur de mouvement Paquita Wall<\/h1>\n","protected":false},"featured_media":56961,"template":"","meta":[],"product_cat":[651,757],"product_tag":[647],"class_list":{"0":"post-26611","1":"product","2":"type-product","3":"status-publish","4":"has-post-thumbnail","6":"product_cat-lightdeco-fr","7":"product_cat-appliques","8":"product_tag-cable-fr","10":"first","11":"instock","12":"taxable","13":"shipping-taxable","14":"purchasable","15":"product-type-variable"},"yoast_head":"<!-- This site is optimized with the Yoast SEO plugin v24.2 - https:\/\/yoast.com\/wordpress\/plugins\/seo\/ -->\n<title>APPLIQUE MURALE PAQUITA WALL EXT\u00c9RIEUR<\/title>\n<meta name=\"description\" content=\"La s\u00e9rie Paquita Family est l&#039;une de nos collections la plus remarquable de Newgarden de part son design \u00e9l\u00e9gant et sa fonctionnalit\u00e9.Paquita Wall se\" \/>\n<meta name=\"robots\" content=\"index, follow, max-snippet:-1, max-image-preview:large, max-video-preview:-1\" \/>\n<link rel=\"canonical\" href=\"https:\/\/newgarden.es\/fr\/shop\/lightdeco-fr\/appliques\/lampe-murale-solaire-paquita-wall\/\" \/>\n<meta property=\"og:locale\" content=\"fr_FR\" \/>\n<meta property=\"og:type\" content=\"article\" \/>\n<meta property=\"og:title\" content=\"APPLIQUE MURALE PAQUITA WALL EXT\u00c9RIEUR\" \/>\n<meta property=\"og:description\" content=\"La s\u00e9rie Paquita Family est l&#039;une de nos collections la plus remarquable de Newgarden de part son design \u00e9l\u00e9gant et sa fonctionnalit\u00e9.Paquita Wall se\" \/>\n<meta property=\"og:url\" content=\"https:\/\/newgarden.es\/fr\/shop\/lightdeco-fr\/appliques\/lampe-murale-solaire-paquita-wall\/\" \/>\n<meta property=\"og:site_name\" content=\"Newgarden\" \/>\n<meta property=\"article:modified_time\" content=\"2022-01-05T11:41:41+00:00\" \/>\n<meta property=\"og:image\" content=\"https:\/\/newgarden.es\/wp-content\/uploads\/2020\/02\/PAQUITA_WALL_1200X1200-1.jpg\" \/>\n\t<meta property=\"og:image:width\" content=\"1200\" \/>\n\t<meta property=\"og:image:height\" content=\"1200\" \/>\n\t<meta property=\"og:image:type\" content=\"image\/jpeg\" \/>\n<meta name=\"twitter:card\" content=\"summary_large_image\" \/>\n<meta name=\"twitter:label1\" content=\"Dur\u00e9e de lecture estim\u00e9e\" \/>\n\t<meta name=\"twitter:data1\" content=\"2 minutes\" \/>\n<script type=\"application\/ld+json\" class=\"yoast-schema-graph\">{\"@context\":\"https:\/\/schema.org\",\"@graph\":[{\"@type\":\"WebPage\",\"@id\":\"https:\/\/newgarden.es\/fr\/shop\/lightdeco-fr\/appliques\/lampe-murale-solaire-paquita-wall\/\",\"url\":\"https:\/\/newgarden.es\/fr\/shop\/lightdeco-fr\/appliques\/lampe-murale-solaire-paquita-wall\/\",\"name\":\"APPLIQUE MURALE PAQUITA WALL EXT\u00c9RIEUR\",\"isPartOf\":{\"@id\":\"https:\/\/newgarden.es\/#website\"},\"primaryImageOfPage\":{\"@id\":\"https:\/\/newgarden.es\/fr\/shop\/lightdeco-fr\/appliques\/lampe-murale-solaire-paquita-wall\/#primaryimage\"},\"image\":{\"@id\":\"https:\/\/newgarden.es\/fr\/shop\/lightdeco-fr\/appliques\/lampe-murale-solaire-paquita-wall\/#primaryimage\"},\"thumbnailUrl\":\"https:\/\/newgarden.es\/wp-content\/uploads\/2020\/02\/PAQUITA_WALL_1200X1200-1.jpg\",\"datePublished\":\"2020-02-26T09:45:34+00:00\",\"dateModified\":\"2022-01-05T11:41:41+00:00\",\"description\":\"La s\u00e9rie Paquita Family est l'une de nos collections la plus remarquable de Newgarden de part son design \u00e9l\u00e9gant et sa fonctionnalit\u00e9.Paquita Wall se\",\"breadcrumb\":{\"@id\":\"https:\/\/newgarden.es\/fr\/shop\/lightdeco-fr\/appliques\/lampe-murale-solaire-paquita-wall\/#breadcrumb\"},\"inLanguage\":\"fr-FR\",\"potentialAction\":[{\"@type\":\"ReadAction\",\"target\":[\"https:\/\/newgarden.es\/fr\/shop\/lightdeco-fr\/appliques\/lampe-murale-solaire-paquita-wall\/\"]}]},{\"@type\":\"ImageObject\",\"inLanguage\":\"fr-FR\",\"@id\":\"https:\/\/newgarden.es\/fr\/shop\/lightdeco-fr\/appliques\/lampe-murale-solaire-paquita-wall\/#primaryimage\",\"url\":\"https:\/\/newgarden.es\/wp-content\/uploads\/2020\/02\/PAQUITA_WALL_1200X1200-1.jpg\",\"contentUrl\":\"https:\/\/newgarden.es\/wp-content\/uploads\/2020\/02\/PAQUITA_WALL_1200X1200-1.jpg\",\"width\":1200,\"height\":1200},{\"@type\":\"BreadcrumbList\",\"@id\":\"https:\/\/newgarden.es\/fr\/shop\/lightdeco-fr\/appliques\/lampe-murale-solaire-paquita-wall\/#breadcrumb\",\"itemListElement\":[{\"@type\":\"ListItem\",\"position\":1,\"name\":\"Home\",\"item\":\"https:\/\/newgarden.es\/fr\/\"},{\"@type\":\"ListItem\",\"position\":2,\"name\":\"Boutique\",\"item\":\"https:\/\/newgarden.es\/fr\/boutique\/\"},{\"@type\":\"ListItem\",\"position\":3,\"name\":\"APPLIQUE MURALE PAQUITA WALL\"}]},{\"@type\":\"WebSite\",\"@id\":\"https:\/\/newgarden.es\/#website\",\"url\":\"https:\/\/newgarden.es\/\",\"name\":\"Newgarden\",\"description\":\"Be happy\",\"potentialAction\":[{\"@type\":\"SearchAction\",\"target\":{\"@type\":\"EntryPoint\",\"urlTemplate\":\"https:\/\/newgarden.es\/?s={search_term_string}\"},\"query-input\":{\"@type\":\"PropertyValueSpecification\",\"valueRequired\":true,\"valueName\":\"search_term_string\"}}],\"inLanguage\":\"fr-FR\"}]}<\/script>\n<!-- \/ Yoast SEO plugin. -->","yoast_head_json":{"title":"APPLIQUE MURALE PAQUITA WALL EXT\u00c9RIEUR","description":"La s\u00e9rie Paquita Family est l'une de nos collections la plus remarquable de Newgarden de part son design \u00e9l\u00e9gant et sa fonctionnalit\u00e9.Paquita Wall se","robots":{"index":"index","follow":"follow","max-snippet":"max-snippet:-1","max-image-preview":"max-image-preview:large","max-video-preview":"max-video-preview:-1"},"canonical":"https:\/\/newgarden.es\/fr\/shop\/lightdeco-fr\/appliques\/lampe-murale-solaire-paquita-wall\/","og_locale":"fr_FR","og_type":"article","og_title":"APPLIQUE MURALE PAQUITA WALL EXT\u00c9RIEUR","og_description":"La s\u00e9rie Paquita Family est l'une de nos collections la plus remarquable de Newgarden de part son design \u00e9l\u00e9gant et sa fonctionnalit\u00e9.Paquita Wall se","og_url":"https:\/\/newgarden.es\/fr\/shop\/lightdeco-fr\/appliques\/lampe-murale-solaire-paquita-wall\/","og_site_name":"Newgarden","article_modified_time":"2022-01-05T11:41:41+00:00","og_image":[{"width":1200,"height":1200,"url":"https:\/\/newgarden.es\/wp-content\/uploads\/2020\/02\/PAQUITA_WALL_1200X1200-1.jpg","type":"image\/jpeg"}],"twitter_card":"summary_large_image","twitter_misc":{"Dur\u00e9e de lecture estim\u00e9e":"2 minutes"},"schema":{"@context":"https:\/\/schema.org","@graph":[{"@type":"WebPage","@id":"https:\/\/newgarden.es\/fr\/shop\/lightdeco-fr\/appliques\/lampe-murale-solaire-paquita-wall\/","url":"https:\/\/newgarden.es\/fr\/shop\/lightdeco-fr\/appliques\/lampe-murale-solaire-paquita-wall\/","name":"APPLIQUE MURALE PAQUITA WALL EXT\u00c9RIEUR","isPartOf":{"@id":"https:\/\/newgarden.es\/#website"},"primaryImageOfPage":{"@id":"https:\/\/newgarden.es\/fr\/shop\/lightdeco-fr\/appliques\/lampe-murale-solaire-paquita-wall\/#primaryimage"},"image":{"@id":"https:\/\/newgarden.es\/fr\/shop\/lightdeco-fr\/appliques\/lampe-murale-solaire-paquita-wall\/#primaryimage"},"thumbnailUrl":"https:\/\/newgarden.es\/wp-content\/uploads\/2020\/02\/PAQUITA_WALL_1200X1200-1.jpg","datePublished":"2020-02-26T09:45:34+00:00","dateModified":"2022-01-05T11:41:41+00:00","description":"La s\u00e9rie Paquita Family est l'une de nos collections la plus remarquable de Newgarden de part son design \u00e9l\u00e9gant et sa fonctionnalit\u00e9.Paquita Wall se","breadcrumb":{"@id":"https:\/\/newgarden.es\/fr\/shop\/lightdeco-fr\/appliques\/lampe-murale-solaire-paquita-wall\/#breadcrumb"},"inLanguage":"fr-FR","potentialAction":[{"@type":"ReadAction","target":["https:\/\/newgarden.es\/fr\/shop\/lightdeco-fr\/appliques\/lampe-murale-solaire-paquita-wall\/"]}]},{"@type":"ImageObject","inLanguage":"fr-FR","@id":"https:\/\/newgarden.es\/fr\/shop\/lightdeco-fr\/appliques\/lampe-murale-solaire-paquita-wall\/#primaryimage","url":"https:\/\/newgarden.es\/wp-content\/uploads\/2020\/02\/PAQUITA_WALL_1200X1200-1.jpg","contentUrl":"https:\/\/newgarden.es\/wp-content\/uploads\/2020\/02\/PAQUITA_WALL_1200X1200-1.jpg","width":1200,"height":1200},{"@type":"BreadcrumbList","@id":"https:\/\/newgarden.es\/fr\/shop\/lightdeco-fr\/appliques\/lampe-murale-solaire-paquita-wall\/#breadcrumb","itemListElement":[{"@type":"ListItem","position":1,"name":"Home","item":"https:\/\/newgarden.es\/fr\/"},{"@type":"ListItem","position":2,"name":"Boutique","item":"https:\/\/newgarden.es\/fr\/boutique\/"},{"@type":"ListItem","position":3,"name":"APPLIQUE MURALE PAQUITA WALL"}]},{"@type":"WebSite","@id":"https:\/\/newgarden.es\/#website","url":"https:\/\/newgarden.es\/","name":"Newgarden","description":"Be happy","potentialAction":[{"@type":"SearchAction","target":{"@type":"EntryPoint","urlTemplate":"https:\/\/newgarden.es\/?s={search_term_string}"},"query-input":{"@type":"PropertyValueSpecification","valueRequired":true,"valueName":"search_term_string"}}],"inLanguage":"fr-FR"}]}},"df_price":85.5,"df_sale_price":"","df_regular_price":85.5,"df_image_link":"https:\/\/newgarden.es\/wp-content\/uploads\/2020\/02\/PAQUITA_WALL_1200X1200-1-580x400.jpg","_links":{"self":[{"href":"https:\/\/newgarden.es\/fr\/wp-json\/wp\/v2\/product\/26611"}],"collection":[{"href":"https:\/\/newgarden.es\/fr\/wp-json\/wp\/v2\/product"}],"about":[{"href":"https:\/\/newgarden.es\/fr\/wp-json\/wp\/v2\/types\/product"}],"wp:featuredmedia":[{"embeddable":true,"href":"https:\/\/newgarden.es\/fr\/wp-json\/wp\/v2\/media\/56961"}],"wp:attachment":[{"href":"https:\/\/newgarden.es\/fr\/wp-json\/wp\/v2\/media?parent=26611"}],"wp:term":[{"taxonomy":"product_cat","embeddable":true,"href":"https:\/\/newgarden.es\/fr\/wp-json\/wp\/v2\/product_cat?post=26611"},{"taxonomy":"product_tag","embeddable":true,"href":"https:\/\/newgarden.es\/fr\/wp-json\/wp\/v2\/product_tag?post=26611"}],"curies":[{"name":"wp","href":"https:\/\/api.w.org\/{rel}","templated":true}]}}