{"id":26736,"date":"2020-03-06T16:48:50","date_gmt":"2020-03-06T15:48:55","guid":{"rendered":"https:\/\/newgarden.es\/?post_type=product&#038;p=26736"},"modified":"2023-04-12T10:31:32","modified_gmt":"2023-04-12T08:31:32","slug":"lola-slim-copia-copia","status":"publish","type":"product","link":"https:\/\/newgarden.es\/fr\/shop\/lightdeco-fr\/lampe-a-cote\/lola-slim-copia-copia\/","title":{"rendered":"LAMPE DE TABLE LOLA SLIM 30"},"content":{"rendered":"<section class=\"wpb-content-wrapper\"><p>[vc_row][vc_column el_class=&#8221;descripcion_producto&#8221;][vc_column_text]LAMPE DE TABLE\u00a0<strong>LOLA SLIM 30<\/strong><\/p>\n<p>La lampe de table <strong>Lola Slim 30<\/strong>\u00a0est\u00a0LE\u00a0produit le plus vendu de toutes les collections confondues\u00a0<span style=\"text-decoration: underline;\">Newgarden<\/span>.\u00a0Son design moderne et sa facilit\u00e9 d&#8217;utilisation ont conquis l&#8217;Europe.\u00a0<strong>Lola slim 30<\/strong>\u00a0est \u00e9l\u00e9gante mais aussi tendance. Elle sera parfaite pour\u00a0illuminer les recoins\u00a0de votre maison, en tant que lampe de table, lampe de chevet ou m\u00eame pos\u00e9e sur un bar ou une table en terrasse.<br \/>\nC&#8217;est le mod\u00e8le chouchou des restaurants\/bars\/h\u00f4tels, car elle est disponible en 7 coloris, et s&#8217;adapte donc \u00e0 diff\u00e9rents styles de d\u00e9corations.<\/p>\n<p><span style=\"color: #808080;\"><strong>Coloris: Rose gold &#8211; Laiton &#8211; Gris spatial &#8211; Anthracite &#8211; Vert citron &#8211; Menthe &#8211; Blanc<\/strong><\/span><\/p>\n<p>Allumez-la d&#8217;un effleurement gr\u00e2ce \u00e0 sa touche tactile, et laisser le doigt pos\u00e9 sur cette touche pour\u00a0r\u00e9gler\u00a0son intensit\u00e9 de lumi\u00e8re. Cette lampe est int\u00e9gr\u00e9e d&#8217;une lumi\u00e8re led blanche.<\/p>\n<p><strong>Lola slim 30<\/strong>\u00a0existe seulement en version batterie rechargeable, inclus le chargeur\u00a0usb.<\/p>\n<p><em>Tous les produits Newgarden sont fabriqu\u00e9s en poly\u00e9thyl\u00e8ne, ils sont donc l\u00e9gers et tr\u00e8s r\u00e9sistants aux temp\u00e9ratures extr\u00eames. Ils sont \u00e9galement r\u00e9sistants aux rayons UV, ce qui rend la dur\u00e9e de vie du produit extraordinairement longue.<\/em><\/p>\n<ul class=\"tablaTech\">\n<li>\n<div class=\"boxContents no-border\">\n<div class=\"name\"><strong>TAILLE<\/strong><\/div>\n<div class=\"data\">\u00f811 x 32 cm<\/div>\n<\/div>\n<\/li>\n<\/ul>\n<p>[\/vc_column_text][vc_video link=&#8221;https:\/\/youtu.be\/dJDf5y-p5kc&#8221;][\/vc_column][\/vc_row][vc_row disable_element=&#8221;yes&#8221;][vc_column][vc_single_image image=&#8221;6566&#8243; img_size=&#8221;full&#8221;][\/vc_column][\/vc_row][vc_row][vc_column width=&#8221;1\/2&#8243;][vc_btn title=&#8221;Fiche technique&#8221; style=&#8221;custom&#8221; custom_background=&#8221;#009bc2&#8243; custom_text=&#8221;#ffffff&#8221; shape=&#8221;square&#8221; link=&#8221;url:https%3A%2F%2Fnewgarden.es%2Fwp-content%2Fuploads%2F2020%2F02%2FFicha-Tecnica-Lola-Slim-120-SolarBattery-2.pdf|target:%20_blank|&#8221; el_class=&#8221;btn_descargar_ficha&#8221;][\/vc_column][vc_column width=&#8221;1\/2&#8243;][vc_btn title=&#8221;Manuel d&#8217;instrutions&#8221; style=&#8221;custom&#8221; custom_background=&#8221;#009bc2&#8243; custom_text=&#8221;#ffffff&#8221; shape=&#8221;square&#8221; link=&#8221;url:https%3A%2F%2Fnewgarden.es%2Ffr%2F%3Fpage_id%3D25150|target:%20_blank|&#8221; el_class=&#8221;btn_descargar_ficha&#8221;][\/vc_column][\/vc_row]<\/p>\n<\/section>","protected":false},"excerpt":{"rendered":"<h1 style=\"font-size: 12px;\">Lampe de table Lola Slim 30<\/h1>\n","protected":false},"featured_media":61266,"template":"","meta":[],"product_cat":[1695,651,652,1590],"product_tag":[],"class_list":{"0":"post-26736","1":"product","2":"type-product","3":"status-publish","4":"has-post-thumbnail","6":"product_cat-productos-fr","7":"product_cat-lightdeco-fr","8":"product_cat-lampe-a-cote","9":"product_cat-interieur-fr","11":"first","12":"instock","13":"taxable","14":"shipping-taxable","15":"purchasable","16":"product-type-variable"},"yoast_head":"<!-- This site is optimized with the Yoast SEO plugin v24.2 - https:\/\/yoast.com\/wordpress\/plugins\/seo\/ -->\n<title>LAMPE DE TABLE LOLA SLIM 30 NEWGARDEN DECO<\/title>\n<meta name=\"description\" content=\"LAMPE DE TABLE LOLA SLIM 30Lampe de table Lola Slim 30 est LE produit le plus vendu de toutes les collections confondues Newgarden. Son design moderne et sa\" \/>\n<meta name=\"robots\" content=\"index, follow, max-snippet:-1, max-image-preview:large, max-video-preview:-1\" \/>\n<link rel=\"canonical\" href=\"https:\/\/newgarden.es\/fr\/shop\/lightdeco-fr\/lampe-a-cote\/lola-slim-copia-copia\/\" \/>\n<meta property=\"og:locale\" content=\"fr_FR\" \/>\n<meta property=\"og:type\" content=\"article\" \/>\n<meta property=\"og:title\" content=\"LAMPE DE TABLE LOLA SLIM 30 NEWGARDEN DECO\" \/>\n<meta property=\"og:description\" content=\"LAMPE DE TABLE LOLA SLIM 30Lampe de table Lola Slim 30 est LE produit le plus vendu de toutes les collections confondues Newgarden. Son design moderne et sa\" \/>\n<meta property=\"og:url\" content=\"https:\/\/newgarden.es\/fr\/shop\/lightdeco-fr\/lampe-a-cote\/lola-slim-copia-copia\/\" \/>\n<meta property=\"og:site_name\" content=\"Newgarden\" \/>\n<meta property=\"article:modified_time\" content=\"2023-04-12T08:31:32+00:00\" \/>\n<meta property=\"og:image\" content=\"https:\/\/newgarden.es\/wp-content\/uploads\/2020\/03\/LOLA_SLIM_30_BATTERY_1200X1200-38.jpg\" \/>\n\t<meta property=\"og:image:width\" content=\"1200\" \/>\n\t<meta property=\"og:image:height\" content=\"1200\" \/>\n\t<meta property=\"og:image:type\" content=\"image\/jpeg\" \/>\n<meta name=\"twitter:card\" content=\"summary_large_image\" \/>\n<meta name=\"twitter:label1\" content=\"Dur\u00e9e de lecture estim\u00e9e\" \/>\n\t<meta name=\"twitter:data1\" content=\"2 minutes\" \/>\n<script type=\"application\/ld+json\" class=\"yoast-schema-graph\">{\"@context\":\"https:\/\/schema.org\",\"@graph\":[{\"@type\":\"WebPage\",\"@id\":\"https:\/\/newgarden.es\/fr\/shop\/lightdeco-fr\/lampe-a-cote\/lola-slim-copia-copia\/\",\"url\":\"https:\/\/newgarden.es\/fr\/shop\/lightdeco-fr\/lampe-a-cote\/lola-slim-copia-copia\/\",\"name\":\"LAMPE DE TABLE LOLA SLIM 30 NEWGARDEN DECO\",\"isPartOf\":{\"@id\":\"https:\/\/newgarden.es\/#website\"},\"primaryImageOfPage\":{\"@id\":\"https:\/\/newgarden.es\/fr\/shop\/lightdeco-fr\/lampe-a-cote\/lola-slim-copia-copia\/#primaryimage\"},\"image\":{\"@id\":\"https:\/\/newgarden.es\/fr\/shop\/lightdeco-fr\/lampe-a-cote\/lola-slim-copia-copia\/#primaryimage\"},\"thumbnailUrl\":\"https:\/\/newgarden.es\/wp-content\/uploads\/2020\/03\/LOLA_SLIM_30_BATTERY_1200X1200-38.jpg\",\"datePublished\":\"2020-03-06T15:48:55+00:00\",\"dateModified\":\"2023-04-12T08:31:32+00:00\",\"description\":\"LAMPE DE TABLE LOLA SLIM 30Lampe de table Lola Slim 30 est LE produit le plus vendu de toutes les collections confondues Newgarden. Son design moderne et sa\",\"breadcrumb\":{\"@id\":\"https:\/\/newgarden.es\/fr\/shop\/lightdeco-fr\/lampe-a-cote\/lola-slim-copia-copia\/#breadcrumb\"},\"inLanguage\":\"fr-FR\",\"potentialAction\":[{\"@type\":\"ReadAction\",\"target\":[\"https:\/\/newgarden.es\/fr\/shop\/lightdeco-fr\/lampe-a-cote\/lola-slim-copia-copia\/\"]}]},{\"@type\":\"ImageObject\",\"inLanguage\":\"fr-FR\",\"@id\":\"https:\/\/newgarden.es\/fr\/shop\/lightdeco-fr\/lampe-a-cote\/lola-slim-copia-copia\/#primaryimage\",\"url\":\"https:\/\/newgarden.es\/wp-content\/uploads\/2020\/03\/LOLA_SLIM_30_BATTERY_1200X1200-38.jpg\",\"contentUrl\":\"https:\/\/newgarden.es\/wp-content\/uploads\/2020\/03\/LOLA_SLIM_30_BATTERY_1200X1200-38.jpg\",\"width\":1200,\"height\":1200},{\"@type\":\"BreadcrumbList\",\"@id\":\"https:\/\/newgarden.es\/fr\/shop\/lightdeco-fr\/lampe-a-cote\/lola-slim-copia-copia\/#breadcrumb\",\"itemListElement\":[{\"@type\":\"ListItem\",\"position\":1,\"name\":\"Home\",\"item\":\"https:\/\/newgarden.es\/fr\/\"},{\"@type\":\"ListItem\",\"position\":2,\"name\":\"Boutique\",\"item\":\"https:\/\/newgarden.es\/fr\/boutique\/\"},{\"@type\":\"ListItem\",\"position\":3,\"name\":\"LAMPE DE TABLE LOLA SLIM 30\"}]},{\"@type\":\"WebSite\",\"@id\":\"https:\/\/newgarden.es\/#website\",\"url\":\"https:\/\/newgarden.es\/\",\"name\":\"Newgarden\",\"description\":\"Be happy\",\"potentialAction\":[{\"@type\":\"SearchAction\",\"target\":{\"@type\":\"EntryPoint\",\"urlTemplate\":\"https:\/\/newgarden.es\/?s={search_term_string}\"},\"query-input\":{\"@type\":\"PropertyValueSpecification\",\"valueRequired\":true,\"valueName\":\"search_term_string\"}}],\"inLanguage\":\"fr-FR\"}]}<\/script>\n<!-- \/ Yoast SEO plugin. -->","yoast_head_json":{"title":"LAMPE DE TABLE LOLA SLIM 30 NEWGARDEN DECO","description":"LAMPE DE TABLE LOLA SLIM 30Lampe de table Lola Slim 30 est LE produit le plus vendu de toutes les collections confondues Newgarden. Son design moderne et sa","robots":{"index":"index","follow":"follow","max-snippet":"max-snippet:-1","max-image-preview":"max-image-preview:large","max-video-preview":"max-video-preview:-1"},"canonical":"https:\/\/newgarden.es\/fr\/shop\/lightdeco-fr\/lampe-a-cote\/lola-slim-copia-copia\/","og_locale":"fr_FR","og_type":"article","og_title":"LAMPE DE TABLE LOLA SLIM 30 NEWGARDEN DECO","og_description":"LAMPE DE TABLE LOLA SLIM 30Lampe de table Lola Slim 30 est LE produit le plus vendu de toutes les collections confondues Newgarden. Son design moderne et sa","og_url":"https:\/\/newgarden.es\/fr\/shop\/lightdeco-fr\/lampe-a-cote\/lola-slim-copia-copia\/","og_site_name":"Newgarden","article_modified_time":"2023-04-12T08:31:32+00:00","og_image":[{"width":1200,"height":1200,"url":"https:\/\/newgarden.es\/wp-content\/uploads\/2020\/03\/LOLA_SLIM_30_BATTERY_1200X1200-38.jpg","type":"image\/jpeg"}],"twitter_card":"summary_large_image","twitter_misc":{"Dur\u00e9e de lecture estim\u00e9e":"2 minutes"},"schema":{"@context":"https:\/\/schema.org","@graph":[{"@type":"WebPage","@id":"https:\/\/newgarden.es\/fr\/shop\/lightdeco-fr\/lampe-a-cote\/lola-slim-copia-copia\/","url":"https:\/\/newgarden.es\/fr\/shop\/lightdeco-fr\/lampe-a-cote\/lola-slim-copia-copia\/","name":"LAMPE DE TABLE LOLA SLIM 30 NEWGARDEN DECO","isPartOf":{"@id":"https:\/\/newgarden.es\/#website"},"primaryImageOfPage":{"@id":"https:\/\/newgarden.es\/fr\/shop\/lightdeco-fr\/lampe-a-cote\/lola-slim-copia-copia\/#primaryimage"},"image":{"@id":"https:\/\/newgarden.es\/fr\/shop\/lightdeco-fr\/lampe-a-cote\/lola-slim-copia-copia\/#primaryimage"},"thumbnailUrl":"https:\/\/newgarden.es\/wp-content\/uploads\/2020\/03\/LOLA_SLIM_30_BATTERY_1200X1200-38.jpg","datePublished":"2020-03-06T15:48:55+00:00","dateModified":"2023-04-12T08:31:32+00:00","description":"LAMPE DE TABLE LOLA SLIM 30Lampe de table Lola Slim 30 est LE produit le plus vendu de toutes les collections confondues Newgarden. Son design moderne et sa","breadcrumb":{"@id":"https:\/\/newgarden.es\/fr\/shop\/lightdeco-fr\/lampe-a-cote\/lola-slim-copia-copia\/#breadcrumb"},"inLanguage":"fr-FR","potentialAction":[{"@type":"ReadAction","target":["https:\/\/newgarden.es\/fr\/shop\/lightdeco-fr\/lampe-a-cote\/lola-slim-copia-copia\/"]}]},{"@type":"ImageObject","inLanguage":"fr-FR","@id":"https:\/\/newgarden.es\/fr\/shop\/lightdeco-fr\/lampe-a-cote\/lola-slim-copia-copia\/#primaryimage","url":"https:\/\/newgarden.es\/wp-content\/uploads\/2020\/03\/LOLA_SLIM_30_BATTERY_1200X1200-38.jpg","contentUrl":"https:\/\/newgarden.es\/wp-content\/uploads\/2020\/03\/LOLA_SLIM_30_BATTERY_1200X1200-38.jpg","width":1200,"height":1200},{"@type":"BreadcrumbList","@id":"https:\/\/newgarden.es\/fr\/shop\/lightdeco-fr\/lampe-a-cote\/lola-slim-copia-copia\/#breadcrumb","itemListElement":[{"@type":"ListItem","position":1,"name":"Home","item":"https:\/\/newgarden.es\/fr\/"},{"@type":"ListItem","position":2,"name":"Boutique","item":"https:\/\/newgarden.es\/fr\/boutique\/"},{"@type":"ListItem","position":3,"name":"LAMPE DE TABLE LOLA SLIM 30"}]},{"@type":"WebSite","@id":"https:\/\/newgarden.es\/#website","url":"https:\/\/newgarden.es\/","name":"Newgarden","description":"Be happy","potentialAction":[{"@type":"SearchAction","target":{"@type":"EntryPoint","urlTemplate":"https:\/\/newgarden.es\/?s={search_term_string}"},"query-input":{"@type":"PropertyValueSpecification","valueRequired":true,"valueName":"search_term_string"}}],"inLanguage":"fr-FR"}]}},"df_price":33.6,"df_sale_price":"","df_regular_price":33.6,"df_image_link":"https:\/\/newgarden.es\/wp-content\/uploads\/2020\/03\/LOLA_SLIM_30_BATTERY_1200X1200-38-580x400.jpg","_links":{"self":[{"href":"https:\/\/newgarden.es\/fr\/wp-json\/wp\/v2\/product\/26736"}],"collection":[{"href":"https:\/\/newgarden.es\/fr\/wp-json\/wp\/v2\/product"}],"about":[{"href":"https:\/\/newgarden.es\/fr\/wp-json\/wp\/v2\/types\/product"}],"wp:featuredmedia":[{"embeddable":true,"href":"https:\/\/newgarden.es\/fr\/wp-json\/wp\/v2\/media\/61266"}],"wp:attachment":[{"href":"https:\/\/newgarden.es\/fr\/wp-json\/wp\/v2\/media?parent=26736"}],"wp:term":[{"taxonomy":"product_cat","embeddable":true,"href":"https:\/\/newgarden.es\/fr\/wp-json\/wp\/v2\/product_cat?post=26736"},{"taxonomy":"product_tag","embeddable":true,"href":"https:\/\/newgarden.es\/fr\/wp-json\/wp\/v2\/product_tag?post=26736"}],"curies":[{"name":"wp","href":"https:\/\/api.w.org\/{rel}","templated":true}]}}